{"id":654,"date":"2018-05-22T14:21:30","date_gmt":"2018-05-22T17:21:30","guid":{"rendered":"https:\/\/www.odonto.ufmg.br\/traumatismo\/?page_id=654"},"modified":"2023-05-16T10:49:28","modified_gmt":"2023-05-16T13:49:28","slug":"galeria","status":"publish","type":"page","link":"https:\/\/www.odonto.ufmg.br\/traumatismo\/galeria\/","title":{"rendered":"Galeria de Fotos"},"content":{"rendered":"\n<style type=\"text\/css\" data-created_by=\"avia_inline_auto\" id=\"style-css-av-29jox2-40e4fe5d1d6f86d46403a1ebe7783ebd\">\n.avia-section.av-29jox2-40e4fe5d1d6f86d46403a1ebe7783ebd{\nbackground-color:#af1818;\nbackground-image:unset;\n}\n.avia-section.av-29jox2-40e4fe5d1d6f86d46403a1ebe7783ebd .av-extra-border-element .av-extra-border-inner{\nbackground-color:#af1818;\n}\n<\/style>\n<div id='av_section_1'  class='avia-section av-29jox2-40e4fe5d1d6f86d46403a1ebe7783ebd main_color avia-section-default avia-no-border-styling  avia-builder-el-0  el_before_av_layout_row  avia-builder-el-first  avia-bg-style-scroll av-arrow-down-section av-minimum-height av-minimum-height-custom av-height-custom  container_wrap sidebar_right'   data-av_minimum_height_px='430'><div class='container av-section-cont-open' style='height:430px'><main  role=\"main\" itemprop=\"mainContentOfPage\"  class='template-page content  av-content-small alpha units'><div class='post-entry post-entry-type-page post-entry-654'><div class='entry-content-wrapper clearfix'>\n\n<style type=\"text\/css\" data-created_by=\"avia_inline_auto\" id=\"style-css-av-jue2fptw-66544d313a7e7e47d2829bfba0131a2d\">\n#top .av-special-heading.av-jue2fptw-66544d313a7e7e47d2829bfba0131a2d{\npadding-bottom:40px;\ncolor:#ffffff;\nfont-size:72px;\n}\nbody .av-special-heading.av-jue2fptw-66544d313a7e7e47d2829bfba0131a2d .av-special-heading-tag .heading-char{\nfont-size:25px;\n}\n#top #wrap_all .av-special-heading.av-jue2fptw-66544d313a7e7e47d2829bfba0131a2d .av-special-heading-tag{\nfont-size:72px;\n}\n.av-special-heading.av-jue2fptw-66544d313a7e7e47d2829bfba0131a2d .special-heading-inner-border{\nborder-color:#ffffff;\n}\n.av-special-heading.av-jue2fptw-66544d313a7e7e47d2829bfba0131a2d .av-subheading{\nfont-size:20px;\n}\n\n@media only screen and (min-width: 480px) and (max-width: 767px){ \n#top #wrap_all .av-special-heading.av-jue2fptw-66544d313a7e7e47d2829bfba0131a2d .av-special-heading-tag{\nfont-size:0.8em;\n}\n}\n\n@media only screen and (max-width: 479px){ \n#top #wrap_all .av-special-heading.av-jue2fptw-66544d313a7e7e47d2829bfba0131a2d .av-special-heading-tag{\nfont-size:0.8em;\n}\n}\n<\/style>\n<div  class='av-special-heading av-jue2fptw-66544d313a7e7e47d2829bfba0131a2d av-special-heading-h2 custom-color-heading blockquote modern-quote modern-centered  avia-builder-el-1  avia-builder-el-no-sibling  av-inherit-size av-linked-heading'><h2 class='av-special-heading-tag '  itemprop=\"headline\"  >Galeria de Fotos<\/h2><div class=\"special-heading-border\"><div class=\"special-heading-inner-border\"><\/div><\/div><\/div>\n\n<\/div><\/div><\/main><!-- close content main element --><\/div><div class='av-extra-border-element border-extra-arrow-down'><div class='av-extra-border-outer'><div class='av-extra-border-inner'><\/div><\/div><\/div><\/div><div id='av-layout-grid-1'  class='av-layout-grid-container av-13izcu-b9c55ef8e0e5848f210e55f8560d37ab entry-content-wrapper main_color av-flex-cells  avia-builder-el-2  el_after_av_section  avia-builder-el-last  grid-row-not-first  container_wrap sidebar_right'  >\n\n<style type=\"text\/css\" data-created_by=\"avia_inline_auto\" id=\"style-css-av-xz0a6-aa1ca710d2b78d52505764bb484505bc\">\n.flex_cell.av-xz0a6-aa1ca710d2b78d52505764bb484505bc{\nvertical-align:middle;\n}\n.responsive #top #wrap_all .flex_cell.av-xz0a6-aa1ca710d2b78d52505764bb484505bc{\npadding:30px 0px 30px 30px !important;\n}\n<\/style>\n<div class='flex_cell av-xz0a6-aa1ca710d2b78d52505764bb484505bc av-gridrow-cell av_one_fourth no_margin  avia-builder-el-3  el_before_av_cell_one_fourth  avia-builder-el-first  content-align-middle'  ><div class='flex_cell_inner'>\n<style type=\"text\/css\" data-created_by=\"avia_inline_auto\" id=\"style-css-av-jue443h1-3105c8905e61ffbc738064c74173079c\">\n.iconbox.av-jue443h1-3105c8905e61ffbc738064c74173079c .iconbox_icon{\nborder:1px solid #af1818;\ncolor:#af1818;\n}\n.iconbox.av-jue443h1-3105c8905e61ffbc738064c74173079c .iconbox_icon.avia-svg-icon svg:first-child{\nfill:#af1818;\nstroke:#af1818;\n}\n<\/style>\n<article  class='iconbox iconbox_left_content av-jue443h1-3105c8905e61ffbc738064c74173079c  avia-builder-el-4  avia-builder-el-no-sibling '  itemscope=\"itemscope\" itemtype=\"https:\/\/schema.org\/CreativeWork\" ><a href='https:\/\/www.odonto.ufmg.br\/traumatismo\/eventos\/' title='Eventos' aria-label='Eventos'  class='iconbox_icon heading-color avia-iconfont avia-font-entypo-fontello' data-av_icon='\ue8b1' data-av_iconfont='entypo-fontello' title=\"Eventos\" desc=\"Eventos\" ><\/a><div class=\"iconbox_content\"><header class=\"entry-content-header\" aria-label=\"Icon: Eventos\"><h3 class='iconbox_content_title '  itemprop=\"headline\" ><a href='https:\/\/www.odonto.ufmg.br\/traumatismo\/eventos\/' title='Eventos' >Eventos<\/a><\/h3><\/header><div class='iconbox_content_container '  itemprop=\"text\" ><p>O Programa Traumatismos Dent\u00e1rios participa de diversos eventos ao redor do mundo. Acompanhe!<\/p>\n<\/div><\/div><footer class=\"entry-footer\"><\/footer><\/article>\n<\/div><\/div>\n<style type=\"text\/css\" data-created_by=\"avia_inline_auto\" id=\"style-css-av-doel2-879f0c7e15d51c1c35dd889a9da9bf8a\">\n.flex_cell.av-doel2-879f0c7e15d51c1c35dd889a9da9bf8a{\nvertical-align:middle;\n}\n.responsive #top #wrap_all .flex_cell.av-doel2-879f0c7e15d51c1c35dd889a9da9bf8a{\npadding:30px 30px 30px 0 !important;\n}\n<\/style>\n<div class='flex_cell av-doel2-879f0c7e15d51c1c35dd889a9da9bf8a av-gridrow-cell av_one_fourth no_margin  avia-builder-el-5  el_after_av_cell_one_fourth  el_before_av_cell_one_fourth  content-align-middle'  ><div class='flex_cell_inner'>\n<style type=\"text\/css\" data-created_by=\"avia_inline_auto\" id=\"style-css-av-jue46t6f-7bca062bf7d8f7b74062f88cbc691ab9\">\n.iconbox.av-jue46t6f-7bca062bf7d8f7b74062f88cbc691ab9 .iconbox_icon{\nborder:1px solid #af1818;\ncolor:#af1818;\n}\n.iconbox.av-jue46t6f-7bca062bf7d8f7b74062f88cbc691ab9 .iconbox_icon.avia-svg-icon svg:first-child{\nfill:#af1818;\nstroke:#af1818;\n}\n<\/style>\n<article  class='iconbox iconbox_left_content av-jue46t6f-7bca062bf7d8f7b74062f88cbc691ab9  avia-builder-el-6  avia-builder-el-no-sibling '  itemscope=\"itemscope\" itemtype=\"https:\/\/schema.org\/CreativeWork\" ><a href='https:\/\/www.odonto.ufmg.br\/traumatismo\/colonia-de-ferias-da-eeffto-ufmg\/' title='Col\u00f4nia de F\u00e9rias ' aria-label='Col\u00f4nia de F\u00e9rias '  class='iconbox_icon heading-color avia-iconfont avia-font-entypo-fontello' data-av_icon='\ue866' data-av_iconfont='entypo-fontello' title=\"Col\u00f4nia de F\u00e9rias \" desc=\"Col\u00f4nia de F\u00e9rias \" ><\/a><div class=\"iconbox_content\"><header class=\"entry-content-header\" aria-label=\"Icon: Col\u00f4nia de F\u00e9rias \"><h3 class='iconbox_content_title '  itemprop=\"headline\" ><a href='https:\/\/www.odonto.ufmg.br\/traumatismo\/colonia-de-ferias-da-eeffto-ufmg\/' title='Col\u00f4nia de F\u00e9rias ' >Col\u00f4nia de F\u00e9rias <\/a><\/h3><\/header><div class='iconbox_content_container '  itemprop=\"text\" ><p>Participa\u00e7\u00e3o dos bolsistas do Programa na Col\u00f4nia de F\u00e9rias da Escola de Educa\u00e7\u00e3o F\u00edsica, Fisioterapia e Terapia Educacional da UFMG<\/p>\n<\/div><\/div><footer class=\"entry-footer\"><\/footer><\/article>\n<\/div><\/div>\n<style type=\"text\/css\" data-created_by=\"avia_inline_auto\" id=\"style-css-av-f87ue-8201be2d5e12842efc1c86e45cd6d0d3\">\n.flex_cell.av-f87ue-8201be2d5e12842efc1c86e45cd6d0d3{\nvertical-align:top;\n}\n<\/style>\n<div class='flex_cell av-f87ue-8201be2d5e12842efc1c86e45cd6d0d3 av-gridrow-cell av_one_fourth no_margin  avia-builder-el-7  el_after_av_cell_one_fourth  el_before_av_cell_one_fourth  content-align-top'  ><div class='flex_cell_inner'>\n<style type=\"text\/css\" data-created_by=\"avia_inline_auto\" id=\"style-css-av-jue48uj8-565cfb62e1fe90f62d1adf352151ca09\">\n.iconbox.av-jue48uj8-565cfb62e1fe90f62d1adf352151ca09 .iconbox_icon{\nborder:1px solid #af1818;\ncolor:#af1818;\n}\n.iconbox.av-jue48uj8-565cfb62e1fe90f62d1adf352151ca09 .iconbox_icon.avia-svg-icon svg:first-child{\nfill:#af1818;\nstroke:#af1818;\n}\n<\/style>\n<article  class='iconbox iconbox_left_content av-jue48uj8-565cfb62e1fe90f62d1adf352151ca09  avia-builder-el-8  avia-builder-el-no-sibling '  itemscope=\"itemscope\" itemtype=\"https:\/\/schema.org\/CreativeWork\" ><a href='https:\/\/www.odonto.ufmg.br\/traumatismo\/apresentacao-de-trabalhos\/' title='Apresenta\u00e7\u00e3o de Trabalhos' aria-label='Apresenta\u00e7\u00e3o de Trabalhos'  class='iconbox_icon heading-color avia-iconfont avia-font-entypo-fontello' data-av_icon='\ue8c9' data-av_iconfont='entypo-fontello' title=\"Apresenta\u00e7\u00e3o de Trabalhos\" desc=\"Apresenta\u00e7\u00e3o de Trabalhos\" ><\/a><div class=\"iconbox_content\"><header class=\"entry-content-header\" aria-label=\"Icon: Apresenta\u00e7\u00e3o de Trabalhos\"><h3 class='iconbox_content_title '  itemprop=\"headline\" ><a href='https:\/\/www.odonto.ufmg.br\/traumatismo\/apresentacao-de-trabalhos\/' title='Apresenta\u00e7\u00e3o de Trabalhos' >Apresenta\u00e7\u00e3o de Trabalhos<\/a><\/h3><\/header><div class='iconbox_content_container '  itemprop=\"text\" ><p>Apresenta\u00e7\u00e3o em eventos cient\u00edficos, trabalhos de conclus\u00e3o de curso, dentre outros.<\/p>\n<\/div><\/div><footer class=\"entry-footer\"><\/footer><\/article>\n<\/div><\/div>\n<style type=\"text\/css\" data-created_by=\"avia_inline_auto\" id=\"style-css-av-a4uri-5c7cbc4e0f7d712ab75912a92634a263\">\n.flex_cell.av-a4uri-5c7cbc4e0f7d712ab75912a92634a263{\nvertical-align:top;\n}\n<\/style>\n<div class='flex_cell av-a4uri-5c7cbc4e0f7d712ab75912a92634a263 av-gridrow-cell av_one_fourth no_margin  avia-builder-el-9  el_after_av_cell_one_fourth  avia-builder-el-last  content-align-top'  ><div class='flex_cell_inner'>\n<style type=\"text\/css\" data-created_by=\"avia_inline_auto\" id=\"style-css-av-jue4bcs5-6eaefc0417e68531b02280487db24cd5\">\n.iconbox.av-jue4bcs5-6eaefc0417e68531b02280487db24cd5 .iconbox_icon{\nborder:1px solid #af1818;\ncolor:#af1818;\n}\n.iconbox.av-jue4bcs5-6eaefc0417e68531b02280487db24cd5 .iconbox_icon.avia-svg-icon svg:first-child{\nfill:#af1818;\nstroke:#af1818;\n}\n<\/style>\n<article  class='iconbox iconbox_left_content av-jue4bcs5-6eaefc0417e68531b02280487db24cd5  avia-builder-el-10  avia-builder-el-no-sibling '  itemscope=\"itemscope\" itemtype=\"https:\/\/schema.org\/CreativeWork\" ><a href='https:\/\/www.odonto.ufmg.br\/traumatismo\/i-circuito-de-seminarios-integrados-2017\/' title='I Circuito de Semin\u00e1rios Integrados' aria-label='I Circuito de Semin\u00e1rios Integrados'  class='iconbox_icon heading-color avia-iconfont avia-font-entypo-fontello' data-av_icon='\ue80e' data-av_iconfont='entypo-fontello' title=\"I Circuito de Semin\u00e1rios Integrados\" desc=\"I Circuito de Semin\u00e1rios Integrados\" ><\/a><div class=\"iconbox_content\"><header class=\"entry-content-header\" aria-label=\"Icon: I Circuito de Semin\u00e1rios Integrados\"><h3 class='iconbox_content_title '  itemprop=\"headline\" ><a href='https:\/\/www.odonto.ufmg.br\/traumatismo\/i-circuito-de-seminarios-integrados-2017\/' title='I Circuito de Semin\u00e1rios Integrados' >I Circuito de Semin\u00e1rios Integrados<\/a><\/h3><\/header><div class='iconbox_content_container '  itemprop=\"text\" ><p>No segundo semestre de 2017, ocorreu o I Circuito de Semin\u00e1rios Integrados do Programa Traumatismos Dent\u00e1rios da FO-UFMG.<\/p>\n<\/div><\/div><footer class=\"entry-footer\"><\/footer><\/article>\n<\/div><\/div><\/div>\n","protected":false},"excerpt":{"rendered":"","protected":false},"author":1,"featured_media":0,"parent":0,"menu_order":0,"comment_status":"closed","ping_status":"closed","template":"","meta":{"inline_featured_image":false,"footnotes":""},"class_list":["post-654","page","type-page","status-publish","hentry"],"yoast_head":"<!-- This site is optimized with the Yoast SEO plugin v27.3 - https:\/\/yoast.com\/product\/yoast-seo-wordpress\/ -->\n<title>Galeria de Fotos - Programa Traumatismos Dent\u00e1rios - Faculdade de Odontologia da UFMG<\/title>\n<meta name=\"robots\" content=\"index, follow, max-snippet:-1, max-image-preview:large, max-video-preview:-1\" \/>\n<link rel=\"canonical\" href=\"https:\/\/www.odonto.ufmg.br\/traumatismo\/galeria\/\" \/>\n<meta property=\"og:locale\" content=\"pt_BR\" \/>\n<meta property=\"og:type\" content=\"article\" \/>\n<meta property=\"og:title\" content=\"Galeria de Fotos - Programa Traumatismos Dent\u00e1rios - Faculdade de Odontologia da UFMG\" \/>\n<meta property=\"og:url\" content=\"https:\/\/www.odonto.ufmg.br\/traumatismo\/galeria\/\" \/>\n<meta property=\"og:site_name\" content=\"Programa Traumatismos Dent\u00e1rios - Faculdade de Odontologia da UFMG\" \/>\n<meta property=\"article:modified_time\" content=\"2023-05-16T13:49:28+00:00\" \/>\n<meta name=\"twitter:card\" content=\"summary_large_image\" \/>\n<meta name=\"twitter:label1\" content=\"Est. tempo de leitura\" \/>\n\t<meta name=\"twitter:data1\" content=\"6 minutos\" \/>\n<script type=\"application\/ld+json\" class=\"yoast-schema-graph\">{\"@context\":\"https:\\\/\\\/schema.org\",\"@graph\":[{\"@type\":\"WebPage\",\"@id\":\"https:\\\/\\\/www.odonto.ufmg.br\\\/traumatismo\\\/galeria\\\/\",\"url\":\"https:\\\/\\\/www.odonto.ufmg.br\\\/traumatismo\\\/galeria\\\/\",\"name\":\"Galeria de Fotos - Programa Traumatismos Dent\u00e1rios - Faculdade de Odontologia da UFMG\",\"isPartOf\":{\"@id\":\"https:\\\/\\\/www.odonto.ufmg.br\\\/traumatismo\\\/#website\"},\"datePublished\":\"2018-05-22T17:21:30+00:00\",\"dateModified\":\"2023-05-16T13:49:28+00:00\",\"breadcrumb\":{\"@id\":\"https:\\\/\\\/www.odonto.ufmg.br\\\/traumatismo\\\/galeria\\\/#breadcrumb\"},\"inLanguage\":\"pt-BR\",\"potentialAction\":[{\"@type\":\"ReadAction\",\"target\":[\"https:\\\/\\\/www.odonto.ufmg.br\\\/traumatismo\\\/galeria\\\/\"]}]},{\"@type\":\"BreadcrumbList\",\"@id\":\"https:\\\/\\\/www.odonto.ufmg.br\\\/traumatismo\\\/galeria\\\/#breadcrumb\",\"itemListElement\":[{\"@type\":\"ListItem\",\"position\":1,\"name\":\"In\u00edcio\",\"item\":\"https:\\\/\\\/www.odonto.ufmg.br\\\/traumatismo\\\/sample-page\\\/\"},{\"@type\":\"ListItem\",\"position\":2,\"name\":\"Galeria de Fotos\"}]},{\"@type\":\"WebSite\",\"@id\":\"https:\\\/\\\/www.odonto.ufmg.br\\\/traumatismo\\\/#website\",\"url\":\"https:\\\/\\\/www.odonto.ufmg.br\\\/traumatismo\\\/\",\"name\":\"Programa Traumatismos Dent\u00e1rios - Faculdade de Odontologia da UFMG\",\"description\":\"Aqui voc\u00ea encontra todas as informa\u00e7\u00f5es sobre o Programa Traumatismos Dent\u00e1rios da Faculdade de Odontologia da UFMG.\",\"potentialAction\":[{\"@type\":\"SearchAction\",\"target\":{\"@type\":\"EntryPoint\",\"urlTemplate\":\"https:\\\/\\\/www.odonto.ufmg.br\\\/traumatismo\\\/?s={search_term_string}\"},\"query-input\":{\"@type\":\"PropertyValueSpecification\",\"valueRequired\":true,\"valueName\":\"search_term_string\"}}],\"inLanguage\":\"pt-BR\"}]}<\/script>\n<!-- \/ Yoast SEO plugin. -->","yoast_head_json":{"title":"Galeria de Fotos - Programa Traumatismos Dent\u00e1rios - Faculdade de Odontologia da UFMG","robots":{"index":"index","follow":"follow","max-snippet":"max-snippet:-1","max-image-preview":"max-image-preview:large","max-video-preview":"max-video-preview:-1"},"canonical":"https:\/\/www.odonto.ufmg.br\/traumatismo\/galeria\/","og_locale":"pt_BR","og_type":"article","og_title":"Galeria de Fotos - Programa Traumatismos Dent\u00e1rios - Faculdade de Odontologia da UFMG","og_url":"https:\/\/www.odonto.ufmg.br\/traumatismo\/galeria\/","og_site_name":"Programa Traumatismos Dent\u00e1rios - Faculdade de Odontologia da UFMG","article_modified_time":"2023-05-16T13:49:28+00:00","twitter_card":"summary_large_image","twitter_misc":{"Est. tempo de leitura":"6 minutos"},"schema":{"@context":"https:\/\/schema.org","@graph":[{"@type":"WebPage","@id":"https:\/\/www.odonto.ufmg.br\/traumatismo\/galeria\/","url":"https:\/\/www.odonto.ufmg.br\/traumatismo\/galeria\/","name":"Galeria de Fotos - Programa Traumatismos Dent\u00e1rios - Faculdade de Odontologia da UFMG","isPartOf":{"@id":"https:\/\/www.odonto.ufmg.br\/traumatismo\/#website"},"datePublished":"2018-05-22T17:21:30+00:00","dateModified":"2023-05-16T13:49:28+00:00","breadcrumb":{"@id":"https:\/\/www.odonto.ufmg.br\/traumatismo\/galeria\/#breadcrumb"},"inLanguage":"pt-BR","potentialAction":[{"@type":"ReadAction","target":["https:\/\/www.odonto.ufmg.br\/traumatismo\/galeria\/"]}]},{"@type":"BreadcrumbList","@id":"https:\/\/www.odonto.ufmg.br\/traumatismo\/galeria\/#breadcrumb","itemListElement":[{"@type":"ListItem","position":1,"name":"In\u00edcio","item":"https:\/\/www.odonto.ufmg.br\/traumatismo\/sample-page\/"},{"@type":"ListItem","position":2,"name":"Galeria de Fotos"}]},{"@type":"WebSite","@id":"https:\/\/www.odonto.ufmg.br\/traumatismo\/#website","url":"https:\/\/www.odonto.ufmg.br\/traumatismo\/","name":"Programa Traumatismos Dent\u00e1rios - Faculdade de Odontologia da UFMG","description":"Aqui voc\u00ea encontra todas as informa\u00e7\u00f5es sobre o Programa Traumatismos Dent\u00e1rios da Faculdade de Odontologia da UFMG.","potentialAction":[{"@type":"SearchAction","target":{"@type":"EntryPoint","urlTemplate":"https:\/\/www.odonto.ufmg.br\/traumatismo\/?s={search_term_string}"},"query-input":{"@type":"PropertyValueSpecification","valueRequired":true,"valueName":"search_term_string"}}],"inLanguage":"pt-BR"}]}},"_links":{"self":[{"href":"https:\/\/www.odonto.ufmg.br\/traumatismo\/wp-json\/wp\/v2\/pages\/654","targetHints":{"allow":["GET"]}}],"collection":[{"href":"https:\/\/www.odonto.ufmg.br\/traumatismo\/wp-json\/wp\/v2\/pages"}],"about":[{"href":"https:\/\/www.odonto.ufmg.br\/traumatismo\/wp-json\/wp\/v2\/types\/page"}],"author":[{"embeddable":true,"href":"https:\/\/www.odonto.ufmg.br\/traumatismo\/wp-json\/wp\/v2\/users\/1"}],"replies":[{"embeddable":true,"href":"https:\/\/www.odonto.ufmg.br\/traumatismo\/wp-json\/wp\/v2\/comments?post=654"}],"version-history":[{"count":52,"href":"https:\/\/www.odonto.ufmg.br\/traumatismo\/wp-json\/wp\/v2\/pages\/654\/revisions"}],"predecessor-version":[{"id":1778,"href":"https:\/\/www.odonto.ufmg.br\/traumatismo\/wp-json\/wp\/v2\/pages\/654\/revisions\/1778"}],"wp:attachment":[{"href":"https:\/\/www.odonto.ufmg.br\/traumatismo\/wp-json\/wp\/v2\/media?parent=654"}],"curies":[{"name":"wp","href":"https:\/\/api.w.org\/{rel}","templated":true}]}}