{"id":644,"date":"2018-05-22T14:06:29","date_gmt":"2018-05-22T17:06:29","guid":{"rendered":"https:\/\/www.odonto.ufmg.br\/traumatismo\/?page_id=644"},"modified":"2025-07-09T13:53:53","modified_gmt":"2025-07-09T16:53:53","slug":"nossos-projetos","status":"publish","type":"page","link":"https:\/\/www.odonto.ufmg.br\/traumatismo\/nossos-projetos\/","title":{"rendered":"Nossos Projetos"},"content":{"rendered":"\n<style type=\"text\/css\" data-created_by=\"avia_inline_auto\" id=\"style-css-av-67tovw-e51c9351ab85c8248111bf524aa53ac5\">\n.avia-section.av-67tovw-e51c9351ab85c8248111bf524aa53ac5{\nbackground-color:#af1818;\nbackground-image:unset;\n}\n.avia-section.av-67tovw-e51c9351ab85c8248111bf524aa53ac5 .av-extra-border-element .av-extra-border-inner{\nbackground-color:#af1818;\n}\n<\/style>\n<div id='av_section_1'  class='avia-section av-67tovw-e51c9351ab85c8248111bf524aa53ac5 main_color avia-section-no-padding avia-no-border-styling  avia-builder-el-0  el_before_av_layout_row  avia-builder-el-first  avia-bg-style-scroll av-arrow-down-section av-minimum-height av-minimum-height-custom av-height-custom  container_wrap sidebar_right'   data-av_minimum_height_px='430'><div class='container av-section-cont-open' style='height:430px'><main  role=\"main\" itemprop=\"mainContentOfPage\"  class='template-page content  av-content-small alpha units'><div class='post-entry post-entry-type-page post-entry-644'><div class='entry-content-wrapper clearfix'>\n\n<style type=\"text\/css\" data-created_by=\"avia_inline_auto\" id=\"style-css-av-5yxhvo-ecc8beeaa0b0dbb495dffac4580a9608\">\n#top .av-special-heading.av-5yxhvo-ecc8beeaa0b0dbb495dffac4580a9608{\npadding-bottom:40px;\ncolor:#ffffff;\nfont-size:72px;\n}\nbody .av-special-heading.av-5yxhvo-ecc8beeaa0b0dbb495dffac4580a9608 .av-special-heading-tag .heading-char{\nfont-size:25px;\n}\n#top #wrap_all .av-special-heading.av-5yxhvo-ecc8beeaa0b0dbb495dffac4580a9608 .av-special-heading-tag{\nfont-size:72px;\n}\n.av-special-heading.av-5yxhvo-ecc8beeaa0b0dbb495dffac4580a9608 .special-heading-inner-border{\nborder-color:#ffffff;\n}\n.av-special-heading.av-5yxhvo-ecc8beeaa0b0dbb495dffac4580a9608 .av-subheading{\nfont-size:20px;\n}\n\n@media only screen and (min-width: 480px) and (max-width: 767px){ \n#top #wrap_all .av-special-heading.av-5yxhvo-ecc8beeaa0b0dbb495dffac4580a9608 .av-special-heading-tag{\nfont-size:0.8em;\n}\n}\n\n@media only screen and (max-width: 479px){ \n#top #wrap_all .av-special-heading.av-5yxhvo-ecc8beeaa0b0dbb495dffac4580a9608 .av-special-heading-tag{\nfont-size:0.8em;\n}\n}\n<\/style>\n<div  class='av-special-heading av-5yxhvo-ecc8beeaa0b0dbb495dffac4580a9608 av-special-heading-h2 custom-color-heading blockquote modern-quote modern-centered  avia-builder-el-1  avia-builder-el-no-sibling  av-inherit-size'><h2 class='av-special-heading-tag '  itemprop=\"headline\"  >Nossos Projetos<\/h2><div class='av_custom_color av-subheading av-subheading_below'><p>Conhe\u00e7a os dias e hor\u00e1rios de funcionamento dos projetos que fazem parte do nosso programa!<\/p>\n<\/div><div class=\"special-heading-border\"><div class=\"special-heading-inner-border\"><\/div><\/div><\/div>\n\n<\/div><\/div><\/main><!-- close content main element --><\/div><div class='av-extra-border-element border-extra-arrow-down'><div class='av-extra-border-outer'><div class='av-extra-border-inner'><\/div><\/div><\/div><\/div><div id='av-layout-grid-1'  class='av-layout-grid-container av-4tdagc-7a68ca48cc61173c2c6321183b25745c entry-content-wrapper main_color av-flex-cells  avia-builder-el-2  el_after_av_section  el_before_av_layout_row  grid-row-not-first  container_wrap sidebar_right'  >\n\n<style type=\"text\/css\" data-created_by=\"avia_inline_auto\" id=\"style-css-av-4rne24-70e4619612b2fbc735566c0e9fad273d\">\n.flex_cell.av-4rne24-70e4619612b2fbc735566c0e9fad273d{\nvertical-align:top;\n}\n.responsive #top #wrap_all .flex_cell.av-4rne24-70e4619612b2fbc735566c0e9fad273d{\npadding:30px 30px 30px 30px !important;\n}\n<\/style>\n<div class='flex_cell av-4rne24-70e4619612b2fbc735566c0e9fad273d av-gridrow-cell av_one_fifth no_margin  avia-builder-el-3  el_before_av_cell_three_fifth  avia-builder-el-first  content-align-top'  ><div class='flex_cell_inner'><\/div><\/div>\n<style type=\"text\/css\" data-created_by=\"avia_inline_auto\" id=\"style-css-av-gb2r8-775b2285dce5fa627778c7a2c80fbcec\">\n.flex_cell.av-gb2r8-775b2285dce5fa627778c7a2c80fbcec{\nvertical-align:top;\n}\n.responsive #top #wrap_all .flex_cell.av-gb2r8-775b2285dce5fa627778c7a2c80fbcec{\npadding:30px 30px 30px 30px !important;\n}\n<\/style>\n<div class='flex_cell av-gb2r8-775b2285dce5fa627778c7a2c80fbcec av-gridrow-cell av_three_fifth no_margin  avia-builder-el-4  el_after_av_cell_one_fifth  el_before_av_cell_one_fifth  content-align-top'  ><div class='flex_cell_inner'><p>\n<style type=\"text\/css\" data-created_by=\"avia_inline_auto\" id=\"style-css-av-5by6p8-34157e9e9d9905f3f762ca762c3820b1\">\n#top .av-special-heading.av-5by6p8-34157e9e9d9905f3f762ca762c3820b1{\npadding-bottom:10px;\n}\nbody .av-special-heading.av-5by6p8-34157e9e9d9905f3f762ca762c3820b1 .av-special-heading-tag .heading-char{\nfont-size:25px;\n}\n.av-special-heading.av-5by6p8-34157e9e9d9905f3f762ca762c3820b1 .av-subheading{\nfont-size:15px;\n}\n<\/style>\n<div  class='av-special-heading av-5by6p8-34157e9e9d9905f3f762ca762c3820b1 av-special-heading-h2 blockquote modern-quote modern-centered  avia-builder-el-5  el_before_av_textblock  avia-builder-el-first '><h2 class='av-special-heading-tag '  itemprop=\"headline\"  >Projeto <span class='special_amp'>&#8220;<\/span>Cl\u00ednica de Traumatismos Dent\u00e1rios<span class='special_amp'>&#8221;<\/span><\/h2><div class=\"special-heading-border\"><div class=\"special-heading-inner-border\"><\/div><\/div><\/div><br \/>\n\n<style type=\"text\/css\" data-created_by=\"avia_inline_auto\" id=\"style-css-av-mcw6x0gm-e7173a314dae29abd31f2bcfc17db0f5\">\n#top .av_textblock_section.av-mcw6x0gm-e7173a314dae29abd31f2bcfc17db0f5 .avia_textblock{\nfont-size:16px;\n}\n<\/style>\n<section  class='av_textblock_section av-mcw6x0gm-e7173a314dae29abd31f2bcfc17db0f5 '   itemscope=\"itemscope\" itemtype=\"https:\/\/schema.org\/CreativeWork\" ><div class='avia_textblock'  itemprop=\"text\" ><p class=\"font_9\" style=\"text-align: center\"><strong>Funcionamento:<\/strong> Sextas-Feiras, de 14:00 \u00e0s 18:00<\/p>\n<p class=\"font_9\" style=\"text-align: center\"><strong>Local:<\/strong>\u00a0Cl\u00ednica 2, FO-UFMG<\/p>\n<p class=\"font_9\" style=\"text-align: center\"><strong>Coordenadora:<\/strong>\u00a0Prof\u00aa Dr\u00aa Juliana Vilela Bastos<\/p>\n<p style=\"text-align: center\"><strong>Informa\u00e7\u00f5es adicionais:\u00a0<\/strong>atendimento de pacientes v\u00edtimas de traumatismos dent\u00e1rios, encaminhados via SUS-BH, visando reabilita\u00e7\u00e3o funcional, est\u00e9tica e social.<\/p>\n<\/div><\/section><\/p>\n<\/div><\/div>\n<style type=\"text\/css\" data-created_by=\"avia_inline_auto\" id=\"style-css-av-ek7n0-bb59612bf0eabbc270ab35da8b9dbf4e\">\n.flex_cell.av-ek7n0-bb59612bf0eabbc270ab35da8b9dbf4e{\nvertical-align:top;\n}\n.responsive #top #wrap_all .flex_cell.av-ek7n0-bb59612bf0eabbc270ab35da8b9dbf4e{\npadding:30px 30px 30px 30px !important;\n}\n<\/style>\n<div class='flex_cell av-ek7n0-bb59612bf0eabbc270ab35da8b9dbf4e av-gridrow-cell av_one_fifth no_margin  avia-builder-el-7  el_after_av_cell_three_fifth  avia-builder-el-last  content-align-top'  ><div class='flex_cell_inner'><\/div><\/div><\/div><div id='av-layout-grid-2'  class='av-layout-grid-container av-av_layout_row-519f4a7e8401cf47038ffcd9bd5dac54 entry-content-wrapper main_color av-flex-cells  avia-builder-el-8  el_after_av_layout_row  el_before_av_layout_row  grid-row-not-first  container_wrap sidebar_right'  >\n\n<style type=\"text\/css\" data-created_by=\"avia_inline_auto\" id=\"style-css-av-av_cell_one_fifth-efec8f249b0dd62d02e8bafa0c002e97\">\n.flex_cell.av-av_cell_one_fifth-efec8f249b0dd62d02e8bafa0c002e97{\nvertical-align:top;\n}\n.responsive #top #wrap_all .flex_cell.av-av_cell_one_fifth-efec8f249b0dd62d02e8bafa0c002e97{\npadding:30px 30px 30px 30px !important;\n}\n<\/style>\n<div class='flex_cell av-av_cell_one_fifth-efec8f249b0dd62d02e8bafa0c002e97 av-gridrow-cell av_one_fifth no_margin  avia-builder-el-9  el_before_av_cell_three_fifth  avia-builder-el-first  content-align-top'  ><div class='flex_cell_inner'><\/div><\/div>\n<style type=\"text\/css\" data-created_by=\"avia_inline_auto\" id=\"style-css-av-av_cell_three_fifth-efec8f249b0dd62d02e8bafa0c002e97\">\n.flex_cell.av-av_cell_three_fifth-efec8f249b0dd62d02e8bafa0c002e97{\nvertical-align:top;\n}\n.responsive #top #wrap_all .flex_cell.av-av_cell_three_fifth-efec8f249b0dd62d02e8bafa0c002e97{\npadding:30px 30px 30px 30px !important;\n}\n<\/style>\n<div class='flex_cell av-av_cell_three_fifth-efec8f249b0dd62d02e8bafa0c002e97 av-gridrow-cell av_three_fifth no_margin  avia-builder-el-10  el_after_av_cell_one_fifth  el_before_av_cell_one_fifth  content-align-top'  ><div class='flex_cell_inner'><p>\n<style type=\"text\/css\" data-created_by=\"avia_inline_auto\" id=\"style-css-av-av_heading-fcd296fea9a79a7134d1e0eacabec1b2\">\n#top .av-special-heading.av-av_heading-fcd296fea9a79a7134d1e0eacabec1b2{\npadding-bottom:10px;\n}\nbody .av-special-heading.av-av_heading-fcd296fea9a79a7134d1e0eacabec1b2 .av-special-heading-tag .heading-char{\nfont-size:25px;\n}\n.av-special-heading.av-av_heading-fcd296fea9a79a7134d1e0eacabec1b2 .av-subheading{\nfont-size:15px;\n}\n<\/style>\n<div  class='av-special-heading av-av_heading-fcd296fea9a79a7134d1e0eacabec1b2 av-special-heading-h2 blockquote modern-quote modern-centered  avia-builder-el-11  el_before_av_textblock  avia-builder-el-first '><h2 class='av-special-heading-tag '  itemprop=\"headline\"  >Projeto <span class='special_amp'>&#8220;<\/span>Atendimento Odontol\u00f3gico a Crian\u00e7as com Traumatismos na Denti\u00e7\u00e3o Dec\u00eddua<span class='special_amp'>&#8221;<\/span><\/h2><div class=\"special-heading-border\"><div class=\"special-heading-inner-border\"><\/div><\/div><\/div><br \/>\n\n<style type=\"text\/css\" data-created_by=\"avia_inline_auto\" id=\"style-css-av-av_textblock-bc063423b306ce9896626870fb66054f\">\n#top .av_textblock_section.av-av_textblock-bc063423b306ce9896626870fb66054f .avia_textblock{\nfont-size:16px;\n}\n<\/style>\n<section  class='av_textblock_section av-av_textblock-bc063423b306ce9896626870fb66054f '   itemscope=\"itemscope\" itemtype=\"https:\/\/schema.org\/CreativeWork\" ><div class='avia_textblock'  itemprop=\"text\" ><p class=\"font_9\" style=\"text-align: center\"><strong>Funcionamento:<\/strong> Sextas-feiras, 14:00 \u00e0s 18:00<\/p>\n<p class=\"font_9\" style=\"text-align: center\"><strong>Local:<\/strong> Cl\u00ednica 4, FO-UFMG<\/p>\n<p class=\"font_9\" style=\"text-align: center\"><strong>Coordenadora:<\/strong>\u00a0Prof\u00aa Dr\u00aa Patr\u00edcia Maria Pereira de Ara\u00fajo Zarzar<\/p>\n<p class=\"font_9\" style=\"text-align: center\"><strong>Informa\u00e7\u00f5es adicionais:<\/strong> atendimento de crian\u00e7as de 0 a 8 anos de idade que tiveram traumatismo na denti\u00e7\u00e3o dec\u00eddua.<\/p>\n<\/div><\/section><\/p>\n<\/div><\/div>\n<style type=\"text\/css\" data-created_by=\"avia_inline_auto\" id=\"style-css-av-av_cell_one_fifth-efec8f249b0dd62d02e8bafa0c002e97\">\n.flex_cell.av-av_cell_one_fifth-efec8f249b0dd62d02e8bafa0c002e97{\nvertical-align:top;\n}\n.responsive #top #wrap_all .flex_cell.av-av_cell_one_fifth-efec8f249b0dd62d02e8bafa0c002e97{\npadding:30px 30px 30px 30px !important;\n}\n<\/style>\n<div class='flex_cell av-av_cell_one_fifth-efec8f249b0dd62d02e8bafa0c002e97 av-gridrow-cell av_one_fifth no_margin  avia-builder-el-13  el_after_av_cell_three_fifth  avia-builder-el-last  content-align-top'  ><div class='flex_cell_inner'><\/div><\/div><\/div><div id='av-layout-grid-3'  class='av-layout-grid-container av-1ezdg-45153b36f8bc3e6d082551f225ad5cd6 entry-content-wrapper main_color av-flex-cells  avia-builder-el-14  el_after_av_layout_row  el_before_av_layout_row  grid-row-not-first  container_wrap sidebar_right'  >\n\n<style type=\"text\/css\" data-created_by=\"avia_inline_auto\" id=\"style-css-av-3s2s7g-88b6dc953c27f5cb8922d9814951c735\">\n.flex_cell.av-3s2s7g-88b6dc953c27f5cb8922d9814951c735{\nvertical-align:top;\n}\n.responsive #top #wrap_all .flex_cell.av-3s2s7g-88b6dc953c27f5cb8922d9814951c735{\npadding:30px 30px 30px 30px !important;\n}\n<\/style>\n<div class='flex_cell av-3s2s7g-88b6dc953c27f5cb8922d9814951c735 av-gridrow-cell av_one_fifth no_margin  avia-builder-el-15  el_before_av_cell_three_fifth  avia-builder-el-first  content-align-top'  ><div class='flex_cell_inner'><\/div><\/div>\n<style type=\"text\/css\" data-created_by=\"avia_inline_auto\" id=\"style-css-av-3m7x5o-a6e8f82b2acb948b5e3ee2706d108144\">\n.flex_cell.av-3m7x5o-a6e8f82b2acb948b5e3ee2706d108144{\nvertical-align:top;\n}\n.responsive #top #wrap_all .flex_cell.av-3m7x5o-a6e8f82b2acb948b5e3ee2706d108144{\npadding:30px 30px 30px 30px !important;\n}\n<\/style>\n<div class='flex_cell av-3m7x5o-a6e8f82b2acb948b5e3ee2706d108144 av-gridrow-cell av_three_fifth no_margin  avia-builder-el-16  el_after_av_cell_one_fifth  el_before_av_cell_one_fifth  content-align-top'  ><div class='flex_cell_inner'><p>\n<style type=\"text\/css\" data-created_by=\"avia_inline_auto\" id=\"style-css-av-3dqu4s-449bf4659a926e77714ab8a4ca84f8f8\">\n#top .av-special-heading.av-3dqu4s-449bf4659a926e77714ab8a4ca84f8f8{\npadding-bottom:10px;\n}\nbody .av-special-heading.av-3dqu4s-449bf4659a926e77714ab8a4ca84f8f8 .av-special-heading-tag .heading-char{\nfont-size:25px;\n}\n.av-special-heading.av-3dqu4s-449bf4659a926e77714ab8a4ca84f8f8 .av-subheading{\nfont-size:15px;\n}\n<\/style>\n<div  class='av-special-heading av-3dqu4s-449bf4659a926e77714ab8a4ca84f8f8 av-special-heading-h2 blockquote modern-quote modern-centered  avia-builder-el-17  el_before_av_textblock  avia-builder-el-first '><h2 class='av-special-heading-tag '  itemprop=\"headline\"  >Projeto <span class='special_amp'>&#8220;<\/span>Restaura\u00e7\u00f5es de Dentes Traumatizados<span class='special_amp'>&#8221;<\/span><\/h2><div class=\"special-heading-border\"><div class=\"special-heading-inner-border\"><\/div><\/div><\/div><br \/>\n\n<style type=\"text\/css\" data-created_by=\"avia_inline_auto\" id=\"style-css-av-373zd8-45fffec3259ee520bcc93d60db649a52\">\n#top .av_textblock_section.av-373zd8-45fffec3259ee520bcc93d60db649a52 .avia_textblock{\nfont-size:16px;\n}\n<\/style>\n<section  class='av_textblock_section av-373zd8-45fffec3259ee520bcc93d60db649a52 '   itemscope=\"itemscope\" itemtype=\"https:\/\/schema.org\/CreativeWork\" ><div class='avia_textblock'  itemprop=\"text\" ><p class=\"font_9\" style=\"text-align: center\"><strong>Funcionamento:\u00a0<\/strong>Quintas-Feiras, de 18:30 \u00e0s 21:30<\/p>\n<p class=\"font_9\" style=\"text-align: center\"><strong>Local:\u00a0<\/strong>Cl\u00ednica 1, FO-UFMG<\/p>\n<p class=\"font_9\" style=\"text-align: center\"><strong>Coordenador:\u00a0<\/strong>Prof. Dr. Rodrigo de Castro Albuquerque<\/p>\n<p style=\"text-align: center\"><strong>Informa\u00e7\u00f5es adicionais:\u00a0<\/strong>reconstitui\u00e7\u00e3o e reestabelecimento da est\u00e9tica em pacientes v\u00edtimas de traumatismo dent\u00e1rio atendidos no PTD FAO UFMG.<\/p>\n<\/div><\/section><\/p>\n<\/div><\/div>\n<style type=\"text\/css\" data-created_by=\"avia_inline_auto\" id=\"style-css-av-323wcc-2fccc30031f75538e952791a08f95f55\">\n.flex_cell.av-323wcc-2fccc30031f75538e952791a08f95f55{\nvertical-align:top;\n}\n.responsive #top #wrap_all .flex_cell.av-323wcc-2fccc30031f75538e952791a08f95f55{\npadding:30px 30px 30px 30px !important;\n}\n<\/style>\n<div class='flex_cell av-323wcc-2fccc30031f75538e952791a08f95f55 av-gridrow-cell av_one_fifth no_margin  avia-builder-el-19  el_after_av_cell_three_fifth  avia-builder-el-last  content-align-top'  ><div class='flex_cell_inner'><\/div><\/div><\/div><div id='av-layout-grid-4'  class='av-layout-grid-container av-qtgo4-fd70d27dab8e562f785fde13a9eac67a entry-content-wrapper main_color av-flex-cells  avia-builder-el-20  el_after_av_layout_row  avia-builder-el-last  grid-row-not-first  container_wrap sidebar_right'  >\n\n<style type=\"text\/css\" data-created_by=\"avia_inline_auto\" id=\"style-css-av-l167o-054e946f4afd9946f9dc162234236e5d\">\n.flex_cell.av-l167o-054e946f4afd9946f9dc162234236e5d{\nvertical-align:top;\n}\n.responsive #top #wrap_all .flex_cell.av-l167o-054e946f4afd9946f9dc162234236e5d{\npadding:30px 30px 30px 30px !important;\n}\n<\/style>\n<div class='flex_cell av-l167o-054e946f4afd9946f9dc162234236e5d av-gridrow-cell av_one_fifth no_margin  avia-builder-el-21  el_before_av_cell_three_fifth  avia-builder-el-first  content-align-top'  ><div class='flex_cell_inner'><\/div><\/div>\n<style type=\"text\/css\" data-created_by=\"avia_inline_auto\" id=\"style-css-av-cs6us-63dcd22a5f26bd472fb9fe3e514a7a4f\">\n.flex_cell.av-cs6us-63dcd22a5f26bd472fb9fe3e514a7a4f{\nvertical-align:top;\n}\n.responsive #top #wrap_all .flex_cell.av-cs6us-63dcd22a5f26bd472fb9fe3e514a7a4f{\npadding:30px 30px 30px 30px !important;\n}\n<\/style>\n<div class='flex_cell av-cs6us-63dcd22a5f26bd472fb9fe3e514a7a4f av-gridrow-cell av_three_fifth no_margin  avia-builder-el-22  el_after_av_cell_one_fifth  el_before_av_cell_one_fifth  content-align-top'  ><div class='flex_cell_inner'><p>\n<style type=\"text\/css\" data-created_by=\"avia_inline_auto\" id=\"style-css-av-lh696eou-92d4dc9978aecf8f23d4ba6f2a8698f6\">\n#top .av-special-heading.av-lh696eou-92d4dc9978aecf8f23d4ba6f2a8698f6{\npadding-bottom:10px;\n}\nbody .av-special-heading.av-lh696eou-92d4dc9978aecf8f23d4ba6f2a8698f6 .av-special-heading-tag .heading-char{\nfont-size:25px;\n}\n.av-special-heading.av-lh696eou-92d4dc9978aecf8f23d4ba6f2a8698f6 .av-subheading{\nfont-size:15px;\n}\n<\/style>\n<div  class='av-special-heading av-lh696eou-92d4dc9978aecf8f23d4ba6f2a8698f6 av-special-heading-h2 blockquote modern-quote modern-centered  avia-builder-el-23  el_before_av_textblock  avia-builder-el-first '><h2 class='av-special-heading-tag '  itemprop=\"headline\"  >Projeto <span class='special_amp'>&#8220;<\/span>Cl\u00ednica de Diagn\u00f3stico por Imagem para Pacientes com Les\u00f5es Traum\u00e1ticas Dento-alveolares<span class='special_amp'>&#8221;<\/span><\/h2><div class=\"special-heading-border\"><div class=\"special-heading-inner-border\"><\/div><\/div><\/div><br \/>\n\n<style type=\"text\/css\" data-created_by=\"avia_inline_auto\" id=\"style-css-av-lh698zzg-7c29263ce0902588f1211c8957906a53\">\n#top .av_textblock_section.av-lh698zzg-7c29263ce0902588f1211c8957906a53 .avia_textblock{\nfont-size:16px;\n}\n<\/style>\n<section  class='av_textblock_section av-lh698zzg-7c29263ce0902588f1211c8957906a53 '   itemscope=\"itemscope\" itemtype=\"https:\/\/schema.org\/CreativeWork\" ><div class='avia_textblock'  itemprop=\"text\" ><p class=\"font_9\" style=\"text-align: center\"><strong>Funcionamento:<\/strong> Sextas-feiras, de 14:000 \u00e0s 17:00<\/p>\n<p class=\"font_9\" style=\"text-align: center\"><strong>Local:<\/strong> Servi\u00e7o de Radiologia, FO-UFMG<\/p>\n<p class=\"font_9\" style=\"text-align: center\"><strong>Coordenador:<\/strong> Prof\u00aa. Dr\u00aa. T\u00e2nia Mara Pimenta Amaral<\/p>\n<p style=\"text-align: center\"><strong>Informa\u00e7\u00f5es adicionais:\u00a0<\/strong>realiza\u00e7\u00e3o de exames radiogr\u00e1ficos em todas as etapas de tratamento para pacientes portadores de traumatismos dent\u00e1rios atendidos no PTD FAO UFMG.<\/p>\n<\/div><\/section><\/p>\n<\/div><\/div>\n<style type=\"text\/css\" data-created_by=\"avia_inline_auto\" id=\"style-css-av-ak8ro-642254878e5901ba50b0a2bb8da8fcb8\">\n.flex_cell.av-ak8ro-642254878e5901ba50b0a2bb8da8fcb8{\nvertical-align:top;\n}\n.responsive #top #wrap_all .flex_cell.av-ak8ro-642254878e5901ba50b0a2bb8da8fcb8{\npadding:30px 30px 30px 30px !important;\n}\n<\/style>\n<div class='flex_cell av-ak8ro-642254878e5901ba50b0a2bb8da8fcb8 av-gridrow-cell av_one_fifth no_margin  avia-builder-el-25  el_after_av_cell_three_fifth  avia-builder-el-last  content-align-top'  ><div class='flex_cell_inner'><\/div><\/div><\/div><\/p>\n","protected":false},"excerpt":{"rendered":"","protected":false},"author":1,"featured_media":0,"parent":0,"menu_order":0,"comment_status":"closed","ping_status":"closed","template":"","meta":{"inline_featured_image":false,"footnotes":""},"class_list":["post-644","page","type-page","status-publish","hentry"],"yoast_head":"<!-- This site is optimized with the Yoast SEO plugin v27.3 - https:\/\/yoast.com\/product\/yoast-seo-wordpress\/ -->\n<title>Nossos Projetos - Programa Traumatismos Dent\u00e1rios - Faculdade de Odontologia da UFMG<\/title>\n<meta name=\"robots\" content=\"index, follow, max-snippet:-1, max-image-preview:large, max-video-preview:-1\" \/>\n<link rel=\"canonical\" href=\"https:\/\/www.odonto.ufmg.br\/traumatismo\/nossos-projetos\/\" \/>\n<meta property=\"og:locale\" content=\"pt_BR\" \/>\n<meta property=\"og:type\" content=\"article\" \/>\n<meta property=\"og:title\" content=\"Nossos Projetos - Programa Traumatismos Dent\u00e1rios - Faculdade de Odontologia da UFMG\" \/>\n<meta property=\"og:url\" content=\"https:\/\/www.odonto.ufmg.br\/traumatismo\/nossos-projetos\/\" \/>\n<meta property=\"og:site_name\" content=\"Programa Traumatismos Dent\u00e1rios - Faculdade de Odontologia da UFMG\" \/>\n<meta property=\"article:modified_time\" content=\"2025-07-09T16:53:53+00:00\" \/>\n<meta name=\"twitter:card\" content=\"summary_large_image\" \/>\n<meta name=\"twitter:label1\" content=\"Est. tempo de leitura\" \/>\n\t<meta name=\"twitter:data1\" content=\"2 minutos\" \/>\n<script type=\"application\/ld+json\" class=\"yoast-schema-graph\">{\"@context\":\"https:\\\/\\\/schema.org\",\"@graph\":[{\"@type\":\"WebPage\",\"@id\":\"https:\\\/\\\/www.odonto.ufmg.br\\\/traumatismo\\\/nossos-projetos\\\/\",\"url\":\"https:\\\/\\\/www.odonto.ufmg.br\\\/traumatismo\\\/nossos-projetos\\\/\",\"name\":\"Nossos Projetos - Programa Traumatismos Dent\u00e1rios - Faculdade de Odontologia da UFMG\",\"isPartOf\":{\"@id\":\"https:\\\/\\\/www.odonto.ufmg.br\\\/traumatismo\\\/#website\"},\"datePublished\":\"2018-05-22T17:06:29+00:00\",\"dateModified\":\"2025-07-09T16:53:53+00:00\",\"breadcrumb\":{\"@id\":\"https:\\\/\\\/www.odonto.ufmg.br\\\/traumatismo\\\/nossos-projetos\\\/#breadcrumb\"},\"inLanguage\":\"pt-BR\",\"potentialAction\":[{\"@type\":\"ReadAction\",\"target\":[\"https:\\\/\\\/www.odonto.ufmg.br\\\/traumatismo\\\/nossos-projetos\\\/\"]}]},{\"@type\":\"BreadcrumbList\",\"@id\":\"https:\\\/\\\/www.odonto.ufmg.br\\\/traumatismo\\\/nossos-projetos\\\/#breadcrumb\",\"itemListElement\":[{\"@type\":\"ListItem\",\"position\":1,\"name\":\"In\u00edcio\",\"item\":\"https:\\\/\\\/www.odonto.ufmg.br\\\/traumatismo\\\/sample-page\\\/\"},{\"@type\":\"ListItem\",\"position\":2,\"name\":\"Nossos Projetos\"}]},{\"@type\":\"WebSite\",\"@id\":\"https:\\\/\\\/www.odonto.ufmg.br\\\/traumatismo\\\/#website\",\"url\":\"https:\\\/\\\/www.odonto.ufmg.br\\\/traumatismo\\\/\",\"name\":\"Programa Traumatismos Dent\u00e1rios - Faculdade de Odontologia da UFMG\",\"description\":\"Aqui voc\u00ea encontra todas as informa\u00e7\u00f5es sobre o Programa Traumatismos Dent\u00e1rios da Faculdade de Odontologia da UFMG.\",\"potentialAction\":[{\"@type\":\"SearchAction\",\"target\":{\"@type\":\"EntryPoint\",\"urlTemplate\":\"https:\\\/\\\/www.odonto.ufmg.br\\\/traumatismo\\\/?s={search_term_string}\"},\"query-input\":{\"@type\":\"PropertyValueSpecification\",\"valueRequired\":true,\"valueName\":\"search_term_string\"}}],\"inLanguage\":\"pt-BR\"}]}<\/script>\n<!-- \/ Yoast SEO plugin. -->","yoast_head_json":{"title":"Nossos Projetos - Programa Traumatismos Dent\u00e1rios - Faculdade de Odontologia da UFMG","robots":{"index":"index","follow":"follow","max-snippet":"max-snippet:-1","max-image-preview":"max-image-preview:large","max-video-preview":"max-video-preview:-1"},"canonical":"https:\/\/www.odonto.ufmg.br\/traumatismo\/nossos-projetos\/","og_locale":"pt_BR","og_type":"article","og_title":"Nossos Projetos - Programa Traumatismos Dent\u00e1rios - Faculdade de Odontologia da UFMG","og_url":"https:\/\/www.odonto.ufmg.br\/traumatismo\/nossos-projetos\/","og_site_name":"Programa Traumatismos Dent\u00e1rios - Faculdade de Odontologia da UFMG","article_modified_time":"2025-07-09T16:53:53+00:00","twitter_card":"summary_large_image","twitter_misc":{"Est. tempo de leitura":"2 minutos"},"schema":{"@context":"https:\/\/schema.org","@graph":[{"@type":"WebPage","@id":"https:\/\/www.odonto.ufmg.br\/traumatismo\/nossos-projetos\/","url":"https:\/\/www.odonto.ufmg.br\/traumatismo\/nossos-projetos\/","name":"Nossos Projetos - Programa Traumatismos Dent\u00e1rios - Faculdade de Odontologia da UFMG","isPartOf":{"@id":"https:\/\/www.odonto.ufmg.br\/traumatismo\/#website"},"datePublished":"2018-05-22T17:06:29+00:00","dateModified":"2025-07-09T16:53:53+00:00","breadcrumb":{"@id":"https:\/\/www.odonto.ufmg.br\/traumatismo\/nossos-projetos\/#breadcrumb"},"inLanguage":"pt-BR","potentialAction":[{"@type":"ReadAction","target":["https:\/\/www.odonto.ufmg.br\/traumatismo\/nossos-projetos\/"]}]},{"@type":"BreadcrumbList","@id":"https:\/\/www.odonto.ufmg.br\/traumatismo\/nossos-projetos\/#breadcrumb","itemListElement":[{"@type":"ListItem","position":1,"name":"In\u00edcio","item":"https:\/\/www.odonto.ufmg.br\/traumatismo\/sample-page\/"},{"@type":"ListItem","position":2,"name":"Nossos Projetos"}]},{"@type":"WebSite","@id":"https:\/\/www.odonto.ufmg.br\/traumatismo\/#website","url":"https:\/\/www.odonto.ufmg.br\/traumatismo\/","name":"Programa Traumatismos Dent\u00e1rios - Faculdade de Odontologia da UFMG","description":"Aqui voc\u00ea encontra todas as informa\u00e7\u00f5es sobre o Programa Traumatismos Dent\u00e1rios da Faculdade de Odontologia da UFMG.","potentialAction":[{"@type":"SearchAction","target":{"@type":"EntryPoint","urlTemplate":"https:\/\/www.odonto.ufmg.br\/traumatismo\/?s={search_term_string}"},"query-input":{"@type":"PropertyValueSpecification","valueRequired":true,"valueName":"search_term_string"}}],"inLanguage":"pt-BR"}]}},"_links":{"self":[{"href":"https:\/\/www.odonto.ufmg.br\/traumatismo\/wp-json\/wp\/v2\/pages\/644","targetHints":{"allow":["GET"]}}],"collection":[{"href":"https:\/\/www.odonto.ufmg.br\/traumatismo\/wp-json\/wp\/v2\/pages"}],"about":[{"href":"https:\/\/www.odonto.ufmg.br\/traumatismo\/wp-json\/wp\/v2\/types\/page"}],"author":[{"embeddable":true,"href":"https:\/\/www.odonto.ufmg.br\/traumatismo\/wp-json\/wp\/v2\/users\/1"}],"replies":[{"embeddable":true,"href":"https:\/\/www.odonto.ufmg.br\/traumatismo\/wp-json\/wp\/v2\/comments?post=644"}],"version-history":[{"count":19,"href":"https:\/\/www.odonto.ufmg.br\/traumatismo\/wp-json\/wp\/v2\/pages\/644\/revisions"}],"predecessor-version":[{"id":1964,"href":"https:\/\/www.odonto.ufmg.br\/traumatismo\/wp-json\/wp\/v2\/pages\/644\/revisions\/1964"}],"wp:attachment":[{"href":"https:\/\/www.odonto.ufmg.br\/traumatismo\/wp-json\/wp\/v2\/media?parent=644"}],"curies":[{"name":"wp","href":"https:\/\/api.w.org\/{rel}","templated":true}]}}