{"id":19,"date":"2018-05-09T16:28:58","date_gmt":"2018-05-09T19:28:58","guid":{"rendered":"https:\/\/www.odonto.ufmg.br\/traumatismo\/?page_id=19"},"modified":"2018-05-09T16:28:58","modified_gmt":"2018-05-09T19:28:58","slug":"sobre","status":"publish","type":"page","link":"https:\/\/www.odonto.ufmg.br\/traumatismo\/sobre\/","title":{"rendered":"Sobre"},"content":{"rendered":"<p>O Programa Traumatismos Dent\u00e1rios da Faculdade de Odontologia da UFMG teve in\u00edcio no ano de 1986, por meio da funda\u00e7\u00e3o da Cl\u00ednica de Traumatismos Dent\u00e1rios, idealizada pela professora Maria Ilma Cortes e a ent\u00e3o aluna de gradua\u00e7\u00e3o (hoje Professora e Coordenadora do Programa) Juliana Vilela Bastos. A Cl\u00ednica de Traumatismos Dent\u00e1rios surgiu com o prop\u00f3sito de dar apoio e atendimento aos pacientes portadores de les\u00f5es traum\u00e1ticas dent\u00e1rias no munic\u00edpio de Belo Horizonte.<\/p>\n<p><img decoding=\"async\" class=\"size-medium wp-image-21 aligncenter\" src=\"https:\/\/www.odonto.ufmg.br\/traumatismo\/wp-content\/uploads\/sites\/21\/2018\/05\/ju-e-maria-ilma-300x234.jpg\" alt=\"\" width=\"300\" height=\"234\" srcset=\"https:\/\/www.odonto.ufmg.br\/traumatismo\/wp-content\/uploads\/sites\/21\/2018\/05\/ju-e-maria-ilma-300x234.jpg 300w, https:\/\/www.odonto.ufmg.br\/traumatismo\/wp-content\/uploads\/sites\/21\/2018\/05\/ju-e-maria-ilma.jpg 408w\" sizes=\"(max-width: 300px) 100vw, 300px\" \/><\/p>\n<h6 style=\"text-align: center\">Figura 1: Prof\u00aa Maria Ilma Cortes (\u00e0 esquerda) e Prof\u00aa Juliana Vilela Bastos (\u00e0 direita), ent\u00e3o aluna de gradua\u00e7\u00e3o<\/h6>\n<p>No ano de 1990, foi elaborada a primeira cartilha do projeto, visando a\u00e7\u00f5es de promo\u00e7\u00e3o de sa\u00fade. O conte\u00fado da cartilha cont\u00e9m informa\u00e7\u00f5es sobre medidas de preven\u00e7\u00e3o aos traumas dent\u00e1rios, cuidados imediatos frente a acidentes e orienta\u00e7\u00f5es aos pacientes e pais ou respons\u00e1veis.<\/p>\n<p><img decoding=\"async\" class=\"size-medium wp-image-24 aligncenter\" src=\"https:\/\/www.odonto.ufmg.br\/traumatismo\/wp-content\/uploads\/sites\/21\/2018\/05\/carrtilha-227x300.jpg\" alt=\"\" width=\"227\" height=\"300\" srcset=\"https:\/\/www.odonto.ufmg.br\/traumatismo\/wp-content\/uploads\/sites\/21\/2018\/05\/carrtilha-227x300.jpg 227w, https:\/\/www.odonto.ufmg.br\/traumatismo\/wp-content\/uploads\/sites\/21\/2018\/05\/carrtilha.jpg 330w\" sizes=\"(max-width: 227px) 100vw, 227px\" \/><\/p>\n<h6 style=\"text-align: center\">Figura 2: Capa da cartilha \u201cCuidados e Orienta\u00e7\u00e3o em Traumatismo Dent\u00e1rio\u201d, lan\u00e7ada em 1990<\/h6>\n<p>No ano de 1993, a Cl\u00ednica de Traumatismos Dent\u00e1rios foi oficializada como Projeto de Extens\u00e3o, se consolidando como centro de refer\u00eancia na assist\u00eancia integral ao paciente portador de LTD que recebe o primeiro atendimento emergencial no Hospital Municipal Odilon Behrens e \u00e9 encaminhado para a FO-UFMG. O projeto Cl\u00ednica de Traumatismos Dent\u00e1rios \u00e9 uma iniciativa pioneira e hoje \u00e9 o centro de refer\u00eancia no atendimento de pacientes portadores de les\u00f5es traum\u00e1ticas dent\u00e1rias no munic\u00edpio de Belo Horizonte.<\/p>\n<p>No ano de 2004, a Cl\u00ednica de Traumatismos Dent\u00e1rios \u00e9 articulada com o projeto Emerg\u00eancias Odontol\u00f3gicas do Hospital Municipal Odilon Behrens, surgindo assim o Programa Traumatismos Dent\u00e1rios. O Programa \u00e9\u00a0uma iniciativa pioneira com o objetivo de melhorar o atendimento, propondo uma assist\u00eancia integral e multidisciplinar ao paciente com traumatismos dent\u00e1rio, minimizando assim o impacto psicossocial do trauma na vida desses pacientes.\u00a0A articula\u00e7\u00e3o dos v\u00e1rios setores da FO-UFMG\u00a0 (ortodontia, dent\u00edstica, endodontia\u2026) teve reflexos positivos na produ\u00e7\u00e3o de conhecimento cient\u00edfico e forma\u00e7\u00e3o acad\u00eamica \u2013 articulando pesquisa, ensino e presta\u00e7\u00e3o de servi\u00e7o.<\/p>\n<p>No ano de 2005, os projetos\u00a0Atendimento Ortod\u00f4ntico Interceptativo a Pacientes com Traumatismos Dent\u00e1rios, Restaura\u00e7\u00e3o de dentes traumatizados e o Atendimento Odontol\u00f3gico a Crian\u00e7a com Traumatismos na Denti\u00e7\u00e3o Dec\u00eddua passaram a integrar o Programa Traumatismos Dent\u00e1rios. A partir de ent\u00e3o, o Programa assumiu uma forma multidisciplinar, capaz de atender o paciente portador de Les\u00e3o Traum\u00e1tica Dent\u00e1ria em todas as suas necessidades.<\/p>\n<p><img decoding=\"async\" class=\"alignnone size-medium wp-image-22\" src=\"https:\/\/www.odonto.ufmg.br\/traumatismo\/wp-content\/uploads\/sites\/21\/2018\/05\/15241357_10210692899420809_7363196870464980103_n-300x190.jpg\" alt=\"\" width=\"300\" height=\"190\" srcset=\"https:\/\/www.odonto.ufmg.br\/traumatismo\/wp-content\/uploads\/sites\/21\/2018\/05\/15241357_10210692899420809_7363196870464980103_n-300x190.jpg 300w, https:\/\/www.odonto.ufmg.br\/traumatismo\/wp-content\/uploads\/sites\/21\/2018\/05\/15241357_10210692899420809_7363196870464980103_n.jpg 424w\" sizes=\"(max-width: 300px) 100vw, 300px\" \/> <img decoding=\"async\" class=\"alignnone size-full wp-image-23\" src=\"https:\/\/www.odonto.ufmg.br\/traumatismo\/wp-content\/uploads\/sites\/21\/2018\/05\/29496906_1568919683157729_3006869954973663232_n.jpg\" alt=\"\" width=\"277\" height=\"190\" \/><\/p>\n<h6 style=\"text-align: center\">Figura 3: Projetos \u201cAtendimento Odontol\u00f3gico a Crian\u00e7a com Traumatismos na Denti\u00e7\u00e3o Dec\u00eddua\u201d e \u201cRestaura\u00e7\u00e3o de dentes traumatizados\u201d<\/h6>\n<p>No ano de 2015, com a aprova\u00e7\u00e3o da proposta Edital MEC ProExt 2016 o Programa passou por um grande salto de qualidade. A aprova\u00e7\u00e3o do edital \u00e9 fruto da constru\u00e7\u00e3o conjunta entre a UFMG e a Secretaria Municipal de Sa\u00fade de Belo Horizonte, tendo como metas a amplia\u00e7\u00e3o das a\u00e7\u00f5es de extens\u00e3o e o\u00a0 fortalecimento do papel multiplicador do programa no enfrentamento do problema do traumatismo dent\u00e1rio no munic\u00edpio de BH.<\/p>\n<p>O Programa, atualmente, possui como alicerces os pilares PRESTA\u00c7\u00c3O DE SERVI\u00c7OS, PROMO\u00c7\u00c3O DE SA\u00daDE e FORMA\u00c7\u00c3O\/CAPACITA\u00c7\u00c3O. No que diz respeito \u00e0 Presta\u00e7\u00e3o de Servi\u00e7os, o paciente recebe o atendimento emergencial no HMOB e, ent\u00e3o, \u00e9 encaminhado \u00e0 FO-UFMG, para receber atendimento na CTD ou na cl\u00ednica de traumatismos em denti\u00e7\u00e3o dec\u00eddua e, de l\u00e1, segue para o atendimento ortod\u00f4ntico, restaurador ou para a implantodontia. Quanto \u00e0 Promo\u00e7\u00e3o de Sa\u00fade, o programa vem, ao longo do tempo, elaborando cartilhas e campanhas educativas sobre traumatismos dent\u00e1rios, oferecendo informa\u00e7\u00f5es relevantes \u00e0 popula\u00e7\u00e3o em geral. Tamb\u00e9m vem sendo desenvolvido nos \u00faltimos anos um trabalho junto \u00e0 Col\u00f4nia de F\u00e9rias da EEFFTO (Escola de Educa\u00e7\u00e3o F\u00edsica, Fisioterapia e Terapia Ocupacional), oferecendo suporte em caso de acidentes e desenvolvendo atividades educativas e promotoras de sa\u00fade junto aos colonos. O site do Programa tamb\u00e9m surge como agente promotor de sa\u00fade, objetivando divulgar as a\u00e7\u00f5es realizadas e tamb\u00e9m informa\u00e7\u00f5es simples sobre atendimento emergencial de trauma dent\u00e1rio, de f\u00e1cil acesso para a popula\u00e7\u00e3o em geral. No que se refere a Forma\u00e7\u00e3o\/Capacita\u00e7\u00e3o, o programa participa de forma efetiva da forma\u00e7\u00e3o de alunos de gradua\u00e7\u00e3o, p\u00f3s-gradua\u00e7\u00e3o, especializa\u00e7\u00e3o e Mestrado, participantes dos diversos projetos integrantes do Programa. Tamb\u00e9m tem uma forte interface com a produ\u00e7\u00e3o cient\u00edfica atrav\u00e9s de levantamentos epidemiol\u00f3gicos, reda\u00e7\u00e3o de cap\u00edtulos de livros, TCC, teses, disserta\u00e7\u00f5es e artigos publicados em revistas. O Programa tamb\u00e9m tem uma parceria importante com o subprojeto TELEODONTOLOGIA\u2013 atuando atrav\u00e9s de teleconfer\u00eancias para capacita\u00e7\u00e3o das equipes de sa\u00fade da fam\u00edlia na \u00e1rea de traumatismos dent\u00e1rios.<\/p>\n<p><img decoding=\"async\" class=\"alignnone wp-image-26\" src=\"https:\/\/www.odonto.ufmg.br\/traumatismo\/wp-content\/uploads\/sites\/21\/2018\/05\/cartilha-2.jpg\" alt=\"\" width=\"242\" height=\"232\" srcset=\"https:\/\/www.odonto.ufmg.br\/traumatismo\/wp-content\/uploads\/sites\/21\/2018\/05\/cartilha-2.jpg 280w, https:\/\/www.odonto.ufmg.br\/traumatismo\/wp-content\/uploads\/sites\/21\/2018\/05\/cartilha-2-36x36.jpg 36w\" sizes=\"(max-width: 242px) 100vw, 242px\" \/>\u00a0<img decoding=\"async\" class=\"alignnone wp-image-27\" src=\"https:\/\/www.odonto.ufmg.br\/traumatismo\/wp-content\/uploads\/sites\/21\/2018\/05\/cartilha-3.jpg\" alt=\"\" width=\"252\" height=\"234\" \/><\/p>\n<p><img decoding=\"async\" class=\"wp-image-25 aligncenter\" src=\"https:\/\/www.odonto.ufmg.br\/traumatismo\/wp-content\/uploads\/sites\/21\/2018\/05\/cartilha1.jpg\" alt=\"\" width=\"440\" height=\"341\" \/><\/p>\n<h6 style=\"text-align: center\">Figura 4: Cartilhas publicadas pelo Projeto \u201cCl\u00ednica de Traumatismos Dent\u00e1rios\u201d<\/h6>\n<p>A aprova\u00e7\u00e3o da proposta EDITAL MEC PROEXT permitiu a cria\u00e7\u00e3o de nova frentes de trabalho no Programa ampliando, organizando e qualificando o atendimento cl\u00ednico. Em julho de 2016 foram selecionados com a verba destinada pela proposta, 21 bolsistas para atuar: na ESTRUTURA\u00c7\u00c3O DOS BANCOS DE DADOS DOS PROJETOS (fornecem informa\u00e7\u00f5es relevantes para pesquisas), NA ESTAT\u00cdSTICA (bolsistas para trabalhar com a parte estat\u00edstica dos bancos de dados); BANCO DE IMAGENS DIGITAIS (parceria com o setor de radiologia da faculdade, adquirindo novos esquipamentos) e a PLATAFORMA INTERATIVA (site).<\/p>\n<p>No ano de 2016 foi refor\u00e7ada a parceria com a equipe de sa\u00fade bucal do SUS-BH por meio de reuni\u00f5es com a coordena\u00e7\u00e3o t\u00e9cnica de sa\u00fade bucal e refer\u00eancias t\u00e9cnicas. Tais reuni\u00f5es discutiram a elabora\u00e7\u00e3o de um protocolo para cuidado em traumatismos dent\u00e1rios e a organiza\u00e7\u00e3o do fluxo da rede de refer\u00eancia e contra-refer\u00eancia para o cuidado integral ao paciente portador de LTD. Al\u00e9m disso, a parceria prop\u00f5e o oferecimento de cursos de capacita\u00e7\u00e3o para as equipes de sa\u00fade bucal e do HMOB e a implementa\u00e7\u00e3o do protocolo, a\u00e7\u00f5es voltadas para a melhoria na qualidade de vida de pacientes portadores de les\u00f5es traum\u00e1ticas dent\u00e1rias (LTD)<\/p>\n<p>Al\u00e9m disso, no ano de 2017, houve o desenvolvimento do I Circuito de Semin\u00e1rios Integrados do Programa Traumatismos Dent\u00e1rios, evento idealizado por alunos do programa, que em uma conversa de rotina relataram sentir falta de conte\u00fados te\u00f3ricos voltados para a \u00e1rea de traumatismos dent\u00e1rios. O evento possui um car\u00e1ter \u00fanico e inovador, ao promover palestras multidisciplinares, depoimentos de bolsistas relacionados \u00e0s suas experi\u00eancias com o programa e a apresenta\u00e7\u00e3o de resultados de pesquisas desenvolvidas no programa.<\/p>\n<p>Com estas a\u00e7\u00f5es, o Programa Traumatismos Dent\u00e1rios estabelece, cada vez mais, uma rela\u00e7\u00e3o consolidada, junto ao SUS-BH e ao HMOB, como centro de refer\u00eancia no atendimento ao paciente com LTD, al\u00e9m de ser tamb\u00e9m fonte de importantes trabalhos de pesquisa e promotor de a\u00e7\u00f5es de extens\u00e3o, em conjunto com outras unidades. Venha conhecer nossos projetos!<\/p>\n<p><img decoding=\"async\" class=\"alignnone wp-image-28\" src=\"https:\/\/www.odonto.ufmg.br\/traumatismo\/wp-content\/uploads\/sites\/21\/2018\/05\/sem-tc3adtulo-5-de-11-300x225.jpg\" alt=\"\" width=\"464\" height=\"348\" srcset=\"https:\/\/www.odonto.ufmg.br\/traumatismo\/wp-content\/uploads\/sites\/21\/2018\/05\/sem-tc3adtulo-5-de-11-300x225.jpg 300w, https:\/\/www.odonto.ufmg.br\/traumatismo\/wp-content\/uploads\/sites\/21\/2018\/05\/sem-tc3adtulo-5-de-11-768x576.jpg 768w, https:\/\/www.odonto.ufmg.br\/traumatismo\/wp-content\/uploads\/sites\/21\/2018\/05\/sem-tc3adtulo-5-de-11-705x529.jpg 705w, https:\/\/www.odonto.ufmg.br\/traumatismo\/wp-content\/uploads\/sites\/21\/2018\/05\/sem-tc3adtulo-5-de-11-450x338.jpg 450w, https:\/\/www.odonto.ufmg.br\/traumatismo\/wp-content\/uploads\/sites\/21\/2018\/05\/sem-tc3adtulo-5-de-11.jpg 821w\" sizes=\"(max-width: 464px) 100vw, 464px\" \/><\/p>\n<h6 style=\"text-align: center\">Figura 5: Atendimento a paciente na Cl\u00ednica de Traumatismos Dent\u00e1rios por alunos de gradua\u00e7\u00e3o<\/h6>\n","protected":false},"excerpt":{"rendered":"<p>O Programa Traumatismos Dent\u00e1rios da Faculdade de Odontologia da UFMG teve in\u00edcio no ano de 1986, por meio da funda\u00e7\u00e3o da Cl\u00ednica de Traumatismos Dent\u00e1rios, idealizada pela professora Maria Ilma Cortes e a ent\u00e3o aluna de gradua\u00e7\u00e3o (hoje Professora e Coordenadora do Programa) Juliana Vilela Bastos. A Cl\u00ednica de Traumatismos Dent\u00e1rios surgiu com o prop\u00f3sito [&hellip;]<\/p>\n","protected":false},"author":1,"featured_media":0,"parent":0,"menu_order":0,"comment_status":"closed","ping_status":"closed","template":"","meta":{"inline_featured_image":false,"footnotes":""},"class_list":["post-19","page","type-page","status-publish","hentry"],"yoast_head":"<!-- This site is optimized with the Yoast SEO plugin v27.3 - https:\/\/yoast.com\/product\/yoast-seo-wordpress\/ -->\n<title>Sobre - Programa Traumatismos Dent\u00e1rios - Faculdade de Odontologia da UFMG<\/title>\n<meta name=\"robots\" content=\"index, follow, max-snippet:-1, max-image-preview:large, max-video-preview:-1\" \/>\n<link rel=\"canonical\" href=\"https:\/\/www.odonto.ufmg.br\/traumatismo\/sobre\/\" \/>\n<meta property=\"og:locale\" content=\"pt_BR\" \/>\n<meta property=\"og:type\" content=\"article\" \/>\n<meta property=\"og:title\" content=\"Sobre - Programa Traumatismos Dent\u00e1rios - Faculdade de Odontologia da UFMG\" \/>\n<meta property=\"og:description\" content=\"O Programa Traumatismos Dent\u00e1rios da Faculdade de Odontologia da UFMG teve in\u00edcio no ano de 1986, por meio da funda\u00e7\u00e3o da Cl\u00ednica de Traumatismos Dent\u00e1rios, idealizada pela professora Maria Ilma Cortes e a ent\u00e3o aluna de gradua\u00e7\u00e3o (hoje Professora e Coordenadora do Programa) Juliana Vilela Bastos. A Cl\u00ednica de Traumatismos Dent\u00e1rios surgiu com o prop\u00f3sito [&hellip;]\" \/>\n<meta property=\"og:url\" content=\"https:\/\/www.odonto.ufmg.br\/traumatismo\/sobre\/\" \/>\n<meta property=\"og:site_name\" content=\"Programa Traumatismos Dent\u00e1rios - Faculdade de Odontologia da UFMG\" \/>\n<meta property=\"og:image\" content=\"https:\/\/www.odonto.ufmg.br\/traumatismo\/wp-content\/uploads\/sites\/21\/2018\/05\/ju-e-maria-ilma-300x234.jpg\" \/>\n<meta name=\"twitter:card\" content=\"summary_large_image\" \/>\n<meta name=\"twitter:label1\" content=\"Est. tempo de leitura\" \/>\n\t<meta name=\"twitter:data1\" content=\"6 minutos\" \/>\n<script type=\"application\/ld+json\" class=\"yoast-schema-graph\">{\"@context\":\"https:\\\/\\\/schema.org\",\"@graph\":[{\"@type\":\"WebPage\",\"@id\":\"https:\\\/\\\/www.odonto.ufmg.br\\\/traumatismo\\\/sobre\\\/\",\"url\":\"https:\\\/\\\/www.odonto.ufmg.br\\\/traumatismo\\\/sobre\\\/\",\"name\":\"Sobre - Programa Traumatismos Dent\u00e1rios - Faculdade de Odontologia da UFMG\",\"isPartOf\":{\"@id\":\"https:\\\/\\\/www.odonto.ufmg.br\\\/traumatismo\\\/#website\"},\"primaryImageOfPage\":{\"@id\":\"https:\\\/\\\/www.odonto.ufmg.br\\\/traumatismo\\\/sobre\\\/#primaryimage\"},\"image\":{\"@id\":\"https:\\\/\\\/www.odonto.ufmg.br\\\/traumatismo\\\/sobre\\\/#primaryimage\"},\"thumbnailUrl\":\"https:\\\/\\\/www.odonto.ufmg.br\\\/traumatismo\\\/wp-content\\\/uploads\\\/sites\\\/21\\\/2018\\\/05\\\/ju-e-maria-ilma-300x234.jpg\",\"datePublished\":\"2018-05-09T19:28:58+00:00\",\"breadcrumb\":{\"@id\":\"https:\\\/\\\/www.odonto.ufmg.br\\\/traumatismo\\\/sobre\\\/#breadcrumb\"},\"inLanguage\":\"pt-BR\",\"potentialAction\":[{\"@type\":\"ReadAction\",\"target\":[\"https:\\\/\\\/www.odonto.ufmg.br\\\/traumatismo\\\/sobre\\\/\"]}]},{\"@type\":\"ImageObject\",\"inLanguage\":\"pt-BR\",\"@id\":\"https:\\\/\\\/www.odonto.ufmg.br\\\/traumatismo\\\/sobre\\\/#primaryimage\",\"url\":\"https:\\\/\\\/www.odonto.ufmg.br\\\/traumatismo\\\/wp-content\\\/uploads\\\/sites\\\/21\\\/2018\\\/05\\\/ju-e-maria-ilma.jpg\",\"contentUrl\":\"https:\\\/\\\/www.odonto.ufmg.br\\\/traumatismo\\\/wp-content\\\/uploads\\\/sites\\\/21\\\/2018\\\/05\\\/ju-e-maria-ilma.jpg\",\"width\":408,\"height\":318},{\"@type\":\"BreadcrumbList\",\"@id\":\"https:\\\/\\\/www.odonto.ufmg.br\\\/traumatismo\\\/sobre\\\/#breadcrumb\",\"itemListElement\":[{\"@type\":\"ListItem\",\"position\":1,\"name\":\"In\u00edcio\",\"item\":\"https:\\\/\\\/www.odonto.ufmg.br\\\/traumatismo\\\/sample-page\\\/\"},{\"@type\":\"ListItem\",\"position\":2,\"name\":\"Sobre\"}]},{\"@type\":\"WebSite\",\"@id\":\"https:\\\/\\\/www.odonto.ufmg.br\\\/traumatismo\\\/#website\",\"url\":\"https:\\\/\\\/www.odonto.ufmg.br\\\/traumatismo\\\/\",\"name\":\"Programa Traumatismos Dent\u00e1rios - Faculdade de Odontologia da UFMG\",\"description\":\"Aqui voc\u00ea encontra todas as informa\u00e7\u00f5es sobre o Programa Traumatismos Dent\u00e1rios da Faculdade de Odontologia da UFMG.\",\"potentialAction\":[{\"@type\":\"SearchAction\",\"target\":{\"@type\":\"EntryPoint\",\"urlTemplate\":\"https:\\\/\\\/www.odonto.ufmg.br\\\/traumatismo\\\/?s={search_term_string}\"},\"query-input\":{\"@type\":\"PropertyValueSpecification\",\"valueRequired\":true,\"valueName\":\"search_term_string\"}}],\"inLanguage\":\"pt-BR\"}]}<\/script>\n<!-- \/ Yoast SEO plugin. -->","yoast_head_json":{"title":"Sobre - Programa Traumatismos Dent\u00e1rios - Faculdade de Odontologia da UFMG","robots":{"index":"index","follow":"follow","max-snippet":"max-snippet:-1","max-image-preview":"max-image-preview:large","max-video-preview":"max-video-preview:-1"},"canonical":"https:\/\/www.odonto.ufmg.br\/traumatismo\/sobre\/","og_locale":"pt_BR","og_type":"article","og_title":"Sobre - Programa Traumatismos Dent\u00e1rios - Faculdade de Odontologia da UFMG","og_description":"O Programa Traumatismos Dent\u00e1rios da Faculdade de Odontologia da UFMG teve in\u00edcio no ano de 1986, por meio da funda\u00e7\u00e3o da Cl\u00ednica de Traumatismos Dent\u00e1rios, idealizada pela professora Maria Ilma Cortes e a ent\u00e3o aluna de gradua\u00e7\u00e3o (hoje Professora e Coordenadora do Programa) Juliana Vilela Bastos. A Cl\u00ednica de Traumatismos Dent\u00e1rios surgiu com o prop\u00f3sito [&hellip;]","og_url":"https:\/\/www.odonto.ufmg.br\/traumatismo\/sobre\/","og_site_name":"Programa Traumatismos Dent\u00e1rios - Faculdade de Odontologia da UFMG","og_image":[{"url":"https:\/\/www.odonto.ufmg.br\/traumatismo\/wp-content\/uploads\/sites\/21\/2018\/05\/ju-e-maria-ilma-300x234.jpg","type":"","width":"","height":""}],"twitter_card":"summary_large_image","twitter_misc":{"Est. tempo de leitura":"6 minutos"},"schema":{"@context":"https:\/\/schema.org","@graph":[{"@type":"WebPage","@id":"https:\/\/www.odonto.ufmg.br\/traumatismo\/sobre\/","url":"https:\/\/www.odonto.ufmg.br\/traumatismo\/sobre\/","name":"Sobre - Programa Traumatismos Dent\u00e1rios - Faculdade de Odontologia da UFMG","isPartOf":{"@id":"https:\/\/www.odonto.ufmg.br\/traumatismo\/#website"},"primaryImageOfPage":{"@id":"https:\/\/www.odonto.ufmg.br\/traumatismo\/sobre\/#primaryimage"},"image":{"@id":"https:\/\/www.odonto.ufmg.br\/traumatismo\/sobre\/#primaryimage"},"thumbnailUrl":"https:\/\/www.odonto.ufmg.br\/traumatismo\/wp-content\/uploads\/sites\/21\/2018\/05\/ju-e-maria-ilma-300x234.jpg","datePublished":"2018-05-09T19:28:58+00:00","breadcrumb":{"@id":"https:\/\/www.odonto.ufmg.br\/traumatismo\/sobre\/#breadcrumb"},"inLanguage":"pt-BR","potentialAction":[{"@type":"ReadAction","target":["https:\/\/www.odonto.ufmg.br\/traumatismo\/sobre\/"]}]},{"@type":"ImageObject","inLanguage":"pt-BR","@id":"https:\/\/www.odonto.ufmg.br\/traumatismo\/sobre\/#primaryimage","url":"https:\/\/www.odonto.ufmg.br\/traumatismo\/wp-content\/uploads\/sites\/21\/2018\/05\/ju-e-maria-ilma.jpg","contentUrl":"https:\/\/www.odonto.ufmg.br\/traumatismo\/wp-content\/uploads\/sites\/21\/2018\/05\/ju-e-maria-ilma.jpg","width":408,"height":318},{"@type":"BreadcrumbList","@id":"https:\/\/www.odonto.ufmg.br\/traumatismo\/sobre\/#breadcrumb","itemListElement":[{"@type":"ListItem","position":1,"name":"In\u00edcio","item":"https:\/\/www.odonto.ufmg.br\/traumatismo\/sample-page\/"},{"@type":"ListItem","position":2,"name":"Sobre"}]},{"@type":"WebSite","@id":"https:\/\/www.odonto.ufmg.br\/traumatismo\/#website","url":"https:\/\/www.odonto.ufmg.br\/traumatismo\/","name":"Programa Traumatismos Dent\u00e1rios - Faculdade de Odontologia da UFMG","description":"Aqui voc\u00ea encontra todas as informa\u00e7\u00f5es sobre o Programa Traumatismos Dent\u00e1rios da Faculdade de Odontologia da UFMG.","potentialAction":[{"@type":"SearchAction","target":{"@type":"EntryPoint","urlTemplate":"https:\/\/www.odonto.ufmg.br\/traumatismo\/?s={search_term_string}"},"query-input":{"@type":"PropertyValueSpecification","valueRequired":true,"valueName":"search_term_string"}}],"inLanguage":"pt-BR"}]}},"_links":{"self":[{"href":"https:\/\/www.odonto.ufmg.br\/traumatismo\/wp-json\/wp\/v2\/pages\/19","targetHints":{"allow":["GET"]}}],"collection":[{"href":"https:\/\/www.odonto.ufmg.br\/traumatismo\/wp-json\/wp\/v2\/pages"}],"about":[{"href":"https:\/\/www.odonto.ufmg.br\/traumatismo\/wp-json\/wp\/v2\/types\/page"}],"author":[{"embeddable":true,"href":"https:\/\/www.odonto.ufmg.br\/traumatismo\/wp-json\/wp\/v2\/users\/1"}],"replies":[{"embeddable":true,"href":"https:\/\/www.odonto.ufmg.br\/traumatismo\/wp-json\/wp\/v2\/comments?post=19"}],"version-history":[{"count":2,"href":"https:\/\/www.odonto.ufmg.br\/traumatismo\/wp-json\/wp\/v2\/pages\/19\/revisions"}],"predecessor-version":[{"id":30,"href":"https:\/\/www.odonto.ufmg.br\/traumatismo\/wp-json\/wp\/v2\/pages\/19\/revisions\/30"}],"wp:attachment":[{"href":"https:\/\/www.odonto.ufmg.br\/traumatismo\/wp-json\/wp\/v2\/media?parent=19"}],"curies":[{"name":"wp","href":"https:\/\/api.w.org\/{rel}","templated":true}]}}