{"id":1338,"date":"2023-05-16T08:36:37","date_gmt":"2023-05-16T11:36:37","guid":{"rendered":"https:\/\/www.odonto.ufmg.br\/traumatismo\/?page_id=1338"},"modified":"2023-05-16T10:22:52","modified_gmt":"2023-05-16T13:22:52","slug":"para-profissionais","status":"publish","type":"page","link":"https:\/\/www.odonto.ufmg.br\/traumatismo\/para-profissionais\/","title":{"rendered":"Para profissionais"},"content":{"rendered":"\n<style type=\"text\/css\" data-created_by=\"avia_inline_auto\" id=\"style-css-av-lhqak6r4-cdc664dd50270099ce2072219480427c\">\n.avia-section.av-lhqak6r4-cdc664dd50270099ce2072219480427c{\nbackground-color:#af1818;\nbackground-image:unset;\n}\n.avia-section.av-lhqak6r4-cdc664dd50270099ce2072219480427c .av-extra-border-element .av-extra-border-inner{\nbackground-color:#af1818;\n}\n<\/style>\n<div id='av_section_1'  class='avia-section av-lhqak6r4-cdc664dd50270099ce2072219480427c main_color avia-section-default avia-no-border-styling  avia-builder-el-0  el_before_av_section  avia-builder-el-first  avia-bg-style-scroll av-arrow-down-section av-minimum-height av-minimum-height-custom av-height-custom  container_wrap sidebar_right'   data-av_minimum_height_px='430'><div class='container av-section-cont-open' style='height:430px'><main  role=\"main\" itemprop=\"mainContentOfPage\"  class='template-page content  av-content-small alpha units'><div class='post-entry post-entry-type-page post-entry-1338'><div class='entry-content-wrapper clearfix'>\n\n<style type=\"text\/css\" data-created_by=\"avia_inline_auto\" id=\"style-css-av-lhqaix5a-80d4b5d7f5a75f5130ac440991f2bf97\">\n#top .av-special-heading.av-lhqaix5a-80d4b5d7f5a75f5130ac440991f2bf97{\npadding-bottom:10px;\ncolor:#ffffff;\nfont-size:72px;\n}\nbody .av-special-heading.av-lhqaix5a-80d4b5d7f5a75f5130ac440991f2bf97 .av-special-heading-tag .heading-char{\nfont-size:25px;\n}\n#top #wrap_all .av-special-heading.av-lhqaix5a-80d4b5d7f5a75f5130ac440991f2bf97 .av-special-heading-tag{\nfont-size:72px;\n}\n.av-special-heading.av-lhqaix5a-80d4b5d7f5a75f5130ac440991f2bf97 .special-heading-inner-border{\nborder-color:#ffffff;\n}\n.av-special-heading.av-lhqaix5a-80d4b5d7f5a75f5130ac440991f2bf97 .av-subheading{\nfont-size:20px;\n}\n\n@media only screen and (min-width: 480px) and (max-width: 767px){ \n#top #wrap_all .av-special-heading.av-lhqaix5a-80d4b5d7f5a75f5130ac440991f2bf97 .av-special-heading-tag{\nfont-size:0.8em;\n}\n}\n\n@media only screen and (max-width: 479px){ \n#top #wrap_all .av-special-heading.av-lhqaix5a-80d4b5d7f5a75f5130ac440991f2bf97 .av-special-heading-tag{\nfont-size:0.8em;\n}\n}\n<\/style>\n<div  class='av-special-heading av-lhqaix5a-80d4b5d7f5a75f5130ac440991f2bf97 av-special-heading-h2 custom-color-heading blockquote modern-quote modern-centered  avia-builder-el-1  avia-builder-el-no-sibling  av-inherit-size'><h2 class='av-special-heading-tag '  itemprop=\"headline\"  >Para profissionais<\/h2><div class=\"special-heading-border\"><div class=\"special-heading-inner-border\"><\/div><\/div><\/div>\n\n<\/div><\/div><\/main><!-- close content main element --><\/div><div class='av-extra-border-element border-extra-arrow-down'><div class='av-extra-border-outer'><div class='av-extra-border-inner'><\/div><\/div><\/div><\/div><div id='av_section_2'  class='avia-section av-3kifyi-3af5cdf8f07dfb109bd72d3334749bf3 main_color avia-section-default avia-no-border-styling  avia-builder-el-2  el_after_av_section  avia-builder-el-last  avia-bg-style-scroll container_wrap sidebar_right'  ><div class='container av-section-cont-open' ><div class='template-page content  av-content-small alpha units'><div class='post-entry post-entry-type-page post-entry-1338'><div class='entry-content-wrapper clearfix'>\n<div  class='flex_column av-2wte2y-dabe1d6fad531e24f927571440cf6eb2 av_one_fourth  avia-builder-el-3  el_before_av_one_fourth  avia-builder-el-first  first flex_column_div  '     ><style type=\"text\/css\" data-created_by=\"avia_inline_auto\" id=\"style-css-av-lhqap33p-4516134f31a671729857c090dc1b09e5\">\n.iconbox.av-lhqap33p-4516134f31a671729857c090dc1b09e5 .iconbox_icon{\nborder:1px solid #af1818;\ncolor:#af1818;\n}\n.iconbox.av-lhqap33p-4516134f31a671729857c090dc1b09e5 .iconbox_icon.avia-svg-icon svg:first-child{\nfill:#af1818;\nstroke:#af1818;\n}\n<\/style>\n<article  class='iconbox iconbox_top av-lhqap33p-4516134f31a671729857c090dc1b09e5 av-no-box  avia-builder-el-4  avia-builder-el-no-sibling '  itemscope=\"itemscope\" itemtype=\"https:\/\/schema.org\/CreativeWork\" ><div class=\"iconbox_content\"><header class=\"entry-content-header\" aria-label=\"Icon: Trabalhos Publicados\"><a href='https:\/\/www.odonto.ufmg.br\/traumatismo\/trabalhos-publicados\/' title='Trabalhos Publicados' aria-label='Trabalhos Publicados'  class='iconbox_icon heading-color avia-iconfont avia-font-entypo-fontello' data-av_icon='\ue849' data-av_iconfont='entypo-fontello' title=\"Trabalhos Publicados\" desc=\"Trabalhos Publicados\" ><\/a><h3 class='iconbox_content_title '  itemprop=\"headline\" ><a href='https:\/\/www.odonto.ufmg.br\/traumatismo\/trabalhos-publicados\/' title='Trabalhos Publicados' >Trabalhos Publicados<\/a><\/h3><\/header><div class='iconbox_content_container '  itemprop=\"text\" ><p>Veja alguns dos nossos trabalhos!<\/p>\n<\/div><\/div><footer class=\"entry-footer\"><\/footer><\/article><\/div><div  class='flex_column av-5i9swq-af86682b61da693ad4b4e96101a3963e av_one_fourth  avia-builder-el-5  el_after_av_one_fourth  el_before_av_one_fourth  flex_column_div  '     ><style type=\"text\/css\" data-created_by=\"avia_inline_auto\" id=\"style-css-av-lhqasuhl-f92bd6cc4908f6cdbb5e7e0e5deb2892\">\n.iconbox.av-lhqasuhl-f92bd6cc4908f6cdbb5e7e0e5deb2892 .iconbox_icon{\nborder:1px solid #af1818;\ncolor:#af1818;\n}\n.iconbox.av-lhqasuhl-f92bd6cc4908f6cdbb5e7e0e5deb2892 .iconbox_icon.avia-svg-icon svg:first-child{\nfill:#af1818;\nstroke:#af1818;\n}\n<\/style>\n<article  class='iconbox iconbox_top av-lhqasuhl-f92bd6cc4908f6cdbb5e7e0e5deb2892 av-no-box  avia-builder-el-6  avia-builder-el-no-sibling '  itemscope=\"itemscope\" itemtype=\"https:\/\/schema.org\/CreativeWork\" ><div class=\"iconbox_content\"><header class=\"entry-content-header\" aria-label=\"Icon: Casos Cl\u00ednicos\"><a href='https:\/\/www.odonto.ufmg.br\/traumatismo\/casos-clinicos\/' title='Casos Cl\u00ednicos' aria-label='Casos Cl\u00ednicos'  class='iconbox_icon heading-color avia-iconfont avia-font-entypo-fontello' data-av_icon='\ue8d2' data-av_iconfont='entypo-fontello' title=\"Casos Cl\u00ednicos\" desc=\"Casos Cl\u00ednicos\" ><\/a><h3 class='iconbox_content_title '  itemprop=\"headline\" ><a href='https:\/\/www.odonto.ufmg.br\/traumatismo\/casos-clinicos\/' title='Casos Cl\u00ednicos' >Casos Cl\u00ednicos<\/a><\/h3><\/header><div class='iconbox_content_container '  itemprop=\"text\" ><p>Casos cl\u00ednicos realizados em nosso Programa<\/p>\n<\/div><\/div><footer class=\"entry-footer\"><\/footer><\/article><\/div><div  class='flex_column av-46x762-0686f97c2ab483bc4bd9a4abc7a5825f av_one_fourth  avia-builder-el-7  el_after_av_one_fourth  el_before_av_one_fourth  flex_column_div  '     ><style type=\"text\/css\" data-created_by=\"avia_inline_auto\" id=\"style-css-av-lhqatlqj-981948bd2bc78e43fa55dccda6036ab6\">\n.iconbox.av-lhqatlqj-981948bd2bc78e43fa55dccda6036ab6 .iconbox_icon{\nborder:1px solid #af1818;\ncolor:#af1818;\n}\n.iconbox.av-lhqatlqj-981948bd2bc78e43fa55dccda6036ab6 .iconbox_icon.avia-svg-icon svg:first-child{\nfill:#af1818;\nstroke:#af1818;\n}\n<\/style>\n<article  class='iconbox iconbox_top av-lhqatlqj-981948bd2bc78e43fa55dccda6036ab6 av-no-box  avia-builder-el-8  avia-builder-el-no-sibling '  itemscope=\"itemscope\" itemtype=\"https:\/\/schema.org\/CreativeWork\" ><div class=\"iconbox_content\"><header class=\"entry-content-header\" aria-label=\"Icon: Curso de Aperfei\u00e7oamento\"><a href='https:\/\/www.odonto.ufmg.br\/traumatismo\/curso-de-aperfeicoamento\/' title='Curso de Aperfei\u00e7oamento' aria-label='Curso de Aperfei\u00e7oamento'  class='iconbox_icon heading-color avia-iconfont avia-font-entypo-fontello' data-av_icon='\ue894' data-av_iconfont='entypo-fontello' title=\"Curso de Aperfei\u00e7oamento\" desc=\"Curso de Aperfei\u00e7oamento\" ><\/a><h3 class='iconbox_content_title '  itemprop=\"headline\" ><a href='https:\/\/www.odonto.ufmg.br\/traumatismo\/curso-de-aperfeicoamento\/' title='Curso de Aperfei\u00e7oamento' >Curso de Aperfei\u00e7oamento<\/a><\/h3><\/header><div class='iconbox_content_container '  itemprop=\"text\" ><p>Em breve mais informa\u00e7\u00f5es!<\/p>\n<\/div><\/div><footer class=\"entry-footer\"><\/footer><\/article><\/div><div  class='flex_column av-237pvu-03c994a364c0916d8bedc2cc2bdb55de av_one_fourth  avia-builder-el-9  el_after_av_one_fourth  avia-builder-el-last  flex_column_div  '     ><style type=\"text\/css\" data-created_by=\"avia_inline_auto\" id=\"style-css-av-lhqav03c-6e83648b97b3e8b0df85b72477207953\">\n.iconbox.av-lhqav03c-6e83648b97b3e8b0df85b72477207953 .iconbox_icon{\nborder:1px solid #af1818;\ncolor:#af1818;\n}\n.iconbox.av-lhqav03c-6e83648b97b3e8b0df85b72477207953 .iconbox_icon.avia-svg-icon svg:first-child{\nfill:#af1818;\nstroke:#af1818;\n}\n<\/style>\n<article  class='iconbox iconbox_top av-lhqav03c-6e83648b97b3e8b0df85b72477207953 av-no-box  avia-builder-el-10  avia-builder-el-no-sibling '  itemscope=\"itemscope\" itemtype=\"https:\/\/schema.org\/CreativeWork\" ><div class=\"iconbox_content\"><header class=\"entry-content-header\" aria-label=\"Icon: Outros\"><a href='https:\/\/www.odonto.ufmg.br\/traumatismo\/trabalhos-publicados\/' title='Outros' aria-label='Outros'  class='iconbox_icon heading-color avia-iconfont avia-font-entypo-fontello' data-av_icon='\ue812' data-av_iconfont='entypo-fontello' title=\"Outros\" desc=\"Outros\" ><\/a><h3 class='iconbox_content_title '  itemprop=\"headline\" ><a href='https:\/\/www.odonto.ufmg.br\/traumatismo\/trabalhos-publicados\/' title='Outros' >Outros<\/a><\/h3><\/header><div class='iconbox_content_container '  itemprop=\"text\" ><p>Aulas e resenhas<\/p>\n<\/div><\/div><footer class=\"entry-footer\"><\/footer><\/article><\/div><\/div><\/div><\/div><!-- close content main div --><\/div><\/div><div id='after_section_2'  class='main_color av_default_container_wrap container_wrap sidebar_right'  ><div class='container av-section-cont-open' ><div class='template-page content  av-content-small alpha units'><div class='post-entry post-entry-type-page post-entry-1338'><div class='entry-content-wrapper clearfix'>\n","protected":false},"excerpt":{"rendered":"","protected":false},"author":56,"featured_media":0,"parent":0,"menu_order":0,"comment_status":"closed","ping_status":"closed","template":"","meta":{"inline_featured_image":false,"footnotes":""},"class_list":["post-1338","page","type-page","status-publish","hentry"],"yoast_head":"<!-- This site is optimized with the Yoast SEO plugin v27.3 - https:\/\/yoast.com\/product\/yoast-seo-wordpress\/ -->\n<title>Para profissionais - Programa Traumatismos Dent\u00e1rios - Faculdade de Odontologia da UFMG<\/title>\n<meta name=\"robots\" content=\"index, follow, max-snippet:-1, max-image-preview:large, max-video-preview:-1\" \/>\n<link rel=\"canonical\" href=\"https:\/\/www.odonto.ufmg.br\/traumatismo\/para-profissionais\/\" \/>\n<meta property=\"og:locale\" content=\"pt_BR\" \/>\n<meta property=\"og:type\" content=\"article\" \/>\n<meta property=\"og:title\" content=\"Para profissionais - Programa Traumatismos Dent\u00e1rios - Faculdade de Odontologia da UFMG\" \/>\n<meta property=\"og:url\" content=\"https:\/\/www.odonto.ufmg.br\/traumatismo\/para-profissionais\/\" \/>\n<meta property=\"og:site_name\" content=\"Programa Traumatismos Dent\u00e1rios - Faculdade de Odontologia da UFMG\" \/>\n<meta property=\"article:modified_time\" content=\"2023-05-16T13:22:52+00:00\" \/>\n<meta name=\"twitter:card\" content=\"summary_large_image\" \/>\n<meta name=\"twitter:label1\" content=\"Est. tempo de leitura\" \/>\n\t<meta name=\"twitter:data1\" content=\"10 minutos\" \/>\n<script type=\"application\/ld+json\" class=\"yoast-schema-graph\">{\"@context\":\"https:\\\/\\\/schema.org\",\"@graph\":[{\"@type\":\"WebPage\",\"@id\":\"https:\\\/\\\/www.odonto.ufmg.br\\\/traumatismo\\\/para-profissionais\\\/\",\"url\":\"https:\\\/\\\/www.odonto.ufmg.br\\\/traumatismo\\\/para-profissionais\\\/\",\"name\":\"Para profissionais - Programa Traumatismos Dent\u00e1rios - Faculdade de Odontologia da UFMG\",\"isPartOf\":{\"@id\":\"https:\\\/\\\/www.odonto.ufmg.br\\\/traumatismo\\\/#website\"},\"datePublished\":\"2023-05-16T11:36:37+00:00\",\"dateModified\":\"2023-05-16T13:22:52+00:00\",\"breadcrumb\":{\"@id\":\"https:\\\/\\\/www.odonto.ufmg.br\\\/traumatismo\\\/para-profissionais\\\/#breadcrumb\"},\"inLanguage\":\"pt-BR\",\"potentialAction\":[{\"@type\":\"ReadAction\",\"target\":[\"https:\\\/\\\/www.odonto.ufmg.br\\\/traumatismo\\\/para-profissionais\\\/\"]}]},{\"@type\":\"BreadcrumbList\",\"@id\":\"https:\\\/\\\/www.odonto.ufmg.br\\\/traumatismo\\\/para-profissionais\\\/#breadcrumb\",\"itemListElement\":[{\"@type\":\"ListItem\",\"position\":1,\"name\":\"In\u00edcio\",\"item\":\"https:\\\/\\\/www.odonto.ufmg.br\\\/traumatismo\\\/sample-page\\\/\"},{\"@type\":\"ListItem\",\"position\":2,\"name\":\"Para profissionais\"}]},{\"@type\":\"WebSite\",\"@id\":\"https:\\\/\\\/www.odonto.ufmg.br\\\/traumatismo\\\/#website\",\"url\":\"https:\\\/\\\/www.odonto.ufmg.br\\\/traumatismo\\\/\",\"name\":\"Programa Traumatismos Dent\u00e1rios - Faculdade de Odontologia da UFMG\",\"description\":\"Aqui voc\u00ea encontra todas as informa\u00e7\u00f5es sobre o Programa Traumatismos Dent\u00e1rios da Faculdade de Odontologia da UFMG.\",\"potentialAction\":[{\"@type\":\"SearchAction\",\"target\":{\"@type\":\"EntryPoint\",\"urlTemplate\":\"https:\\\/\\\/www.odonto.ufmg.br\\\/traumatismo\\\/?s={search_term_string}\"},\"query-input\":{\"@type\":\"PropertyValueSpecification\",\"valueRequired\":true,\"valueName\":\"search_term_string\"}}],\"inLanguage\":\"pt-BR\"}]}<\/script>\n<!-- \/ Yoast SEO plugin. -->","yoast_head_json":{"title":"Para profissionais - Programa Traumatismos Dent\u00e1rios - Faculdade de Odontologia da UFMG","robots":{"index":"index","follow":"follow","max-snippet":"max-snippet:-1","max-image-preview":"max-image-preview:large","max-video-preview":"max-video-preview:-1"},"canonical":"https:\/\/www.odonto.ufmg.br\/traumatismo\/para-profissionais\/","og_locale":"pt_BR","og_type":"article","og_title":"Para profissionais - Programa Traumatismos Dent\u00e1rios - Faculdade de Odontologia da UFMG","og_url":"https:\/\/www.odonto.ufmg.br\/traumatismo\/para-profissionais\/","og_site_name":"Programa Traumatismos Dent\u00e1rios - Faculdade de Odontologia da UFMG","article_modified_time":"2023-05-16T13:22:52+00:00","twitter_card":"summary_large_image","twitter_misc":{"Est. tempo de leitura":"10 minutos"},"schema":{"@context":"https:\/\/schema.org","@graph":[{"@type":"WebPage","@id":"https:\/\/www.odonto.ufmg.br\/traumatismo\/para-profissionais\/","url":"https:\/\/www.odonto.ufmg.br\/traumatismo\/para-profissionais\/","name":"Para profissionais - Programa Traumatismos Dent\u00e1rios - Faculdade de Odontologia da UFMG","isPartOf":{"@id":"https:\/\/www.odonto.ufmg.br\/traumatismo\/#website"},"datePublished":"2023-05-16T11:36:37+00:00","dateModified":"2023-05-16T13:22:52+00:00","breadcrumb":{"@id":"https:\/\/www.odonto.ufmg.br\/traumatismo\/para-profissionais\/#breadcrumb"},"inLanguage":"pt-BR","potentialAction":[{"@type":"ReadAction","target":["https:\/\/www.odonto.ufmg.br\/traumatismo\/para-profissionais\/"]}]},{"@type":"BreadcrumbList","@id":"https:\/\/www.odonto.ufmg.br\/traumatismo\/para-profissionais\/#breadcrumb","itemListElement":[{"@type":"ListItem","position":1,"name":"In\u00edcio","item":"https:\/\/www.odonto.ufmg.br\/traumatismo\/sample-page\/"},{"@type":"ListItem","position":2,"name":"Para profissionais"}]},{"@type":"WebSite","@id":"https:\/\/www.odonto.ufmg.br\/traumatismo\/#website","url":"https:\/\/www.odonto.ufmg.br\/traumatismo\/","name":"Programa Traumatismos Dent\u00e1rios - Faculdade de Odontologia da UFMG","description":"Aqui voc\u00ea encontra todas as informa\u00e7\u00f5es sobre o Programa Traumatismos Dent\u00e1rios da Faculdade de Odontologia da UFMG.","potentialAction":[{"@type":"SearchAction","target":{"@type":"EntryPoint","urlTemplate":"https:\/\/www.odonto.ufmg.br\/traumatismo\/?s={search_term_string}"},"query-input":{"@type":"PropertyValueSpecification","valueRequired":true,"valueName":"search_term_string"}}],"inLanguage":"pt-BR"}]}},"_links":{"self":[{"href":"https:\/\/www.odonto.ufmg.br\/traumatismo\/wp-json\/wp\/v2\/pages\/1338","targetHints":{"allow":["GET"]}}],"collection":[{"href":"https:\/\/www.odonto.ufmg.br\/traumatismo\/wp-json\/wp\/v2\/pages"}],"about":[{"href":"https:\/\/www.odonto.ufmg.br\/traumatismo\/wp-json\/wp\/v2\/types\/page"}],"author":[{"embeddable":true,"href":"https:\/\/www.odonto.ufmg.br\/traumatismo\/wp-json\/wp\/v2\/users\/56"}],"replies":[{"embeddable":true,"href":"https:\/\/www.odonto.ufmg.br\/traumatismo\/wp-json\/wp\/v2\/comments?post=1338"}],"version-history":[{"count":6,"href":"https:\/\/www.odonto.ufmg.br\/traumatismo\/wp-json\/wp\/v2\/pages\/1338\/revisions"}],"predecessor-version":[{"id":1389,"href":"https:\/\/www.odonto.ufmg.br\/traumatismo\/wp-json\/wp\/v2\/pages\/1338\/revisions\/1389"}],"wp:attachment":[{"href":"https:\/\/www.odonto.ufmg.br\/traumatismo\/wp-json\/wp\/v2\/media?parent=1338"}],"curies":[{"name":"wp","href":"https:\/\/api.w.org\/{rel}","templated":true}]}}