{"id":1696,"date":"2022-01-25T11:34:52","date_gmt":"2022-01-25T14:34:52","guid":{"rendered":"https:\/\/www.odonto.ufmg.br\/teleodonto\/?page_id=1696"},"modified":"2023-03-03T12:51:57","modified_gmt":"2023-03-03T15:51:57","slug":"ortodontia","status":"publish","type":"page","link":"https:\/\/www.odonto.ufmg.br\/teleodontologia\/ortodontia\/","title":{"rendered":"Ortodontia"},"content":{"rendered":"<div id='av_section_1'  class='avia-section av-42hyf4-e05dbf3e139599ea2b1ae8fe6b7db3d1 main_color avia-section-small avia-no-border-styling  avia-builder-el-0  el_before_av_icongrid  avia-builder-el-first  avia-bg-style-scroll container_wrap fullsize'  ><div class='container av-section-cont-open' ><main  role=\"main\" itemprop=\"mainContentOfPage\"  class='template-page content  av-content-full alpha units'><div class='post-entry post-entry-type-page post-entry-1696'><div class='entry-content-wrapper clearfix'>\n\n<style type=\"text\/css\" data-created_by=\"avia_inline_auto\" id=\"style-css-av-kyu8auud-2daf563c2207c07277d069bf74af096b\">\n#top .av-special-heading.av-kyu8auud-2daf563c2207c07277d069bf74af096b{\npadding-bottom:10px;\ncolor:#000000;\nfont-size:40px;\n}\nbody .av-special-heading.av-kyu8auud-2daf563c2207c07277d069bf74af096b .av-special-heading-tag .heading-char{\nfont-size:25px;\n}\n#top #wrap_all .av-special-heading.av-kyu8auud-2daf563c2207c07277d069bf74af096b .av-special-heading-tag{\nfont-size:40px;\n}\n.av-special-heading.av-kyu8auud-2daf563c2207c07277d069bf74af096b .special-heading-inner-border{\nborder-color:#000000;\n}\n.av-special-heading.av-kyu8auud-2daf563c2207c07277d069bf74af096b .av-subheading{\nfont-size:15px;\n}\n\n@media only screen and (min-width: 480px) and (max-width: 767px){ \n#top #wrap_all .av-special-heading.av-kyu8auud-2daf563c2207c07277d069bf74af096b .av-special-heading-tag{\nfont-size:0.8em;\n}\n}\n\n@media only screen and (max-width: 479px){ \n#top #wrap_all .av-special-heading.av-kyu8auud-2daf563c2207c07277d069bf74af096b .av-special-heading-tag{\nfont-size:0.8em;\n}\n}\n<\/style>\n<div  class='av-special-heading av-kyu8auud-2daf563c2207c07277d069bf74af096b av-special-heading-h1 custom-color-heading blockquote modern-quote modern-centered  avia-builder-el-1  el_before_av_hr  avia-builder-el-first  av-inherit-size'><h1 class='av-special-heading-tag '  itemprop=\"headline\"  >Ortodontia<\/h1><div class=\"special-heading-border\"><div class=\"special-heading-inner-border\"><\/div><\/div><\/div>\n\n<style type=\"text\/css\" data-created_by=\"avia_inline_auto\" id=\"style-css-av-2de0w0-0be969bf16bd679eff0f7b1f5b092630\">\n#top .hr.av-2de0w0-0be969bf16bd679eff0f7b1f5b092630{\nmargin-top:0px;\nmargin-bottom:5px;\n}\n.hr.av-2de0w0-0be969bf16bd679eff0f7b1f5b092630 .hr-inner{\nwidth:100px;\nborder-color:#02989e;\n}\n<\/style>\n<div  class='hr av-2de0w0-0be969bf16bd679eff0f7b1f5b092630 hr-custom  avia-builder-el-2  el_after_av_heading  avia-builder-el-last  hr-center hr-icon-no'><span class='hr-inner inner-border-av-border-fat'><span class=\"hr-inner-style\"><\/span><\/span><\/div>\n<\/div><\/div><\/main><!-- close content main element --><\/div><\/div><div id='after_section_1'  class='main_color av_default_container_wrap container_wrap fullsize'  ><div class='container av-section-cont-open' ><div class='template-page content  av-content-full alpha units'><div class='post-entry post-entry-type-page post-entry-1696'><div class='entry-content-wrapper clearfix'>\n\n<style type=\"text\/css\" data-created_by=\"avia_inline_auto\" id=\"style-css-av-kyu8ftih-5e2ca0177274a01d9a75e9736adadb2f\">\n.avia-icon-grid-container.av-kyu8ftih-5e2ca0177274a01d9a75e9736adadb2f .avia-icongrid{\njustify-content:space-between;\n}\n<\/style>\n<div  class='avia-icon-grid-container av-kyu8ftih-5e2ca0177274a01d9a75e9736adadb2f  avia-builder-el-3  el_after_av_section  avia-builder-el-no-sibling ' ><ul id='avia-icongrid-69fb9b3a64bbe' class='avia-icongrid clearfix avia_animate_when_almost_visible avia-icongrid-tooltip avia-icongrid-numrow-5 avia-cell-space-between av-flex-cells av-break-767 av-can-break-50'>\n<li class='av-icon-cell-item av-row-with-5-cells av-row-nr-1 av-cell-1 av-first-cell-row av-first-cell-item'><a href='https:\/\/www.youtube.com\/watch?v=vp3ZohFCipo' title='Preven\u00e7\u00e3o e Diagn\u00f3stico Precoce na Ortodontia'  class='avia-icongrid-wrapper av-lespdnvl-bd9cc32450f38c5ca35889bdaf5f5f12'><article class='article-icon-entry '  itemscope=\"itemscope\" itemtype=\"https:\/\/schema.org\/CreativeWork\" ><div class='avia-icongrid-front '><div class=\"avia-icongrid-inner\"><div class='avia-icongrid-icon'><span class='icongrid-char avia-iconfont avia-font-entypo-fontello' data-av_icon='\ue80d' data-av_iconfont='entypo-fontello' ><\/span><\/div><header class=\"entry-content-header\" aria-label=\"Icon: Preven\u00e7\u00e3o e Diagn\u00f3stico Precoce na Ortodontia\"><h4 class='av_icongrid_title icongrid_title '  itemprop=\"headline\" >Preven\u00e7\u00e3o e Diagn\u00f3stico Precoce na Ortodontia<\/h4><\/header><\/div><\/div><div class='avia-icongrid-content' data-class-flipback=''><div class=\"avia-icongrid-inner\"><div class='avia-icongrid-text'  itemprop=\"text\" ><p>Grid Content goes here<\/p>\n<\/div><\/div><\/div><\/article><\/a><\/li>\n<li class='av-icon-cell-item av-row-with-5-cells av-row-nr-1 av-cell-2 av-first-cell-row av-inner-cell-item'><a href='https:\/\/www.youtube.com\/watch?v=OQbBnF5Psjo' title='A import\u00e2ncia dos princ\u00edpios da Oclus\u00e3o da Pr\u00e1tica Odontol\u00f3gica'  class='avia-icongrid-wrapper av-lespdnvl-5fa35eacb3dc9f99f43413802f544fe6'><article class='article-icon-entry '  itemscope=\"itemscope\" itemtype=\"https:\/\/schema.org\/CreativeWork\" ><div class='avia-icongrid-front '><div class=\"avia-icongrid-inner\"><div class='avia-icongrid-icon'><span class='icongrid-char avia-iconfont avia-font-entypo-fontello' data-av_icon='\ue80d' data-av_iconfont='entypo-fontello' ><\/span><\/div><header class=\"entry-content-header\" aria-label=\"Icon: A import\u00e2ncia dos princ\u00edpios da Oclus\u00e3o da Pr\u00e1tica Odontol\u00f3gica\"><h4 class='av_icongrid_title icongrid_title '  itemprop=\"headline\" >A import\u00e2ncia dos princ\u00edpios da Oclus\u00e3o da Pr\u00e1tica Odontol\u00f3gica<\/h4><\/header><\/div><\/div><div class='avia-icongrid-content' data-class-flipback=''><div class=\"avia-icongrid-inner\"><div class='avia-icongrid-text'  itemprop=\"text\" ><p>Grid Content goes here<\/p>\n<\/div><\/div><\/div><\/article><\/a><\/li>\n<\/ul><\/div>\n","protected":false},"excerpt":{"rendered":"","protected":false},"author":5,"featured_media":0,"parent":0,"menu_order":0,"comment_status":"closed","ping_status":"closed","template":"","meta":{"inline_featured_image":false,"footnotes":""},"class_list":["post-1696","page","type-page","status-publish","hentry"],"yoast_head":"<!-- This site is optimized with the Yoast SEO plugin v27.5 - https:\/\/yoast.com\/product\/yoast-seo-wordpress\/ -->\n<title>Ortodontia - Projeto Teleodontologia<\/title>\n<meta name=\"robots\" content=\"index, follow, max-snippet:-1, max-image-preview:large, max-video-preview:-1\" \/>\n<link rel=\"canonical\" href=\"https:\/\/www.odonto.ufmg.br\/teleodontologia\/ortodontia\/\" \/>\n<meta property=\"og:locale\" content=\"pt_BR\" \/>\n<meta property=\"og:type\" content=\"article\" \/>\n<meta property=\"og:title\" content=\"Ortodontia - Projeto Teleodontologia\" \/>\n<meta property=\"og:url\" content=\"https:\/\/www.odonto.ufmg.br\/teleodontologia\/ortodontia\/\" \/>\n<meta property=\"og:site_name\" content=\"Projeto Teleodontologia\" \/>\n<meta property=\"article:modified_time\" content=\"2023-03-03T15:51:57+00:00\" \/>\n<meta name=\"twitter:card\" content=\"summary_large_image\" \/>\n<meta name=\"twitter:label1\" content=\"Est. tempo de leitura\" \/>\n\t<meta name=\"twitter:data1\" content=\"6 minutos\" \/>\n<script type=\"application\/ld+json\" class=\"yoast-schema-graph\">{\"@context\":\"https:\\\/\\\/schema.org\",\"@graph\":[{\"@type\":\"WebPage\",\"@id\":\"https:\\\/\\\/www.odonto.ufmg.br\\\/teleodontologia\\\/ortodontia\\\/\",\"url\":\"https:\\\/\\\/www.odonto.ufmg.br\\\/teleodontologia\\\/ortodontia\\\/\",\"name\":\"Ortodontia - Projeto Teleodontologia\",\"isPartOf\":{\"@id\":\"https:\\\/\\\/www.odonto.ufmg.br\\\/teleodontologia\\\/#website\"},\"datePublished\":\"2022-01-25T14:34:52+00:00\",\"dateModified\":\"2023-03-03T15:51:57+00:00\",\"breadcrumb\":{\"@id\":\"https:\\\/\\\/www.odonto.ufmg.br\\\/teleodontologia\\\/ortodontia\\\/#breadcrumb\"},\"inLanguage\":\"pt-BR\",\"potentialAction\":[{\"@type\":\"ReadAction\",\"target\":[\"https:\\\/\\\/www.odonto.ufmg.br\\\/teleodontologia\\\/ortodontia\\\/\"]}]},{\"@type\":\"BreadcrumbList\",\"@id\":\"https:\\\/\\\/www.odonto.ufmg.br\\\/teleodontologia\\\/ortodontia\\\/#breadcrumb\",\"itemListElement\":[{\"@type\":\"ListItem\",\"position\":1,\"name\":\"In\u00edcio\",\"item\":\"https:\\\/\\\/www.odonto.ufmg.br\\\/teleodontologia\\\/home\\\/\"},{\"@type\":\"ListItem\",\"position\":2,\"name\":\"Ortodontia\"}]},{\"@type\":\"WebSite\",\"@id\":\"https:\\\/\\\/www.odonto.ufmg.br\\\/teleodontologia\\\/#website\",\"url\":\"https:\\\/\\\/www.odonto.ufmg.br\\\/teleodontologia\\\/\",\"name\":\"Projeto Teleodontologia\",\"description\":\"Biblioteca Virtual\",\"potentialAction\":[{\"@type\":\"SearchAction\",\"target\":{\"@type\":\"EntryPoint\",\"urlTemplate\":\"https:\\\/\\\/www.odonto.ufmg.br\\\/teleodontologia\\\/?s={search_term_string}\"},\"query-input\":{\"@type\":\"PropertyValueSpecification\",\"valueRequired\":true,\"valueName\":\"search_term_string\"}}],\"inLanguage\":\"pt-BR\"}]}<\/script>\n<!-- \/ Yoast SEO plugin. -->","yoast_head_json":{"title":"Ortodontia - Projeto Teleodontologia","robots":{"index":"index","follow":"follow","max-snippet":"max-snippet:-1","max-image-preview":"max-image-preview:large","max-video-preview":"max-video-preview:-1"},"canonical":"https:\/\/www.odonto.ufmg.br\/teleodontologia\/ortodontia\/","og_locale":"pt_BR","og_type":"article","og_title":"Ortodontia - Projeto Teleodontologia","og_url":"https:\/\/www.odonto.ufmg.br\/teleodontologia\/ortodontia\/","og_site_name":"Projeto Teleodontologia","article_modified_time":"2023-03-03T15:51:57+00:00","twitter_card":"summary_large_image","twitter_misc":{"Est. tempo de leitura":"6 minutos"},"schema":{"@context":"https:\/\/schema.org","@graph":[{"@type":"WebPage","@id":"https:\/\/www.odonto.ufmg.br\/teleodontologia\/ortodontia\/","url":"https:\/\/www.odonto.ufmg.br\/teleodontologia\/ortodontia\/","name":"Ortodontia - Projeto Teleodontologia","isPartOf":{"@id":"https:\/\/www.odonto.ufmg.br\/teleodontologia\/#website"},"datePublished":"2022-01-25T14:34:52+00:00","dateModified":"2023-03-03T15:51:57+00:00","breadcrumb":{"@id":"https:\/\/www.odonto.ufmg.br\/teleodontologia\/ortodontia\/#breadcrumb"},"inLanguage":"pt-BR","potentialAction":[{"@type":"ReadAction","target":["https:\/\/www.odonto.ufmg.br\/teleodontologia\/ortodontia\/"]}]},{"@type":"BreadcrumbList","@id":"https:\/\/www.odonto.ufmg.br\/teleodontologia\/ortodontia\/#breadcrumb","itemListElement":[{"@type":"ListItem","position":1,"name":"In\u00edcio","item":"https:\/\/www.odonto.ufmg.br\/teleodontologia\/home\/"},{"@type":"ListItem","position":2,"name":"Ortodontia"}]},{"@type":"WebSite","@id":"https:\/\/www.odonto.ufmg.br\/teleodontologia\/#website","url":"https:\/\/www.odonto.ufmg.br\/teleodontologia\/","name":"Projeto Teleodontologia","description":"Biblioteca Virtual","potentialAction":[{"@type":"SearchAction","target":{"@type":"EntryPoint","urlTemplate":"https:\/\/www.odonto.ufmg.br\/teleodontologia\/?s={search_term_string}"},"query-input":{"@type":"PropertyValueSpecification","valueRequired":true,"valueName":"search_term_string"}}],"inLanguage":"pt-BR"}]}},"_links":{"self":[{"href":"https:\/\/www.odonto.ufmg.br\/teleodontologia\/wp-json\/wp\/v2\/pages\/1696","targetHints":{"allow":["GET"]}}],"collection":[{"href":"https:\/\/www.odonto.ufmg.br\/teleodontologia\/wp-json\/wp\/v2\/pages"}],"about":[{"href":"https:\/\/www.odonto.ufmg.br\/teleodontologia\/wp-json\/wp\/v2\/types\/page"}],"author":[{"embeddable":true,"href":"https:\/\/www.odonto.ufmg.br\/teleodontologia\/wp-json\/wp\/v2\/users\/5"}],"replies":[{"embeddable":true,"href":"https:\/\/www.odonto.ufmg.br\/teleodontologia\/wp-json\/wp\/v2\/comments?post=1696"}],"version-history":[{"count":7,"href":"https:\/\/www.odonto.ufmg.br\/teleodontologia\/wp-json\/wp\/v2\/pages\/1696\/revisions"}],"predecessor-version":[{"id":1975,"href":"https:\/\/www.odonto.ufmg.br\/teleodontologia\/wp-json\/wp\/v2\/pages\/1696\/revisions\/1975"}],"wp:attachment":[{"href":"https:\/\/www.odonto.ufmg.br\/teleodontologia\/wp-json\/wp\/v2\/media?parent=1696"}],"curies":[{"name":"wp","href":"https:\/\/api.w.org\/{rel}","templated":true}]}}