{"id":1681,"date":"2022-01-25T11:33:09","date_gmt":"2022-01-25T14:33:09","guid":{"rendered":"https:\/\/www.odonto.ufmg.br\/teleodonto\/?page_id=1681"},"modified":"2025-06-15T09:16:38","modified_gmt":"2025-06-15T12:16:38","slug":"patologia-bucal-e-estomatologia","status":"publish","type":"page","link":"https:\/\/www.odonto.ufmg.br\/teleodontologia\/patologia-bucal-e-estomatologia\/","title":{"rendered":"Patologia Bucal e Estomatologia"},"content":{"rendered":"<div id='av_section_1'  class='avia-section av-29js0x-052f24f4eee0948b93726ff00f47128b main_color avia-section-small avia-no-border-styling  avia-builder-el-0  el_before_av_icongrid  avia-builder-el-first  avia-bg-style-scroll container_wrap fullsize'  ><div class='container av-section-cont-open' ><main  role=\"main\" itemprop=\"mainContentOfPage\"  class='template-page content  av-content-full alpha units'><div class='post-entry post-entry-type-page post-entry-1681'><div class='entry-content-wrapper clearfix'>\n\n<style type=\"text\/css\" data-created_by=\"avia_inline_auto\" id=\"style-css-av-l3qkdl5r-a8667e364419249271daea44983da746\">\n#top .av-special-heading.av-l3qkdl5r-a8667e364419249271daea44983da746{\npadding-bottom:10px;\ncolor:#000000;\nfont-size:40px;\n}\nbody .av-special-heading.av-l3qkdl5r-a8667e364419249271daea44983da746 .av-special-heading-tag .heading-char{\nfont-size:25px;\n}\n#top #wrap_all .av-special-heading.av-l3qkdl5r-a8667e364419249271daea44983da746 .av-special-heading-tag{\nfont-size:40px;\n}\n.av-special-heading.av-l3qkdl5r-a8667e364419249271daea44983da746 .special-heading-inner-border{\nborder-color:#000000;\n}\n.av-special-heading.av-l3qkdl5r-a8667e364419249271daea44983da746 .av-subheading{\nfont-size:15px;\n}\n\n@media only screen and (min-width: 480px) and (max-width: 767px){ \n#top #wrap_all .av-special-heading.av-l3qkdl5r-a8667e364419249271daea44983da746 .av-special-heading-tag{\nfont-size:0.8em;\n}\n}\n\n@media only screen and (max-width: 479px){ \n#top #wrap_all .av-special-heading.av-l3qkdl5r-a8667e364419249271daea44983da746 .av-special-heading-tag{\nfont-size:0.8em;\n}\n}\n<\/style>\n<div  class='av-special-heading av-l3qkdl5r-a8667e364419249271daea44983da746 av-special-heading-h1 custom-color-heading blockquote modern-quote modern-centered  avia-builder-el-1  el_before_av_hr  avia-builder-el-first  av-inherit-size'><h1 class='av-special-heading-tag '  itemprop=\"headline\"  >Patologia Bucal e Estomatologia<\/h1><div class=\"special-heading-border\"><div class=\"special-heading-inner-border\"><\/div><\/div><\/div>\n\n<style type=\"text\/css\" data-created_by=\"avia_inline_auto\" id=\"style-css-av-kk64k1-4fb5e58d8b106f8078db48a98fa377ea\">\n#top .hr.av-kk64k1-4fb5e58d8b106f8078db48a98fa377ea{\nmargin-top:0px;\nmargin-bottom:5px;\n}\n.hr.av-kk64k1-4fb5e58d8b106f8078db48a98fa377ea .hr-inner{\nwidth:100px;\nborder-color:#02989e;\n}\n<\/style>\n<div  class='hr av-kk64k1-4fb5e58d8b106f8078db48a98fa377ea hr-custom  avia-builder-el-2  el_after_av_heading  avia-builder-el-last  hr-center hr-icon-no'><span class='hr-inner inner-border-av-border-fat'><span class=\"hr-inner-style\"><\/span><\/span><\/div>\n<\/div><\/div><\/main><!-- close content main element --><\/div><\/div><div id='after_section_1'  class='main_color av_default_container_wrap container_wrap fullsize'  ><div class='container av-section-cont-open' ><div class='template-page content  av-content-full alpha units'><div class='post-entry post-entry-type-page post-entry-1681'><div class='entry-content-wrapper clearfix'>\n\n<style type=\"text\/css\" data-created_by=\"avia_inline_auto\" id=\"style-css-av-iuvz9d-3d1a8e1a8b6976326717fd1917391f36\">\n.avia-icon-grid-container.av-iuvz9d-3d1a8e1a8b6976326717fd1917391f36 .avia-icongrid{\njustify-content:space-between;\n}\n<\/style>\n<div  class='avia-icon-grid-container av-iuvz9d-3d1a8e1a8b6976326717fd1917391f36  avia-builder-el-3  el_after_av_section  avia-builder-el-no-sibling ' ><ul id='avia-icongrid-6a06e773453ee' class='avia-icongrid clearfix avia_animate_when_almost_visible avia-icongrid-tooltip avia-icongrid-numrow-5 avia-cell-space-between av-flex-cells av-break-767 av-can-break-50'>\n<li class='av-icon-cell-item av-row-with-5-cells av-row-nr-1 av-cell-1 av-first-cell-row av-first-cell-item'><a href='https:\/\/www.youtube.com\/watch?v=LFMcp_M8-mc' title='Alinhamento T\u00e9cnico Entre os Profissionais da Odontologia Brasileira Vinculados ao SUS'  class='avia-icongrid-wrapper av-gtdl75-a3baa904fc3923b28d1689d1d0da99b0'><article class='article-icon-entry av-icongrid-empty'  itemscope=\"itemscope\" itemtype=\"https:\/\/schema.org\/CreativeWork\" ><div class='avia-icongrid-front '><div class=\"avia-icongrid-inner\"><div class='avia-icongrid-icon'><span class='icongrid-char avia-iconfont avia-font-entypo-fontello' data-av_icon='\ue80d' data-av_iconfont='entypo-fontello' ><\/span><\/div><header class=\"entry-content-header\" aria-label=\"Icon: Alinhamento T\u00e9cnico Entre os Profissionais da Odontologia Brasileira Vinculados ao SUS\"><h4 class='av_icongrid_title icongrid_title '  itemprop=\"headline\" >Alinhamento T\u00e9cnico Entre os Profissionais da Odontologia Brasileira Vinculados ao SUS<\/h4><\/header><\/div><\/div><div class='avia-icongrid-content' data-class-flipback=''><div class=\"avia-icongrid-inner\"><div class='avia-icongrid-text'  itemprop=\"text\" ><\/div><\/div><\/div><\/article><\/a><\/li>\n<li class='av-icon-cell-item av-row-with-5-cells av-row-nr-1 av-cell-2 av-first-cell-row av-inner-cell-item'><a href='https:\/\/www.youtube.com\/watch?v=6u8ZqtxFyBg' title='Websimp\u00f3sio de C\u00e2ncer Bucal'  class='avia-icongrid-wrapper av-ggwrsh-52fbb08afeb7debdb9fa81169dc27539'><article class='article-icon-entry av-icongrid-empty'  itemscope=\"itemscope\" itemtype=\"https:\/\/schema.org\/CreativeWork\" ><div class='avia-icongrid-front '><div class=\"avia-icongrid-inner\"><div class='avia-icongrid-icon'><span class='icongrid-char avia-iconfont avia-font-entypo-fontello' data-av_icon='\ue80d' data-av_iconfont='entypo-fontello' ><\/span><\/div><header class=\"entry-content-header\" aria-label=\"Icon: Websimp\u00f3sio de C\u00e2ncer Bucal\"><h4 class='av_icongrid_title icongrid_title '  itemprop=\"headline\" >Websimp\u00f3sio de C\u00e2ncer Bucal<\/h4><\/header><\/div><\/div><div class='avia-icongrid-content' data-class-flipback=''><div class=\"avia-icongrid-inner\"><div class='avia-icongrid-text'  itemprop=\"text\" ><\/div><\/div><\/div><\/article><\/a><\/li>\n<li class='av-icon-cell-item av-row-with-5-cells av-row-nr-1 av-cell-3 av-first-cell-row av-inner-cell-item'><a href='https:\/\/www.youtube.com\/watch?v=JABYIDNKqfU' title='Websimp\u00f3sio do C\u00e2ncer de Boca'  class='avia-icongrid-wrapper av-eo33g1-efb6bfb0a80a3a81cc833f195ee595ff'><article class='article-icon-entry av-icongrid-empty'  itemscope=\"itemscope\" itemtype=\"https:\/\/schema.org\/CreativeWork\" ><div class='avia-icongrid-front '><div class=\"avia-icongrid-inner\"><div class='avia-icongrid-icon'><span class='icongrid-char avia-iconfont avia-font-entypo-fontello' data-av_icon='\ue80d' data-av_iconfont='entypo-fontello' ><\/span><\/div><header class=\"entry-content-header\" aria-label=\"Icon: Websimp\u00f3sio do C\u00e2ncer de Boca\"><h4 class='av_icongrid_title icongrid_title '  itemprop=\"headline\" >Websimp\u00f3sio do C\u00e2ncer de Boca<\/h4><\/header><\/div><\/div><div class='avia-icongrid-content' data-class-flipback=''><div class=\"avia-icongrid-inner\"><div class='avia-icongrid-text'  itemprop=\"text\" ><\/div><\/div><\/div><\/article><\/a><\/li>\n<li class='av-icon-cell-item av-row-with-5-cells av-row-nr-1 av-cell-4 av-first-cell-row av-inner-cell-item'><a href='https:\/\/www.youtube.com\/watch?v=3qYZovoQGKU' title='Diagn\u00f3stico de les\u00f5es suspeitas: c\u00e2ncer bucal'  class='avia-icongrid-wrapper av-cnt2lt-1cf3d9fa3e548f883191dc0813950ad5'><article class='article-icon-entry av-icongrid-empty'  itemscope=\"itemscope\" itemtype=\"https:\/\/schema.org\/CreativeWork\" ><div class='avia-icongrid-front '><div class=\"avia-icongrid-inner\"><div class='avia-icongrid-icon'><span class='icongrid-char avia-iconfont avia-font-entypo-fontello' data-av_icon='\ue80d' data-av_iconfont='entypo-fontello' ><\/span><\/div><header class=\"entry-content-header\" aria-label=\"Icon: Diagn\u00f3stico de les\u00f5es suspeitas: c\u00e2ncer bucal\"><h4 class='av_icongrid_title icongrid_title '  itemprop=\"headline\" >Diagn\u00f3stico de les\u00f5es suspeitas: c\u00e2ncer bucal<\/h4><\/header><\/div><\/div><div class='avia-icongrid-content' data-class-flipback=''><div class=\"avia-icongrid-inner\"><div class='avia-icongrid-text'  itemprop=\"text\" ><\/div><\/div><\/div><\/article><\/a><\/li>\n<li class='av-icon-cell-item av-row-with-5-cells av-row-nr-1 av-cell-5 av-first-cell-row av-last-cell-item'><a href='https:\/\/www.youtube.com\/watch?v=Bo4JsXQc--Y' title='Les\u00f5es da Mucosa Oral'  class='avia-icongrid-wrapper av-astt1t-56585b74c747068cfa0d0d3c76deb480'><article class='article-icon-entry av-icongrid-empty'  itemscope=\"itemscope\" itemtype=\"https:\/\/schema.org\/CreativeWork\" ><div class='avia-icongrid-front '><div class=\"avia-icongrid-inner\"><div class='avia-icongrid-icon'><span class='icongrid-char avia-iconfont avia-font-entypo-fontello' data-av_icon='\ue80d' data-av_iconfont='entypo-fontello' ><\/span><\/div><header class=\"entry-content-header\" aria-label=\"Icon: Les\u00f5es da Mucosa Oral\"><h4 class='av_icongrid_title icongrid_title '  itemprop=\"headline\" >Les\u00f5es da Mucosa Oral<\/h4><\/header><\/div><\/div><div class='avia-icongrid-content' data-class-flipback=''><div class=\"avia-icongrid-inner\"><div class='avia-icongrid-text'  itemprop=\"text\" ><\/div><\/div><\/div><\/article><\/a><\/li>\n<li class='av-icon-cell-item av-row-with-5-cells av-row-nr-2 av-cell-1 av-next-cell-row av-first-cell-item'><a href='https:\/\/www.youtube.com\/watch?v=B1lggIGWy98&amp;t=1s' title='Principais les\u00f5es da mucosa bucal'  class='avia-icongrid-wrapper av-9nde75-c599558d9aa0bf5c688a4ad42cc19d13'><article class='article-icon-entry av-icongrid-empty'  itemscope=\"itemscope\" itemtype=\"https:\/\/schema.org\/CreativeWork\" ><div class='avia-icongrid-front '><div class=\"avia-icongrid-inner\"><div class='avia-icongrid-icon'><span class='icongrid-char avia-iconfont avia-font-entypo-fontello' data-av_icon='\ue80d' data-av_iconfont='entypo-fontello' ><\/span><\/div><header class=\"entry-content-header\" aria-label=\"Icon: Principais les\u00f5es da mucosa bucal\"><h4 class='av_icongrid_title icongrid_title '  itemprop=\"headline\" >Principais les\u00f5es da mucosa bucal<\/h4><\/header><\/div><\/div><div class='avia-icongrid-content' data-class-flipback=''><div class=\"avia-icongrid-inner\"><div class='avia-icongrid-text'  itemprop=\"text\" ><\/div><\/div><\/div><\/article><\/a><\/li>\n<li class='av-icon-cell-item av-row-with-5-cells av-row-nr-2 av-cell-2 av-next-cell-row av-inner-cell-item'><a href='https:\/\/www.youtube.com\/watch?v=lCeN8OOutE8' title='Altera\u00e7\u00f5es de mucosa e diagn\u00f3stico de c\u00e2ncer bucal'  class='avia-icongrid-wrapper av-7e9q69-3dd90aa3aa361019a8a0b627af88edfa'><article class='article-icon-entry av-icongrid-empty'  itemscope=\"itemscope\" itemtype=\"https:\/\/schema.org\/CreativeWork\" ><div class='avia-icongrid-front '><div class=\"avia-icongrid-inner\"><div class='avia-icongrid-icon'><span class='icongrid-char avia-iconfont avia-font-entypo-fontello' data-av_icon='\ue80d' data-av_iconfont='entypo-fontello' ><\/span><\/div><header class=\"entry-content-header\" aria-label=\"Icon: Altera\u00e7\u00f5es de mucosa e diagn\u00f3stico de c\u00e2ncer bucal\"><h4 class='av_icongrid_title icongrid_title '  itemprop=\"headline\" >Altera\u00e7\u00f5es de mucosa e diagn\u00f3stico de c\u00e2ncer bucal<\/h4><\/header><\/div><\/div><div class='avia-icongrid-content' data-class-flipback=''><div class=\"avia-icongrid-inner\"><div class='avia-icongrid-text'  itemprop=\"text\" ><\/div><\/div><\/div><\/article><\/a><\/li>\n<li class='av-icon-cell-item av-row-with-5-cells av-row-nr-2 av-cell-3 av-next-cell-row av-inner-cell-item'><a href='https:\/\/www.youtube.com\/watch?v=wi-5RYJstcQ' title='Biopsias de Les\u00f5es Bucomaxilofaciais na Aten\u00e7\u00e3o Prim\u00e1ria'  class='avia-icongrid-wrapper av-5wysdt-f441a1930adb0f14644cc7f7b11cf092'><article class='article-icon-entry av-icongrid-empty'  itemscope=\"itemscope\" itemtype=\"https:\/\/schema.org\/CreativeWork\" ><div class='avia-icongrid-front '><div class=\"avia-icongrid-inner\"><div class='avia-icongrid-icon'><span class='icongrid-char avia-iconfont avia-font-entypo-fontello' data-av_icon='\ue80d' data-av_iconfont='entypo-fontello' ><\/span><\/div><header class=\"entry-content-header\" aria-label=\"Icon: Biopsias de Les\u00f5es Bucomaxilofaciais na Aten\u00e7\u00e3o Prim\u00e1ria\"><h4 class='av_icongrid_title icongrid_title '  itemprop=\"headline\" >Biopsias de Les\u00f5es Bucomaxilofaciais na Aten\u00e7\u00e3o Prim\u00e1ria<\/h4><\/header><\/div><\/div><div class='avia-icongrid-content' data-class-flipback=''><div class=\"avia-icongrid-inner\"><div class='avia-icongrid-text'  itemprop=\"text\" ><\/div><\/div><\/div><\/article><\/a><\/li>\n<li class='av-icon-cell-item av-row-with-5-cells av-row-nr-2 av-cell-4 av-next-cell-row av-inner-cell-item'><a href='https:\/\/www.youtube.com\/watch?v=YsqTEvI7RTg' title='Manifesta\u00e7\u00f5es Bucais de Doen\u00e7as Sist\u00eamicas'  class='avia-icongrid-wrapper av-efl01-b82dbc6b0f0599c2414b5258cd05f995'><article class='article-icon-entry av-icongrid-empty'  itemscope=\"itemscope\" itemtype=\"https:\/\/schema.org\/CreativeWork\" ><div class='avia-icongrid-front '><div class=\"avia-icongrid-inner\"><div class='avia-icongrid-icon'><span class='icongrid-char avia-iconfont avia-font-entypo-fontello' data-av_icon='\ue80d' data-av_iconfont='entypo-fontello' ><\/span><\/div><header class=\"entry-content-header\" aria-label=\"Icon: Manifesta\u00e7\u00f5es Bucais de Doen\u00e7as Sist\u00eamicas\"><h4 class='av_icongrid_title icongrid_title '  itemprop=\"headline\" >Manifesta\u00e7\u00f5es Bucais de Doen\u00e7as Sist\u00eamicas<\/h4><\/header><\/div><\/div><div class='avia-icongrid-content' data-class-flipback=''><div class=\"avia-icongrid-inner\"><div class='avia-icongrid-text'  itemprop=\"text\" ><\/div><\/div><\/div><\/article><\/a><\/li>\n<li class='av-icon-cell-item av-row-with-5-cells av-row-nr-2 av-cell-5 av-next-cell-row av-last-cell-item'><a href='https:\/\/www.youtube.com\/live\/5b5vEou5SM8?si=t8Epo0Z6_8Qbngch' title='C\u00e2ncer bucal: a import\u00e2ncia do cirurgi\u00e3o dentista na preven\u00e7\u00e3o, diagn\u00f3stico e tratamento'  class='avia-icongrid-wrapper av-efl01-1-685f65a22d312d7feca7be7da01ccb11'><article class='article-icon-entry av-icongrid-empty'  itemscope=\"itemscope\" itemtype=\"https:\/\/schema.org\/CreativeWork\" ><div class='avia-icongrid-front '><div class=\"avia-icongrid-inner\"><div class='avia-icongrid-icon'><span class='icongrid-char avia-iconfont avia-font-entypo-fontello' data-av_icon='\ue80d' data-av_iconfont='entypo-fontello' ><\/span><\/div><header class=\"entry-content-header\" aria-label=\"Icon: C\u00e2ncer bucal: a import\u00e2ncia do cirurgi\u00e3o dentista na preven\u00e7\u00e3o, diagn\u00f3stico e tratamento\"><h4 class='av_icongrid_title icongrid_title '  itemprop=\"headline\" >C\u00e2ncer bucal: a import\u00e2ncia do cirurgi\u00e3o dentista na preven\u00e7\u00e3o, diagn\u00f3stico e tratamento<\/h4><\/header><\/div><\/div><div class='avia-icongrid-content' data-class-flipback=''><div class=\"avia-icongrid-inner\"><div class='avia-icongrid-text'  itemprop=\"text\" ><\/div><\/div><\/div><\/article><\/a><\/li>\n<li class='av-icon-cell-item av-row-with-5-cells av-row-nr-3 av-cell-1 av-next-cell-row av-first-cell-item'><a href='https:\/\/www.youtube.com\/live\/3uLKtl6qN10?si=itcCYRJuJhVNh9LP' title='S\u00edndrome de Ard\u00eancia Bucal: quando a ci\u00eancia ainda deve uma solu\u00e7\u00e3o'  class='avia-icongrid-wrapper av-efl01-1-13143646f40c699809aae46e500816f0'><article class='article-icon-entry av-icongrid-empty'  itemscope=\"itemscope\" itemtype=\"https:\/\/schema.org\/CreativeWork\" ><div class='avia-icongrid-front '><div class=\"avia-icongrid-inner\"><div class='avia-icongrid-icon'><span class='icongrid-char avia-iconfont avia-font-entypo-fontello' data-av_icon='\ue80d' data-av_iconfont='entypo-fontello' ><\/span><\/div><header class=\"entry-content-header\" aria-label=\"Icon: S\u00edndrome de Ard\u00eancia Bucal: quando a ci\u00eancia ainda deve uma solu\u00e7\u00e3o\"><h4 class='av_icongrid_title icongrid_title '  itemprop=\"headline\" >S\u00edndrome de Ard\u00eancia Bucal: quando a ci\u00eancia ainda deve uma solu\u00e7\u00e3o<\/h4><\/header><\/div><\/div><div class='avia-icongrid-content' data-class-flipback=''><div class=\"avia-icongrid-inner\"><div class='avia-icongrid-text'  itemprop=\"text\" ><\/div><\/div><\/div><\/article><\/a><\/li>\n<\/ul><\/div>\n","protected":false},"excerpt":{"rendered":"","protected":false},"author":5,"featured_media":0,"parent":0,"menu_order":0,"comment_status":"closed","ping_status":"closed","template":"","meta":{"inline_featured_image":false,"footnotes":""},"class_list":["post-1681","page","type-page","status-publish","hentry"],"yoast_head":"<!-- This site is optimized with the Yoast SEO plugin v27.6 - https:\/\/yoast.com\/product\/yoast-seo-wordpress\/ -->\n<title>Patologia Bucal e Estomatologia - Projeto Teleodontologia<\/title>\n<meta name=\"robots\" content=\"index, follow, max-snippet:-1, max-image-preview:large, max-video-preview:-1\" \/>\n<link rel=\"canonical\" href=\"https:\/\/www.odonto.ufmg.br\/teleodontologia\/patologia-bucal-e-estomatologia\/\" \/>\n<meta property=\"og:locale\" content=\"pt_BR\" \/>\n<meta property=\"og:type\" content=\"article\" \/>\n<meta property=\"og:title\" content=\"Patologia Bucal e Estomatologia - Projeto Teleodontologia\" \/>\n<meta property=\"og:url\" content=\"https:\/\/www.odonto.ufmg.br\/teleodontologia\/patologia-bucal-e-estomatologia\/\" \/>\n<meta property=\"og:site_name\" content=\"Projeto Teleodontologia\" \/>\n<meta property=\"article:modified_time\" content=\"2025-06-15T12:16:38+00:00\" \/>\n<meta name=\"twitter:card\" content=\"summary_large_image\" \/>\n<meta name=\"twitter:label1\" content=\"Est. tempo de leitura\" \/>\n\t<meta name=\"twitter:data1\" content=\"1 minuto\" \/>\n<script type=\"application\/ld+json\" class=\"yoast-schema-graph\">{\"@context\":\"https:\\\/\\\/schema.org\",\"@graph\":[{\"@type\":\"WebPage\",\"@id\":\"https:\\\/\\\/www.odonto.ufmg.br\\\/teleodontologia\\\/patologia-bucal-e-estomatologia\\\/\",\"url\":\"https:\\\/\\\/www.odonto.ufmg.br\\\/teleodontologia\\\/patologia-bucal-e-estomatologia\\\/\",\"name\":\"Patologia Bucal e Estomatologia - Projeto Teleodontologia\",\"isPartOf\":{\"@id\":\"https:\\\/\\\/www.odonto.ufmg.br\\\/teleodontologia\\\/#website\"},\"datePublished\":\"2022-01-25T14:33:09+00:00\",\"dateModified\":\"2025-06-15T12:16:38+00:00\",\"breadcrumb\":{\"@id\":\"https:\\\/\\\/www.odonto.ufmg.br\\\/teleodontologia\\\/patologia-bucal-e-estomatologia\\\/#breadcrumb\"},\"inLanguage\":\"pt-BR\",\"potentialAction\":[{\"@type\":\"ReadAction\",\"target\":[\"https:\\\/\\\/www.odonto.ufmg.br\\\/teleodontologia\\\/patologia-bucal-e-estomatologia\\\/\"]}]},{\"@type\":\"BreadcrumbList\",\"@id\":\"https:\\\/\\\/www.odonto.ufmg.br\\\/teleodontologia\\\/patologia-bucal-e-estomatologia\\\/#breadcrumb\",\"itemListElement\":[{\"@type\":\"ListItem\",\"position\":1,\"name\":\"In\u00edcio\",\"item\":\"https:\\\/\\\/www.odonto.ufmg.br\\\/teleodontologia\\\/home\\\/\"},{\"@type\":\"ListItem\",\"position\":2,\"name\":\"Patologia Bucal e Estomatologia\"}]},{\"@type\":\"WebSite\",\"@id\":\"https:\\\/\\\/www.odonto.ufmg.br\\\/teleodontologia\\\/#website\",\"url\":\"https:\\\/\\\/www.odonto.ufmg.br\\\/teleodontologia\\\/\",\"name\":\"Projeto Teleodontologia\",\"description\":\"Biblioteca Virtual\",\"potentialAction\":[{\"@type\":\"SearchAction\",\"target\":{\"@type\":\"EntryPoint\",\"urlTemplate\":\"https:\\\/\\\/www.odonto.ufmg.br\\\/teleodontologia\\\/?s={search_term_string}\"},\"query-input\":{\"@type\":\"PropertyValueSpecification\",\"valueRequired\":true,\"valueName\":\"search_term_string\"}}],\"inLanguage\":\"pt-BR\"}]}<\/script>\n<!-- \/ Yoast SEO plugin. -->","yoast_head_json":{"title":"Patologia Bucal e Estomatologia - Projeto Teleodontologia","robots":{"index":"index","follow":"follow","max-snippet":"max-snippet:-1","max-image-preview":"max-image-preview:large","max-video-preview":"max-video-preview:-1"},"canonical":"https:\/\/www.odonto.ufmg.br\/teleodontologia\/patologia-bucal-e-estomatologia\/","og_locale":"pt_BR","og_type":"article","og_title":"Patologia Bucal e Estomatologia - Projeto Teleodontologia","og_url":"https:\/\/www.odonto.ufmg.br\/teleodontologia\/patologia-bucal-e-estomatologia\/","og_site_name":"Projeto Teleodontologia","article_modified_time":"2025-06-15T12:16:38+00:00","twitter_card":"summary_large_image","twitter_misc":{"Est. tempo de leitura":"1 minuto"},"schema":{"@context":"https:\/\/schema.org","@graph":[{"@type":"WebPage","@id":"https:\/\/www.odonto.ufmg.br\/teleodontologia\/patologia-bucal-e-estomatologia\/","url":"https:\/\/www.odonto.ufmg.br\/teleodontologia\/patologia-bucal-e-estomatologia\/","name":"Patologia Bucal e Estomatologia - Projeto Teleodontologia","isPartOf":{"@id":"https:\/\/www.odonto.ufmg.br\/teleodontologia\/#website"},"datePublished":"2022-01-25T14:33:09+00:00","dateModified":"2025-06-15T12:16:38+00:00","breadcrumb":{"@id":"https:\/\/www.odonto.ufmg.br\/teleodontologia\/patologia-bucal-e-estomatologia\/#breadcrumb"},"inLanguage":"pt-BR","potentialAction":[{"@type":"ReadAction","target":["https:\/\/www.odonto.ufmg.br\/teleodontologia\/patologia-bucal-e-estomatologia\/"]}]},{"@type":"BreadcrumbList","@id":"https:\/\/www.odonto.ufmg.br\/teleodontologia\/patologia-bucal-e-estomatologia\/#breadcrumb","itemListElement":[{"@type":"ListItem","position":1,"name":"In\u00edcio","item":"https:\/\/www.odonto.ufmg.br\/teleodontologia\/home\/"},{"@type":"ListItem","position":2,"name":"Patologia Bucal e Estomatologia"}]},{"@type":"WebSite","@id":"https:\/\/www.odonto.ufmg.br\/teleodontologia\/#website","url":"https:\/\/www.odonto.ufmg.br\/teleodontologia\/","name":"Projeto Teleodontologia","description":"Biblioteca Virtual","potentialAction":[{"@type":"SearchAction","target":{"@type":"EntryPoint","urlTemplate":"https:\/\/www.odonto.ufmg.br\/teleodontologia\/?s={search_term_string}"},"query-input":{"@type":"PropertyValueSpecification","valueRequired":true,"valueName":"search_term_string"}}],"inLanguage":"pt-BR"}]}},"_links":{"self":[{"href":"https:\/\/www.odonto.ufmg.br\/teleodontologia\/wp-json\/wp\/v2\/pages\/1681","targetHints":{"allow":["GET"]}}],"collection":[{"href":"https:\/\/www.odonto.ufmg.br\/teleodontologia\/wp-json\/wp\/v2\/pages"}],"about":[{"href":"https:\/\/www.odonto.ufmg.br\/teleodontologia\/wp-json\/wp\/v2\/types\/page"}],"author":[{"embeddable":true,"href":"https:\/\/www.odonto.ufmg.br\/teleodontologia\/wp-json\/wp\/v2\/users\/5"}],"replies":[{"embeddable":true,"href":"https:\/\/www.odonto.ufmg.br\/teleodontologia\/wp-json\/wp\/v2\/comments?post=1681"}],"version-history":[{"count":6,"href":"https:\/\/www.odonto.ufmg.br\/teleodontologia\/wp-json\/wp\/v2\/pages\/1681\/revisions"}],"predecessor-version":[{"id":2479,"href":"https:\/\/www.odonto.ufmg.br\/teleodontologia\/wp-json\/wp\/v2\/pages\/1681\/revisions\/2479"}],"wp:attachment":[{"href":"https:\/\/www.odonto.ufmg.br\/teleodontologia\/wp-json\/wp\/v2\/media?parent=1681"}],"curies":[{"name":"wp","href":"https:\/\/api.w.org\/{rel}","templated":true}]}}