{"id":1675,"date":"2022-01-25T11:32:43","date_gmt":"2022-01-25T14:32:43","guid":{"rendered":"https:\/\/www.odonto.ufmg.br\/teleodonto\/?page_id=1675"},"modified":"2022-05-28T21:05:44","modified_gmt":"2022-05-29T00:05:44","slug":"periodontia","status":"publish","type":"page","link":"https:\/\/www.odonto.ufmg.br\/teleodontologia\/periodontia\/","title":{"rendered":"Periodontia"},"content":{"rendered":"<div id='av_section_1'  class='avia-section av-av_section-75237c69a6a5328de0ee531a355d8c1b main_color avia-section-small avia-no-border-styling  avia-builder-el-0  el_before_av_icongrid  avia-builder-el-first  avia-bg-style-scroll container_wrap fullsize'  ><div class='container av-section-cont-open' ><main  role=\"main\" itemprop=\"mainContentOfPage\"  class='template-page content  av-content-full alpha units'><div class='post-entry post-entry-type-page post-entry-1675'><div class='entry-content-wrapper clearfix'>\n\n<style type=\"text\/css\" data-created_by=\"avia_inline_auto\" id=\"style-css-av-l3qjjkuz-ccbef2c5c63e0ac0cb9ef768b1821130\">\n#top .av-special-heading.av-l3qjjkuz-ccbef2c5c63e0ac0cb9ef768b1821130{\npadding-bottom:10px;\ncolor:#000000;\nfont-size:40px;\n}\nbody .av-special-heading.av-l3qjjkuz-ccbef2c5c63e0ac0cb9ef768b1821130 .av-special-heading-tag .heading-char{\nfont-size:25px;\n}\n#top #wrap_all .av-special-heading.av-l3qjjkuz-ccbef2c5c63e0ac0cb9ef768b1821130 .av-special-heading-tag{\nfont-size:40px;\n}\n.av-special-heading.av-l3qjjkuz-ccbef2c5c63e0ac0cb9ef768b1821130 .special-heading-inner-border{\nborder-color:#000000;\n}\n.av-special-heading.av-l3qjjkuz-ccbef2c5c63e0ac0cb9ef768b1821130 .av-subheading{\nfont-size:15px;\n}\n\n@media only screen and (min-width: 480px) and (max-width: 767px){ \n#top #wrap_all .av-special-heading.av-l3qjjkuz-ccbef2c5c63e0ac0cb9ef768b1821130 .av-special-heading-tag{\nfont-size:0.8em;\n}\n}\n\n@media only screen and (max-width: 479px){ \n#top #wrap_all .av-special-heading.av-l3qjjkuz-ccbef2c5c63e0ac0cb9ef768b1821130 .av-special-heading-tag{\nfont-size:0.8em;\n}\n}\n<\/style>\n<div  class='av-special-heading av-l3qjjkuz-ccbef2c5c63e0ac0cb9ef768b1821130 av-special-heading-h1 custom-color-heading blockquote modern-quote modern-centered  avia-builder-el-1  el_before_av_hr  avia-builder-el-first  av-inherit-size'><h1 class='av-special-heading-tag '  itemprop=\"headline\"  >Periodontia<\/h1><div class=\"special-heading-border\"><div class=\"special-heading-inner-border\"><\/div><\/div><\/div>\n\n<style type=\"text\/css\" data-created_by=\"avia_inline_auto\" id=\"style-css-av-av_hr-8ec430e429f5f73bf8d505b97b47cdbd\">\n#top .hr.av-av_hr-8ec430e429f5f73bf8d505b97b47cdbd{\nmargin-top:0px;\nmargin-bottom:5px;\n}\n.hr.av-av_hr-8ec430e429f5f73bf8d505b97b47cdbd .hr-inner{\nwidth:100px;\nborder-color:#02989e;\n}\n<\/style>\n<div  class='hr av-av_hr-8ec430e429f5f73bf8d505b97b47cdbd hr-custom  avia-builder-el-2  el_after_av_heading  avia-builder-el-last  hr-center hr-icon-no'><span class='hr-inner inner-border-av-border-fat'><span class=\"hr-inner-style\"><\/span><\/span><\/div>\n<\/div><\/div><\/main><!-- close content main element --><\/div><\/div><div id='after_section_1'  class='main_color av_default_container_wrap container_wrap fullsize'  ><div class='container av-section-cont-open' ><div class='template-page content  av-content-full alpha units'><div class='post-entry post-entry-type-page post-entry-1675'><div class='entry-content-wrapper clearfix'>\n<style type=\"text\/css\" data-created_by=\"avia_inline_auto\" id=\"style-css-av-l3qjil53-ab75927c8dfd39419b44c3bae8b47a26\">\n.avia-icon-grid-container.av-l3qjil53-ab75927c8dfd39419b44c3bae8b47a26 .avia-icongrid{\njustify-content:space-between;\n}\n<\/style>\n<div  class='avia-icon-grid-container av-l3qjil53-ab75927c8dfd39419b44c3bae8b47a26  avia-builder-el-3  el_after_av_section  avia-builder-el-no-sibling ' ><ul id='avia-icongrid-6a06b640bb4f3' class='avia-icongrid clearfix avia_animate_when_almost_visible avia-icongrid-tooltip avia-icongrid-numrow-5 avia-cell-space-between av-flex-cells av-break-767 av-can-break-50'>\n<li class='av-icon-cell-item av-row-with-5-cells av-row-nr-1 av-cell-1 av-first-cell-row av-first-cell-item'><a href='https:\/\/www.youtube.com\/watch?v=3DaoEfcnSTY' title='Nova Classifica\u00e7\u00e3o de Doen\u00e7as Periodontais'  class='avia-icongrid-wrapper av-l3qjgads-e15cb40876c7abd3bf2d82929ee0a2f4'><article class='article-icon-entry av-icongrid-empty'  itemscope=\"itemscope\" itemtype=\"https:\/\/schema.org\/CreativeWork\" ><div class='avia-icongrid-front '><div class=\"avia-icongrid-inner\"><div class='avia-icongrid-icon'><span class='icongrid-char avia-iconfont avia-font-entypo-fontello' data-av_icon='\ue80d' data-av_iconfont='entypo-fontello' ><\/span><\/div><header class=\"entry-content-header\" aria-label=\"Icon: Nova Classifica\u00e7\u00e3o de Doen\u00e7as Periodontais\"><h4 class='av_icongrid_title icongrid_title '  itemprop=\"headline\" >Nova Classifica\u00e7\u00e3o de Doen\u00e7as Periodontais<\/h4><\/header><\/div><\/div><div class='avia-icongrid-content' data-class-flipback=''><div class=\"avia-icongrid-inner\"><div class='avia-icongrid-text'  itemprop=\"text\" ><\/div><\/div><\/div><\/article><\/a><\/li>\n<li class='av-icon-cell-item av-row-with-5-cells av-row-nr-1 av-cell-2 av-first-cell-row av-inner-cell-item'><a href='https:\/\/www.youtube.com\/watch?v=SUCfShxqYq0' title='Urg\u00eancia periodontal: Tratamento da GUNA, Gengivoestomatite Herp\u00e9tica Aguda e Abscessos'  class='avia-icongrid-wrapper av-l3qjgp3t-8b7bb04aa8e3273058d5090090726a8e'><article class='article-icon-entry av-icongrid-empty'  itemscope=\"itemscope\" itemtype=\"https:\/\/schema.org\/CreativeWork\" ><div class='avia-icongrid-front '><div class=\"avia-icongrid-inner\"><div class='avia-icongrid-icon'><span class='icongrid-char avia-iconfont avia-font-entypo-fontello' data-av_icon='\ue80d' data-av_iconfont='entypo-fontello' ><\/span><\/div><header class=\"entry-content-header\" aria-label=\"Icon: Urg\u00eancia periodontal: Tratamento da GUNA, Gengivoestomatite Herp\u00e9tica Aguda e Abscessos\"><h4 class='av_icongrid_title icongrid_title '  itemprop=\"headline\" >Urg\u00eancia periodontal: Tratamento da GUNA, Gengivoestomatite Herp\u00e9tica Aguda e Abscessos<\/h4><\/header><\/div><\/div><div class='avia-icongrid-content' data-class-flipback=''><div class=\"avia-icongrid-inner\"><div class='avia-icongrid-text'  itemprop=\"text\" ><\/div><\/div><\/div><\/article><\/a><\/li>\n<li class='av-icon-cell-item av-row-with-5-cells av-row-nr-1 av-cell-3 av-first-cell-row av-inner-cell-item'><a href='https:\/\/www.youtube.com\/watch?v=Y757b-ZvMuI' title='Halitose: causas, consequ\u00eancias e tratamentos'  class='avia-icongrid-wrapper av-l3qjh5wi-27effcf53dc64afafc3681e49ba2789c'><article class='article-icon-entry av-icongrid-empty'  itemscope=\"itemscope\" itemtype=\"https:\/\/schema.org\/CreativeWork\" ><div class='avia-icongrid-front '><div class=\"avia-icongrid-inner\"><div class='avia-icongrid-icon'><span class='icongrid-char avia-iconfont avia-font-entypo-fontello' data-av_icon='\ue80d' data-av_iconfont='entypo-fontello' ><\/span><\/div><header class=\"entry-content-header\" aria-label=\"Icon: Halitose: causas, consequ\u00eancias e tratamentos\"><h4 class='av_icongrid_title icongrid_title '  itemprop=\"headline\" >Halitose: causas, consequ\u00eancias e tratamentos<\/h4><\/header><\/div><\/div><div class='avia-icongrid-content' data-class-flipback=''><div class=\"avia-icongrid-inner\"><div class='avia-icongrid-text'  itemprop=\"text\" ><\/div><\/div><\/div><\/article><\/a><\/li>\n<li class='av-icon-cell-item av-row-with-5-cells av-row-nr-1 av-cell-4 av-first-cell-row av-inner-cell-item'><a href='https:\/\/www.youtube.com\/watch?v=6tb-WyzGJRA' title='Medica\u00e7\u00f5es mais utilizadas em Periodontia'  class='avia-icongrid-wrapper av-l3qjhpcg-5c68a069cef37553b3aa96de65dbbd7b'><article class='article-icon-entry av-icongrid-empty'  itemscope=\"itemscope\" itemtype=\"https:\/\/schema.org\/CreativeWork\" ><div class='avia-icongrid-front '><div class=\"avia-icongrid-inner\"><div class='avia-icongrid-icon'><span class='icongrid-char avia-iconfont avia-font-entypo-fontello' data-av_icon='\ue80d' data-av_iconfont='entypo-fontello' ><\/span><\/div><header class=\"entry-content-header\" aria-label=\"Icon: Medica\u00e7\u00f5es mais utilizadas em Periodontia\"><h4 class='av_icongrid_title icongrid_title '  itemprop=\"headline\" >Medica\u00e7\u00f5es mais utilizadas em Periodontia<\/h4><\/header><\/div><\/div><div class='avia-icongrid-content' data-class-flipback=''><div class=\"avia-icongrid-inner\"><div class='avia-icongrid-text'  itemprop=\"text\" ><\/div><\/div><\/div><\/article><\/a><\/li>\n<li class='av-icon-cell-item av-row-with-5-cells av-row-nr-1 av-cell-5 av-first-cell-row av-last-cell-item'><a href='https:\/\/www.youtube.com\/watch?v=qcdgXvPM2uw' title='Doen\u00e7a Periodontal Diagn\u00f3stico e Tratamento'  class='avia-icongrid-wrapper av-l3qji1fj-de3aac3b66f95841fd031f33edd41c11'><article class='article-icon-entry av-icongrid-empty'  itemscope=\"itemscope\" itemtype=\"https:\/\/schema.org\/CreativeWork\" ><div class='avia-icongrid-front '><div class=\"avia-icongrid-inner\"><div class='avia-icongrid-icon'><span class='icongrid-char avia-iconfont avia-font-entypo-fontello' data-av_icon='\ue80d' data-av_iconfont='entypo-fontello' ><\/span><\/div><header class=\"entry-content-header\" aria-label=\"Icon: Doen\u00e7a Periodontal Diagn\u00f3stico e Tratamento\"><h4 class='av_icongrid_title icongrid_title '  itemprop=\"headline\" >Doen\u00e7a Periodontal Diagn\u00f3stico e Tratamento<\/h4><\/header><\/div><\/div><div class='avia-icongrid-content' data-class-flipback=''><div class=\"avia-icongrid-inner\"><div class='avia-icongrid-text'  itemprop=\"text\" ><\/div><\/div><\/div><\/article><\/a><\/li>\n<li class='av-icon-cell-item av-row-with-5-cells av-row-nr-2 av-cell-1 av-next-cell-row av-first-cell-item'><a href='https:\/\/www.youtube.com\/watch?v=J84tTmtPTTc' title='Tabagismo e Odontologia'  class='avia-icongrid-wrapper av-l3qjii03-77644b80278488b62a85e798aa98a589'><article class='article-icon-entry av-icongrid-empty'  itemscope=\"itemscope\" itemtype=\"https:\/\/schema.org\/CreativeWork\" ><div class='avia-icongrid-front '><div class=\"avia-icongrid-inner\"><div class='avia-icongrid-icon'><span class='icongrid-char avia-iconfont avia-font-entypo-fontello' data-av_icon='\ue80d' data-av_iconfont='entypo-fontello' ><\/span><\/div><header class=\"entry-content-header\" aria-label=\"Icon: Tabagismo e Odontologia\"><h4 class='av_icongrid_title icongrid_title '  itemprop=\"headline\" >Tabagismo e Odontologia<\/h4><\/header><\/div><\/div><div class='avia-icongrid-content' data-class-flipback=''><div class=\"avia-icongrid-inner\"><div class='avia-icongrid-text'  itemprop=\"text\" ><\/div><\/div><\/div><\/article><\/a><\/li>\n<\/ul><\/div><\/p>\n","protected":false},"excerpt":{"rendered":"","protected":false},"author":5,"featured_media":0,"parent":0,"menu_order":0,"comment_status":"closed","ping_status":"closed","template":"","meta":{"inline_featured_image":false,"footnotes":""},"class_list":["post-1675","page","type-page","status-publish","hentry"],"yoast_head":"<!-- This site is optimized with the Yoast SEO plugin v27.6 - https:\/\/yoast.com\/product\/yoast-seo-wordpress\/ -->\n<title>Periodontia - Projeto Teleodontologia<\/title>\n<meta name=\"robots\" content=\"index, follow, max-snippet:-1, max-image-preview:large, max-video-preview:-1\" \/>\n<link rel=\"canonical\" href=\"https:\/\/www.odonto.ufmg.br\/teleodontologia\/periodontia\/\" \/>\n<meta property=\"og:locale\" content=\"pt_BR\" \/>\n<meta property=\"og:type\" content=\"article\" \/>\n<meta property=\"og:title\" content=\"Periodontia - Projeto Teleodontologia\" \/>\n<meta property=\"og:url\" content=\"https:\/\/www.odonto.ufmg.br\/teleodontologia\/periodontia\/\" \/>\n<meta property=\"og:site_name\" content=\"Projeto Teleodontologia\" \/>\n<meta property=\"article:modified_time\" content=\"2022-05-29T00:05:44+00:00\" \/>\n<meta name=\"twitter:card\" content=\"summary_large_image\" \/>\n<meta name=\"twitter:label1\" content=\"Est. tempo de leitura\" \/>\n\t<meta name=\"twitter:data1\" content=\"11 minutos\" \/>\n<script type=\"application\/ld+json\" class=\"yoast-schema-graph\">{\"@context\":\"https:\\\/\\\/schema.org\",\"@graph\":[{\"@type\":\"WebPage\",\"@id\":\"https:\\\/\\\/www.odonto.ufmg.br\\\/teleodontologia\\\/periodontia\\\/\",\"url\":\"https:\\\/\\\/www.odonto.ufmg.br\\\/teleodontologia\\\/periodontia\\\/\",\"name\":\"Periodontia - Projeto Teleodontologia\",\"isPartOf\":{\"@id\":\"https:\\\/\\\/www.odonto.ufmg.br\\\/teleodontologia\\\/#website\"},\"datePublished\":\"2022-01-25T14:32:43+00:00\",\"dateModified\":\"2022-05-29T00:05:44+00:00\",\"breadcrumb\":{\"@id\":\"https:\\\/\\\/www.odonto.ufmg.br\\\/teleodontologia\\\/periodontia\\\/#breadcrumb\"},\"inLanguage\":\"pt-BR\",\"potentialAction\":[{\"@type\":\"ReadAction\",\"target\":[\"https:\\\/\\\/www.odonto.ufmg.br\\\/teleodontologia\\\/periodontia\\\/\"]}]},{\"@type\":\"BreadcrumbList\",\"@id\":\"https:\\\/\\\/www.odonto.ufmg.br\\\/teleodontologia\\\/periodontia\\\/#breadcrumb\",\"itemListElement\":[{\"@type\":\"ListItem\",\"position\":1,\"name\":\"In\u00edcio\",\"item\":\"https:\\\/\\\/www.odonto.ufmg.br\\\/teleodontologia\\\/home\\\/\"},{\"@type\":\"ListItem\",\"position\":2,\"name\":\"Periodontia\"}]},{\"@type\":\"WebSite\",\"@id\":\"https:\\\/\\\/www.odonto.ufmg.br\\\/teleodontologia\\\/#website\",\"url\":\"https:\\\/\\\/www.odonto.ufmg.br\\\/teleodontologia\\\/\",\"name\":\"Projeto Teleodontologia\",\"description\":\"Biblioteca Virtual\",\"potentialAction\":[{\"@type\":\"SearchAction\",\"target\":{\"@type\":\"EntryPoint\",\"urlTemplate\":\"https:\\\/\\\/www.odonto.ufmg.br\\\/teleodontologia\\\/?s={search_term_string}\"},\"query-input\":{\"@type\":\"PropertyValueSpecification\",\"valueRequired\":true,\"valueName\":\"search_term_string\"}}],\"inLanguage\":\"pt-BR\"}]}<\/script>\n<!-- \/ Yoast SEO plugin. -->","yoast_head_json":{"title":"Periodontia - Projeto Teleodontologia","robots":{"index":"index","follow":"follow","max-snippet":"max-snippet:-1","max-image-preview":"max-image-preview:large","max-video-preview":"max-video-preview:-1"},"canonical":"https:\/\/www.odonto.ufmg.br\/teleodontologia\/periodontia\/","og_locale":"pt_BR","og_type":"article","og_title":"Periodontia - Projeto Teleodontologia","og_url":"https:\/\/www.odonto.ufmg.br\/teleodontologia\/periodontia\/","og_site_name":"Projeto Teleodontologia","article_modified_time":"2022-05-29T00:05:44+00:00","twitter_card":"summary_large_image","twitter_misc":{"Est. tempo de leitura":"11 minutos"},"schema":{"@context":"https:\/\/schema.org","@graph":[{"@type":"WebPage","@id":"https:\/\/www.odonto.ufmg.br\/teleodontologia\/periodontia\/","url":"https:\/\/www.odonto.ufmg.br\/teleodontologia\/periodontia\/","name":"Periodontia - Projeto Teleodontologia","isPartOf":{"@id":"https:\/\/www.odonto.ufmg.br\/teleodontologia\/#website"},"datePublished":"2022-01-25T14:32:43+00:00","dateModified":"2022-05-29T00:05:44+00:00","breadcrumb":{"@id":"https:\/\/www.odonto.ufmg.br\/teleodontologia\/periodontia\/#breadcrumb"},"inLanguage":"pt-BR","potentialAction":[{"@type":"ReadAction","target":["https:\/\/www.odonto.ufmg.br\/teleodontologia\/periodontia\/"]}]},{"@type":"BreadcrumbList","@id":"https:\/\/www.odonto.ufmg.br\/teleodontologia\/periodontia\/#breadcrumb","itemListElement":[{"@type":"ListItem","position":1,"name":"In\u00edcio","item":"https:\/\/www.odonto.ufmg.br\/teleodontologia\/home\/"},{"@type":"ListItem","position":2,"name":"Periodontia"}]},{"@type":"WebSite","@id":"https:\/\/www.odonto.ufmg.br\/teleodontologia\/#website","url":"https:\/\/www.odonto.ufmg.br\/teleodontologia\/","name":"Projeto Teleodontologia","description":"Biblioteca Virtual","potentialAction":[{"@type":"SearchAction","target":{"@type":"EntryPoint","urlTemplate":"https:\/\/www.odonto.ufmg.br\/teleodontologia\/?s={search_term_string}"},"query-input":{"@type":"PropertyValueSpecification","valueRequired":true,"valueName":"search_term_string"}}],"inLanguage":"pt-BR"}]}},"_links":{"self":[{"href":"https:\/\/www.odonto.ufmg.br\/teleodontologia\/wp-json\/wp\/v2\/pages\/1675","targetHints":{"allow":["GET"]}}],"collection":[{"href":"https:\/\/www.odonto.ufmg.br\/teleodontologia\/wp-json\/wp\/v2\/pages"}],"about":[{"href":"https:\/\/www.odonto.ufmg.br\/teleodontologia\/wp-json\/wp\/v2\/types\/page"}],"author":[{"embeddable":true,"href":"https:\/\/www.odonto.ufmg.br\/teleodontologia\/wp-json\/wp\/v2\/users\/5"}],"replies":[{"embeddable":true,"href":"https:\/\/www.odonto.ufmg.br\/teleodontologia\/wp-json\/wp\/v2\/comments?post=1675"}],"version-history":[{"count":3,"href":"https:\/\/www.odonto.ufmg.br\/teleodontologia\/wp-json\/wp\/v2\/pages\/1675\/revisions"}],"predecessor-version":[{"id":1851,"href":"https:\/\/www.odonto.ufmg.br\/teleodontologia\/wp-json\/wp\/v2\/pages\/1675\/revisions\/1851"}],"wp:attachment":[{"href":"https:\/\/www.odonto.ufmg.br\/teleodontologia\/wp-json\/wp\/v2\/media?parent=1675"}],"curies":[{"name":"wp","href":"https:\/\/api.w.org\/{rel}","templated":true}]}}