{"id":1672,"date":"2022-01-25T11:32:31","date_gmt":"2022-01-25T14:32:31","guid":{"rendered":"https:\/\/www.odonto.ufmg.br\/teleodonto\/?page_id=1672"},"modified":"2024-10-02T20:54:28","modified_gmt":"2024-10-02T23:54:28","slug":"endodontia","status":"publish","type":"page","link":"https:\/\/www.odonto.ufmg.br\/teleodontologia\/endodontia\/","title":{"rendered":"Endodontia"},"content":{"rendered":"<div id='av_section_1'  class='avia-section av-43qjc8-114dd00292c61a173c40eb2cbf23223e main_color avia-section-small avia-no-border-styling  avia-builder-el-0  el_before_av_icongrid  avia-builder-el-first  avia-bg-style-scroll container_wrap fullsize'  ><div class='container av-section-cont-open' ><main  role=\"main\" itemprop=\"mainContentOfPage\"  class='template-page content  av-content-full alpha units'><div class='post-entry post-entry-type-page post-entry-1672'><div class='entry-content-wrapper clearfix'>\n\n<style type=\"text\/css\" data-created_by=\"avia_inline_auto\" id=\"style-css-av-l3qjsc9c-f50d1b5e774176aea5664efb38ef4712\">\n#top .av-special-heading.av-l3qjsc9c-f50d1b5e774176aea5664efb38ef4712{\npadding-bottom:10px;\ncolor:#000000;\nfont-size:40px;\n}\nbody .av-special-heading.av-l3qjsc9c-f50d1b5e774176aea5664efb38ef4712 .av-special-heading-tag .heading-char{\nfont-size:25px;\n}\n#top #wrap_all .av-special-heading.av-l3qjsc9c-f50d1b5e774176aea5664efb38ef4712 .av-special-heading-tag{\nfont-size:40px;\n}\n.av-special-heading.av-l3qjsc9c-f50d1b5e774176aea5664efb38ef4712 .special-heading-inner-border{\nborder-color:#000000;\n}\n.av-special-heading.av-l3qjsc9c-f50d1b5e774176aea5664efb38ef4712 .av-subheading{\nfont-size:15px;\n}\n\n@media only screen and (min-width: 480px) and (max-width: 767px){ \n#top #wrap_all .av-special-heading.av-l3qjsc9c-f50d1b5e774176aea5664efb38ef4712 .av-special-heading-tag{\nfont-size:0.8em;\n}\n}\n\n@media only screen and (max-width: 479px){ \n#top #wrap_all .av-special-heading.av-l3qjsc9c-f50d1b5e774176aea5664efb38ef4712 .av-special-heading-tag{\nfont-size:0.8em;\n}\n}\n<\/style>\n<div  class='av-special-heading av-l3qjsc9c-f50d1b5e774176aea5664efb38ef4712 av-special-heading-h1 custom-color-heading blockquote modern-quote modern-centered  avia-builder-el-1  el_before_av_hr  avia-builder-el-first  av-inherit-size'><h1 class='av-special-heading-tag '  itemprop=\"headline\"  >Endodontia<\/h1><div class=\"special-heading-border\"><div class=\"special-heading-inner-border\"><\/div><\/div><\/div>\n\n<style type=\"text\/css\" data-created_by=\"avia_inline_auto\" id=\"style-css-av-2vbtbs-24c1112bfe8483c6f8ab539be0913acf\">\n#top .hr.av-2vbtbs-24c1112bfe8483c6f8ab539be0913acf{\nmargin-top:0px;\nmargin-bottom:5px;\n}\n.hr.av-2vbtbs-24c1112bfe8483c6f8ab539be0913acf .hr-inner{\nwidth:100px;\nborder-color:#02989e;\n}\n<\/style>\n<div  class='hr av-2vbtbs-24c1112bfe8483c6f8ab539be0913acf hr-custom  avia-builder-el-2  el_after_av_heading  avia-builder-el-last  hr-center hr-icon-no'><span class='hr-inner inner-border-av-border-fat'><span class=\"hr-inner-style\"><\/span><\/span><\/div>\n<\/div><\/div><\/main><!-- close content main element --><\/div><\/div><div id='after_section_1'  class='main_color av_default_container_wrap container_wrap fullsize'  ><div class='container av-section-cont-open' ><div class='template-page content  av-content-full alpha units'><div class='post-entry post-entry-type-page post-entry-1672'><div class='entry-content-wrapper clearfix'>\n\n<style type=\"text\/css\" data-created_by=\"avia_inline_auto\" id=\"style-css-av-l3qk1ki8-bb537b8b928b24bffda45be61b7789bd\">\n.avia-icon-grid-container.av-l3qk1ki8-bb537b8b928b24bffda45be61b7789bd .avia-icongrid{\njustify-content:space-between;\n}\n<\/style>\n<div  class='avia-icon-grid-container av-l3qk1ki8-bb537b8b928b24bffda45be61b7789bd  avia-builder-el-3  el_after_av_section  avia-builder-el-no-sibling ' ><ul id='avia-icongrid-6a040503dc90f' class='avia-icongrid clearfix avia_animate_when_almost_visible avia-icongrid-tooltip avia-icongrid-numrow-5 avia-cell-space-between av-flex-cells av-break-767 av-can-break-50'>\n<li class='av-icon-cell-item av-row-with-5-cells av-row-nr-1 av-cell-1 av-first-cell-row av-first-cell-item'><a href='https:\/\/www.youtube.com\/watch?v=TjAGpSnOn3Y' title='Hipersensibilidade dent\u00e1ria'  class='avia-icongrid-wrapper av-l3qjtfdn-7d9cae1dfd4646918af7de2bfed406ce'><article class='article-icon-entry av-icongrid-empty'  itemscope=\"itemscope\" itemtype=\"https:\/\/schema.org\/CreativeWork\" ><div class='avia-icongrid-front '><div class=\"avia-icongrid-inner\"><div class='avia-icongrid-icon'><span class='icongrid-char avia-iconfont avia-font-entypo-fontello' data-av_icon='\ue80d' data-av_iconfont='entypo-fontello' ><\/span><\/div><header class=\"entry-content-header\" aria-label=\"Icon: Hipersensibilidade dent\u00e1ria\"><h4 class='av_icongrid_title icongrid_title '  itemprop=\"headline\" >Hipersensibilidade dent\u00e1ria<\/h4><\/header><\/div><\/div><div class='avia-icongrid-content' data-class-flipback=''><div class=\"avia-icongrid-inner\"><div class='avia-icongrid-text'  itemprop=\"text\" ><\/div><\/div><\/div><\/article><\/a><\/li>\n<li class='av-icon-cell-item av-row-with-5-cells av-row-nr-1 av-cell-2 av-first-cell-row av-inner-cell-item'><a href='https:\/\/www.youtube.com\/watch?v=DmGZSjeS8ck' title='Prote\u00e7\u00e3o do Complexo Dentina-Polpa'  class='avia-icongrid-wrapper av-l3qjtt76-a613a8aa8cd22d365f27305ccd238f0a'><article class='article-icon-entry av-icongrid-empty'  itemscope=\"itemscope\" itemtype=\"https:\/\/schema.org\/CreativeWork\" ><div class='avia-icongrid-front '><div class=\"avia-icongrid-inner\"><div class='avia-icongrid-icon'><span class='icongrid-char avia-iconfont avia-font-entypo-fontello' data-av_icon='\ue80d' data-av_iconfont='entypo-fontello' ><\/span><\/div><header class=\"entry-content-header\" aria-label=\"Icon: Prote\u00e7\u00e3o do Complexo Dentina-Polpa\"><h4 class='av_icongrid_title icongrid_title '  itemprop=\"headline\" >Prote\u00e7\u00e3o do Complexo Dentina-Polpa<\/h4><\/header><\/div><\/div><div class='avia-icongrid-content' data-class-flipback=''><div class=\"avia-icongrid-inner\"><div class='avia-icongrid-text'  itemprop=\"text\" ><\/div><\/div><\/div><\/article><\/a><\/li>\n<li class='av-icon-cell-item av-row-with-5-cells av-row-nr-1 av-cell-3 av-first-cell-row av-inner-cell-item'><a href='https:\/\/www.youtube.com\/watch?v=OQbBnF5Psjo' title='Urg\u00eancias em Endodontia'  class='avia-icongrid-wrapper av-l3qjxosv-7882a8f38585484e903a972e5270af1a'><article class='article-icon-entry av-icongrid-empty'  itemscope=\"itemscope\" itemtype=\"https:\/\/schema.org\/CreativeWork\" ><div class='avia-icongrid-front '><div class=\"avia-icongrid-inner\"><div class='avia-icongrid-icon'><span class='icongrid-char avia-iconfont avia-font-entypo-fontello' data-av_icon='\ue80d' data-av_iconfont='entypo-fontello' ><\/span><\/div><header class=\"entry-content-header\" aria-label=\"Icon: Urg\u00eancias em Endodontia\"><h4 class='av_icongrid_title icongrid_title '  itemprop=\"headline\" >Urg\u00eancias em Endodontia<\/h4><\/header><\/div><\/div><div class='avia-icongrid-content' data-class-flipback=''><div class=\"avia-icongrid-inner\"><div class='avia-icongrid-text'  itemprop=\"text\" ><\/div><\/div><\/div><\/article><\/a><\/li>\n<li class='av-icon-cell-item av-row-with-5-cells av-row-nr-1 av-cell-4 av-first-cell-row av-inner-cell-item'><a href='https:\/\/www.youtube.com\/watch?v=zA4ZZwBDwcw' title='Les\u00f5es cervicais n\u00e3o cariosas: condutas cl\u00ednicas'  class='avia-icongrid-wrapper av-l3qjyjiw-d87eaaa4a2f42968a88fcce8676dcfb9'><article class='article-icon-entry av-icongrid-empty'  itemscope=\"itemscope\" itemtype=\"https:\/\/schema.org\/CreativeWork\" ><div class='avia-icongrid-front '><div class=\"avia-icongrid-inner\"><div class='avia-icongrid-icon'><span class='icongrid-char avia-iconfont avia-font-entypo-fontello' data-av_icon='\ue80d' data-av_iconfont='entypo-fontello' ><\/span><\/div><header class=\"entry-content-header\" aria-label=\"Icon: Les\u00f5es cervicais n\u00e3o cariosas: condutas cl\u00ednicas\"><h4 class='av_icongrid_title icongrid_title '  itemprop=\"headline\" >Les\u00f5es cervicais n\u00e3o cariosas: condutas cl\u00ednicas<\/h4><\/header><\/div><\/div><div class='avia-icongrid-content' data-class-flipback=''><div class=\"avia-icongrid-inner\"><div class='avia-icongrid-text'  itemprop=\"text\" ><\/div><\/div><\/div><\/article><\/a><\/li>\n<li class='av-icon-cell-item av-row-with-5-cells av-row-nr-1 av-cell-5 av-first-cell-row av-last-cell-item'><a href='https:\/\/www.youtube.com\/watch?v=F-rdXVQbwyg' title='Restaura\u00e7\u00e3o de Dentes Tratados Endodoticamente '  class='avia-icongrid-wrapper av-l3qjz00h-bff3d05ecdd7cd5222a14dbcdbbaa518'><article class='article-icon-entry av-icongrid-empty'  itemscope=\"itemscope\" itemtype=\"https:\/\/schema.org\/CreativeWork\" ><div class='avia-icongrid-front '><div class=\"avia-icongrid-inner\"><div class='avia-icongrid-icon'><span class='icongrid-char avia-iconfont avia-font-entypo-fontello' data-av_icon='\ue80d' data-av_iconfont='entypo-fontello' ><\/span><\/div><header class=\"entry-content-header\" aria-label=\"Icon: Restaura\u00e7\u00e3o de Dentes Tratados Endodoticamente \"><h4 class='av_icongrid_title icongrid_title '  itemprop=\"headline\" >Restaura\u00e7\u00e3o de Dentes Tratados Endodoticamente <\/h4><\/header><\/div><\/div><div class='avia-icongrid-content' data-class-flipback=''><div class=\"avia-icongrid-inner\"><div class='avia-icongrid-text'  itemprop=\"text\" ><\/div><\/div><\/div><\/article><\/a><\/li>\n<li class='av-icon-cell-item av-row-with-5-cells av-row-nr-2 av-cell-1 av-next-cell-row av-first-cell-item'><a href='https:\/\/www.youtube.com\/watch?v=_Xc7_vgX-8A' title='Endodontia em dentes dec\u00edduos'  class='avia-icongrid-wrapper av-l3qjzddd-e706683768dc99c94e3d4acbc471c8a7'><article class='article-icon-entry av-icongrid-empty'  itemscope=\"itemscope\" itemtype=\"https:\/\/schema.org\/CreativeWork\" ><div class='avia-icongrid-front '><div class=\"avia-icongrid-inner\"><div class='avia-icongrid-icon'><span class='icongrid-char avia-iconfont avia-font-entypo-fontello' data-av_icon='\ue80d' data-av_iconfont='entypo-fontello' ><\/span><\/div><header class=\"entry-content-header\" aria-label=\"Icon: Endodontia em dentes dec\u00edduos\"><h4 class='av_icongrid_title icongrid_title '  itemprop=\"headline\" >Endodontia em dentes dec\u00edduos<\/h4><\/header><\/div><\/div><div class='avia-icongrid-content' data-class-flipback=''><div class=\"avia-icongrid-inner\"><div class='avia-icongrid-text'  itemprop=\"text\" ><\/div><\/div><\/div><\/article><\/a><\/li>\n<li class='av-icon-cell-item av-row-with-5-cells av-row-nr-2 av-cell-2 av-next-cell-row av-inner-cell-item'><a href='https:\/\/www.youtube.com\/watch?v=7XRPqS-M1y8' title='Atendimento de urg\u00eancia em endodontia'  class='avia-icongrid-wrapper av-l3qjzm50-e87bc0e083852c238b8c7ad48cee3036'><article class='article-icon-entry av-icongrid-empty'  itemscope=\"itemscope\" itemtype=\"https:\/\/schema.org\/CreativeWork\" ><div class='avia-icongrid-front '><div class=\"avia-icongrid-inner\"><div class='avia-icongrid-icon'><span class='icongrid-char avia-iconfont avia-font-entypo-fontello' data-av_icon='\ue80d' data-av_iconfont='entypo-fontello' ><\/span><\/div><header class=\"entry-content-header\" aria-label=\"Icon: Atendimento de urg\u00eancia em endodontia\"><h4 class='av_icongrid_title icongrid_title '  itemprop=\"headline\" >Atendimento de urg\u00eancia em endodontia<\/h4><\/header><\/div><\/div><div class='avia-icongrid-content' data-class-flipback=''><div class=\"avia-icongrid-inner\"><div class='avia-icongrid-text'  itemprop=\"text\" ><\/div><\/div><\/div><\/article><\/a><\/li>\n<li class='av-icon-cell-item av-row-with-5-cells av-row-nr-2 av-cell-3 av-next-cell-row av-inner-cell-item'><a href='https:\/\/www.youtube.com\/watch?v=NQab2VbMaO4' title='Tratamento endod\u00f4ntico radical na denti\u00e7\u00e3o dec\u00eddua'  class='avia-icongrid-wrapper av-l3qk0f9n-04c217609ea450de7bc71688df736b92'><article class='article-icon-entry av-icongrid-empty'  itemscope=\"itemscope\" itemtype=\"https:\/\/schema.org\/CreativeWork\" ><div class='avia-icongrid-front '><div class=\"avia-icongrid-inner\"><div class='avia-icongrid-icon'><span class='icongrid-char avia-iconfont avia-font-entypo-fontello' data-av_icon='\ue80d' data-av_iconfont='entypo-fontello' ><\/span><\/div><header class=\"entry-content-header\" aria-label=\"Icon: Tratamento endod\u00f4ntico radical na denti\u00e7\u00e3o dec\u00eddua\"><h4 class='av_icongrid_title icongrid_title '  itemprop=\"headline\" >Tratamento endod\u00f4ntico radical na denti\u00e7\u00e3o dec\u00eddua<\/h4><\/header><\/div><\/div><div class='avia-icongrid-content' data-class-flipback=''><div class=\"avia-icongrid-inner\"><div class='avia-icongrid-text'  itemprop=\"text\" ><\/div><\/div><\/div><\/article><\/a><\/li>\n<li class='av-icon-cell-item av-row-with-5-cells av-row-nr-2 av-cell-4 av-next-cell-row av-inner-cell-item'><a href='https:\/\/www.youtube.com\/watch?v=iuMPyD0huNI' title='Endodontia em Odontopediatria'  class='avia-icongrid-wrapper av-l3qk0v5w-648a52e4dd4ffe93eba8c400d508b4e5'><article class='article-icon-entry av-icongrid-empty'  itemscope=\"itemscope\" itemtype=\"https:\/\/schema.org\/CreativeWork\" ><div class='avia-icongrid-front '><div class=\"avia-icongrid-inner\"><div class='avia-icongrid-icon'><span class='icongrid-char avia-iconfont avia-font-entypo-fontello' data-av_icon='\ue80d' data-av_iconfont='entypo-fontello' ><\/span><\/div><header class=\"entry-content-header\" aria-label=\"Icon: Endodontia em Odontopediatria\"><h4 class='av_icongrid_title icongrid_title '  itemprop=\"headline\" >Endodontia em Odontopediatria<\/h4><\/header><\/div><\/div><div class='avia-icongrid-content' data-class-flipback=''><div class=\"avia-icongrid-inner\"><div class='avia-icongrid-text'  itemprop=\"text\" ><\/div><\/div><\/div><\/article><\/a><\/li>\n<li class='av-icon-cell-item av-row-with-5-cells av-row-nr-2 av-cell-5 av-next-cell-row av-last-cell-item'><a href='https:\/\/www.youtube.com\/watch?v=b1-JL8j0BfE' title='Diagn\u00f3stico e Abordagem de Dores de Origem Pulpar'  class='avia-icongrid-wrapper av-l3qk1ile-3a6eac5f4e19e0f3a563bfc3d0bf7ceb'><article class='article-icon-entry av-icongrid-empty'  itemscope=\"itemscope\" itemtype=\"https:\/\/schema.org\/CreativeWork\" ><div class='avia-icongrid-front '><div class=\"avia-icongrid-inner\"><div class='avia-icongrid-icon'><span class='icongrid-char avia-iconfont avia-font-entypo-fontello' data-av_icon='\ue80d' data-av_iconfont='entypo-fontello' ><\/span><\/div><header class=\"entry-content-header\" aria-label=\"Icon: Diagn\u00f3stico e Abordagem de Dores de Origem Pulpar\"><h4 class='av_icongrid_title icongrid_title '  itemprop=\"headline\" >Diagn\u00f3stico e Abordagem de Dores de Origem Pulpar<\/h4><\/header><\/div><\/div><div class='avia-icongrid-content' data-class-flipback=''><div class=\"avia-icongrid-inner\"><div class='avia-icongrid-text'  itemprop=\"text\" ><\/div><\/div><\/div><\/article><\/a><\/li>\n<li class='av-icon-cell-item av-row-with-5-cells av-row-nr-3 av-cell-1 av-next-cell-row av-first-cell-item'><a href='https:\/\/www.youtube.com\/live\/UVsCH8Q0xXQ?si=JO5eI9w4i8gZirK_' title='Diagn\u00f3stico e Tratamento de Dores de Origem Endod\u00f4ntica'  class='avia-icongrid-wrapper av-l3qk1ile-79ead47ae5b11a8fcfb6cc69e364b376'><article class='article-icon-entry av-icongrid-empty'  itemscope=\"itemscope\" itemtype=\"https:\/\/schema.org\/CreativeWork\" ><div class='avia-icongrid-front '><div class=\"avia-icongrid-inner\"><div class='avia-icongrid-icon'><span class='icongrid-char avia-iconfont avia-font-entypo-fontello' data-av_icon='\ue80d' data-av_iconfont='entypo-fontello' ><\/span><\/div><header class=\"entry-content-header\" aria-label=\"Icon: Diagn\u00f3stico e Tratamento de Dores de Origem Endod\u00f4ntica\"><h4 class='av_icongrid_title icongrid_title '  itemprop=\"headline\" >Diagn\u00f3stico e Tratamento de Dores de Origem Endod\u00f4ntica<\/h4><\/header><\/div><\/div><div class='avia-icongrid-content' data-class-flipback=''><div class=\"avia-icongrid-inner\"><div class='avia-icongrid-text'  itemprop=\"text\" ><\/div><\/div><\/div><\/article><\/a><\/li>\n<\/ul><\/div>\n","protected":false},"excerpt":{"rendered":"","protected":false},"author":5,"featured_media":0,"parent":0,"menu_order":0,"comment_status":"closed","ping_status":"closed","template":"","meta":{"inline_featured_image":false,"footnotes":""},"class_list":["post-1672","page","type-page","status-publish","hentry"],"yoast_head":"<!-- This site is optimized with the Yoast SEO plugin v27.6 - https:\/\/yoast.com\/product\/yoast-seo-wordpress\/ -->\n<title>Endodontia - Projeto Teleodontologia<\/title>\n<meta name=\"robots\" content=\"index, follow, max-snippet:-1, max-image-preview:large, max-video-preview:-1\" \/>\n<link rel=\"canonical\" href=\"https:\/\/www.odonto.ufmg.br\/teleodontologia\/endodontia\/\" \/>\n<meta property=\"og:locale\" content=\"pt_BR\" \/>\n<meta property=\"og:type\" content=\"article\" \/>\n<meta property=\"og:title\" content=\"Endodontia - Projeto Teleodontologia\" \/>\n<meta property=\"og:url\" content=\"https:\/\/www.odonto.ufmg.br\/teleodontologia\/endodontia\/\" \/>\n<meta property=\"og:site_name\" content=\"Projeto Teleodontologia\" \/>\n<meta property=\"article:modified_time\" content=\"2024-10-02T23:54:28+00:00\" \/>\n<meta name=\"twitter:card\" content=\"summary_large_image\" \/>\n<meta name=\"twitter:label1\" content=\"Est. tempo de leitura\" \/>\n\t<meta name=\"twitter:data1\" content=\"1 minuto\" \/>\n<script type=\"application\/ld+json\" class=\"yoast-schema-graph\">{\"@context\":\"https:\\\/\\\/schema.org\",\"@graph\":[{\"@type\":\"WebPage\",\"@id\":\"https:\\\/\\\/www.odonto.ufmg.br\\\/teleodontologia\\\/endodontia\\\/\",\"url\":\"https:\\\/\\\/www.odonto.ufmg.br\\\/teleodontologia\\\/endodontia\\\/\",\"name\":\"Endodontia - Projeto Teleodontologia\",\"isPartOf\":{\"@id\":\"https:\\\/\\\/www.odonto.ufmg.br\\\/teleodontologia\\\/#website\"},\"datePublished\":\"2022-01-25T14:32:31+00:00\",\"dateModified\":\"2024-10-02T23:54:28+00:00\",\"breadcrumb\":{\"@id\":\"https:\\\/\\\/www.odonto.ufmg.br\\\/teleodontologia\\\/endodontia\\\/#breadcrumb\"},\"inLanguage\":\"pt-BR\",\"potentialAction\":[{\"@type\":\"ReadAction\",\"target\":[\"https:\\\/\\\/www.odonto.ufmg.br\\\/teleodontologia\\\/endodontia\\\/\"]}]},{\"@type\":\"BreadcrumbList\",\"@id\":\"https:\\\/\\\/www.odonto.ufmg.br\\\/teleodontologia\\\/endodontia\\\/#breadcrumb\",\"itemListElement\":[{\"@type\":\"ListItem\",\"position\":1,\"name\":\"In\u00edcio\",\"item\":\"https:\\\/\\\/www.odonto.ufmg.br\\\/teleodontologia\\\/home\\\/\"},{\"@type\":\"ListItem\",\"position\":2,\"name\":\"Endodontia\"}]},{\"@type\":\"WebSite\",\"@id\":\"https:\\\/\\\/www.odonto.ufmg.br\\\/teleodontologia\\\/#website\",\"url\":\"https:\\\/\\\/www.odonto.ufmg.br\\\/teleodontologia\\\/\",\"name\":\"Projeto Teleodontologia\",\"description\":\"Biblioteca Virtual\",\"potentialAction\":[{\"@type\":\"SearchAction\",\"target\":{\"@type\":\"EntryPoint\",\"urlTemplate\":\"https:\\\/\\\/www.odonto.ufmg.br\\\/teleodontologia\\\/?s={search_term_string}\"},\"query-input\":{\"@type\":\"PropertyValueSpecification\",\"valueRequired\":true,\"valueName\":\"search_term_string\"}}],\"inLanguage\":\"pt-BR\"}]}<\/script>\n<!-- \/ Yoast SEO plugin. -->","yoast_head_json":{"title":"Endodontia - Projeto Teleodontologia","robots":{"index":"index","follow":"follow","max-snippet":"max-snippet:-1","max-image-preview":"max-image-preview:large","max-video-preview":"max-video-preview:-1"},"canonical":"https:\/\/www.odonto.ufmg.br\/teleodontologia\/endodontia\/","og_locale":"pt_BR","og_type":"article","og_title":"Endodontia - Projeto Teleodontologia","og_url":"https:\/\/www.odonto.ufmg.br\/teleodontologia\/endodontia\/","og_site_name":"Projeto Teleodontologia","article_modified_time":"2024-10-02T23:54:28+00:00","twitter_card":"summary_large_image","twitter_misc":{"Est. tempo de leitura":"1 minuto"},"schema":{"@context":"https:\/\/schema.org","@graph":[{"@type":"WebPage","@id":"https:\/\/www.odonto.ufmg.br\/teleodontologia\/endodontia\/","url":"https:\/\/www.odonto.ufmg.br\/teleodontologia\/endodontia\/","name":"Endodontia - Projeto Teleodontologia","isPartOf":{"@id":"https:\/\/www.odonto.ufmg.br\/teleodontologia\/#website"},"datePublished":"2022-01-25T14:32:31+00:00","dateModified":"2024-10-02T23:54:28+00:00","breadcrumb":{"@id":"https:\/\/www.odonto.ufmg.br\/teleodontologia\/endodontia\/#breadcrumb"},"inLanguage":"pt-BR","potentialAction":[{"@type":"ReadAction","target":["https:\/\/www.odonto.ufmg.br\/teleodontologia\/endodontia\/"]}]},{"@type":"BreadcrumbList","@id":"https:\/\/www.odonto.ufmg.br\/teleodontologia\/endodontia\/#breadcrumb","itemListElement":[{"@type":"ListItem","position":1,"name":"In\u00edcio","item":"https:\/\/www.odonto.ufmg.br\/teleodontologia\/home\/"},{"@type":"ListItem","position":2,"name":"Endodontia"}]},{"@type":"WebSite","@id":"https:\/\/www.odonto.ufmg.br\/teleodontologia\/#website","url":"https:\/\/www.odonto.ufmg.br\/teleodontologia\/","name":"Projeto Teleodontologia","description":"Biblioteca Virtual","potentialAction":[{"@type":"SearchAction","target":{"@type":"EntryPoint","urlTemplate":"https:\/\/www.odonto.ufmg.br\/teleodontologia\/?s={search_term_string}"},"query-input":{"@type":"PropertyValueSpecification","valueRequired":true,"valueName":"search_term_string"}}],"inLanguage":"pt-BR"}]}},"_links":{"self":[{"href":"https:\/\/www.odonto.ufmg.br\/teleodontologia\/wp-json\/wp\/v2\/pages\/1672","targetHints":{"allow":["GET"]}}],"collection":[{"href":"https:\/\/www.odonto.ufmg.br\/teleodontologia\/wp-json\/wp\/v2\/pages"}],"about":[{"href":"https:\/\/www.odonto.ufmg.br\/teleodontologia\/wp-json\/wp\/v2\/types\/page"}],"author":[{"embeddable":true,"href":"https:\/\/www.odonto.ufmg.br\/teleodontologia\/wp-json\/wp\/v2\/users\/5"}],"replies":[{"embeddable":true,"href":"https:\/\/www.odonto.ufmg.br\/teleodontologia\/wp-json\/wp\/v2\/comments?post=1672"}],"version-history":[{"count":3,"href":"https:\/\/www.odonto.ufmg.br\/teleodontologia\/wp-json\/wp\/v2\/pages\/1672\/revisions"}],"predecessor-version":[{"id":2385,"href":"https:\/\/www.odonto.ufmg.br\/teleodontologia\/wp-json\/wp\/v2\/pages\/1672\/revisions\/2385"}],"wp:attachment":[{"href":"https:\/\/www.odonto.ufmg.br\/teleodontologia\/wp-json\/wp\/v2\/media?parent=1672"}],"curies":[{"name":"wp","href":"https:\/\/api.w.org\/{rel}","templated":true}]}}