{"id":1669,"date":"2022-01-25T11:32:17","date_gmt":"2022-01-25T14:32:17","guid":{"rendered":"https:\/\/www.odonto.ufmg.br\/teleodonto\/?page_id=1669"},"modified":"2025-04-03T19:40:45","modified_gmt":"2025-04-03T22:40:45","slug":"dentistica","status":"publish","type":"page","link":"https:\/\/www.odonto.ufmg.br\/teleodontologia\/dentistica\/","title":{"rendered":"Dent\u00edstica"},"content":{"rendered":"<div id='av_section_1'  class='avia-section av-5e2x2d-6c1d56c993055304d690135d3b323b2c main_color avia-section-small avia-no-border-styling  avia-builder-el-0  el_before_av_icongrid  avia-builder-el-first  avia-bg-style-scroll container_wrap fullsize'  ><div class='container av-section-cont-open' ><main  role=\"main\" itemprop=\"mainContentOfPage\"  class='template-page content  av-content-full alpha units'><div class='post-entry post-entry-type-page post-entry-1669'><div class='entry-content-wrapper clearfix'>\n\n<style type=\"text\/css\" data-created_by=\"avia_inline_auto\" id=\"style-css-av-kyu8jiai-1366ea984dedb95e44316c0e5d4bfcd3\">\n#top .av-special-heading.av-kyu8jiai-1366ea984dedb95e44316c0e5d4bfcd3{\npadding-bottom:10px;\ncolor:#000000;\nfont-size:40px;\n}\nbody .av-special-heading.av-kyu8jiai-1366ea984dedb95e44316c0e5d4bfcd3 .av-special-heading-tag .heading-char{\nfont-size:25px;\n}\n#top #wrap_all .av-special-heading.av-kyu8jiai-1366ea984dedb95e44316c0e5d4bfcd3 .av-special-heading-tag{\nfont-size:40px;\n}\n.av-special-heading.av-kyu8jiai-1366ea984dedb95e44316c0e5d4bfcd3 .special-heading-inner-border{\nborder-color:#000000;\n}\n.av-special-heading.av-kyu8jiai-1366ea984dedb95e44316c0e5d4bfcd3 .av-subheading{\nfont-size:15px;\n}\n\n@media only screen and (min-width: 480px) and (max-width: 767px){ \n#top #wrap_all .av-special-heading.av-kyu8jiai-1366ea984dedb95e44316c0e5d4bfcd3 .av-special-heading-tag{\nfont-size:0.8em;\n}\n}\n\n@media only screen and (max-width: 479px){ \n#top #wrap_all .av-special-heading.av-kyu8jiai-1366ea984dedb95e44316c0e5d4bfcd3 .av-special-heading-tag{\nfont-size:0.8em;\n}\n}\n<\/style>\n<div  class='av-special-heading av-kyu8jiai-1366ea984dedb95e44316c0e5d4bfcd3 av-special-heading-h1 custom-color-heading blockquote modern-quote modern-centered  avia-builder-el-1  el_before_av_hr  avia-builder-el-first  av-inherit-size'><h1 class='av-special-heading-tag '  itemprop=\"headline\"  >Dent\u00edstica<\/h1><div class=\"special-heading-border\"><div class=\"special-heading-inner-border\"><\/div><\/div><\/div>\n\n<style type=\"text\/css\" data-created_by=\"avia_inline_auto\" id=\"style-css-av-3x0c79-9f989d65d60dd7413c457b54bde2a5ed\">\n#top .hr.av-3x0c79-9f989d65d60dd7413c457b54bde2a5ed{\nmargin-top:0px;\nmargin-bottom:5px;\n}\n.hr.av-3x0c79-9f989d65d60dd7413c457b54bde2a5ed .hr-inner{\nwidth:100px;\nborder-color:#02989e;\n}\n<\/style>\n<div  class='hr av-3x0c79-9f989d65d60dd7413c457b54bde2a5ed hr-custom  avia-builder-el-2  el_after_av_heading  avia-builder-el-last  hr-center hr-icon-no'><span class='hr-inner inner-border-av-border-fat'><span class=\"hr-inner-style\"><\/span><\/span><\/div>\n<\/div><\/div><\/main><!-- close content main element --><\/div><\/div><div id='after_section_1'  class='main_color av_default_container_wrap container_wrap fullsize'  ><div class='container av-section-cont-open' ><div class='template-page content  av-content-full alpha units'><div class='post-entry post-entry-type-page post-entry-1669'><div class='entry-content-wrapper clearfix'>\n\n<style type=\"text\/css\" data-created_by=\"avia_inline_auto\" id=\"style-css-av-kyu8n1nc-065288a3b0fde80117e3909df091fc84\">\n.avia-icon-grid-container.av-kyu8n1nc-065288a3b0fde80117e3909df091fc84 .avia-icongrid{\njustify-content:space-between;\n}\n<\/style>\n<div  class='avia-icon-grid-container av-kyu8n1nc-065288a3b0fde80117e3909df091fc84  avia-builder-el-3  el_after_av_section  avia-builder-el-no-sibling ' ><ul id='avia-icongrid-69e68bc978f68' class='avia-icongrid clearfix avia_animate_when_almost_visible avia-icongrid-tooltip avia-icongrid-numrow-5 avia-cell-space-between av-flex-cells av-break-767 av-can-break-50'>\n<li class='av-icon-cell-item av-row-with-5-cells av-row-nr-1 av-cell-1 av-first-cell-row av-first-cell-item'><a href='https:\/\/www.youtube.com\/watch?v=pcRvI8F6okw' title='Restaura\u00e7\u00f5es Est\u00e9ticas em dentes posteriores'  class='avia-icongrid-wrapper av-2rshzp-ca9361ef7ea19dff1dd0cc82f1f17c4d'><article class='article-icon-entry av-icongrid-empty'  itemscope=\"itemscope\" itemtype=\"https:\/\/schema.org\/CreativeWork\" ><div class='avia-icongrid-front '><div class=\"avia-icongrid-inner\"><div class='avia-icongrid-icon'><span class='icongrid-char avia-iconfont avia-font-entypo-fontello' data-av_icon='\ue80d' data-av_iconfont='entypo-fontello' ><\/span><\/div><header class=\"entry-content-header\" aria-label=\"Icon: Restaura\u00e7\u00f5es Est\u00e9ticas em dentes posteriores\"><h4 class='av_icongrid_title icongrid_title '  itemprop=\"headline\" >Restaura\u00e7\u00f5es Est\u00e9ticas em dentes posteriores<\/h4><\/header><\/div><\/div><div class='avia-icongrid-content' data-class-flipback=''><div class=\"avia-icongrid-inner\"><div class='avia-icongrid-text'  itemprop=\"text\" ><\/div><\/div><\/div><\/article><\/a><\/li>\n<li class='av-icon-cell-item av-row-with-5-cells av-row-nr-1 av-cell-2 av-first-cell-row av-inner-cell-item'><a href='https:\/\/www.youtube.com\/watch?v=_m3Kg_WGldI' title='Sele\u00e7\u00e3o de cor e estratifica\u00e7\u00e3o de resinas compostas'  class='avia-icongrid-wrapper av-kyu8l4kn-04420d4b2b26509abdcb9bb40b384fac'><article class='article-icon-entry av-icongrid-empty'  itemscope=\"itemscope\" itemtype=\"https:\/\/schema.org\/CreativeWork\" ><div class='avia-icongrid-front '><div class=\"avia-icongrid-inner\"><div class='avia-icongrid-icon'><span class='icongrid-char avia-iconfont avia-font-entypo-fontello' data-av_icon='\ue80d' data-av_iconfont='entypo-fontello' ><\/span><\/div><header class=\"entry-content-header\" aria-label=\"Icon: Sele\u00e7\u00e3o de cor e estratifica\u00e7\u00e3o de resinas compostas\"><h4 class='av_icongrid_title icongrid_title '  itemprop=\"headline\" >Sele\u00e7\u00e3o de cor e estratifica\u00e7\u00e3o de resinas compostas<\/h4><\/header><\/div><\/div><div class='avia-icongrid-content' data-class-flipback=''><div class=\"avia-icongrid-inner\"><div class='avia-icongrid-text'  itemprop=\"text\" ><\/div><\/div><\/div><\/article><\/a><\/li>\n<li class='av-icon-cell-item av-row-with-5-cells av-row-nr-1 av-cell-3 av-first-cell-row av-inner-cell-item'><a href='https:\/\/www.youtube.com\/watch?v=-25JDAInRGo' title='Diagn\u00f3stico e Tratamento da Carie Dent\u00e1ria: abordagens atuais'  class='avia-icongrid-wrapper av-kyu8lgbv-03d9ef51d07efdc0e05ffbb8d2a0c01c'><article class='article-icon-entry av-icongrid-empty'  itemscope=\"itemscope\" itemtype=\"https:\/\/schema.org\/CreativeWork\" ><div class='avia-icongrid-front '><div class=\"avia-icongrid-inner\"><div class='avia-icongrid-icon'><span class='icongrid-char avia-iconfont avia-font-entypo-fontello' data-av_icon='\ue80d' data-av_iconfont='entypo-fontello' ><\/span><\/div><header class=\"entry-content-header\" aria-label=\"Icon: Diagn\u00f3stico e Tratamento da Carie Dent\u00e1ria: abordagens atuais\"><h4 class='av_icongrid_title icongrid_title '  itemprop=\"headline\" >Diagn\u00f3stico e Tratamento da Carie Dent\u00e1ria: abordagens atuais<\/h4><\/header><\/div><\/div><div class='avia-icongrid-content' data-class-flipback=''><div class=\"avia-icongrid-inner\"><div class='avia-icongrid-text'  itemprop=\"text\" ><\/div><\/div><\/div><\/article><\/a><\/li>\n<li class='av-icon-cell-item av-row-with-5-cells av-row-nr-1 av-cell-4 av-first-cell-row av-inner-cell-item'><a href='https:\/\/www.youtube.com\/watch?v=WQRfZAvLn0k' title='Est\u00e9tica em restaura\u00e7\u00f5es de dentes anteriores'  class='avia-icongrid-wrapper av-kyu8ls8l-4608afb932cf53c55ade663e4a21af40'><article class='article-icon-entry av-icongrid-empty'  itemscope=\"itemscope\" itemtype=\"https:\/\/schema.org\/CreativeWork\" ><div class='avia-icongrid-front '><div class=\"avia-icongrid-inner\"><div class='avia-icongrid-icon'><span class='icongrid-char avia-iconfont avia-font-entypo-fontello' data-av_icon='\ue80d' data-av_iconfont='entypo-fontello' ><\/span><\/div><header class=\"entry-content-header\" aria-label=\"Icon: Est\u00e9tica em restaura\u00e7\u00f5es de dentes anteriores\"><h4 class='av_icongrid_title icongrid_title '  itemprop=\"headline\" >Est\u00e9tica em restaura\u00e7\u00f5es de dentes anteriores<\/h4><\/header><\/div><\/div><div class='avia-icongrid-content' data-class-flipback=''><div class=\"avia-icongrid-inner\"><div class='avia-icongrid-text'  itemprop=\"text\" ><\/div><\/div><\/div><\/article><\/a><\/li>\n<li class='av-icon-cell-item av-row-with-5-cells av-row-nr-1 av-cell-5 av-first-cell-row av-last-cell-item'><a href='https:\/\/www.youtube.com\/watch?v=zA4ZZwBDwcw' title='Les\u00f5es cervicais n\u00e3o cariosas: condutas cl\u00ednicas'  class='avia-icongrid-wrapper av-kyu8m1ie-38fb661197d9680f7d5664649df7c862'><article class='article-icon-entry av-icongrid-empty'  itemscope=\"itemscope\" itemtype=\"https:\/\/schema.org\/CreativeWork\" ><div class='avia-icongrid-front '><div class=\"avia-icongrid-inner\"><div class='avia-icongrid-icon'><span class='icongrid-char avia-iconfont avia-font-entypo-fontello' data-av_icon='\ue80d' data-av_iconfont='entypo-fontello' ><\/span><\/div><header class=\"entry-content-header\" aria-label=\"Icon: Les\u00f5es cervicais n\u00e3o cariosas: condutas cl\u00ednicas\"><h4 class='av_icongrid_title icongrid_title '  itemprop=\"headline\" >Les\u00f5es cervicais n\u00e3o cariosas: condutas cl\u00ednicas<\/h4><\/header><\/div><\/div><div class='avia-icongrid-content' data-class-flipback=''><div class=\"avia-icongrid-inner\"><div class='avia-icongrid-text'  itemprop=\"text\" ><\/div><\/div><\/div><\/article><\/a><\/li>\n<li class='av-icon-cell-item av-row-with-5-cells av-row-nr-2 av-cell-1 av-next-cell-row av-first-cell-item'><a href='https:\/\/www.youtube.com\/watch?v=OPNkQ0Mp4Vs' title='Bruxismo: causas, diagn\u00f3stico, consequ\u00eancias e tratamento'  class='avia-icongrid-wrapper av-kyu8metf-d31978d6dbd4da2354b2c3a93491719d'><article class='article-icon-entry av-icongrid-empty'  itemscope=\"itemscope\" itemtype=\"https:\/\/schema.org\/CreativeWork\" ><div class='avia-icongrid-front '><div class=\"avia-icongrid-inner\"><div class='avia-icongrid-icon'><span class='icongrid-char avia-iconfont avia-font-entypo-fontello' data-av_icon='\ue80d' data-av_iconfont='entypo-fontello' ><\/span><\/div><header class=\"entry-content-header\" aria-label=\"Icon: Bruxismo: causas, diagn\u00f3stico, consequ\u00eancias e tratamento\"><h4 class='av_icongrid_title icongrid_title '  itemprop=\"headline\" >Bruxismo: causas, diagn\u00f3stico, consequ\u00eancias e tratamento<\/h4><\/header><\/div><\/div><div class='avia-icongrid-content' data-class-flipback=''><div class=\"avia-icongrid-inner\"><div class='avia-icongrid-text'  itemprop=\"text\" ><\/div><\/div><\/div><\/article><\/a><\/li>\n<li class='av-icon-cell-item av-row-with-5-cells av-row-nr-2 av-cell-2 av-next-cell-row av-inner-cell-item'><a href='https:\/\/www.youtube.com\/watch?v=8_fTzbh6wo8&amp;t=1s' title='Cimentos de Ion\u00f4mero de Vidro'  class='avia-icongrid-wrapper av-kyu8mrpj-2a35c0bd8d5d5ebc7fc7b99bfb4b8b1d'><article class='article-icon-entry av-icongrid-empty'  itemscope=\"itemscope\" itemtype=\"https:\/\/schema.org\/CreativeWork\" ><div class='avia-icongrid-front '><div class=\"avia-icongrid-inner\"><div class='avia-icongrid-icon'><span class='icongrid-char avia-iconfont avia-font-entypo-fontello' data-av_icon='\ue80d' data-av_iconfont='entypo-fontello' ><\/span><\/div><header class=\"entry-content-header\" aria-label=\"Icon: Cimentos de Ion\u00f4mero de Vidro\"><h4 class='av_icongrid_title icongrid_title '  itemprop=\"headline\" >Cimentos de Ion\u00f4mero de Vidro<\/h4><\/header><\/div><\/div><div class='avia-icongrid-content' data-class-flipback=''><div class=\"avia-icongrid-inner\"><div class='avia-icongrid-text'  itemprop=\"text\" ><\/div><\/div><\/div><\/article><\/a><\/li>\n<li class='av-icon-cell-item av-row-with-5-cells av-row-nr-2 av-cell-3 av-next-cell-row av-inner-cell-item'><a href='https:\/\/www.youtube.com\/watch?v=vu4taEkGUaU' title='Prote\u00e7\u00e3o do Complexo Dentino-Polpa'  class='avia-icongrid-wrapper av-kyu8mrpj-2-0f7cb39888a11858ea2854e0f449e89e'><article class='article-icon-entry av-icongrid-empty'  itemscope=\"itemscope\" itemtype=\"https:\/\/schema.org\/CreativeWork\" ><div class='avia-icongrid-front '><div class=\"avia-icongrid-inner\"><div class='avia-icongrid-icon'><span class='icongrid-char avia-iconfont avia-font-entypo-fontello' data-av_icon='\ue80d' data-av_iconfont='entypo-fontello' ><\/span><\/div><header class=\"entry-content-header\" aria-label=\"Icon: Prote\u00e7\u00e3o do Complexo Dentino-Polpa\"><h4 class='av_icongrid_title icongrid_title '  itemprop=\"headline\" >Prote\u00e7\u00e3o do Complexo Dentino-Polpa<\/h4><\/header><\/div><\/div><div class='avia-icongrid-content' data-class-flipback=''><div class=\"avia-icongrid-inner\"><div class='avia-icongrid-text'  itemprop=\"text\" ><\/div><\/div><\/div><\/article><\/a><\/li>\n<li class='av-icon-cell-item av-row-with-5-cells av-row-nr-2 av-cell-4 av-next-cell-row av-inner-cell-item'><a href='https:\/\/www.youtube.com\/watch?v=crsyGSHMxjY' title='Les\u00f5es cervicais n\u00e3o cariosas - protocolos cl\u00ednicos'  class='avia-icongrid-wrapper av-kyu8mrpj-1-7759d89f3a8bf52ab71566ccba5c6578'><article class='article-icon-entry av-icongrid-empty'  itemscope=\"itemscope\" itemtype=\"https:\/\/schema.org\/CreativeWork\" ><div class='avia-icongrid-front '><div class=\"avia-icongrid-inner\"><div class='avia-icongrid-icon'><span class='icongrid-char avia-iconfont avia-font-entypo-fontello' data-av_icon='\ue80d' data-av_iconfont='entypo-fontello' ><\/span><\/div><header class=\"entry-content-header\" aria-label=\"Icon: Les\u00f5es cervicais n\u00e3o cariosas - protocolos cl\u00ednicos\"><h4 class='av_icongrid_title icongrid_title '  itemprop=\"headline\" >Les\u00f5es cervicais n\u00e3o cariosas - protocolos cl\u00ednicos<\/h4><\/header><\/div><\/div><div class='avia-icongrid-content' data-class-flipback=''><div class=\"avia-icongrid-inner\"><div class='avia-icongrid-text'  itemprop=\"text\" ><\/div><\/div><\/div><\/article><\/a><\/li>\n<li class='av-icon-cell-item av-row-with-5-cells av-row-nr-2 av-cell-5 av-next-cell-row av-last-cell-item'><a href='https:\/\/www.youtube.com\/live\/lrbs2BbStHk?si=KrZswzAV2r5sSDgU' title='Falhas na Restaura\u00e7\u00e3o Adesiva'  class='avia-icongrid-wrapper av-kyu8mrpj-1-3-f80b9ae8b9a2cf1fdd1c6f97cff048fd'><article class='article-icon-entry av-icongrid-empty'  itemscope=\"itemscope\" itemtype=\"https:\/\/schema.org\/CreativeWork\" ><div class='avia-icongrid-front '><div class=\"avia-icongrid-inner\"><div class='avia-icongrid-icon'><span class='icongrid-char avia-iconfont avia-font-entypo-fontello' data-av_icon='\ue80d' data-av_iconfont='entypo-fontello' ><\/span><\/div><header class=\"entry-content-header\" aria-label=\"Icon: Falhas na Restaura\u00e7\u00e3o Adesiva\"><h4 class='av_icongrid_title icongrid_title '  itemprop=\"headline\" >Falhas na Restaura\u00e7\u00e3o Adesiva<\/h4><\/header><\/div><\/div><div class='avia-icongrid-content' data-class-flipback=''><div class=\"avia-icongrid-inner\"><div class='avia-icongrid-text'  itemprop=\"text\" ><\/div><\/div><\/div><\/article><\/a><\/li>\n<li class='av-icon-cell-item av-row-with-5-cells av-row-nr-3 av-cell-1 av-next-cell-row av-first-cell-item'><a href='https:\/\/www.youtube.com\/live\/XTxQ77i7gf8?si=1GEQqwUQrAYcXzpc' title='Tudo que o Cl\u00ednico Precisa Saber Sobre o Ion\u00f4mero de Vidro'  class='avia-icongrid-wrapper av-kyu8mrpj-1-2-02155c046dc8db383015cab174ddcea7'><article class='article-icon-entry av-icongrid-empty'  itemscope=\"itemscope\" itemtype=\"https:\/\/schema.org\/CreativeWork\" ><div class='avia-icongrid-front '><div class=\"avia-icongrid-inner\"><div class='avia-icongrid-icon'><span class='icongrid-char avia-iconfont avia-font-entypo-fontello' data-av_icon='\ue80d' data-av_iconfont='entypo-fontello' ><\/span><\/div><header class=\"entry-content-header\" aria-label=\"Icon: Tudo que o Cl\u00ednico Precisa Saber Sobre o Ion\u00f4mero de Vidro\"><h4 class='av_icongrid_title icongrid_title '  itemprop=\"headline\" >Tudo que o Cl\u00ednico Precisa Saber Sobre o Ion\u00f4mero de Vidro<\/h4><\/header><\/div><\/div><div class='avia-icongrid-content' data-class-flipback=''><div class=\"avia-icongrid-inner\"><div class='avia-icongrid-text'  itemprop=\"text\" ><\/div><\/div><\/div><\/article><\/a><\/li>\n<li class='av-icon-cell-item av-row-with-5-cells av-row-nr-3 av-cell-2 av-next-cell-row av-inner-cell-item'><a href='https:\/\/www.youtube.com\/live\/aYENU7YlVK0?si=Vfkdstcp4xvQ-M1Q' title='Restaura\u00e7\u00f5es de Resinas Anteriores: Otimizando Resultados'  class='avia-icongrid-wrapper av-kyu8mrpj-1-1-cf36b92685fff3f8208fa3c7b5c02740'><article class='article-icon-entry av-icongrid-empty'  itemscope=\"itemscope\" itemtype=\"https:\/\/schema.org\/CreativeWork\" ><div class='avia-icongrid-front '><div class=\"avia-icongrid-inner\"><div class='avia-icongrid-icon'><span class='icongrid-char avia-iconfont avia-font-entypo-fontello' data-av_icon='\ue80d' data-av_iconfont='entypo-fontello' ><\/span><\/div><header class=\"entry-content-header\" aria-label=\"Icon: Restaura\u00e7\u00f5es de Resinas Anteriores: Otimizando Resultados\"><h4 class='av_icongrid_title icongrid_title '  itemprop=\"headline\" >Restaura\u00e7\u00f5es de Resinas Anteriores: Otimizando Resultados<\/h4><\/header><\/div><\/div><div class='avia-icongrid-content' data-class-flipback=''><div class=\"avia-icongrid-inner\"><div class='avia-icongrid-text'  itemprop=\"text\" ><\/div><\/div><\/div><\/article><\/a><\/li>\n<li class='av-icon-cell-item av-row-with-5-cells av-row-nr-3 av-cell-3 av-next-cell-row av-inner-cell-item'><a href='https:\/\/www.youtube.com\/live\/rKSi_iuoVuQ?si=IhrDYSVaw2raeJ_L' title='Restaura\u00e7\u00f5es em resinas compostas posteriores - Quais s\u00e3o as suas d\u00favidas?'  class='avia-icongrid-wrapper av-kyu8mrpj-1-1-3b60d115ad5f1fa0fad16c2cc4b54c9e'><article class='article-icon-entry av-icongrid-empty'  itemscope=\"itemscope\" itemtype=\"https:\/\/schema.org\/CreativeWork\" ><div class='avia-icongrid-front '><div class=\"avia-icongrid-inner\"><div class='avia-icongrid-icon'><span class='icongrid-char avia-iconfont avia-font-entypo-fontello' data-av_icon='\ue80d' data-av_iconfont='entypo-fontello' ><\/span><\/div><header class=\"entry-content-header\" aria-label=\"Icon: Restaura\u00e7\u00f5es em resinas compostas posteriores - Quais s\u00e3o as suas d\u00favidas?\"><h4 class='av_icongrid_title icongrid_title '  itemprop=\"headline\" >Restaura\u00e7\u00f5es em resinas compostas posteriores - Quais s\u00e3o as suas d\u00favidas?<\/h4><\/header><\/div><\/div><div class='avia-icongrid-content' data-class-flipback=''><div class=\"avia-icongrid-inner\"><div class='avia-icongrid-text'  itemprop=\"text\" ><\/div><\/div><\/div><\/article><\/a><\/li>\n<\/ul><\/div>\n","protected":false},"excerpt":{"rendered":"","protected":false},"author":5,"featured_media":0,"parent":0,"menu_order":0,"comment_status":"closed","ping_status":"closed","template":"","meta":{"inline_featured_image":false,"footnotes":""},"class_list":["post-1669","page","type-page","status-publish","hentry"],"yoast_head":"<!-- This site is optimized with the Yoast SEO plugin v27.3 - https:\/\/yoast.com\/product\/yoast-seo-wordpress\/ -->\n<title>Dent\u00edstica - Projeto Teleodontologia<\/title>\n<meta name=\"robots\" content=\"index, follow, max-snippet:-1, max-image-preview:large, max-video-preview:-1\" \/>\n<link rel=\"canonical\" href=\"https:\/\/www.odonto.ufmg.br\/teleodontologia\/dentistica\/\" \/>\n<meta property=\"og:locale\" content=\"pt_BR\" \/>\n<meta property=\"og:type\" content=\"article\" \/>\n<meta property=\"og:title\" content=\"Dent\u00edstica - Projeto Teleodontologia\" \/>\n<meta property=\"og:url\" content=\"https:\/\/www.odonto.ufmg.br\/teleodontologia\/dentistica\/\" \/>\n<meta property=\"og:site_name\" content=\"Projeto Teleodontologia\" \/>\n<meta property=\"article:modified_time\" content=\"2025-04-03T22:40:45+00:00\" \/>\n<meta name=\"twitter:card\" content=\"summary_large_image\" \/>\n<meta name=\"twitter:label1\" content=\"Est. tempo de leitura\" \/>\n\t<meta name=\"twitter:data1\" content=\"1 minuto\" \/>\n<script type=\"application\/ld+json\" class=\"yoast-schema-graph\">{\"@context\":\"https:\\\/\\\/schema.org\",\"@graph\":[{\"@type\":\"WebPage\",\"@id\":\"https:\\\/\\\/www.odonto.ufmg.br\\\/teleodontologia\\\/dentistica\\\/\",\"url\":\"https:\\\/\\\/www.odonto.ufmg.br\\\/teleodontologia\\\/dentistica\\\/\",\"name\":\"Dent\u00edstica - Projeto Teleodontologia\",\"isPartOf\":{\"@id\":\"https:\\\/\\\/www.odonto.ufmg.br\\\/teleodontologia\\\/#website\"},\"datePublished\":\"2022-01-25T14:32:17+00:00\",\"dateModified\":\"2025-04-03T22:40:45+00:00\",\"breadcrumb\":{\"@id\":\"https:\\\/\\\/www.odonto.ufmg.br\\\/teleodontologia\\\/dentistica\\\/#breadcrumb\"},\"inLanguage\":\"pt-BR\",\"potentialAction\":[{\"@type\":\"ReadAction\",\"target\":[\"https:\\\/\\\/www.odonto.ufmg.br\\\/teleodontologia\\\/dentistica\\\/\"]}]},{\"@type\":\"BreadcrumbList\",\"@id\":\"https:\\\/\\\/www.odonto.ufmg.br\\\/teleodontologia\\\/dentistica\\\/#breadcrumb\",\"itemListElement\":[{\"@type\":\"ListItem\",\"position\":1,\"name\":\"In\u00edcio\",\"item\":\"https:\\\/\\\/www.odonto.ufmg.br\\\/teleodontologia\\\/home\\\/\"},{\"@type\":\"ListItem\",\"position\":2,\"name\":\"Dent\u00edstica\"}]},{\"@type\":\"WebSite\",\"@id\":\"https:\\\/\\\/www.odonto.ufmg.br\\\/teleodontologia\\\/#website\",\"url\":\"https:\\\/\\\/www.odonto.ufmg.br\\\/teleodontologia\\\/\",\"name\":\"Projeto Teleodontologia\",\"description\":\"Biblioteca Virtual\",\"potentialAction\":[{\"@type\":\"SearchAction\",\"target\":{\"@type\":\"EntryPoint\",\"urlTemplate\":\"https:\\\/\\\/www.odonto.ufmg.br\\\/teleodontologia\\\/?s={search_term_string}\"},\"query-input\":{\"@type\":\"PropertyValueSpecification\",\"valueRequired\":true,\"valueName\":\"search_term_string\"}}],\"inLanguage\":\"pt-BR\"}]}<\/script>\n<!-- \/ Yoast SEO plugin. -->","yoast_head_json":{"title":"Dent\u00edstica - Projeto Teleodontologia","robots":{"index":"index","follow":"follow","max-snippet":"max-snippet:-1","max-image-preview":"max-image-preview:large","max-video-preview":"max-video-preview:-1"},"canonical":"https:\/\/www.odonto.ufmg.br\/teleodontologia\/dentistica\/","og_locale":"pt_BR","og_type":"article","og_title":"Dent\u00edstica - Projeto Teleodontologia","og_url":"https:\/\/www.odonto.ufmg.br\/teleodontologia\/dentistica\/","og_site_name":"Projeto Teleodontologia","article_modified_time":"2025-04-03T22:40:45+00:00","twitter_card":"summary_large_image","twitter_misc":{"Est. tempo de leitura":"1 minuto"},"schema":{"@context":"https:\/\/schema.org","@graph":[{"@type":"WebPage","@id":"https:\/\/www.odonto.ufmg.br\/teleodontologia\/dentistica\/","url":"https:\/\/www.odonto.ufmg.br\/teleodontologia\/dentistica\/","name":"Dent\u00edstica - Projeto Teleodontologia","isPartOf":{"@id":"https:\/\/www.odonto.ufmg.br\/teleodontologia\/#website"},"datePublished":"2022-01-25T14:32:17+00:00","dateModified":"2025-04-03T22:40:45+00:00","breadcrumb":{"@id":"https:\/\/www.odonto.ufmg.br\/teleodontologia\/dentistica\/#breadcrumb"},"inLanguage":"pt-BR","potentialAction":[{"@type":"ReadAction","target":["https:\/\/www.odonto.ufmg.br\/teleodontologia\/dentistica\/"]}]},{"@type":"BreadcrumbList","@id":"https:\/\/www.odonto.ufmg.br\/teleodontologia\/dentistica\/#breadcrumb","itemListElement":[{"@type":"ListItem","position":1,"name":"In\u00edcio","item":"https:\/\/www.odonto.ufmg.br\/teleodontologia\/home\/"},{"@type":"ListItem","position":2,"name":"Dent\u00edstica"}]},{"@type":"WebSite","@id":"https:\/\/www.odonto.ufmg.br\/teleodontologia\/#website","url":"https:\/\/www.odonto.ufmg.br\/teleodontologia\/","name":"Projeto Teleodontologia","description":"Biblioteca Virtual","potentialAction":[{"@type":"SearchAction","target":{"@type":"EntryPoint","urlTemplate":"https:\/\/www.odonto.ufmg.br\/teleodontologia\/?s={search_term_string}"},"query-input":{"@type":"PropertyValueSpecification","valueRequired":true,"valueName":"search_term_string"}}],"inLanguage":"pt-BR"}]}},"_links":{"self":[{"href":"https:\/\/www.odonto.ufmg.br\/teleodontologia\/wp-json\/wp\/v2\/pages\/1669","targetHints":{"allow":["GET"]}}],"collection":[{"href":"https:\/\/www.odonto.ufmg.br\/teleodontologia\/wp-json\/wp\/v2\/pages"}],"about":[{"href":"https:\/\/www.odonto.ufmg.br\/teleodontologia\/wp-json\/wp\/v2\/types\/page"}],"author":[{"embeddable":true,"href":"https:\/\/www.odonto.ufmg.br\/teleodontologia\/wp-json\/wp\/v2\/users\/5"}],"replies":[{"embeddable":true,"href":"https:\/\/www.odonto.ufmg.br\/teleodontologia\/wp-json\/wp\/v2\/comments?post=1669"}],"version-history":[{"count":5,"href":"https:\/\/www.odonto.ufmg.br\/teleodontologia\/wp-json\/wp\/v2\/pages\/1669\/revisions"}],"predecessor-version":[{"id":2448,"href":"https:\/\/www.odonto.ufmg.br\/teleodontologia\/wp-json\/wp\/v2\/pages\/1669\/revisions\/2448"}],"wp:attachment":[{"href":"https:\/\/www.odonto.ufmg.br\/teleodontologia\/wp-json\/wp\/v2\/media?parent=1669"}],"curies":[{"name":"wp","href":"https:\/\/api.w.org\/{rel}","templated":true}]}}