{"id":1666,"date":"2022-01-25T11:32:06","date_gmt":"2022-01-25T14:32:06","guid":{"rendered":"https:\/\/www.odonto.ufmg.br\/teleodonto\/?page_id=1666"},"modified":"2022-01-25T11:55:23","modified_gmt":"2022-01-25T14:55:23","slug":"atencao-integral-ao-idoso","status":"publish","type":"page","link":"https:\/\/www.odonto.ufmg.br\/teleodontologia\/atencao-integral-ao-idoso\/","title":{"rendered":"Aten\u00e7\u00e3o Integral ao Idoso"},"content":{"rendered":"<div id='av_section_1'  class='avia-section av-av_section-75237c69a6a5328de0ee531a355d8c1b main_color avia-section-small avia-no-border-styling  avia-builder-el-0  el_before_av_icongrid  avia-builder-el-first  avia-bg-style-scroll container_wrap fullsize'  ><div class='container av-section-cont-open' ><main  role=\"main\" itemprop=\"mainContentOfPage\"  class='template-page content  av-content-full alpha units'><div class='post-entry post-entry-type-page post-entry-1666'><div class='entry-content-wrapper clearfix'>\n\n<style type=\"text\/css\" data-created_by=\"avia_inline_auto\" id=\"style-css-av-kyu8ouop-029f880e5c4c37f343cd68c8390551fc\">\n#top .av-special-heading.av-kyu8ouop-029f880e5c4c37f343cd68c8390551fc{\npadding-bottom:10px;\ncolor:#000000;\nfont-size:40px;\n}\nbody .av-special-heading.av-kyu8ouop-029f880e5c4c37f343cd68c8390551fc .av-special-heading-tag .heading-char{\nfont-size:25px;\n}\n#top #wrap_all .av-special-heading.av-kyu8ouop-029f880e5c4c37f343cd68c8390551fc .av-special-heading-tag{\nfont-size:40px;\n}\n.av-special-heading.av-kyu8ouop-029f880e5c4c37f343cd68c8390551fc .special-heading-inner-border{\nborder-color:#000000;\n}\n.av-special-heading.av-kyu8ouop-029f880e5c4c37f343cd68c8390551fc .av-subheading{\nfont-size:15px;\n}\n\n@media only screen and (min-width: 480px) and (max-width: 767px){ \n#top #wrap_all .av-special-heading.av-kyu8ouop-029f880e5c4c37f343cd68c8390551fc .av-special-heading-tag{\nfont-size:0.8em;\n}\n}\n\n@media only screen and (max-width: 479px){ \n#top #wrap_all .av-special-heading.av-kyu8ouop-029f880e5c4c37f343cd68c8390551fc .av-special-heading-tag{\nfont-size:0.8em;\n}\n}\n<\/style>\n<div  class='av-special-heading av-kyu8ouop-029f880e5c4c37f343cd68c8390551fc av-special-heading-h1 custom-color-heading blockquote modern-quote modern-centered  avia-builder-el-1  el_before_av_hr  avia-builder-el-first  av-inherit-size'><h1 class='av-special-heading-tag '  itemprop=\"headline\"  >Aten\u00e7\u00e3o Integral ao Idoso<\/h1><div class=\"special-heading-border\"><div class=\"special-heading-inner-border\"><\/div><\/div><\/div>\n\n<style type=\"text\/css\" data-created_by=\"avia_inline_auto\" id=\"style-css-av-av_hr-8ec430e429f5f73bf8d505b97b47cdbd\">\n#top .hr.av-av_hr-8ec430e429f5f73bf8d505b97b47cdbd{\nmargin-top:0px;\nmargin-bottom:5px;\n}\n.hr.av-av_hr-8ec430e429f5f73bf8d505b97b47cdbd .hr-inner{\nwidth:100px;\nborder-color:#02989e;\n}\n<\/style>\n<div  class='hr av-av_hr-8ec430e429f5f73bf8d505b97b47cdbd hr-custom  avia-builder-el-2  el_after_av_heading  avia-builder-el-last  hr-center hr-icon-no'><span class='hr-inner inner-border-av-border-fat'><span class=\"hr-inner-style\"><\/span><\/span><\/div>\n<\/div><\/div><\/main><!-- close content main element --><\/div><\/div><div id='after_section_1'  class='main_color av_default_container_wrap container_wrap fullsize'  ><div class='container av-section-cont-open' ><div class='template-page content  av-content-full alpha units'><div class='post-entry post-entry-type-page post-entry-1666'><div class='entry-content-wrapper clearfix'>\n<style type=\"text\/css\" data-created_by=\"avia_inline_auto\" id=\"style-css-av-kyu8q3t6-7888ec46a6a2ca714aa26c5778a9ccd2\">\n.avia-icon-grid-container.av-kyu8q3t6-7888ec46a6a2ca714aa26c5778a9ccd2 .avia-icongrid{\njustify-content:space-between;\n}\n<\/style>\n<div  class='avia-icon-grid-container av-kyu8q3t6-7888ec46a6a2ca714aa26c5778a9ccd2  avia-builder-el-3  el_after_av_section  avia-builder-el-no-sibling ' ><ul id='avia-icongrid-6a067b03de2f0' class='avia-icongrid clearfix avia_animate_when_almost_visible avia-icongrid-tooltip avia-icongrid-numrow-5 avia-cell-space-between av-flex-cells av-break-767 av-can-break-50'>\n<li class='av-icon-cell-item av-row-with-5-cells av-row-nr-1 av-cell-1 av-first-cell-row av-first-cell-item'><a href='https:\/\/www.youtube.com\/watch?v=bXyqfKZQa4Y' title='Altera\u00e7\u00f5es sangu\u00edneas e suas implica\u00e7\u00f5es no tratamento odontol\u00f3gico'  class='avia-icongrid-wrapper av-kyu8pmv9-a84b480f0677ab55d97ff353dd904af6'><article class='article-icon-entry av-icongrid-empty'  itemscope=\"itemscope\" itemtype=\"https:\/\/schema.org\/CreativeWork\" ><div class='avia-icongrid-front '><div class=\"avia-icongrid-inner\"><div class='avia-icongrid-icon'><span class='icongrid-char avia-iconfont avia-font-entypo-fontello' data-av_icon='\ue80d' data-av_iconfont='entypo-fontello' ><\/span><\/div><header class=\"entry-content-header\" aria-label=\"Icon: Altera\u00e7\u00f5es sangu\u00edneas e suas implica\u00e7\u00f5es no tratamento odontol\u00f3gico\"><h4 class='av_icongrid_title icongrid_title '  itemprop=\"headline\" >Altera\u00e7\u00f5es sangu\u00edneas e suas implica\u00e7\u00f5es no tratamento odontol\u00f3gico<\/h4><\/header><\/div><\/div><div class='avia-icongrid-content' data-class-flipback=''><div class=\"avia-icongrid-inner\"><div class='avia-icongrid-text'  itemprop=\"text\" ><\/div><\/div><\/div><\/article><\/a><\/li>\n<li class='av-icon-cell-item av-row-with-5-cells av-row-nr-1 av-cell-2 av-first-cell-row av-inner-cell-item'><a href='https:\/\/www.youtube.com\/watch?v=IERweOjrYbQ' title='Sa\u00fade bucal do Idoso'  class='avia-icongrid-wrapper av-kyu8pvfv-c7f04c0c44a27ece229f7d97b178432b'><article class='article-icon-entry av-icongrid-empty'  itemscope=\"itemscope\" itemtype=\"https:\/\/schema.org\/CreativeWork\" ><div class='avia-icongrid-front '><div class=\"avia-icongrid-inner\"><div class='avia-icongrid-icon'><span class='icongrid-char avia-iconfont avia-font-entypo-fontello' data-av_icon='\ue80d' data-av_iconfont='entypo-fontello' ><\/span><\/div><header class=\"entry-content-header\" aria-label=\"Icon: Sa\u00fade bucal do Idoso\"><h4 class='av_icongrid_title icongrid_title '  itemprop=\"headline\" >Sa\u00fade bucal do Idoso<\/h4><\/header><\/div><\/div><div class='avia-icongrid-content' data-class-flipback=''><div class=\"avia-icongrid-inner\"><div class='avia-icongrid-text'  itemprop=\"text\" ><\/div><\/div><\/div><\/article><\/a><\/li>\n<li class='av-icon-cell-item av-row-with-5-cells av-row-nr-1 av-cell-3 av-first-cell-row av-inner-cell-item'><a href='https:\/\/www.youtube.com\/watch?v=WXcwaIkQE5Q' title='Websimp\u00f3sio Reabilita\u00e7\u00e3o Prot\u00e9tica'  class='avia-icongrid-wrapper av-kyu8q2qm-bda19e98085ce7aa71c53cabcd9b8c88'><article class='article-icon-entry av-icongrid-empty'  itemscope=\"itemscope\" itemtype=\"https:\/\/schema.org\/CreativeWork\" ><div class='avia-icongrid-front '><div class=\"avia-icongrid-inner\"><div class='avia-icongrid-icon'><span class='icongrid-char avia-iconfont avia-font-entypo-fontello' data-av_icon='\ue80d' data-av_iconfont='entypo-fontello' ><\/span><\/div><header class=\"entry-content-header\" aria-label=\"Icon: Websimp\u00f3sio Reabilita\u00e7\u00e3o Prot\u00e9tica\"><h4 class='av_icongrid_title icongrid_title '  itemprop=\"headline\" >Websimp\u00f3sio Reabilita\u00e7\u00e3o Prot\u00e9tica<\/h4><\/header><\/div><\/div><div class='avia-icongrid-content' data-class-flipback=''><div class=\"avia-icongrid-inner\"><div class='avia-icongrid-text'  itemprop=\"text\" ><\/div><\/div><\/div><\/article><\/a><\/li>\n<\/ul><\/div><\/p>\n","protected":false},"excerpt":{"rendered":"","protected":false},"author":5,"featured_media":0,"parent":0,"menu_order":0,"comment_status":"closed","ping_status":"closed","template":"","meta":{"inline_featured_image":false,"footnotes":""},"class_list":["post-1666","page","type-page","status-publish","hentry"],"yoast_head":"<!-- This site is optimized with the Yoast SEO plugin v27.6 - https:\/\/yoast.com\/product\/yoast-seo-wordpress\/ -->\n<title>Aten\u00e7\u00e3o Integral ao Idoso - Projeto Teleodontologia<\/title>\n<meta name=\"robots\" content=\"index, follow, max-snippet:-1, max-image-preview:large, max-video-preview:-1\" \/>\n<link rel=\"canonical\" href=\"https:\/\/www.odonto.ufmg.br\/teleodontologia\/atencao-integral-ao-idoso\/\" \/>\n<meta property=\"og:locale\" content=\"pt_BR\" \/>\n<meta property=\"og:type\" content=\"article\" \/>\n<meta property=\"og:title\" content=\"Aten\u00e7\u00e3o Integral ao Idoso - Projeto Teleodontologia\" \/>\n<meta property=\"og:url\" content=\"https:\/\/www.odonto.ufmg.br\/teleodontologia\/atencao-integral-ao-idoso\/\" \/>\n<meta property=\"og:site_name\" content=\"Projeto Teleodontologia\" \/>\n<meta property=\"article:modified_time\" content=\"2022-01-25T14:55:23+00:00\" \/>\n<meta name=\"twitter:card\" content=\"summary_large_image\" \/>\n<meta name=\"twitter:label1\" content=\"Est. tempo de leitura\" \/>\n\t<meta name=\"twitter:data1\" content=\"5 minutos\" \/>\n<script type=\"application\/ld+json\" class=\"yoast-schema-graph\">{\"@context\":\"https:\\\/\\\/schema.org\",\"@graph\":[{\"@type\":\"WebPage\",\"@id\":\"https:\\\/\\\/www.odonto.ufmg.br\\\/teleodontologia\\\/atencao-integral-ao-idoso\\\/\",\"url\":\"https:\\\/\\\/www.odonto.ufmg.br\\\/teleodontologia\\\/atencao-integral-ao-idoso\\\/\",\"name\":\"Aten\u00e7\u00e3o Integral ao Idoso - Projeto Teleodontologia\",\"isPartOf\":{\"@id\":\"https:\\\/\\\/www.odonto.ufmg.br\\\/teleodontologia\\\/#website\"},\"datePublished\":\"2022-01-25T14:32:06+00:00\",\"dateModified\":\"2022-01-25T14:55:23+00:00\",\"breadcrumb\":{\"@id\":\"https:\\\/\\\/www.odonto.ufmg.br\\\/teleodontologia\\\/atencao-integral-ao-idoso\\\/#breadcrumb\"},\"inLanguage\":\"pt-BR\",\"potentialAction\":[{\"@type\":\"ReadAction\",\"target\":[\"https:\\\/\\\/www.odonto.ufmg.br\\\/teleodontologia\\\/atencao-integral-ao-idoso\\\/\"]}]},{\"@type\":\"BreadcrumbList\",\"@id\":\"https:\\\/\\\/www.odonto.ufmg.br\\\/teleodontologia\\\/atencao-integral-ao-idoso\\\/#breadcrumb\",\"itemListElement\":[{\"@type\":\"ListItem\",\"position\":1,\"name\":\"In\u00edcio\",\"item\":\"https:\\\/\\\/www.odonto.ufmg.br\\\/teleodontologia\\\/home\\\/\"},{\"@type\":\"ListItem\",\"position\":2,\"name\":\"Aten\u00e7\u00e3o Integral ao Idoso\"}]},{\"@type\":\"WebSite\",\"@id\":\"https:\\\/\\\/www.odonto.ufmg.br\\\/teleodontologia\\\/#website\",\"url\":\"https:\\\/\\\/www.odonto.ufmg.br\\\/teleodontologia\\\/\",\"name\":\"Projeto Teleodontologia\",\"description\":\"Biblioteca Virtual\",\"potentialAction\":[{\"@type\":\"SearchAction\",\"target\":{\"@type\":\"EntryPoint\",\"urlTemplate\":\"https:\\\/\\\/www.odonto.ufmg.br\\\/teleodontologia\\\/?s={search_term_string}\"},\"query-input\":{\"@type\":\"PropertyValueSpecification\",\"valueRequired\":true,\"valueName\":\"search_term_string\"}}],\"inLanguage\":\"pt-BR\"}]}<\/script>\n<!-- \/ Yoast SEO plugin. -->","yoast_head_json":{"title":"Aten\u00e7\u00e3o Integral ao Idoso - Projeto Teleodontologia","robots":{"index":"index","follow":"follow","max-snippet":"max-snippet:-1","max-image-preview":"max-image-preview:large","max-video-preview":"max-video-preview:-1"},"canonical":"https:\/\/www.odonto.ufmg.br\/teleodontologia\/atencao-integral-ao-idoso\/","og_locale":"pt_BR","og_type":"article","og_title":"Aten\u00e7\u00e3o Integral ao Idoso - Projeto Teleodontologia","og_url":"https:\/\/www.odonto.ufmg.br\/teleodontologia\/atencao-integral-ao-idoso\/","og_site_name":"Projeto Teleodontologia","article_modified_time":"2022-01-25T14:55:23+00:00","twitter_card":"summary_large_image","twitter_misc":{"Est. tempo de leitura":"5 minutos"},"schema":{"@context":"https:\/\/schema.org","@graph":[{"@type":"WebPage","@id":"https:\/\/www.odonto.ufmg.br\/teleodontologia\/atencao-integral-ao-idoso\/","url":"https:\/\/www.odonto.ufmg.br\/teleodontologia\/atencao-integral-ao-idoso\/","name":"Aten\u00e7\u00e3o Integral ao Idoso - Projeto Teleodontologia","isPartOf":{"@id":"https:\/\/www.odonto.ufmg.br\/teleodontologia\/#website"},"datePublished":"2022-01-25T14:32:06+00:00","dateModified":"2022-01-25T14:55:23+00:00","breadcrumb":{"@id":"https:\/\/www.odonto.ufmg.br\/teleodontologia\/atencao-integral-ao-idoso\/#breadcrumb"},"inLanguage":"pt-BR","potentialAction":[{"@type":"ReadAction","target":["https:\/\/www.odonto.ufmg.br\/teleodontologia\/atencao-integral-ao-idoso\/"]}]},{"@type":"BreadcrumbList","@id":"https:\/\/www.odonto.ufmg.br\/teleodontologia\/atencao-integral-ao-idoso\/#breadcrumb","itemListElement":[{"@type":"ListItem","position":1,"name":"In\u00edcio","item":"https:\/\/www.odonto.ufmg.br\/teleodontologia\/home\/"},{"@type":"ListItem","position":2,"name":"Aten\u00e7\u00e3o Integral ao Idoso"}]},{"@type":"WebSite","@id":"https:\/\/www.odonto.ufmg.br\/teleodontologia\/#website","url":"https:\/\/www.odonto.ufmg.br\/teleodontologia\/","name":"Projeto Teleodontologia","description":"Biblioteca Virtual","potentialAction":[{"@type":"SearchAction","target":{"@type":"EntryPoint","urlTemplate":"https:\/\/www.odonto.ufmg.br\/teleodontologia\/?s={search_term_string}"},"query-input":{"@type":"PropertyValueSpecification","valueRequired":true,"valueName":"search_term_string"}}],"inLanguage":"pt-BR"}]}},"_links":{"self":[{"href":"https:\/\/www.odonto.ufmg.br\/teleodontologia\/wp-json\/wp\/v2\/pages\/1666","targetHints":{"allow":["GET"]}}],"collection":[{"href":"https:\/\/www.odonto.ufmg.br\/teleodontologia\/wp-json\/wp\/v2\/pages"}],"about":[{"href":"https:\/\/www.odonto.ufmg.br\/teleodontologia\/wp-json\/wp\/v2\/types\/page"}],"author":[{"embeddable":true,"href":"https:\/\/www.odonto.ufmg.br\/teleodontologia\/wp-json\/wp\/v2\/users\/5"}],"replies":[{"embeddable":true,"href":"https:\/\/www.odonto.ufmg.br\/teleodontologia\/wp-json\/wp\/v2\/comments?post=1666"}],"version-history":[{"count":3,"href":"https:\/\/www.odonto.ufmg.br\/teleodontologia\/wp-json\/wp\/v2\/pages\/1666\/revisions"}],"predecessor-version":[{"id":1992,"href":"https:\/\/www.odonto.ufmg.br\/teleodontologia\/wp-json\/wp\/v2\/pages\/1666\/revisions\/1992"}],"wp:attachment":[{"href":"https:\/\/www.odonto.ufmg.br\/teleodontologia\/wp-json\/wp\/v2\/media?parent=1666"}],"curies":[{"name":"wp","href":"https:\/\/api.w.org\/{rel}","templated":true}]}}