{"id":1663,"date":"2022-01-25T11:31:56","date_gmt":"2022-01-25T14:31:56","guid":{"rendered":"https:\/\/www.odonto.ufmg.br\/teleodonto\/?page_id=1663"},"modified":"2022-01-25T11:59:24","modified_gmt":"2022-01-25T14:59:24","slug":"odontopediatria","status":"publish","type":"page","link":"https:\/\/www.odonto.ufmg.br\/teleodontologia\/odontopediatria\/","title":{"rendered":"Odontopediatria"},"content":{"rendered":"<div id='av_section_1'  class='avia-section av-av_section-75237c69a6a5328de0ee531a355d8c1b main_color avia-section-small avia-no-border-styling  avia-builder-el-0  el_before_av_icongrid  avia-builder-el-first  avia-bg-style-scroll container_wrap fullsize'  ><div class='container av-section-cont-open' ><main  role=\"main\" itemprop=\"mainContentOfPage\"  class='template-page content  av-content-full alpha units'><div class='post-entry post-entry-type-page post-entry-1663'><div class='entry-content-wrapper clearfix'>\n\n<style type=\"text\/css\" data-created_by=\"avia_inline_auto\" id=\"style-css-av-kyu8r2ip-18534292285977ebf2ee034db72b3d29\">\n#top .av-special-heading.av-kyu8r2ip-18534292285977ebf2ee034db72b3d29{\npadding-bottom:10px;\ncolor:#000000;\nfont-size:40px;\n}\nbody .av-special-heading.av-kyu8r2ip-18534292285977ebf2ee034db72b3d29 .av-special-heading-tag .heading-char{\nfont-size:25px;\n}\n#top #wrap_all .av-special-heading.av-kyu8r2ip-18534292285977ebf2ee034db72b3d29 .av-special-heading-tag{\nfont-size:40px;\n}\n.av-special-heading.av-kyu8r2ip-18534292285977ebf2ee034db72b3d29 .special-heading-inner-border{\nborder-color:#000000;\n}\n.av-special-heading.av-kyu8r2ip-18534292285977ebf2ee034db72b3d29 .av-subheading{\nfont-size:15px;\n}\n\n@media only screen and (min-width: 480px) and (max-width: 767px){ \n#top #wrap_all .av-special-heading.av-kyu8r2ip-18534292285977ebf2ee034db72b3d29 .av-special-heading-tag{\nfont-size:0.8em;\n}\n}\n\n@media only screen and (max-width: 479px){ \n#top #wrap_all .av-special-heading.av-kyu8r2ip-18534292285977ebf2ee034db72b3d29 .av-special-heading-tag{\nfont-size:0.8em;\n}\n}\n<\/style>\n<div  class='av-special-heading av-kyu8r2ip-18534292285977ebf2ee034db72b3d29 av-special-heading-h1 custom-color-heading blockquote modern-quote modern-centered  avia-builder-el-1  el_before_av_hr  avia-builder-el-first  av-inherit-size'><h1 class='av-special-heading-tag '  itemprop=\"headline\"  >Odontopediatria<\/h1><div class=\"special-heading-border\"><div class=\"special-heading-inner-border\"><\/div><\/div><\/div>\n\n<style type=\"text\/css\" data-created_by=\"avia_inline_auto\" id=\"style-css-av-av_hr-8ec430e429f5f73bf8d505b97b47cdbd\">\n#top .hr.av-av_hr-8ec430e429f5f73bf8d505b97b47cdbd{\nmargin-top:0px;\nmargin-bottom:5px;\n}\n.hr.av-av_hr-8ec430e429f5f73bf8d505b97b47cdbd .hr-inner{\nwidth:100px;\nborder-color:#02989e;\n}\n<\/style>\n<div  class='hr av-av_hr-8ec430e429f5f73bf8d505b97b47cdbd hr-custom  avia-builder-el-2  el_after_av_heading  avia-builder-el-last  hr-center hr-icon-no'><span class='hr-inner inner-border-av-border-fat'><span class=\"hr-inner-style\"><\/span><\/span><\/div>\n<\/div><\/div><\/main><!-- close content main element --><\/div><\/div><div id='after_section_1'  class='main_color av_default_container_wrap container_wrap fullsize'  ><div class='container av-section-cont-open' ><div class='template-page content  av-content-full alpha units'><div class='post-entry post-entry-type-page post-entry-1663'><div class='entry-content-wrapper clearfix'>\n<style type=\"text\/css\" data-created_by=\"avia_inline_auto\" id=\"style-css-av-kyu8v9ow-6a5a0f7c9b633bb88dad9a637001ef0c\">\n.avia-icon-grid-container.av-kyu8v9ow-6a5a0f7c9b633bb88dad9a637001ef0c .avia-icongrid{\njustify-content:space-between;\n}\n<\/style>\n<div  class='avia-icon-grid-container av-kyu8v9ow-6a5a0f7c9b633bb88dad9a637001ef0c  avia-builder-el-3  el_after_av_section  avia-builder-el-no-sibling ' ><ul id='avia-icongrid-6a03465fb0bf2' class='avia-icongrid clearfix avia_animate_when_almost_visible avia-icongrid-tooltip avia-icongrid-numrow-5 avia-cell-space-between av-flex-cells av-break-767 av-can-break-50'>\n<li class='av-icon-cell-item av-row-with-5-cells av-row-nr-1 av-cell-1 av-first-cell-row av-first-cell-item'><a href='https:\/\/www.youtube.com\/watch?v=kOtoYN-Q7ZU' title='Preven\u00e7\u00e3o da C\u00e1rie Dent\u00e1ria: abordagens atuais'  class='avia-icongrid-wrapper av-av_icongrid_item-3b7eda85e203c8a5053d285180d1889c'><article class='article-icon-entry av-icongrid-empty'  itemscope=\"itemscope\" itemtype=\"https:\/\/schema.org\/CreativeWork\" ><div class='avia-icongrid-front '><div class=\"avia-icongrid-inner\"><div class='avia-icongrid-icon'><span class='icongrid-char avia-iconfont avia-font-entypo-fontello' data-av_icon='\ue80d' data-av_iconfont='entypo-fontello' ><\/span><\/div><header class=\"entry-content-header\" aria-label=\"Icon: Preven\u00e7\u00e3o da C\u00e1rie Dent\u00e1ria: abordagens atuais\"><h4 class='av_icongrid_title icongrid_title '  itemprop=\"headline\" >Preven\u00e7\u00e3o da C\u00e1rie Dent\u00e1ria: abordagens atuais<\/h4><\/header><\/div><\/div><div class='avia-icongrid-content' data-class-flipback=''><div class=\"avia-icongrid-inner\"><div class='avia-icongrid-text'  itemprop=\"text\" ><\/div><\/div><\/div><\/article><\/a><\/li>\n<li class='av-icon-cell-item av-row-with-5-cells av-row-nr-1 av-cell-2 av-first-cell-row av-inner-cell-item'><a href='https:\/\/www.youtube.com\/watch?v=xQhdlVCsCIY' title='Altera\u00e7\u00f5es do Esmalte: Etiologia, Diagn\u00f3stico e Tratamento'  class='avia-icongrid-wrapper av-kyu8s8ka-9396acc9b82e5e6d69b467b1ba73c6e6'><article class='article-icon-entry av-icongrid-empty'  itemscope=\"itemscope\" itemtype=\"https:\/\/schema.org\/CreativeWork\" ><div class='avia-icongrid-front '><div class=\"avia-icongrid-inner\"><div class='avia-icongrid-icon'><span class='icongrid-char avia-iconfont avia-font-entypo-fontello' data-av_icon='\ue80d' data-av_iconfont='entypo-fontello' ><\/span><\/div><header class=\"entry-content-header\" aria-label=\"Icon: Altera\u00e7\u00f5es do Esmalte: Etiologia, Diagn\u00f3stico e Tratamento\"><h4 class='av_icongrid_title icongrid_title '  itemprop=\"headline\" >Altera\u00e7\u00f5es do Esmalte: Etiologia, Diagn\u00f3stico e Tratamento<\/h4><\/header><\/div><\/div><div class='avia-icongrid-content' data-class-flipback=''><div class=\"avia-icongrid-inner\"><div class='avia-icongrid-text'  itemprop=\"text\" ><\/div><\/div><\/div><\/article><\/a><\/li>\n<li class='av-icon-cell-item av-row-with-5-cells av-row-nr-1 av-cell-3 av-first-cell-row av-inner-cell-item'><a href='https:\/\/www.youtube.com\/watch?v=s6oEklQoaC4' title='Sa\u00fade bucal do beb\u00ea'  class='avia-icongrid-wrapper av-kyu8sfnf-2989de122fe4571900d8c7f9e4375af7'><article class='article-icon-entry av-icongrid-empty'  itemscope=\"itemscope\" itemtype=\"https:\/\/schema.org\/CreativeWork\" ><div class='avia-icongrid-front '><div class=\"avia-icongrid-inner\"><div class='avia-icongrid-icon'><span class='icongrid-char avia-iconfont avia-font-entypo-fontello' data-av_icon='\ue80d' data-av_iconfont='entypo-fontello' ><\/span><\/div><header class=\"entry-content-header\" aria-label=\"Icon: Sa\u00fade bucal do beb\u00ea\"><h4 class='av_icongrid_title icongrid_title '  itemprop=\"headline\" >Sa\u00fade bucal do beb\u00ea<\/h4><\/header><\/div><\/div><div class='avia-icongrid-content' data-class-flipback=''><div class=\"avia-icongrid-inner\"><div class='avia-icongrid-text'  itemprop=\"text\" ><\/div><\/div><\/div><\/article><\/a><\/li>\n<li class='av-icon-cell-item av-row-with-5-cells av-row-nr-1 av-cell-4 av-first-cell-row av-inner-cell-item'><a href='https:\/\/www.youtube.com\/watch?v=DVyHonzIivM' title='Alimenta\u00e7\u00e3o, estado nutricional e sa\u00fade bucal na inf\u00e2ncia'  class='avia-icongrid-wrapper av-kyu8sn2b-0c93cf17880aba5d262680e381882197'><article class='article-icon-entry av-icongrid-empty'  itemscope=\"itemscope\" itemtype=\"https:\/\/schema.org\/CreativeWork\" ><div class='avia-icongrid-front '><div class=\"avia-icongrid-inner\"><div class='avia-icongrid-icon'><span class='icongrid-char avia-iconfont avia-font-entypo-fontello' data-av_icon='\ue80d' data-av_iconfont='entypo-fontello' ><\/span><\/div><header class=\"entry-content-header\" aria-label=\"Icon: Alimenta\u00e7\u00e3o, estado nutricional e sa\u00fade bucal na inf\u00e2ncia\"><h4 class='av_icongrid_title icongrid_title '  itemprop=\"headline\" >Alimenta\u00e7\u00e3o, estado nutricional e sa\u00fade bucal na inf\u00e2ncia<\/h4><\/header><\/div><\/div><div class='avia-icongrid-content' data-class-flipback=''><div class=\"avia-icongrid-inner\"><div class='avia-icongrid-text'  itemprop=\"text\" ><\/div><\/div><\/div><\/article><\/a><\/li>\n<li class='av-icon-cell-item av-row-with-5-cells av-row-nr-1 av-cell-5 av-first-cell-row av-last-cell-item'><a href='https:\/\/www.youtube.com\/watch?v=rDrJu__-ODo' title='Doen\u00e7as bucais frequentes na inf\u00e2ncia'  class='avia-icongrid-wrapper av-kyu8sukc-c3b8e7e75f9e030b7097ca62368821ca'><article class='article-icon-entry av-icongrid-empty'  itemscope=\"itemscope\" itemtype=\"https:\/\/schema.org\/CreativeWork\" ><div class='avia-icongrid-front '><div class=\"avia-icongrid-inner\"><div class='avia-icongrid-icon'><span class='icongrid-char avia-iconfont avia-font-entypo-fontello' data-av_icon='\ue80d' data-av_iconfont='entypo-fontello' ><\/span><\/div><header class=\"entry-content-header\" aria-label=\"Icon: Doen\u00e7as bucais frequentes na inf\u00e2ncia\"><h4 class='av_icongrid_title icongrid_title '  itemprop=\"headline\" >Doen\u00e7as bucais frequentes na inf\u00e2ncia<\/h4><\/header><\/div><\/div><div class='avia-icongrid-content' data-class-flipback=''><div class=\"avia-icongrid-inner\"><div class='avia-icongrid-text'  itemprop=\"text\" ><\/div><\/div><\/div><\/article><\/a><\/li>\n<li class='av-icon-cell-item av-row-with-5-cells av-row-nr-2 av-cell-1 av-next-cell-row av-first-cell-item'><a href='https:\/\/www.youtube.com\/watch?v=_Xc7_vgX-8A' title='Endodontia em dentes dec\u00edduos'  class='avia-icongrid-wrapper av-kyu8t2zg-359e6125ec82a1f2a6ccd7df384794c5'><article class='article-icon-entry av-icongrid-empty'  itemscope=\"itemscope\" itemtype=\"https:\/\/schema.org\/CreativeWork\" ><div class='avia-icongrid-front '><div class=\"avia-icongrid-inner\"><div class='avia-icongrid-icon'><span class='icongrid-char avia-iconfont avia-font-entypo-fontello' data-av_icon='\ue80d' data-av_iconfont='entypo-fontello' ><\/span><\/div><header class=\"entry-content-header\" aria-label=\"Icon: Endodontia em dentes dec\u00edduos\"><h4 class='av_icongrid_title icongrid_title '  itemprop=\"headline\" >Endodontia em dentes dec\u00edduos<\/h4><\/header><\/div><\/div><div class='avia-icongrid-content' data-class-flipback=''><div class=\"avia-icongrid-inner\"><div class='avia-icongrid-text'  itemprop=\"text\" ><\/div><\/div><\/div><\/article><\/a><\/li>\n<li class='av-icon-cell-item av-row-with-5-cells av-row-nr-2 av-cell-2 av-next-cell-row av-inner-cell-item'><a href='https:\/\/www.youtube.com\/watch?v=h0okc9sk2gE' title='Tratamento Restaurador Atraum\u00e1tico \u2013 ART'  class='avia-icongrid-wrapper av-kyu8tcpm-10371d74091a2ac2e37ae05f119a83e5'><article class='article-icon-entry av-icongrid-empty'  itemscope=\"itemscope\" itemtype=\"https:\/\/schema.org\/CreativeWork\" ><div class='avia-icongrid-front '><div class=\"avia-icongrid-inner\"><div class='avia-icongrid-icon'><span class='icongrid-char avia-iconfont avia-font-entypo-fontello' data-av_icon='\ue80d' data-av_iconfont='entypo-fontello' ><\/span><\/div><header class=\"entry-content-header\" aria-label=\"Icon: Tratamento Restaurador Atraum\u00e1tico \u2013 ART\"><h4 class='av_icongrid_title icongrid_title '  itemprop=\"headline\" >Tratamento Restaurador Atraum\u00e1tico \u2013 ART<\/h4><\/header><\/div><\/div><div class='avia-icongrid-content' data-class-flipback=''><div class=\"avia-icongrid-inner\"><div class='avia-icongrid-text'  itemprop=\"text\" ><\/div><\/div><\/div><\/article><\/a><\/li>\n<li class='av-icon-cell-item av-row-with-5-cells av-row-nr-2 av-cell-3 av-next-cell-row av-inner-cell-item'><a href='https:\/\/www.youtube.com\/watch?v=NQab2VbMaO4' title='Tratamento endod\u00f4ntico radical na denti\u00e7\u00e3o dec\u00eddua'  class='avia-icongrid-wrapper av-kyu8tny6-51e444b1f3ad0ff051334e33a439eb10'><article class='article-icon-entry av-icongrid-empty'  itemscope=\"itemscope\" itemtype=\"https:\/\/schema.org\/CreativeWork\" ><div class='avia-icongrid-front '><div class=\"avia-icongrid-inner\"><div class='avia-icongrid-icon'><span class='icongrid-char avia-iconfont avia-font-entypo-fontello' data-av_icon='\ue80d' data-av_iconfont='entypo-fontello' ><\/span><\/div><header class=\"entry-content-header\" aria-label=\"Icon: Tratamento endod\u00f4ntico radical na denti\u00e7\u00e3o dec\u00eddua\"><h4 class='av_icongrid_title icongrid_title '  itemprop=\"headline\" >Tratamento endod\u00f4ntico radical na denti\u00e7\u00e3o dec\u00eddua<\/h4><\/header><\/div><\/div><div class='avia-icongrid-content' data-class-flipback=''><div class=\"avia-icongrid-inner\"><div class='avia-icongrid-text'  itemprop=\"text\" ><\/div><\/div><\/div><\/article><\/a><\/li>\n<li class='av-icon-cell-item av-row-with-5-cells av-row-nr-2 av-cell-4 av-next-cell-row av-inner-cell-item'><a href='https:\/\/www.youtube.com\/watch?v=XnSG-Pe0SKU' title='Urg\u00eancias em Odontopediatria'  class='avia-icongrid-wrapper av-kyu8tvi4-d74f1c90af883a11e295d4c68c0ec735'><article class='article-icon-entry av-icongrid-empty'  itemscope=\"itemscope\" itemtype=\"https:\/\/schema.org\/CreativeWork\" ><div class='avia-icongrid-front '><div class=\"avia-icongrid-inner\"><div class='avia-icongrid-icon'><span class='icongrid-char avia-iconfont avia-font-entypo-fontello' data-av_icon='\ue80d' data-av_iconfont='entypo-fontello' ><\/span><\/div><header class=\"entry-content-header\" aria-label=\"Icon: Urg\u00eancias em Odontopediatria\"><h4 class='av_icongrid_title icongrid_title '  itemprop=\"headline\" >Urg\u00eancias em Odontopediatria<\/h4><\/header><\/div><\/div><div class='avia-icongrid-content' data-class-flipback=''><div class=\"avia-icongrid-inner\"><div class='avia-icongrid-text'  itemprop=\"text\" ><\/div><\/div><\/div><\/article><\/a><\/li>\n<li class='av-icon-cell-item av-row-with-5-cells av-row-nr-2 av-cell-5 av-next-cell-row av-last-cell-item'><a href='https:\/\/www.youtube.com\/watch?v=iuMPyD0huNI' title='Endodontia em Odontopediatria'  class='avia-icongrid-wrapper av-kyu8tvi4-16e62361ecb311f97e5b54df8e709ed2'><article class='article-icon-entry av-icongrid-empty'  itemscope=\"itemscope\" itemtype=\"https:\/\/schema.org\/CreativeWork\" ><div class='avia-icongrid-front '><div class=\"avia-icongrid-inner\"><div class='avia-icongrid-icon'><span class='icongrid-char avia-iconfont avia-font-entypo-fontello' data-av_icon='\ue80d' data-av_iconfont='entypo-fontello' ><\/span><\/div><header class=\"entry-content-header\" aria-label=\"Icon: Endodontia em Odontopediatria\"><h4 class='av_icongrid_title icongrid_title '  itemprop=\"headline\" >Endodontia em Odontopediatria<\/h4><\/header><\/div><\/div><div class='avia-icongrid-content' data-class-flipback=''><div class=\"avia-icongrid-inner\"><div class='avia-icongrid-text'  itemprop=\"text\" ><\/div><\/div><\/div><\/article><\/a><\/li>\n<li class='av-icon-cell-item av-row-with-5-cells av-row-nr-3 av-cell-1 av-next-cell-row av-first-cell-item'><a href='https:\/\/www.youtube.com\/watch?v=sFq0LEhETYY' title='Farmacologia na Cl\u00ednica de Crian\u00e7as e Adultos'  class='avia-icongrid-wrapper av-kyu8tvi4-772b849d0cbd5157a718a21763a0a442'><article class='article-icon-entry av-icongrid-empty'  itemscope=\"itemscope\" itemtype=\"https:\/\/schema.org\/CreativeWork\" ><div class='avia-icongrid-front '><div class=\"avia-icongrid-inner\"><div class='avia-icongrid-icon'><span class='icongrid-char avia-iconfont avia-font-entypo-fontello' data-av_icon='\ue80d' data-av_iconfont='entypo-fontello' ><\/span><\/div><header class=\"entry-content-header\" aria-label=\"Icon: Farmacologia na Cl\u00ednica de Crian\u00e7as e Adultos\"><h4 class='av_icongrid_title icongrid_title '  itemprop=\"headline\" >Farmacologia na Cl\u00ednica de Crian\u00e7as e Adultos<\/h4><\/header><\/div><\/div><div class='avia-icongrid-content' data-class-flipback=''><div class=\"avia-icongrid-inner\"><div class='avia-icongrid-text'  itemprop=\"text\" ><\/div><\/div><\/div><\/article><\/a><\/li>\n<li class='av-icon-cell-item av-row-with-5-cells av-row-nr-3 av-cell-2 av-next-cell-row av-inner-cell-item'><a href='https:\/\/www.youtube.com\/watch?v=R6spreCShxg' title='Preven\u00e7\u00e3o e educa\u00e7\u00e3o em Sa\u00fade Bucal em escolas'  class='avia-icongrid-wrapper av-kyu8tvi4-9bd87fe81b74c5aa3e79a0d842f9e656'><article class='article-icon-entry av-icongrid-empty'  itemscope=\"itemscope\" itemtype=\"https:\/\/schema.org\/CreativeWork\" ><div class='avia-icongrid-front '><div class=\"avia-icongrid-inner\"><div class='avia-icongrid-icon'><span class='icongrid-char avia-iconfont avia-font-entypo-fontello' data-av_icon='\ue80d' data-av_iconfont='entypo-fontello' ><\/span><\/div><header class=\"entry-content-header\" aria-label=\"Icon: Preven\u00e7\u00e3o e educa\u00e7\u00e3o em Sa\u00fade Bucal em escolas\"><h4 class='av_icongrid_title icongrid_title '  itemprop=\"headline\" >Preven\u00e7\u00e3o e educa\u00e7\u00e3o em Sa\u00fade Bucal em escolas<\/h4><\/header><\/div><\/div><div class='avia-icongrid-content' data-class-flipback=''><div class=\"avia-icongrid-inner\"><div class='avia-icongrid-text'  itemprop=\"text\" ><\/div><\/div><\/div><\/article><\/a><\/li>\n<li class='av-icon-cell-item av-row-with-5-cells av-row-nr-3 av-cell-3 av-next-cell-row av-inner-cell-item'><a href='https:\/\/www.youtube.com\/watch?v=ma4xb9pSSVM' title='A import\u00e2ncia dos princ\u00edpios da Oclus\u00e3o da Pr\u00e1tica Odontol\u00f3gica'  class='avia-icongrid-wrapper av-kyu8tvi4-29e7dc09823e8b8657c695fd3953717f'><article class='article-icon-entry av-icongrid-empty'  itemscope=\"itemscope\" itemtype=\"https:\/\/schema.org\/CreativeWork\" ><div class='avia-icongrid-front '><div class=\"avia-icongrid-inner\"><div class='avia-icongrid-icon'><span class='icongrid-char avia-iconfont avia-font-entypo-fontello' data-av_icon='\ue80d' data-av_iconfont='entypo-fontello' ><\/span><\/div><header class=\"entry-content-header\" aria-label=\"Icon: A import\u00e2ncia dos princ\u00edpios da Oclus\u00e3o da Pr\u00e1tica Odontol\u00f3gica\"><h4 class='av_icongrid_title icongrid_title '  itemprop=\"headline\" >A import\u00e2ncia dos princ\u00edpios da Oclus\u00e3o da Pr\u00e1tica Odontol\u00f3gica<\/h4><\/header><\/div><\/div><div class='avia-icongrid-content' data-class-flipback=''><div class=\"avia-icongrid-inner\"><div class='avia-icongrid-text'  itemprop=\"text\" ><\/div><\/div><\/div><\/article><\/a><\/li>\n<\/ul><\/div><\/p>\n","protected":false},"excerpt":{"rendered":"","protected":false},"author":5,"featured_media":0,"parent":0,"menu_order":0,"comment_status":"closed","ping_status":"closed","template":"","meta":{"inline_featured_image":false,"footnotes":""},"class_list":["post-1663","page","type-page","status-publish","hentry"],"yoast_head":"<!-- This site is optimized with the Yoast SEO plugin v27.5 - https:\/\/yoast.com\/product\/yoast-seo-wordpress\/ -->\n<title>Odontopediatria - Projeto Teleodontologia<\/title>\n<meta name=\"robots\" content=\"index, follow, max-snippet:-1, max-image-preview:large, max-video-preview:-1\" \/>\n<link rel=\"canonical\" href=\"https:\/\/www.odonto.ufmg.br\/teleodontologia\/odontopediatria\/\" \/>\n<meta property=\"og:locale\" content=\"pt_BR\" \/>\n<meta property=\"og:type\" content=\"article\" \/>\n<meta property=\"og:title\" content=\"Odontopediatria - Projeto Teleodontologia\" \/>\n<meta property=\"og:url\" content=\"https:\/\/www.odonto.ufmg.br\/teleodontologia\/odontopediatria\/\" \/>\n<meta property=\"og:site_name\" content=\"Projeto Teleodontologia\" \/>\n<meta property=\"article:modified_time\" content=\"2022-01-25T14:59:24+00:00\" \/>\n<meta name=\"twitter:card\" content=\"summary_large_image\" \/>\n<meta name=\"twitter:label1\" content=\"Est. tempo de leitura\" \/>\n\t<meta name=\"twitter:data1\" content=\"12 minutos\" \/>\n<script type=\"application\/ld+json\" class=\"yoast-schema-graph\">{\"@context\":\"https:\\\/\\\/schema.org\",\"@graph\":[{\"@type\":\"WebPage\",\"@id\":\"https:\\\/\\\/www.odonto.ufmg.br\\\/teleodontologia\\\/odontopediatria\\\/\",\"url\":\"https:\\\/\\\/www.odonto.ufmg.br\\\/teleodontologia\\\/odontopediatria\\\/\",\"name\":\"Odontopediatria - Projeto Teleodontologia\",\"isPartOf\":{\"@id\":\"https:\\\/\\\/www.odonto.ufmg.br\\\/teleodontologia\\\/#website\"},\"datePublished\":\"2022-01-25T14:31:56+00:00\",\"dateModified\":\"2022-01-25T14:59:24+00:00\",\"breadcrumb\":{\"@id\":\"https:\\\/\\\/www.odonto.ufmg.br\\\/teleodontologia\\\/odontopediatria\\\/#breadcrumb\"},\"inLanguage\":\"pt-BR\",\"potentialAction\":[{\"@type\":\"ReadAction\",\"target\":[\"https:\\\/\\\/www.odonto.ufmg.br\\\/teleodontologia\\\/odontopediatria\\\/\"]}]},{\"@type\":\"BreadcrumbList\",\"@id\":\"https:\\\/\\\/www.odonto.ufmg.br\\\/teleodontologia\\\/odontopediatria\\\/#breadcrumb\",\"itemListElement\":[{\"@type\":\"ListItem\",\"position\":1,\"name\":\"In\u00edcio\",\"item\":\"https:\\\/\\\/www.odonto.ufmg.br\\\/teleodontologia\\\/home\\\/\"},{\"@type\":\"ListItem\",\"position\":2,\"name\":\"Odontopediatria\"}]},{\"@type\":\"WebSite\",\"@id\":\"https:\\\/\\\/www.odonto.ufmg.br\\\/teleodontologia\\\/#website\",\"url\":\"https:\\\/\\\/www.odonto.ufmg.br\\\/teleodontologia\\\/\",\"name\":\"Projeto Teleodontologia\",\"description\":\"Biblioteca Virtual\",\"potentialAction\":[{\"@type\":\"SearchAction\",\"target\":{\"@type\":\"EntryPoint\",\"urlTemplate\":\"https:\\\/\\\/www.odonto.ufmg.br\\\/teleodontologia\\\/?s={search_term_string}\"},\"query-input\":{\"@type\":\"PropertyValueSpecification\",\"valueRequired\":true,\"valueName\":\"search_term_string\"}}],\"inLanguage\":\"pt-BR\"}]}<\/script>\n<!-- \/ Yoast SEO plugin. -->","yoast_head_json":{"title":"Odontopediatria - Projeto Teleodontologia","robots":{"index":"index","follow":"follow","max-snippet":"max-snippet:-1","max-image-preview":"max-image-preview:large","max-video-preview":"max-video-preview:-1"},"canonical":"https:\/\/www.odonto.ufmg.br\/teleodontologia\/odontopediatria\/","og_locale":"pt_BR","og_type":"article","og_title":"Odontopediatria - Projeto Teleodontologia","og_url":"https:\/\/www.odonto.ufmg.br\/teleodontologia\/odontopediatria\/","og_site_name":"Projeto Teleodontologia","article_modified_time":"2022-01-25T14:59:24+00:00","twitter_card":"summary_large_image","twitter_misc":{"Est. tempo de leitura":"12 minutos"},"schema":{"@context":"https:\/\/schema.org","@graph":[{"@type":"WebPage","@id":"https:\/\/www.odonto.ufmg.br\/teleodontologia\/odontopediatria\/","url":"https:\/\/www.odonto.ufmg.br\/teleodontologia\/odontopediatria\/","name":"Odontopediatria - Projeto Teleodontologia","isPartOf":{"@id":"https:\/\/www.odonto.ufmg.br\/teleodontologia\/#website"},"datePublished":"2022-01-25T14:31:56+00:00","dateModified":"2022-01-25T14:59:24+00:00","breadcrumb":{"@id":"https:\/\/www.odonto.ufmg.br\/teleodontologia\/odontopediatria\/#breadcrumb"},"inLanguage":"pt-BR","potentialAction":[{"@type":"ReadAction","target":["https:\/\/www.odonto.ufmg.br\/teleodontologia\/odontopediatria\/"]}]},{"@type":"BreadcrumbList","@id":"https:\/\/www.odonto.ufmg.br\/teleodontologia\/odontopediatria\/#breadcrumb","itemListElement":[{"@type":"ListItem","position":1,"name":"In\u00edcio","item":"https:\/\/www.odonto.ufmg.br\/teleodontologia\/home\/"},{"@type":"ListItem","position":2,"name":"Odontopediatria"}]},{"@type":"WebSite","@id":"https:\/\/www.odonto.ufmg.br\/teleodontologia\/#website","url":"https:\/\/www.odonto.ufmg.br\/teleodontologia\/","name":"Projeto Teleodontologia","description":"Biblioteca Virtual","potentialAction":[{"@type":"SearchAction","target":{"@type":"EntryPoint","urlTemplate":"https:\/\/www.odonto.ufmg.br\/teleodontologia\/?s={search_term_string}"},"query-input":{"@type":"PropertyValueSpecification","valueRequired":true,"valueName":"search_term_string"}}],"inLanguage":"pt-BR"}]}},"_links":{"self":[{"href":"https:\/\/www.odonto.ufmg.br\/teleodontologia\/wp-json\/wp\/v2\/pages\/1663","targetHints":{"allow":["GET"]}}],"collection":[{"href":"https:\/\/www.odonto.ufmg.br\/teleodontologia\/wp-json\/wp\/v2\/pages"}],"about":[{"href":"https:\/\/www.odonto.ufmg.br\/teleodontologia\/wp-json\/wp\/v2\/types\/page"}],"author":[{"embeddable":true,"href":"https:\/\/www.odonto.ufmg.br\/teleodontologia\/wp-json\/wp\/v2\/users\/5"}],"replies":[{"embeddable":true,"href":"https:\/\/www.odonto.ufmg.br\/teleodontologia\/wp-json\/wp\/v2\/comments?post=1663"}],"version-history":[{"count":3,"href":"https:\/\/www.odonto.ufmg.br\/teleodontologia\/wp-json\/wp\/v2\/pages\/1663\/revisions"}],"predecessor-version":[{"id":1711,"href":"https:\/\/www.odonto.ufmg.br\/teleodontologia\/wp-json\/wp\/v2\/pages\/1663\/revisions\/1711"}],"wp:attachment":[{"href":"https:\/\/www.odonto.ufmg.br\/teleodontologia\/wp-json\/wp\/v2\/media?parent=1663"}],"curies":[{"name":"wp","href":"https:\/\/api.w.org\/{rel}","templated":true}]}}