{"id":1293,"date":"2021-10-06T09:38:59","date_gmt":"2021-10-06T12:38:59","guid":{"rendered":"https:\/\/www.odonto.ufmg.br\/teleodonto\/?page_id=1293"},"modified":"2022-04-23T17:12:31","modified_gmt":"2022-04-23T20:12:31","slug":"segunda-opiniao-formativa","status":"publish","type":"page","link":"https:\/\/www.odonto.ufmg.br\/teleodontologia\/segunda-opiniao-formativa\/","title":{"rendered":"Segunda Opini\u00e3o  Formativa (SOF)"},"content":{"rendered":"<section  class='av_textblock_section av-l2carn39-6382ecb599dfd07aed189ada15bf60b8 '   itemscope=\"itemscope\" itemtype=\"https:\/\/schema.org\/CreativeWork\" ><div class='avia_textblock'  itemprop=\"text\" ><h2 style=\"text-align: center;\"><b>Segunda Opini\u00e3o Formativa (SOF)<\/b><\/h2>\n<p>A Segunda Opini\u00e3o Formativa (SOF) no contexto da BVS APS \u00e9 uma fonte de informa\u00e7\u00e3o que apresenta como conte\u00fado as perguntas e\u00a0respostas, originadas de teleconsultorias, baseadas em boa evid\u00eancia relacionadas com os problemas priorit\u00e1rios de aten\u00e7\u00e3o prim\u00e1ria \u00e0 sa\u00fade (APS), com a finalidade de amplia\u00e7\u00e3o da capacidade resolutiva em casos ou situa\u00e7\u00f5es semelhantes.<\/p>\n<p><img decoding=\"async\" class=\"alignnone size-full wp-image-1774\" src=\"https:\/\/www.odonto.ufmg.br\/teleodonto\/wp-content\/uploads\/sites\/24\/2022\/04\/soft.jpg\" alt=\"\" width=\"1400\" height=\"785\" srcset=\"https:\/\/www.odonto.ufmg.br\/teleodontologia\/wp-content\/uploads\/sites\/24\/2022\/04\/soft.jpg 1400w, https:\/\/www.odonto.ufmg.br\/teleodontologia\/wp-content\/uploads\/sites\/24\/2022\/04\/soft-300x168.jpg 300w, https:\/\/www.odonto.ufmg.br\/teleodontologia\/wp-content\/uploads\/sites\/24\/2022\/04\/soft-1030x578.jpg 1030w, https:\/\/www.odonto.ufmg.br\/teleodontologia\/wp-content\/uploads\/sites\/24\/2022\/04\/soft-768x431.jpg 768w, https:\/\/www.odonto.ufmg.br\/teleodontologia\/wp-content\/uploads\/sites\/24\/2022\/04\/soft-705x395.jpg 705w\" sizes=\"(max-width: 1400px) 100vw, 1400px\" \/><\/p>\n<p style=\"text-align: center;\">Fonte: (BVS) &#8211; <a href=\"https:\/\/aps.bvs.br\/como-sao-produzidas\/\" target=\"_blank\" rel=\"noopener\">https:\/\/aps.bvs.br\/como-sao-produzidas\/<\/a><\/p>\n<\/div><\/section>\n<section  class='av_textblock_section av-l2caswmj-dbb4ccebc06316e5f480e62d8b52384c '   itemscope=\"itemscope\" itemtype=\"https:\/\/schema.org\/CreativeWork\" ><div class='avia_textblock'  itemprop=\"text\" ><p>As SOF s\u00e3o elaboradas pelos N\u00facleos de Telessa\u00fade (NT) e posteriormente s\u00e3o indexadas e publicadas na BVS APS (Biblioteca Virtual em Sa\u00fade da Aten\u00e7\u00e3o Prim\u00e1ria \u00e0 Sa\u00fade).<\/p>\n<p>Dessa forma, a SOF sintetiza a melhor evid\u00eancia dispon\u00edvel e apoia os profissionais da sa\u00fade nas quest\u00f5es pr\u00e1ticas di\u00e1rias.<\/p>\n<\/div><\/section>\n","protected":false},"excerpt":{"rendered":"","protected":false},"author":5,"featured_media":0,"parent":0,"menu_order":0,"comment_status":"closed","ping_status":"closed","template":"","meta":{"inline_featured_image":false,"footnotes":""},"class_list":["post-1293","page","type-page","status-publish","hentry"],"yoast_head":"<!-- This site is optimized with the Yoast SEO plugin v27.5 - https:\/\/yoast.com\/product\/yoast-seo-wordpress\/ -->\n<title>Segunda Opini\u00e3o Formativa (SOF) - Projeto Teleodontologia<\/title>\n<meta name=\"robots\" content=\"index, follow, max-snippet:-1, max-image-preview:large, max-video-preview:-1\" \/>\n<link rel=\"canonical\" href=\"https:\/\/www.odonto.ufmg.br\/teleodontologia\/segunda-opiniao-formativa\/\" \/>\n<meta property=\"og:locale\" content=\"pt_BR\" \/>\n<meta property=\"og:type\" content=\"article\" \/>\n<meta property=\"og:title\" content=\"Segunda Opini\u00e3o Formativa (SOF) - Projeto Teleodontologia\" \/>\n<meta property=\"og:url\" content=\"https:\/\/www.odonto.ufmg.br\/teleodontologia\/segunda-opiniao-formativa\/\" \/>\n<meta property=\"og:site_name\" content=\"Projeto Teleodontologia\" \/>\n<meta property=\"article:modified_time\" content=\"2022-04-23T20:12:31+00:00\" \/>\n<meta property=\"og:image\" content=\"https:\/\/www.odonto.ufmg.br\/teleodonto\/wp-content\/uploads\/sites\/24\/2022\/04\/soft.jpg\" \/>\n<meta name=\"twitter:card\" content=\"summary_large_image\" \/>\n<meta name=\"twitter:label1\" content=\"Est. tempo de leitura\" \/>\n\t<meta name=\"twitter:data1\" content=\"1 minuto\" \/>\n<script type=\"application\/ld+json\" class=\"yoast-schema-graph\">{\"@context\":\"https:\\\/\\\/schema.org\",\"@graph\":[{\"@type\":\"WebPage\",\"@id\":\"https:\\\/\\\/www.odonto.ufmg.br\\\/teleodontologia\\\/segunda-opiniao-formativa\\\/\",\"url\":\"https:\\\/\\\/www.odonto.ufmg.br\\\/teleodontologia\\\/segunda-opiniao-formativa\\\/\",\"name\":\"Segunda Opini\u00e3o Formativa (SOF) - Projeto Teleodontologia\",\"isPartOf\":{\"@id\":\"https:\\\/\\\/www.odonto.ufmg.br\\\/teleodontologia\\\/#website\"},\"primaryImageOfPage\":{\"@id\":\"https:\\\/\\\/www.odonto.ufmg.br\\\/teleodontologia\\\/segunda-opiniao-formativa\\\/#primaryimage\"},\"image\":{\"@id\":\"https:\\\/\\\/www.odonto.ufmg.br\\\/teleodontologia\\\/segunda-opiniao-formativa\\\/#primaryimage\"},\"thumbnailUrl\":\"https:\\\/\\\/www.odonto.ufmg.br\\\/teleodonto\\\/wp-content\\\/uploads\\\/sites\\\/24\\\/2022\\\/04\\\/soft.jpg\",\"datePublished\":\"2021-10-06T12:38:59+00:00\",\"dateModified\":\"2022-04-23T20:12:31+00:00\",\"breadcrumb\":{\"@id\":\"https:\\\/\\\/www.odonto.ufmg.br\\\/teleodontologia\\\/segunda-opiniao-formativa\\\/#breadcrumb\"},\"inLanguage\":\"pt-BR\",\"potentialAction\":[{\"@type\":\"ReadAction\",\"target\":[\"https:\\\/\\\/www.odonto.ufmg.br\\\/teleodontologia\\\/segunda-opiniao-formativa\\\/\"]}]},{\"@type\":\"ImageObject\",\"inLanguage\":\"pt-BR\",\"@id\":\"https:\\\/\\\/www.odonto.ufmg.br\\\/teleodontologia\\\/segunda-opiniao-formativa\\\/#primaryimage\",\"url\":\"https:\\\/\\\/www.odonto.ufmg.br\\\/teleodonto\\\/wp-content\\\/uploads\\\/sites\\\/24\\\/2022\\\/04\\\/soft.jpg\",\"contentUrl\":\"https:\\\/\\\/www.odonto.ufmg.br\\\/teleodonto\\\/wp-content\\\/uploads\\\/sites\\\/24\\\/2022\\\/04\\\/soft.jpg\"},{\"@type\":\"BreadcrumbList\",\"@id\":\"https:\\\/\\\/www.odonto.ufmg.br\\\/teleodontologia\\\/segunda-opiniao-formativa\\\/#breadcrumb\",\"itemListElement\":[{\"@type\":\"ListItem\",\"position\":1,\"name\":\"In\u00edcio\",\"item\":\"https:\\\/\\\/www.odonto.ufmg.br\\\/teleodontologia\\\/home\\\/\"},{\"@type\":\"ListItem\",\"position\":2,\"name\":\"Segunda Opini\u00e3o Formativa (SOF)\"}]},{\"@type\":\"WebSite\",\"@id\":\"https:\\\/\\\/www.odonto.ufmg.br\\\/teleodontologia\\\/#website\",\"url\":\"https:\\\/\\\/www.odonto.ufmg.br\\\/teleodontologia\\\/\",\"name\":\"Projeto Teleodontologia\",\"description\":\"Biblioteca Virtual\",\"potentialAction\":[{\"@type\":\"SearchAction\",\"target\":{\"@type\":\"EntryPoint\",\"urlTemplate\":\"https:\\\/\\\/www.odonto.ufmg.br\\\/teleodontologia\\\/?s={search_term_string}\"},\"query-input\":{\"@type\":\"PropertyValueSpecification\",\"valueRequired\":true,\"valueName\":\"search_term_string\"}}],\"inLanguage\":\"pt-BR\"}]}<\/script>\n<!-- \/ Yoast SEO plugin. -->","yoast_head_json":{"title":"Segunda Opini\u00e3o Formativa (SOF) - Projeto Teleodontologia","robots":{"index":"index","follow":"follow","max-snippet":"max-snippet:-1","max-image-preview":"max-image-preview:large","max-video-preview":"max-video-preview:-1"},"canonical":"https:\/\/www.odonto.ufmg.br\/teleodontologia\/segunda-opiniao-formativa\/","og_locale":"pt_BR","og_type":"article","og_title":"Segunda Opini\u00e3o Formativa (SOF) - Projeto Teleodontologia","og_url":"https:\/\/www.odonto.ufmg.br\/teleodontologia\/segunda-opiniao-formativa\/","og_site_name":"Projeto Teleodontologia","article_modified_time":"2022-04-23T20:12:31+00:00","og_image":[{"url":"https:\/\/www.odonto.ufmg.br\/teleodonto\/wp-content\/uploads\/sites\/24\/2022\/04\/soft.jpg","type":"","width":"","height":""}],"twitter_card":"summary_large_image","twitter_misc":{"Est. tempo de leitura":"1 minuto"},"schema":{"@context":"https:\/\/schema.org","@graph":[{"@type":"WebPage","@id":"https:\/\/www.odonto.ufmg.br\/teleodontologia\/segunda-opiniao-formativa\/","url":"https:\/\/www.odonto.ufmg.br\/teleodontologia\/segunda-opiniao-formativa\/","name":"Segunda Opini\u00e3o Formativa (SOF) - Projeto Teleodontologia","isPartOf":{"@id":"https:\/\/www.odonto.ufmg.br\/teleodontologia\/#website"},"primaryImageOfPage":{"@id":"https:\/\/www.odonto.ufmg.br\/teleodontologia\/segunda-opiniao-formativa\/#primaryimage"},"image":{"@id":"https:\/\/www.odonto.ufmg.br\/teleodontologia\/segunda-opiniao-formativa\/#primaryimage"},"thumbnailUrl":"https:\/\/www.odonto.ufmg.br\/teleodonto\/wp-content\/uploads\/sites\/24\/2022\/04\/soft.jpg","datePublished":"2021-10-06T12:38:59+00:00","dateModified":"2022-04-23T20:12:31+00:00","breadcrumb":{"@id":"https:\/\/www.odonto.ufmg.br\/teleodontologia\/segunda-opiniao-formativa\/#breadcrumb"},"inLanguage":"pt-BR","potentialAction":[{"@type":"ReadAction","target":["https:\/\/www.odonto.ufmg.br\/teleodontologia\/segunda-opiniao-formativa\/"]}]},{"@type":"ImageObject","inLanguage":"pt-BR","@id":"https:\/\/www.odonto.ufmg.br\/teleodontologia\/segunda-opiniao-formativa\/#primaryimage","url":"https:\/\/www.odonto.ufmg.br\/teleodonto\/wp-content\/uploads\/sites\/24\/2022\/04\/soft.jpg","contentUrl":"https:\/\/www.odonto.ufmg.br\/teleodonto\/wp-content\/uploads\/sites\/24\/2022\/04\/soft.jpg"},{"@type":"BreadcrumbList","@id":"https:\/\/www.odonto.ufmg.br\/teleodontologia\/segunda-opiniao-formativa\/#breadcrumb","itemListElement":[{"@type":"ListItem","position":1,"name":"In\u00edcio","item":"https:\/\/www.odonto.ufmg.br\/teleodontologia\/home\/"},{"@type":"ListItem","position":2,"name":"Segunda Opini\u00e3o Formativa (SOF)"}]},{"@type":"WebSite","@id":"https:\/\/www.odonto.ufmg.br\/teleodontologia\/#website","url":"https:\/\/www.odonto.ufmg.br\/teleodontologia\/","name":"Projeto Teleodontologia","description":"Biblioteca Virtual","potentialAction":[{"@type":"SearchAction","target":{"@type":"EntryPoint","urlTemplate":"https:\/\/www.odonto.ufmg.br\/teleodontologia\/?s={search_term_string}"},"query-input":{"@type":"PropertyValueSpecification","valueRequired":true,"valueName":"search_term_string"}}],"inLanguage":"pt-BR"}]}},"_links":{"self":[{"href":"https:\/\/www.odonto.ufmg.br\/teleodontologia\/wp-json\/wp\/v2\/pages\/1293","targetHints":{"allow":["GET"]}}],"collection":[{"href":"https:\/\/www.odonto.ufmg.br\/teleodontologia\/wp-json\/wp\/v2\/pages"}],"about":[{"href":"https:\/\/www.odonto.ufmg.br\/teleodontologia\/wp-json\/wp\/v2\/types\/page"}],"author":[{"embeddable":true,"href":"https:\/\/www.odonto.ufmg.br\/teleodontologia\/wp-json\/wp\/v2\/users\/5"}],"replies":[{"embeddable":true,"href":"https:\/\/www.odonto.ufmg.br\/teleodontologia\/wp-json\/wp\/v2\/comments?post=1293"}],"version-history":[{"count":13,"href":"https:\/\/www.odonto.ufmg.br\/teleodontologia\/wp-json\/wp\/v2\/pages\/1293\/revisions"}],"predecessor-version":[{"id":1772,"href":"https:\/\/www.odonto.ufmg.br\/teleodontologia\/wp-json\/wp\/v2\/pages\/1293\/revisions\/1772"}],"wp:attachment":[{"href":"https:\/\/www.odonto.ufmg.br\/teleodontologia\/wp-json\/wp\/v2\/media?parent=1293"}],"curies":[{"name":"wp","href":"https:\/\/api.w.org\/{rel}","templated":true}]}}