{"id":1290,"date":"2021-10-06T09:38:27","date_gmt":"2021-10-06T12:38:27","guid":{"rendered":"https:\/\/www.odonto.ufmg.br\/teleodonto\/?page_id=1290"},"modified":"2022-04-23T16:51:37","modified_gmt":"2022-04-23T19:51:37","slug":"teleconsultoria","status":"publish","type":"page","link":"https:\/\/www.odonto.ufmg.br\/teleodontologia\/teleconsultoria\/","title":{"rendered":"Teleconsultoria"},"content":{"rendered":"<div id='av_section_1'  class='avia-section av-eni6y-ad95e1fae5d5e1a67d82589ebb682fe3 main_color avia-section-default avia-no-border-styling  avia-builder-el-0  avia-builder-el-no-sibling  avia-bg-style-scroll container_wrap fullsize'  ><div class='container av-section-cont-open' ><main  role=\"main\" itemprop=\"mainContentOfPage\"  class='template-page content  av-content-full alpha units'><div class='post-entry post-entry-type-page post-entry-1290'><div class='entry-content-wrapper clearfix'>\n<section  class='av_textblock_section av-l2c953fw-52c585add1a6051b3e601a0677b3f5de '   itemscope=\"itemscope\" itemtype=\"https:\/\/schema.org\/CreativeWork\" ><div class='avia_textblock'  itemprop=\"text\" ><h2 style=\"text-align: center;\"><b>Teleconsultorias<\/b><\/h2>\n<p>S\u00e3o consultas ofertadas por meio das tecnologias digitais de informa\u00e7\u00e3o e comunica\u00e7\u00e3o no formato de pergunta e resposta com o objetivo de esclarecer as d\u00favidas dos profissionais sobre as pr\u00e1ticas cl\u00ednicas. As respostas s\u00e3o baseadas nas melhores evid\u00eancias cient\u00edficas dispon\u00edveis na literatura atual e s\u00e3o adaptadas \u00e0 realidade regional. Dessa forma, a teleconsultoria auxilia o profissional na pr\u00e1tica cl\u00ednica e evita que o paciente fique em uma longa fila de espera para uma consulta especializada.<img decoding=\"async\" class=\" wp-image-1754 aligncenter\" src=\"https:\/\/www.odonto.ufmg.br\/teleodonto\/wp-content\/uploads\/sites\/24\/2022\/04\/teleconsultoria.png\" alt=\"\" width=\"451\" height=\"182\" \/><\/p>\n<p style=\"text-align: center;\">Fonte: TELESSA\u00daDE BRASIL REDES &#8211; <a href=\"https:\/\/aps.bvs.br\/programa-nacional-telessaude-brasil-redes\/\">https:\/\/aps.bvs.br\/programa-nacional-telessaude-brasil-redes\/<\/a><\/p>\n<\/div><\/section>\n\n<style type=\"text\/css\" data-created_by=\"avia_inline_auto\" id=\"style-css-av-l2c9cc6a-2e0d6e852a8c2f1378eee1fc64531e1b\">\n#top .hr.hr-invisible.av-l2c9cc6a-2e0d6e852a8c2f1378eee1fc64531e1b{\nheight:20px;\n}\n<\/style>\n<div  class='hr av-l2c9cc6a-2e0d6e852a8c2f1378eee1fc64531e1b hr-invisible  avia-builder-el-2  el_after_av_textblock  el_before_av_heading '><span class='hr-inner '><span class=\"hr-inner-style\"><\/span><\/span><\/div>\n\n<style type=\"text\/css\" data-created_by=\"avia_inline_auto\" id=\"style-css-av-l2c9f02o-c078ee74f656c75b94cb44dff1d29426\">\n#top .av-special-heading.av-l2c9f02o-c078ee74f656c75b94cb44dff1d29426{\npadding-bottom:10px;\n}\nbody .av-special-heading.av-l2c9f02o-c078ee74f656c75b94cb44dff1d29426 .av-special-heading-tag .heading-char{\nfont-size:25px;\n}\n.av-special-heading.av-l2c9f02o-c078ee74f656c75b94cb44dff1d29426 .av-subheading{\nfont-size:15px;\n}\n<\/style>\n<div  class='av-special-heading av-l2c9f02o-c078ee74f656c75b94cb44dff1d29426 av-special-heading-h2 blockquote modern-quote modern-centered  avia-builder-el-3  el_after_av_hr  el_before_av_hr '><h2 class='av-special-heading-tag '  itemprop=\"headline\"  ><b>Especialidades<\/b><\/h2><div class=\"special-heading-border\"><div class=\"special-heading-inner-border\"><\/div><\/div><\/div>\n\n<style type=\"text\/css\" data-created_by=\"avia_inline_auto\" id=\"style-css-av-25inyi-5b52cb636e61cebaa12305ec6ca54822\">\n#top .hr.hr-invisible.av-25inyi-5b52cb636e61cebaa12305ec6ca54822{\nheight:20px;\n}\n<\/style>\n<div  class='hr av-25inyi-5b52cb636e61cebaa12305ec6ca54822 hr-invisible  avia-builder-el-4  el_after_av_heading  el_before_av_one_fifth '><span class='hr-inner '><span class=\"hr-inner-style\"><\/span><\/span><\/div>\n<div  class='flex_column av-44eqyi-8d05ce8fdce488c137f9c72e78dc089a av_one_fifth  avia-builder-el-5  el_after_av_hr  el_before_av_one_third  first flex_column_div  '     ><\/div><div  class='flex_column av-5x2myy-a2bfdcbd25eccc495a9118492fe5479c av_one_third  avia-builder-el-6  el_after_av_one_fifth  el_before_av_one_fourth  flex_column_div  '     ><section  class='av_textblock_section av-44ce2y-53af5ab712405c1a7c3de341341f9b10 '   itemscope=\"itemscope\" itemtype=\"https:\/\/schema.org\/CreativeWork\" ><div class='avia_textblock'  itemprop=\"text\" ><ul>\n<li style=\"font-weight: 400; text-align: left;\" aria-level=\"1\"><span style=\"font-weight: 400;\">Endodontia<\/span><\/li>\n<li style=\"font-weight: 400; text-align: left;\" aria-level=\"1\"><span style=\"font-weight: 400;\">Periodontia<\/span><\/li>\n<li style=\"font-weight: 400; text-align: left;\" aria-level=\"1\"><span style=\"font-weight: 400;\">Odontopediatria<\/span><\/li>\n<li style=\"font-weight: 400; text-align: left;\" aria-level=\"1\"><span style=\"font-weight: 400;\">Dent\u00edstica<\/span><\/li>\n<li style=\"font-weight: 400; text-align: left;\" aria-level=\"1\"><span style=\"font-weight: 400;\">Pacientes com Necessidades Especiais<\/span><\/li>\n<li style=\"font-weight: 400; text-align: left;\" aria-level=\"1\"><span style=\"font-weight: 400;\">Sa\u00fade Coletiva<\/span><\/li>\n<\/ul>\n<\/div><\/section><\/div><div  class='flex_column av-3676je-f34537d4c4f4a6ef97b0d7ba4da8e4f2 av_one_fourth  avia-builder-el-8  el_after_av_one_third  el_before_av_one_fifth  flex_column_div  '     ><section  class='av_textblock_section av-l2c9gvaz-ed1056aab0839f408bc42c90f6a8023f '   itemscope=\"itemscope\" itemtype=\"https:\/\/schema.org\/CreativeWork\" ><div class='avia_textblock'  itemprop=\"text\" ><ul>\n<li style=\"font-weight: 400; text-align: left;\" aria-level=\"1\"><span style=\"font-weight: 400;\">Patologia<\/span><\/li>\n<li style=\"font-weight: 400; text-align: left;\" aria-level=\"1\"><span style=\"font-weight: 400;\">Ortodontia<\/span><\/li>\n<li style=\"font-weight: 400; text-align: left;\" aria-level=\"1\"><span style=\"font-weight: 400;\">Traumatologia<\/span><\/li>\n<li style=\"font-weight: 400; text-align: left;\" aria-level=\"1\"><span style=\"font-weight: 400;\">Cirurgia<\/span><\/li>\n<li style=\"font-weight: 400; text-align: left;\" aria-level=\"1\"><span style=\"font-weight: 400;\">Radiologia<\/span><\/li>\n<li style=\"font-weight: 400; text-align: left;\" aria-level=\"1\"><span style=\"font-weight: 400;\">Sa\u00fade do Idoso.<\/span><\/li>\n<\/ul>\n<\/div><\/section><\/div><div  class='flex_column av-af42y-6cb4ebfe394668d512596cb3fd914d9e av_one_fifth  avia-builder-el-10  el_after_av_one_fourth  el_before_av_hr  flex_column_div  '     ><\/div>\n<style type=\"text\/css\" data-created_by=\"avia_inline_auto\" id=\"style-css-av-31kfga-13a77cf4afa44c2577581f11b25b082c\">\n#top .hr.hr-invisible.av-31kfga-13a77cf4afa44c2577581f11b25b082c{\nheight:20px;\n}\n<\/style>\n<div  class='hr av-31kfga-13a77cf4afa44c2577581f11b25b082c hr-invisible  avia-builder-el-11  el_after_av_one_fifth  el_before_av_textblock '><span class='hr-inner '><span class=\"hr-inner-style\"><\/span><\/span><\/div>\n<section  class='av_textblock_section av-l2c9qs7f-df682161a9abe8de40ef46f00099d700 '   itemscope=\"itemscope\" itemtype=\"https:\/\/schema.org\/CreativeWork\" ><div class='avia_textblock'  itemprop=\"text\" ><h2 style=\"text-align: center;\"><b>SOLICITE UMA TELECONSULTORIA:<\/b><\/h2>\n<p>&#8211; Para solicitar uma Teleconsultoria, voc\u00ea deve clicar no link abaixo para que seja redirecionado para a plataforma do Telessa\u00fade. A solicita\u00e7\u00e3o ser\u00e1 respondida em at\u00e9 72h por um dos professores e teleconsultores da Faculdade de Odontologia da UFMG.<\/p>\n<h3 style=\"text-align: center;\"><b><a href=\"http:\/\/www.medicina.ufmg.br\/cetes\" target=\"_blank\" rel=\"noopener\">www.medicina.ufmg.br\/cetes<\/a><\/b><\/h3>\n<p>&#8211; Mas fique atento! Antes de solicitar uma Teleconsultoria, \u00e9 necess\u00e1rio consultar a lista de munic\u00edpios credenciados para solicitar o nosso servi\u00e7o.<\/p>\n<p>Confira aqui a lista dos munic\u00edpios que tem parceria com o Teleodontologia UFMG:<\/p>\n<h3 style=\"text-align: center;\"><b><a href=\"https:\/\/www.odonto.ufmg.br\/teleodonto\/wp-content\/uploads\/sites\/24\/2021\/10\/LISTA-DE-MUNICIPIOS-COM-ACESSO-AS-TELECONSULTORIAS.pdf\">LISTA DE MUNIC\u00cdPIOS COM ACESSO AS TELECONSULTORIAS<\/a><\/b><\/h3>\n<p>&#8211; Se necess\u00e1rio, consulte o <strong>MANUAL DO SOLICITANTE<\/strong>. O arquivo abaixo cont\u00e9m o passo-a-passo de como solicitar uma teleconsultoria.<\/p>\n<h3 style=\"text-align: center;\"><b><a href=\"https:\/\/www.odonto.ufmg.br\/teleodonto\/wp-content\/uploads\/sites\/24\/2021\/10\/Manual-do-Solicitante-Teleconsultorias.pdf\" target=\"_blank\" rel=\"noopener\">Manual do Solicitante \u2013 Teleconsultorias<\/a><\/b><\/h3>\n<\/div><\/section>\n\n","protected":false},"excerpt":{"rendered":"","protected":false},"author":5,"featured_media":0,"parent":0,"menu_order":0,"comment_status":"closed","ping_status":"closed","template":"","meta":{"inline_featured_image":false,"footnotes":""},"class_list":["post-1290","page","type-page","status-publish","hentry"],"yoast_head":"<!-- This site is optimized with the Yoast SEO plugin v27.5 - https:\/\/yoast.com\/product\/yoast-seo-wordpress\/ -->\n<title>Teleconsultoria - Projeto Teleodontologia<\/title>\n<meta name=\"robots\" content=\"index, follow, max-snippet:-1, max-image-preview:large, max-video-preview:-1\" \/>\n<link rel=\"canonical\" href=\"https:\/\/www.odonto.ufmg.br\/teleodontologia\/teleconsultoria\/\" \/>\n<meta property=\"og:locale\" content=\"pt_BR\" \/>\n<meta property=\"og:type\" content=\"article\" \/>\n<meta property=\"og:title\" content=\"Teleconsultoria - Projeto Teleodontologia\" \/>\n<meta property=\"og:url\" content=\"https:\/\/www.odonto.ufmg.br\/teleodontologia\/teleconsultoria\/\" \/>\n<meta property=\"og:site_name\" content=\"Projeto Teleodontologia\" \/>\n<meta property=\"article:modified_time\" content=\"2022-04-23T19:51:37+00:00\" \/>\n<meta property=\"og:image\" content=\"https:\/\/www.odonto.ufmg.br\/teleodonto\/wp-content\/uploads\/sites\/24\/2022\/04\/teleconsultoria.png\" \/>\n<meta name=\"twitter:card\" content=\"summary_large_image\" \/>\n<meta name=\"twitter:label1\" content=\"Est. tempo de leitura\" \/>\n\t<meta name=\"twitter:data1\" content=\"10 minutos\" \/>\n<script type=\"application\/ld+json\" class=\"yoast-schema-graph\">{\"@context\":\"https:\\\/\\\/schema.org\",\"@graph\":[{\"@type\":\"WebPage\",\"@id\":\"https:\\\/\\\/www.odonto.ufmg.br\\\/teleodontologia\\\/teleconsultoria\\\/\",\"url\":\"https:\\\/\\\/www.odonto.ufmg.br\\\/teleodontologia\\\/teleconsultoria\\\/\",\"name\":\"Teleconsultoria - Projeto Teleodontologia\",\"isPartOf\":{\"@id\":\"https:\\\/\\\/www.odonto.ufmg.br\\\/teleodontologia\\\/#website\"},\"primaryImageOfPage\":{\"@id\":\"https:\\\/\\\/www.odonto.ufmg.br\\\/teleodontologia\\\/teleconsultoria\\\/#primaryimage\"},\"image\":{\"@id\":\"https:\\\/\\\/www.odonto.ufmg.br\\\/teleodontologia\\\/teleconsultoria\\\/#primaryimage\"},\"thumbnailUrl\":\"https:\\\/\\\/www.odonto.ufmg.br\\\/teleodonto\\\/wp-content\\\/uploads\\\/sites\\\/24\\\/2022\\\/04\\\/teleconsultoria.png\",\"datePublished\":\"2021-10-06T12:38:27+00:00\",\"dateModified\":\"2022-04-23T19:51:37+00:00\",\"breadcrumb\":{\"@id\":\"https:\\\/\\\/www.odonto.ufmg.br\\\/teleodontologia\\\/teleconsultoria\\\/#breadcrumb\"},\"inLanguage\":\"pt-BR\",\"potentialAction\":[{\"@type\":\"ReadAction\",\"target\":[\"https:\\\/\\\/www.odonto.ufmg.br\\\/teleodontologia\\\/teleconsultoria\\\/\"]}]},{\"@type\":\"ImageObject\",\"inLanguage\":\"pt-BR\",\"@id\":\"https:\\\/\\\/www.odonto.ufmg.br\\\/teleodontologia\\\/teleconsultoria\\\/#primaryimage\",\"url\":\"https:\\\/\\\/www.odonto.ufmg.br\\\/teleodonto\\\/wp-content\\\/uploads\\\/sites\\\/24\\\/2022\\\/04\\\/teleconsultoria.png\",\"contentUrl\":\"https:\\\/\\\/www.odonto.ufmg.br\\\/teleodonto\\\/wp-content\\\/uploads\\\/sites\\\/24\\\/2022\\\/04\\\/teleconsultoria.png\"},{\"@type\":\"BreadcrumbList\",\"@id\":\"https:\\\/\\\/www.odonto.ufmg.br\\\/teleodontologia\\\/teleconsultoria\\\/#breadcrumb\",\"itemListElement\":[{\"@type\":\"ListItem\",\"position\":1,\"name\":\"In\u00edcio\",\"item\":\"https:\\\/\\\/www.odonto.ufmg.br\\\/teleodontologia\\\/home\\\/\"},{\"@type\":\"ListItem\",\"position\":2,\"name\":\"Teleconsultoria\"}]},{\"@type\":\"WebSite\",\"@id\":\"https:\\\/\\\/www.odonto.ufmg.br\\\/teleodontologia\\\/#website\",\"url\":\"https:\\\/\\\/www.odonto.ufmg.br\\\/teleodontologia\\\/\",\"name\":\"Projeto Teleodontologia\",\"description\":\"Biblioteca Virtual\",\"potentialAction\":[{\"@type\":\"SearchAction\",\"target\":{\"@type\":\"EntryPoint\",\"urlTemplate\":\"https:\\\/\\\/www.odonto.ufmg.br\\\/teleodontologia\\\/?s={search_term_string}\"},\"query-input\":{\"@type\":\"PropertyValueSpecification\",\"valueRequired\":true,\"valueName\":\"search_term_string\"}}],\"inLanguage\":\"pt-BR\"}]}<\/script>\n<!-- \/ Yoast SEO plugin. -->","yoast_head_json":{"title":"Teleconsultoria - Projeto Teleodontologia","robots":{"index":"index","follow":"follow","max-snippet":"max-snippet:-1","max-image-preview":"max-image-preview:large","max-video-preview":"max-video-preview:-1"},"canonical":"https:\/\/www.odonto.ufmg.br\/teleodontologia\/teleconsultoria\/","og_locale":"pt_BR","og_type":"article","og_title":"Teleconsultoria - Projeto Teleodontologia","og_url":"https:\/\/www.odonto.ufmg.br\/teleodontologia\/teleconsultoria\/","og_site_name":"Projeto Teleodontologia","article_modified_time":"2022-04-23T19:51:37+00:00","og_image":[{"url":"https:\/\/www.odonto.ufmg.br\/teleodonto\/wp-content\/uploads\/sites\/24\/2022\/04\/teleconsultoria.png","type":"","width":"","height":""}],"twitter_card":"summary_large_image","twitter_misc":{"Est. tempo de leitura":"10 minutos"},"schema":{"@context":"https:\/\/schema.org","@graph":[{"@type":"WebPage","@id":"https:\/\/www.odonto.ufmg.br\/teleodontologia\/teleconsultoria\/","url":"https:\/\/www.odonto.ufmg.br\/teleodontologia\/teleconsultoria\/","name":"Teleconsultoria - Projeto Teleodontologia","isPartOf":{"@id":"https:\/\/www.odonto.ufmg.br\/teleodontologia\/#website"},"primaryImageOfPage":{"@id":"https:\/\/www.odonto.ufmg.br\/teleodontologia\/teleconsultoria\/#primaryimage"},"image":{"@id":"https:\/\/www.odonto.ufmg.br\/teleodontologia\/teleconsultoria\/#primaryimage"},"thumbnailUrl":"https:\/\/www.odonto.ufmg.br\/teleodonto\/wp-content\/uploads\/sites\/24\/2022\/04\/teleconsultoria.png","datePublished":"2021-10-06T12:38:27+00:00","dateModified":"2022-04-23T19:51:37+00:00","breadcrumb":{"@id":"https:\/\/www.odonto.ufmg.br\/teleodontologia\/teleconsultoria\/#breadcrumb"},"inLanguage":"pt-BR","potentialAction":[{"@type":"ReadAction","target":["https:\/\/www.odonto.ufmg.br\/teleodontologia\/teleconsultoria\/"]}]},{"@type":"ImageObject","inLanguage":"pt-BR","@id":"https:\/\/www.odonto.ufmg.br\/teleodontologia\/teleconsultoria\/#primaryimage","url":"https:\/\/www.odonto.ufmg.br\/teleodonto\/wp-content\/uploads\/sites\/24\/2022\/04\/teleconsultoria.png","contentUrl":"https:\/\/www.odonto.ufmg.br\/teleodonto\/wp-content\/uploads\/sites\/24\/2022\/04\/teleconsultoria.png"},{"@type":"BreadcrumbList","@id":"https:\/\/www.odonto.ufmg.br\/teleodontologia\/teleconsultoria\/#breadcrumb","itemListElement":[{"@type":"ListItem","position":1,"name":"In\u00edcio","item":"https:\/\/www.odonto.ufmg.br\/teleodontologia\/home\/"},{"@type":"ListItem","position":2,"name":"Teleconsultoria"}]},{"@type":"WebSite","@id":"https:\/\/www.odonto.ufmg.br\/teleodontologia\/#website","url":"https:\/\/www.odonto.ufmg.br\/teleodontologia\/","name":"Projeto Teleodontologia","description":"Biblioteca Virtual","potentialAction":[{"@type":"SearchAction","target":{"@type":"EntryPoint","urlTemplate":"https:\/\/www.odonto.ufmg.br\/teleodontologia\/?s={search_term_string}"},"query-input":{"@type":"PropertyValueSpecification","valueRequired":true,"valueName":"search_term_string"}}],"inLanguage":"pt-BR"}]}},"_links":{"self":[{"href":"https:\/\/www.odonto.ufmg.br\/teleodontologia\/wp-json\/wp\/v2\/pages\/1290","targetHints":{"allow":["GET"]}}],"collection":[{"href":"https:\/\/www.odonto.ufmg.br\/teleodontologia\/wp-json\/wp\/v2\/pages"}],"about":[{"href":"https:\/\/www.odonto.ufmg.br\/teleodontologia\/wp-json\/wp\/v2\/types\/page"}],"author":[{"embeddable":true,"href":"https:\/\/www.odonto.ufmg.br\/teleodontologia\/wp-json\/wp\/v2\/users\/5"}],"replies":[{"embeddable":true,"href":"https:\/\/www.odonto.ufmg.br\/teleodontologia\/wp-json\/wp\/v2\/comments?post=1290"}],"version-history":[{"count":25,"href":"https:\/\/www.odonto.ufmg.br\/teleodontologia\/wp-json\/wp\/v2\/pages\/1290\/revisions"}],"predecessor-version":[{"id":1752,"href":"https:\/\/www.odonto.ufmg.br\/teleodontologia\/wp-json\/wp\/v2\/pages\/1290\/revisions\/1752"}],"wp:attachment":[{"href":"https:\/\/www.odonto.ufmg.br\/teleodontologia\/wp-json\/wp\/v2\/media?parent=1290"}],"curies":[{"name":"wp","href":"https:\/\/api.w.org\/{rel}","templated":true}]}}