{"id":1287,"date":"2021-10-06T09:38:11","date_gmt":"2021-10-06T12:38:11","guid":{"rendered":"https:\/\/www.odonto.ufmg.br\/teleodonto\/?page_id=1287"},"modified":"2022-05-28T20:45:46","modified_gmt":"2022-05-28T23:45:46","slug":"teleeducacao","status":"publish","type":"page","link":"https:\/\/www.odonto.ufmg.br\/teleodontologia\/teleeducacao\/","title":{"rendered":"Teleeduca\u00e7\u00e3o"},"content":{"rendered":"<div id='av_section_1'  class='avia-section av-c6iulz-f9c64ae2431db85b8b3814ca41801e48 main_color avia-section-default avia-no-border-styling  avia-builder-el-0  avia-builder-el-no-sibling  avia-bg-style-scroll container_wrap fullsize'  ><div class='container av-section-cont-open' ><main  role=\"main\" itemprop=\"mainContentOfPage\"  class='template-page content  av-content-full alpha units'><div class='post-entry post-entry-type-page post-entry-1287'><div class='entry-content-wrapper clearfix'>\n<section  class='av_textblock_section av-l2c8q20b-c584e6caba6e8177760ba834cf23ce4c '   itemscope=\"itemscope\" itemtype=\"https:\/\/schema.org\/CreativeWork\" ><div class='avia_textblock'  itemprop=\"text\" ><h2 style=\"text-align: center;\"><b>TELEEDUCA\u00c7\u00c3O<\/b><\/h2>\n<p>A teleduca\u00e7\u00e3o promove a educa\u00e7\u00e3o permanente e \u00e0 dist\u00e2ncia dos profissionais da APS e estudantes da \u00e1rea de sa\u00fade. \u00c9 um processo de ensino e aprendizagem que emprega as \u00a0tecnologias digitais de informa\u00e7\u00e3o e comunica\u00e7\u00e3o para a constru\u00e7\u00e3o e aperfei\u00e7oamento de conhecimentos com consequente, qualifica\u00e7\u00e3o dos servi\u00e7os prestados aos usu\u00e1rios da Aten\u00e7\u00e3o Prim\u00e1ria \u00e0 Sa\u00fade. S\u00e3o ofertados webconfer\u00eancias, websimp\u00f3sios e materiais educativos.<img decoding=\"async\" class=\" wp-image-1745 aligncenter\" src=\"https:\/\/www.odonto.ufmg.br\/teleodonto\/wp-content\/uploads\/sites\/24\/2022\/04\/teleducacao.png\" alt=\"\" width=\"516\" height=\"162\" \/><\/p>\n<p style=\"text-align: center;\">Fonte: TELESSA\u00daDE BRASIL REDES &#8211; <a href=\"https:\/\/aps.bvs.br\/programa-nacional-telessaude-brasil-redes\/\">https:\/\/aps.bvs.br\/programa-nacional-telessaude-brasil-redes\/<\/a><\/p>\n<\/div><\/section>\n\n<style type=\"text\/css\" data-created_by=\"avia_inline_auto\" id=\"style-css-av-l2c8zn7v-1ac3eda58fa900aea4e8cb17c4461d19\">\n#top .hr.hr-invisible.av-l2c8zn7v-1ac3eda58fa900aea4e8cb17c4461d19{\nheight:80px;\n}\n<\/style>\n<div  class='hr av-l2c8zn7v-1ac3eda58fa900aea4e8cb17c4461d19 hr-invisible  avia-builder-el-2  el_after_av_textblock  el_before_av_one_half '><span class='hr-inner '><span class=\"hr-inner-style\"><\/span><\/span><\/div>\n<div  class='flex_column av-a3zt3r-dcf883be295155eecfacbfadd0800ebb av_one_half  avia-builder-el-3  el_after_av_hr  el_before_av_one_half  first flex_column_div  '     ><section  class='av_textblock_section av-l2c8rxsj-f45d8f755bf3ba0f104a00ec81cd53d4 '   itemscope=\"itemscope\" itemtype=\"https:\/\/schema.org\/CreativeWork\" ><div class='avia_textblock'  itemprop=\"text\" ><h2><b>WEBCONFER\u00caNCIAS<\/b><\/h2>\n<p>S\u00e3o atividades educacionais \u00e0 dist\u00e2ncia por meio das TDIC que abordam temas atuais de interesse dos profissionais da APS oriundas a partir das necessidades identificadas pelos profissionais e ministradas por especialistas nos assuntos.<\/p>\n<\/div><\/section><\/div><div  class='flex_column av-8xxj7r-b8d554659e7d93d4189dd48d36bf2797 av_one_half  avia-builder-el-5  el_after_av_one_half  el_before_av_hr  flex_column_div  '     ><section  class='av_textblock_section av-l2c8sasz-76e9d00eb09996b44e1973f5359f639d '   itemscope=\"itemscope\" itemtype=\"https:\/\/schema.org\/CreativeWork\" ><div class='avia_textblock'  itemprop=\"text\" ><h2><b>WEBSIMP\u00d3SIOS<\/b><\/h2>\n<p>S\u00e3o atividades educacionais \u00e0 dist\u00e2ncia de maior dura\u00e7\u00e3o que abordam temas atuais importantes e relevantes \u00e0s pr\u00e1ticas cl\u00ednicas, processos de trabalho e gest\u00e3o, com a finalidade de desenvolver conhecimentos espec\u00edficos, com troca de experi\u00eancias e reflex\u00f5es.<\/p>\n<\/div><\/section><\/div>\n<style type=\"text\/css\" data-created_by=\"avia_inline_auto\" id=\"style-css-av-1vxdef-f90e8665a1919be8a358bdf013071f6b\">\n#top .hr.hr-invisible.av-1vxdef-f90e8665a1919be8a358bdf013071f6b{\nheight:80px;\n}\n<\/style>\n<div  class='hr av-1vxdef-f90e8665a1919be8a358bdf013071f6b hr-invisible  avia-builder-el-7  el_after_av_one_half  el_before_av_textblock '><span class='hr-inner '><span class=\"hr-inner-style\"><\/span><\/span><\/div>\n<section  class='av_textblock_section av-l2c8xg4g-2bc5a2835cedccffff4784fd5ff65e11 '   itemscope=\"itemscope\" itemtype=\"https:\/\/schema.org\/CreativeWork\" ><div class='avia_textblock'  itemprop=\"text\" ><h2 style=\"text-align: center;\"><b>COMO ACESSAR?<\/b><\/h2>\n<p>Elas podem ser assistidas ao vivo pelo canal do Youtube do N\u00facleo de Telessa\u00fade de Minas Gerais \u2013 UFMG. Caso n\u00e3o seja poss\u00edvel assistir no momento da transmiss\u00e3o, as webconfer\u00eancias ficar\u00e3o dispon\u00edveis no acervo virtual do Teleodontologia e no canal do Telessa\u00fade-UFMG no YouTube. <span style=\"font-weight: 400;\">Para acess\u00e1-las <a href=\"https:\/\/www.odonto.ufmg.br\/teleodonto\/videoteca\/\">clique aqui.<\/a><\/span><\/p>\n<\/div><\/section>\n\n","protected":false},"excerpt":{"rendered":"","protected":false},"author":5,"featured_media":0,"parent":0,"menu_order":0,"comment_status":"closed","ping_status":"closed","template":"","meta":{"inline_featured_image":false,"footnotes":""},"class_list":["post-1287","page","type-page","status-publish","hentry"],"yoast_head":"<!-- This site is optimized with the Yoast SEO plugin v27.3 - https:\/\/yoast.com\/product\/yoast-seo-wordpress\/ -->\n<title>Teleeduca\u00e7\u00e3o - Projeto Teleodontologia<\/title>\n<meta name=\"robots\" content=\"index, follow, max-snippet:-1, max-image-preview:large, max-video-preview:-1\" \/>\n<link rel=\"canonical\" href=\"https:\/\/www.odonto.ufmg.br\/teleodontologia\/teleeducacao\/\" \/>\n<meta property=\"og:locale\" content=\"pt_BR\" \/>\n<meta property=\"og:type\" content=\"article\" \/>\n<meta property=\"og:title\" content=\"Teleeduca\u00e7\u00e3o - Projeto Teleodontologia\" \/>\n<meta property=\"og:url\" content=\"https:\/\/www.odonto.ufmg.br\/teleodontologia\/teleeducacao\/\" \/>\n<meta property=\"og:site_name\" content=\"Projeto Teleodontologia\" \/>\n<meta property=\"article:modified_time\" content=\"2022-05-28T23:45:46+00:00\" \/>\n<meta property=\"og:image\" content=\"https:\/\/www.odonto.ufmg.br\/teleodonto\/wp-content\/uploads\/sites\/24\/2022\/04\/teleducacao.png\" \/>\n<meta name=\"twitter:card\" content=\"summary_large_image\" \/>\n<meta name=\"twitter:label1\" content=\"Est. tempo de leitura\" \/>\n\t<meta name=\"twitter:data1\" content=\"6 minutos\" \/>\n<script type=\"application\/ld+json\" class=\"yoast-schema-graph\">{\"@context\":\"https:\\\/\\\/schema.org\",\"@graph\":[{\"@type\":\"WebPage\",\"@id\":\"https:\\\/\\\/www.odonto.ufmg.br\\\/teleodontologia\\\/teleeducacao\\\/\",\"url\":\"https:\\\/\\\/www.odonto.ufmg.br\\\/teleodontologia\\\/teleeducacao\\\/\",\"name\":\"Teleeduca\u00e7\u00e3o - Projeto Teleodontologia\",\"isPartOf\":{\"@id\":\"https:\\\/\\\/www.odonto.ufmg.br\\\/teleodontologia\\\/#website\"},\"primaryImageOfPage\":{\"@id\":\"https:\\\/\\\/www.odonto.ufmg.br\\\/teleodontologia\\\/teleeducacao\\\/#primaryimage\"},\"image\":{\"@id\":\"https:\\\/\\\/www.odonto.ufmg.br\\\/teleodontologia\\\/teleeducacao\\\/#primaryimage\"},\"thumbnailUrl\":\"https:\\\/\\\/www.odonto.ufmg.br\\\/teleodonto\\\/wp-content\\\/uploads\\\/sites\\\/24\\\/2022\\\/04\\\/teleducacao.png\",\"datePublished\":\"2021-10-06T12:38:11+00:00\",\"dateModified\":\"2022-05-28T23:45:46+00:00\",\"breadcrumb\":{\"@id\":\"https:\\\/\\\/www.odonto.ufmg.br\\\/teleodontologia\\\/teleeducacao\\\/#breadcrumb\"},\"inLanguage\":\"pt-BR\",\"potentialAction\":[{\"@type\":\"ReadAction\",\"target\":[\"https:\\\/\\\/www.odonto.ufmg.br\\\/teleodontologia\\\/teleeducacao\\\/\"]}]},{\"@type\":\"ImageObject\",\"inLanguage\":\"pt-BR\",\"@id\":\"https:\\\/\\\/www.odonto.ufmg.br\\\/teleodontologia\\\/teleeducacao\\\/#primaryimage\",\"url\":\"https:\\\/\\\/www.odonto.ufmg.br\\\/teleodonto\\\/wp-content\\\/uploads\\\/sites\\\/24\\\/2022\\\/04\\\/teleducacao.png\",\"contentUrl\":\"https:\\\/\\\/www.odonto.ufmg.br\\\/teleodonto\\\/wp-content\\\/uploads\\\/sites\\\/24\\\/2022\\\/04\\\/teleducacao.png\"},{\"@type\":\"BreadcrumbList\",\"@id\":\"https:\\\/\\\/www.odonto.ufmg.br\\\/teleodontologia\\\/teleeducacao\\\/#breadcrumb\",\"itemListElement\":[{\"@type\":\"ListItem\",\"position\":1,\"name\":\"In\u00edcio\",\"item\":\"https:\\\/\\\/www.odonto.ufmg.br\\\/teleodontologia\\\/home\\\/\"},{\"@type\":\"ListItem\",\"position\":2,\"name\":\"Teleeduca\u00e7\u00e3o\"}]},{\"@type\":\"WebSite\",\"@id\":\"https:\\\/\\\/www.odonto.ufmg.br\\\/teleodontologia\\\/#website\",\"url\":\"https:\\\/\\\/www.odonto.ufmg.br\\\/teleodontologia\\\/\",\"name\":\"Projeto Teleodontologia\",\"description\":\"Biblioteca Virtual\",\"potentialAction\":[{\"@type\":\"SearchAction\",\"target\":{\"@type\":\"EntryPoint\",\"urlTemplate\":\"https:\\\/\\\/www.odonto.ufmg.br\\\/teleodontologia\\\/?s={search_term_string}\"},\"query-input\":{\"@type\":\"PropertyValueSpecification\",\"valueRequired\":true,\"valueName\":\"search_term_string\"}}],\"inLanguage\":\"pt-BR\"}]}<\/script>\n<!-- \/ Yoast SEO plugin. -->","yoast_head_json":{"title":"Teleeduca\u00e7\u00e3o - Projeto Teleodontologia","robots":{"index":"index","follow":"follow","max-snippet":"max-snippet:-1","max-image-preview":"max-image-preview:large","max-video-preview":"max-video-preview:-1"},"canonical":"https:\/\/www.odonto.ufmg.br\/teleodontologia\/teleeducacao\/","og_locale":"pt_BR","og_type":"article","og_title":"Teleeduca\u00e7\u00e3o - Projeto Teleodontologia","og_url":"https:\/\/www.odonto.ufmg.br\/teleodontologia\/teleeducacao\/","og_site_name":"Projeto Teleodontologia","article_modified_time":"2022-05-28T23:45:46+00:00","og_image":[{"url":"https:\/\/www.odonto.ufmg.br\/teleodonto\/wp-content\/uploads\/sites\/24\/2022\/04\/teleducacao.png","type":"","width":"","height":""}],"twitter_card":"summary_large_image","twitter_misc":{"Est. tempo de leitura":"6 minutos"},"schema":{"@context":"https:\/\/schema.org","@graph":[{"@type":"WebPage","@id":"https:\/\/www.odonto.ufmg.br\/teleodontologia\/teleeducacao\/","url":"https:\/\/www.odonto.ufmg.br\/teleodontologia\/teleeducacao\/","name":"Teleeduca\u00e7\u00e3o - Projeto Teleodontologia","isPartOf":{"@id":"https:\/\/www.odonto.ufmg.br\/teleodontologia\/#website"},"primaryImageOfPage":{"@id":"https:\/\/www.odonto.ufmg.br\/teleodontologia\/teleeducacao\/#primaryimage"},"image":{"@id":"https:\/\/www.odonto.ufmg.br\/teleodontologia\/teleeducacao\/#primaryimage"},"thumbnailUrl":"https:\/\/www.odonto.ufmg.br\/teleodonto\/wp-content\/uploads\/sites\/24\/2022\/04\/teleducacao.png","datePublished":"2021-10-06T12:38:11+00:00","dateModified":"2022-05-28T23:45:46+00:00","breadcrumb":{"@id":"https:\/\/www.odonto.ufmg.br\/teleodontologia\/teleeducacao\/#breadcrumb"},"inLanguage":"pt-BR","potentialAction":[{"@type":"ReadAction","target":["https:\/\/www.odonto.ufmg.br\/teleodontologia\/teleeducacao\/"]}]},{"@type":"ImageObject","inLanguage":"pt-BR","@id":"https:\/\/www.odonto.ufmg.br\/teleodontologia\/teleeducacao\/#primaryimage","url":"https:\/\/www.odonto.ufmg.br\/teleodonto\/wp-content\/uploads\/sites\/24\/2022\/04\/teleducacao.png","contentUrl":"https:\/\/www.odonto.ufmg.br\/teleodonto\/wp-content\/uploads\/sites\/24\/2022\/04\/teleducacao.png"},{"@type":"BreadcrumbList","@id":"https:\/\/www.odonto.ufmg.br\/teleodontologia\/teleeducacao\/#breadcrumb","itemListElement":[{"@type":"ListItem","position":1,"name":"In\u00edcio","item":"https:\/\/www.odonto.ufmg.br\/teleodontologia\/home\/"},{"@type":"ListItem","position":2,"name":"Teleeduca\u00e7\u00e3o"}]},{"@type":"WebSite","@id":"https:\/\/www.odonto.ufmg.br\/teleodontologia\/#website","url":"https:\/\/www.odonto.ufmg.br\/teleodontologia\/","name":"Projeto Teleodontologia","description":"Biblioteca Virtual","potentialAction":[{"@type":"SearchAction","target":{"@type":"EntryPoint","urlTemplate":"https:\/\/www.odonto.ufmg.br\/teleodontologia\/?s={search_term_string}"},"query-input":{"@type":"PropertyValueSpecification","valueRequired":true,"valueName":"search_term_string"}}],"inLanguage":"pt-BR"}]}},"_links":{"self":[{"href":"https:\/\/www.odonto.ufmg.br\/teleodontologia\/wp-json\/wp\/v2\/pages\/1287","targetHints":{"allow":["GET"]}}],"collection":[{"href":"https:\/\/www.odonto.ufmg.br\/teleodontologia\/wp-json\/wp\/v2\/pages"}],"about":[{"href":"https:\/\/www.odonto.ufmg.br\/teleodontologia\/wp-json\/wp\/v2\/types\/page"}],"author":[{"embeddable":true,"href":"https:\/\/www.odonto.ufmg.br\/teleodontologia\/wp-json\/wp\/v2\/users\/5"}],"replies":[{"embeddable":true,"href":"https:\/\/www.odonto.ufmg.br\/teleodontologia\/wp-json\/wp\/v2\/comments?post=1287"}],"version-history":[{"count":18,"href":"https:\/\/www.odonto.ufmg.br\/teleodontologia\/wp-json\/wp\/v2\/pages\/1287\/revisions"}],"predecessor-version":[{"id":1959,"href":"https:\/\/www.odonto.ufmg.br\/teleodontologia\/wp-json\/wp\/v2\/pages\/1287\/revisions\/1959"}],"wp:attachment":[{"href":"https:\/\/www.odonto.ufmg.br\/teleodontologia\/wp-json\/wp\/v2\/media?parent=1287"}],"curies":[{"name":"wp","href":"https:\/\/api.w.org\/{rel}","templated":true}]}}