{"id":844,"date":"2016-10-05T12:09:44","date_gmt":"2016-10-05T15:09:44","guid":{"rendered":"https:\/\/www.odonto.ufmg.br\/tcc\/?page_id=844"},"modified":"2025-11-26T15:07:46","modified_gmt":"2025-11-26T18:07:46","slug":"guia-do-tcc","status":"publish","type":"page","link":"https:\/\/www.odonto.ufmg.br\/tcc\/guia-do-tcc\/","title":{"rendered":"Guia do TCC"},"content":{"rendered":"<div id='full_slider_1'  class='avia-fullwidth-slider main_color avia-shadow   avia-builder-el-0  el_before_av_one_full  avia-builder-el-first   container_wrap sidebar_left'  >\n<style type=\"text\/css\" data-created_by=\"avia_inline_auto\" id=\"style-css-av-1sg3ss-6c15fe043c9ee0fd803ff89d52d6fd68\">\n#top #wrap_all .avia-slideshow .av-slideshow-caption.av-1sg3ss-6c15fe043c9ee0fd803ff89d52d6fd68__0 .avia-caption-title{\nfont-size:30px;\n}\n#top .avia-slideshow .av-slideshow-caption.av-1sg3ss-6c15fe043c9ee0fd803ff89d52d6fd68__0 .avia-caption-content{\nfont-size:27px;\n}\n#top .avia-slideshow .av-slideshow-caption.av-1sg3ss-6c15fe043c9ee0fd803ff89d52d6fd68__0 .avia-caption-content p{\nfont-size:27px;\n}\n<\/style>\n<div  class='avia-slideshow av-1sg3ss-6c15fe043c9ee0fd803ff89d52d6fd68 avia-slideshow-no scaling av_slideshow_full avia-slide-slider av-slideshow-ui av-control-default av-slideshow-manual av-loop-once av-loop-manual-endless av-default-height-applied   avia-slideshow-1' data-slideshow-options=\"{&quot;animation&quot;:&quot;slide&quot;,&quot;autoplay&quot;:false,&quot;loop_autoplay&quot;:&quot;once&quot;,&quot;interval&quot;:5,&quot;loop_manual&quot;:&quot;manual-endless&quot;,&quot;autoplay_stopper&quot;:false,&quot;noNavigation&quot;:false,&quot;bg_slider&quot;:false,&quot;keep_padding&quot;:false,&quot;hoverpause&quot;:false,&quot;show_slide_delay&quot;:0}\"  itemprop=\"image\" itemscope=\"itemscope\" itemtype=\"https:\/\/schema.org\/ImageObject\" ><ul class='avia-slideshow-inner ' style='padding-bottom: 24%;'><li  class='avia-slideshow-slide av-1sg3ss-6c15fe043c9ee0fd803ff89d52d6fd68__0  av-single-slide slide-1 slide-odd'><div data-rel='slideshow-1' class='avia-slide-wrap '   ><div class='av-slideshow-caption av-1sg3ss-6c15fe043c9ee0fd803ff89d52d6fd68__0 caption_fullwidth caption_bottom caption_bottom_framed caption_framed'><div class=\"container caption_container\"><div class=\"slideshow_caption\"><div class=\"slideshow_inner_caption\"><div class=\"slideshow_align_caption\"><h2 class='avia-caption-title '  itemprop=\"name\" >TCC<\/h2><div class='avia-caption-content '  itemprop=\"description\" ><p>Trabalho de Conclus\u00e3o de Curso<\/p>\n<\/div><\/div><\/div><\/div><\/div><\/div><img fetchpriority=\"high\" class=\"wp-image-705 avia-img-lazy-loading-not-705\"  src='https:\/\/www.odonto.ufmg.br\/tcc\/wp-content\/uploads\/sites\/14\/2016\/10\/cover01.jpg' width='1500' height='360' title='cover01' alt=''  itemprop=\"thumbnailUrl\"   \/><div class='av-section-color-overlay' style='opacity: 0.5; background-color: #000000; '><\/div><\/div><\/li><\/ul><\/div><\/div><div id='after_full_slider_1'  class='main_color av_default_container_wrap container_wrap sidebar_left'  ><div class='container av-section-cont-open' ><div class='template-page content  av-content-small units'><div class='post-entry post-entry-type-page post-entry-844'><div class='entry-content-wrapper clearfix'>\n\n<style type=\"text\/css\" data-created_by=\"avia_inline_auto\" id=\"style-css-av-1czo5w-1391bb6a1b65632c7231a530e67ebcdf\">\n.flex_column.av-1czo5w-1391bb6a1b65632c7231a530e67ebcdf{\nborder-radius:0px 0px 0px 0px;\npadding:0px 0px 0px 0px;\n}\n<\/style>\n<div  class='flex_column av-1czo5w-1391bb6a1b65632c7231a530e67ebcdf av_one_full  avia-builder-el-1  el_after_av_slideshow_full  el_before_av_one_half  avia-builder-el-first  first flex_column_div av-zero-column-padding  '     ><style type=\"text\/css\" data-created_by=\"avia_inline_auto\" id=\"style-css-av-16iqd0-9448c7fc042f1564de22b289ba9cf730\">\n#top .av-special-heading.av-16iqd0-9448c7fc042f1564de22b289ba9cf730{\npadding-bottom:10px;\n}\nbody .av-special-heading.av-16iqd0-9448c7fc042f1564de22b289ba9cf730 .av-special-heading-tag .heading-char{\nfont-size:25px;\n}\n.av-special-heading.av-16iqd0-9448c7fc042f1564de22b289ba9cf730 .av-subheading{\nfont-size:15px;\n}\n<\/style>\n<div  class='av-special-heading av-16iqd0-9448c7fc042f1564de22b289ba9cf730 av-special-heading-h3 blockquote modern-quote  avia-builder-el-2  avia-builder-el-no-sibling '><h3 class='av-special-heading-tag '  itemprop=\"headline\"  >Guia do TCC<\/h3><div class=\"special-heading-border\"><div class=\"special-heading-inner-border\"><\/div><\/div><\/div><\/div>\n\n<style type=\"text\/css\" data-created_by=\"avia_inline_auto\" id=\"style-css-av-1202ng-4aaa1c4ba1cbb0f8f2b2840caf37e13c\">\n.flex_column.av-1202ng-4aaa1c4ba1cbb0f8f2b2840caf37e13c{\nborder-radius:0px 0px 0px 0px;\npadding:0px 0px 0px 0px;\n}\n<\/style>\n<div  class='flex_column av-1202ng-4aaa1c4ba1cbb0f8f2b2840caf37e13c av_one_half  avia-builder-el-3  el_after_av_one_full  el_before_av_one_half  first flex_column_div av-zero-column-padding  column-top-margin'     ><article  class='iconbox iconbox_left av-vkedg-2ea81ffa9870eac486854513b825be75  avia-builder-el-4  avia-builder-el-no-sibling '  itemscope=\"itemscope\" itemtype=\"https:\/\/schema.org\/CreativeWork\" ><div class=\"iconbox_content\"><header class=\"entry-content-header\" aria-label=\"Icon: Sobre o Guia\"><div class='iconbox_icon heading-color avia-iconfont avia-font-entypo-fontello' data-av_icon='\ue833' data-av_iconfont='entypo-fontello' title=\"Sobre o Guia\" desc=\"Sobre o Guia\" ><\/div><h3 class='iconbox_content_title '  itemprop=\"headline\" ><a href='https:\/\/www.odonto.ufmg.br\/tcc\/guia-do-tcc\/sobre-o-guia\/' title='Sobre o Guia'  >Sobre o Guia<\/a><\/h3><\/header><div class='iconbox_content_container '  itemprop=\"text\" ><p>De aluno para aluno ! A aluna\u00a0<strong>Raphaela Alvarenga<\/strong> fala um pouco sobre o papel do guia do TCC na elabora\u00e7\u00e3o do trabalho.<\/p>\n<\/div><\/div><footer class=\"entry-footer\"><\/footer><\/article><\/div>\n\n<style type=\"text\/css\" data-created_by=\"avia_inline_auto\" id=\"style-css-av-q2rek-8fea3a8f9faa86077f4599a807804132\">\n.flex_column.av-q2rek-8fea3a8f9faa86077f4599a807804132{\nborder-radius:0px 0px 0px 0px;\npadding:0px 0px 0px 0px;\n}\n<\/style>\n<div  class='flex_column av-q2rek-8fea3a8f9faa86077f4599a807804132 av_one_half  avia-builder-el-5  el_after_av_one_half  el_before_av_one_half  flex_column_div av-zero-column-padding  column-top-margin'     ><article  class='iconbox iconbox_left av-layzo-a0535e1ccb4c61649efd96e0a246a244  avia-builder-el-6  avia-builder-el-no-sibling '  itemscope=\"itemscope\" itemtype=\"https:\/\/schema.org\/CreativeWork\" ><div class=\"iconbox_content\"><header class=\"entry-content-header\" aria-label=\"Icon: Guia em PDF\"><a href='https:\/\/www.odonto.ufmg.br\/tcc\/wp-content\/uploads\/sites\/14\/2025\/03\/guia_revisado_17_03_2025.pdf' title='Guia em PDF' aria-label='Guia em PDF'  target=\"_blank\"  rel=\"noopener noreferrer\" class='iconbox_icon heading-color avia-iconfont avia-font-entypo-fontello' data-av_icon='\ue84b' data-av_iconfont='entypo-fontello' title=\"Guia em PDF\" desc=\"Guia em PDF\" ><\/a><h3 class='iconbox_content_title '  itemprop=\"headline\" ><a href='https:\/\/www.odonto.ufmg.br\/tcc\/wp-content\/uploads\/sites\/14\/2025\/03\/guia_revisado_17_03_2025.pdf' title='Guia em PDF'  target=\"_blank\"  rel=\"noopener noreferrer\">Guia em PDF<\/a><\/h3><\/header><div class='iconbox_content_container '  itemprop=\"text\" ><p>Veja o guia na \u00edntegra <strong>(Vers\u00e3o 2025 em revis\u00e3o)<\/strong>. Dispon\u00edvel em PDF !\u00a0 <a href=\"https:\/\/www.odonto.ufmg.br\/tcc\/wp-content\/uploads\/sites\/14\/2025\/03\/guia_revisado_17_03_2025.pdf\">clique aqui<\/a><\/p>\n<\/div><\/div><footer class=\"entry-footer\"><\/footer><\/article><\/div>\n<style type=\"text\/css\" data-created_by=\"avia_inline_auto\" id=\"style-css-av-ewsq4-7559c4076ae7a52c6b30d8852e8ff299\">\n.flex_column.av-ewsq4-7559c4076ae7a52c6b30d8852e8ff299{\nborder-radius:0px 0px 0px 0px;\npadding:0px 0px 0px 0px;\n}\n<\/style>\n<div  class='flex_column av-ewsq4-7559c4076ae7a52c6b30d8852e8ff299 av_one_half  avia-builder-el-7  el_after_av_one_half  el_before_av_one_half  first flex_column_div av-zero-column-padding  column-top-margin'     ><article  class='iconbox iconbox_left av-6mdo4-73a0f3fe63f44fa7353698324e1d9691  avia-builder-el-8  avia-builder-el-no-sibling '  itemscope=\"itemscope\" itemtype=\"https:\/\/schema.org\/CreativeWork\" ><div class=\"iconbox_content\"><header class=\"entry-content-header\" aria-label=\"Icon: Tutoriais de Busca\"><div class='iconbox_icon heading-color avia-iconfont avia-font-entypo-fontello' data-av_icon='\ue803' data-av_iconfont='entypo-fontello' title=\"Tutoriais de Busca\" desc=\"Tutoriais de Busca\" ><\/div><h3 class='iconbox_content_title '  itemprop=\"headline\" ><a href='https:\/\/www.odonto.ufmg.br\/tcc\/guia-do-tcc\/tutoriais-de-busca\/' title='Tutoriais de Busca'  >Tutoriais de Busca<\/a><\/h3><\/header><div class='iconbox_content_container '  itemprop=\"text\" ><p>Aprenda um pouco sobre a busca de conte\u00fados nas bases de pesquisa.<\/p>\n<\/div><\/div><footer class=\"entry-footer\"><\/footer><\/article><\/div><\/p>\n\n<style type=\"text\/css\" data-created_by=\"avia_inline_auto\" id=\"style-css-av-ewsq4-2-86910303c61fb0023de4e6179346bcfe\">\n.flex_column.av-ewsq4-2-86910303c61fb0023de4e6179346bcfe{\nborder-radius:0px 0px 0px 0px;\npadding:0px 0px 0px 0px;\n}\n<\/style>\n<div  class='flex_column av-ewsq4-2-86910303c61fb0023de4e6179346bcfe av_one_half  avia-builder-el-9  el_after_av_one_half  avia-builder-el-last  flex_column_div av-zero-column-padding  column-top-margin'     ><article  class='iconbox iconbox_left av-6mdo4-1-09fa664ff7bef2cca4b1c1c35d179dbc  avia-builder-el-10  avia-builder-el-no-sibling '  itemscope=\"itemscope\" itemtype=\"https:\/\/schema.org\/CreativeWork\" ><div class=\"iconbox_content\"><header class=\"entry-content-header\" aria-label=\"Icon: Apresenta\u00e7\u00e3o do TCC final\"><div class='iconbox_icon heading-color avia-iconfont avia-font-entypo-fontello' data-av_icon='\ue864' data-av_iconfont='entypo-fontello' title=\"Apresenta\u00e7\u00e3o do TCC final\" desc=\"Apresenta\u00e7\u00e3o do TCC final\" ><\/div><h3 class='iconbox_content_title '  itemprop=\"headline\" ><a href='https:\/\/www.odonto.ufmg.br\/tcc\/guia-do-tcc\/tutoriais-de-busca\/' title='Apresenta\u00e7\u00e3o do TCC final'  >Apresenta\u00e7\u00e3o do TCC final<\/a><\/h3><\/header><div class='iconbox_content_container '  itemprop=\"text\" ><div class='avia-iframe-wrap'><iframe title=\"Orienta\u00e7\u00f5es para apresenta\u00e7\u00e3o final do TCC na FAO\" width=\"1333\" height=\"1000\" src=\"https:\/\/www.youtube.com\/embed\/qp_malJ4oc4?feature=oembed\" frameborder=\"0\" allow=\"accelerometer; autoplay; clipboard-write; encrypted-media; gyroscope; picture-in-picture; web-share\" referrerpolicy=\"strict-origin-when-cross-origin\" allowfullscreen><\/iframe><\/div>\n<\/div><\/div><footer class=\"entry-footer\"><\/footer><\/article><\/div>\n","protected":false},"excerpt":{"rendered":"","protected":false},"author":5,"featured_media":0,"parent":0,"menu_order":0,"comment_status":"closed","ping_status":"closed","template":"","meta":{"inline_featured_image":false,"footnotes":""},"class_list":["post-844","page","type-page","status-publish","hentry"],"yoast_head":"<!-- This site is optimized with the Yoast SEO plugin v27.5 - https:\/\/yoast.com\/product\/yoast-seo-wordpress\/ -->\n<title>Guia do TCC - Trabalho de Conclus\u00e3o de Curso<\/title>\n<meta name=\"robots\" content=\"index, follow, max-snippet:-1, max-image-preview:large, max-video-preview:-1\" \/>\n<link rel=\"canonical\" href=\"https:\/\/www.odonto.ufmg.br\/tcc\/guia-do-tcc\/\" \/>\n<meta property=\"og:locale\" content=\"pt_BR\" \/>\n<meta property=\"og:type\" content=\"article\" \/>\n<meta property=\"og:title\" content=\"Guia do TCC - Trabalho de Conclus\u00e3o de Curso\" \/>\n<meta property=\"og:url\" content=\"https:\/\/www.odonto.ufmg.br\/tcc\/guia-do-tcc\/\" \/>\n<meta property=\"og:site_name\" content=\"Trabalho de Conclus\u00e3o de Curso\" \/>\n<meta property=\"article:publisher\" content=\"https:\/\/www.facebook.com\/faoufmg\/\" \/>\n<meta property=\"article:modified_time\" content=\"2025-11-26T18:07:46+00:00\" \/>\n<meta property=\"og:image\" content=\"https:\/\/www.odonto.ufmg.br\/tcc\/wp-content\/uploads\/sites\/14\/2016\/10\/cover.jpg\" \/>\n\t<meta property=\"og:image:width\" content=\"1500\" \/>\n\t<meta property=\"og:image:height\" content=\"410\" \/>\n\t<meta property=\"og:image:type\" content=\"image\/jpeg\" \/>\n<meta name=\"twitter:card\" content=\"summary_large_image\" \/>\n<meta name=\"twitter:label1\" content=\"Est. tempo de leitura\" \/>\n\t<meta name=\"twitter:data1\" content=\"1 minuto\" \/>\n<script type=\"application\/ld+json\" class=\"yoast-schema-graph\">{\"@context\":\"https:\\\/\\\/schema.org\",\"@graph\":[{\"@type\":\"WebPage\",\"@id\":\"https:\\\/\\\/www.odonto.ufmg.br\\\/tcc\\\/guia-do-tcc\\\/\",\"url\":\"https:\\\/\\\/www.odonto.ufmg.br\\\/tcc\\\/guia-do-tcc\\\/\",\"name\":\"Guia do TCC - Trabalho de Conclus\u00e3o de Curso\",\"isPartOf\":{\"@id\":\"https:\\\/\\\/www.odonto.ufmg.br\\\/tcc\\\/#website\"},\"datePublished\":\"2016-10-05T15:09:44+00:00\",\"dateModified\":\"2025-11-26T18:07:46+00:00\",\"breadcrumb\":{\"@id\":\"https:\\\/\\\/www.odonto.ufmg.br\\\/tcc\\\/guia-do-tcc\\\/#breadcrumb\"},\"inLanguage\":\"pt-BR\",\"potentialAction\":[{\"@type\":\"ReadAction\",\"target\":[\"https:\\\/\\\/www.odonto.ufmg.br\\\/tcc\\\/guia-do-tcc\\\/\"]}]},{\"@type\":\"BreadcrumbList\",\"@id\":\"https:\\\/\\\/www.odonto.ufmg.br\\\/tcc\\\/guia-do-tcc\\\/#breadcrumb\",\"itemListElement\":[{\"@type\":\"ListItem\",\"position\":1,\"name\":\"In\u00edcio\",\"item\":\"https:\\\/\\\/www.odonto.ufmg.br\\\/tcc\\\/inicio\\\/\"},{\"@type\":\"ListItem\",\"position\":2,\"name\":\"Guia do TCC\"}]},{\"@type\":\"WebSite\",\"@id\":\"https:\\\/\\\/www.odonto.ufmg.br\\\/tcc\\\/#website\",\"url\":\"https:\\\/\\\/www.odonto.ufmg.br\\\/tcc\\\/\",\"name\":\"Trabalho de Conclus\u00e3o de Curso\",\"description\":\"S\u00f3 mais um site Faculdade de Odontologia Universidade Federal de Minas Gerais\",\"publisher\":{\"@id\":\"https:\\\/\\\/www.odonto.ufmg.br\\\/tcc\\\/#organization\"},\"potentialAction\":[{\"@type\":\"SearchAction\",\"target\":{\"@type\":\"EntryPoint\",\"urlTemplate\":\"https:\\\/\\\/www.odonto.ufmg.br\\\/tcc\\\/?s={search_term_string}\"},\"query-input\":{\"@type\":\"PropertyValueSpecification\",\"valueRequired\":true,\"valueName\":\"search_term_string\"}}],\"inLanguage\":\"pt-BR\"},{\"@type\":\"Organization\",\"@id\":\"https:\\\/\\\/www.odonto.ufmg.br\\\/tcc\\\/#organization\",\"name\":\"Faculdade de Odontologia da UFMG\",\"url\":\"https:\\\/\\\/www.odonto.ufmg.br\\\/tcc\\\/\",\"logo\":{\"@type\":\"ImageObject\",\"inLanguage\":\"pt-BR\",\"@id\":\"https:\\\/\\\/www.odonto.ufmg.br\\\/tcc\\\/#\\\/schema\\\/logo\\\/image\\\/\",\"url\":\"https:\\\/\\\/www.odonto.ufmg.br\\\/tcc\\\/wp-content\\\/uploads\\\/sites\\\/14\\\/2016\\\/10\\\/tcc-logo.svg\",\"contentUrl\":\"https:\\\/\\\/www.odonto.ufmg.br\\\/tcc\\\/wp-content\\\/uploads\\\/sites\\\/14\\\/2016\\\/10\\\/tcc-logo.svg\",\"width\":1,\"height\":1,\"caption\":\"Faculdade de Odontologia da UFMG\"},\"image\":{\"@id\":\"https:\\\/\\\/www.odonto.ufmg.br\\\/tcc\\\/#\\\/schema\\\/logo\\\/image\\\/\"},\"sameAs\":[\"https:\\\/\\\/www.facebook.com\\\/faoufmg\\\/\"]}]}<\/script>\n<!-- \/ Yoast SEO plugin. -->","yoast_head_json":{"title":"Guia do TCC - Trabalho de Conclus\u00e3o de Curso","robots":{"index":"index","follow":"follow","max-snippet":"max-snippet:-1","max-image-preview":"max-image-preview:large","max-video-preview":"max-video-preview:-1"},"canonical":"https:\/\/www.odonto.ufmg.br\/tcc\/guia-do-tcc\/","og_locale":"pt_BR","og_type":"article","og_title":"Guia do TCC - Trabalho de Conclus\u00e3o de Curso","og_url":"https:\/\/www.odonto.ufmg.br\/tcc\/guia-do-tcc\/","og_site_name":"Trabalho de Conclus\u00e3o de Curso","article_publisher":"https:\/\/www.facebook.com\/faoufmg\/","article_modified_time":"2025-11-26T18:07:46+00:00","og_image":[{"width":1500,"height":410,"url":"https:\/\/www.odonto.ufmg.br\/tcc\/wp-content\/uploads\/sites\/14\/2016\/10\/cover.jpg","type":"image\/jpeg"}],"twitter_card":"summary_large_image","twitter_misc":{"Est. tempo de leitura":"1 minuto"},"schema":{"@context":"https:\/\/schema.org","@graph":[{"@type":"WebPage","@id":"https:\/\/www.odonto.ufmg.br\/tcc\/guia-do-tcc\/","url":"https:\/\/www.odonto.ufmg.br\/tcc\/guia-do-tcc\/","name":"Guia do TCC - Trabalho de Conclus\u00e3o de Curso","isPartOf":{"@id":"https:\/\/www.odonto.ufmg.br\/tcc\/#website"},"datePublished":"2016-10-05T15:09:44+00:00","dateModified":"2025-11-26T18:07:46+00:00","breadcrumb":{"@id":"https:\/\/www.odonto.ufmg.br\/tcc\/guia-do-tcc\/#breadcrumb"},"inLanguage":"pt-BR","potentialAction":[{"@type":"ReadAction","target":["https:\/\/www.odonto.ufmg.br\/tcc\/guia-do-tcc\/"]}]},{"@type":"BreadcrumbList","@id":"https:\/\/www.odonto.ufmg.br\/tcc\/guia-do-tcc\/#breadcrumb","itemListElement":[{"@type":"ListItem","position":1,"name":"In\u00edcio","item":"https:\/\/www.odonto.ufmg.br\/tcc\/inicio\/"},{"@type":"ListItem","position":2,"name":"Guia do TCC"}]},{"@type":"WebSite","@id":"https:\/\/www.odonto.ufmg.br\/tcc\/#website","url":"https:\/\/www.odonto.ufmg.br\/tcc\/","name":"Trabalho de Conclus\u00e3o de Curso","description":"S\u00f3 mais um site Faculdade de Odontologia Universidade Federal de Minas Gerais","publisher":{"@id":"https:\/\/www.odonto.ufmg.br\/tcc\/#organization"},"potentialAction":[{"@type":"SearchAction","target":{"@type":"EntryPoint","urlTemplate":"https:\/\/www.odonto.ufmg.br\/tcc\/?s={search_term_string}"},"query-input":{"@type":"PropertyValueSpecification","valueRequired":true,"valueName":"search_term_string"}}],"inLanguage":"pt-BR"},{"@type":"Organization","@id":"https:\/\/www.odonto.ufmg.br\/tcc\/#organization","name":"Faculdade de Odontologia da UFMG","url":"https:\/\/www.odonto.ufmg.br\/tcc\/","logo":{"@type":"ImageObject","inLanguage":"pt-BR","@id":"https:\/\/www.odonto.ufmg.br\/tcc\/#\/schema\/logo\/image\/","url":"https:\/\/www.odonto.ufmg.br\/tcc\/wp-content\/uploads\/sites\/14\/2016\/10\/tcc-logo.svg","contentUrl":"https:\/\/www.odonto.ufmg.br\/tcc\/wp-content\/uploads\/sites\/14\/2016\/10\/tcc-logo.svg","width":1,"height":1,"caption":"Faculdade de Odontologia da UFMG"},"image":{"@id":"https:\/\/www.odonto.ufmg.br\/tcc\/#\/schema\/logo\/image\/"},"sameAs":["https:\/\/www.facebook.com\/faoufmg\/"]}]}},"_links":{"self":[{"href":"https:\/\/www.odonto.ufmg.br\/tcc\/wp-json\/wp\/v2\/pages\/844","targetHints":{"allow":["GET"]}}],"collection":[{"href":"https:\/\/www.odonto.ufmg.br\/tcc\/wp-json\/wp\/v2\/pages"}],"about":[{"href":"https:\/\/www.odonto.ufmg.br\/tcc\/wp-json\/wp\/v2\/types\/page"}],"author":[{"embeddable":true,"href":"https:\/\/www.odonto.ufmg.br\/tcc\/wp-json\/wp\/v2\/users\/5"}],"replies":[{"embeddable":true,"href":"https:\/\/www.odonto.ufmg.br\/tcc\/wp-json\/wp\/v2\/comments?post=844"}],"version-history":[{"count":25,"href":"https:\/\/www.odonto.ufmg.br\/tcc\/wp-json\/wp\/v2\/pages\/844\/revisions"}],"predecessor-version":[{"id":2076,"href":"https:\/\/www.odonto.ufmg.br\/tcc\/wp-json\/wp\/v2\/pages\/844\/revisions\/2076"}],"wp:attachment":[{"href":"https:\/\/www.odonto.ufmg.br\/tcc\/wp-json\/wp\/v2\/media?parent=844"}],"curies":[{"name":"wp","href":"https:\/\/api.w.org\/{rel}","templated":true}]}}