{"id":821,"date":"2016-10-05T11:37:07","date_gmt":"2016-10-05T14:37:07","guid":{"rendered":"https:\/\/www.odonto.ufmg.br\/tcc\/?page_id=821"},"modified":"2016-10-11T16:57:40","modified_gmt":"2016-10-11T19:57:40","slug":"percurso-no-tcc","status":"publish","type":"page","link":"https:\/\/www.odonto.ufmg.br\/tcc\/percurso-no-tcc\/","title":{"rendered":"Percurso no TCC"},"content":{"rendered":"<div id='full_slider_1'  class='avia-fullwidth-slider main_color avia-shadow   avia-builder-el-0  el_before_av_one_full  avia-builder-el-first   container_wrap sidebar_left'  >\n<style type=\"text\/css\" data-created_by=\"avia_inline_auto\" id=\"style-css-av-av_slideshow_full-7c89eef234b705e7a4d2de62d66c7ebb\">\n#top #wrap_all .avia-slideshow .av-slideshow-caption.av-av_slideshow_full-7c89eef234b705e7a4d2de62d66c7ebb__0 .avia-caption-title{\nfont-size:30px;\n}\n#top .avia-slideshow .av-slideshow-caption.av-av_slideshow_full-7c89eef234b705e7a4d2de62d66c7ebb__0 .avia-caption-content{\nfont-size:27px;\n}\n#top .avia-slideshow .av-slideshow-caption.av-av_slideshow_full-7c89eef234b705e7a4d2de62d66c7ebb__0 .avia-caption-content p{\nfont-size:27px;\n}\n<\/style>\n<div  class='avia-slideshow av-av_slideshow_full-7c89eef234b705e7a4d2de62d66c7ebb avia-slideshow-no scaling av_slideshow_full avia-slide-slider av-slideshow-ui av-control-default av-slideshow-manual av-loop-once av-loop-manual-endless av-default-height-applied   avia-slideshow-1' data-slideshow-options=\"{&quot;animation&quot;:&quot;slide&quot;,&quot;autoplay&quot;:false,&quot;loop_autoplay&quot;:&quot;once&quot;,&quot;interval&quot;:5,&quot;loop_manual&quot;:&quot;manual-endless&quot;,&quot;autoplay_stopper&quot;:false,&quot;noNavigation&quot;:false,&quot;bg_slider&quot;:false,&quot;keep_padding&quot;:false,&quot;hoverpause&quot;:false,&quot;show_slide_delay&quot;:0}\"  itemprop=\"image\" itemscope=\"itemscope\" itemtype=\"https:\/\/schema.org\/ImageObject\" ><ul class='avia-slideshow-inner ' style='padding-bottom: 24%;'><li  class='avia-slideshow-slide av-av_slideshow_full-7c89eef234b705e7a4d2de62d66c7ebb__0  av-single-slide slide-1 slide-odd'><div data-rel='slideshow-1' class='avia-slide-wrap '   ><div class='av-slideshow-caption av-av_slideshow_full-7c89eef234b705e7a4d2de62d66c7ebb__0 caption_fullwidth caption_bottom caption_bottom_framed caption_framed'><div class=\"container caption_container\"><div class=\"slideshow_caption\"><div class=\"slideshow_inner_caption\"><div class=\"slideshow_align_caption\"><h2 class='avia-caption-title '  itemprop=\"name\" >TCC<\/h2><div class='avia-caption-content '  itemprop=\"description\" ><p>Trabalho de Conclus\u00e3o de Curso<\/p>\n<\/div><\/div><\/div><\/div><\/div><\/div><img fetchpriority=\"high\" class=\"wp-image-705 avia-img-lazy-loading-not-705\"  src='https:\/\/www.odonto.ufmg.br\/tcc\/wp-content\/uploads\/sites\/14\/2016\/10\/cover01.jpg' width='1500' height='360' title='cover01' alt=''  itemprop=\"thumbnailUrl\"   \/><div class='av-section-color-overlay' style='opacity: 0.5; background-color: #000000; '><\/div><\/div><\/li><\/ul><\/div><\/div><div id='after_full_slider_1'  class='main_color av_default_container_wrap container_wrap sidebar_left'  ><div class='container av-section-cont-open' ><div class='template-page content  av-content-small units'><div class='post-entry post-entry-type-page post-entry-821'><div class='entry-content-wrapper clearfix'>\n\n<style type=\"text\/css\" data-created_by=\"avia_inline_auto\" id=\"style-css-av-av_one_full-6126cab7d8fab8d08143dd2dacdf673c\">\n.flex_column.av-av_one_full-6126cab7d8fab8d08143dd2dacdf673c{\nborder-radius:0px 0px 0px 0px;\npadding:0px 0px 0px 0px;\n}\n<\/style>\n<div  class='flex_column av-av_one_full-6126cab7d8fab8d08143dd2dacdf673c av_one_full  avia-builder-el-1  el_after_av_slideshow_full  el_before_av_one_full  avia-builder-el-first  first flex_column_div av-zero-column-padding  '     ><p>\n<style type=\"text\/css\" data-created_by=\"avia_inline_auto\" id=\"style-css-av-av_heading-145b53d021fefa950860654895939052\">\n#top .av-special-heading.av-av_heading-145b53d021fefa950860654895939052{\npadding-bottom:25px;\n}\nbody .av-special-heading.av-av_heading-145b53d021fefa950860654895939052 .av-special-heading-tag .heading-char{\nfont-size:25px;\n}\n.av-special-heading.av-av_heading-145b53d021fefa950860654895939052 .av-subheading{\nfont-size:15px;\n}\n<\/style>\n<div  class='av-special-heading av-av_heading-145b53d021fefa950860654895939052 av-special-heading-h3 blockquote modern-quote  avia-builder-el-2  el_before_av_textblock  avia-builder-el-first '><h3 class='av-special-heading-tag '  itemprop=\"headline\"  >Percurso no TCC<\/h3><div class=\"special-heading-border\"><div class=\"special-heading-inner-border\"><\/div><\/div><\/div><br \/>\n<section  class='av_textblock_section av-av_textblock-0366cc7376be6c9e82a3e9cc8987b64f '   itemscope=\"itemscope\" itemtype=\"https:\/\/schema.org\/CreativeWork\" ><div class='avia_textblock'  itemprop=\"text\" ><p>Nesta p\u00e1gina apresentamos um passo-a-passo relacionado ao\u00a0processo de desenvolvimento do projeto de TCC. Voc\u00ea pode <strong>clicar nos \u00edcones<\/strong> para obter mais informa\u00e7\u00f5es a respeito de cada etapa.<\/p>\n<\/div><\/section><\/p><\/div>\n\n<style type=\"text\/css\" data-created_by=\"avia_inline_auto\" id=\"style-css-av-av_one_full-6126cab7d8fab8d08143dd2dacdf673c\">\n.flex_column.av-av_one_full-6126cab7d8fab8d08143dd2dacdf673c{\nborder-radius:0px 0px 0px 0px;\npadding:0px 0px 0px 0px;\n}\n<\/style>\n<div  class='flex_column av-av_one_full-6126cab7d8fab8d08143dd2dacdf673c av_one_full  avia-builder-el-4  el_after_av_one_full  el_before_av_one_full  first flex_column_div av-zero-column-padding  column-top-margin'     ><style type=\"text\/css\" data-created_by=\"avia_inline_auto\" id=\"style-css-av-av_icon_box-dcc057895de861f9cc06c60d300cba6d\">\n.iconbox.av-av_icon_box-dcc057895de861f9cc06c60d300cba6d .iconbox_icon{\nbackground-color:#054467;\nborder:1px solid #71a493;\ncolor:#ffffff;\n}\n.iconbox.av-av_icon_box-dcc057895de861f9cc06c60d300cba6d .iconbox_icon.avia-svg-icon svg:first-child{\nfill:#ffffff;\nstroke:#ffffff;\n}\n<\/style>\n<article  class='iconbox iconbox_top av-av_icon_box-dcc057895de861f9cc06c60d300cba6d  avia-builder-el-5  el_before_av_font_icon  avia-builder-el-first  main_color'  itemscope=\"itemscope\" itemtype=\"https:\/\/schema.org\/CreativeWork\" ><div class=\"iconbox_content\"><header class=\"entry-content-header\" aria-label=\"Icon: TCC I - Base te\u00f3rica e metodol\u00f3gica\"><div class='iconbox_icon heading-color avia-iconfont avia-font-entypo-fontello' data-av_icon='\ue856' data-av_iconfont='entypo-fontello'  ><\/div><h3 class='iconbox_content_title '  itemprop=\"headline\" >TCC I - Base te\u00f3rica e metodol\u00f3gica<\/h3><\/header><div class='iconbox_content_container '  itemprop=\"text\" ><p style=\"text-align: center;\">A disciplina TCC I \u00e9 ofertada no 2\u00ba per\u00edodo do curso e visa proporcionar ao aluno condi\u00e7\u00f5es de desenvolver o seu Trabalho de Conclus\u00e3o de Curso.<\/p>\n<p style=\"text-align: center;\"><strong>S\u00e3o desenvolvidos os conte\u00fados seguintes conte\u00fados:<\/strong> teoria do conhecimento, \u00e9tica em pesquisa, normas para formata\u00e7\u00e3o de trabalhos cient\u00edficos, apresenta\u00e7\u00e3o de trabalho cient\u00edfico.<\/p>\n<\/div><\/div><footer class=\"entry-footer\"><\/footer><\/article><br \/>\n\n<style type=\"text\/css\" data-created_by=\"avia_inline_auto\" id=\"style-css-av-av_font_icon-d32cb4e6f2eb723f55925a912811a0f7\">\n.av_font_icon.av-av_font_icon-d32cb4e6f2eb723f55925a912811a0f7{\ncolor:#da2538;\nborder-color:#da2538;\n}\n.avia-svg-icon.av-av_font_icon-d32cb4e6f2eb723f55925a912811a0f7 svg:first-child{\nstroke:#da2538;\nfill:#da2538;\n}\n.av_font_icon.av-av_font_icon-d32cb4e6f2eb723f55925a912811a0f7 .av-icon-char{\nfont-size:40px;\nline-height:40px;\n}\n<\/style>\n<span  class='av_font_icon av-av_font_icon-d32cb4e6f2eb723f55925a912811a0f7 avia_animate_when_visible av-icon-style- avia-icon-pos-center avia-iconfont avia-font-entypo-fontello avia-icon-animate'><span class='av-icon-char' data-av_icon='\ue87f' data-av_iconfont='entypo-fontello' aria-hidden=\"true\" ><\/span><\/span><\/p><\/div>\n<style type=\"text\/css\" data-created_by=\"avia_inline_auto\" id=\"style-css-av-av_one_full-6126cab7d8fab8d08143dd2dacdf673c\">\n.flex_column.av-av_one_full-6126cab7d8fab8d08143dd2dacdf673c{\nborder-radius:0px 0px 0px 0px;\npadding:0px 0px 0px 0px;\n}\n<\/style>\n<div  class='flex_column av-av_one_full-6126cab7d8fab8d08143dd2dacdf673c av_one_full  avia-builder-el-7  el_after_av_one_full  el_before_av_one_full  first flex_column_div av-zero-column-padding  column-top-margin'     ><p>\n<style type=\"text\/css\" data-created_by=\"avia_inline_auto\" id=\"style-css-av-av_icon_box-c8a8765b351ead0042355b055c3584c1\">\n.iconbox.av-av_icon_box-c8a8765b351ead0042355b055c3584c1 .iconbox_icon{\nbackground-color:#054467;\nborder:1px solid #71a493;\ncolor:#ffffff;\n}\n.iconbox.av-av_icon_box-c8a8765b351ead0042355b055c3584c1 .iconbox_icon.avia-svg-icon svg:first-child{\nfill:#ffffff;\nstroke:#ffffff;\n}\n<\/style>\n<article  class='iconbox iconbox_top av-av_icon_box-c8a8765b351ead0042355b055c3584c1  avia-builder-el-8  el_before_av_font_icon  avia-builder-el-first  main_color'  itemscope=\"itemscope\" itemtype=\"https:\/\/schema.org\/CreativeWork\" ><div class=\"iconbox_content\"><header class=\"entry-content-header\" aria-label=\"Icon: TCC II - Defini\u00e7\u00e3o do Professor orientador e reda\u00e7\u00e3o do projeto de TCC\"><a href='https:\/\/www.odonto.ufmg.br\/tcc\/percurso-no-tcc\/tcc-ii\/' title='TCC II - Defini\u00e7\u00e3o do Professor orientador e reda\u00e7\u00e3o do projeto de TCC' aria-label='TCC II - Defini\u00e7\u00e3o do Professor orientador e reda\u00e7\u00e3o do projeto de TCC'  class='iconbox_icon heading-color avia-iconfont avia-font-entypo-fontello' data-av_icon='\ue836' data-av_iconfont='entypo-fontello' title=\"TCC II - Defini\u00e7\u00e3o do Professor orientador e reda\u00e7\u00e3o do projeto de TCC\" desc=\"TCC II - Defini\u00e7\u00e3o do Professor orientador e reda\u00e7\u00e3o do projeto de TCC\" ><\/a><h3 class='iconbox_content_title '  itemprop=\"headline\" ><a href='https:\/\/www.odonto.ufmg.br\/tcc\/percurso-no-tcc\/tcc-ii\/' title='TCC II - Defini\u00e7\u00e3o do Professor orientador e reda\u00e7\u00e3o do projeto de TCC' >TCC II - Defini\u00e7\u00e3o do Professor orientador e reda\u00e7\u00e3o do projeto de TCC<\/a><\/h3><\/header><div class='iconbox_content_container '  itemprop=\"text\" ><p>A disciplina TCC II \u00e9 ofertada no 6\u00b0 per\u00edodo do curso de Odontologia da UFMG e tem como objetivo consolidar o projeto de Trabalho de Conclus\u00e3o de Curso. <strong>Nessa disciplina ocorre<\/strong> a defini\u00e7\u00e3o do professor orientador e a reda\u00e7\u00e3o do projeto de TCC.<\/p>\n<\/div><\/div><footer class=\"entry-footer\"><\/footer><\/article><br \/>\n\n<style type=\"text\/css\" data-created_by=\"avia_inline_auto\" id=\"style-css-av-av_font_icon-d32cb4e6f2eb723f55925a912811a0f7\">\n.av_font_icon.av-av_font_icon-d32cb4e6f2eb723f55925a912811a0f7{\ncolor:#da2538;\nborder-color:#da2538;\n}\n.avia-svg-icon.av-av_font_icon-d32cb4e6f2eb723f55925a912811a0f7 svg:first-child{\nstroke:#da2538;\nfill:#da2538;\n}\n.av_font_icon.av-av_font_icon-d32cb4e6f2eb723f55925a912811a0f7 .av-icon-char{\nfont-size:40px;\nline-height:40px;\n}\n<\/style>\n<span  class='av_font_icon av-av_font_icon-d32cb4e6f2eb723f55925a912811a0f7 avia_animate_when_visible av-icon-style- avia-icon-pos-center avia-iconfont avia-font-entypo-fontello avia-icon-animate'><span class='av-icon-char' data-av_icon='\ue87f' data-av_iconfont='entypo-fontello' aria-hidden=\"true\" ><\/span><\/span><\/p><\/div><\/p>\n\n<style type=\"text\/css\" data-created_by=\"avia_inline_auto\" id=\"style-css-av-av_one_full-6126cab7d8fab8d08143dd2dacdf673c\">\n.flex_column.av-av_one_full-6126cab7d8fab8d08143dd2dacdf673c{\nborder-radius:0px 0px 0px 0px;\npadding:0px 0px 0px 0px;\n}\n<\/style>\n<div  class='flex_column av-av_one_full-6126cab7d8fab8d08143dd2dacdf673c av_one_full  avia-builder-el-10  el_after_av_one_full  el_before_av_one_full  first flex_column_div av-zero-column-padding  column-top-margin'     ><p>\n<style type=\"text\/css\" data-created_by=\"avia_inline_auto\" id=\"style-css-av-av_icon_box-217b172894646799b1b4019f8d9da3e0\">\n.iconbox.av-av_icon_box-217b172894646799b1b4019f8d9da3e0 .iconbox_icon{\nbackground-color:#054467;\nborder:1px solid #71a493;\ncolor:#ffffff;\n}\n.iconbox.av-av_icon_box-217b172894646799b1b4019f8d9da3e0 .iconbox_icon.avia-svg-icon svg:first-child{\nfill:#ffffff;\nstroke:#ffffff;\n}\n<\/style>\n<article  class='iconbox iconbox_top av-av_icon_box-217b172894646799b1b4019f8d9da3e0  avia-builder-el-11  el_before_av_font_icon  avia-builder-el-first  main_color'  itemscope=\"itemscope\" itemtype=\"https:\/\/schema.org\/CreativeWork\" ><div class=\"iconbox_content\"><header class=\"entry-content-header\" aria-label=\"Icon: Desenvolvimento do TCC\"><a href='https:\/\/www.odonto.ufmg.br\/tcc\/desenvolvimento\/' title='Desenvolvimento do TCC' aria-label='Desenvolvimento do TCC'  class='iconbox_icon heading-color avia-iconfont avia-font-entypo-fontello' data-av_icon='\ue84e' data-av_iconfont='entypo-fontello' title=\"Desenvolvimento do TCC\" desc=\"Desenvolvimento do TCC\" ><\/a><h3 class='iconbox_content_title '  itemprop=\"headline\" ><a href='https:\/\/www.odonto.ufmg.br\/tcc\/desenvolvimento\/' title='Desenvolvimento do TCC' >Desenvolvimento do TCC<\/a><\/h3><\/header><div class='iconbox_content_container '  itemprop=\"text\" ><p>O desenvolvimento do TCC ser\u00e1 do 7\u00ba ao 9\u00ba per\u00edodo.<\/p>\n<\/div><\/div><footer class=\"entry-footer\"><\/footer><\/article><br \/>\n\n<style type=\"text\/css\" data-created_by=\"avia_inline_auto\" id=\"style-css-av-av_font_icon-d32cb4e6f2eb723f55925a912811a0f7\">\n.av_font_icon.av-av_font_icon-d32cb4e6f2eb723f55925a912811a0f7{\ncolor:#da2538;\nborder-color:#da2538;\n}\n.avia-svg-icon.av-av_font_icon-d32cb4e6f2eb723f55925a912811a0f7 svg:first-child{\nstroke:#da2538;\nfill:#da2538;\n}\n.av_font_icon.av-av_font_icon-d32cb4e6f2eb723f55925a912811a0f7 .av-icon-char{\nfont-size:40px;\nline-height:40px;\n}\n<\/style>\n<span  class='av_font_icon av-av_font_icon-d32cb4e6f2eb723f55925a912811a0f7 avia_animate_when_visible av-icon-style- avia-icon-pos-center avia-iconfont avia-font-entypo-fontello avia-icon-animate'><span class='av-icon-char' data-av_icon='\ue87f' data-av_iconfont='entypo-fontello' aria-hidden=\"true\" ><\/span><\/span><\/p><\/div>\n\n<style type=\"text\/css\" data-created_by=\"avia_inline_auto\" id=\"style-css-av-av_one_full-6126cab7d8fab8d08143dd2dacdf673c\">\n.flex_column.av-av_one_full-6126cab7d8fab8d08143dd2dacdf673c{\nborder-radius:0px 0px 0px 0px;\npadding:0px 0px 0px 0px;\n}\n<\/style>\n<div  class='flex_column av-av_one_full-6126cab7d8fab8d08143dd2dacdf673c av_one_full  avia-builder-el-13  el_after_av_one_full  avia-builder-el-last  first flex_column_div av-zero-column-padding  column-top-margin'     ><style type=\"text\/css\" data-created_by=\"avia_inline_auto\" id=\"style-css-av-av_icon_box-976ff1d6a38c7b7b4876289252b440a4\">\n.iconbox.av-av_icon_box-976ff1d6a38c7b7b4876289252b440a4 .iconbox_icon{\nbackground-color:#054467;\nborder:1px solid #71a493;\ncolor:#ffffff;\n}\n.iconbox.av-av_icon_box-976ff1d6a38c7b7b4876289252b440a4 .iconbox_icon.avia-svg-icon svg:first-child{\nfill:#ffffff;\nstroke:#ffffff;\n}\n<\/style>\n<article  class='iconbox iconbox_top av-av_icon_box-976ff1d6a38c7b7b4876289252b440a4  avia-builder-el-14  avia-builder-el-no-sibling  main_color'  itemscope=\"itemscope\" itemtype=\"https:\/\/schema.org\/CreativeWork\" ><div class=\"iconbox_content\"><header class=\"entry-content-header\" aria-label=\"Icon: TCC III - Entrega do TCC final escrito e apresenta\u00e7\u00e3o oral\"><a href='https:\/\/www.odonto.ufmg.br\/tcc\/percurso-no-tcc\/tcc-iii\/' title='TCC III - Entrega do TCC final escrito e apresenta\u00e7\u00e3o oral' aria-label='TCC III - Entrega do TCC final escrito e apresenta\u00e7\u00e3o oral'  class='iconbox_icon heading-color avia-iconfont avia-font-entypo-fontello' data-av_icon='\ue8c9' data-av_iconfont='entypo-fontello' title=\"TCC III - Entrega do TCC final escrito e apresenta\u00e7\u00e3o oral\" desc=\"TCC III - Entrega do TCC final escrito e apresenta\u00e7\u00e3o oral\" ><\/a><h3 class='iconbox_content_title '  itemprop=\"headline\" ><a href='https:\/\/www.odonto.ufmg.br\/tcc\/percurso-no-tcc\/tcc-iii\/' title='TCC III - Entrega do TCC final escrito e apresenta\u00e7\u00e3o oral' >TCC III - Entrega do TCC final escrito e apresenta\u00e7\u00e3o oral<\/a><\/h3><\/header><div class='iconbox_content_container '  itemprop=\"text\" ><p>A disciplina TCC III \u00e9 ofertada no 10. per\u00edodo do curso de Odontologia da UFMG. Nessa disciplina ocorre a corre\u00e7\u00e3o e finaliza\u00e7\u00e3o do Trabalho de Conclus\u00e3o de Curso, bem como sua apresenta\u00e7\u00e3o oral.<\/p>\n<\/div><\/div><footer class=\"entry-footer\"><\/footer><\/article><\/div>\n","protected":false},"excerpt":{"rendered":"","protected":false},"author":5,"featured_media":0,"parent":0,"menu_order":0,"comment_status":"closed","ping_status":"closed","template":"","meta":{"inline_featured_image":false,"footnotes":""},"class_list":["post-821","page","type-page","status-publish","hentry"],"yoast_head":"<!-- This site is optimized with the Yoast SEO plugin v27.3 - https:\/\/yoast.com\/product\/yoast-seo-wordpress\/ -->\n<title>Percurso no TCC - Trabalho de Conclus\u00e3o de Curso<\/title>\n<meta name=\"robots\" content=\"index, follow, max-snippet:-1, max-image-preview:large, max-video-preview:-1\" \/>\n<link rel=\"canonical\" href=\"https:\/\/www.odonto.ufmg.br\/tcc\/percurso-no-tcc\/\" \/>\n<meta property=\"og:locale\" content=\"pt_BR\" \/>\n<meta property=\"og:type\" content=\"article\" \/>\n<meta property=\"og:title\" content=\"Percurso no TCC - Trabalho de Conclus\u00e3o de Curso\" \/>\n<meta property=\"og:url\" content=\"https:\/\/www.odonto.ufmg.br\/tcc\/percurso-no-tcc\/\" \/>\n<meta property=\"og:site_name\" content=\"Trabalho de Conclus\u00e3o de Curso\" \/>\n<meta property=\"article:publisher\" content=\"https:\/\/www.facebook.com\/faoufmg\/\" \/>\n<meta property=\"article:modified_time\" content=\"2016-10-11T19:57:40+00:00\" \/>\n<meta property=\"og:image\" content=\"https:\/\/www.odonto.ufmg.br\/tcc\/wp-content\/uploads\/sites\/14\/2016\/10\/cover.jpg\" \/>\n\t<meta property=\"og:image:width\" content=\"1500\" \/>\n\t<meta property=\"og:image:height\" content=\"410\" \/>\n\t<meta property=\"og:image:type\" content=\"image\/jpeg\" \/>\n<meta name=\"twitter:card\" content=\"summary_large_image\" \/>\n<meta name=\"twitter:label1\" content=\"Est. tempo de leitura\" \/>\n\t<meta name=\"twitter:data1\" content=\"5 minutos\" \/>\n<script type=\"application\/ld+json\" class=\"yoast-schema-graph\">{\"@context\":\"https:\\\/\\\/schema.org\",\"@graph\":[{\"@type\":\"WebPage\",\"@id\":\"https:\\\/\\\/www.odonto.ufmg.br\\\/tcc\\\/percurso-no-tcc\\\/\",\"url\":\"https:\\\/\\\/www.odonto.ufmg.br\\\/tcc\\\/percurso-no-tcc\\\/\",\"name\":\"Percurso no TCC - Trabalho de Conclus\u00e3o de Curso\",\"isPartOf\":{\"@id\":\"https:\\\/\\\/www.odonto.ufmg.br\\\/tcc\\\/#website\"},\"datePublished\":\"2016-10-05T14:37:07+00:00\",\"dateModified\":\"2016-10-11T19:57:40+00:00\",\"breadcrumb\":{\"@id\":\"https:\\\/\\\/www.odonto.ufmg.br\\\/tcc\\\/percurso-no-tcc\\\/#breadcrumb\"},\"inLanguage\":\"pt-BR\",\"potentialAction\":[{\"@type\":\"ReadAction\",\"target\":[\"https:\\\/\\\/www.odonto.ufmg.br\\\/tcc\\\/percurso-no-tcc\\\/\"]}]},{\"@type\":\"BreadcrumbList\",\"@id\":\"https:\\\/\\\/www.odonto.ufmg.br\\\/tcc\\\/percurso-no-tcc\\\/#breadcrumb\",\"itemListElement\":[{\"@type\":\"ListItem\",\"position\":1,\"name\":\"In\u00edcio\",\"item\":\"https:\\\/\\\/www.odonto.ufmg.br\\\/tcc\\\/inicio\\\/\"},{\"@type\":\"ListItem\",\"position\":2,\"name\":\"Percurso no TCC\"}]},{\"@type\":\"WebSite\",\"@id\":\"https:\\\/\\\/www.odonto.ufmg.br\\\/tcc\\\/#website\",\"url\":\"https:\\\/\\\/www.odonto.ufmg.br\\\/tcc\\\/\",\"name\":\"Trabalho de Conclus\u00e3o de Curso\",\"description\":\"S\u00f3 mais um site Faculdade de Odontologia Universidade Federal de Minas Gerais\",\"publisher\":{\"@id\":\"https:\\\/\\\/www.odonto.ufmg.br\\\/tcc\\\/#organization\"},\"potentialAction\":[{\"@type\":\"SearchAction\",\"target\":{\"@type\":\"EntryPoint\",\"urlTemplate\":\"https:\\\/\\\/www.odonto.ufmg.br\\\/tcc\\\/?s={search_term_string}\"},\"query-input\":{\"@type\":\"PropertyValueSpecification\",\"valueRequired\":true,\"valueName\":\"search_term_string\"}}],\"inLanguage\":\"pt-BR\"},{\"@type\":\"Organization\",\"@id\":\"https:\\\/\\\/www.odonto.ufmg.br\\\/tcc\\\/#organization\",\"name\":\"Faculdade de Odontologia da UFMG\",\"url\":\"https:\\\/\\\/www.odonto.ufmg.br\\\/tcc\\\/\",\"logo\":{\"@type\":\"ImageObject\",\"inLanguage\":\"pt-BR\",\"@id\":\"https:\\\/\\\/www.odonto.ufmg.br\\\/tcc\\\/#\\\/schema\\\/logo\\\/image\\\/\",\"url\":\"https:\\\/\\\/www.odonto.ufmg.br\\\/tcc\\\/wp-content\\\/uploads\\\/sites\\\/14\\\/2016\\\/10\\\/tcc-logo.svg\",\"contentUrl\":\"https:\\\/\\\/www.odonto.ufmg.br\\\/tcc\\\/wp-content\\\/uploads\\\/sites\\\/14\\\/2016\\\/10\\\/tcc-logo.svg\",\"width\":1,\"height\":1,\"caption\":\"Faculdade de Odontologia da UFMG\"},\"image\":{\"@id\":\"https:\\\/\\\/www.odonto.ufmg.br\\\/tcc\\\/#\\\/schema\\\/logo\\\/image\\\/\"},\"sameAs\":[\"https:\\\/\\\/www.facebook.com\\\/faoufmg\\\/\"]}]}<\/script>\n<!-- \/ Yoast SEO plugin. -->","yoast_head_json":{"title":"Percurso no TCC - Trabalho de Conclus\u00e3o de Curso","robots":{"index":"index","follow":"follow","max-snippet":"max-snippet:-1","max-image-preview":"max-image-preview:large","max-video-preview":"max-video-preview:-1"},"canonical":"https:\/\/www.odonto.ufmg.br\/tcc\/percurso-no-tcc\/","og_locale":"pt_BR","og_type":"article","og_title":"Percurso no TCC - Trabalho de Conclus\u00e3o de Curso","og_url":"https:\/\/www.odonto.ufmg.br\/tcc\/percurso-no-tcc\/","og_site_name":"Trabalho de Conclus\u00e3o de Curso","article_publisher":"https:\/\/www.facebook.com\/faoufmg\/","article_modified_time":"2016-10-11T19:57:40+00:00","og_image":[{"width":1500,"height":410,"url":"https:\/\/www.odonto.ufmg.br\/tcc\/wp-content\/uploads\/sites\/14\/2016\/10\/cover.jpg","type":"image\/jpeg"}],"twitter_card":"summary_large_image","twitter_misc":{"Est. tempo de leitura":"5 minutos"},"schema":{"@context":"https:\/\/schema.org","@graph":[{"@type":"WebPage","@id":"https:\/\/www.odonto.ufmg.br\/tcc\/percurso-no-tcc\/","url":"https:\/\/www.odonto.ufmg.br\/tcc\/percurso-no-tcc\/","name":"Percurso no TCC - Trabalho de Conclus\u00e3o de Curso","isPartOf":{"@id":"https:\/\/www.odonto.ufmg.br\/tcc\/#website"},"datePublished":"2016-10-05T14:37:07+00:00","dateModified":"2016-10-11T19:57:40+00:00","breadcrumb":{"@id":"https:\/\/www.odonto.ufmg.br\/tcc\/percurso-no-tcc\/#breadcrumb"},"inLanguage":"pt-BR","potentialAction":[{"@type":"ReadAction","target":["https:\/\/www.odonto.ufmg.br\/tcc\/percurso-no-tcc\/"]}]},{"@type":"BreadcrumbList","@id":"https:\/\/www.odonto.ufmg.br\/tcc\/percurso-no-tcc\/#breadcrumb","itemListElement":[{"@type":"ListItem","position":1,"name":"In\u00edcio","item":"https:\/\/www.odonto.ufmg.br\/tcc\/inicio\/"},{"@type":"ListItem","position":2,"name":"Percurso no TCC"}]},{"@type":"WebSite","@id":"https:\/\/www.odonto.ufmg.br\/tcc\/#website","url":"https:\/\/www.odonto.ufmg.br\/tcc\/","name":"Trabalho de Conclus\u00e3o de Curso","description":"S\u00f3 mais um site Faculdade de Odontologia Universidade Federal de Minas Gerais","publisher":{"@id":"https:\/\/www.odonto.ufmg.br\/tcc\/#organization"},"potentialAction":[{"@type":"SearchAction","target":{"@type":"EntryPoint","urlTemplate":"https:\/\/www.odonto.ufmg.br\/tcc\/?s={search_term_string}"},"query-input":{"@type":"PropertyValueSpecification","valueRequired":true,"valueName":"search_term_string"}}],"inLanguage":"pt-BR"},{"@type":"Organization","@id":"https:\/\/www.odonto.ufmg.br\/tcc\/#organization","name":"Faculdade de Odontologia da UFMG","url":"https:\/\/www.odonto.ufmg.br\/tcc\/","logo":{"@type":"ImageObject","inLanguage":"pt-BR","@id":"https:\/\/www.odonto.ufmg.br\/tcc\/#\/schema\/logo\/image\/","url":"https:\/\/www.odonto.ufmg.br\/tcc\/wp-content\/uploads\/sites\/14\/2016\/10\/tcc-logo.svg","contentUrl":"https:\/\/www.odonto.ufmg.br\/tcc\/wp-content\/uploads\/sites\/14\/2016\/10\/tcc-logo.svg","width":1,"height":1,"caption":"Faculdade de Odontologia da UFMG"},"image":{"@id":"https:\/\/www.odonto.ufmg.br\/tcc\/#\/schema\/logo\/image\/"},"sameAs":["https:\/\/www.facebook.com\/faoufmg\/"]}]}},"_links":{"self":[{"href":"https:\/\/www.odonto.ufmg.br\/tcc\/wp-json\/wp\/v2\/pages\/821","targetHints":{"allow":["GET"]}}],"collection":[{"href":"https:\/\/www.odonto.ufmg.br\/tcc\/wp-json\/wp\/v2\/pages"}],"about":[{"href":"https:\/\/www.odonto.ufmg.br\/tcc\/wp-json\/wp\/v2\/types\/page"}],"author":[{"embeddable":true,"href":"https:\/\/www.odonto.ufmg.br\/tcc\/wp-json\/wp\/v2\/users\/5"}],"replies":[{"embeddable":true,"href":"https:\/\/www.odonto.ufmg.br\/tcc\/wp-json\/wp\/v2\/comments?post=821"}],"version-history":[{"count":32,"href":"https:\/\/www.odonto.ufmg.br\/tcc\/wp-json\/wp\/v2\/pages\/821\/revisions"}],"predecessor-version":[{"id":1152,"href":"https:\/\/www.odonto.ufmg.br\/tcc\/wp-json\/wp\/v2\/pages\/821\/revisions\/1152"}],"wp:attachment":[{"href":"https:\/\/www.odonto.ufmg.br\/tcc\/wp-json\/wp\/v2\/media?parent=821"}],"curies":[{"name":"wp","href":"https:\/\/api.w.org\/{rel}","templated":true}]}}