{"id":738,"date":"2016-10-05T08:40:06","date_gmt":"2016-10-05T11:40:06","guid":{"rendered":"https:\/\/www.odonto.ufmg.br\/tcc\/?page_id=738"},"modified":"2016-10-06T11:23:58","modified_gmt":"2016-10-06T14:23:58","slug":"tipos-de-tcc","status":"publish","type":"page","link":"https:\/\/www.odonto.ufmg.br\/tcc\/tipos-de-tcc\/","title":{"rendered":"Tipos de TCC"},"content":{"rendered":"<div id='full_slider_1'  class='avia-fullwidth-slider main_color avia-shadow   avia-builder-el-0  el_before_av_one_full  avia-builder-el-first   container_wrap sidebar_left'  >\n<style type=\"text\/css\" data-created_by=\"avia_inline_auto\" id=\"style-css-av-av_slideshow_full-7c89eef234b705e7a4d2de62d66c7ebb\">\n#top #wrap_all .avia-slideshow .av-slideshow-caption.av-av_slideshow_full-7c89eef234b705e7a4d2de62d66c7ebb__0 .avia-caption-title{\nfont-size:30px;\n}\n#top .avia-slideshow .av-slideshow-caption.av-av_slideshow_full-7c89eef234b705e7a4d2de62d66c7ebb__0 .avia-caption-content{\nfont-size:27px;\n}\n#top .avia-slideshow .av-slideshow-caption.av-av_slideshow_full-7c89eef234b705e7a4d2de62d66c7ebb__0 .avia-caption-content p{\nfont-size:27px;\n}\n<\/style>\n<div  class='avia-slideshow av-av_slideshow_full-7c89eef234b705e7a4d2de62d66c7ebb avia-slideshow-no scaling av_slideshow_full avia-slide-slider av-slideshow-ui av-control-default av-slideshow-manual av-loop-once av-loop-manual-endless av-default-height-applied   avia-slideshow-1' data-slideshow-options=\"{&quot;animation&quot;:&quot;slide&quot;,&quot;autoplay&quot;:false,&quot;loop_autoplay&quot;:&quot;once&quot;,&quot;interval&quot;:5,&quot;loop_manual&quot;:&quot;manual-endless&quot;,&quot;autoplay_stopper&quot;:false,&quot;noNavigation&quot;:false,&quot;bg_slider&quot;:false,&quot;keep_padding&quot;:false,&quot;hoverpause&quot;:false,&quot;show_slide_delay&quot;:0}\"  itemprop=\"image\" itemscope=\"itemscope\" itemtype=\"https:\/\/schema.org\/ImageObject\" ><ul class='avia-slideshow-inner ' style='padding-bottom: 24%;'><li  class='avia-slideshow-slide av-av_slideshow_full-7c89eef234b705e7a4d2de62d66c7ebb__0  av-single-slide slide-1 slide-odd'><div data-rel='slideshow-1' class='avia-slide-wrap '   ><div class='av-slideshow-caption av-av_slideshow_full-7c89eef234b705e7a4d2de62d66c7ebb__0 caption_fullwidth caption_bottom caption_bottom_framed caption_framed'><div class=\"container caption_container\"><div class=\"slideshow_caption\"><div class=\"slideshow_inner_caption\"><div class=\"slideshow_align_caption\"><h2 class='avia-caption-title '  itemprop=\"name\" >TCC<\/h2><div class='avia-caption-content '  itemprop=\"description\" ><p>Trabalho de Conclus\u00e3o de Curso<\/p>\n<\/div><\/div><\/div><\/div><\/div><\/div><img fetchpriority=\"high\" class=\"wp-image-705 avia-img-lazy-loading-not-705\"  src='https:\/\/www.odonto.ufmg.br\/tcc\/wp-content\/uploads\/sites\/14\/2016\/10\/cover01.jpg' width='1500' height='360' title='cover01' alt=''  itemprop=\"thumbnailUrl\"   \/><div class='av-section-color-overlay' style='opacity: 0.5; background-color: #000000; '><\/div><\/div><\/li><\/ul><\/div><\/div><div id='after_full_slider_1'  class='main_color av_default_container_wrap container_wrap sidebar_left'  ><div class='container av-section-cont-open' ><div class='template-page content  av-content-small units'><div class='post-entry post-entry-type-page post-entry-738'><div class='entry-content-wrapper clearfix'>\n\n<style type=\"text\/css\" data-created_by=\"avia_inline_auto\" id=\"style-css-av-av_one_full-6126cab7d8fab8d08143dd2dacdf673c\">\n.flex_column.av-av_one_full-6126cab7d8fab8d08143dd2dacdf673c{\nborder-radius:0px 0px 0px 0px;\npadding:0px 0px 0px 0px;\n}\n<\/style>\n<div  class='flex_column av-av_one_full-6126cab7d8fab8d08143dd2dacdf673c av_one_full  avia-builder-el-1  el_after_av_slideshow_full  avia-builder-el-no-sibling  first flex_column_div av-zero-column-padding  '     ><p>\n<style type=\"text\/css\" data-created_by=\"avia_inline_auto\" id=\"style-css-av-av_heading-360eb2f2e012f83ddfd8a8a90e7955f9\">\n#top .av-special-heading.av-av_heading-360eb2f2e012f83ddfd8a8a90e7955f9{\npadding-bottom:10px;\n}\nbody .av-special-heading.av-av_heading-360eb2f2e012f83ddfd8a8a90e7955f9 .av-special-heading-tag .heading-char{\nfont-size:25px;\n}\n.av-special-heading.av-av_heading-360eb2f2e012f83ddfd8a8a90e7955f9 .av-subheading{\nfont-size:15px;\n}\n<\/style>\n<div  class='av-special-heading av-av_heading-360eb2f2e012f83ddfd8a8a90e7955f9 av-special-heading-h3 blockquote modern-quote  avia-builder-el-2  el_before_av_textblock  avia-builder-el-first '><h3 class='av-special-heading-tag '  itemprop=\"headline\"  >Tipos de TCC<\/h3><div class=\"special-heading-border\"><div class=\"special-heading-inner-border\"><\/div><\/div><\/div><br \/>\n<section  class='av_textblock_section av-av_textblock-0366cc7376be6c9e82a3e9cc8987b64f '   itemscope=\"itemscope\" itemtype=\"https:\/\/schema.org\/CreativeWork\" ><div class='avia_textblock'  itemprop=\"text\" ><p>Para o curso de Odontologia da Faculdade de Odontologia da Universidade Federal de Minas Gerais, o TCC poder\u00e1 consistir de um trabalho fundamentado na literatura cient\u00edfica do tipo revis\u00e3o de literatura, relato de caso cl\u00ednico, pesquisa ou trabalho desenvolvido pelo aluno em decorr\u00eancia de programas de inicia\u00e7\u00e3o cient\u00edfica, de extens\u00e3o e de ensino (Resolu\u00e7\u00e3o 01\/2016, COLGRAD FOUFMG).<\/p>\n<\/div><\/section><br \/>\n\n<style type=\"text\/css\" data-created_by=\"avia_inline_auto\" id=\"style-css-av-av_heading-f79e34c39c83ba28741c3a70a53db621\">\n#top .av-special-heading.av-av_heading-f79e34c39c83ba28741c3a70a53db621{\npadding-bottom:10px;\n}\nbody .av-special-heading.av-av_heading-f79e34c39c83ba28741c3a70a53db621 .av-special-heading-tag .heading-char{\nfont-size:25px;\n}\n.av-special-heading.av-av_heading-f79e34c39c83ba28741c3a70a53db621 .av-subheading{\nfont-size:15px;\n}\n<\/style>\n<div  class='av-special-heading av-av_heading-f79e34c39c83ba28741c3a70a53db621 av-special-heading-h3 blockquote modern-quote  avia-builder-el-4  el_after_av_textblock  el_before_av_textblock '><h3 class='av-special-heading-tag '  itemprop=\"headline\"  >O TCC poder\u00e1 ser uma produ\u00e7\u00e3o intelectual e t\u00e9cnica nas modalidades de: <\/h3><div class=\"special-heading-border\"><div class=\"special-heading-inner-border\"><\/div><\/div><\/div><br \/>\n<section  class='av_textblock_section av-av_textblock-0366cc7376be6c9e82a3e9cc8987b64f '   itemscope=\"itemscope\" itemtype=\"https:\/\/schema.org\/CreativeWork\" ><div class='avia_textblock'  itemprop=\"text\" ><p>a) trabalho monogr\u00e1fico<br \/>\nb) artigos originais, artigos de revis\u00e3o de literatura, artigos de caso<br \/>\ncl\u00ednico e produ\u00e7\u00f5es tecnol\u00f3gicas<br \/>\nc) patentes e registros de propriedade intelectual e de softwares<br \/>\nd) desenvolvimento de aplicativos, materiais did\u00e1ticos e instrucionais, cartilhas e de produtos, processos e t\u00e9cnicas<br \/>\ne) produ\u00e7\u00e3o de programas de m\u00eddia<br \/>\nf) relat\u00f3rios conclusivos de pesquisa aplicada<br \/>\ng) protocolo experimental ou de aplica\u00e7\u00e3o ou adequa\u00e7\u00e3o tecnol\u00f3gica<br \/>\nh) prot\u00f3tipos para desenvolvimento de equipamentos e produtos espec\u00edficos<br \/>\ni) projetos de inova\u00e7\u00e3o tecnol\u00f3gica<\/p>\n<\/div><\/section><br \/>\n\n<style type=\"text\/css\" data-created_by=\"avia_inline_auto\" id=\"style-css-av-av_heading-14964c5a7dc968de10a7c03cb142e43a\">\n#top .av-special-heading.av-av_heading-14964c5a7dc968de10a7c03cb142e43a{\npadding-bottom:10px;\n}\nbody .av-special-heading.av-av_heading-14964c5a7dc968de10a7c03cb142e43a .av-special-heading-tag .heading-char{\nfont-size:25px;\n}\n.av-special-heading.av-av_heading-14964c5a7dc968de10a7c03cb142e43a .av-subheading{\nfont-size:15px;\n}\n<\/style>\n<div  class='av-special-heading av-av_heading-14964c5a7dc968de10a7c03cb142e43a av-special-heading-h3  avia-builder-el-6  el_after_av_textblock  el_before_av_video '><h3 class='av-special-heading-tag '  itemprop=\"headline\"  >Saiba mais no v\u00eddeo:<\/h3><div class=\"special-heading-border\"><div class=\"special-heading-inner-border\"><\/div><\/div><\/div><br \/>\n<div  class='avia-video av-av_video-8b3caabc79d745624d4836c95f3f7346 avia-video-16-9 av-no-preview-image avia-video-load-always av-lazyload-immediate av-lazyload-video-embed'  itemprop=\"video\" itemtype=\"https:\/\/schema.org\/VideoObject\"  data-original_url='https:\/\/www.youtube.com\/watch?v=adWk_0l5R6g&amp;feature=youtu.be'><script type='text\/html' class='av-video-tmpl'><div class='avia-iframe-wrap'><iframe width=\"1333\" height=\"1000\" src=\"https:\/\/www.youtube.com\/embed\/adWk_0l5R6g?feature=oembed&autoplay=0&loop=0&controls=1&mute=0\" frameborder=\"0\" allowfullscreen><\/iframe><\/div><\/script><div class='av-click-to-play-overlay'><div class=\"avia_playpause_icon\"><\/div><\/div><\/div><\/p><\/div>\n","protected":false},"excerpt":{"rendered":"","protected":false},"author":5,"featured_media":0,"parent":0,"menu_order":0,"comment_status":"closed","ping_status":"closed","template":"","meta":{"inline_featured_image":false,"footnotes":""},"class_list":["post-738","page","type-page","status-publish","hentry"],"yoast_head":"<!-- This site is optimized with the Yoast SEO plugin v27.3 - https:\/\/yoast.com\/product\/yoast-seo-wordpress\/ -->\n<title>Tipos de TCC - Trabalho de Conclus\u00e3o de Curso<\/title>\n<meta name=\"robots\" content=\"index, follow, max-snippet:-1, max-image-preview:large, max-video-preview:-1\" \/>\n<link rel=\"canonical\" href=\"https:\/\/www.odonto.ufmg.br\/tcc\/tipos-de-tcc\/\" \/>\n<meta property=\"og:locale\" content=\"pt_BR\" \/>\n<meta property=\"og:type\" content=\"article\" \/>\n<meta property=\"og:title\" content=\"Tipos de TCC - Trabalho de Conclus\u00e3o de Curso\" \/>\n<meta property=\"og:url\" content=\"https:\/\/www.odonto.ufmg.br\/tcc\/tipos-de-tcc\/\" \/>\n<meta property=\"og:site_name\" content=\"Trabalho de Conclus\u00e3o de Curso\" \/>\n<meta property=\"article:publisher\" content=\"https:\/\/www.facebook.com\/faoufmg\/\" \/>\n<meta property=\"article:modified_time\" content=\"2016-10-06T14:23:58+00:00\" \/>\n<meta property=\"og:image\" content=\"https:\/\/www.odonto.ufmg.br\/tcc\/wp-content\/uploads\/sites\/14\/2016\/10\/cover.jpg\" \/>\n\t<meta property=\"og:image:width\" content=\"1500\" \/>\n\t<meta property=\"og:image:height\" content=\"410\" \/>\n\t<meta property=\"og:image:type\" content=\"image\/jpeg\" \/>\n<meta name=\"twitter:card\" content=\"summary_large_image\" \/>\n<meta name=\"twitter:label1\" content=\"Est. tempo de leitura\" \/>\n\t<meta name=\"twitter:data1\" content=\"3 minutos\" \/>\n<script type=\"application\/ld+json\" class=\"yoast-schema-graph\">{\"@context\":\"https:\\\/\\\/schema.org\",\"@graph\":[{\"@type\":\"WebPage\",\"@id\":\"https:\\\/\\\/www.odonto.ufmg.br\\\/tcc\\\/tipos-de-tcc\\\/\",\"url\":\"https:\\\/\\\/www.odonto.ufmg.br\\\/tcc\\\/tipos-de-tcc\\\/\",\"name\":\"Tipos de TCC - Trabalho de Conclus\u00e3o de Curso\",\"isPartOf\":{\"@id\":\"https:\\\/\\\/www.odonto.ufmg.br\\\/tcc\\\/#website\"},\"datePublished\":\"2016-10-05T11:40:06+00:00\",\"dateModified\":\"2016-10-06T14:23:58+00:00\",\"breadcrumb\":{\"@id\":\"https:\\\/\\\/www.odonto.ufmg.br\\\/tcc\\\/tipos-de-tcc\\\/#breadcrumb\"},\"inLanguage\":\"pt-BR\",\"potentialAction\":[{\"@type\":\"ReadAction\",\"target\":[\"https:\\\/\\\/www.odonto.ufmg.br\\\/tcc\\\/tipos-de-tcc\\\/\"]}]},{\"@type\":\"BreadcrumbList\",\"@id\":\"https:\\\/\\\/www.odonto.ufmg.br\\\/tcc\\\/tipos-de-tcc\\\/#breadcrumb\",\"itemListElement\":[{\"@type\":\"ListItem\",\"position\":1,\"name\":\"In\u00edcio\",\"item\":\"https:\\\/\\\/www.odonto.ufmg.br\\\/tcc\\\/inicio\\\/\"},{\"@type\":\"ListItem\",\"position\":2,\"name\":\"Tipos de TCC\"}]},{\"@type\":\"WebSite\",\"@id\":\"https:\\\/\\\/www.odonto.ufmg.br\\\/tcc\\\/#website\",\"url\":\"https:\\\/\\\/www.odonto.ufmg.br\\\/tcc\\\/\",\"name\":\"Trabalho de Conclus\u00e3o de Curso\",\"description\":\"S\u00f3 mais um site Faculdade de Odontologia Universidade Federal de Minas Gerais\",\"publisher\":{\"@id\":\"https:\\\/\\\/www.odonto.ufmg.br\\\/tcc\\\/#organization\"},\"potentialAction\":[{\"@type\":\"SearchAction\",\"target\":{\"@type\":\"EntryPoint\",\"urlTemplate\":\"https:\\\/\\\/www.odonto.ufmg.br\\\/tcc\\\/?s={search_term_string}\"},\"query-input\":{\"@type\":\"PropertyValueSpecification\",\"valueRequired\":true,\"valueName\":\"search_term_string\"}}],\"inLanguage\":\"pt-BR\"},{\"@type\":\"Organization\",\"@id\":\"https:\\\/\\\/www.odonto.ufmg.br\\\/tcc\\\/#organization\",\"name\":\"Faculdade de Odontologia da UFMG\",\"url\":\"https:\\\/\\\/www.odonto.ufmg.br\\\/tcc\\\/\",\"logo\":{\"@type\":\"ImageObject\",\"inLanguage\":\"pt-BR\",\"@id\":\"https:\\\/\\\/www.odonto.ufmg.br\\\/tcc\\\/#\\\/schema\\\/logo\\\/image\\\/\",\"url\":\"https:\\\/\\\/www.odonto.ufmg.br\\\/tcc\\\/wp-content\\\/uploads\\\/sites\\\/14\\\/2016\\\/10\\\/tcc-logo.svg\",\"contentUrl\":\"https:\\\/\\\/www.odonto.ufmg.br\\\/tcc\\\/wp-content\\\/uploads\\\/sites\\\/14\\\/2016\\\/10\\\/tcc-logo.svg\",\"width\":1,\"height\":1,\"caption\":\"Faculdade de Odontologia da UFMG\"},\"image\":{\"@id\":\"https:\\\/\\\/www.odonto.ufmg.br\\\/tcc\\\/#\\\/schema\\\/logo\\\/image\\\/\"},\"sameAs\":[\"https:\\\/\\\/www.facebook.com\\\/faoufmg\\\/\"]}]}<\/script>\n<!-- \/ Yoast SEO plugin. -->","yoast_head_json":{"title":"Tipos de TCC - Trabalho de Conclus\u00e3o de Curso","robots":{"index":"index","follow":"follow","max-snippet":"max-snippet:-1","max-image-preview":"max-image-preview:large","max-video-preview":"max-video-preview:-1"},"canonical":"https:\/\/www.odonto.ufmg.br\/tcc\/tipos-de-tcc\/","og_locale":"pt_BR","og_type":"article","og_title":"Tipos de TCC - Trabalho de Conclus\u00e3o de Curso","og_url":"https:\/\/www.odonto.ufmg.br\/tcc\/tipos-de-tcc\/","og_site_name":"Trabalho de Conclus\u00e3o de Curso","article_publisher":"https:\/\/www.facebook.com\/faoufmg\/","article_modified_time":"2016-10-06T14:23:58+00:00","og_image":[{"width":1500,"height":410,"url":"https:\/\/www.odonto.ufmg.br\/tcc\/wp-content\/uploads\/sites\/14\/2016\/10\/cover.jpg","type":"image\/jpeg"}],"twitter_card":"summary_large_image","twitter_misc":{"Est. tempo de leitura":"3 minutos"},"schema":{"@context":"https:\/\/schema.org","@graph":[{"@type":"WebPage","@id":"https:\/\/www.odonto.ufmg.br\/tcc\/tipos-de-tcc\/","url":"https:\/\/www.odonto.ufmg.br\/tcc\/tipos-de-tcc\/","name":"Tipos de TCC - Trabalho de Conclus\u00e3o de Curso","isPartOf":{"@id":"https:\/\/www.odonto.ufmg.br\/tcc\/#website"},"datePublished":"2016-10-05T11:40:06+00:00","dateModified":"2016-10-06T14:23:58+00:00","breadcrumb":{"@id":"https:\/\/www.odonto.ufmg.br\/tcc\/tipos-de-tcc\/#breadcrumb"},"inLanguage":"pt-BR","potentialAction":[{"@type":"ReadAction","target":["https:\/\/www.odonto.ufmg.br\/tcc\/tipos-de-tcc\/"]}]},{"@type":"BreadcrumbList","@id":"https:\/\/www.odonto.ufmg.br\/tcc\/tipos-de-tcc\/#breadcrumb","itemListElement":[{"@type":"ListItem","position":1,"name":"In\u00edcio","item":"https:\/\/www.odonto.ufmg.br\/tcc\/inicio\/"},{"@type":"ListItem","position":2,"name":"Tipos de TCC"}]},{"@type":"WebSite","@id":"https:\/\/www.odonto.ufmg.br\/tcc\/#website","url":"https:\/\/www.odonto.ufmg.br\/tcc\/","name":"Trabalho de Conclus\u00e3o de Curso","description":"S\u00f3 mais um site Faculdade de Odontologia Universidade Federal de Minas Gerais","publisher":{"@id":"https:\/\/www.odonto.ufmg.br\/tcc\/#organization"},"potentialAction":[{"@type":"SearchAction","target":{"@type":"EntryPoint","urlTemplate":"https:\/\/www.odonto.ufmg.br\/tcc\/?s={search_term_string}"},"query-input":{"@type":"PropertyValueSpecification","valueRequired":true,"valueName":"search_term_string"}}],"inLanguage":"pt-BR"},{"@type":"Organization","@id":"https:\/\/www.odonto.ufmg.br\/tcc\/#organization","name":"Faculdade de Odontologia da UFMG","url":"https:\/\/www.odonto.ufmg.br\/tcc\/","logo":{"@type":"ImageObject","inLanguage":"pt-BR","@id":"https:\/\/www.odonto.ufmg.br\/tcc\/#\/schema\/logo\/image\/","url":"https:\/\/www.odonto.ufmg.br\/tcc\/wp-content\/uploads\/sites\/14\/2016\/10\/tcc-logo.svg","contentUrl":"https:\/\/www.odonto.ufmg.br\/tcc\/wp-content\/uploads\/sites\/14\/2016\/10\/tcc-logo.svg","width":1,"height":1,"caption":"Faculdade de Odontologia da UFMG"},"image":{"@id":"https:\/\/www.odonto.ufmg.br\/tcc\/#\/schema\/logo\/image\/"},"sameAs":["https:\/\/www.facebook.com\/faoufmg\/"]}]}},"_links":{"self":[{"href":"https:\/\/www.odonto.ufmg.br\/tcc\/wp-json\/wp\/v2\/pages\/738","targetHints":{"allow":["GET"]}}],"collection":[{"href":"https:\/\/www.odonto.ufmg.br\/tcc\/wp-json\/wp\/v2\/pages"}],"about":[{"href":"https:\/\/www.odonto.ufmg.br\/tcc\/wp-json\/wp\/v2\/types\/page"}],"author":[{"embeddable":true,"href":"https:\/\/www.odonto.ufmg.br\/tcc\/wp-json\/wp\/v2\/users\/5"}],"replies":[{"embeddable":true,"href":"https:\/\/www.odonto.ufmg.br\/tcc\/wp-json\/wp\/v2\/comments?post=738"}],"version-history":[{"count":14,"href":"https:\/\/www.odonto.ufmg.br\/tcc\/wp-json\/wp\/v2\/pages\/738\/revisions"}],"predecessor-version":[{"id":1840,"href":"https:\/\/www.odonto.ufmg.br\/tcc\/wp-json\/wp\/v2\/pages\/738\/revisions\/1840"}],"wp:attachment":[{"href":"https:\/\/www.odonto.ufmg.br\/tcc\/wp-json\/wp\/v2\/media?parent=738"}],"curies":[{"name":"wp","href":"https:\/\/api.w.org\/{rel}","templated":true}]}}