{"id":690,"date":"2016-10-04T14:46:07","date_gmt":"2016-10-04T17:46:07","guid":{"rendered":"https:\/\/www.odonto.ufmg.br\/tcc\/?page_id=690"},"modified":"2016-10-04T14:56:57","modified_gmt":"2016-10-04T17:56:57","slug":"trabalho-de-conclusao-de-curso","status":"publish","type":"page","link":"https:\/\/www.odonto.ufmg.br\/tcc\/trabalho-de-conclusao-de-curso\/","title":{"rendered":"Trabalho de Conclus\u00e3o de Curso"},"content":{"rendered":"<p>O TCC \u00e9 uma atividade acad\u00eamica obrigat\u00f3ria que sistematiza o conhecimento sobre um objeto de estudo relacionado ao campo da forma\u00e7\u00e3o em Odontologia (UFMG, 2016).<br \/>\nO TCC representa uma exig\u00eancia do Conselho Nacional de Educa\u00e7\u00e3o, resolu\u00e7\u00e3o de CNE\/CES n.3, de 19\/2\/2002, que instituiu as Diretrizes Curriculares Nacionais do Curso de Gradua\u00e7\u00e3o em Odontologia. No art. 12 da referida resolu\u00e7\u00e3o l\u00ea-se: \u201cPara conclus\u00e3o do Curso de Gradua\u00e7\u00e3o em Odontologia, o acad\u00eamico dever\u00e1 elaborar um trabalho sob orienta\u00e7\u00e3o docente\u201d.<br \/>\nA elabora\u00e7\u00e3o do TCC dever\u00e1 estar vinculada \u00e0s disciplinas TCC I, II e III do Curso de gradua\u00e7\u00e3o em Odontologia da FOUFMG.<br \/>\nOs objetivos do Trabalho de Conclus\u00e3o de Curso s\u00e3o:<br \/>\nI: Sistematizar o conhecimento produzido pelo aluno sobre um tema fundamentado na literatura cient\u00edfica, mediante supervis\u00e3o, orienta\u00e7\u00e3o e avalia\u00e7\u00e3o docente<br \/>\nII: Propiciar ao aluno um momento destinado \u00e0 realiza\u00e7\u00e3o de um trabalho decorrente de sua produ\u00e7\u00e3o intelectual, com a utiliza\u00e7\u00e3o de metodologia cient\u00edfica<br \/>\nIII: Oportunizar a reflex\u00e3o, o questionamento, a reavalia\u00e7\u00e3o e a atualiza\u00e7\u00e3o curricular do aluno<br \/>\nA resolu\u00e7\u00e3o 01\/2016, COLGRAD\/FOUFMG, instituiu o Regulamento do TCC do Curso de Gradua\u00e7\u00e3o em Odontologia da Faculdade de Odontologia da UFMG.<\/p>\n","protected":false},"excerpt":{"rendered":"<p>O TCC \u00e9 uma atividade acad\u00eamica obrigat\u00f3ria que sistematiza o conhecimento sobre um objeto de estudo relacionado ao campo da forma\u00e7\u00e3o em Odontologia (UFMG, 2016). O TCC representa uma exig\u00eancia do Conselho Nacional de Educa\u00e7\u00e3o, resolu\u00e7\u00e3o de CNE\/CES n.3, de 19\/2\/2002, que instituiu as Diretrizes Curriculares Nacionais do Curso de Gradua\u00e7\u00e3o em Odontologia. No art. [&hellip;]<\/p>\n","protected":false},"author":20,"featured_media":0,"parent":0,"menu_order":0,"comment_status":"closed","ping_status":"closed","template":"","meta":{"inline_featured_image":false,"footnotes":""},"class_list":["post-690","page","type-page","status-publish","hentry"],"yoast_head":"<!-- This site is optimized with the Yoast SEO plugin v27.3 - https:\/\/yoast.com\/product\/yoast-seo-wordpress\/ -->\n<title>Trabalho de Conclus\u00e3o de Curso - Trabalho de Conclus\u00e3o de Curso<\/title>\n<meta name=\"robots\" content=\"index, follow, max-snippet:-1, max-image-preview:large, max-video-preview:-1\" \/>\n<link rel=\"canonical\" href=\"https:\/\/www.odonto.ufmg.br\/tcc\/trabalho-de-conclusao-de-curso\/\" \/>\n<meta property=\"og:locale\" content=\"pt_BR\" \/>\n<meta property=\"og:type\" content=\"article\" \/>\n<meta property=\"og:title\" content=\"Trabalho de Conclus\u00e3o de Curso - Trabalho de Conclus\u00e3o de Curso\" \/>\n<meta property=\"og:description\" content=\"O TCC \u00e9 uma atividade acad\u00eamica obrigat\u00f3ria que sistematiza o conhecimento sobre um objeto de estudo relacionado ao campo da forma\u00e7\u00e3o em Odontologia (UFMG, 2016). O TCC representa uma exig\u00eancia do Conselho Nacional de Educa\u00e7\u00e3o, resolu\u00e7\u00e3o de CNE\/CES n.3, de 19\/2\/2002, que instituiu as Diretrizes Curriculares Nacionais do Curso de Gradua\u00e7\u00e3o em Odontologia. No art. [&hellip;]\" \/>\n<meta property=\"og:url\" content=\"https:\/\/www.odonto.ufmg.br\/tcc\/trabalho-de-conclusao-de-curso\/\" \/>\n<meta property=\"og:site_name\" content=\"Trabalho de Conclus\u00e3o de Curso\" \/>\n<meta property=\"article:publisher\" content=\"https:\/\/www.facebook.com\/faoufmg\/\" \/>\n<meta property=\"article:modified_time\" content=\"2016-10-04T17:56:57+00:00\" \/>\n<meta property=\"og:image\" content=\"https:\/\/www.odonto.ufmg.br\/tcc\/wp-content\/uploads\/sites\/14\/2016\/10\/cover.jpg\" \/>\n\t<meta property=\"og:image:width\" content=\"1500\" \/>\n\t<meta property=\"og:image:height\" content=\"410\" \/>\n\t<meta property=\"og:image:type\" content=\"image\/jpeg\" \/>\n<meta name=\"twitter:card\" content=\"summary_large_image\" \/>\n<meta name=\"twitter:label1\" content=\"Est. tempo de leitura\" \/>\n\t<meta name=\"twitter:data1\" content=\"1 minuto\" \/>\n<script type=\"application\/ld+json\" class=\"yoast-schema-graph\">{\"@context\":\"https:\\\/\\\/schema.org\",\"@graph\":[{\"@type\":\"WebPage\",\"@id\":\"https:\\\/\\\/www.odonto.ufmg.br\\\/tcc\\\/trabalho-de-conclusao-de-curso\\\/\",\"url\":\"https:\\\/\\\/www.odonto.ufmg.br\\\/tcc\\\/trabalho-de-conclusao-de-curso\\\/\",\"name\":\"Trabalho de Conclus\u00e3o de Curso - Trabalho de Conclus\u00e3o de Curso\",\"isPartOf\":{\"@id\":\"https:\\\/\\\/www.odonto.ufmg.br\\\/tcc\\\/#website\"},\"datePublished\":\"2016-10-04T17:46:07+00:00\",\"dateModified\":\"2016-10-04T17:56:57+00:00\",\"breadcrumb\":{\"@id\":\"https:\\\/\\\/www.odonto.ufmg.br\\\/tcc\\\/trabalho-de-conclusao-de-curso\\\/#breadcrumb\"},\"inLanguage\":\"pt-BR\",\"potentialAction\":[{\"@type\":\"ReadAction\",\"target\":[\"https:\\\/\\\/www.odonto.ufmg.br\\\/tcc\\\/trabalho-de-conclusao-de-curso\\\/\"]}]},{\"@type\":\"BreadcrumbList\",\"@id\":\"https:\\\/\\\/www.odonto.ufmg.br\\\/tcc\\\/trabalho-de-conclusao-de-curso\\\/#breadcrumb\",\"itemListElement\":[{\"@type\":\"ListItem\",\"position\":1,\"name\":\"In\u00edcio\",\"item\":\"https:\\\/\\\/www.odonto.ufmg.br\\\/tcc\\\/inicio\\\/\"},{\"@type\":\"ListItem\",\"position\":2,\"name\":\"Trabalho de Conclus\u00e3o de Curso\"}]},{\"@type\":\"WebSite\",\"@id\":\"https:\\\/\\\/www.odonto.ufmg.br\\\/tcc\\\/#website\",\"url\":\"https:\\\/\\\/www.odonto.ufmg.br\\\/tcc\\\/\",\"name\":\"Trabalho de Conclus\u00e3o de Curso\",\"description\":\"S\u00f3 mais um site Faculdade de Odontologia Universidade Federal de Minas Gerais\",\"publisher\":{\"@id\":\"https:\\\/\\\/www.odonto.ufmg.br\\\/tcc\\\/#organization\"},\"potentialAction\":[{\"@type\":\"SearchAction\",\"target\":{\"@type\":\"EntryPoint\",\"urlTemplate\":\"https:\\\/\\\/www.odonto.ufmg.br\\\/tcc\\\/?s={search_term_string}\"},\"query-input\":{\"@type\":\"PropertyValueSpecification\",\"valueRequired\":true,\"valueName\":\"search_term_string\"}}],\"inLanguage\":\"pt-BR\"},{\"@type\":\"Organization\",\"@id\":\"https:\\\/\\\/www.odonto.ufmg.br\\\/tcc\\\/#organization\",\"name\":\"Faculdade de Odontologia da UFMG\",\"url\":\"https:\\\/\\\/www.odonto.ufmg.br\\\/tcc\\\/\",\"logo\":{\"@type\":\"ImageObject\",\"inLanguage\":\"pt-BR\",\"@id\":\"https:\\\/\\\/www.odonto.ufmg.br\\\/tcc\\\/#\\\/schema\\\/logo\\\/image\\\/\",\"url\":\"https:\\\/\\\/www.odonto.ufmg.br\\\/tcc\\\/wp-content\\\/uploads\\\/sites\\\/14\\\/2016\\\/10\\\/tcc-logo.svg\",\"contentUrl\":\"https:\\\/\\\/www.odonto.ufmg.br\\\/tcc\\\/wp-content\\\/uploads\\\/sites\\\/14\\\/2016\\\/10\\\/tcc-logo.svg\",\"width\":1,\"height\":1,\"caption\":\"Faculdade de Odontologia da UFMG\"},\"image\":{\"@id\":\"https:\\\/\\\/www.odonto.ufmg.br\\\/tcc\\\/#\\\/schema\\\/logo\\\/image\\\/\"},\"sameAs\":[\"https:\\\/\\\/www.facebook.com\\\/faoufmg\\\/\"]}]}<\/script>\n<!-- \/ Yoast SEO plugin. -->","yoast_head_json":{"title":"Trabalho de Conclus\u00e3o de Curso - Trabalho de Conclus\u00e3o de Curso","robots":{"index":"index","follow":"follow","max-snippet":"max-snippet:-1","max-image-preview":"max-image-preview:large","max-video-preview":"max-video-preview:-1"},"canonical":"https:\/\/www.odonto.ufmg.br\/tcc\/trabalho-de-conclusao-de-curso\/","og_locale":"pt_BR","og_type":"article","og_title":"Trabalho de Conclus\u00e3o de Curso - Trabalho de Conclus\u00e3o de Curso","og_description":"O TCC \u00e9 uma atividade acad\u00eamica obrigat\u00f3ria que sistematiza o conhecimento sobre um objeto de estudo relacionado ao campo da forma\u00e7\u00e3o em Odontologia (UFMG, 2016). O TCC representa uma exig\u00eancia do Conselho Nacional de Educa\u00e7\u00e3o, resolu\u00e7\u00e3o de CNE\/CES n.3, de 19\/2\/2002, que instituiu as Diretrizes Curriculares Nacionais do Curso de Gradua\u00e7\u00e3o em Odontologia. No art. [&hellip;]","og_url":"https:\/\/www.odonto.ufmg.br\/tcc\/trabalho-de-conclusao-de-curso\/","og_site_name":"Trabalho de Conclus\u00e3o de Curso","article_publisher":"https:\/\/www.facebook.com\/faoufmg\/","article_modified_time":"2016-10-04T17:56:57+00:00","og_image":[{"width":1500,"height":410,"url":"https:\/\/www.odonto.ufmg.br\/tcc\/wp-content\/uploads\/sites\/14\/2016\/10\/cover.jpg","type":"image\/jpeg"}],"twitter_card":"summary_large_image","twitter_misc":{"Est. tempo de leitura":"1 minuto"},"schema":{"@context":"https:\/\/schema.org","@graph":[{"@type":"WebPage","@id":"https:\/\/www.odonto.ufmg.br\/tcc\/trabalho-de-conclusao-de-curso\/","url":"https:\/\/www.odonto.ufmg.br\/tcc\/trabalho-de-conclusao-de-curso\/","name":"Trabalho de Conclus\u00e3o de Curso - Trabalho de Conclus\u00e3o de Curso","isPartOf":{"@id":"https:\/\/www.odonto.ufmg.br\/tcc\/#website"},"datePublished":"2016-10-04T17:46:07+00:00","dateModified":"2016-10-04T17:56:57+00:00","breadcrumb":{"@id":"https:\/\/www.odonto.ufmg.br\/tcc\/trabalho-de-conclusao-de-curso\/#breadcrumb"},"inLanguage":"pt-BR","potentialAction":[{"@type":"ReadAction","target":["https:\/\/www.odonto.ufmg.br\/tcc\/trabalho-de-conclusao-de-curso\/"]}]},{"@type":"BreadcrumbList","@id":"https:\/\/www.odonto.ufmg.br\/tcc\/trabalho-de-conclusao-de-curso\/#breadcrumb","itemListElement":[{"@type":"ListItem","position":1,"name":"In\u00edcio","item":"https:\/\/www.odonto.ufmg.br\/tcc\/inicio\/"},{"@type":"ListItem","position":2,"name":"Trabalho de Conclus\u00e3o de Curso"}]},{"@type":"WebSite","@id":"https:\/\/www.odonto.ufmg.br\/tcc\/#website","url":"https:\/\/www.odonto.ufmg.br\/tcc\/","name":"Trabalho de Conclus\u00e3o de Curso","description":"S\u00f3 mais um site Faculdade de Odontologia Universidade Federal de Minas Gerais","publisher":{"@id":"https:\/\/www.odonto.ufmg.br\/tcc\/#organization"},"potentialAction":[{"@type":"SearchAction","target":{"@type":"EntryPoint","urlTemplate":"https:\/\/www.odonto.ufmg.br\/tcc\/?s={search_term_string}"},"query-input":{"@type":"PropertyValueSpecification","valueRequired":true,"valueName":"search_term_string"}}],"inLanguage":"pt-BR"},{"@type":"Organization","@id":"https:\/\/www.odonto.ufmg.br\/tcc\/#organization","name":"Faculdade de Odontologia da UFMG","url":"https:\/\/www.odonto.ufmg.br\/tcc\/","logo":{"@type":"ImageObject","inLanguage":"pt-BR","@id":"https:\/\/www.odonto.ufmg.br\/tcc\/#\/schema\/logo\/image\/","url":"https:\/\/www.odonto.ufmg.br\/tcc\/wp-content\/uploads\/sites\/14\/2016\/10\/tcc-logo.svg","contentUrl":"https:\/\/www.odonto.ufmg.br\/tcc\/wp-content\/uploads\/sites\/14\/2016\/10\/tcc-logo.svg","width":1,"height":1,"caption":"Faculdade de Odontologia da UFMG"},"image":{"@id":"https:\/\/www.odonto.ufmg.br\/tcc\/#\/schema\/logo\/image\/"},"sameAs":["https:\/\/www.facebook.com\/faoufmg\/"]}]}},"_links":{"self":[{"href":"https:\/\/www.odonto.ufmg.br\/tcc\/wp-json\/wp\/v2\/pages\/690","targetHints":{"allow":["GET"]}}],"collection":[{"href":"https:\/\/www.odonto.ufmg.br\/tcc\/wp-json\/wp\/v2\/pages"}],"about":[{"href":"https:\/\/www.odonto.ufmg.br\/tcc\/wp-json\/wp\/v2\/types\/page"}],"author":[{"embeddable":true,"href":"https:\/\/www.odonto.ufmg.br\/tcc\/wp-json\/wp\/v2\/users\/20"}],"replies":[{"embeddable":true,"href":"https:\/\/www.odonto.ufmg.br\/tcc\/wp-json\/wp\/v2\/comments?post=690"}],"version-history":[{"count":3,"href":"https:\/\/www.odonto.ufmg.br\/tcc\/wp-json\/wp\/v2\/pages\/690\/revisions"}],"predecessor-version":[{"id":1595,"href":"https:\/\/www.odonto.ufmg.br\/tcc\/wp-json\/wp\/v2\/pages\/690\/revisions\/1595"}],"wp:attachment":[{"href":"https:\/\/www.odonto.ufmg.br\/tcc\/wp-json\/wp\/v2\/media?parent=690"}],"curies":[{"name":"wp","href":"https:\/\/api.w.org\/{rel}","templated":true}]}}