{"id":642,"date":"2016-10-04T10:30:07","date_gmt":"2016-10-04T13:30:07","guid":{"rendered":"https:\/\/www.odonto.ufmg.br\/tcc\/?page_id=642"},"modified":"2024-04-25T07:42:36","modified_gmt":"2024-04-25T10:42:36","slug":"inicio","status":"publish","type":"page","link":"https:\/\/www.odonto.ufmg.br\/tcc\/","title":{"rendered":"In\u00edcio"},"content":{"rendered":"<div id='full_slider_1'  class='avia-fullwidth-slider main_color avia-shadow   avia-builder-el-0  el_before_av_hr  avia-builder-el-first   container_wrap sidebar_left'  >\n<style type=\"text\/css\" data-created_by=\"avia_inline_auto\" id=\"style-css-av-av_slideshow_full-7c89eef234b705e7a4d2de62d66c7ebb\">\n#top #wrap_all .avia-slideshow .av-slideshow-caption.av-av_slideshow_full-7c89eef234b705e7a4d2de62d66c7ebb__0 .avia-caption-title{\nfont-size:30px;\n}\n#top .avia-slideshow .av-slideshow-caption.av-av_slideshow_full-7c89eef234b705e7a4d2de62d66c7ebb__0 .avia-caption-content{\nfont-size:27px;\n}\n#top .avia-slideshow .av-slideshow-caption.av-av_slideshow_full-7c89eef234b705e7a4d2de62d66c7ebb__0 .avia-caption-content p{\nfont-size:27px;\n}\n<\/style>\n<div  class='avia-slideshow av-av_slideshow_full-7c89eef234b705e7a4d2de62d66c7ebb avia-slideshow-no scaling av_slideshow_full avia-slide-slider av-slideshow-ui av-control-default av-slideshow-manual av-loop-once av-loop-manual-endless av-default-height-applied   avia-slideshow-1' data-slideshow-options=\"{&quot;animation&quot;:&quot;slide&quot;,&quot;autoplay&quot;:false,&quot;loop_autoplay&quot;:&quot;once&quot;,&quot;interval&quot;:5,&quot;loop_manual&quot;:&quot;manual-endless&quot;,&quot;autoplay_stopper&quot;:false,&quot;noNavigation&quot;:false,&quot;bg_slider&quot;:false,&quot;keep_padding&quot;:false,&quot;hoverpause&quot;:false,&quot;show_slide_delay&quot;:0}\"  itemprop=\"image\" itemscope=\"itemscope\" itemtype=\"https:\/\/schema.org\/ImageObject\" ><ul class='avia-slideshow-inner ' style='padding-bottom: 24%;'><li  class='avia-slideshow-slide av-av_slideshow_full-7c89eef234b705e7a4d2de62d66c7ebb__0  av-single-slide slide-1 slide-odd'><div data-rel='slideshow-1' class='avia-slide-wrap '   ><div class='av-slideshow-caption av-av_slideshow_full-7c89eef234b705e7a4d2de62d66c7ebb__0 caption_fullwidth caption_bottom caption_bottom_framed caption_framed'><div class=\"container caption_container\"><div class=\"slideshow_caption\"><div class=\"slideshow_inner_caption\"><div class=\"slideshow_align_caption\"><h2 class='avia-caption-title '  itemprop=\"name\" >TCC<\/h2><div class='avia-caption-content '  itemprop=\"description\" ><p>Trabalho de Conclus\u00e3o de Curso<\/p>\n<\/div><\/div><\/div><\/div><\/div><\/div><img fetchpriority=\"high\" class=\"wp-image-705 avia-img-lazy-loading-not-705\"  src='https:\/\/www.odonto.ufmg.br\/tcc\/wp-content\/uploads\/sites\/14\/2016\/10\/cover01.jpg' width='1500' height='360' title='cover01' alt=''  itemprop=\"thumbnailUrl\"   \/><div class='av-section-color-overlay' style='opacity: 0.5; background-color: #000000; '><\/div><\/div><\/li><\/ul><\/div><\/div><div id='after_full_slider_1'  class='main_color av_default_container_wrap container_wrap sidebar_left'  ><div class='container av-section-cont-open' ><div class='template-page content  av-content-small units'><div class='post-entry post-entry-type-page post-entry-642'><div class='entry-content-wrapper clearfix'>\n<div  class='hr av-av_hr-dcd2069817a0e3d34ae04cad8f3443c7 hr-default  avia-builder-el-1  el_after_av_slideshow_full  el_before_av_textblock  avia-builder-el-first '><span class='hr-inner '><span class=\"hr-inner-style\"><\/span><\/span><\/div>\n<section  class='av_textblock_section av-av_textblock-0366cc7376be6c9e82a3e9cc8987b64f '   itemscope=\"itemscope\" itemtype=\"https:\/\/schema.org\/CreativeWork\" ><div class='avia_textblock'  itemprop=\"text\" ><header class=\"entry-content-header\">\n<h2 class=\"post-title entry-title\"><img decoding=\"async\" class=\"alignnone size-medium wp-image-1608\" src=\"https:\/\/www.odonto.ufmg.br\/tcc\/wp-content\/uploads\/sites\/14\/2018\/09\/cover-1030x282-300x82.jpg\" alt=\"\" width=\"300\" height=\"82\" srcset=\"https:\/\/www.odonto.ufmg.br\/tcc\/wp-content\/uploads\/sites\/14\/2018\/09\/cover-1030x282-300x82.jpg 300w, https:\/\/www.odonto.ufmg.br\/tcc\/wp-content\/uploads\/sites\/14\/2018\/09\/cover-1030x282-768x210.jpg 768w, https:\/\/www.odonto.ufmg.br\/tcc\/wp-content\/uploads\/sites\/14\/2018\/09\/cover-1030x282.jpg 1030w, https:\/\/www.odonto.ufmg.br\/tcc\/wp-content\/uploads\/sites\/14\/2018\/09\/cover-1030x282-705x193.jpg 705w, https:\/\/www.odonto.ufmg.br\/tcc\/wp-content\/uploads\/sites\/14\/2018\/09\/cover-1030x282-450x123.jpg 450w\" sizes=\"(max-width: 300px) 100vw, 300px\" \/><\/h2>\n<h2 class=\"post-title entry-title\">Bem-vindo ao site do TCC<\/h2>\n<\/header>\n<div class=\"entry-content\">\n<p>Navegando pelo menu lateral, voc\u00ea\u00a0encontra todas as not\u00edcias, informa\u00e7\u00f5es e documentos relacionados a\u00a0disciplina. Caso ocorram problemas, entre em contato conosco <a href=\"https:\/\/www.odonto.ufmg.br\/tcc\/contato\/\" target=\"_blank\" rel=\"noopener\">clicando aqui.<\/a><\/p>\n<\/div>\n<\/div><\/section>\n","protected":false},"excerpt":{"rendered":"","protected":false},"author":5,"featured_media":702,"parent":0,"menu_order":0,"comment_status":"closed","ping_status":"closed","template":"","meta":{"inline_featured_image":false,"footnotes":""},"class_list":["post-642","page","type-page","status-publish","has-post-thumbnail","hentry"],"yoast_head":"<!-- This site is optimized with the Yoast SEO plugin v27.3 - https:\/\/yoast.com\/product\/yoast-seo-wordpress\/ -->\n<title>In\u00edcio - Trabalho de Conclus\u00e3o de Curso<\/title>\n<meta name=\"robots\" content=\"index, follow, max-snippet:-1, max-image-preview:large, max-video-preview:-1\" \/>\n<link rel=\"canonical\" href=\"https:\/\/www.odonto.ufmg.br\/tcc\/inicio\/\" \/>\n<meta property=\"og:locale\" content=\"pt_BR\" \/>\n<meta property=\"og:type\" content=\"article\" \/>\n<meta property=\"og:title\" content=\"In\u00edcio - Trabalho de Conclus\u00e3o de Curso\" \/>\n<meta property=\"og:url\" content=\"https:\/\/www.odonto.ufmg.br\/tcc\/inicio\/\" \/>\n<meta property=\"og:site_name\" content=\"Trabalho de Conclus\u00e3o de Curso\" \/>\n<meta property=\"article:publisher\" content=\"https:\/\/www.facebook.com\/faoufmg\/\" \/>\n<meta property=\"article:modified_time\" content=\"2024-04-25T10:42:36+00:00\" \/>\n<meta property=\"og:image\" content=\"https:\/\/www.odonto.ufmg.br\/tcc\/wp-content\/uploads\/sites\/14\/2016\/10\/cover.jpg\" \/>\n\t<meta property=\"og:image:width\" content=\"1500\" \/>\n\t<meta property=\"og:image:height\" content=\"410\" \/>\n\t<meta property=\"og:image:type\" content=\"image\/jpeg\" \/>\n<meta name=\"twitter:card\" content=\"summary_large_image\" \/>\n<meta name=\"twitter:label1\" content=\"Est. tempo de leitura\" \/>\n\t<meta name=\"twitter:data1\" content=\"1 minuto\" \/>\n<script type=\"application\/ld+json\" class=\"yoast-schema-graph\">{\"@context\":\"https:\\\/\\\/schema.org\",\"@graph\":[{\"@type\":\"WebPage\",\"@id\":\"https:\\\/\\\/www.odonto.ufmg.br\\\/tcc\\\/inicio\\\/\",\"url\":\"https:\\\/\\\/www.odonto.ufmg.br\\\/tcc\\\/inicio\\\/\",\"name\":\"In\u00edcio - Trabalho de Conclus\u00e3o de Curso\",\"isPartOf\":{\"@id\":\"https:\\\/\\\/www.odonto.ufmg.br\\\/tcc\\\/#website\"},\"primaryImageOfPage\":{\"@id\":\"https:\\\/\\\/www.odonto.ufmg.br\\\/tcc\\\/inicio\\\/#primaryimage\"},\"image\":{\"@id\":\"https:\\\/\\\/www.odonto.ufmg.br\\\/tcc\\\/inicio\\\/#primaryimage\"},\"thumbnailUrl\":\"https:\\\/\\\/www.odonto.ufmg.br\\\/tcc\\\/wp-content\\\/uploads\\\/sites\\\/14\\\/2016\\\/10\\\/cover.jpg\",\"datePublished\":\"2016-10-04T13:30:07+00:00\",\"dateModified\":\"2024-04-25T10:42:36+00:00\",\"breadcrumb\":{\"@id\":\"https:\\\/\\\/www.odonto.ufmg.br\\\/tcc\\\/inicio\\\/#breadcrumb\"},\"inLanguage\":\"pt-BR\",\"potentialAction\":[{\"@type\":\"ReadAction\",\"target\":[\"https:\\\/\\\/www.odonto.ufmg.br\\\/tcc\\\/inicio\\\/\"]}]},{\"@type\":\"ImageObject\",\"inLanguage\":\"pt-BR\",\"@id\":\"https:\\\/\\\/www.odonto.ufmg.br\\\/tcc\\\/inicio\\\/#primaryimage\",\"url\":\"https:\\\/\\\/www.odonto.ufmg.br\\\/tcc\\\/wp-content\\\/uploads\\\/sites\\\/14\\\/2016\\\/10\\\/cover.jpg\",\"contentUrl\":\"https:\\\/\\\/www.odonto.ufmg.br\\\/tcc\\\/wp-content\\\/uploads\\\/sites\\\/14\\\/2016\\\/10\\\/cover.jpg\",\"width\":1500,\"height\":410,\"caption\":\"Portrait of pensive student carrying out test at lesson\"},{\"@type\":\"BreadcrumbList\",\"@id\":\"https:\\\/\\\/www.odonto.ufmg.br\\\/tcc\\\/inicio\\\/#breadcrumb\",\"itemListElement\":[{\"@type\":\"ListItem\",\"position\":1,\"name\":\"In\u00edcio\",\"item\":\"https:\\\/\\\/www.odonto.ufmg.br\\\/tcc\\\/inicio\\\/\"},{\"@type\":\"ListItem\",\"position\":2,\"name\":\"In\u00edcio\"}]},{\"@type\":\"WebSite\",\"@id\":\"https:\\\/\\\/www.odonto.ufmg.br\\\/tcc\\\/#website\",\"url\":\"https:\\\/\\\/www.odonto.ufmg.br\\\/tcc\\\/\",\"name\":\"Trabalho de Conclus\u00e3o de Curso\",\"description\":\"S\u00f3 mais um site Faculdade de Odontologia Universidade Federal de Minas Gerais\",\"publisher\":{\"@id\":\"https:\\\/\\\/www.odonto.ufmg.br\\\/tcc\\\/#organization\"},\"potentialAction\":[{\"@type\":\"SearchAction\",\"target\":{\"@type\":\"EntryPoint\",\"urlTemplate\":\"https:\\\/\\\/www.odonto.ufmg.br\\\/tcc\\\/?s={search_term_string}\"},\"query-input\":{\"@type\":\"PropertyValueSpecification\",\"valueRequired\":true,\"valueName\":\"search_term_string\"}}],\"inLanguage\":\"pt-BR\"},{\"@type\":\"Organization\",\"@id\":\"https:\\\/\\\/www.odonto.ufmg.br\\\/tcc\\\/#organization\",\"name\":\"Faculdade de Odontologia da UFMG\",\"url\":\"https:\\\/\\\/www.odonto.ufmg.br\\\/tcc\\\/\",\"logo\":{\"@type\":\"ImageObject\",\"inLanguage\":\"pt-BR\",\"@id\":\"https:\\\/\\\/www.odonto.ufmg.br\\\/tcc\\\/#\\\/schema\\\/logo\\\/image\\\/\",\"url\":\"https:\\\/\\\/www.odonto.ufmg.br\\\/tcc\\\/wp-content\\\/uploads\\\/sites\\\/14\\\/2016\\\/10\\\/tcc-logo.svg\",\"contentUrl\":\"https:\\\/\\\/www.odonto.ufmg.br\\\/tcc\\\/wp-content\\\/uploads\\\/sites\\\/14\\\/2016\\\/10\\\/tcc-logo.svg\",\"width\":1,\"height\":1,\"caption\":\"Faculdade de Odontologia da UFMG\"},\"image\":{\"@id\":\"https:\\\/\\\/www.odonto.ufmg.br\\\/tcc\\\/#\\\/schema\\\/logo\\\/image\\\/\"},\"sameAs\":[\"https:\\\/\\\/www.facebook.com\\\/faoufmg\\\/\"]}]}<\/script>\n<!-- \/ Yoast SEO plugin. -->","yoast_head_json":{"title":"In\u00edcio - Trabalho de Conclus\u00e3o de Curso","robots":{"index":"index","follow":"follow","max-snippet":"max-snippet:-1","max-image-preview":"max-image-preview:large","max-video-preview":"max-video-preview:-1"},"canonical":"https:\/\/www.odonto.ufmg.br\/tcc\/inicio\/","og_locale":"pt_BR","og_type":"article","og_title":"In\u00edcio - Trabalho de Conclus\u00e3o de Curso","og_url":"https:\/\/www.odonto.ufmg.br\/tcc\/inicio\/","og_site_name":"Trabalho de Conclus\u00e3o de Curso","article_publisher":"https:\/\/www.facebook.com\/faoufmg\/","article_modified_time":"2024-04-25T10:42:36+00:00","og_image":[{"width":1500,"height":410,"url":"https:\/\/www.odonto.ufmg.br\/tcc\/wp-content\/uploads\/sites\/14\/2016\/10\/cover.jpg","type":"image\/jpeg"}],"twitter_card":"summary_large_image","twitter_misc":{"Est. tempo de leitura":"1 minuto"},"schema":{"@context":"https:\/\/schema.org","@graph":[{"@type":"WebPage","@id":"https:\/\/www.odonto.ufmg.br\/tcc\/inicio\/","url":"https:\/\/www.odonto.ufmg.br\/tcc\/inicio\/","name":"In\u00edcio - Trabalho de Conclus\u00e3o de Curso","isPartOf":{"@id":"https:\/\/www.odonto.ufmg.br\/tcc\/#website"},"primaryImageOfPage":{"@id":"https:\/\/www.odonto.ufmg.br\/tcc\/inicio\/#primaryimage"},"image":{"@id":"https:\/\/www.odonto.ufmg.br\/tcc\/inicio\/#primaryimage"},"thumbnailUrl":"https:\/\/www.odonto.ufmg.br\/tcc\/wp-content\/uploads\/sites\/14\/2016\/10\/cover.jpg","datePublished":"2016-10-04T13:30:07+00:00","dateModified":"2024-04-25T10:42:36+00:00","breadcrumb":{"@id":"https:\/\/www.odonto.ufmg.br\/tcc\/inicio\/#breadcrumb"},"inLanguage":"pt-BR","potentialAction":[{"@type":"ReadAction","target":["https:\/\/www.odonto.ufmg.br\/tcc\/inicio\/"]}]},{"@type":"ImageObject","inLanguage":"pt-BR","@id":"https:\/\/www.odonto.ufmg.br\/tcc\/inicio\/#primaryimage","url":"https:\/\/www.odonto.ufmg.br\/tcc\/wp-content\/uploads\/sites\/14\/2016\/10\/cover.jpg","contentUrl":"https:\/\/www.odonto.ufmg.br\/tcc\/wp-content\/uploads\/sites\/14\/2016\/10\/cover.jpg","width":1500,"height":410,"caption":"Portrait of pensive student carrying out test at lesson"},{"@type":"BreadcrumbList","@id":"https:\/\/www.odonto.ufmg.br\/tcc\/inicio\/#breadcrumb","itemListElement":[{"@type":"ListItem","position":1,"name":"In\u00edcio","item":"https:\/\/www.odonto.ufmg.br\/tcc\/inicio\/"},{"@type":"ListItem","position":2,"name":"In\u00edcio"}]},{"@type":"WebSite","@id":"https:\/\/www.odonto.ufmg.br\/tcc\/#website","url":"https:\/\/www.odonto.ufmg.br\/tcc\/","name":"Trabalho de Conclus\u00e3o de Curso","description":"S\u00f3 mais um site Faculdade de Odontologia Universidade Federal de Minas Gerais","publisher":{"@id":"https:\/\/www.odonto.ufmg.br\/tcc\/#organization"},"potentialAction":[{"@type":"SearchAction","target":{"@type":"EntryPoint","urlTemplate":"https:\/\/www.odonto.ufmg.br\/tcc\/?s={search_term_string}"},"query-input":{"@type":"PropertyValueSpecification","valueRequired":true,"valueName":"search_term_string"}}],"inLanguage":"pt-BR"},{"@type":"Organization","@id":"https:\/\/www.odonto.ufmg.br\/tcc\/#organization","name":"Faculdade de Odontologia da UFMG","url":"https:\/\/www.odonto.ufmg.br\/tcc\/","logo":{"@type":"ImageObject","inLanguage":"pt-BR","@id":"https:\/\/www.odonto.ufmg.br\/tcc\/#\/schema\/logo\/image\/","url":"https:\/\/www.odonto.ufmg.br\/tcc\/wp-content\/uploads\/sites\/14\/2016\/10\/tcc-logo.svg","contentUrl":"https:\/\/www.odonto.ufmg.br\/tcc\/wp-content\/uploads\/sites\/14\/2016\/10\/tcc-logo.svg","width":1,"height":1,"caption":"Faculdade de Odontologia da UFMG"},"image":{"@id":"https:\/\/www.odonto.ufmg.br\/tcc\/#\/schema\/logo\/image\/"},"sameAs":["https:\/\/www.facebook.com\/faoufmg\/"]}]}},"_links":{"self":[{"href":"https:\/\/www.odonto.ufmg.br\/tcc\/wp-json\/wp\/v2\/pages\/642","targetHints":{"allow":["GET"]}}],"collection":[{"href":"https:\/\/www.odonto.ufmg.br\/tcc\/wp-json\/wp\/v2\/pages"}],"about":[{"href":"https:\/\/www.odonto.ufmg.br\/tcc\/wp-json\/wp\/v2\/types\/page"}],"author":[{"embeddable":true,"href":"https:\/\/www.odonto.ufmg.br\/tcc\/wp-json\/wp\/v2\/users\/5"}],"replies":[{"embeddable":true,"href":"https:\/\/www.odonto.ufmg.br\/tcc\/wp-json\/wp\/v2\/comments?post=642"}],"version-history":[{"count":16,"href":"https:\/\/www.odonto.ufmg.br\/tcc\/wp-json\/wp\/v2\/pages\/642\/revisions"}],"predecessor-version":[{"id":1989,"href":"https:\/\/www.odonto.ufmg.br\/tcc\/wp-json\/wp\/v2\/pages\/642\/revisions\/1989"}],"wp:featuredmedia":[{"embeddable":true,"href":"https:\/\/www.odonto.ufmg.br\/tcc\/wp-json\/wp\/v2\/media\/702"}],"wp:attachment":[{"href":"https:\/\/www.odonto.ufmg.br\/tcc\/wp-json\/wp\/v2\/media?parent=642"}],"curies":[{"name":"wp","href":"https:\/\/api.w.org\/{rel}","templated":true}]}}