{"id":411,"date":"2016-08-30T12:52:34","date_gmt":"2016-08-30T15:52:34","guid":{"rendered":"https:\/\/www.odonto.ufmg.br\/posgrad\/?page_id=411"},"modified":"2016-08-30T12:52:34","modified_gmt":"2016-08-30T15:52:34","slug":"atas-e-resolucoes","status":"publish","type":"page","link":"https:\/\/www.odonto.ufmg.br\/tcc\/atas-e-resolucoes\/","title":{"rendered":"Atas e Resolu\u00e7\u00f5es"},"content":{"rendered":"<div id='full_slider_1'  class='avia-fullwidth-slider main_color avia-shadow   avia-builder-el-0  el_before_av_heading  avia-builder-el-first   container_wrap sidebar_left'  >\n<style type=\"text\/css\" data-created_by=\"avia_inline_auto\" id=\"style-css-av-av_slideshow_full-7c89eef234b705e7a4d2de62d66c7ebb\">\n#top #wrap_all .avia-slideshow .av-slideshow-caption.av-av_slideshow_full-7c89eef234b705e7a4d2de62d66c7ebb__0 .avia-caption-title{\nfont-size:35px;\n}\n#top .avia-slideshow .av-slideshow-caption.av-av_slideshow_full-7c89eef234b705e7a4d2de62d66c7ebb__0 .avia-caption-content{\nfont-size:23px;\n}\n#top .avia-slideshow .av-slideshow-caption.av-av_slideshow_full-7c89eef234b705e7a4d2de62d66c7ebb__0 .avia-caption-content p{\nfont-size:23px;\n}\n<\/style>\n<div  class='avia-slideshow av-av_slideshow_full-7c89eef234b705e7a4d2de62d66c7ebb avia-slideshow-no scaling av_slideshow_full avia-slide-slider av-slideshow-ui av-control-default av-slideshow-manual av-loop-once av-loop-manual-endless   avia-slideshow-1' data-slideshow-options=\"{&quot;animation&quot;:&quot;slide&quot;,&quot;autoplay&quot;:false,&quot;loop_autoplay&quot;:&quot;once&quot;,&quot;interval&quot;:5,&quot;loop_manual&quot;:&quot;manual-endless&quot;,&quot;autoplay_stopper&quot;:false,&quot;noNavigation&quot;:false,&quot;bg_slider&quot;:false,&quot;keep_padding&quot;:false,&quot;hoverpause&quot;:false,&quot;show_slide_delay&quot;:0}\"  itemprop=\"image\" itemscope=\"itemscope\" itemtype=\"https:\/\/schema.org\/ImageObject\" ><ul class='avia-slideshow-inner ' ><\/ul><\/div><\/div><div id='after_full_slider_1'  class='main_color av_default_container_wrap container_wrap sidebar_left'  ><div class='container av-section-cont-open' ><div class='template-page content  av-content-small units'><div class='post-entry post-entry-type-page post-entry-411'><div class='entry-content-wrapper clearfix'>\n\n<style type=\"text\/css\" data-created_by=\"avia_inline_auto\" id=\"style-css-av-av_heading-8fd17a6317f93cf59150b57f39b58001\">\n#top .av-special-heading.av-av_heading-8fd17a6317f93cf59150b57f39b58001{\npadding-bottom:10px;\n}\nbody .av-special-heading.av-av_heading-8fd17a6317f93cf59150b57f39b58001 .av-special-heading-tag .heading-char{\nfont-size:25px;\n}\n.av-special-heading.av-av_heading-8fd17a6317f93cf59150b57f39b58001 .av-subheading{\nfont-size:15px;\n}\n<\/style>\n<div  class='av-special-heading av-av_heading-8fd17a6317f93cf59150b57f39b58001 av-special-heading-h3 blockquote modern-quote  avia-builder-el-1  el_after_av_slideshow_full  el_before_av_blog  avia-builder-el-first '><h3 class='av-special-heading-tag '  itemprop=\"headline\"  >Atas e Resolu\u00e7\u00f5es<\/h3><div class=\"special-heading-border\"><div class=\"special-heading-inner-border\"><\/div><\/div><\/div>\n\n","protected":false},"excerpt":{"rendered":"","protected":false},"author":5,"featured_media":0,"parent":0,"menu_order":0,"comment_status":"closed","ping_status":"closed","template":"","meta":{"inline_featured_image":false,"footnotes":""},"class_list":["post-411","page","type-page","status-publish","hentry"],"yoast_head":"<!-- This site is optimized with the Yoast SEO plugin v27.3 - https:\/\/yoast.com\/product\/yoast-seo-wordpress\/ -->\n<title>Atas e Resolu\u00e7\u00f5es - Trabalho de Conclus\u00e3o de Curso<\/title>\n<meta name=\"robots\" content=\"index, follow, max-snippet:-1, max-image-preview:large, max-video-preview:-1\" \/>\n<link rel=\"canonical\" href=\"https:\/\/www.odonto.ufmg.br\/tcc\/atas-e-resolucoes\/\" \/>\n<meta property=\"og:locale\" content=\"pt_BR\" \/>\n<meta property=\"og:type\" content=\"article\" \/>\n<meta property=\"og:title\" content=\"Atas e Resolu\u00e7\u00f5es - Trabalho de Conclus\u00e3o de Curso\" \/>\n<meta property=\"og:url\" content=\"https:\/\/www.odonto.ufmg.br\/tcc\/atas-e-resolucoes\/\" \/>\n<meta property=\"og:site_name\" content=\"Trabalho de Conclus\u00e3o de Curso\" \/>\n<meta property=\"article:publisher\" content=\"https:\/\/www.facebook.com\/faoufmg\/\" \/>\n<meta property=\"og:image\" content=\"https:\/\/www.odonto.ufmg.br\/tcc\/wp-content\/uploads\/sites\/14\/2016\/10\/cover.jpg\" \/>\n\t<meta property=\"og:image:width\" content=\"1500\" \/>\n\t<meta property=\"og:image:height\" content=\"410\" \/>\n\t<meta property=\"og:image:type\" content=\"image\/jpeg\" \/>\n<meta name=\"twitter:card\" content=\"summary_large_image\" \/>\n<meta name=\"twitter:label1\" content=\"Est. tempo de leitura\" \/>\n\t<meta name=\"twitter:data1\" content=\"1 minuto\" \/>\n<script type=\"application\/ld+json\" class=\"yoast-schema-graph\">{\"@context\":\"https:\\\/\\\/schema.org\",\"@graph\":[{\"@type\":\"WebPage\",\"@id\":\"https:\\\/\\\/www.odonto.ufmg.br\\\/tcc\\\/atas-e-resolucoes\\\/\",\"url\":\"https:\\\/\\\/www.odonto.ufmg.br\\\/tcc\\\/atas-e-resolucoes\\\/\",\"name\":\"Atas e Resolu\u00e7\u00f5es - Trabalho de Conclus\u00e3o de Curso\",\"isPartOf\":{\"@id\":\"https:\\\/\\\/www.odonto.ufmg.br\\\/tcc\\\/#website\"},\"datePublished\":\"2016-08-30T15:52:34+00:00\",\"breadcrumb\":{\"@id\":\"https:\\\/\\\/www.odonto.ufmg.br\\\/tcc\\\/atas-e-resolucoes\\\/#breadcrumb\"},\"inLanguage\":\"pt-BR\",\"potentialAction\":[{\"@type\":\"ReadAction\",\"target\":[\"https:\\\/\\\/www.odonto.ufmg.br\\\/tcc\\\/atas-e-resolucoes\\\/\"]}]},{\"@type\":\"BreadcrumbList\",\"@id\":\"https:\\\/\\\/www.odonto.ufmg.br\\\/tcc\\\/atas-e-resolucoes\\\/#breadcrumb\",\"itemListElement\":[{\"@type\":\"ListItem\",\"position\":1,\"name\":\"In\u00edcio\",\"item\":\"https:\\\/\\\/www.odonto.ufmg.br\\\/tcc\\\/inicio\\\/\"},{\"@type\":\"ListItem\",\"position\":2,\"name\":\"Atas e Resolu\u00e7\u00f5es\"}]},{\"@type\":\"WebSite\",\"@id\":\"https:\\\/\\\/www.odonto.ufmg.br\\\/tcc\\\/#website\",\"url\":\"https:\\\/\\\/www.odonto.ufmg.br\\\/tcc\\\/\",\"name\":\"Trabalho de Conclus\u00e3o de Curso\",\"description\":\"S\u00f3 mais um site Faculdade de Odontologia Universidade Federal de Minas Gerais\",\"publisher\":{\"@id\":\"https:\\\/\\\/www.odonto.ufmg.br\\\/tcc\\\/#organization\"},\"potentialAction\":[{\"@type\":\"SearchAction\",\"target\":{\"@type\":\"EntryPoint\",\"urlTemplate\":\"https:\\\/\\\/www.odonto.ufmg.br\\\/tcc\\\/?s={search_term_string}\"},\"query-input\":{\"@type\":\"PropertyValueSpecification\",\"valueRequired\":true,\"valueName\":\"search_term_string\"}}],\"inLanguage\":\"pt-BR\"},{\"@type\":\"Organization\",\"@id\":\"https:\\\/\\\/www.odonto.ufmg.br\\\/tcc\\\/#organization\",\"name\":\"Faculdade de Odontologia da UFMG\",\"url\":\"https:\\\/\\\/www.odonto.ufmg.br\\\/tcc\\\/\",\"logo\":{\"@type\":\"ImageObject\",\"inLanguage\":\"pt-BR\",\"@id\":\"https:\\\/\\\/www.odonto.ufmg.br\\\/tcc\\\/#\\\/schema\\\/logo\\\/image\\\/\",\"url\":\"https:\\\/\\\/www.odonto.ufmg.br\\\/tcc\\\/wp-content\\\/uploads\\\/sites\\\/14\\\/2016\\\/10\\\/tcc-logo.svg\",\"contentUrl\":\"https:\\\/\\\/www.odonto.ufmg.br\\\/tcc\\\/wp-content\\\/uploads\\\/sites\\\/14\\\/2016\\\/10\\\/tcc-logo.svg\",\"width\":1,\"height\":1,\"caption\":\"Faculdade de Odontologia da UFMG\"},\"image\":{\"@id\":\"https:\\\/\\\/www.odonto.ufmg.br\\\/tcc\\\/#\\\/schema\\\/logo\\\/image\\\/\"},\"sameAs\":[\"https:\\\/\\\/www.facebook.com\\\/faoufmg\\\/\"]}]}<\/script>\n<!-- \/ Yoast SEO plugin. -->","yoast_head_json":{"title":"Atas e Resolu\u00e7\u00f5es - Trabalho de Conclus\u00e3o de Curso","robots":{"index":"index","follow":"follow","max-snippet":"max-snippet:-1","max-image-preview":"max-image-preview:large","max-video-preview":"max-video-preview:-1"},"canonical":"https:\/\/www.odonto.ufmg.br\/tcc\/atas-e-resolucoes\/","og_locale":"pt_BR","og_type":"article","og_title":"Atas e Resolu\u00e7\u00f5es - Trabalho de Conclus\u00e3o de Curso","og_url":"https:\/\/www.odonto.ufmg.br\/tcc\/atas-e-resolucoes\/","og_site_name":"Trabalho de Conclus\u00e3o de Curso","article_publisher":"https:\/\/www.facebook.com\/faoufmg\/","og_image":[{"width":1500,"height":410,"url":"https:\/\/www.odonto.ufmg.br\/tcc\/wp-content\/uploads\/sites\/14\/2016\/10\/cover.jpg","type":"image\/jpeg"}],"twitter_card":"summary_large_image","twitter_misc":{"Est. tempo de leitura":"1 minuto"},"schema":{"@context":"https:\/\/schema.org","@graph":[{"@type":"WebPage","@id":"https:\/\/www.odonto.ufmg.br\/tcc\/atas-e-resolucoes\/","url":"https:\/\/www.odonto.ufmg.br\/tcc\/atas-e-resolucoes\/","name":"Atas e Resolu\u00e7\u00f5es - Trabalho de Conclus\u00e3o de Curso","isPartOf":{"@id":"https:\/\/www.odonto.ufmg.br\/tcc\/#website"},"datePublished":"2016-08-30T15:52:34+00:00","breadcrumb":{"@id":"https:\/\/www.odonto.ufmg.br\/tcc\/atas-e-resolucoes\/#breadcrumb"},"inLanguage":"pt-BR","potentialAction":[{"@type":"ReadAction","target":["https:\/\/www.odonto.ufmg.br\/tcc\/atas-e-resolucoes\/"]}]},{"@type":"BreadcrumbList","@id":"https:\/\/www.odonto.ufmg.br\/tcc\/atas-e-resolucoes\/#breadcrumb","itemListElement":[{"@type":"ListItem","position":1,"name":"In\u00edcio","item":"https:\/\/www.odonto.ufmg.br\/tcc\/inicio\/"},{"@type":"ListItem","position":2,"name":"Atas e Resolu\u00e7\u00f5es"}]},{"@type":"WebSite","@id":"https:\/\/www.odonto.ufmg.br\/tcc\/#website","url":"https:\/\/www.odonto.ufmg.br\/tcc\/","name":"Trabalho de Conclus\u00e3o de Curso","description":"S\u00f3 mais um site Faculdade de Odontologia Universidade Federal de Minas Gerais","publisher":{"@id":"https:\/\/www.odonto.ufmg.br\/tcc\/#organization"},"potentialAction":[{"@type":"SearchAction","target":{"@type":"EntryPoint","urlTemplate":"https:\/\/www.odonto.ufmg.br\/tcc\/?s={search_term_string}"},"query-input":{"@type":"PropertyValueSpecification","valueRequired":true,"valueName":"search_term_string"}}],"inLanguage":"pt-BR"},{"@type":"Organization","@id":"https:\/\/www.odonto.ufmg.br\/tcc\/#organization","name":"Faculdade de Odontologia da UFMG","url":"https:\/\/www.odonto.ufmg.br\/tcc\/","logo":{"@type":"ImageObject","inLanguage":"pt-BR","@id":"https:\/\/www.odonto.ufmg.br\/tcc\/#\/schema\/logo\/image\/","url":"https:\/\/www.odonto.ufmg.br\/tcc\/wp-content\/uploads\/sites\/14\/2016\/10\/tcc-logo.svg","contentUrl":"https:\/\/www.odonto.ufmg.br\/tcc\/wp-content\/uploads\/sites\/14\/2016\/10\/tcc-logo.svg","width":1,"height":1,"caption":"Faculdade de Odontologia da UFMG"},"image":{"@id":"https:\/\/www.odonto.ufmg.br\/tcc\/#\/schema\/logo\/image\/"},"sameAs":["https:\/\/www.facebook.com\/faoufmg\/"]}]}},"_links":{"self":[{"href":"https:\/\/www.odonto.ufmg.br\/tcc\/wp-json\/wp\/v2\/pages\/411","targetHints":{"allow":["GET"]}}],"collection":[{"href":"https:\/\/www.odonto.ufmg.br\/tcc\/wp-json\/wp\/v2\/pages"}],"about":[{"href":"https:\/\/www.odonto.ufmg.br\/tcc\/wp-json\/wp\/v2\/types\/page"}],"author":[{"embeddable":true,"href":"https:\/\/www.odonto.ufmg.br\/tcc\/wp-json\/wp\/v2\/users\/5"}],"replies":[{"embeddable":true,"href":"https:\/\/www.odonto.ufmg.br\/tcc\/wp-json\/wp\/v2\/comments?post=411"}],"version-history":[{"count":1,"href":"https:\/\/www.odonto.ufmg.br\/tcc\/wp-json\/wp\/v2\/pages\/411\/revisions"}],"predecessor-version":[{"id":1521,"href":"https:\/\/www.odonto.ufmg.br\/tcc\/wp-json\/wp\/v2\/pages\/411\/revisions\/1521"}],"wp:attachment":[{"href":"https:\/\/www.odonto.ufmg.br\/tcc\/wp-json\/wp\/v2\/media?parent=411"}],"curies":[{"name":"wp","href":"https:\/\/api.w.org\/{rel}","templated":true}]}}