{"id":1777,"date":"2020-08-19T16:21:11","date_gmt":"2020-08-19T19:21:11","guid":{"rendered":"https:\/\/www.odonto.ufmg.br\/tcc\/?page_id=1777"},"modified":"2026-03-18T15:58:17","modified_gmt":"2026-03-18T18:58:17","slug":"cronogramas","status":"publish","type":"page","link":"https:\/\/www.odonto.ufmg.br\/tcc\/cronogramas\/","title":{"rendered":"Cronogramas"},"content":{"rendered":"<section  class='av_textblock_section av-ke1qifj2-ee03051f67d0dd1af2e24b465c476afd '   itemscope=\"itemscope\" itemtype=\"https:\/\/schema.org\/CreativeWork\" ><div class='avia_textblock'  itemprop=\"text\" ><h4><span style=\"color: #003366\"><strong>CRONOGRAMA DAS APRESENTA\u00c7\u00d5ES DE TCCIII- 2026\/1<\/strong><\/span><\/h4>\n<\/div><\/section>\n<div  class='av_promobox av-ke1r0hgd-6cd9baa88159cb4e64978a112359e29e avia-button-yes  avia-builder-el-1  el_after_av_textblock  el_before_av_promobox '><div class='avia-promocontent'><\/p>\n<h4><span style=\"color: #003366\">1\u00aa TURMA_TA\u00a0<\/span><\/h4>\n<p>\n<\/div><div  class='avia-button-wrap av-ke1r0hgd-04f3f9262cd8687ab6fe65dd42db6b90-wrap avia-button-right '><a href='https:\/\/www.odonto.ufmg.br\/tcc\/wp-content\/uploads\/sites\/14\/2026\/03\/1-cronograma-de-apresetacoes-do-TCCIII_TA-atualizado2.pdf'  class='avia-button av-ke1r0hgd-04f3f9262cd8687ab6fe65dd42db6b90 av-link-btn avia-icon_select-no avia-size-large avia-position-right avia-color-theme-color'   aria-label=\"CRONOGRAMA\"><span class='avia_iconbox_title' >CRONOGRAMA<\/span><\/a><\/div><\/div>\n<div  class='av_promobox av-m9bu17m5-02cf56883530ca4aab592e004ccc0a10 avia-button-yes  avia-builder-el-2  el_after_av_promobox  el_before_av_textblock '><div class='avia-promocontent'><\/p>\n<h4><span style=\"color: #003366\">2\u00aa TURMA_TB<\/span><\/h4>\n<p>\n<\/div><div  class='avia-button-wrap av-m9bu17m5-0029a50d1f2551310fcd72937b94bb57-wrap avia-button-right '><a href='https:\/\/www.odonto.ufmg.br\/tcc\/wp-content\/uploads\/sites\/14\/2026\/03\/1-cronograma-de-apresetacoes-do-TCCIII_TB.pdf'  class='avia-button av-m9bu17m5-0029a50d1f2551310fcd72937b94bb57 av-link-btn avia-icon_select-no avia-size-large avia-position-right avia-color-theme-color'   aria-label=\"CRONOGRAMA\"><span class='avia_iconbox_title' >CRONOGRAMA<\/span><\/a><\/div><\/div>\n<section  class='av_textblock_section av-l2j4qhrm-cde9a6832cc83e4c09d65361c6d9377f '   itemscope=\"itemscope\" itemtype=\"https:\/\/schema.org\/CreativeWork\" ><div class='avia_textblock'  itemprop=\"text\" ><p><strong>AS APRESENTA\u00c7\u00d5ES ACONTECER\u00c3O EM SALA VIRTURAL UTILIZANDO O APP MICROSOFT TEAMS.<\/strong><\/p>\n<p><strong>Clique para entrar na sala:\u00a0 <span style=\"color: #339966\"><a style=\"color: #339966\" href=\"https:\/\/teams.microsoft.com\/l\/meetup-join\/19:42df76fa83354a4cbe94e5d2e08ba16d@thread.tacv2\/1710964545090?context=%7B%22Tid%22:%2264126139-4352-4cd7-b1fb-2a971c6f69a6%22,%22Oid%22:%22c424b687-d3e2-4624-a474-202013973c9c%22%7D\">Entrar na sala<\/a><\/span><\/strong><\/p>\n<\/div><\/section>\n<div  class='av_promobox av-m4hngt33-208906e1f8b9d7897938e387d3208a18 avia-button-no  avia-builder-el-4  el_after_av_textblock  el_before_av_textblock '><div class='avia-promocontent'><\/p>\n<h4><span style=\"color: #003366\"><strong>ENTREGA DO TRABALHO DE CONCLUS\u00c3O DE CURSO PARA 2026\/1<\/strong><\/span><\/h4>\n<p>\n<\/div><\/div>\n<section  class='av_textblock_section av-m4hn2pmf-3fa9fb94c2a33165bc446420ced95e57 '   itemscope=\"itemscope\" itemtype=\"https:\/\/schema.org\/CreativeWork\" ><div class='avia_textblock'  itemprop=\"text\" ><h4><\/h4>\n<ul>\n<li><strong>Crit\u00e9rios e data:\u00a0 <span style=\"color: #339966\"><a style=\"color: #339966\" href=\"https:\/\/www.odonto.ufmg.br\/tcc\/wp-content\/uploads\/sites\/14\/2025\/11\/1-Data-e-criterios-para-entrega-do-TCC_-2026_1.pdf\">Download<\/a><\/span><\/strong><\/li>\n<li><strong>Termo de Autoriza\u00e7\u00e3o para Entrega do TCC Final:\u00a0 <span style=\"color: #339966\"><a style=\"color: #339966\" href=\"https:\/\/www.odonto.ufmg.br\/tcc\/wp-content\/uploads\/sites\/14\/2025\/11\/2-Termo-de-Autorizacao-para-Entrega-do-TCC-Final-2026_1.docx\">Download<\/a><\/span><\/strong><\/li>\n<li><strong>Relat\u00f3rio de Acompanhamento e Execu\u00e7\u00e3o das Atividades Desenvolvidas no TCC:\u00a0 <span style=\"color: #339966\"><a style=\"color: #339966\" href=\"https:\/\/www.odonto.ufmg.br\/tcc\/wp-content\/uploads\/sites\/14\/2025\/11\/3-Relatorio-de-Acompanhamento-e-Execucao-das-Atividades-Desenvolvidas-no-TCC.doc\">Download<\/a><\/span><\/strong><\/li>\n<\/ul>\n<\/div><\/section>\n","protected":false},"excerpt":{"rendered":"","protected":false},"author":20,"featured_media":0,"parent":0,"menu_order":0,"comment_status":"closed","ping_status":"closed","template":"","meta":{"inline_featured_image":false,"footnotes":""},"class_list":["post-1777","page","type-page","status-publish","hentry"],"yoast_head":"<!-- This site is optimized with the Yoast SEO plugin v27.3 - https:\/\/yoast.com\/product\/yoast-seo-wordpress\/ -->\n<title>Cronogramas - Trabalho de Conclus\u00e3o de Curso<\/title>\n<meta name=\"robots\" content=\"index, follow, max-snippet:-1, max-image-preview:large, max-video-preview:-1\" \/>\n<link rel=\"canonical\" href=\"https:\/\/www.odonto.ufmg.br\/tcc\/cronogramas\/\" \/>\n<meta property=\"og:locale\" content=\"pt_BR\" \/>\n<meta property=\"og:type\" content=\"article\" \/>\n<meta property=\"og:title\" content=\"Cronogramas - Trabalho de Conclus\u00e3o de Curso\" \/>\n<meta property=\"og:url\" content=\"https:\/\/www.odonto.ufmg.br\/tcc\/cronogramas\/\" \/>\n<meta property=\"og:site_name\" content=\"Trabalho de Conclus\u00e3o de Curso\" \/>\n<meta property=\"article:publisher\" content=\"https:\/\/www.facebook.com\/faoufmg\/\" \/>\n<meta property=\"article:modified_time\" content=\"2026-03-18T18:58:17+00:00\" \/>\n<meta property=\"og:image\" content=\"https:\/\/www.odonto.ufmg.br\/tcc\/wp-content\/uploads\/sites\/14\/2016\/10\/cover.jpg\" \/>\n\t<meta property=\"og:image:width\" content=\"1500\" \/>\n\t<meta property=\"og:image:height\" content=\"410\" \/>\n\t<meta property=\"og:image:type\" content=\"image\/jpeg\" \/>\n<meta name=\"twitter:card\" content=\"summary_large_image\" \/>\n<meta name=\"twitter:label1\" content=\"Est. tempo de leitura\" \/>\n\t<meta name=\"twitter:data1\" content=\"1 minuto\" \/>\n<script type=\"application\/ld+json\" class=\"yoast-schema-graph\">{\"@context\":\"https:\\\/\\\/schema.org\",\"@graph\":[{\"@type\":\"WebPage\",\"@id\":\"https:\\\/\\\/www.odonto.ufmg.br\\\/tcc\\\/cronogramas\\\/\",\"url\":\"https:\\\/\\\/www.odonto.ufmg.br\\\/tcc\\\/cronogramas\\\/\",\"name\":\"Cronogramas - Trabalho de Conclus\u00e3o de Curso\",\"isPartOf\":{\"@id\":\"https:\\\/\\\/www.odonto.ufmg.br\\\/tcc\\\/#website\"},\"datePublished\":\"2020-08-19T19:21:11+00:00\",\"dateModified\":\"2026-03-18T18:58:17+00:00\",\"breadcrumb\":{\"@id\":\"https:\\\/\\\/www.odonto.ufmg.br\\\/tcc\\\/cronogramas\\\/#breadcrumb\"},\"inLanguage\":\"pt-BR\",\"potentialAction\":[{\"@type\":\"ReadAction\",\"target\":[\"https:\\\/\\\/www.odonto.ufmg.br\\\/tcc\\\/cronogramas\\\/\"]}]},{\"@type\":\"BreadcrumbList\",\"@id\":\"https:\\\/\\\/www.odonto.ufmg.br\\\/tcc\\\/cronogramas\\\/#breadcrumb\",\"itemListElement\":[{\"@type\":\"ListItem\",\"position\":1,\"name\":\"In\u00edcio\",\"item\":\"https:\\\/\\\/www.odonto.ufmg.br\\\/tcc\\\/inicio\\\/\"},{\"@type\":\"ListItem\",\"position\":2,\"name\":\"Cronogramas\"}]},{\"@type\":\"WebSite\",\"@id\":\"https:\\\/\\\/www.odonto.ufmg.br\\\/tcc\\\/#website\",\"url\":\"https:\\\/\\\/www.odonto.ufmg.br\\\/tcc\\\/\",\"name\":\"Trabalho de Conclus\u00e3o de Curso\",\"description\":\"S\u00f3 mais um site Faculdade de Odontologia Universidade Federal de Minas Gerais\",\"publisher\":{\"@id\":\"https:\\\/\\\/www.odonto.ufmg.br\\\/tcc\\\/#organization\"},\"potentialAction\":[{\"@type\":\"SearchAction\",\"target\":{\"@type\":\"EntryPoint\",\"urlTemplate\":\"https:\\\/\\\/www.odonto.ufmg.br\\\/tcc\\\/?s={search_term_string}\"},\"query-input\":{\"@type\":\"PropertyValueSpecification\",\"valueRequired\":true,\"valueName\":\"search_term_string\"}}],\"inLanguage\":\"pt-BR\"},{\"@type\":\"Organization\",\"@id\":\"https:\\\/\\\/www.odonto.ufmg.br\\\/tcc\\\/#organization\",\"name\":\"Faculdade de Odontologia da UFMG\",\"url\":\"https:\\\/\\\/www.odonto.ufmg.br\\\/tcc\\\/\",\"logo\":{\"@type\":\"ImageObject\",\"inLanguage\":\"pt-BR\",\"@id\":\"https:\\\/\\\/www.odonto.ufmg.br\\\/tcc\\\/#\\\/schema\\\/logo\\\/image\\\/\",\"url\":\"https:\\\/\\\/www.odonto.ufmg.br\\\/tcc\\\/wp-content\\\/uploads\\\/sites\\\/14\\\/2016\\\/10\\\/tcc-logo.svg\",\"contentUrl\":\"https:\\\/\\\/www.odonto.ufmg.br\\\/tcc\\\/wp-content\\\/uploads\\\/sites\\\/14\\\/2016\\\/10\\\/tcc-logo.svg\",\"width\":1,\"height\":1,\"caption\":\"Faculdade de Odontologia da UFMG\"},\"image\":{\"@id\":\"https:\\\/\\\/www.odonto.ufmg.br\\\/tcc\\\/#\\\/schema\\\/logo\\\/image\\\/\"},\"sameAs\":[\"https:\\\/\\\/www.facebook.com\\\/faoufmg\\\/\"]}]}<\/script>\n<!-- \/ Yoast SEO plugin. -->","yoast_head_json":{"title":"Cronogramas - Trabalho de Conclus\u00e3o de Curso","robots":{"index":"index","follow":"follow","max-snippet":"max-snippet:-1","max-image-preview":"max-image-preview:large","max-video-preview":"max-video-preview:-1"},"canonical":"https:\/\/www.odonto.ufmg.br\/tcc\/cronogramas\/","og_locale":"pt_BR","og_type":"article","og_title":"Cronogramas - Trabalho de Conclus\u00e3o de Curso","og_url":"https:\/\/www.odonto.ufmg.br\/tcc\/cronogramas\/","og_site_name":"Trabalho de Conclus\u00e3o de Curso","article_publisher":"https:\/\/www.facebook.com\/faoufmg\/","article_modified_time":"2026-03-18T18:58:17+00:00","og_image":[{"width":1500,"height":410,"url":"https:\/\/www.odonto.ufmg.br\/tcc\/wp-content\/uploads\/sites\/14\/2016\/10\/cover.jpg","type":"image\/jpeg"}],"twitter_card":"summary_large_image","twitter_misc":{"Est. tempo de leitura":"1 minuto"},"schema":{"@context":"https:\/\/schema.org","@graph":[{"@type":"WebPage","@id":"https:\/\/www.odonto.ufmg.br\/tcc\/cronogramas\/","url":"https:\/\/www.odonto.ufmg.br\/tcc\/cronogramas\/","name":"Cronogramas - Trabalho de Conclus\u00e3o de Curso","isPartOf":{"@id":"https:\/\/www.odonto.ufmg.br\/tcc\/#website"},"datePublished":"2020-08-19T19:21:11+00:00","dateModified":"2026-03-18T18:58:17+00:00","breadcrumb":{"@id":"https:\/\/www.odonto.ufmg.br\/tcc\/cronogramas\/#breadcrumb"},"inLanguage":"pt-BR","potentialAction":[{"@type":"ReadAction","target":["https:\/\/www.odonto.ufmg.br\/tcc\/cronogramas\/"]}]},{"@type":"BreadcrumbList","@id":"https:\/\/www.odonto.ufmg.br\/tcc\/cronogramas\/#breadcrumb","itemListElement":[{"@type":"ListItem","position":1,"name":"In\u00edcio","item":"https:\/\/www.odonto.ufmg.br\/tcc\/inicio\/"},{"@type":"ListItem","position":2,"name":"Cronogramas"}]},{"@type":"WebSite","@id":"https:\/\/www.odonto.ufmg.br\/tcc\/#website","url":"https:\/\/www.odonto.ufmg.br\/tcc\/","name":"Trabalho de Conclus\u00e3o de Curso","description":"S\u00f3 mais um site Faculdade de Odontologia Universidade Federal de Minas Gerais","publisher":{"@id":"https:\/\/www.odonto.ufmg.br\/tcc\/#organization"},"potentialAction":[{"@type":"SearchAction","target":{"@type":"EntryPoint","urlTemplate":"https:\/\/www.odonto.ufmg.br\/tcc\/?s={search_term_string}"},"query-input":{"@type":"PropertyValueSpecification","valueRequired":true,"valueName":"search_term_string"}}],"inLanguage":"pt-BR"},{"@type":"Organization","@id":"https:\/\/www.odonto.ufmg.br\/tcc\/#organization","name":"Faculdade de Odontologia da UFMG","url":"https:\/\/www.odonto.ufmg.br\/tcc\/","logo":{"@type":"ImageObject","inLanguage":"pt-BR","@id":"https:\/\/www.odonto.ufmg.br\/tcc\/#\/schema\/logo\/image\/","url":"https:\/\/www.odonto.ufmg.br\/tcc\/wp-content\/uploads\/sites\/14\/2016\/10\/tcc-logo.svg","contentUrl":"https:\/\/www.odonto.ufmg.br\/tcc\/wp-content\/uploads\/sites\/14\/2016\/10\/tcc-logo.svg","width":1,"height":1,"caption":"Faculdade de Odontologia da UFMG"},"image":{"@id":"https:\/\/www.odonto.ufmg.br\/tcc\/#\/schema\/logo\/image\/"},"sameAs":["https:\/\/www.facebook.com\/faoufmg\/"]}]}},"_links":{"self":[{"href":"https:\/\/www.odonto.ufmg.br\/tcc\/wp-json\/wp\/v2\/pages\/1777","targetHints":{"allow":["GET"]}}],"collection":[{"href":"https:\/\/www.odonto.ufmg.br\/tcc\/wp-json\/wp\/v2\/pages"}],"about":[{"href":"https:\/\/www.odonto.ufmg.br\/tcc\/wp-json\/wp\/v2\/types\/page"}],"author":[{"embeddable":true,"href":"https:\/\/www.odonto.ufmg.br\/tcc\/wp-json\/wp\/v2\/users\/20"}],"replies":[{"embeddable":true,"href":"https:\/\/www.odonto.ufmg.br\/tcc\/wp-json\/wp\/v2\/comments?post=1777"}],"version-history":[{"count":66,"href":"https:\/\/www.odonto.ufmg.br\/tcc\/wp-json\/wp\/v2\/pages\/1777\/revisions"}],"predecessor-version":[{"id":2108,"href":"https:\/\/www.odonto.ufmg.br\/tcc\/wp-json\/wp\/v2\/pages\/1777\/revisions\/2108"}],"wp:attachment":[{"href":"https:\/\/www.odonto.ufmg.br\/tcc\/wp-json\/wp\/v2\/media?parent=1777"}],"curies":[{"name":"wp","href":"https:\/\/api.w.org\/{rel}","templated":true}]}}