{"id":1036,"date":"2016-10-10T10:19:10","date_gmt":"2016-10-10T13:19:10","guid":{"rendered":"https:\/\/www.odonto.ufmg.br\/tcc\/?page_id=1036"},"modified":"2016-10-10T10:19:19","modified_gmt":"2016-10-10T13:19:19","slug":"sobre-o-guia","status":"publish","type":"page","link":"https:\/\/www.odonto.ufmg.br\/tcc\/guia-do-tcc\/sobre-o-guia\/","title":{"rendered":"Sobre o Guia"},"content":{"rendered":"<div id='full_slider_1'  class='avia-fullwidth-slider main_color avia-shadow   avia-builder-el-0  el_before_av_testimonials  avia-builder-el-first   container_wrap sidebar_left'  >\n<style type=\"text\/css\" data-created_by=\"avia_inline_auto\" id=\"style-css-av-av_slideshow_full-7c89eef234b705e7a4d2de62d66c7ebb\">\n#top #wrap_all .avia-slideshow .av-slideshow-caption.av-av_slideshow_full-7c89eef234b705e7a4d2de62d66c7ebb__0 .avia-caption-title{\nfont-size:30px;\n}\n#top .avia-slideshow .av-slideshow-caption.av-av_slideshow_full-7c89eef234b705e7a4d2de62d66c7ebb__0 .avia-caption-content{\nfont-size:27px;\n}\n#top .avia-slideshow .av-slideshow-caption.av-av_slideshow_full-7c89eef234b705e7a4d2de62d66c7ebb__0 .avia-caption-content p{\nfont-size:27px;\n}\n<\/style>\n<div  class='avia-slideshow av-av_slideshow_full-7c89eef234b705e7a4d2de62d66c7ebb avia-slideshow-no scaling av_slideshow_full avia-slide-slider av-slideshow-ui av-control-default av-slideshow-manual av-loop-once av-loop-manual-endless av-default-height-applied   avia-slideshow-1' data-slideshow-options=\"{&quot;animation&quot;:&quot;slide&quot;,&quot;autoplay&quot;:false,&quot;loop_autoplay&quot;:&quot;once&quot;,&quot;interval&quot;:5,&quot;loop_manual&quot;:&quot;manual-endless&quot;,&quot;autoplay_stopper&quot;:false,&quot;noNavigation&quot;:false,&quot;bg_slider&quot;:false,&quot;keep_padding&quot;:false,&quot;hoverpause&quot;:false,&quot;show_slide_delay&quot;:0}\"  itemprop=\"image\" itemscope=\"itemscope\" itemtype=\"https:\/\/schema.org\/ImageObject\" ><ul class='avia-slideshow-inner ' style='padding-bottom: 24%;'><li  class='avia-slideshow-slide av-av_slideshow_full-7c89eef234b705e7a4d2de62d66c7ebb__0  av-single-slide slide-1 slide-odd'><div data-rel='slideshow-1' class='avia-slide-wrap '   ><div class='av-slideshow-caption av-av_slideshow_full-7c89eef234b705e7a4d2de62d66c7ebb__0 caption_fullwidth caption_bottom caption_bottom_framed caption_framed'><div class=\"container caption_container\"><div class=\"slideshow_caption\"><div class=\"slideshow_inner_caption\"><div class=\"slideshow_align_caption\"><h2 class='avia-caption-title '  itemprop=\"name\" >TCC<\/h2><div class='avia-caption-content '  itemprop=\"description\" ><p>Trabalho de Conclus\u00e3o de Curso<\/p>\n<\/div><\/div><\/div><\/div><\/div><\/div><img fetchpriority=\"high\" class=\"wp-image-705 avia-img-lazy-loading-not-705\"  src='https:\/\/www.odonto.ufmg.br\/tcc\/wp-content\/uploads\/sites\/14\/2016\/10\/cover01.jpg' width='1500' height='360' title='cover01' alt=''  itemprop=\"thumbnailUrl\"   \/><div class='av-section-color-overlay' style='opacity: 0.5; background-color: #000000; '><\/div><\/div><\/li><\/ul><\/div><\/div><div id='after_full_slider_1'  class='main_color av_default_container_wrap container_wrap sidebar_left'  ><div class='container av-section-cont-open' ><div class='template-page content  av-content-small units'><div class='post-entry post-entry-type-page post-entry-1036'><div class='entry-content-wrapper clearfix'>\n<div  class='avia-testimonial-wrapper av-av_testimonials-dfdcbe2bbda75220796248d01d289b52 avia-grid-testimonials avia-grid-1-testimonials avia_animate_when_almost_visible' >\n<section class=\"avia-testimonial-row\"><div class='avia-testimonial av-av_testimonial_single-13bff7db215f18a337135500aaf5c5de avia-testimonial-row-1 avia-first-testimonial flex_column no_margin av_one_full'><div class='avia-testimonial_inner'  itemscope=\"itemscope\" itemtype=\"https:\/\/schema.org\/CreativeWork\" ><div class='avia-testimonial-image'  itemprop=\"image\" ><img decoding=\"async\" width=\"180\" height=\"180\" src=\"https:\/\/www.odonto.ufmg.br\/tcc\/wp-content\/uploads\/sites\/14\/2016\/10\/raphaela-180x180.jpg\" class=\"attachment-square size-square\" alt=\"\" \/><\/div><div class='avia-testimonial-content '><div class='avia-testimonial-markup-entry-content'  itemprop=\"text\" ><p>Lembro-me claramente quando o Trabalho de Conclus\u00e3o de Curso (TCC) foi introduzido na Faculdade de Odontologia da UFMG: novas atividades e caminhos e, sobretudo, grandes desafios. Professores e alunos inseridos em um contexto diferente do habitual. Isso aconteceu com a transi\u00e7\u00e3o curricular, em 2013\/2 e os alunos n\u00e3o compreendiam muito bem o que estava por vir. Mas, logo ficamos sabendo que seriam tr\u00eas disciplinas. N\u00e3o \u00e9 coisa demais? Agora ao finalizar o percurso, eu pude entender melhor e acho que n\u00e3o foi coisa demais, foi produtivo e permitiu o desenvolvimento do TCC com qualidade e tempo.<\/p>\n<p>Inicialmente, na disciplina TCC I, no segundo per\u00edodo, n\u00f3s podemos aprender os conceitos b\u00e1sicos da metodologia cient\u00edfica, que servem tamb\u00e9m para outras disciplinas. Na disciplina de TCC II, os alunos definem seus temas juntos aos professores orientadores, realizam diversas atividades no sistema da UFMG (o Moodle), que auxiliam na constru\u00e7\u00e3o do projeto de TCC e futuramente no TCC final. Depois de apresentar o projeto, cada aluno ter\u00e1 mais tr\u00eas semestres para desenvolver o TCC e entreg\u00e1-lo na disciplina de TCC III. A partir daqui todos come\u00e7aram suas buscas por fontes que pudessem auxiliar na descoberta de um cen\u00e1rio antes inexistente.<\/p>\n<p>Em algum momento neste percurso, eu tive acesso ao Guia do TCC; um material novo, que eu n\u00e3o sabia usar, mas que precisava ser manuseado e entendido, pois seria necess\u00e1rio, j\u00e1 que tem como objetivo auxiliar os estudantes e orientadores durante o desenvolvimento dos trabalhos de conclus\u00e3o de curso. Eu usei o guia do TCC, ele foi \u00fatil e contribuiu, em muitos momentos para o desenvolvimento do meu TCC. Ent\u00e3o, vou falar um pouco dele para voc\u00eas. Sugiro que o utilizem, pois, muitas d\u00favidas ser\u00e3o respondidas se voc\u00ea o consultar.<\/p>\n<p>O guia segue uma ordem l\u00f3gica e cronol\u00f3gica. No primeiro cap\u00edtulo, s\u00e3o apresentadas as ementas das disciplinas de TCC (TCC I, II e III), que s\u00e3o ofertadas no 2<sup>0<\/sup>, 6<sup>0 <\/sup>e 10<sup>0<\/sup> per\u00edodos, descri\u00e7\u00e3o do TCC na Faculdade de Odontologia da UFMG, quais os poss\u00edveis tipos e modalidades de TCC, sua organiza\u00e7\u00e3o e objetivos.<\/p>\n<p>No cap\u00edtulo 2, denominado \u201cTCC: procedimentos para a defini\u00e7\u00e3o do professor orientador, entrega e avalia\u00e7\u00e3o do projeto de TCC\u201d, h\u00e1 uma descri\u00e7\u00e3o detalhada dos procedimentos para escolha do professor orientador, como ocorre a formaliza\u00e7\u00e3o da orienta\u00e7\u00e3o e quais documentos s\u00e3o necess\u00e1rios nesse processo. Tamb\u00e9m s\u00e3o apresentados os formul\u00e1rios necess\u00e1rios para a entrega do projeto de TCC e tamb\u00e9m os documentos utilizados para a avalia\u00e7\u00e3o do trabalho escrito e apresenta\u00e7\u00e3o oral do projeto de TCC<\/p>\n<p>No pr\u00f3ximo cap\u00edtulo, foi descrita a estrutura dos projetos de TCC, quais as partes que o comp\u00f5em e o que deve ser desenvolvido na introdu\u00e7\u00e3o, objetivos e metodologia. Para a metodologia, h\u00e1 quatro <em>check list <\/em>que contribuem muito para entender quais informa\u00e7\u00f5es s\u00e3o necess\u00e1rias para cada tipo de TCC: revis\u00e3o de literatura, relato de caso, s\u00e9rie de casos e pesquisa. Tamb\u00e9m h\u00e1 um modelo de cronograma de atividades. Neste cap\u00edtulo, tamb\u00e9m sempre precisamos consultar os exemplos para formata\u00e7\u00e3o de refer\u00eancias!<\/p>\n<p>Em \u201cDesenvolvimento do TCC: registro das atividades realizadas\u201d, \u00e9 importante estarmos atentos ao relat\u00f3rio de registro de atividades, que \u00e9 da responsabilidade do estudante e que precisa ser apresentado ao final, quando o TCC for entregue ao Colegiado de Gradua\u00e7\u00e3o. Aten\u00e7\u00e3o tamb\u00e9m \u00e0s orienta\u00e7\u00f5es para substitui\u00e7\u00e3o de professor orientador.<\/p>\n<p>No cap\u00edtulo 5, h\u00e1 um quadro com a estrutura para cada tipo de TCC quando optamos pela modalidade monografia ou apresenta\u00e7\u00e3o na forma de artigo. O pr\u00f3ximo cap\u00edtulo apresenta as normas gerais de apresenta\u00e7\u00e3o gr\u00e1fica do TCC (tamanho do papel, margem, fonte, etc), que se aplicam tanto ao projeto de TCC quanto ao TCC final. Nesse cap\u00edtulo, h\u00e1 exemplos de formata\u00e7\u00e3o de cita\u00e7\u00f5es que devemos seguir para redigir o nosso TCC.<\/p>\n<p>Em seguida, h\u00e1 a orienta\u00e7\u00e3o para a apresenta\u00e7\u00e3o oral do TCC: tempo de apresenta\u00e7\u00e3o, composi\u00e7\u00e3o da banca. H\u00e1 um fluxograma que descreve detalhadamente como ser\u00e1 o processo de avalia\u00e7\u00e3o do TCC escrito e oral, inclusive com os formul\u00e1rios empregados pelos professores para avaliar o nosso trabalho. Muito bom conhecer previamente quais os crit\u00e9rios ser\u00e3o empregados para avalia\u00e7\u00e3o do nosso trabalho.<\/p>\n<p>Procure sempre seguir esse percurso em constante contato com seu orientador e busque o melhor para a finaliza\u00e7\u00e3o do seu TCC com muito sucesso. Fiquei muito feliz no dia da apresenta\u00e7\u00e3o e aprova\u00e7\u00e3o do meu TCC, me senti realizada e preparada para novos desafios. Eu espero que voc\u00eas aproveitem o Guia como aconteceu comigo. Eu penso que este Guia n\u00e3o solucionar\u00e1 todas as quest\u00f5es envolvidas na constru\u00e7\u00e3o dos trabalhos, mas ser\u00e1 capaz de nortear os seus leitores de forma clara e concisa, aproximando-os desse universo cient\u00edfico. Tenho certeza que esse material foi desenvolvido com muito cuidado e com objetivo de tentar tornar nossa jornada mais produtiva, resultando em um TCC com alta qualidade.<\/p>\n<\/div><\/div><div class=\"avia-testimonial-meta\"><div class=\"avia-testimonial-arrow-wrap\"><div class=\"avia-arrow\"><\/div><\/div><div class='avia-testimonial-meta-mini'  itemprop=\"author\" itemscope=\"itemscope\" itemtype=\"https:\/\/schema.org\/Person\" ><strong  class='avia-testimonial-name'  itemprop=\"name\" >Raphaela Alvarenga Braga de Freitas<\/strong><span  class='avia-testimonial-subtitle '  itemprop=\"jobTitle\" >Estudante do 10\u00ba per\u00edodo do curso de gradua\u00e7\u00e3o da FOUFMG<\/span><\/div><\/div><\/div><\/div><\/section>\n<\/div>\n","protected":false},"excerpt":{"rendered":"","protected":false},"author":5,"featured_media":0,"parent":844,"menu_order":0,"comment_status":"closed","ping_status":"closed","template":"","meta":{"inline_featured_image":false,"footnotes":""},"class_list":["post-1036","page","type-page","status-publish","hentry"],"yoast_head":"<!-- This site is optimized with the Yoast SEO plugin v27.3 - https:\/\/yoast.com\/product\/yoast-seo-wordpress\/ -->\n<title>Sobre o Guia - Trabalho de Conclus\u00e3o de Curso<\/title>\n<meta name=\"robots\" content=\"index, follow, max-snippet:-1, max-image-preview:large, max-video-preview:-1\" \/>\n<link rel=\"canonical\" href=\"https:\/\/www.odonto.ufmg.br\/tcc\/guia-do-tcc\/sobre-o-guia\/\" \/>\n<meta property=\"og:locale\" content=\"pt_BR\" \/>\n<meta property=\"og:type\" content=\"article\" \/>\n<meta property=\"og:title\" content=\"Sobre o Guia - Trabalho de Conclus\u00e3o de Curso\" \/>\n<meta property=\"og:url\" content=\"https:\/\/www.odonto.ufmg.br\/tcc\/guia-do-tcc\/sobre-o-guia\/\" \/>\n<meta property=\"og:site_name\" content=\"Trabalho de Conclus\u00e3o de Curso\" \/>\n<meta property=\"article:publisher\" content=\"https:\/\/www.facebook.com\/faoufmg\/\" \/>\n<meta property=\"article:modified_time\" content=\"2016-10-10T13:19:19+00:00\" \/>\n<meta property=\"og:image\" content=\"https:\/\/www.odonto.ufmg.br\/tcc\/wp-content\/uploads\/sites\/14\/2016\/10\/cover.jpg\" \/>\n\t<meta property=\"og:image:width\" content=\"1500\" \/>\n\t<meta property=\"og:image:height\" content=\"410\" \/>\n\t<meta property=\"og:image:type\" content=\"image\/jpeg\" \/>\n<meta name=\"twitter:card\" content=\"summary_large_image\" \/>\n<meta name=\"twitter:label1\" content=\"Est. tempo de leitura\" \/>\n\t<meta name=\"twitter:data1\" content=\"5 minutos\" \/>\n<script type=\"application\/ld+json\" class=\"yoast-schema-graph\">{\"@context\":\"https:\\\/\\\/schema.org\",\"@graph\":[{\"@type\":\"WebPage\",\"@id\":\"https:\\\/\\\/www.odonto.ufmg.br\\\/tcc\\\/guia-do-tcc\\\/sobre-o-guia\\\/\",\"url\":\"https:\\\/\\\/www.odonto.ufmg.br\\\/tcc\\\/guia-do-tcc\\\/sobre-o-guia\\\/\",\"name\":\"Sobre o Guia - Trabalho de Conclus\u00e3o de Curso\",\"isPartOf\":{\"@id\":\"https:\\\/\\\/www.odonto.ufmg.br\\\/tcc\\\/#website\"},\"datePublished\":\"2016-10-10T13:19:10+00:00\",\"dateModified\":\"2016-10-10T13:19:19+00:00\",\"breadcrumb\":{\"@id\":\"https:\\\/\\\/www.odonto.ufmg.br\\\/tcc\\\/guia-do-tcc\\\/sobre-o-guia\\\/#breadcrumb\"},\"inLanguage\":\"pt-BR\",\"potentialAction\":[{\"@type\":\"ReadAction\",\"target\":[\"https:\\\/\\\/www.odonto.ufmg.br\\\/tcc\\\/guia-do-tcc\\\/sobre-o-guia\\\/\"]}]},{\"@type\":\"BreadcrumbList\",\"@id\":\"https:\\\/\\\/www.odonto.ufmg.br\\\/tcc\\\/guia-do-tcc\\\/sobre-o-guia\\\/#breadcrumb\",\"itemListElement\":[{\"@type\":\"ListItem\",\"position\":1,\"name\":\"In\u00edcio\",\"item\":\"https:\\\/\\\/www.odonto.ufmg.br\\\/tcc\\\/inicio\\\/\"},{\"@type\":\"ListItem\",\"position\":2,\"name\":\"Guia do TCC\",\"item\":\"https:\\\/\\\/www.odonto.ufmg.br\\\/tcc\\\/guia-do-tcc\\\/\"},{\"@type\":\"ListItem\",\"position\":3,\"name\":\"Sobre o Guia\"}]},{\"@type\":\"WebSite\",\"@id\":\"https:\\\/\\\/www.odonto.ufmg.br\\\/tcc\\\/#website\",\"url\":\"https:\\\/\\\/www.odonto.ufmg.br\\\/tcc\\\/\",\"name\":\"Trabalho de Conclus\u00e3o de Curso\",\"description\":\"S\u00f3 mais um site Faculdade de Odontologia Universidade Federal de Minas Gerais\",\"publisher\":{\"@id\":\"https:\\\/\\\/www.odonto.ufmg.br\\\/tcc\\\/#organization\"},\"potentialAction\":[{\"@type\":\"SearchAction\",\"target\":{\"@type\":\"EntryPoint\",\"urlTemplate\":\"https:\\\/\\\/www.odonto.ufmg.br\\\/tcc\\\/?s={search_term_string}\"},\"query-input\":{\"@type\":\"PropertyValueSpecification\",\"valueRequired\":true,\"valueName\":\"search_term_string\"}}],\"inLanguage\":\"pt-BR\"},{\"@type\":\"Organization\",\"@id\":\"https:\\\/\\\/www.odonto.ufmg.br\\\/tcc\\\/#organization\",\"name\":\"Faculdade de Odontologia da UFMG\",\"url\":\"https:\\\/\\\/www.odonto.ufmg.br\\\/tcc\\\/\",\"logo\":{\"@type\":\"ImageObject\",\"inLanguage\":\"pt-BR\",\"@id\":\"https:\\\/\\\/www.odonto.ufmg.br\\\/tcc\\\/#\\\/schema\\\/logo\\\/image\\\/\",\"url\":\"https:\\\/\\\/www.odonto.ufmg.br\\\/tcc\\\/wp-content\\\/uploads\\\/sites\\\/14\\\/2016\\\/10\\\/tcc-logo.svg\",\"contentUrl\":\"https:\\\/\\\/www.odonto.ufmg.br\\\/tcc\\\/wp-content\\\/uploads\\\/sites\\\/14\\\/2016\\\/10\\\/tcc-logo.svg\",\"width\":1,\"height\":1,\"caption\":\"Faculdade de Odontologia da UFMG\"},\"image\":{\"@id\":\"https:\\\/\\\/www.odonto.ufmg.br\\\/tcc\\\/#\\\/schema\\\/logo\\\/image\\\/\"},\"sameAs\":[\"https:\\\/\\\/www.facebook.com\\\/faoufmg\\\/\"]}]}<\/script>\n<!-- \/ Yoast SEO plugin. -->","yoast_head_json":{"title":"Sobre o Guia - Trabalho de Conclus\u00e3o de Curso","robots":{"index":"index","follow":"follow","max-snippet":"max-snippet:-1","max-image-preview":"max-image-preview:large","max-video-preview":"max-video-preview:-1"},"canonical":"https:\/\/www.odonto.ufmg.br\/tcc\/guia-do-tcc\/sobre-o-guia\/","og_locale":"pt_BR","og_type":"article","og_title":"Sobre o Guia - Trabalho de Conclus\u00e3o de Curso","og_url":"https:\/\/www.odonto.ufmg.br\/tcc\/guia-do-tcc\/sobre-o-guia\/","og_site_name":"Trabalho de Conclus\u00e3o de Curso","article_publisher":"https:\/\/www.facebook.com\/faoufmg\/","article_modified_time":"2016-10-10T13:19:19+00:00","og_image":[{"width":1500,"height":410,"url":"https:\/\/www.odonto.ufmg.br\/tcc\/wp-content\/uploads\/sites\/14\/2016\/10\/cover.jpg","type":"image\/jpeg"}],"twitter_card":"summary_large_image","twitter_misc":{"Est. tempo de leitura":"5 minutos"},"schema":{"@context":"https:\/\/schema.org","@graph":[{"@type":"WebPage","@id":"https:\/\/www.odonto.ufmg.br\/tcc\/guia-do-tcc\/sobre-o-guia\/","url":"https:\/\/www.odonto.ufmg.br\/tcc\/guia-do-tcc\/sobre-o-guia\/","name":"Sobre o Guia - Trabalho de Conclus\u00e3o de Curso","isPartOf":{"@id":"https:\/\/www.odonto.ufmg.br\/tcc\/#website"},"datePublished":"2016-10-10T13:19:10+00:00","dateModified":"2016-10-10T13:19:19+00:00","breadcrumb":{"@id":"https:\/\/www.odonto.ufmg.br\/tcc\/guia-do-tcc\/sobre-o-guia\/#breadcrumb"},"inLanguage":"pt-BR","potentialAction":[{"@type":"ReadAction","target":["https:\/\/www.odonto.ufmg.br\/tcc\/guia-do-tcc\/sobre-o-guia\/"]}]},{"@type":"BreadcrumbList","@id":"https:\/\/www.odonto.ufmg.br\/tcc\/guia-do-tcc\/sobre-o-guia\/#breadcrumb","itemListElement":[{"@type":"ListItem","position":1,"name":"In\u00edcio","item":"https:\/\/www.odonto.ufmg.br\/tcc\/inicio\/"},{"@type":"ListItem","position":2,"name":"Guia do TCC","item":"https:\/\/www.odonto.ufmg.br\/tcc\/guia-do-tcc\/"},{"@type":"ListItem","position":3,"name":"Sobre o Guia"}]},{"@type":"WebSite","@id":"https:\/\/www.odonto.ufmg.br\/tcc\/#website","url":"https:\/\/www.odonto.ufmg.br\/tcc\/","name":"Trabalho de Conclus\u00e3o de Curso","description":"S\u00f3 mais um site Faculdade de Odontologia Universidade Federal de Minas Gerais","publisher":{"@id":"https:\/\/www.odonto.ufmg.br\/tcc\/#organization"},"potentialAction":[{"@type":"SearchAction","target":{"@type":"EntryPoint","urlTemplate":"https:\/\/www.odonto.ufmg.br\/tcc\/?s={search_term_string}"},"query-input":{"@type":"PropertyValueSpecification","valueRequired":true,"valueName":"search_term_string"}}],"inLanguage":"pt-BR"},{"@type":"Organization","@id":"https:\/\/www.odonto.ufmg.br\/tcc\/#organization","name":"Faculdade de Odontologia da UFMG","url":"https:\/\/www.odonto.ufmg.br\/tcc\/","logo":{"@type":"ImageObject","inLanguage":"pt-BR","@id":"https:\/\/www.odonto.ufmg.br\/tcc\/#\/schema\/logo\/image\/","url":"https:\/\/www.odonto.ufmg.br\/tcc\/wp-content\/uploads\/sites\/14\/2016\/10\/tcc-logo.svg","contentUrl":"https:\/\/www.odonto.ufmg.br\/tcc\/wp-content\/uploads\/sites\/14\/2016\/10\/tcc-logo.svg","width":1,"height":1,"caption":"Faculdade de Odontologia da UFMG"},"image":{"@id":"https:\/\/www.odonto.ufmg.br\/tcc\/#\/schema\/logo\/image\/"},"sameAs":["https:\/\/www.facebook.com\/faoufmg\/"]}]}},"_links":{"self":[{"href":"https:\/\/www.odonto.ufmg.br\/tcc\/wp-json\/wp\/v2\/pages\/1036","targetHints":{"allow":["GET"]}}],"collection":[{"href":"https:\/\/www.odonto.ufmg.br\/tcc\/wp-json\/wp\/v2\/pages"}],"about":[{"href":"https:\/\/www.odonto.ufmg.br\/tcc\/wp-json\/wp\/v2\/types\/page"}],"author":[{"embeddable":true,"href":"https:\/\/www.odonto.ufmg.br\/tcc\/wp-json\/wp\/v2\/users\/5"}],"replies":[{"embeddable":true,"href":"https:\/\/www.odonto.ufmg.br\/tcc\/wp-json\/wp\/v2\/comments?post=1036"}],"version-history":[{"count":2,"href":"https:\/\/www.odonto.ufmg.br\/tcc\/wp-json\/wp\/v2\/pages\/1036\/revisions"}],"predecessor-version":[{"id":1039,"href":"https:\/\/www.odonto.ufmg.br\/tcc\/wp-json\/wp\/v2\/pages\/1036\/revisions\/1039"}],"up":[{"embeddable":true,"href":"https:\/\/www.odonto.ufmg.br\/tcc\/wp-json\/wp\/v2\/pages\/844"}],"wp:attachment":[{"href":"https:\/\/www.odonto.ufmg.br\/tcc\/wp-json\/wp\/v2\/media?parent=1036"}],"curies":[{"name":"wp","href":"https:\/\/api.w.org\/{rel}","templated":true}]}}