{"id":963,"date":"2016-07-27T16:07:51","date_gmt":"2016-07-27T16:07:51","guid":{"rendered":"https:\/\/www.odonto.ufmg.br\/opo\/?page_id=963"},"modified":"2016-10-26T07:31:31","modified_gmt":"2016-10-26T10:31:31","slug":"editais","status":"publish","type":"page","link":"https:\/\/www.odonto.ufmg.br\/sca\/documentos\/editais\/","title":{"rendered":"Editais"},"content":{"rendered":"\n<style type=\"text\/css\" data-created_by=\"avia_inline_auto\" id=\"style-css-av-av_one_full-6126cab7d8fab8d08143dd2dacdf673c\">\n.flex_column.av-av_one_full-6126cab7d8fab8d08143dd2dacdf673c{\nborder-radius:0px 0px 0px 0px;\npadding:0px 0px 0px 0px;\n}\n<\/style>\n<div  class='flex_column av-av_one_full-6126cab7d8fab8d08143dd2dacdf673c av_one_full  avia-builder-el-0  el_before_av_magazine  avia-builder-el-first  first flex_column_div av-zero-column-padding  '     ><style type=\"text\/css\" data-created_by=\"avia_inline_auto\" id=\"style-css-av-av_heading-21e177a8cc5e31e6a7fc5987934c7da9\">\n#top .av-special-heading.av-av_heading-21e177a8cc5e31e6a7fc5987934c7da9{\npadding-bottom:10px;\nfont-size:25px;\n}\nbody .av-special-heading.av-av_heading-21e177a8cc5e31e6a7fc5987934c7da9 .av-special-heading-tag .heading-char{\nfont-size:25px;\n}\n#top #wrap_all .av-special-heading.av-av_heading-21e177a8cc5e31e6a7fc5987934c7da9 .av-special-heading-tag{\nfont-size:25px;\n}\n.av-special-heading.av-av_heading-21e177a8cc5e31e6a7fc5987934c7da9 .av-subheading{\nfont-size:15px;\n}\n\n@media only screen and (min-width: 480px) and (max-width: 767px){ \n#top #wrap_all .av-special-heading.av-av_heading-21e177a8cc5e31e6a7fc5987934c7da9 .av-special-heading-tag{\nfont-size:0.8em;\n}\n}\n\n@media only screen and (max-width: 479px){ \n#top #wrap_all .av-special-heading.av-av_heading-21e177a8cc5e31e6a7fc5987934c7da9 .av-special-heading-tag{\nfont-size:0.8em;\n}\n}\n<\/style>\n<div  class='av-special-heading av-av_heading-21e177a8cc5e31e6a7fc5987934c7da9 av-special-heading-h3 blockquote modern-quote  avia-builder-el-1  avia-builder-el-no-sibling  av-inherit-size'><h3 class='av-special-heading-tag '  itemprop=\"headline\"  >Editais<\/h3><div class=\"special-heading-border\"><div class=\"special-heading-inner-border\"><\/div><\/div><\/div><\/div><div  id=\"avia-magazine-1\"  class='av-magazine av-av_magazine-3c24ae4af5d73f270724a16c2f43da6c av-magazine-top-bar-active av-magazine-tabs-active  avia-builder-el-2  el_after_av_one_full  avia-builder-el-last   avia-builder-el-2  el_after_av_one_full  avia-builder-el-last ' ><div class='av-magazine-top-bar '><\/div><div class='av-magazine-group sort_all'><article class='av-magazine-entry av-magazine-entry-id-4238 av-magazine-format-standard av-magazine-type-post av-magazine-entry-1 av-magazine-entry-small '  itemscope=\"itemscope\" itemtype=\"https:\/\/schema.org\/CreativeWork\" ><div class=\"av-magazine-thumbnail\"><a href='https:\/\/www.odonto.ufmg.br\/sca\/documentos\/publicado-edital-no-4-2025-pmg-sca\/' title='Link to: Publicado edital n\u00ba 4\/2025 PMG\/SCA' class='av-magazine-thumbnail-link'><img decoding=\"async\" fetchpriority=\"high\" width=\"80\" height=\"80\" src=\"https:\/\/www.odonto.ufmg.br\/sca\/wp-content\/uploads\/sites\/6\/2019\/06\/vista-superior-do-teclado-rosa-com-copyspace_23-2148198135-80x80.jpg\" class=\"wp-image-2053 avia-img-lazy-loading-not-2053 attachment-thumbnail size-thumbnail wp-post-image\" alt=\"\" srcset=\"https:\/\/www.odonto.ufmg.br\/sca\/wp-content\/uploads\/sites\/6\/2019\/06\/vista-superior-do-teclado-rosa-com-copyspace_23-2148198135-80x80.jpg 80w, https:\/\/www.odonto.ufmg.br\/sca\/wp-content\/uploads\/sites\/6\/2019\/06\/vista-superior-do-teclado-rosa-com-copyspace_23-2148198135-36x36.jpg 36w, https:\/\/www.odonto.ufmg.br\/sca\/wp-content\/uploads\/sites\/6\/2019\/06\/vista-superior-do-teclado-rosa-com-copyspace_23-2148198135-180x180.jpg 180w, https:\/\/www.odonto.ufmg.br\/sca\/wp-content\/uploads\/sites\/6\/2019\/06\/vista-superior-do-teclado-rosa-com-copyspace_23-2148198135-120x120.jpg 120w\" sizes=\"(max-width: 80px) 100vw, 80px\" \/><\/a><\/div><div class=\"av-magazine-content-wrap\"><header class=\"entry-content-header\" aria-label=\"Post: Publicado edital n\u00ba 4\/2025 PMG\/SCA\"><time class='av-magazine-time updated'  itemprop=\"datePublished\" datetime=\"2025-08-07T11:33:38-03:00\" >7 de agosto de 2025<\/time><h3 class='av-magazine-title entry-title '  itemprop=\"headline\" ><a href='https:\/\/www.odonto.ufmg.br\/sca\/documentos\/publicado-edital-no-4-2025-pmg-sca\/' title='Link to: Publicado edital n\u00ba 4\/2025 PMG\/SCA'>Publicado edital n\u00ba 4\/2025 PMG\/SCA<\/a><\/h3><\/header><\/div><footer class=\"entry-footer\"><\/footer><\/article><article class='av-magazine-entry av-magazine-entry-id-4093 av-magazine-format-standard av-magazine-type-post av-magazine-entry-2 av-magazine-entry-small '  itemscope=\"itemscope\" itemtype=\"https:\/\/schema.org\/CreativeWork\" ><div class=\"av-magazine-thumbnail\"><a href='https:\/\/www.odonto.ufmg.br\/sca\/documentos\/publicado-edital-de-monitoria-de-graduacao-do-sca\/' title='Link to: Publicado edital de monitoria de gradua\u00e7\u00e3o do SCA.' class='av-magazine-thumbnail-link'><img decoding=\"async\" fetchpriority=\"high\" width=\"80\" height=\"80\" src=\"https:\/\/www.odonto.ufmg.br\/sca\/wp-content\/uploads\/sites\/6\/2017\/03\/articulo-calendario-1-1024x683-80x80.jpg\" class=\"wp-image-1247 avia-img-lazy-loading-not-1247 attachment-thumbnail size-thumbnail wp-post-image\" alt=\"\" srcset=\"https:\/\/www.odonto.ufmg.br\/sca\/wp-content\/uploads\/sites\/6\/2017\/03\/articulo-calendario-1-1024x683-80x80.jpg 80w, https:\/\/www.odonto.ufmg.br\/sca\/wp-content\/uploads\/sites\/6\/2017\/03\/articulo-calendario-1-1024x683-36x36.jpg 36w, https:\/\/www.odonto.ufmg.br\/sca\/wp-content\/uploads\/sites\/6\/2017\/03\/articulo-calendario-1-1024x683-180x180.jpg 180w, https:\/\/www.odonto.ufmg.br\/sca\/wp-content\/uploads\/sites\/6\/2017\/03\/articulo-calendario-1-1024x683-120x120.jpg 120w, https:\/\/www.odonto.ufmg.br\/sca\/wp-content\/uploads\/sites\/6\/2017\/03\/articulo-calendario-1-1024x683-450x450.jpg 450w\" sizes=\"(max-width: 80px) 100vw, 80px\" \/><\/a><\/div><div class=\"av-magazine-content-wrap\"><header class=\"entry-content-header\" aria-label=\"Post: Publicado edital de monitoria de gradua\u00e7\u00e3o do SCA.\"><time class='av-magazine-time updated'  itemprop=\"datePublished\" datetime=\"2024-08-16T10:35:48-03:00\" >16 de agosto de 2024<\/time><h3 class='av-magazine-title entry-title '  itemprop=\"headline\" ><a href='https:\/\/www.odonto.ufmg.br\/sca\/documentos\/publicado-edital-de-monitoria-de-graduacao-do-sca\/' title='Link to: Publicado edital de monitoria de gradua\u00e7\u00e3o do SCA.'>Publicado edital de monitoria de gradua\u00e7\u00e3o do SCA.<\/a><\/h3><\/header><\/div><footer class=\"entry-footer\"><\/footer><\/article><article class='av-magazine-entry av-magazine-entry-id-4005 av-magazine-format-standard av-magazine-type-post av-magazine-entry-3 av-magazine-entry-small '  itemscope=\"itemscope\" itemtype=\"https:\/\/schema.org\/CreativeWork\" ><div class=\"av-magazine-thumbnail\"><a href='https:\/\/www.odonto.ufmg.br\/sca\/documentos\/publicado-edital-03-2024-de-selecao-de-monitores-bolsistas-e-voluntarios\/' title='Link to: Publicado edital 03\/2024 de sele\u00e7\u00e3o de monitores bolsistas e volunt\u00e1rios' class='av-magazine-entry-icon avia-svg-icon avia-font-svg_entypo-fontello' data-av_svg_icon='pencil' data-av_iconset='svg_entypo-fontello'><svg version=\"1.1\" xmlns=\"http:\/\/www.w3.org\/2000\/svg\" width=\"25\" height=\"32\" viewBox=\"0 0 25 32\" preserveAspectRatio=\"xMidYMid meet\" role=\"graphics-symbol\" aria-hidden=\"true\">\n<path d=\"M22.976 5.44q1.024 1.024 1.504 2.048t0.48 1.536v0.512l-8.064 8.064-9.28 9.216-7.616 1.664 1.6-7.68 9.28-9.216 8.064-8.064q1.728-0.384 4.032 1.92zM7.168 25.92l0.768-0.768q-0.064-1.408-1.664-3.008-0.704-0.704-1.44-1.12t-1.12-0.416l-0.448-0.064-0.704 0.768-0.576 2.56q0.896 0.512 1.472 1.088 0.768 0.768 1.152 1.536z\"><\/path>\n<\/svg><\/a><\/div><div class=\"av-magazine-content-wrap\"><header class=\"entry-content-header\" aria-label=\"Post: Publicado edital 03\/2024 de sele\u00e7\u00e3o de monitores bolsistas e volunt\u00e1rios\"><time class='av-magazine-time updated'  itemprop=\"datePublished\" datetime=\"2024-04-19T08:34:31-03:00\" >19 de abril de 2024<\/time><h3 class='av-magazine-title entry-title '  itemprop=\"headline\" ><a href='https:\/\/www.odonto.ufmg.br\/sca\/documentos\/publicado-edital-03-2024-de-selecao-de-monitores-bolsistas-e-voluntarios\/' title='Link to: Publicado edital 03\/2024 de sele\u00e7\u00e3o de monitores bolsistas e volunt\u00e1rios'>Publicado edital 03\/2024 de sele\u00e7\u00e3o de monitores bolsistas e volunt\u00e1rios<\/a><\/h3><\/header><\/div><footer class=\"entry-footer\"><\/footer><\/article><article class='av-magazine-entry av-magazine-entry-id-3993 av-magazine-format-standard av-magazine-type-post av-magazine-entry-4 av-magazine-entry-small '  itemscope=\"itemscope\" itemtype=\"https:\/\/schema.org\/CreativeWork\" ><div class=\"av-magazine-thumbnail\"><a href='https:\/\/www.odonto.ufmg.br\/sca\/documentos\/divulgado-resultado-final-da-selecao-de-monitores-bolsistas-e-voluntarios-do-sca-edital-no-2-2024\/' title='Link to: Divulgado resultado final da sele\u00e7\u00e3o de monitores bolsistas e volunt\u00e1rios do SCA, edital n\u00ba 2\/2024.' class='av-magazine-entry-icon avia-svg-icon avia-font-svg_entypo-fontello' data-av_svg_icon='pencil' data-av_iconset='svg_entypo-fontello'><svg version=\"1.1\" xmlns=\"http:\/\/www.w3.org\/2000\/svg\" width=\"25\" height=\"32\" viewBox=\"0 0 25 32\" preserveAspectRatio=\"xMidYMid meet\" role=\"graphics-symbol\" aria-hidden=\"true\">\n<path d=\"M22.976 5.44q1.024 1.024 1.504 2.048t0.48 1.536v0.512l-8.064 8.064-9.28 9.216-7.616 1.664 1.6-7.68 9.28-9.216 8.064-8.064q1.728-0.384 4.032 1.92zM7.168 25.92l0.768-0.768q-0.064-1.408-1.664-3.008-0.704-0.704-1.44-1.12t-1.12-0.416l-0.448-0.064-0.704 0.768-0.576 2.56q0.896 0.512 1.472 1.088 0.768 0.768 1.152 1.536z\"><\/path>\n<\/svg><\/a><\/div><div class=\"av-magazine-content-wrap\"><header class=\"entry-content-header\" aria-label=\"Post: Divulgado resultado final da sele\u00e7\u00e3o de monitores bolsistas e volunt\u00e1rios do SCA, edital n\u00ba 2\/2024.\"><time class='av-magazine-time updated'  itemprop=\"datePublished\" datetime=\"2024-03-15T16:47:23-03:00\" >15 de mar\u00e7o de 2024<\/time><h3 class='av-magazine-title entry-title '  itemprop=\"headline\" ><a href='https:\/\/www.odonto.ufmg.br\/sca\/documentos\/divulgado-resultado-final-da-selecao-de-monitores-bolsistas-e-voluntarios-do-sca-edital-no-2-2024\/' title='Link to: Divulgado resultado final da sele\u00e7\u00e3o de monitores bolsistas e volunt\u00e1rios do SCA, edital n\u00ba 2\/2024.'>Divulgado resultado final da sele\u00e7\u00e3o de monitores bolsistas e volunt\u00e1rios do SCA, edital n\u00ba 2\/2024.<\/a><\/h3><\/header><\/div><footer class=\"entry-footer\"><\/footer><\/article><article class='av-magazine-entry av-magazine-entry-id-3959 av-magazine-format-standard av-magazine-type-post av-magazine-entry-5 av-magazine-entry-small '  itemscope=\"itemscope\" itemtype=\"https:\/\/schema.org\/CreativeWork\" ><div class=\"av-magazine-thumbnail\"><a href='https:\/\/www.odonto.ufmg.br\/sca\/documentos\/publicado-edital-suplementar-de-selecao-de-monitores-voluntarios-de-pos-graduacao\/' title='Link to: Publicado edital suplementar de sele\u00e7\u00e3o de monitores volunt\u00e1rios de p\u00f3s-gradua\u00e7\u00e3o.' class='av-magazine-thumbnail-link'><img decoding=\"async\" fetchpriority=\"high\" width=\"80\" height=\"80\" src=\"https:\/\/www.odonto.ufmg.br\/sca\/wp-content\/uploads\/sites\/6\/2021\/02\/articulo-calendario-1-1024x683-1-80x80.jpg\" class=\"wp-image-2676 avia-img-lazy-loading-not-2676 attachment-thumbnail size-thumbnail wp-post-image\" alt=\"\" srcset=\"https:\/\/www.odonto.ufmg.br\/sca\/wp-content\/uploads\/sites\/6\/2021\/02\/articulo-calendario-1-1024x683-1-80x80.jpg 80w, https:\/\/www.odonto.ufmg.br\/sca\/wp-content\/uploads\/sites\/6\/2021\/02\/articulo-calendario-1-1024x683-1-36x36.jpg 36w, https:\/\/www.odonto.ufmg.br\/sca\/wp-content\/uploads\/sites\/6\/2021\/02\/articulo-calendario-1-1024x683-1-180x180.jpg 180w, https:\/\/www.odonto.ufmg.br\/sca\/wp-content\/uploads\/sites\/6\/2021\/02\/articulo-calendario-1-1024x683-1-120x120.jpg 120w, https:\/\/www.odonto.ufmg.br\/sca\/wp-content\/uploads\/sites\/6\/2021\/02\/articulo-calendario-1-1024x683-1-450x450.jpg 450w\" sizes=\"(max-width: 80px) 100vw, 80px\" \/><\/a><\/div><div class=\"av-magazine-content-wrap\"><header class=\"entry-content-header\" aria-label=\"Post: Publicado edital suplementar de sele\u00e7\u00e3o de monitores volunt\u00e1rios de p\u00f3s-gradua\u00e7\u00e3o.\"><time class='av-magazine-time updated'  itemprop=\"datePublished\" datetime=\"2023-09-01T16:28:54-03:00\" >1 de setembro de 2023<\/time><h3 class='av-magazine-title entry-title '  itemprop=\"headline\" ><a href='https:\/\/www.odonto.ufmg.br\/sca\/documentos\/publicado-edital-suplementar-de-selecao-de-monitores-voluntarios-de-pos-graduacao\/' title='Link to: Publicado edital suplementar de sele\u00e7\u00e3o de monitores volunt\u00e1rios de p\u00f3s-gradua\u00e7\u00e3o.'>Publicado edital suplementar de sele\u00e7\u00e3o de monitores volunt\u00e1rios de p\u00f3s-gradua\u00e7\u00e3o.<\/a><\/h3><\/header><\/div><footer class=\"entry-footer\"><\/footer><\/article><\/div><\/div><\/p>\n","protected":false},"excerpt":{"rendered":"","protected":false},"author":7,"featured_media":0,"parent":546,"menu_order":0,"comment_status":"closed","ping_status":"closed","template":"","meta":{"inline_featured_image":false,"footnotes":""},"class_list":["post-963","page","type-page","status-publish","hentry"],"yoast_head":"<!-- This site is optimized with the Yoast SEO plugin v27.3 - https:\/\/yoast.com\/product\/yoast-seo-wordpress\/ -->\n<title>Editais - Departamento de Sa\u00fade Bucal da Crian\u00e7a e do Adolescente<\/title>\n<meta name=\"robots\" content=\"index, follow, max-snippet:-1, max-image-preview:large, max-video-preview:-1\" \/>\n<link rel=\"canonical\" href=\"https:\/\/www.odonto.ufmg.br\/sca\/documentos\/editais\/\" \/>\n<meta property=\"og:locale\" content=\"pt_BR\" \/>\n<meta property=\"og:type\" content=\"article\" \/>\n<meta property=\"og:title\" content=\"Editais - Departamento de Sa\u00fade Bucal da Crian\u00e7a e do Adolescente\" \/>\n<meta property=\"og:url\" content=\"https:\/\/www.odonto.ufmg.br\/sca\/documentos\/editais\/\" \/>\n<meta property=\"og:site_name\" content=\"Departamento de Sa\u00fade Bucal da Crian\u00e7a e do Adolescente\" \/>\n<meta property=\"article:publisher\" content=\"https:\/\/www.facebook.com\/faoufmg\" \/>\n<meta property=\"article:modified_time\" content=\"2016-10-26T10:31:31+00:00\" \/>\n<meta name=\"twitter:card\" content=\"summary_large_image\" \/>\n<meta name=\"twitter:label1\" content=\"Est. tempo de leitura\" \/>\n\t<meta name=\"twitter:data1\" content=\"1 minuto\" \/>\n<script type=\"application\/ld+json\" class=\"yoast-schema-graph\">{\"@context\":\"https:\\\/\\\/schema.org\",\"@graph\":[{\"@type\":\"WebPage\",\"@id\":\"https:\\\/\\\/www.odonto.ufmg.br\\\/sca\\\/documentos\\\/editais\\\/\",\"url\":\"https:\\\/\\\/www.odonto.ufmg.br\\\/sca\\\/documentos\\\/editais\\\/\",\"name\":\"Editais - Departamento de Sa\u00fade Bucal da Crian\u00e7a e do Adolescente\",\"isPartOf\":{\"@id\":\"https:\\\/\\\/www.odonto.ufmg.br\\\/sca\\\/#website\"},\"datePublished\":\"2016-07-27T16:07:51+00:00\",\"dateModified\":\"2016-10-26T10:31:31+00:00\",\"breadcrumb\":{\"@id\":\"https:\\\/\\\/www.odonto.ufmg.br\\\/sca\\\/documentos\\\/editais\\\/#breadcrumb\"},\"inLanguage\":\"pt-BR\",\"potentialAction\":[{\"@type\":\"ReadAction\",\"target\":[\"https:\\\/\\\/www.odonto.ufmg.br\\\/sca\\\/documentos\\\/editais\\\/\"]}]},{\"@type\":\"BreadcrumbList\",\"@id\":\"https:\\\/\\\/www.odonto.ufmg.br\\\/sca\\\/documentos\\\/editais\\\/#breadcrumb\",\"itemListElement\":[{\"@type\":\"ListItem\",\"position\":1,\"name\":\"In\u00edcio\",\"item\":\"https:\\\/\\\/www.odonto.ufmg.br\\\/sca\\\/inicio\\\/\"},{\"@type\":\"ListItem\",\"position\":2,\"name\":\"Documentos\",\"item\":\"https:\\\/\\\/www.odonto.ufmg.br\\\/sca\\\/documentos\\\/\"},{\"@type\":\"ListItem\",\"position\":3,\"name\":\"Editais\"}]},{\"@type\":\"WebSite\",\"@id\":\"https:\\\/\\\/www.odonto.ufmg.br\\\/sca\\\/#website\",\"url\":\"https:\\\/\\\/www.odonto.ufmg.br\\\/sca\\\/\",\"name\":\"Departamento de Sa\u00fade Bucal da Crian\u00e7a e do Adolescente\",\"description\":\"Faculdade de Odontologia - Universidade Federal de Minas Gerais\",\"publisher\":{\"@id\":\"https:\\\/\\\/www.odonto.ufmg.br\\\/sca\\\/#organization\"},\"potentialAction\":[{\"@type\":\"SearchAction\",\"target\":{\"@type\":\"EntryPoint\",\"urlTemplate\":\"https:\\\/\\\/www.odonto.ufmg.br\\\/sca\\\/?s={search_term_string}\"},\"query-input\":{\"@type\":\"PropertyValueSpecification\",\"valueRequired\":true,\"valueName\":\"search_term_string\"}}],\"inLanguage\":\"pt-BR\"},{\"@type\":\"Organization\",\"@id\":\"https:\\\/\\\/www.odonto.ufmg.br\\\/sca\\\/#organization\",\"name\":\"Departamento de Odontopediatria e Ortodontia\",\"url\":\"https:\\\/\\\/www.odonto.ufmg.br\\\/sca\\\/\",\"logo\":{\"@type\":\"ImageObject\",\"inLanguage\":\"pt-BR\",\"@id\":\"https:\\\/\\\/www.odonto.ufmg.br\\\/sca\\\/#\\\/schema\\\/logo\\\/image\\\/\",\"url\":\"https:\\\/\\\/www.odonto.ufmg.br\\\/sca\\\/wp-content\\\/uploads\\\/sites\\\/6\\\/2016\\\/02\\\/orto.svg\",\"contentUrl\":\"https:\\\/\\\/www.odonto.ufmg.br\\\/sca\\\/wp-content\\\/uploads\\\/sites\\\/6\\\/2016\\\/02\\\/orto.svg\",\"width\":1,\"height\":1,\"caption\":\"Departamento de Odontopediatria e Ortodontia\"},\"image\":{\"@id\":\"https:\\\/\\\/www.odonto.ufmg.br\\\/sca\\\/#\\\/schema\\\/logo\\\/image\\\/\"},\"sameAs\":[\"https:\\\/\\\/www.facebook.com\\\/faoufmg\"]}]}<\/script>\n<!-- \/ Yoast SEO plugin. -->","yoast_head_json":{"title":"Editais - Departamento de Sa\u00fade Bucal da Crian\u00e7a e do Adolescente","robots":{"index":"index","follow":"follow","max-snippet":"max-snippet:-1","max-image-preview":"max-image-preview:large","max-video-preview":"max-video-preview:-1"},"canonical":"https:\/\/www.odonto.ufmg.br\/sca\/documentos\/editais\/","og_locale":"pt_BR","og_type":"article","og_title":"Editais - Departamento de Sa\u00fade Bucal da Crian\u00e7a e do Adolescente","og_url":"https:\/\/www.odonto.ufmg.br\/sca\/documentos\/editais\/","og_site_name":"Departamento de Sa\u00fade Bucal da Crian\u00e7a e do Adolescente","article_publisher":"https:\/\/www.facebook.com\/faoufmg","article_modified_time":"2016-10-26T10:31:31+00:00","twitter_card":"summary_large_image","twitter_misc":{"Est. tempo de leitura":"1 minuto"},"schema":{"@context":"https:\/\/schema.org","@graph":[{"@type":"WebPage","@id":"https:\/\/www.odonto.ufmg.br\/sca\/documentos\/editais\/","url":"https:\/\/www.odonto.ufmg.br\/sca\/documentos\/editais\/","name":"Editais - Departamento de Sa\u00fade Bucal da Crian\u00e7a e do Adolescente","isPartOf":{"@id":"https:\/\/www.odonto.ufmg.br\/sca\/#website"},"datePublished":"2016-07-27T16:07:51+00:00","dateModified":"2016-10-26T10:31:31+00:00","breadcrumb":{"@id":"https:\/\/www.odonto.ufmg.br\/sca\/documentos\/editais\/#breadcrumb"},"inLanguage":"pt-BR","potentialAction":[{"@type":"ReadAction","target":["https:\/\/www.odonto.ufmg.br\/sca\/documentos\/editais\/"]}]},{"@type":"BreadcrumbList","@id":"https:\/\/www.odonto.ufmg.br\/sca\/documentos\/editais\/#breadcrumb","itemListElement":[{"@type":"ListItem","position":1,"name":"In\u00edcio","item":"https:\/\/www.odonto.ufmg.br\/sca\/inicio\/"},{"@type":"ListItem","position":2,"name":"Documentos","item":"https:\/\/www.odonto.ufmg.br\/sca\/documentos\/"},{"@type":"ListItem","position":3,"name":"Editais"}]},{"@type":"WebSite","@id":"https:\/\/www.odonto.ufmg.br\/sca\/#website","url":"https:\/\/www.odonto.ufmg.br\/sca\/","name":"Departamento de Sa\u00fade Bucal da Crian\u00e7a e do Adolescente","description":"Faculdade de Odontologia - Universidade Federal de Minas Gerais","publisher":{"@id":"https:\/\/www.odonto.ufmg.br\/sca\/#organization"},"potentialAction":[{"@type":"SearchAction","target":{"@type":"EntryPoint","urlTemplate":"https:\/\/www.odonto.ufmg.br\/sca\/?s={search_term_string}"},"query-input":{"@type":"PropertyValueSpecification","valueRequired":true,"valueName":"search_term_string"}}],"inLanguage":"pt-BR"},{"@type":"Organization","@id":"https:\/\/www.odonto.ufmg.br\/sca\/#organization","name":"Departamento de Odontopediatria e Ortodontia","url":"https:\/\/www.odonto.ufmg.br\/sca\/","logo":{"@type":"ImageObject","inLanguage":"pt-BR","@id":"https:\/\/www.odonto.ufmg.br\/sca\/#\/schema\/logo\/image\/","url":"https:\/\/www.odonto.ufmg.br\/sca\/wp-content\/uploads\/sites\/6\/2016\/02\/orto.svg","contentUrl":"https:\/\/www.odonto.ufmg.br\/sca\/wp-content\/uploads\/sites\/6\/2016\/02\/orto.svg","width":1,"height":1,"caption":"Departamento de Odontopediatria e Ortodontia"},"image":{"@id":"https:\/\/www.odonto.ufmg.br\/sca\/#\/schema\/logo\/image\/"},"sameAs":["https:\/\/www.facebook.com\/faoufmg"]}]}},"_links":{"self":[{"href":"https:\/\/www.odonto.ufmg.br\/sca\/wp-json\/wp\/v2\/pages\/963","targetHints":{"allow":["GET"]}}],"collection":[{"href":"https:\/\/www.odonto.ufmg.br\/sca\/wp-json\/wp\/v2\/pages"}],"about":[{"href":"https:\/\/www.odonto.ufmg.br\/sca\/wp-json\/wp\/v2\/types\/page"}],"author":[{"embeddable":true,"href":"https:\/\/www.odonto.ufmg.br\/sca\/wp-json\/wp\/v2\/users\/7"}],"replies":[{"embeddable":true,"href":"https:\/\/www.odonto.ufmg.br\/sca\/wp-json\/wp\/v2\/comments?post=963"}],"version-history":[{"count":7,"href":"https:\/\/www.odonto.ufmg.br\/sca\/wp-json\/wp\/v2\/pages\/963\/revisions"}],"predecessor-version":[{"id":2743,"href":"https:\/\/www.odonto.ufmg.br\/sca\/wp-json\/wp\/v2\/pages\/963\/revisions\/2743"}],"up":[{"embeddable":true,"href":"https:\/\/www.odonto.ufmg.br\/sca\/wp-json\/wp\/v2\/pages\/546"}],"wp:attachment":[{"href":"https:\/\/www.odonto.ufmg.br\/sca\/wp-json\/wp\/v2\/media?parent=963"}],"curies":[{"name":"wp","href":"https:\/\/api.w.org\/{rel}","templated":true}]}}