{"id":697,"date":"2016-06-24T18:18:00","date_gmt":"2016-06-24T18:18:00","guid":{"rendered":"https:\/\/www.odonto.ufmg.br\/opo\/?page_id=697"},"modified":"2016-11-17T14:49:39","modified_gmt":"2016-11-17T17:49:39","slug":"atas","status":"publish","type":"page","link":"https:\/\/www.odonto.ufmg.br\/sca\/documentos\/atas\/","title":{"rendered":"Atas"},"content":{"rendered":"\n<style type=\"text\/css\" data-created_by=\"avia_inline_auto\" id=\"style-css-av-av_one_full-6126cab7d8fab8d08143dd2dacdf673c\">\n.flex_column.av-av_one_full-6126cab7d8fab8d08143dd2dacdf673c{\nborder-radius:0px 0px 0px 0px;\npadding:0px 0px 0px 0px;\n}\n<\/style>\n<div  class='flex_column av-av_one_full-6126cab7d8fab8d08143dd2dacdf673c av_one_full  avia-builder-el-0  el_before_av_blog  avia-builder-el-first  first flex_column_div av-zero-column-padding  '     ><style type=\"text\/css\" data-created_by=\"avia_inline_auto\" id=\"style-css-av-av_heading-1b76f6bb98c6a90f7fa68a69205f0d41\">\n#top .av-special-heading.av-av_heading-1b76f6bb98c6a90f7fa68a69205f0d41{\npadding-bottom:10px;\nfont-size:25px;\n}\nbody .av-special-heading.av-av_heading-1b76f6bb98c6a90f7fa68a69205f0d41 .av-special-heading-tag .heading-char{\nfont-size:25px;\n}\n#top #wrap_all .av-special-heading.av-av_heading-1b76f6bb98c6a90f7fa68a69205f0d41 .av-special-heading-tag{\nfont-size:25px;\n}\n.av-special-heading.av-av_heading-1b76f6bb98c6a90f7fa68a69205f0d41 .av-subheading{\nfont-size:15px;\n}\n\n@media only screen and (min-width: 480px) and (max-width: 767px){ \n#top #wrap_all .av-special-heading.av-av_heading-1b76f6bb98c6a90f7fa68a69205f0d41 .av-special-heading-tag{\nfont-size:0.8em;\n}\n}\n\n@media only screen and (max-width: 479px){ \n#top #wrap_all .av-special-heading.av-av_heading-1b76f6bb98c6a90f7fa68a69205f0d41 .av-special-heading-tag{\nfont-size:0.8em;\n}\n}\n<\/style>\n<div  class='av-special-heading av-av_heading-1b76f6bb98c6a90f7fa68a69205f0d41 av-special-heading-h3 blockquote modern-quote  avia-builder-el-1  avia-builder-el-no-sibling  av-inherit-size'><h3 class='av-special-heading-tag '  itemprop=\"headline\"  >ATAS<\/h3><div class=\"special-heading-border\"><div class=\"special-heading-inner-border\"><\/div><\/div><\/div><\/div>\n<div  data-slideshow-options=\"{&quot;animation&quot;:&quot;fade&quot;,&quot;autoplay&quot;:false,&quot;loop_autoplay&quot;:&quot;once&quot;,&quot;interval&quot;:5,&quot;loop_manual&quot;:&quot;manual-endless&quot;,&quot;autoplay_stopper&quot;:false,&quot;noNavigation&quot;:false,&quot;show_slide_delay&quot;:90}\" class='avia-content-slider avia-content-grid-active avia-content-slider1 avia-content-slider-odd  avia-builder-el-2  el_after_av_one_full  avia-builder-el-last  av-slideshow-ui av-control-default   av-no-slider-navigation av-slideshow-manual av-loop-once av-loop-manual-endless '  itemscope=\"itemscope\" itemtype=\"https:\/\/schema.org\/Blog\" ><div class=\"avia-content-slider-inner\"><div class=\"slide-entry-wrap\"><article class='slide-entry flex_column  post-entry post-entry-4176 slide-entry-overview slide-loop-1 slide-parity-odd  av_one_third first real-thumbnail posttype-post post-format-standard'  itemscope=\"itemscope\" itemtype=\"https:\/\/schema.org\/CreativeWork\" ><a href='https:\/\/www.odonto.ufmg.br\/sca\/documentos\/ata-da-2a-sessao-da-reuniao-ordinaria-da-camara-assembleia-do-sca-realizada-em-27-de-agosto-de-2024\/' data-rel='slide-1' class='slide-image' title='Ata da 2\u00aa Sess\u00e3o da reuni\u00e3o ordin\u00e1ria da C\u00e2mara\/Assembleia do SCA, realizada em 27 de agosto de 2024.'><img decoding=\"async\" fetchpriority=\"high\" width=\"495\" height=\"400\" src=\"https:\/\/www.odonto.ufmg.br\/sca\/wp-content\/uploads\/sites\/6\/2016\/06\/professor-1030x682-495x400.jpg\" class=\"wp-image-744 avia-img-lazy-loading-not-744 attachment-portfolio size-portfolio wp-post-image\" alt=\"\" srcset=\"https:\/\/www.odonto.ufmg.br\/sca\/wp-content\/uploads\/sites\/6\/2016\/06\/professor-1030x682-495x400.jpg 495w, https:\/\/www.odonto.ufmg.br\/sca\/wp-content\/uploads\/sites\/6\/2016\/06\/professor-1030x682-845x682.jpg 845w\" sizes=\"(max-width: 495px) 100vw, 495px\" \/><\/a><div class=\"slide-content\"><header class=\"entry-content-header\" aria-label=\"Slide: Ata da 2\u00aa Sess\u00e3o da reuni\u00e3o ordin\u00e1ria da C\u00e2mara\/Assembleia do SCA, realizada em 27 de agosto de 2024.\"><h3 class='slide-entry-title entry-title '  itemprop=\"headline\" ><a href='https:\/\/www.odonto.ufmg.br\/sca\/documentos\/ata-da-2a-sessao-da-reuniao-ordinaria-da-camara-assembleia-do-sca-realizada-em-27-de-agosto-de-2024\/' title='Ata da 2\u00aa Sess\u00e3o da reuni\u00e3o ordin\u00e1ria da C\u00e2mara\/Assembleia do SCA, realizada em 27 de agosto de 2024.'>Ata da 2\u00aa Sess\u00e3o da reuni\u00e3o ordin\u00e1ria da C\u00e2mara\/Assembleia do SCA, realizada em 27 de agosto de 2024.<\/a><\/h3><span class=\"av-vertical-delimiter\"><\/span><\/header><div class=\"slide-meta\"><time class='slide-meta-time updated'  itemprop=\"datePublished\" datetime=\"2024-10-08T09:48:07-03:00\" >8 de outubro de 2024<\/time><\/div><div class='slide-entry-excerpt entry-content'  itemprop=\"text\" ><div class=\"read-more-link\"><a href=\"https:\/\/www.odonto.ufmg.br\/sca\/documentos\/ata-da-2a-sessao-da-reuniao-ordinaria-da-camara-assembleia-do-sca-realizada-em-27-de-agosto-de-2024\/\" class=\"more-link\">Leia mais<span class='more-link-arrow avia-svg-icon avia-font-svg_entypo-fontello' data-av_svg_icon='right-open-big' data-av_iconset='svg_entypo-fontello'><svg version=\"1.1\" xmlns=\"http:\/\/www.w3.org\/2000\/svg\" width=\"15\" height=\"32\" viewBox=\"0 0 15 32\" preserveAspectRatio=\"xMidYMid meet\" role=\"graphics-symbol\" aria-hidden=\"true\">\n<path d=\"M0.416 27.84l11.456-11.84-11.456-11.904q-0.832-0.832 0-1.536 0.832-0.832 1.536 0l12.544 12.608q0.768 0.832 0 1.6l-12.544 12.608q-0.704 0.832-1.536 0-0.832-0.704 0-1.536z\"><\/path>\n<\/svg><\/span><\/a><\/div><\/div><\/div><footer class=\"entry-footer\"><\/footer><span class='hidden'>\n\t\t\t\t<span class='av-structured-data'  itemprop=\"image\" itemscope=\"itemscope\" itemtype=\"https:\/\/schema.org\/ImageObject\" >\n\t\t\t\t\t\t<span itemprop='url'>https:\/\/www.odonto.ufmg.br\/sca\/wp-content\/uploads\/sites\/6\/2016\/06\/professor-1030x682.jpg<\/span>\n\t\t\t\t\t\t<span itemprop='height'>682<\/span>\n\t\t\t\t\t\t<span itemprop='width'>1030<\/span>\n\t\t\t\t<\/span>\n\t\t\t\t<span class='av-structured-data'  itemprop=\"publisher\" itemtype=\"https:\/\/schema.org\/Organization\" itemscope=\"itemscope\" >\n\t\t\t\t\t\t<span itemprop='name'>ricardo<\/span>\n\t\t\t\t\t\t<span itemprop='logo' itemscope itemtype='https:\/\/schema.org\/ImageObject'>\n\t\t\t\t\t\t\t<span itemprop='url'>https:\/\/www.odonto.ufmg.br\/sca\/wp-content\/uploads\/sites\/6\/2021\/04\/logo-sca1.svg<\/span>\n\t\t\t\t\t\t<\/span>\n\t\t\t\t<\/span><span class='av-structured-data'  itemprop=\"author\" itemscope=\"itemscope\" itemtype=\"https:\/\/schema.org\/Person\" ><span itemprop='name'>ricardo<\/span><\/span><span class='av-structured-data'  itemprop=\"datePublished\" datetime=\"2016-06-24T18:18:00-03:00\" >2024-10-08 09:48:07<\/span><span class='av-structured-data'  itemprop=\"dateModified\" itemtype=\"https:\/\/schema.org\/dateModified\" >2024-10-24 09:52:23<\/span><span class='av-structured-data'  itemprop=\"mainEntityOfPage\" itemtype=\"https:\/\/schema.org\/mainEntityOfPage\" ><span itemprop='name'>Ata da 2\u00aa Sess\u00e3o da reuni\u00e3o ordin\u00e1ria da C\u00e2mara\/Assembleia do SCA, realizada em 27 de agosto de 2024.<\/span><\/span><\/span><\/article><article class='slide-entry flex_column  post-entry post-entry-4109 slide-entry-overview slide-loop-2 slide-parity-even  av_one_third  real-thumbnail posttype-post post-format-standard'  itemscope=\"itemscope\" itemtype=\"https:\/\/schema.org\/CreativeWork\" ><a href='https:\/\/www.odonto.ufmg.br\/sca\/documentos\/ata-da-reuniao-de-homologacao-do-resultado-final-da-eleicao-para-chefe-e-subchefe-do-sca\/' data-rel='slide-1' class='slide-image' title='Ata da reuni\u00e3o de homologa\u00e7\u00e3o do resultado final da elei\u00e7\u00e3o para Chefe e Subchefe do SCA.'><img decoding=\"async\" fetchpriority=\"high\" width=\"495\" height=\"400\" src=\"https:\/\/www.odonto.ufmg.br\/sca\/wp-content\/uploads\/sites\/6\/2016\/06\/professor-1030x682-495x400.jpg\" class=\"wp-image-744 avia-img-lazy-loading-not-744 attachment-portfolio size-portfolio wp-post-image\" alt=\"\" srcset=\"https:\/\/www.odonto.ufmg.br\/sca\/wp-content\/uploads\/sites\/6\/2016\/06\/professor-1030x682-495x400.jpg 495w, https:\/\/www.odonto.ufmg.br\/sca\/wp-content\/uploads\/sites\/6\/2016\/06\/professor-1030x682-845x682.jpg 845w\" sizes=\"(max-width: 495px) 100vw, 495px\" \/><\/a><div class=\"slide-content\"><header class=\"entry-content-header\" aria-label=\"Slide: Ata da reuni\u00e3o de homologa\u00e7\u00e3o do resultado final da elei\u00e7\u00e3o para Chefe e Subchefe do SCA.\"><h3 class='slide-entry-title entry-title '  itemprop=\"headline\" ><a href='https:\/\/www.odonto.ufmg.br\/sca\/documentos\/ata-da-reuniao-de-homologacao-do-resultado-final-da-eleicao-para-chefe-e-subchefe-do-sca\/' title='Ata da reuni\u00e3o de homologa\u00e7\u00e3o do resultado final da elei\u00e7\u00e3o para Chefe e Subchefe do SCA.'>Ata da reuni\u00e3o de homologa\u00e7\u00e3o do resultado final da elei\u00e7\u00e3o para Chefe e Subchefe do SCA.<\/a><\/h3><span class=\"av-vertical-delimiter\"><\/span><\/header><div class=\"slide-meta\"><time class='slide-meta-time updated'  itemprop=\"datePublished\" datetime=\"2024-08-27T15:25:43-03:00\" >27 de agosto de 2024<\/time><\/div><div class='slide-entry-excerpt entry-content'  itemprop=\"text\" ><div class=\"read-more-link\"><a href=\"https:\/\/www.odonto.ufmg.br\/sca\/documentos\/ata-da-reuniao-de-homologacao-do-resultado-final-da-eleicao-para-chefe-e-subchefe-do-sca\/\" class=\"more-link\">Leia mais<span class='more-link-arrow avia-svg-icon avia-font-svg_entypo-fontello' data-av_svg_icon='right-open-big' data-av_iconset='svg_entypo-fontello'><svg version=\"1.1\" xmlns=\"http:\/\/www.w3.org\/2000\/svg\" width=\"15\" height=\"32\" viewBox=\"0 0 15 32\" preserveAspectRatio=\"xMidYMid meet\" role=\"graphics-symbol\" aria-hidden=\"true\">\n<path d=\"M0.416 27.84l11.456-11.84-11.456-11.904q-0.832-0.832 0-1.536 0.832-0.832 1.536 0l12.544 12.608q0.768 0.832 0 1.6l-12.544 12.608q-0.704 0.832-1.536 0-0.832-0.704 0-1.536z\"><\/path>\n<\/svg><\/span><\/a><\/div><\/div><\/div><footer class=\"entry-footer\"><\/footer><span class='hidden'>\n\t\t\t\t<span class='av-structured-data'  itemprop=\"image\" itemscope=\"itemscope\" itemtype=\"https:\/\/schema.org\/ImageObject\" >\n\t\t\t\t\t\t<span itemprop='url'>https:\/\/www.odonto.ufmg.br\/sca\/wp-content\/uploads\/sites\/6\/2016\/06\/professor-1030x682.jpg<\/span>\n\t\t\t\t\t\t<span itemprop='height'>682<\/span>\n\t\t\t\t\t\t<span itemprop='width'>1030<\/span>\n\t\t\t\t<\/span>\n\t\t\t\t<span class='av-structured-data'  itemprop=\"publisher\" itemtype=\"https:\/\/schema.org\/Organization\" itemscope=\"itemscope\" >\n\t\t\t\t\t\t<span itemprop='name'>ricardo<\/span>\n\t\t\t\t\t\t<span itemprop='logo' itemscope itemtype='https:\/\/schema.org\/ImageObject'>\n\t\t\t\t\t\t\t<span itemprop='url'>https:\/\/www.odonto.ufmg.br\/sca\/wp-content\/uploads\/sites\/6\/2021\/04\/logo-sca1.svg<\/span>\n\t\t\t\t\t\t<\/span>\n\t\t\t\t<\/span><span class='av-structured-data'  itemprop=\"author\" itemscope=\"itemscope\" itemtype=\"https:\/\/schema.org\/Person\" ><span itemprop='name'>ricardo<\/span><\/span><span class='av-structured-data'  itemprop=\"datePublished\" datetime=\"2016-06-24T18:18:00-03:00\" >2024-08-27 15:25:43<\/span><span class='av-structured-data'  itemprop=\"dateModified\" itemtype=\"https:\/\/schema.org\/dateModified\" >2024-08-27 15:25:46<\/span><span class='av-structured-data'  itemprop=\"mainEntityOfPage\" itemtype=\"https:\/\/schema.org\/mainEntityOfPage\" ><span itemprop='name'>Ata da reuni\u00e3o de homologa\u00e7\u00e3o do resultado final da elei\u00e7\u00e3o para Chefe e Subchefe do SCA.<\/span><\/span><\/span><\/article><article class='slide-entry flex_column  post-entry post-entry-4105 slide-entry-overview slide-loop-3 slide-parity-odd  post-entry-last  av_one_third  real-thumbnail posttype-post post-format-standard'  itemscope=\"itemscope\" itemtype=\"https:\/\/schema.org\/CreativeWork\" ><a href='https:\/\/www.odonto.ufmg.br\/sca\/documentos\/ata-da-reuniao-da-camara-assembleia-departamental-de-2-de-julho-de-2024\/' data-rel='slide-1' class='slide-image' title='Ata da reuni\u00e3o da C\u00e2mara\/Assembleia Departamental, de 2 de julho de 2024.'><img decoding=\"async\" fetchpriority=\"high\" width=\"495\" height=\"400\" src=\"https:\/\/www.odonto.ufmg.br\/sca\/wp-content\/uploads\/sites\/6\/2016\/06\/professor-1030x682-495x400.jpg\" class=\"wp-image-744 avia-img-lazy-loading-not-744 attachment-portfolio size-portfolio wp-post-image\" alt=\"\" srcset=\"https:\/\/www.odonto.ufmg.br\/sca\/wp-content\/uploads\/sites\/6\/2016\/06\/professor-1030x682-495x400.jpg 495w, https:\/\/www.odonto.ufmg.br\/sca\/wp-content\/uploads\/sites\/6\/2016\/06\/professor-1030x682-845x682.jpg 845w\" sizes=\"(max-width: 495px) 100vw, 495px\" \/><\/a><div class=\"slide-content\"><header class=\"entry-content-header\" aria-label=\"Slide: Ata da reuni\u00e3o da C\u00e2mara\/Assembleia Departamental, de 2 de julho de 2024.\"><h3 class='slide-entry-title entry-title '  itemprop=\"headline\" ><a href='https:\/\/www.odonto.ufmg.br\/sca\/documentos\/ata-da-reuniao-da-camara-assembleia-departamental-de-2-de-julho-de-2024\/' title='Ata da reuni\u00e3o da C\u00e2mara\/Assembleia Departamental, de 2 de julho de 2024.'>Ata da reuni\u00e3o da C\u00e2mara\/Assembleia Departamental, de 2 de julho de 2024.<\/a><\/h3><span class=\"av-vertical-delimiter\"><\/span><\/header><div class=\"slide-meta\"><time class='slide-meta-time updated'  itemprop=\"datePublished\" datetime=\"2024-08-27T14:49:33-03:00\" >27 de agosto de 2024<\/time><\/div><div class='slide-entry-excerpt entry-content'  itemprop=\"text\" ><div class=\"read-more-link\"><a href=\"https:\/\/www.odonto.ufmg.br\/sca\/documentos\/ata-da-reuniao-da-camara-assembleia-departamental-de-2-de-julho-de-2024\/\" class=\"more-link\">Leia mais<span class='more-link-arrow avia-svg-icon avia-font-svg_entypo-fontello' data-av_svg_icon='right-open-big' data-av_iconset='svg_entypo-fontello'><svg version=\"1.1\" xmlns=\"http:\/\/www.w3.org\/2000\/svg\" width=\"15\" height=\"32\" viewBox=\"0 0 15 32\" preserveAspectRatio=\"xMidYMid meet\" role=\"graphics-symbol\" aria-hidden=\"true\">\n<path d=\"M0.416 27.84l11.456-11.84-11.456-11.904q-0.832-0.832 0-1.536 0.832-0.832 1.536 0l12.544 12.608q0.768 0.832 0 1.6l-12.544 12.608q-0.704 0.832-1.536 0-0.832-0.704 0-1.536z\"><\/path>\n<\/svg><\/span><\/a><\/div><\/div><\/div><footer class=\"entry-footer\"><\/footer><span class='hidden'>\n\t\t\t\t<span class='av-structured-data'  itemprop=\"image\" itemscope=\"itemscope\" itemtype=\"https:\/\/schema.org\/ImageObject\" >\n\t\t\t\t\t\t<span itemprop='url'>https:\/\/www.odonto.ufmg.br\/sca\/wp-content\/uploads\/sites\/6\/2016\/06\/professor-1030x682.jpg<\/span>\n\t\t\t\t\t\t<span itemprop='height'>682<\/span>\n\t\t\t\t\t\t<span itemprop='width'>1030<\/span>\n\t\t\t\t<\/span>\n\t\t\t\t<span class='av-structured-data'  itemprop=\"publisher\" itemtype=\"https:\/\/schema.org\/Organization\" itemscope=\"itemscope\" >\n\t\t\t\t\t\t<span itemprop='name'>ricardo<\/span>\n\t\t\t\t\t\t<span itemprop='logo' itemscope itemtype='https:\/\/schema.org\/ImageObject'>\n\t\t\t\t\t\t\t<span itemprop='url'>https:\/\/www.odonto.ufmg.br\/sca\/wp-content\/uploads\/sites\/6\/2021\/04\/logo-sca1.svg<\/span>\n\t\t\t\t\t\t<\/span>\n\t\t\t\t<\/span><span class='av-structured-data'  itemprop=\"author\" itemscope=\"itemscope\" itemtype=\"https:\/\/schema.org\/Person\" ><span itemprop='name'>ricardo<\/span><\/span><span class='av-structured-data'  itemprop=\"datePublished\" datetime=\"2016-06-24T18:18:00-03:00\" >2024-08-27 14:49:33<\/span><span class='av-structured-data'  itemprop=\"dateModified\" itemtype=\"https:\/\/schema.org\/dateModified\" >2024-08-27 14:49:36<\/span><span class='av-structured-data'  itemprop=\"mainEntityOfPage\" itemtype=\"https:\/\/schema.org\/mainEntityOfPage\" ><span itemprop='name'>Ata da reuni\u00e3o da C\u00e2mara\/Assembleia Departamental, de 2 de julho de 2024.<\/span><\/span><\/span><\/article><\/div><\/div><div class='pagination-wrap pagination-slider'><nav class='pagination'><span class='pagination-meta'>P\u00e1gina 1 de 45<\/span><span class='current'>1<\/span><a href='https:\/\/www.odonto.ufmg.br\/sca\/wp-json\/wp\/v2\/pages\/697\/?avia-element-paging=2' class='inactive next_page' >2<\/a><a href='https:\/\/www.odonto.ufmg.br\/sca\/wp-json\/wp\/v2\/pages\/697\/?avia-element-paging=3' class='inactive' >3<\/a><a href='https:\/\/www.odonto.ufmg.br\/sca\/wp-json\/wp\/v2\/pages\/697\/?avia-element-paging=2'>&rsaquo;<\/a><a href='https:\/\/www.odonto.ufmg.br\/sca\/wp-json\/wp\/v2\/pages\/697\/?avia-element-paging=45'>&raquo;<\/a><\/nav>\n<\/div><\/div>\n","protected":false},"excerpt":{"rendered":"","protected":false},"author":12,"featured_media":0,"parent":546,"menu_order":0,"comment_status":"closed","ping_status":"closed","template":"","meta":{"inline_featured_image":false,"footnotes":""},"class_list":["post-697","page","type-page","status-publish","hentry"],"yoast_head":"<!-- This site is optimized with the Yoast SEO plugin v27.3 - https:\/\/yoast.com\/product\/yoast-seo-wordpress\/ -->\n<title>Atas - Departamento de Sa\u00fade Bucal da Crian\u00e7a e do Adolescente<\/title>\n<meta name=\"description\" content=\"ATAS do Departamento de Odontopediatria e Ortodontia da UFMG.\" \/>\n<meta name=\"robots\" content=\"index, follow, max-snippet:-1, max-image-preview:large, max-video-preview:-1\" \/>\n<link rel=\"canonical\" href=\"https:\/\/www.odonto.ufmg.br\/sca\/documentos\/atas\/\" \/>\n<meta property=\"og:locale\" content=\"pt_BR\" \/>\n<meta property=\"og:type\" content=\"article\" \/>\n<meta property=\"og:title\" content=\"Atas - Departamento de Sa\u00fade Bucal da Crian\u00e7a e do Adolescente\" \/>\n<meta property=\"og:description\" content=\"ATAS do Departamento de Odontopediatria e Ortodontia da UFMG.\" \/>\n<meta property=\"og:url\" content=\"https:\/\/www.odonto.ufmg.br\/sca\/documentos\/atas\/\" \/>\n<meta property=\"og:site_name\" content=\"Departamento de Sa\u00fade Bucal da Crian\u00e7a e do Adolescente\" \/>\n<meta property=\"article:publisher\" content=\"https:\/\/www.facebook.com\/faoufmg\" \/>\n<meta property=\"article:modified_time\" content=\"2016-11-17T17:49:39+00:00\" \/>\n<meta name=\"twitter:card\" content=\"summary_large_image\" \/>\n<meta name=\"twitter:label1\" content=\"Est. tempo de leitura\" \/>\n\t<meta name=\"twitter:data1\" content=\"1 minuto\" \/>\n<script type=\"application\/ld+json\" class=\"yoast-schema-graph\">{\"@context\":\"https:\\\/\\\/schema.org\",\"@graph\":[{\"@type\":\"WebPage\",\"@id\":\"https:\\\/\\\/www.odonto.ufmg.br\\\/sca\\\/documentos\\\/atas\\\/\",\"url\":\"https:\\\/\\\/www.odonto.ufmg.br\\\/sca\\\/documentos\\\/atas\\\/\",\"name\":\"Atas - Departamento de Sa\u00fade Bucal da Crian\u00e7a e do Adolescente\",\"isPartOf\":{\"@id\":\"https:\\\/\\\/www.odonto.ufmg.br\\\/sca\\\/#website\"},\"datePublished\":\"2016-06-24T18:18:00+00:00\",\"dateModified\":\"2016-11-17T17:49:39+00:00\",\"description\":\"ATAS do Departamento de Odontopediatria e Ortodontia da UFMG.\",\"breadcrumb\":{\"@id\":\"https:\\\/\\\/www.odonto.ufmg.br\\\/sca\\\/documentos\\\/atas\\\/#breadcrumb\"},\"inLanguage\":\"pt-BR\",\"potentialAction\":[{\"@type\":\"ReadAction\",\"target\":[\"https:\\\/\\\/www.odonto.ufmg.br\\\/sca\\\/documentos\\\/atas\\\/\"]}]},{\"@type\":\"BreadcrumbList\",\"@id\":\"https:\\\/\\\/www.odonto.ufmg.br\\\/sca\\\/documentos\\\/atas\\\/#breadcrumb\",\"itemListElement\":[{\"@type\":\"ListItem\",\"position\":1,\"name\":\"In\u00edcio\",\"item\":\"https:\\\/\\\/www.odonto.ufmg.br\\\/sca\\\/inicio\\\/\"},{\"@type\":\"ListItem\",\"position\":2,\"name\":\"Documentos\",\"item\":\"https:\\\/\\\/www.odonto.ufmg.br\\\/sca\\\/documentos\\\/\"},{\"@type\":\"ListItem\",\"position\":3,\"name\":\"Atas\"}]},{\"@type\":\"WebSite\",\"@id\":\"https:\\\/\\\/www.odonto.ufmg.br\\\/sca\\\/#website\",\"url\":\"https:\\\/\\\/www.odonto.ufmg.br\\\/sca\\\/\",\"name\":\"Departamento de Sa\u00fade Bucal da Crian\u00e7a e do Adolescente\",\"description\":\"Faculdade de Odontologia - Universidade Federal de Minas Gerais\",\"publisher\":{\"@id\":\"https:\\\/\\\/www.odonto.ufmg.br\\\/sca\\\/#organization\"},\"potentialAction\":[{\"@type\":\"SearchAction\",\"target\":{\"@type\":\"EntryPoint\",\"urlTemplate\":\"https:\\\/\\\/www.odonto.ufmg.br\\\/sca\\\/?s={search_term_string}\"},\"query-input\":{\"@type\":\"PropertyValueSpecification\",\"valueRequired\":true,\"valueName\":\"search_term_string\"}}],\"inLanguage\":\"pt-BR\"},{\"@type\":\"Organization\",\"@id\":\"https:\\\/\\\/www.odonto.ufmg.br\\\/sca\\\/#organization\",\"name\":\"Departamento de Odontopediatria e Ortodontia\",\"url\":\"https:\\\/\\\/www.odonto.ufmg.br\\\/sca\\\/\",\"logo\":{\"@type\":\"ImageObject\",\"inLanguage\":\"pt-BR\",\"@id\":\"https:\\\/\\\/www.odonto.ufmg.br\\\/sca\\\/#\\\/schema\\\/logo\\\/image\\\/\",\"url\":\"https:\\\/\\\/www.odonto.ufmg.br\\\/sca\\\/wp-content\\\/uploads\\\/sites\\\/6\\\/2016\\\/02\\\/orto.svg\",\"contentUrl\":\"https:\\\/\\\/www.odonto.ufmg.br\\\/sca\\\/wp-content\\\/uploads\\\/sites\\\/6\\\/2016\\\/02\\\/orto.svg\",\"width\":1,\"height\":1,\"caption\":\"Departamento de Odontopediatria e Ortodontia\"},\"image\":{\"@id\":\"https:\\\/\\\/www.odonto.ufmg.br\\\/sca\\\/#\\\/schema\\\/logo\\\/image\\\/\"},\"sameAs\":[\"https:\\\/\\\/www.facebook.com\\\/faoufmg\"]}]}<\/script>\n<!-- \/ Yoast SEO plugin. -->","yoast_head_json":{"title":"Atas - Departamento de Sa\u00fade Bucal da Crian\u00e7a e do Adolescente","description":"ATAS do Departamento de Odontopediatria e Ortodontia da UFMG.","robots":{"index":"index","follow":"follow","max-snippet":"max-snippet:-1","max-image-preview":"max-image-preview:large","max-video-preview":"max-video-preview:-1"},"canonical":"https:\/\/www.odonto.ufmg.br\/sca\/documentos\/atas\/","og_locale":"pt_BR","og_type":"article","og_title":"Atas - Departamento de Sa\u00fade Bucal da Crian\u00e7a e do Adolescente","og_description":"ATAS do Departamento de Odontopediatria e Ortodontia da UFMG.","og_url":"https:\/\/www.odonto.ufmg.br\/sca\/documentos\/atas\/","og_site_name":"Departamento de Sa\u00fade Bucal da Crian\u00e7a e do Adolescente","article_publisher":"https:\/\/www.facebook.com\/faoufmg","article_modified_time":"2016-11-17T17:49:39+00:00","twitter_card":"summary_large_image","twitter_misc":{"Est. tempo de leitura":"1 minuto"},"schema":{"@context":"https:\/\/schema.org","@graph":[{"@type":"WebPage","@id":"https:\/\/www.odonto.ufmg.br\/sca\/documentos\/atas\/","url":"https:\/\/www.odonto.ufmg.br\/sca\/documentos\/atas\/","name":"Atas - Departamento de Sa\u00fade Bucal da Crian\u00e7a e do Adolescente","isPartOf":{"@id":"https:\/\/www.odonto.ufmg.br\/sca\/#website"},"datePublished":"2016-06-24T18:18:00+00:00","dateModified":"2016-11-17T17:49:39+00:00","description":"ATAS do Departamento de Odontopediatria e Ortodontia da UFMG.","breadcrumb":{"@id":"https:\/\/www.odonto.ufmg.br\/sca\/documentos\/atas\/#breadcrumb"},"inLanguage":"pt-BR","potentialAction":[{"@type":"ReadAction","target":["https:\/\/www.odonto.ufmg.br\/sca\/documentos\/atas\/"]}]},{"@type":"BreadcrumbList","@id":"https:\/\/www.odonto.ufmg.br\/sca\/documentos\/atas\/#breadcrumb","itemListElement":[{"@type":"ListItem","position":1,"name":"In\u00edcio","item":"https:\/\/www.odonto.ufmg.br\/sca\/inicio\/"},{"@type":"ListItem","position":2,"name":"Documentos","item":"https:\/\/www.odonto.ufmg.br\/sca\/documentos\/"},{"@type":"ListItem","position":3,"name":"Atas"}]},{"@type":"WebSite","@id":"https:\/\/www.odonto.ufmg.br\/sca\/#website","url":"https:\/\/www.odonto.ufmg.br\/sca\/","name":"Departamento de Sa\u00fade Bucal da Crian\u00e7a e do Adolescente","description":"Faculdade de Odontologia - Universidade Federal de Minas Gerais","publisher":{"@id":"https:\/\/www.odonto.ufmg.br\/sca\/#organization"},"potentialAction":[{"@type":"SearchAction","target":{"@type":"EntryPoint","urlTemplate":"https:\/\/www.odonto.ufmg.br\/sca\/?s={search_term_string}"},"query-input":{"@type":"PropertyValueSpecification","valueRequired":true,"valueName":"search_term_string"}}],"inLanguage":"pt-BR"},{"@type":"Organization","@id":"https:\/\/www.odonto.ufmg.br\/sca\/#organization","name":"Departamento de Odontopediatria e Ortodontia","url":"https:\/\/www.odonto.ufmg.br\/sca\/","logo":{"@type":"ImageObject","inLanguage":"pt-BR","@id":"https:\/\/www.odonto.ufmg.br\/sca\/#\/schema\/logo\/image\/","url":"https:\/\/www.odonto.ufmg.br\/sca\/wp-content\/uploads\/sites\/6\/2016\/02\/orto.svg","contentUrl":"https:\/\/www.odonto.ufmg.br\/sca\/wp-content\/uploads\/sites\/6\/2016\/02\/orto.svg","width":1,"height":1,"caption":"Departamento de Odontopediatria e Ortodontia"},"image":{"@id":"https:\/\/www.odonto.ufmg.br\/sca\/#\/schema\/logo\/image\/"},"sameAs":["https:\/\/www.facebook.com\/faoufmg"]}]}},"_links":{"self":[{"href":"https:\/\/www.odonto.ufmg.br\/sca\/wp-json\/wp\/v2\/pages\/697","targetHints":{"allow":["GET"]}}],"collection":[{"href":"https:\/\/www.odonto.ufmg.br\/sca\/wp-json\/wp\/v2\/pages"}],"about":[{"href":"https:\/\/www.odonto.ufmg.br\/sca\/wp-json\/wp\/v2\/types\/page"}],"author":[{"embeddable":true,"href":"https:\/\/www.odonto.ufmg.br\/sca\/wp-json\/wp\/v2\/users\/12"}],"replies":[{"embeddable":true,"href":"https:\/\/www.odonto.ufmg.br\/sca\/wp-json\/wp\/v2\/comments?post=697"}],"version-history":[{"count":34,"href":"https:\/\/www.odonto.ufmg.br\/sca\/wp-json\/wp\/v2\/pages\/697\/revisions"}],"predecessor-version":[{"id":1301,"href":"https:\/\/www.odonto.ufmg.br\/sca\/wp-json\/wp\/v2\/pages\/697\/revisions\/1301"}],"up":[{"embeddable":true,"href":"https:\/\/www.odonto.ufmg.br\/sca\/wp-json\/wp\/v2\/pages\/546"}],"wp:attachment":[{"href":"https:\/\/www.odonto.ufmg.br\/sca\/wp-json\/wp\/v2\/media?parent=697"}],"curies":[{"name":"wp","href":"https:\/\/api.w.org\/{rel}","templated":true}]}}