{"id":154,"date":"2015-07-16T09:12:44","date_gmt":"2015-07-16T09:12:44","guid":{"rendered":"http:\/\/test.kriesi.at\/minimal-portfolio\/?page_id=154"},"modified":"2022-09-14T09:34:10","modified_gmt":"2022-09-14T12:34:10","slug":"sobre","status":"publish","type":"page","link":"https:\/\/www.odonto.ufmg.br\/sca\/sobre\/","title":{"rendered":"Sobre"},"content":{"rendered":"<div id='av_section_1'  class='avia-section av-2m0zoq-e7b9e109109ebf392966e0bd42e45752 main_color avia-section-large avia-no-border-styling  avia-builder-el-0  avia-builder-el-no-sibling  avia-bg-style-scroll container_wrap sidebar_right'  ><div class='container av-section-cont-open' ><main  role=\"main\" itemprop=\"mainContentOfPage\"  class='template-page content  av-content-small alpha units'><div class='post-entry post-entry-type-page post-entry-154'><div class='entry-content-wrapper clearfix'>\n\n<style type=\"text\/css\" data-created_by=\"avia_inline_auto\" id=\"style-css-av-2dms22-d9f8964b85faaab354a33ff3660eec98\">\n.flex_column.av-2dms22-d9f8964b85faaab354a33ff3660eec98{\nborder-radius:0px 0px 0px 0px;\npadding:0px 0px 0px 0px;\n}\n<\/style>\n<div  class='flex_column av-2dms22-d9f8964b85faaab354a33ff3660eec98 av_one_full  avia-builder-el-1  el_before_av_hr  avia-builder-el-first  first flex_column_div av-animated-generic bottom-to-top av-zero-column-padding  '     ><p>\n<style type=\"text\/css\" data-created_by=\"avia_inline_auto\" id=\"style-css-av-jxuteo13-8de9bd96390dd0eddc571a2b5c8f4c1c\">\n#top .av-special-heading.av-jxuteo13-8de9bd96390dd0eddc571a2b5c8f4c1c{\npadding-bottom:10px;\ncolor:#af0000;\n}\nbody .av-special-heading.av-jxuteo13-8de9bd96390dd0eddc571a2b5c8f4c1c .av-special-heading-tag .heading-char{\nfont-size:25px;\n}\n.av-special-heading.av-jxuteo13-8de9bd96390dd0eddc571a2b5c8f4c1c .special-heading-inner-border{\nborder-color:#af0000;\n}\n.av-special-heading.av-jxuteo13-8de9bd96390dd0eddc571a2b5c8f4c1c .av-subheading{\nfont-size:15px;\n}\n<\/style>\n<div  class='av-special-heading av-jxuteo13-8de9bd96390dd0eddc571a2b5c8f4c1c av-special-heading-h3 custom-color-heading blockquote modern-quote  avia-builder-el-2  el_before_av_textblock  avia-builder-el-first '><h3 class='av-special-heading-tag '  itemprop=\"headline\"  >Departamento de Sa\u00fade da Crian\u00e7a e do Adolescente (SCA)<\/h3><div class=\"special-heading-border\"><div class=\"special-heading-inner-border\"><\/div><\/div><\/div><br \/>\n<section  class='av_textblock_section av-22va7m-a949d8ee6e5779c261df050da6c52f1b '   itemscope=\"itemscope\" itemtype=\"https:\/\/schema.org\/CreativeWork\" ><div class='avia_textblock'  itemprop=\"text\" ><p style=\"text-align: justify\">O Departamento de Sa\u00fade Bucal da Crian\u00e7a e do Adolescente &#8211; SCA &#8211; \u00e9 um dos quatro departamentos da Faculdade de Odontologia. Concentra duas \u00e1reas de conhecimento distintas, por\u00e9m com atua\u00e7\u00e3o integrada para a promo\u00e7\u00e3o da sa\u00fade dos pacientes por elas atendidos. Atua nos cursos de Gradua\u00e7\u00e3o, de P\u00f3s Gradua\u00e7\u00e3o n\u00edvel Especializa\u00e7\u00e3o, Mestrado, Doutorado e P\u00f3s Doutorado e tamb\u00e9m na extens\u00e3o com projetos, cursos de Aperfei\u00e7oamento e Atualiza\u00e7\u00e3o e presta\u00e7\u00e3o de servi\u00e7os. O Departamento conta atualmente com a participa\u00e7\u00e3o de 17 docentes altamente qualificados nacional e internacionalmente.<\/p>\n<\/div><\/section><\/p><\/div><div  class='hr av-1wbh0i-377d2f71865f0dc97d239e0d1c923d57 hr-default  avia-builder-el-4  el_after_av_one_full  el_before_av_one_half '><span class='hr-inner '><span class=\"hr-inner-style\"><\/span><\/span><\/div>\n\n<style type=\"text\/css\" data-created_by=\"avia_inline_auto\" id=\"style-css-av-1qc70i-c36d6f079a8237e3f877ccce901e6ada\">\n.flex_column.av-1qc70i-c36d6f079a8237e3f877ccce901e6ada{\nborder-radius:0px 0px 0px 0px;\npadding:0px 0px 0px 0px;\n}\n<\/style>\n<div  class='flex_column av-1qc70i-c36d6f079a8237e3f877ccce901e6ada av_one_half  avia-builder-el-5  el_after_av_hr  el_before_av_one_half  first flex_column_div av-animated-generic bottom-to-top av-zero-column-padding  '     ><p>\n<style type=\"text\/css\" data-created_by=\"avia_inline_auto\" id=\"style-css-av-l8mcq-dceaeac9964361f9472b0f5ece1c0025\">\n#top .av-special-heading.av-l8mcq-dceaeac9964361f9472b0f5ece1c0025{\npadding-bottom:10px;\ncolor:#af0000;\n}\nbody .av-special-heading.av-l8mcq-dceaeac9964361f9472b0f5ece1c0025 .av-special-heading-tag .heading-char{\nfont-size:25px;\n}\n.av-special-heading.av-l8mcq-dceaeac9964361f9472b0f5ece1c0025 .special-heading-inner-border{\nborder-color:#af0000;\n}\n.av-special-heading.av-l8mcq-dceaeac9964361f9472b0f5ece1c0025 .av-subheading{\nfont-size:15px;\n}\n<\/style>\n<div  class='av-special-heading av-l8mcq-dceaeac9964361f9472b0f5ece1c0025 av-special-heading-h3 custom-color-heading blockquote modern-quote  avia-builder-el-6  el_before_av_textblock  avia-builder-el-first '><h3 class='av-special-heading-tag '  itemprop=\"headline\"  >Administra\u00e7\u00e3o<\/h3><div class=\"special-heading-border\"><div class=\"special-heading-inner-border\"><\/div><\/div><\/div><br \/>\n<section  class='av_textblock_section av-1eokj6-a54ff52327e02834685048c7234f0bcd '   itemscope=\"itemscope\" itemtype=\"https:\/\/schema.org\/CreativeWork\" ><div class='avia_textblock'  itemprop=\"text\" ><p>Chefe: Prof\u00aa. Dr\u00aa.\u00a0 Cristiane Baccin Bendo Neves<br \/>\nSub-Chefe: Prof\u00aa. Dr\u00aa.\u00a0 Joana Ramos Jorge<br \/>\nSecret\u00e1rio Acad\u00eamico do Departamento: Ricardo Dias<\/p>\n<\/div><\/section><\/p><\/div>\n<style type=\"text\/css\" data-created_by=\"avia_inline_auto\" id=\"style-css-av-200pm-31b7e811ce865824a1d63fa9d0e07b93\">\n.flex_column.av-200pm-31b7e811ce865824a1d63fa9d0e07b93{\nborder-radius:0px 0px 0px 0px;\npadding:0px 0px 0px 0px;\n}\n<\/style>\n<div  class='flex_column av-200pm-31b7e811ce865824a1d63fa9d0e07b93 av_one_half  avia-builder-el-8  el_after_av_one_half  el_before_av_hr  flex_column_div av-animated-generic bottom-to-top av-zero-column-padding  '     ><p>\n<style type=\"text\/css\" data-created_by=\"avia_inline_auto\" id=\"style-css-av-98l42-d98fa8958248d77e3985796e3bf68360\">\n#top .av-special-heading.av-98l42-d98fa8958248d77e3985796e3bf68360{\npadding-bottom:10px;\ncolor:#af0000;\n}\nbody .av-special-heading.av-98l42-d98fa8958248d77e3985796e3bf68360 .av-special-heading-tag .heading-char{\nfont-size:25px;\n}\n.av-special-heading.av-98l42-d98fa8958248d77e3985796e3bf68360 .special-heading-inner-border{\nborder-color:#af0000;\n}\n.av-special-heading.av-98l42-d98fa8958248d77e3985796e3bf68360 .av-subheading{\nfont-size:15px;\n}\n<\/style>\n<div  class='av-special-heading av-98l42-d98fa8958248d77e3985796e3bf68360 av-special-heading-h3 custom-color-heading blockquote modern-quote  avia-builder-el-9  el_before_av_textblock  avia-builder-el-first '><h3 class='av-special-heading-tag '  itemprop=\"headline\"  >Coordena\u00e7\u00e3o de \u00c1rea<\/h3><div class=\"special-heading-border\"><div class=\"special-heading-inner-border\"><\/div><\/div><\/div><br \/>\n<section  class='av_textblock_section av-xkga-62eb7e13068d61385e57a654e9391adf '   itemscope=\"itemscope\" itemtype=\"https:\/\/schema.org\/CreativeWork\" ><div class='avia_textblock'  itemprop=\"text\" ><ul>\n<li>Prof\u00aa. Dr\u00aa. Joana Ramos Jorge<\/li>\n<\/ul>\n<\/div><\/section><\/p><\/div><div  class='hr av-ommbu-6559b922b384899dd8c5ec902d93a7c5 hr-default  avia-builder-el-11  el_after_av_one_half  el_before_av_one_half '><span class='hr-inner '><span class=\"hr-inner-style\"><\/span><\/span><\/div>\n\n<style type=\"text\/css\" data-created_by=\"avia_inline_auto\" id=\"style-css-av-196qma-f86ae47f59a467e02699311efa48ccb2\">\n.flex_column.av-196qma-f86ae47f59a467e02699311efa48ccb2{\nborder-radius:0px 0px 0px 0px;\npadding:0px 0px 0px 0px;\n}\n<\/style>\n<div  class='flex_column av-196qma-f86ae47f59a467e02699311efa48ccb2 av_one_half  avia-builder-el-12  el_after_av_hr  el_before_av_one_half  first flex_column_div av-animated-generic bottom-to-top av-zero-column-padding  '     ><p>\n<style type=\"text\/css\" data-created_by=\"avia_inline_auto\" id=\"style-css-av-datru-6539241c098b718a9ca04569cefa6ef7\">\n#top .av-special-heading.av-datru-6539241c098b718a9ca04569cefa6ef7{\npadding-bottom:10px;\ncolor:#af0000;\n}\nbody .av-special-heading.av-datru-6539241c098b718a9ca04569cefa6ef7 .av-special-heading-tag .heading-char{\nfont-size:25px;\n}\n.av-special-heading.av-datru-6539241c098b718a9ca04569cefa6ef7 .special-heading-inner-border{\nborder-color:#af0000;\n}\n.av-special-heading.av-datru-6539241c098b718a9ca04569cefa6ef7 .av-subheading{\nfont-size:15px;\n}\n<\/style>\n<div  class='av-special-heading av-datru-6539241c098b718a9ca04569cefa6ef7 av-special-heading-h3 custom-color-heading blockquote modern-quote  avia-builder-el-13  el_before_av_textblock  avia-builder-el-first '><h3 class='av-special-heading-tag '  itemprop=\"headline\"  >Assembl\u00e9ia e C\u00e2mara Departamental<\/h3><div class=\"special-heading-border\"><div class=\"special-heading-inner-border\"><\/div><\/div><\/div><br \/>\n<section  class='av_textblock_section av-z0m2a-61cc3a3af318def28f89aabe275b47d4 '   itemscope=\"itemscope\" itemtype=\"https:\/\/schema.org\/CreativeWork\" ><div class='avia_textblock'  itemprop=\"text\" ><p style=\"text-align: justify\">A Assembleia\/C\u00e2mara \u00e9 dirigida pelo Chefe do Departamento e dela participam todos os docentes ali lotados e os representantes dos servidores T\u00e9cnico-Administrativos em Educa\u00e7\u00e3o e do corpo discente nos termos do Estatuto da UFMG.<\/p>\n<\/div><\/section><\/p><\/div>\n<style type=\"text\/css\" data-created_by=\"avia_inline_auto\" id=\"style-css-av-8fl4q-6f2c127c50eb3a95089f4771ce0b5f10\">\n.flex_column.av-8fl4q-6f2c127c50eb3a95089f4771ce0b5f10{\nborder-radius:0px 0px 0px 0px;\npadding:0px 0px 0px 0px;\n}\n<\/style>\n<div  class='flex_column av-8fl4q-6f2c127c50eb3a95089f4771ce0b5f10 av_one_half  avia-builder-el-15  el_after_av_one_half  avia-builder-el-last  flex_column_div av-animated-generic bottom-to-top av-zero-column-padding  '     ><p>\n<style type=\"text\/css\" data-created_by=\"avia_inline_auto\" id=\"style-css-av-80pmy-393c31d064f6fc2db899ac6d837bedc2\">\n#top .av-special-heading.av-80pmy-393c31d064f6fc2db899ac6d837bedc2{\npadding-bottom:10px;\ncolor:#af0000;\n}\nbody .av-special-heading.av-80pmy-393c31d064f6fc2db899ac6d837bedc2 .av-special-heading-tag .heading-char{\nfont-size:25px;\n}\n.av-special-heading.av-80pmy-393c31d064f6fc2db899ac6d837bedc2 .special-heading-inner-border{\nborder-color:#af0000;\n}\n.av-special-heading.av-80pmy-393c31d064f6fc2db899ac6d837bedc2 .av-subheading{\nfont-size:15px;\n}\n<\/style>\n<div  class='av-special-heading av-80pmy-393c31d064f6fc2db899ac6d837bedc2 av-special-heading-h3 custom-color-heading blockquote modern-quote  avia-builder-el-16  el_before_av_iconlist  avia-builder-el-first  av-linked-heading'><h3 class='av-special-heading-tag '  itemprop=\"headline\"  >P\u00e1gina do Instagram<\/h3><div class=\"special-heading-border\"><div class=\"special-heading-inner-border\"><\/div><\/div><\/div><br \/>\n<div  class='avia-icon-list-container av-kmz87wvv-0ff16e340f71f780c8ca358f8c26d8ac  avia-builder-el-17  el_after_av_heading  avia-builder-el-last '><ul class='avia-icon-list avia_animate_when_almost_visible avia-icon-list-left av-iconlist-big av-kmz87wvv-0ff16e340f71f780c8ca358f8c26d8ac avia-iconlist-animate'>\n<li><div class='iconlist_icon av-kmz86w8x-55c56b1388e019cf5e64426e4e596e70 avia-font-entypo-fontello avia-iconfont avia-font-entypo-fontello'><span class='av-icon-char' data-av_icon='\uf16d' data-av_iconfont='entypo-fontello' aria-hidden=\"true\"><\/span><\/div><article class=\"article-icon-entry \"  itemscope=\"itemscope\" itemtype=\"https:\/\/schema.org\/CreativeWork\" ><div class=\"iconlist_content_wrap\"><header class=\"entry-content-header\" aria-label=\"Icon: &lt;a href=&#039;https:\/\/www.instagram.com\/odontopediatria_ufmg\/&#039; title=&#039;@odontopediatria_ufmg&#039; target=&quot;_blank&quot;  rel=&quot;noopener noreferrer&quot;&gt;@odontopediatria_ufmg&lt;\/a&gt;\"><h4 class='av_iconlist_title iconlist_title  '  itemprop=\"headline\" ><a href='https:\/\/www.instagram.com\/odontopediatria_ufmg\/' title='@odontopediatria_ufmg' target=\"_blank\"  rel=\"noopener noreferrer\">@odontopediatria_ufmg<\/a><\/h4><\/header><div class='iconlist_content '  itemprop=\"text\" ><p>Acesse nossa p\u00e1gina no Instagram e acompanhe nossas postagens di\u00e1rias.<\/p>\n<\/div><\/div><footer class=\"entry-footer\"><\/footer><\/article><div class=\"iconlist-timeline\"><\/div><\/li>\n<\/ul><\/div><\/p><\/div><\/div><\/div><\/main><!-- close content main element --><\/div><\/div><div id='after_section_1'  class='main_color av_default_container_wrap container_wrap sidebar_right'  ><div class='container av-section-cont-open' ><div class='template-page content  av-content-small alpha units'><div class='post-entry post-entry-type-page post-entry-154'><div class='entry-content-wrapper clearfix'>\n","protected":false},"excerpt":{"rendered":"","protected":false},"author":1,"featured_media":0,"parent":0,"menu_order":0,"comment_status":"closed","ping_status":"closed","template":"","meta":{"inline_featured_image":false,"footnotes":""},"class_list":["post-154","page","type-page","status-publish","hentry"],"yoast_head":"<!-- This site is optimized with the Yoast SEO plugin v27.3 - https:\/\/yoast.com\/product\/yoast-seo-wordpress\/ -->\n<title>Sobre - Departamento de Sa\u00fade Bucal da Crian\u00e7a e do Adolescente<\/title>\n<meta name=\"robots\" content=\"index, follow, max-snippet:-1, max-image-preview:large, max-video-preview:-1\" \/>\n<link rel=\"canonical\" href=\"https:\/\/www.odonto.ufmg.br\/sca\/sobre\/\" \/>\n<meta property=\"og:locale\" content=\"pt_BR\" \/>\n<meta property=\"og:type\" content=\"article\" \/>\n<meta property=\"og:title\" content=\"Sobre - Departamento de Sa\u00fade Bucal da Crian\u00e7a e do Adolescente\" \/>\n<meta property=\"og:url\" content=\"https:\/\/www.odonto.ufmg.br\/sca\/sobre\/\" \/>\n<meta property=\"og:site_name\" content=\"Departamento de Sa\u00fade Bucal da Crian\u00e7a e do Adolescente\" \/>\n<meta property=\"article:publisher\" content=\"https:\/\/www.facebook.com\/faoufmg\" \/>\n<meta property=\"article:modified_time\" content=\"2022-09-14T12:34:10+00:00\" \/>\n<meta name=\"twitter:card\" content=\"summary_large_image\" \/>\n<meta name=\"twitter:label1\" content=\"Est. tempo de leitura\" \/>\n\t<meta name=\"twitter:data1\" content=\"4 minutos\" \/>\n<script type=\"application\/ld+json\" class=\"yoast-schema-graph\">{\"@context\":\"https:\\\/\\\/schema.org\",\"@graph\":[{\"@type\":\"WebPage\",\"@id\":\"https:\\\/\\\/www.odonto.ufmg.br\\\/sca\\\/sobre\\\/\",\"url\":\"https:\\\/\\\/www.odonto.ufmg.br\\\/sca\\\/sobre\\\/\",\"name\":\"Sobre - Departamento de Sa\u00fade Bucal da Crian\u00e7a e do Adolescente\",\"isPartOf\":{\"@id\":\"https:\\\/\\\/www.odonto.ufmg.br\\\/sca\\\/#website\"},\"datePublished\":\"2015-07-16T09:12:44+00:00\",\"dateModified\":\"2022-09-14T12:34:10+00:00\",\"breadcrumb\":{\"@id\":\"https:\\\/\\\/www.odonto.ufmg.br\\\/sca\\\/sobre\\\/#breadcrumb\"},\"inLanguage\":\"pt-BR\",\"potentialAction\":[{\"@type\":\"ReadAction\",\"target\":[\"https:\\\/\\\/www.odonto.ufmg.br\\\/sca\\\/sobre\\\/\"]}]},{\"@type\":\"BreadcrumbList\",\"@id\":\"https:\\\/\\\/www.odonto.ufmg.br\\\/sca\\\/sobre\\\/#breadcrumb\",\"itemListElement\":[{\"@type\":\"ListItem\",\"position\":1,\"name\":\"In\u00edcio\",\"item\":\"https:\\\/\\\/www.odonto.ufmg.br\\\/sca\\\/inicio\\\/\"},{\"@type\":\"ListItem\",\"position\":2,\"name\":\"Sobre\"}]},{\"@type\":\"WebSite\",\"@id\":\"https:\\\/\\\/www.odonto.ufmg.br\\\/sca\\\/#website\",\"url\":\"https:\\\/\\\/www.odonto.ufmg.br\\\/sca\\\/\",\"name\":\"Departamento de Sa\u00fade Bucal da Crian\u00e7a e do Adolescente\",\"description\":\"Faculdade de Odontologia - Universidade Federal de Minas Gerais\",\"publisher\":{\"@id\":\"https:\\\/\\\/www.odonto.ufmg.br\\\/sca\\\/#organization\"},\"potentialAction\":[{\"@type\":\"SearchAction\",\"target\":{\"@type\":\"EntryPoint\",\"urlTemplate\":\"https:\\\/\\\/www.odonto.ufmg.br\\\/sca\\\/?s={search_term_string}\"},\"query-input\":{\"@type\":\"PropertyValueSpecification\",\"valueRequired\":true,\"valueName\":\"search_term_string\"}}],\"inLanguage\":\"pt-BR\"},{\"@type\":\"Organization\",\"@id\":\"https:\\\/\\\/www.odonto.ufmg.br\\\/sca\\\/#organization\",\"name\":\"Departamento de Odontopediatria e Ortodontia\",\"url\":\"https:\\\/\\\/www.odonto.ufmg.br\\\/sca\\\/\",\"logo\":{\"@type\":\"ImageObject\",\"inLanguage\":\"pt-BR\",\"@id\":\"https:\\\/\\\/www.odonto.ufmg.br\\\/sca\\\/#\\\/schema\\\/logo\\\/image\\\/\",\"url\":\"https:\\\/\\\/www.odonto.ufmg.br\\\/sca\\\/wp-content\\\/uploads\\\/sites\\\/6\\\/2016\\\/02\\\/orto.svg\",\"contentUrl\":\"https:\\\/\\\/www.odonto.ufmg.br\\\/sca\\\/wp-content\\\/uploads\\\/sites\\\/6\\\/2016\\\/02\\\/orto.svg\",\"width\":1,\"height\":1,\"caption\":\"Departamento de Odontopediatria e Ortodontia\"},\"image\":{\"@id\":\"https:\\\/\\\/www.odonto.ufmg.br\\\/sca\\\/#\\\/schema\\\/logo\\\/image\\\/\"},\"sameAs\":[\"https:\\\/\\\/www.facebook.com\\\/faoufmg\"]}]}<\/script>\n<!-- \/ Yoast SEO plugin. -->","yoast_head_json":{"title":"Sobre - Departamento de Sa\u00fade Bucal da Crian\u00e7a e do Adolescente","robots":{"index":"index","follow":"follow","max-snippet":"max-snippet:-1","max-image-preview":"max-image-preview:large","max-video-preview":"max-video-preview:-1"},"canonical":"https:\/\/www.odonto.ufmg.br\/sca\/sobre\/","og_locale":"pt_BR","og_type":"article","og_title":"Sobre - Departamento de Sa\u00fade Bucal da Crian\u00e7a e do Adolescente","og_url":"https:\/\/www.odonto.ufmg.br\/sca\/sobre\/","og_site_name":"Departamento de Sa\u00fade Bucal da Crian\u00e7a e do Adolescente","article_publisher":"https:\/\/www.facebook.com\/faoufmg","article_modified_time":"2022-09-14T12:34:10+00:00","twitter_card":"summary_large_image","twitter_misc":{"Est. tempo de leitura":"4 minutos"},"schema":{"@context":"https:\/\/schema.org","@graph":[{"@type":"WebPage","@id":"https:\/\/www.odonto.ufmg.br\/sca\/sobre\/","url":"https:\/\/www.odonto.ufmg.br\/sca\/sobre\/","name":"Sobre - Departamento de Sa\u00fade Bucal da Crian\u00e7a e do Adolescente","isPartOf":{"@id":"https:\/\/www.odonto.ufmg.br\/sca\/#website"},"datePublished":"2015-07-16T09:12:44+00:00","dateModified":"2022-09-14T12:34:10+00:00","breadcrumb":{"@id":"https:\/\/www.odonto.ufmg.br\/sca\/sobre\/#breadcrumb"},"inLanguage":"pt-BR","potentialAction":[{"@type":"ReadAction","target":["https:\/\/www.odonto.ufmg.br\/sca\/sobre\/"]}]},{"@type":"BreadcrumbList","@id":"https:\/\/www.odonto.ufmg.br\/sca\/sobre\/#breadcrumb","itemListElement":[{"@type":"ListItem","position":1,"name":"In\u00edcio","item":"https:\/\/www.odonto.ufmg.br\/sca\/inicio\/"},{"@type":"ListItem","position":2,"name":"Sobre"}]},{"@type":"WebSite","@id":"https:\/\/www.odonto.ufmg.br\/sca\/#website","url":"https:\/\/www.odonto.ufmg.br\/sca\/","name":"Departamento de Sa\u00fade Bucal da Crian\u00e7a e do Adolescente","description":"Faculdade de Odontologia - Universidade Federal de Minas Gerais","publisher":{"@id":"https:\/\/www.odonto.ufmg.br\/sca\/#organization"},"potentialAction":[{"@type":"SearchAction","target":{"@type":"EntryPoint","urlTemplate":"https:\/\/www.odonto.ufmg.br\/sca\/?s={search_term_string}"},"query-input":{"@type":"PropertyValueSpecification","valueRequired":true,"valueName":"search_term_string"}}],"inLanguage":"pt-BR"},{"@type":"Organization","@id":"https:\/\/www.odonto.ufmg.br\/sca\/#organization","name":"Departamento de Odontopediatria e Ortodontia","url":"https:\/\/www.odonto.ufmg.br\/sca\/","logo":{"@type":"ImageObject","inLanguage":"pt-BR","@id":"https:\/\/www.odonto.ufmg.br\/sca\/#\/schema\/logo\/image\/","url":"https:\/\/www.odonto.ufmg.br\/sca\/wp-content\/uploads\/sites\/6\/2016\/02\/orto.svg","contentUrl":"https:\/\/www.odonto.ufmg.br\/sca\/wp-content\/uploads\/sites\/6\/2016\/02\/orto.svg","width":1,"height":1,"caption":"Departamento de Odontopediatria e Ortodontia"},"image":{"@id":"https:\/\/www.odonto.ufmg.br\/sca\/#\/schema\/logo\/image\/"},"sameAs":["https:\/\/www.facebook.com\/faoufmg"]}]}},"_links":{"self":[{"href":"https:\/\/www.odonto.ufmg.br\/sca\/wp-json\/wp\/v2\/pages\/154","targetHints":{"allow":["GET"]}}],"collection":[{"href":"https:\/\/www.odonto.ufmg.br\/sca\/wp-json\/wp\/v2\/pages"}],"about":[{"href":"https:\/\/www.odonto.ufmg.br\/sca\/wp-json\/wp\/v2\/types\/page"}],"author":[{"embeddable":true,"href":"https:\/\/www.odonto.ufmg.br\/sca\/wp-json\/wp\/v2\/users\/1"}],"replies":[{"embeddable":true,"href":"https:\/\/www.odonto.ufmg.br\/sca\/wp-json\/wp\/v2\/comments?post=154"}],"version-history":[{"count":35,"href":"https:\/\/www.odonto.ufmg.br\/sca\/wp-json\/wp\/v2\/pages\/154\/revisions"}],"predecessor-version":[{"id":3924,"href":"https:\/\/www.odonto.ufmg.br\/sca\/wp-json\/wp\/v2\/pages\/154\/revisions\/3924"}],"wp:attachment":[{"href":"https:\/\/www.odonto.ufmg.br\/sca\/wp-json\/wp\/v2\/media?parent=154"}],"curies":[{"name":"wp","href":"https:\/\/api.w.org\/{rel}","templated":true}]}}