{"id":938,"date":"2020-08-10T00:39:25","date_gmt":"2020-08-10T03:39:25","guid":{"rendered":"https:\/\/www.odonto.ufmg.br\/paixao\/?page_id=938"},"modified":"2020-08-20T10:20:53","modified_gmt":"2020-08-20T13:20:53","slug":"covid-19","status":"publish","type":"page","link":"https:\/\/www.odonto.ufmg.br\/paixao\/covid-19\/","title":{"rendered":"COVID-19"},"content":{"rendered":"\n<style type=\"text\/css\" data-created_by=\"avia_inline_auto\" id=\"style-css-av-kdnyyeek-665bd22c00c8826557032a818e5a7bf6\">\n.avia-image-container.av-kdnyyeek-665bd22c00c8826557032a818e5a7bf6 img.avia_image{\nbox-shadow:none;\n}\n.avia-image-container.av-kdnyyeek-665bd22c00c8826557032a818e5a7bf6 .av-image-caption-overlay-center{\ncolor:#ffffff;\n}\n<\/style>\n<div  class='avia-image-container av-kdnyyeek-665bd22c00c8826557032a818e5a7bf6 av-styling- avia-align-center  avia-builder-el-0  el_before_av_three_fourth  avia-builder-el-first '   itemprop=\"image\" itemscope=\"itemscope\" itemtype=\"https:\/\/schema.org\/ImageObject\" ><div class=\"avia-image-container-inner\"><div class=\"avia-image-overlay-wrap\"><img fetchpriority=\"high\" class='wp-image-942 avia-img-lazy-loading-not-942 avia_image ' src='https:\/\/www.odonto.ufmg.br\/paixao\/wp-content\/uploads\/sites\/18\/2020\/08\/painel-covid.png' alt='' title='painel-covid'  height=\"217\" width=\"1454\"  itemprop=\"thumbnailUrl\"  \/><\/div><\/div><\/div>\n\n<style type=\"text\/css\" data-created_by=\"avia_inline_auto\" id=\"style-css-av-kleje-0e7afe805725f3cb78c06d1777467147\">\n.flex_column.av-kleje-0e7afe805725f3cb78c06d1777467147{\nborder-radius:0px 0px 0px 0px;\npadding:0px 0px 0px 0px;\n}\n<\/style>\n<div  class='flex_column av-kleje-0e7afe805725f3cb78c06d1777467147 av_three_fourth  avia-builder-el-1  el_after_av_image  el_before_av_one_fourth  first flex_column_div av-zero-column-padding  '     ><style type=\"text\/css\" data-created_by=\"avia_inline_auto\" id=\"style-css-av-kdnz239u-ad5d3f35f7b5f4d1909ea8fc0bba3cc0\">\n.avia-image-container.av-kdnz239u-ad5d3f35f7b5f4d1909ea8fc0bba3cc0 img.avia_image{\nbox-shadow:none;\n}\n.avia-image-container.av-kdnz239u-ad5d3f35f7b5f4d1909ea8fc0bba3cc0 .av-image-caption-overlay-center{\ncolor:#ffffff;\n}\n<\/style>\n<div  class='avia-image-container av-kdnz239u-ad5d3f35f7b5f4d1909ea8fc0bba3cc0 av-styling- avia-align-center  avia-builder-el-2  avia-builder-el-no-sibling '   itemprop=\"image\" itemscope=\"itemscope\" itemtype=\"https:\/\/schema.org\/ImageObject\" ><div class=\"avia-image-container-inner\"><div class=\"avia-image-overlay-wrap\"><img fetchpriority=\"high\" class='wp-image- avia-img-lazy-loading-not- avia_image ' src='https:\/\/www.odonto.ufmg.br\/paixao\/wp-content\/uploads\/sites\/18\/2020\/08\/dados-painel.png' alt='' title=''   itemprop=\"thumbnailUrl\"  \/><\/div><\/div><\/div><\/div>\n\n<style type=\"text\/css\" data-created_by=\"avia_inline_auto\" id=\"style-css-av-exxoy-551872ad8d4f91bc4d2923dc1c6275f8\">\n.flex_column.av-exxoy-551872ad8d4f91bc4d2923dc1c6275f8{\nborder-radius:0px 0px 0px 0px;\npadding:0px 0px 0px 0px;\n}\n<\/style>\n<div  class='flex_column av-exxoy-551872ad8d4f91bc4d2923dc1c6275f8 av_one_fourth  avia-builder-el-3  el_after_av_three_fourth  el_before_av_one_full  flex_column_div av-zero-column-padding  '     ><p>\n<style type=\"text\/css\" data-created_by=\"avia_inline_auto\" id=\"style-css-av-kdnz6wzx-6a7c27ad4560cb81047988e96cd8378e\">\n#top .hr.hr-invisible.av-kdnz6wzx-6a7c27ad4560cb81047988e96cd8378e{\nheight:50px;\n}\n<\/style>\n<div  class='hr av-kdnz6wzx-6a7c27ad4560cb81047988e96cd8378e hr-invisible  avia-builder-el-4  el_before_av_image  avia-builder-el-first '><span class='hr-inner '><span class=\"hr-inner-style\"><\/span><\/span><\/div><br \/>\n\n<style type=\"text\/css\" data-created_by=\"avia_inline_auto\" id=\"style-css-av-7zriq-d5c6c45cf1524064e05239f0fe9c61dd\">\n.avia-image-container.av-7zriq-d5c6c45cf1524064e05239f0fe9c61dd img.avia_image{\nbox-shadow:none;\n}\n.avia-image-container.av-7zriq-d5c6c45cf1524064e05239f0fe9c61dd .av-image-caption-overlay-center{\ncolor:#ffffff;\n}\n<\/style>\n<div  class='avia-image-container av-7zriq-d5c6c45cf1524064e05239f0fe9c61dd av-styling- av-img-linked avia-align-center  avia-builder-el-5  el_after_av_hr  avia-builder-el-last '   itemprop=\"image\" itemscope=\"itemscope\" itemtype=\"https:\/\/schema.org\/ImageObject\" ><div class=\"avia-image-container-inner\"><div class=\"avia-image-overlay-wrap\"><a href=\"http:\/\/150.164.105.12\/\" class='avia_image '  target=\"_blank\"  rel=\"noopener noreferrer\" aria-label='acessar'><img fetchpriority=\"high\" class='wp-image-950 avia-img-lazy-loading-not-950 avia_image ' src='https:\/\/www.odonto.ufmg.br\/paixao\/wp-content\/uploads\/sites\/18\/2020\/08\/acessar.png' alt='' title='acessar'  height=\"396\" width=\"709\"  itemprop=\"thumbnailUrl\"  \/><\/a><\/div><\/div><\/div><\/p><\/div>\n\n<style type=\"text\/css\" data-created_by=\"avia_inline_auto\" id=\"style-css-av-av_one_full-25347b0a799d5b9f7058434b2a9c3182\">\n.flex_column.av-av_one_full-25347b0a799d5b9f7058434b2a9c3182{\nborder-radius:0px 0px 0px 0px;\npadding:0px 0px 0px 0px;\n}\n<\/style>\n<div  class='flex_column av-av_one_full-25347b0a799d5b9f7058434b2a9c3182 av_one_full  avia-builder-el-6  el_after_av_one_fourth  avia-builder-el-last  first flex_column_div av-zero-column-padding  column-top-margin'     ><section  class='av_textblock_section av-ke2u1oab-1e850b205fdb22e1218256718b19bb38 '   itemscope=\"itemscope\" itemtype=\"https:\/\/schema.org\/CreativeWork\" ><div class='avia_textblock'  itemprop=\"text\" ><p><a href=\"https:\/\/onlinelibrary.wiley.com\/doi\/epdf\/10.1111\/jgs.16744\" target=\"_blank\" rel=\"noopener noreferrer\">Artigo: Do COVID-19 Control Guidelines for Long-Term CareFacilities Include Oral Healthcare Orientati ons<\/a><\/p>\n<\/div><\/section><\/div>\n","protected":false},"excerpt":{"rendered":"","protected":false},"author":5,"featured_media":0,"parent":0,"menu_order":0,"comment_status":"closed","ping_status":"closed","template":"","meta":{"inline_featured_image":false,"footnotes":""},"class_list":["post-938","page","type-page","status-publish","hentry"],"yoast_head":"<!-- This site is optimized with the Yoast SEO plugin v27.3 - https:\/\/yoast.com\/product\/yoast-seo-wordpress\/ -->\n<title>COVID-19 - N\u00facleo de Estudos em Sa\u00fade Coletiva Paix\u00e3o<\/title>\n<meta name=\"robots\" content=\"index, follow, max-snippet:-1, max-image-preview:large, max-video-preview:-1\" \/>\n<link rel=\"canonical\" href=\"https:\/\/www.odonto.ufmg.br\/paixao\/covid-19\/\" \/>\n<meta property=\"og:locale\" content=\"pt_BR\" \/>\n<meta property=\"og:type\" content=\"article\" \/>\n<meta property=\"og:title\" content=\"COVID-19 - N\u00facleo de Estudos em Sa\u00fade Coletiva Paix\u00e3o\" \/>\n<meta property=\"og:url\" content=\"https:\/\/www.odonto.ufmg.br\/paixao\/covid-19\/\" \/>\n<meta property=\"og:site_name\" content=\"N\u00facleo de Estudos em Sa\u00fade Coletiva Paix\u00e3o\" \/>\n<meta property=\"article:modified_time\" content=\"2020-08-20T13:20:53+00:00\" \/>\n<meta name=\"twitter:card\" content=\"summary_large_image\" \/>\n<meta name=\"twitter:label1\" content=\"Est. tempo de leitura\" \/>\n\t<meta name=\"twitter:data1\" content=\"3 minutos\" \/>\n<script type=\"application\/ld+json\" class=\"yoast-schema-graph\">{\"@context\":\"https:\\\/\\\/schema.org\",\"@graph\":[{\"@type\":\"WebPage\",\"@id\":\"https:\\\/\\\/www.odonto.ufmg.br\\\/paixao\\\/covid-19\\\/\",\"url\":\"https:\\\/\\\/www.odonto.ufmg.br\\\/paixao\\\/covid-19\\\/\",\"name\":\"COVID-19 - N\u00facleo de Estudos em Sa\u00fade Coletiva Paix\u00e3o\",\"isPartOf\":{\"@id\":\"https:\\\/\\\/www.odonto.ufmg.br\\\/paixao\\\/#website\"},\"datePublished\":\"2020-08-10T03:39:25+00:00\",\"dateModified\":\"2020-08-20T13:20:53+00:00\",\"breadcrumb\":{\"@id\":\"https:\\\/\\\/www.odonto.ufmg.br\\\/paixao\\\/covid-19\\\/#breadcrumb\"},\"inLanguage\":\"pt-BR\",\"potentialAction\":[{\"@type\":\"ReadAction\",\"target\":[\"https:\\\/\\\/www.odonto.ufmg.br\\\/paixao\\\/covid-19\\\/\"]}]},{\"@type\":\"BreadcrumbList\",\"@id\":\"https:\\\/\\\/www.odonto.ufmg.br\\\/paixao\\\/covid-19\\\/#breadcrumb\",\"itemListElement\":[{\"@type\":\"ListItem\",\"position\":1,\"name\":\"In\u00edcio\",\"item\":\"https:\\\/\\\/www.odonto.ufmg.br\\\/paixao\\\/\"},{\"@type\":\"ListItem\",\"position\":2,\"name\":\"COVID-19\"}]},{\"@type\":\"WebSite\",\"@id\":\"https:\\\/\\\/www.odonto.ufmg.br\\\/paixao\\\/#website\",\"url\":\"https:\\\/\\\/www.odonto.ufmg.br\\\/paixao\\\/\",\"name\":\"N\u00facleo de Estudos em Sa\u00fade Coletiva Paix\u00e3o\",\"description\":\"Grupo de pesquisa da Faculdade de Odontologia da Universidade Federal de Minas Gerais\",\"potentialAction\":[{\"@type\":\"SearchAction\",\"target\":{\"@type\":\"EntryPoint\",\"urlTemplate\":\"https:\\\/\\\/www.odonto.ufmg.br\\\/paixao\\\/?s={search_term_string}\"},\"query-input\":{\"@type\":\"PropertyValueSpecification\",\"valueRequired\":true,\"valueName\":\"search_term_string\"}}],\"inLanguage\":\"pt-BR\"}]}<\/script>\n<!-- \/ Yoast SEO plugin. -->","yoast_head_json":{"title":"COVID-19 - N\u00facleo de Estudos em Sa\u00fade Coletiva Paix\u00e3o","robots":{"index":"index","follow":"follow","max-snippet":"max-snippet:-1","max-image-preview":"max-image-preview:large","max-video-preview":"max-video-preview:-1"},"canonical":"https:\/\/www.odonto.ufmg.br\/paixao\/covid-19\/","og_locale":"pt_BR","og_type":"article","og_title":"COVID-19 - N\u00facleo de Estudos em Sa\u00fade Coletiva Paix\u00e3o","og_url":"https:\/\/www.odonto.ufmg.br\/paixao\/covid-19\/","og_site_name":"N\u00facleo de Estudos em Sa\u00fade Coletiva Paix\u00e3o","article_modified_time":"2020-08-20T13:20:53+00:00","twitter_card":"summary_large_image","twitter_misc":{"Est. tempo de leitura":"3 minutos"},"schema":{"@context":"https:\/\/schema.org","@graph":[{"@type":"WebPage","@id":"https:\/\/www.odonto.ufmg.br\/paixao\/covid-19\/","url":"https:\/\/www.odonto.ufmg.br\/paixao\/covid-19\/","name":"COVID-19 - N\u00facleo de Estudos em Sa\u00fade Coletiva Paix\u00e3o","isPartOf":{"@id":"https:\/\/www.odonto.ufmg.br\/paixao\/#website"},"datePublished":"2020-08-10T03:39:25+00:00","dateModified":"2020-08-20T13:20:53+00:00","breadcrumb":{"@id":"https:\/\/www.odonto.ufmg.br\/paixao\/covid-19\/#breadcrumb"},"inLanguage":"pt-BR","potentialAction":[{"@type":"ReadAction","target":["https:\/\/www.odonto.ufmg.br\/paixao\/covid-19\/"]}]},{"@type":"BreadcrumbList","@id":"https:\/\/www.odonto.ufmg.br\/paixao\/covid-19\/#breadcrumb","itemListElement":[{"@type":"ListItem","position":1,"name":"In\u00edcio","item":"https:\/\/www.odonto.ufmg.br\/paixao\/"},{"@type":"ListItem","position":2,"name":"COVID-19"}]},{"@type":"WebSite","@id":"https:\/\/www.odonto.ufmg.br\/paixao\/#website","url":"https:\/\/www.odonto.ufmg.br\/paixao\/","name":"N\u00facleo de Estudos em Sa\u00fade Coletiva Paix\u00e3o","description":"Grupo de pesquisa da Faculdade de Odontologia da Universidade Federal de Minas Gerais","potentialAction":[{"@type":"SearchAction","target":{"@type":"EntryPoint","urlTemplate":"https:\/\/www.odonto.ufmg.br\/paixao\/?s={search_term_string}"},"query-input":{"@type":"PropertyValueSpecification","valueRequired":true,"valueName":"search_term_string"}}],"inLanguage":"pt-BR"}]}},"_links":{"self":[{"href":"https:\/\/www.odonto.ufmg.br\/paixao\/wp-json\/wp\/v2\/pages\/938","targetHints":{"allow":["GET"]}}],"collection":[{"href":"https:\/\/www.odonto.ufmg.br\/paixao\/wp-json\/wp\/v2\/pages"}],"about":[{"href":"https:\/\/www.odonto.ufmg.br\/paixao\/wp-json\/wp\/v2\/types\/page"}],"author":[{"embeddable":true,"href":"https:\/\/www.odonto.ufmg.br\/paixao\/wp-json\/wp\/v2\/users\/5"}],"replies":[{"embeddable":true,"href":"https:\/\/www.odonto.ufmg.br\/paixao\/wp-json\/wp\/v2\/comments?post=938"}],"version-history":[{"count":12,"href":"https:\/\/www.odonto.ufmg.br\/paixao\/wp-json\/wp\/v2\/pages\/938\/revisions"}],"predecessor-version":[{"id":971,"href":"https:\/\/www.odonto.ufmg.br\/paixao\/wp-json\/wp\/v2\/pages\/938\/revisions\/971"}],"wp:attachment":[{"href":"https:\/\/www.odonto.ufmg.br\/paixao\/wp-json\/wp\/v2\/media?parent=938"}],"curies":[{"name":"wp","href":"https:\/\/api.w.org\/{rel}","templated":true}]}}