{"id":573,"date":"2018-05-22T09:52:16","date_gmt":"2018-05-22T12:52:16","guid":{"rendered":"https:\/\/www.odonto.ufmg.br\/paixao\/?page_id=573"},"modified":"2018-05-22T11:56:23","modified_gmt":"2018-05-22T14:56:23","slug":"pesquisa","status":"publish","type":"page","link":"https:\/\/www.odonto.ufmg.br\/paixao\/pesquisa\/","title":{"rendered":"PESQUISA"},"content":{"rendered":"<div id='av_section_1'  class='avia-section av-av_section-bb9bdb22c7f9e6bf1d52c155825dc7f7 main_color avia-section-default avia-no-shadow  avia-builder-el-0  avia-builder-el-no-sibling  avia-bg-style-scroll container_wrap fullsize'  ><div class='container av-section-cont-open' ><main  role=\"main\" itemprop=\"mainContentOfPage\"  class='template-page content  av-content-full alpha units'><div class='post-entry post-entry-type-page post-entry-573'><div class='entry-content-wrapper clearfix'>\n\n<style type=\"text\/css\" data-created_by=\"avia_inline_auto\" id=\"style-css-av-av_one_full-6126cab7d8fab8d08143dd2dacdf673c\">\n.flex_column.av-av_one_full-6126cab7d8fab8d08143dd2dacdf673c{\nborder-radius:0px 0px 0px 0px;\npadding:0px 0px 0px 0px;\n}\n<\/style>\n<div  class='flex_column av-av_one_full-6126cab7d8fab8d08143dd2dacdf673c av_one_full  avia-builder-el-1  avia-builder-el-no-sibling  first flex_column_div av-zero-column-padding  '     ><p>\n<style type=\"text\/css\" data-created_by=\"avia_inline_auto\" id=\"style-css-av-av_heading-d39d47994f83c5b95a695997f84c9ce1\">\n#top .av-special-heading.av-av_heading-d39d47994f83c5b95a695997f84c9ce1{\npadding-bottom:20px;\n}\nbody .av-special-heading.av-av_heading-d39d47994f83c5b95a695997f84c9ce1 .av-special-heading-tag .heading-char{\nfont-size:25px;\n}\n.av-special-heading.av-av_heading-d39d47994f83c5b95a695997f84c9ce1 .av-subheading{\nfont-size:15px;\n}\n<\/style>\n<div  class='av-special-heading av-av_heading-d39d47994f83c5b95a695997f84c9ce1 av-special-heading-h3 meta-heading  avia-builder-el-2  el_before_av_iconlist  avia-builder-el-first '><h3 class='av-special-heading-tag '  itemprop=\"headline\"  >Linhas de Atua\u00e7\u00e3o<\/h3><div class=\"special-heading-border\"><div class=\"special-heading-inner-border\"><\/div><\/div><\/div><br \/>\n\n<style type=\"text\/css\" data-created_by=\"avia_inline_auto\" id=\"style-css-av-av_iconlist-969964d5dc4108e4946c2c11db6b3b79\">\n#top .avia-icon-list-container.av-av_iconlist-969964d5dc4108e4946c2c11db6b3b79 .iconlist_icon{\ncolor:#ffffff;\nbackground-color:#edae44;\n}\n#top .avia-icon-list-container.av-av_iconlist-969964d5dc4108e4946c2c11db6b3b79 .iconlist_icon svg:first-child{\nstroke:#ffffff;\nfill:#ffffff;\n}\n<\/style>\n<div  class='avia-icon-list-container av-av_iconlist-969964d5dc4108e4946c2c11db6b3b79  avia-builder-el-3  el_after_av_heading  avia-builder-el-last '><ul class='avia-icon-list avia_animate_when_almost_visible avia-icon-list-left av-iconlist-big av-av_iconlist-969964d5dc4108e4946c2c11db6b3b79 avia-iconlist-animate'>\n<li><div class='iconlist_icon av-av_iconlist_item-028be2d5052150cc16e91f8d999f68b7 avia-font-entypo-fontello avia-iconfont avia-font-entypo-fontello'><span class='av-icon-char' data-av_icon='\ue80b' data-av_iconfont='entypo-fontello' aria-hidden=\"true\"><\/span><\/div><article class=\"article-icon-entry av-iconlist-empty\"  itemscope=\"itemscope\" itemtype=\"https:\/\/schema.org\/CreativeWork\" ><div class=\"iconlist_content_wrap\"><header class=\"entry-content-header\" aria-label=\"Icon: Articula\u00e7\u00e3o ensino-servi\u00e7o-pesquisa.\"><h4 class='av_iconlist_title iconlist_title  '  itemprop=\"headline\" >Articula\u00e7\u00e3o ensino-servi\u00e7o-pesquisa.<\/h4><\/header><div class='iconlist_content '  itemprop=\"text\" ><\/div><\/div><footer class=\"entry-footer\"><\/footer><\/article><div class=\"iconlist-timeline\"><\/div><\/li>\n<li><div class='iconlist_icon av-av_iconlist_item-fda47f065776842ff4dec214bab4095e avia-font-entypo-fontello avia-iconfont avia-font-entypo-fontello'><span class='av-icon-char' data-av_icon='\ue8e1' data-av_iconfont='entypo-fontello' aria-hidden=\"true\"><\/span><\/div><article class=\"article-icon-entry av-iconlist-empty\"  itemscope=\"itemscope\" itemtype=\"https:\/\/schema.org\/CreativeWork\" ><div class=\"iconlist_content_wrap\"><header class=\"entry-content-header\" aria-label=\"Icon: Epidemiologia aplicada ao Servi\u00e7o de Sa\u00fade.\"><h4 class='av_iconlist_title iconlist_title  '  itemprop=\"headline\" >Epidemiologia aplicada ao Servi\u00e7o de Sa\u00fade.<\/h4><\/header><div class='iconlist_content '  itemprop=\"text\" ><\/div><\/div><footer class=\"entry-footer\"><\/footer><\/article><div class=\"iconlist-timeline\"><\/div><\/li>\n<li><div class='iconlist_icon av-av_iconlist_item-c2be2d227e222ece8492de4e55cf6cd7 avia-font-entypo-fontello avia-iconfont avia-font-entypo-fontello'><span class='av-icon-char' data-av_icon='\ue80a' data-av_iconfont='entypo-fontello' aria-hidden=\"true\"><\/span><\/div><article class=\"article-icon-entry av-iconlist-empty\"  itemscope=\"itemscope\" itemtype=\"https:\/\/schema.org\/CreativeWork\" ><div class=\"iconlist_content_wrap\"><header class=\"entry-content-header\" aria-label=\"Icon: Epidemiologia e controle das doen\u00e7as bucais.\"><h4 class='av_iconlist_title iconlist_title  '  itemprop=\"headline\" >Epidemiologia e controle das doen\u00e7as bucais.<\/h4><\/header><div class='iconlist_content '  itemprop=\"text\" ><\/div><\/div><footer class=\"entry-footer\"><\/footer><\/article><div class=\"iconlist-timeline\"><\/div><\/li>\n<li><div class='iconlist_icon av-av_iconlist_item-2993fc8efaccb8ade1d13f75f2470ffa avia-font-entypo-fontello avia-iconfont avia-font-entypo-fontello'><span class='av-icon-char' data-av_icon='\ue84b' data-av_iconfont='entypo-fontello' aria-hidden=\"true\"><\/span><\/div><article class=\"article-icon-entry av-iconlist-empty\"  itemscope=\"itemscope\" itemtype=\"https:\/\/schema.org\/CreativeWork\" ><div class=\"iconlist_content_wrap\"><header class=\"entry-content-header\" aria-label=\"Icon: Pol\u00edticas P\u00fablicas, Planejamento, Gest\u00e3o e Avalia\u00e7\u00e3o em Sa\u00fade.\"><h4 class='av_iconlist_title iconlist_title  '  itemprop=\"headline\" >Pol\u00edticas P\u00fablicas, Planejamento, Gest\u00e3o e Avalia\u00e7\u00e3o em Sa\u00fade.<\/h4><\/header><div class='iconlist_content '  itemprop=\"text\" ><\/div><\/div><footer class=\"entry-footer\"><\/footer><\/article><div class=\"iconlist-timeline\"><\/div><\/li>\n<li><div class='iconlist_icon av-av_iconlist_item-deb5b62b1d2984557f14abe221c3b820 avia-font-entypo-fontello avia-iconfont avia-font-entypo-fontello'><span class='av-icon-char' data-av_icon='\ue806' data-av_iconfont='entypo-fontello' aria-hidden=\"true\"><\/span><\/div><article class=\"article-icon-entry av-iconlist-empty\"  itemscope=\"itemscope\" itemtype=\"https:\/\/schema.org\/CreativeWork\" ><div class=\"iconlist_content_wrap\"><header class=\"entry-content-header\" aria-label=\"Icon: Promo\u00e7\u00e3o da sa\u00fade (empoderamento, fortalecimento da a\u00e7\u00e3o comunit\u00e1ria, intersetorialidade, educa\u00e7\u00e3o em sa\u00fade, etc).\"><h4 class='av_iconlist_title iconlist_title  '  itemprop=\"headline\" >Promo\u00e7\u00e3o da sa\u00fade (empoderamento, fortalecimento da a\u00e7\u00e3o comunit\u00e1ria, intersetorialidade, educa\u00e7\u00e3o em sa\u00fade, etc).<\/h4><\/header><div class='iconlist_content '  itemprop=\"text\" ><\/div><\/div><footer class=\"entry-footer\"><\/footer><\/article><div class=\"iconlist-timeline\"><\/div><\/li>\n<li><div class='iconlist_icon av-av_iconlist_item-fb24beb357d2e08e0d8e934ec86f6d84 avia-font-entypo-fontello avia-iconfont avia-font-entypo-fontello'><span class='av-icon-char' data-av_icon='\ue8d6' data-av_iconfont='entypo-fontello' aria-hidden=\"true\"><\/span><\/div><article class=\"article-icon-entry av-iconlist-empty\"  itemscope=\"itemscope\" itemtype=\"https:\/\/schema.org\/CreativeWork\" ><div class=\"iconlist_content_wrap\"><header class=\"entry-content-header\" aria-label=\"Icon: Pr\u00e1ticas Integrativas e Complementares\"><h4 class='av_iconlist_title iconlist_title  '  itemprop=\"headline\" >Pr\u00e1ticas Integrativas e Complementares<\/h4><\/header><div class='iconlist_content '  itemprop=\"text\" ><\/div><\/div><footer class=\"entry-footer\"><\/footer><\/article><div class=\"iconlist-timeline\"><\/div><\/li>\n<\/ul><\/div><\/p><\/div>\n","protected":false},"excerpt":{"rendered":"","protected":false},"author":24,"featured_media":0,"parent":0,"menu_order":0,"comment_status":"closed","ping_status":"closed","template":"","meta":{"inline_featured_image":false,"footnotes":""},"class_list":["post-573","page","type-page","status-publish","hentry"],"yoast_head":"<!-- This site is optimized with the Yoast SEO plugin v27.3 - https:\/\/yoast.com\/product\/yoast-seo-wordpress\/ -->\n<title>PESQUISA - N\u00facleo de Estudos em Sa\u00fade Coletiva Paix\u00e3o<\/title>\n<meta name=\"robots\" content=\"index, follow, max-snippet:-1, max-image-preview:large, max-video-preview:-1\" \/>\n<link rel=\"canonical\" href=\"https:\/\/www.odonto.ufmg.br\/paixao\/pesquisa\/\" \/>\n<meta property=\"og:locale\" content=\"pt_BR\" \/>\n<meta property=\"og:type\" content=\"article\" \/>\n<meta property=\"og:title\" content=\"PESQUISA - N\u00facleo de Estudos em Sa\u00fade Coletiva Paix\u00e3o\" \/>\n<meta property=\"og:url\" content=\"https:\/\/www.odonto.ufmg.br\/paixao\/pesquisa\/\" \/>\n<meta property=\"og:site_name\" content=\"N\u00facleo de Estudos em Sa\u00fade Coletiva Paix\u00e3o\" \/>\n<meta property=\"article:modified_time\" content=\"2018-05-22T14:56:23+00:00\" \/>\n<meta name=\"twitter:card\" content=\"summary_large_image\" \/>\n<meta name=\"twitter:label1\" content=\"Est. tempo de leitura\" \/>\n\t<meta name=\"twitter:data1\" content=\"2 minutos\" \/>\n<script type=\"application\/ld+json\" class=\"yoast-schema-graph\">{\"@context\":\"https:\\\/\\\/schema.org\",\"@graph\":[{\"@type\":\"WebPage\",\"@id\":\"https:\\\/\\\/www.odonto.ufmg.br\\\/paixao\\\/pesquisa\\\/\",\"url\":\"https:\\\/\\\/www.odonto.ufmg.br\\\/paixao\\\/pesquisa\\\/\",\"name\":\"PESQUISA - N\u00facleo de Estudos em Sa\u00fade Coletiva Paix\u00e3o\",\"isPartOf\":{\"@id\":\"https:\\\/\\\/www.odonto.ufmg.br\\\/paixao\\\/#website\"},\"datePublished\":\"2018-05-22T12:52:16+00:00\",\"dateModified\":\"2018-05-22T14:56:23+00:00\",\"breadcrumb\":{\"@id\":\"https:\\\/\\\/www.odonto.ufmg.br\\\/paixao\\\/pesquisa\\\/#breadcrumb\"},\"inLanguage\":\"pt-BR\",\"potentialAction\":[{\"@type\":\"ReadAction\",\"target\":[\"https:\\\/\\\/www.odonto.ufmg.br\\\/paixao\\\/pesquisa\\\/\"]}]},{\"@type\":\"BreadcrumbList\",\"@id\":\"https:\\\/\\\/www.odonto.ufmg.br\\\/paixao\\\/pesquisa\\\/#breadcrumb\",\"itemListElement\":[{\"@type\":\"ListItem\",\"position\":1,\"name\":\"In\u00edcio\",\"item\":\"https:\\\/\\\/www.odonto.ufmg.br\\\/paixao\\\/\"},{\"@type\":\"ListItem\",\"position\":2,\"name\":\"PESQUISA\"}]},{\"@type\":\"WebSite\",\"@id\":\"https:\\\/\\\/www.odonto.ufmg.br\\\/paixao\\\/#website\",\"url\":\"https:\\\/\\\/www.odonto.ufmg.br\\\/paixao\\\/\",\"name\":\"N\u00facleo de Estudos em Sa\u00fade Coletiva Paix\u00e3o\",\"description\":\"Grupo de pesquisa da Faculdade de Odontologia da Universidade Federal de Minas Gerais\",\"potentialAction\":[{\"@type\":\"SearchAction\",\"target\":{\"@type\":\"EntryPoint\",\"urlTemplate\":\"https:\\\/\\\/www.odonto.ufmg.br\\\/paixao\\\/?s={search_term_string}\"},\"query-input\":{\"@type\":\"PropertyValueSpecification\",\"valueRequired\":true,\"valueName\":\"search_term_string\"}}],\"inLanguage\":\"pt-BR\"}]}<\/script>\n<!-- \/ Yoast SEO plugin. -->","yoast_head_json":{"title":"PESQUISA - N\u00facleo de Estudos em Sa\u00fade Coletiva Paix\u00e3o","robots":{"index":"index","follow":"follow","max-snippet":"max-snippet:-1","max-image-preview":"max-image-preview:large","max-video-preview":"max-video-preview:-1"},"canonical":"https:\/\/www.odonto.ufmg.br\/paixao\/pesquisa\/","og_locale":"pt_BR","og_type":"article","og_title":"PESQUISA - N\u00facleo de Estudos em Sa\u00fade Coletiva Paix\u00e3o","og_url":"https:\/\/www.odonto.ufmg.br\/paixao\/pesquisa\/","og_site_name":"N\u00facleo de Estudos em Sa\u00fade Coletiva Paix\u00e3o","article_modified_time":"2018-05-22T14:56:23+00:00","twitter_card":"summary_large_image","twitter_misc":{"Est. tempo de leitura":"2 minutos"},"schema":{"@context":"https:\/\/schema.org","@graph":[{"@type":"WebPage","@id":"https:\/\/www.odonto.ufmg.br\/paixao\/pesquisa\/","url":"https:\/\/www.odonto.ufmg.br\/paixao\/pesquisa\/","name":"PESQUISA - N\u00facleo de Estudos em Sa\u00fade Coletiva Paix\u00e3o","isPartOf":{"@id":"https:\/\/www.odonto.ufmg.br\/paixao\/#website"},"datePublished":"2018-05-22T12:52:16+00:00","dateModified":"2018-05-22T14:56:23+00:00","breadcrumb":{"@id":"https:\/\/www.odonto.ufmg.br\/paixao\/pesquisa\/#breadcrumb"},"inLanguage":"pt-BR","potentialAction":[{"@type":"ReadAction","target":["https:\/\/www.odonto.ufmg.br\/paixao\/pesquisa\/"]}]},{"@type":"BreadcrumbList","@id":"https:\/\/www.odonto.ufmg.br\/paixao\/pesquisa\/#breadcrumb","itemListElement":[{"@type":"ListItem","position":1,"name":"In\u00edcio","item":"https:\/\/www.odonto.ufmg.br\/paixao\/"},{"@type":"ListItem","position":2,"name":"PESQUISA"}]},{"@type":"WebSite","@id":"https:\/\/www.odonto.ufmg.br\/paixao\/#website","url":"https:\/\/www.odonto.ufmg.br\/paixao\/","name":"N\u00facleo de Estudos em Sa\u00fade Coletiva Paix\u00e3o","description":"Grupo de pesquisa da Faculdade de Odontologia da Universidade Federal de Minas Gerais","potentialAction":[{"@type":"SearchAction","target":{"@type":"EntryPoint","urlTemplate":"https:\/\/www.odonto.ufmg.br\/paixao\/?s={search_term_string}"},"query-input":{"@type":"PropertyValueSpecification","valueRequired":true,"valueName":"search_term_string"}}],"inLanguage":"pt-BR"}]}},"_links":{"self":[{"href":"https:\/\/www.odonto.ufmg.br\/paixao\/wp-json\/wp\/v2\/pages\/573","targetHints":{"allow":["GET"]}}],"collection":[{"href":"https:\/\/www.odonto.ufmg.br\/paixao\/wp-json\/wp\/v2\/pages"}],"about":[{"href":"https:\/\/www.odonto.ufmg.br\/paixao\/wp-json\/wp\/v2\/types\/page"}],"author":[{"embeddable":true,"href":"https:\/\/www.odonto.ufmg.br\/paixao\/wp-json\/wp\/v2\/users\/24"}],"replies":[{"embeddable":true,"href":"https:\/\/www.odonto.ufmg.br\/paixao\/wp-json\/wp\/v2\/comments?post=573"}],"version-history":[{"count":10,"href":"https:\/\/www.odonto.ufmg.br\/paixao\/wp-json\/wp\/v2\/pages\/573\/revisions"}],"predecessor-version":[{"id":795,"href":"https:\/\/www.odonto.ufmg.br\/paixao\/wp-json\/wp\/v2\/pages\/573\/revisions\/795"}],"wp:attachment":[{"href":"https:\/\/www.odonto.ufmg.br\/paixao\/wp-json\/wp\/v2\/media?parent=573"}],"curies":[{"name":"wp","href":"https:\/\/api.w.org\/{rel}","templated":true}]}}