{"id":297,"date":"2017-12-21T08:53:28","date_gmt":"2017-12-21T10:53:28","guid":{"rendered":"https:\/\/www.odonto.ufmg.br\/paixao\/?page_id=297"},"modified":"2017-12-21T09:06:50","modified_gmt":"2017-12-21T11:06:50","slug":"livros-e-capitulos-de-livros","status":"publish","type":"page","link":"https:\/\/www.odonto.ufmg.br\/paixao\/livros-e-capitulos-de-livros\/","title":{"rendered":"Livros e cap\u00edtulos de livros"},"content":{"rendered":"<div  class='av-alb-blogposts template-blog  av-blog-meta-author-disabled '  itemscope=\"itemscope\" itemtype=\"https:\/\/schema.org\/Blog\" ><article class=\"post-entry post-entry-type-standard post-entry-1062 post-loop-1 post-parity-odd single-big  post-1062 post type-post status-publish format-standard hentry category-livros-e-capitulos-de-livros\"  itemscope=\"itemscope\" itemtype=\"https:\/\/schema.org\/BlogPosting\" ><div class=\"blog-meta\"><\/div><div class='entry-content-wrapper clearfix standard-content'><header class=\"entry-content-header\" aria-label=\"Post: AVALIA\u00c7\u00c3O DOS SERVI\u00c7OS DE SA\u00daDE BUCAL NA ATEN\u00c7\u00c3O PRIM\u00c1RIA: desenvolvimento de um prot\u00f3tipo de um painel de monitoramento\"><div class=\"av-heading-wrapper\"><span class=\"blog-categories minor-meta\"><a href=\"https:\/\/www.odonto.ufmg.br\/paixao\/category\/livros-e-capitulos-de-livros\/\" rel=\"tag\">LIVROS E CAP\u00cdTULOS DE LIVROS<\/a><\/span><h2 class='post-title entry-title '  itemprop=\"headline\" ><a href=\"https:\/\/www.odonto.ufmg.br\/paixao\/avaliacao-dos-servicos-de-saude-bucal-na-atencao-primaria-desenvolvimento-de-um-prototipo-de-um-painel-de-monitoramento\/\" rel=\"bookmark\" title=\"Link permanente: AVALIA\u00c7\u00c3O DOS SERVI\u00c7OS DE SA\u00daDE BUCAL NA ATEN\u00c7\u00c3O PRIM\u00c1RIA: desenvolvimento de um prot\u00f3tipo de um painel de monitoramento\">AVALIA\u00c7\u00c3O DOS SERVI\u00c7OS DE SA\u00daDE BUCAL NA ATEN\u00c7\u00c3O PRIM\u00c1RIA: desenvolvimento de um prot\u00f3tipo de um painel de monitoramento<span class=\"post-format-icon minor-meta\"><\/span><\/a><\/h2><\/div><\/header><span class=\"av-vertical-delimiter\"><\/span><div class=\"entry-content\"  itemprop=\"text\" ><div class=\"read-more-link\"><a href=\"https:\/\/www.odonto.ufmg.br\/paixao\/avaliacao-dos-servicos-de-saude-bucal-na-atencao-primaria-desenvolvimento-de-um-prototipo-de-um-painel-de-monitoramento\/\" class=\"more-link\">Leia mais<span class='more-link-arrow avia-svg-icon avia-font-svg_entypo-fontello' data-av_svg_icon='right-open-big' data-av_iconset='svg_entypo-fontello'><svg version=\"1.1\" xmlns=\"http:\/\/www.w3.org\/2000\/svg\" width=\"15\" height=\"32\" viewBox=\"0 0 15 32\" preserveAspectRatio=\"xMidYMid meet\" role=\"graphics-symbol\" aria-hidden=\"true\">\n<path d=\"M0.416 27.84l11.456-11.84-11.456-11.904q-0.832-0.832 0-1.536 0.832-0.832 1.536 0l12.544 12.608q0.768 0.832 0 1.6l-12.544 12.608q-0.704 0.832-1.536 0-0.832-0.704 0-1.536z\"><\/path>\n<\/svg><\/span><\/a><\/div>\n<\/div><span class=\"post-meta-infos\"><time class=\"date-container minor-meta updated\"  itemprop=\"datePublished\" datetime=\"2023-02-03T09:27:40-03:00\" >3 de fevereiro de 2023<\/time><\/span><footer class=\"entry-footer\"><\/footer><div class='post_delimiter'><\/div><\/div><div class=\"post_author_timeline\"><\/div><span class='hidden'>\n\t\t\t\t<span class='av-structured-data'  itemprop=\"image\" itemscope=\"itemscope\" itemtype=\"https:\/\/schema.org\/ImageObject\" >\n\t\t\t\t\t\t<span itemprop='url'>https:\/\/www.odonto.ufmg.br\/paixao\/wp-content\/uploads\/sites\/18\/2018\/04\/MARCA-FINAL_mais-escura-300x185.png<\/span>\n\t\t\t\t\t\t<span itemprop='height'>0<\/span>\n\t\t\t\t\t\t<span itemprop='width'>0<\/span>\n\t\t\t\t<\/span>\n\t\t\t\t<span class='av-structured-data'  itemprop=\"publisher\" itemtype=\"https:\/\/schema.org\/Organization\" itemscope=\"itemscope\" >\n\t\t\t\t\t\t<span itemprop='name'>cristiano<\/span>\n\t\t\t\t\t\t<span itemprop='logo' itemscope itemtype='https:\/\/schema.org\/ImageObject'>\n\t\t\t\t\t\t\t<span itemprop='url'>https:\/\/www.odonto.ufmg.br\/paixao\/wp-content\/uploads\/sites\/18\/2018\/04\/MARCA-FINAL_mais-escura-300x185.png<\/span>\n\t\t\t\t\t\t<\/span>\n\t\t\t\t<\/span><span class='av-structured-data'  itemprop=\"author\" itemscope=\"itemscope\" itemtype=\"https:\/\/schema.org\/Person\" ><span itemprop='name'>cristiano<\/span><\/span><span class='av-structured-data'  itemprop=\"datePublished\" datetime=\"2023-02-03T09:27:40-03:00\" >2023-02-03 09:27:40<\/span><span class='av-structured-data'  itemprop=\"dateModified\" itemtype=\"https:\/\/schema.org\/dateModified\" >2023-02-03 09:27:40<\/span><span class='av-structured-data'  itemprop=\"mainEntityOfPage\" itemtype=\"https:\/\/schema.org\/mainEntityOfPage\" ><span itemprop='name'>AVALIA\u00c7\u00c3O DOS SERVI\u00c7OS DE SA\u00daDE BUCAL NA ATEN\u00c7\u00c3O PRIM\u00c1RIA: desenvolvimento de um prot\u00f3tipo de um painel de monitoramento<\/span><\/span><\/span><\/article><article class=\"post-entry post-entry-type-standard post-entry-1057 post-loop-2 post-parity-even single-big  post-1057 post type-post status-publish format-standard hentry category-livros-e-capitulos-de-livros\"  itemscope=\"itemscope\" itemtype=\"https:\/\/schema.org\/BlogPosting\" ><div class=\"blog-meta\"><\/div><div class='entry-content-wrapper clearfix standard-content'><header class=\"entry-content-header\" aria-label=\"Post: AVALIA\u00c7\u00c3O DOS SERVI\u00c7OS DE SA\u00daDE BUCAL NA ATEN\u00c7\u00c3O PRIM\u00c1RIA:desenvolvimento e valida\u00e7\u00e3o de indicadores elaborados a partir de vari\u00e1veis do e-SUS\"><div class=\"av-heading-wrapper\"><span class=\"blog-categories minor-meta\"><a href=\"https:\/\/www.odonto.ufmg.br\/paixao\/category\/livros-e-capitulos-de-livros\/\" rel=\"tag\">LIVROS E CAP\u00cdTULOS DE LIVROS<\/a><\/span><h2 class='post-title entry-title '  itemprop=\"headline\" ><a href=\"https:\/\/www.odonto.ufmg.br\/paixao\/avaliacao-dos-servicos-de-saude-bucal-na-atencao-primaria\/\" rel=\"bookmark\" title=\"Link permanente: AVALIA\u00c7\u00c3O DOS SERVI\u00c7OS DE SA\u00daDE BUCAL NA ATEN\u00c7\u00c3O PRIM\u00c1RIA:desenvolvimento e valida\u00e7\u00e3o de indicadores elaborados a partir de vari\u00e1veis do e-SUS\">AVALIA\u00c7\u00c3O DOS SERVI\u00c7OS DE SA\u00daDE BUCAL NA ATEN\u00c7\u00c3O PRIM\u00c1RIA:desenvolvimento e valida\u00e7\u00e3o de indicadores elaborados a partir de vari\u00e1veis do e-SUS<span class=\"post-format-icon minor-meta\"><\/span><\/a><\/h2><\/div><\/header><span class=\"av-vertical-delimiter\"><\/span><div class=\"entry-content\"  itemprop=\"text\" ><div class=\"read-more-link\"><a href=\"https:\/\/www.odonto.ufmg.br\/paixao\/avaliacao-dos-servicos-de-saude-bucal-na-atencao-primaria\/\" class=\"more-link\">Leia mais<span class='more-link-arrow avia-svg-icon avia-font-svg_entypo-fontello' data-av_svg_icon='right-open-big' data-av_iconset='svg_entypo-fontello'><svg version=\"1.1\" xmlns=\"http:\/\/www.w3.org\/2000\/svg\" width=\"15\" height=\"32\" viewBox=\"0 0 15 32\" preserveAspectRatio=\"xMidYMid meet\" role=\"graphics-symbol\" aria-hidden=\"true\">\n<path d=\"M0.416 27.84l11.456-11.84-11.456-11.904q-0.832-0.832 0-1.536 0.832-0.832 1.536 0l12.544 12.608q0.768 0.832 0 1.6l-12.544 12.608q-0.704 0.832-1.536 0-0.832-0.704 0-1.536z\"><\/path>\n<\/svg><\/span><\/a><\/div>\n<\/div><span class=\"post-meta-infos\"><time class=\"date-container minor-meta updated\"  itemprop=\"datePublished\" datetime=\"2023-02-03T09:12:16-03:00\" >3 de fevereiro de 2023<\/time><\/span><footer class=\"entry-footer\"><\/footer><div class='post_delimiter'><\/div><\/div><div class=\"post_author_timeline\"><\/div><span class='hidden'>\n\t\t\t\t<span class='av-structured-data'  itemprop=\"image\" itemscope=\"itemscope\" itemtype=\"https:\/\/schema.org\/ImageObject\" >\n\t\t\t\t\t\t<span itemprop='url'>https:\/\/www.odonto.ufmg.br\/paixao\/wp-content\/uploads\/sites\/18\/2018\/04\/MARCA-FINAL_mais-escura-300x185.png<\/span>\n\t\t\t\t\t\t<span itemprop='height'>0<\/span>\n\t\t\t\t\t\t<span itemprop='width'>0<\/span>\n\t\t\t\t<\/span>\n\t\t\t\t<span class='av-structured-data'  itemprop=\"publisher\" itemtype=\"https:\/\/schema.org\/Organization\" itemscope=\"itemscope\" >\n\t\t\t\t\t\t<span itemprop='name'>cristiano<\/span>\n\t\t\t\t\t\t<span itemprop='logo' itemscope itemtype='https:\/\/schema.org\/ImageObject'>\n\t\t\t\t\t\t\t<span itemprop='url'>https:\/\/www.odonto.ufmg.br\/paixao\/wp-content\/uploads\/sites\/18\/2018\/04\/MARCA-FINAL_mais-escura-300x185.png<\/span>\n\t\t\t\t\t\t<\/span>\n\t\t\t\t<\/span><span class='av-structured-data'  itemprop=\"author\" itemscope=\"itemscope\" itemtype=\"https:\/\/schema.org\/Person\" ><span itemprop='name'>cristiano<\/span><\/span><span class='av-structured-data'  itemprop=\"datePublished\" datetime=\"2023-02-03T09:12:16-03:00\" >2023-02-03 09:12:16<\/span><span class='av-structured-data'  itemprop=\"dateModified\" itemtype=\"https:\/\/schema.org\/dateModified\" >2023-02-03 09:13:25<\/span><span class='av-structured-data'  itemprop=\"mainEntityOfPage\" itemtype=\"https:\/\/schema.org\/mainEntityOfPage\" ><span itemprop='name'>AVALIA\u00c7\u00c3O DOS SERVI\u00c7OS DE SA\u00daDE BUCAL NA ATEN\u00c7\u00c3O PRIM\u00c1RIA:desenvolvimento e valida\u00e7\u00e3o de indicadores elaborados a partir de vari\u00e1veis do e-SUS<\/span><\/span><\/span><\/article><article class=\"post-entry post-entry-type-standard post-entry-974 post-loop-3 post-parity-odd post-entry-last single-big  post-974 post type-post status-publish format-standard hentry category-livros-e-capitulos-de-livros\"  itemscope=\"itemscope\" itemtype=\"https:\/\/schema.org\/BlogPosting\" ><div class=\"blog-meta\"><\/div><div class='entry-content-wrapper clearfix standard-content'><header class=\"entry-content-header\" aria-label=\"Post: Pr\u00e1tica em sa\u00fade bucal no contexto da pandemia COVID-19\"><div class=\"av-heading-wrapper\"><span class=\"blog-categories minor-meta\"><a href=\"https:\/\/www.odonto.ufmg.br\/paixao\/category\/livros-e-capitulos-de-livros\/\" rel=\"tag\">LIVROS E CAP\u00cdTULOS DE LIVROS<\/a><\/span><h2 class='post-title entry-title '  itemprop=\"headline\" ><a href=\"https:\/\/www.odonto.ufmg.br\/paixao\/pratica-em-saude-bucal-no-contexto-da-pandemia-covid-19\/\" rel=\"bookmark\" title=\"Link permanente: Pr\u00e1tica em sa\u00fade bucal no contexto da pandemia COVID-19\">Pr\u00e1tica em sa\u00fade bucal no contexto da pandemia COVID-19<span class=\"post-format-icon minor-meta\"><\/span><\/a><\/h2><\/div><\/header><span class=\"av-vertical-delimiter\"><\/span><div class=\"entry-content\"  itemprop=\"text\" ><div class=\"read-more-link\"><a href=\"https:\/\/www.odonto.ufmg.br\/paixao\/pratica-em-saude-bucal-no-contexto-da-pandemia-covid-19\/\" class=\"more-link\">Leia mais<span class='more-link-arrow avia-svg-icon avia-font-svg_entypo-fontello' data-av_svg_icon='right-open-big' data-av_iconset='svg_entypo-fontello'><svg version=\"1.1\" xmlns=\"http:\/\/www.w3.org\/2000\/svg\" width=\"15\" height=\"32\" viewBox=\"0 0 15 32\" preserveAspectRatio=\"xMidYMid meet\" role=\"graphics-symbol\" aria-hidden=\"true\">\n<path d=\"M0.416 27.84l11.456-11.84-11.456-11.904q-0.832-0.832 0-1.536 0.832-0.832 1.536 0l12.544 12.608q0.768 0.832 0 1.6l-12.544 12.608q-0.704 0.832-1.536 0-0.832-0.704 0-1.536z\"><\/path>\n<\/svg><\/span><\/a><\/div>\n<\/div><span class=\"post-meta-infos\"><time class=\"date-container minor-meta updated\"  itemprop=\"datePublished\" datetime=\"2020-12-21T17:54:28-03:00\" >21 de dezembro de 2020<\/time><\/span><footer class=\"entry-footer\"><\/footer><div class='post_delimiter'><\/div><\/div><div class=\"post_author_timeline\"><\/div><span class='hidden'>\n\t\t\t\t<span class='av-structured-data'  itemprop=\"image\" itemscope=\"itemscope\" itemtype=\"https:\/\/schema.org\/ImageObject\" >\n\t\t\t\t\t\t<span itemprop='url'>https:\/\/www.odonto.ufmg.br\/paixao\/wp-content\/uploads\/sites\/18\/2018\/04\/MARCA-FINAL_mais-escura-300x185.png<\/span>\n\t\t\t\t\t\t<span itemprop='height'>0<\/span>\n\t\t\t\t\t\t<span itemprop='width'>0<\/span>\n\t\t\t\t<\/span>\n\t\t\t\t<span class='av-structured-data'  itemprop=\"publisher\" itemtype=\"https:\/\/schema.org\/Organization\" itemscope=\"itemscope\" >\n\t\t\t\t\t\t<span itemprop='name'>cristiano<\/span>\n\t\t\t\t\t\t<span itemprop='logo' itemscope itemtype='https:\/\/schema.org\/ImageObject'>\n\t\t\t\t\t\t\t<span itemprop='url'>https:\/\/www.odonto.ufmg.br\/paixao\/wp-content\/uploads\/sites\/18\/2018\/04\/MARCA-FINAL_mais-escura-300x185.png<\/span>\n\t\t\t\t\t\t<\/span>\n\t\t\t\t<\/span><span class='av-structured-data'  itemprop=\"author\" itemscope=\"itemscope\" itemtype=\"https:\/\/schema.org\/Person\" ><span itemprop='name'>cristiano<\/span><\/span><span class='av-structured-data'  itemprop=\"datePublished\" datetime=\"2020-12-21T17:54:28-03:00\" >2020-12-21 17:54:28<\/span><span class='av-structured-data'  itemprop=\"dateModified\" itemtype=\"https:\/\/schema.org\/dateModified\" >2020-12-21 18:01:43<\/span><span class='av-structured-data'  itemprop=\"mainEntityOfPage\" itemtype=\"https:\/\/schema.org\/mainEntityOfPage\" ><span itemprop='name'>Pr\u00e1tica em sa\u00fade bucal no contexto da pandemia COVID-19<\/span><\/span><\/span><\/article><div class='single-big'><nav class='pagination'><span class='pagination-meta'>P\u00e1gina 1 de 3<\/span><span class='current'>1<\/span><a href='https:\/\/www.odonto.ufmg.br\/paixao\/wp-json\/wp\/v2\/pages\/297\/page\/2\/' class='inactive next_page' >2<\/a><a href='https:\/\/www.odonto.ufmg.br\/paixao\/wp-json\/wp\/v2\/pages\/297\/page\/3\/' class='inactive' >3<\/a><\/nav>\n<\/div><\/div>\n","protected":false},"excerpt":{"rendered":"","protected":false},"author":1,"featured_media":0,"parent":0,"menu_order":0,"comment_status":"closed","ping_status":"closed","template":"","meta":{"inline_featured_image":false,"footnotes":""},"class_list":["post-297","page","type-page","status-publish","hentry"],"yoast_head":"<!-- This site is optimized with the Yoast SEO plugin v27.6 - https:\/\/yoast.com\/product\/yoast-seo-wordpress\/ -->\n<title>Livros e cap\u00edtulos de livros - N\u00facleo de Estudos em Sa\u00fade Coletiva Paix\u00e3o<\/title>\n<meta name=\"robots\" content=\"index, follow, max-snippet:-1, max-image-preview:large, max-video-preview:-1\" \/>\n<link rel=\"canonical\" href=\"https:\/\/www.odonto.ufmg.br\/paixao\/livros-e-capitulos-de-livros\/\" \/>\n<meta property=\"og:locale\" content=\"pt_BR\" \/>\n<meta property=\"og:type\" content=\"article\" \/>\n<meta property=\"og:title\" content=\"Livros e cap\u00edtulos de livros - N\u00facleo de Estudos em Sa\u00fade Coletiva Paix\u00e3o\" \/>\n<meta property=\"og:url\" content=\"https:\/\/www.odonto.ufmg.br\/paixao\/livros-e-capitulos-de-livros\/\" \/>\n<meta property=\"og:site_name\" content=\"N\u00facleo de Estudos em Sa\u00fade Coletiva Paix\u00e3o\" \/>\n<meta property=\"article:modified_time\" content=\"2017-12-21T11:06:50+00:00\" \/>\n<meta name=\"twitter:card\" content=\"summary_large_image\" \/>\n<script type=\"application\/ld+json\" class=\"yoast-schema-graph\">{\"@context\":\"https:\\\/\\\/schema.org\",\"@graph\":[{\"@type\":\"WebPage\",\"@id\":\"https:\\\/\\\/www.odonto.ufmg.br\\\/paixao\\\/livros-e-capitulos-de-livros\\\/\",\"url\":\"https:\\\/\\\/www.odonto.ufmg.br\\\/paixao\\\/livros-e-capitulos-de-livros\\\/\",\"name\":\"Livros e cap\u00edtulos de livros - N\u00facleo de Estudos em Sa\u00fade Coletiva Paix\u00e3o\",\"isPartOf\":{\"@id\":\"https:\\\/\\\/www.odonto.ufmg.br\\\/paixao\\\/#website\"},\"datePublished\":\"2017-12-21T10:53:28+00:00\",\"dateModified\":\"2017-12-21T11:06:50+00:00\",\"breadcrumb\":{\"@id\":\"https:\\\/\\\/www.odonto.ufmg.br\\\/paixao\\\/livros-e-capitulos-de-livros\\\/#breadcrumb\"},\"inLanguage\":\"pt-BR\",\"potentialAction\":[{\"@type\":\"ReadAction\",\"target\":[\"https:\\\/\\\/www.odonto.ufmg.br\\\/paixao\\\/livros-e-capitulos-de-livros\\\/\"]}]},{\"@type\":\"BreadcrumbList\",\"@id\":\"https:\\\/\\\/www.odonto.ufmg.br\\\/paixao\\\/livros-e-capitulos-de-livros\\\/#breadcrumb\",\"itemListElement\":[{\"@type\":\"ListItem\",\"position\":1,\"name\":\"In\u00edcio\",\"item\":\"https:\\\/\\\/www.odonto.ufmg.br\\\/paixao\\\/\"},{\"@type\":\"ListItem\",\"position\":2,\"name\":\"Livros e cap\u00edtulos de livros\"}]},{\"@type\":\"WebSite\",\"@id\":\"https:\\\/\\\/www.odonto.ufmg.br\\\/paixao\\\/#website\",\"url\":\"https:\\\/\\\/www.odonto.ufmg.br\\\/paixao\\\/\",\"name\":\"N\u00facleo de Estudos em Sa\u00fade Coletiva Paix\u00e3o\",\"description\":\"Grupo de pesquisa da Faculdade de Odontologia da Universidade Federal de Minas Gerais\",\"potentialAction\":[{\"@type\":\"SearchAction\",\"target\":{\"@type\":\"EntryPoint\",\"urlTemplate\":\"https:\\\/\\\/www.odonto.ufmg.br\\\/paixao\\\/?s={search_term_string}\"},\"query-input\":{\"@type\":\"PropertyValueSpecification\",\"valueRequired\":true,\"valueName\":\"search_term_string\"}}],\"inLanguage\":\"pt-BR\"}]}<\/script>\n<!-- \/ Yoast SEO plugin. -->","yoast_head_json":{"title":"Livros e cap\u00edtulos de livros - N\u00facleo de Estudos em Sa\u00fade Coletiva Paix\u00e3o","robots":{"index":"index","follow":"follow","max-snippet":"max-snippet:-1","max-image-preview":"max-image-preview:large","max-video-preview":"max-video-preview:-1"},"canonical":"https:\/\/www.odonto.ufmg.br\/paixao\/livros-e-capitulos-de-livros\/","og_locale":"pt_BR","og_type":"article","og_title":"Livros e cap\u00edtulos de livros - N\u00facleo de Estudos em Sa\u00fade Coletiva Paix\u00e3o","og_url":"https:\/\/www.odonto.ufmg.br\/paixao\/livros-e-capitulos-de-livros\/","og_site_name":"N\u00facleo de Estudos em Sa\u00fade Coletiva Paix\u00e3o","article_modified_time":"2017-12-21T11:06:50+00:00","twitter_card":"summary_large_image","schema":{"@context":"https:\/\/schema.org","@graph":[{"@type":"WebPage","@id":"https:\/\/www.odonto.ufmg.br\/paixao\/livros-e-capitulos-de-livros\/","url":"https:\/\/www.odonto.ufmg.br\/paixao\/livros-e-capitulos-de-livros\/","name":"Livros e cap\u00edtulos de livros - N\u00facleo de Estudos em Sa\u00fade Coletiva Paix\u00e3o","isPartOf":{"@id":"https:\/\/www.odonto.ufmg.br\/paixao\/#website"},"datePublished":"2017-12-21T10:53:28+00:00","dateModified":"2017-12-21T11:06:50+00:00","breadcrumb":{"@id":"https:\/\/www.odonto.ufmg.br\/paixao\/livros-e-capitulos-de-livros\/#breadcrumb"},"inLanguage":"pt-BR","potentialAction":[{"@type":"ReadAction","target":["https:\/\/www.odonto.ufmg.br\/paixao\/livros-e-capitulos-de-livros\/"]}]},{"@type":"BreadcrumbList","@id":"https:\/\/www.odonto.ufmg.br\/paixao\/livros-e-capitulos-de-livros\/#breadcrumb","itemListElement":[{"@type":"ListItem","position":1,"name":"In\u00edcio","item":"https:\/\/www.odonto.ufmg.br\/paixao\/"},{"@type":"ListItem","position":2,"name":"Livros e cap\u00edtulos de livros"}]},{"@type":"WebSite","@id":"https:\/\/www.odonto.ufmg.br\/paixao\/#website","url":"https:\/\/www.odonto.ufmg.br\/paixao\/","name":"N\u00facleo de Estudos em Sa\u00fade Coletiva Paix\u00e3o","description":"Grupo de pesquisa da Faculdade de Odontologia da Universidade Federal de Minas Gerais","potentialAction":[{"@type":"SearchAction","target":{"@type":"EntryPoint","urlTemplate":"https:\/\/www.odonto.ufmg.br\/paixao\/?s={search_term_string}"},"query-input":{"@type":"PropertyValueSpecification","valueRequired":true,"valueName":"search_term_string"}}],"inLanguage":"pt-BR"}]}},"_links":{"self":[{"href":"https:\/\/www.odonto.ufmg.br\/paixao\/wp-json\/wp\/v2\/pages\/297","targetHints":{"allow":["GET"]}}],"collection":[{"href":"https:\/\/www.odonto.ufmg.br\/paixao\/wp-json\/wp\/v2\/pages"}],"about":[{"href":"https:\/\/www.odonto.ufmg.br\/paixao\/wp-json\/wp\/v2\/types\/page"}],"author":[{"embeddable":true,"href":"https:\/\/www.odonto.ufmg.br\/paixao\/wp-json\/wp\/v2\/users\/1"}],"replies":[{"embeddable":true,"href":"https:\/\/www.odonto.ufmg.br\/paixao\/wp-json\/wp\/v2\/comments?post=297"}],"version-history":[{"count":3,"href":"https:\/\/www.odonto.ufmg.br\/paixao\/wp-json\/wp\/v2\/pages\/297\/revisions"}],"predecessor-version":[{"id":1054,"href":"https:\/\/www.odonto.ufmg.br\/paixao\/wp-json\/wp\/v2\/pages\/297\/revisions\/1054"}],"wp:attachment":[{"href":"https:\/\/www.odonto.ufmg.br\/paixao\/wp-json\/wp\/v2\/media?parent=297"}],"curies":[{"name":"wp","href":"https:\/\/api.w.org\/{rel}","templated":true}]}}