{"id":269,"date":"2017-11-14T11:37:13","date_gmt":"2017-11-14T13:37:13","guid":{"rendered":"https:\/\/www.odonto.ufmg.br\/paixao\/?page_id=269"},"modified":"2018-05-23T16:53:46","modified_gmt":"2018-05-23T19:53:46","slug":"dissertacoes-teses-e-monografias-tcc","status":"publish","type":"page","link":"https:\/\/www.odonto.ufmg.br\/paixao\/dissertacoes-teses-e-monografias-tcc\/","title":{"rendered":"DISSERTA\u00c7\u00d5ES, TESES E MONOGRAFIAS\/TCC"},"content":{"rendered":"<div  class='av-alb-blogposts template-blog  av-blog-meta-author-disabled '  itemscope=\"itemscope\" itemtype=\"https:\/\/schema.org\/Blog\" ><article class=\"post-entry post-entry-type-standard post-entry-1029 post-loop-1 post-parity-odd single-big  post-1029 post type-post status-publish format-standard hentry category-dissertacoes-teses-e-monografiastcc\"  itemscope=\"itemscope\" itemtype=\"https:\/\/schema.org\/BlogPosting\" ><div class=\"blog-meta\"><\/div><div class='entry-content-wrapper clearfix standard-content'><header class=\"entry-content-header\" aria-label=\"Post: USO DE \u00c1LCOOL E PROBLEMAS RELACIONADOS NO POVO IND\u00cdGENA MAXAKALI\/MG: A VIS\u00c3O DE MUNDO MAXAKALI\"><div class=\"av-heading-wrapper\"><span class=\"blog-categories minor-meta\"><a href=\"https:\/\/www.odonto.ufmg.br\/paixao\/category\/dissertacoes-teses-e-monografiastcc\/\" rel=\"tag\">DISSERTA\u00c7\u00d5ES, TESES E MONOGRAFIAS\/TCC<\/a><\/span><h2 class='post-title entry-title '  itemprop=\"headline\" ><a href=\"https:\/\/www.odonto.ufmg.br\/paixao\/uso-de-alcool-e-problemas-relacionados-no-povo-indigena-maxakali-mg-a-visao-de-mundo-maxakali\/\" rel=\"bookmark\" title=\"Link permanente: USO DE \u00c1LCOOL E PROBLEMAS RELACIONADOS NO POVO IND\u00cdGENA MAXAKALI\/MG: A VIS\u00c3O DE MUNDO MAXAKALI\">USO DE \u00c1LCOOL E PROBLEMAS RELACIONADOS NO POVO IND\u00cdGENA MAXAKALI\/MG: A VIS\u00c3O DE MUNDO MAXAKALI<span class=\"post-format-icon minor-meta\"><\/span><\/a><\/h2><\/div><\/header><span class=\"av-vertical-delimiter\"><\/span><div class=\"entry-content\"  itemprop=\"text\" ><p>Tese apresentada ao Colegiado de P\u00f3s-Gradua\u00e7\u00e3o em Odontologia da Faculdade de Odontologia da Universidade Federal de Minas Gerais, como requisito parcial \u00e0 obten\u00e7\u00e3o do grau de Doutor em Odontologia \u2013 \u00e1rea de concentra\u00e7\u00e3o em Sa\u00fade Coletiva. Para visualizar o documento na \u00edntegra\u00a0<a href=\"https:\/\/www.odonto.ufmg.br\/paixao\/wp-content\/uploads\/sites\/18\/2021\/02\/uso_alcool_problemas_relacionados_povo_indigena_maxakali_oliveira_rc_2018.pdf\" target=\"_blank\" rel=\"noopener\">clique aqui.<\/a><\/p>\n<\/div><span class=\"post-meta-infos\"><time class=\"date-container minor-meta updated\"  itemprop=\"datePublished\" datetime=\"2021-06-08T06:56:33-03:00\" >8 de junho de 2021<\/time><\/span><footer class=\"entry-footer\"><\/footer><div class='post_delimiter'><\/div><\/div><div class=\"post_author_timeline\"><\/div><span class='hidden'>\n\t\t\t\t<span class='av-structured-data'  itemprop=\"image\" itemscope=\"itemscope\" itemtype=\"https:\/\/schema.org\/ImageObject\" >\n\t\t\t\t\t\t<span itemprop='url'>https:\/\/www.odonto.ufmg.br\/paixao\/wp-content\/uploads\/sites\/18\/2018\/04\/MARCA-FINAL_mais-escura-300x185.png<\/span>\n\t\t\t\t\t\t<span itemprop='height'>0<\/span>\n\t\t\t\t\t\t<span itemprop='width'>0<\/span>\n\t\t\t\t<\/span>\n\t\t\t\t<span class='av-structured-data'  itemprop=\"publisher\" itemtype=\"https:\/\/schema.org\/Organization\" itemscope=\"itemscope\" >\n\t\t\t\t\t\t<span itemprop='name'>cristiano<\/span>\n\t\t\t\t\t\t<span itemprop='logo' itemscope itemtype='https:\/\/schema.org\/ImageObject'>\n\t\t\t\t\t\t\t<span itemprop='url'>https:\/\/www.odonto.ufmg.br\/paixao\/wp-content\/uploads\/sites\/18\/2018\/04\/MARCA-FINAL_mais-escura-300x185.png<\/span>\n\t\t\t\t\t\t<\/span>\n\t\t\t\t<\/span><span class='av-structured-data'  itemprop=\"author\" itemscope=\"itemscope\" itemtype=\"https:\/\/schema.org\/Person\" ><span itemprop='name'>cristiano<\/span><\/span><span class='av-structured-data'  itemprop=\"datePublished\" datetime=\"2021-06-08T06:56:33-03:00\" >2021-06-08 06:56:33<\/span><span class='av-structured-data'  itemprop=\"dateModified\" itemtype=\"https:\/\/schema.org\/dateModified\" >2021-06-08 06:56:33<\/span><span class='av-structured-data'  itemprop=\"mainEntityOfPage\" itemtype=\"https:\/\/schema.org\/mainEntityOfPage\" ><span itemprop='name'>USO DE \u00c1LCOOL E PROBLEMAS RELACIONADOS NO POVO IND\u00cdGENA MAXAKALI\/MG: A VIS\u00c3O DE MUNDO MAXAKALI<\/span><\/span><\/span><\/article><article class=\"post-entry post-entry-type-standard post-entry-291 post-loop-2 post-parity-even single-big  post-291 post type-post status-publish format-standard hentry category-dissertacoes-teses-e-monografiastcc category-noticias\"  itemscope=\"itemscope\" itemtype=\"https:\/\/schema.org\/BlogPosting\" ><div class=\"blog-meta\"><\/div><div class='entry-content-wrapper clearfix standard-content'><header class=\"entry-content-header\" aria-label=\"Post: PR\u00d3TESES TOTAIS MUCOSSUPORTADAS OFERTADAS NA ATEN\u00c7\u00c3O PRIM\u00c1RIA \u00c0 SA\u00daDE EM BELO HORIZONTE, MG: avalia\u00e7\u00e3o ap\u00f3s 5 anos de uso\"><div class=\"av-heading-wrapper\"><span class=\"blog-categories minor-meta\"><a href=\"https:\/\/www.odonto.ufmg.br\/paixao\/category\/dissertacoes-teses-e-monografiastcc\/\" rel=\"tag\">DISSERTA\u00c7\u00d5ES, TESES E MONOGRAFIAS\/TCC<\/a>, <a href=\"https:\/\/www.odonto.ufmg.br\/paixao\/category\/noticias\/\" rel=\"tag\">NOT\u00cdCIAS<\/a><\/span><h2 class='post-title entry-title '  itemprop=\"headline\" ><a href=\"https:\/\/www.odonto.ufmg.br\/paixao\/proteses-totais-mucossuportadas-ofertadas-na-atencao-primaria-a-saude-em-belo-horizonte-mg-avaliacao-apos-5-anos-de-uso\/\" rel=\"bookmark\" title=\"Link permanente: PR\u00d3TESES TOTAIS MUCOSSUPORTADAS OFERTADAS NA ATEN\u00c7\u00c3O PRIM\u00c1RIA \u00c0 SA\u00daDE EM BELO HORIZONTE, MG: avalia\u00e7\u00e3o ap\u00f3s 5 anos de uso\">PR\u00d3TESES TOTAIS MUCOSSUPORTADAS OFERTADAS NA ATEN\u00c7\u00c3O PRIM\u00c1RIA \u00c0 SA\u00daDE EM BELO HORIZONTE, MG: avalia\u00e7\u00e3o ap\u00f3s 5 anos de uso<span class=\"post-format-icon minor-meta\"><\/span><\/a><\/h2><\/div><\/header><span class=\"av-vertical-delimiter\"><\/span><div class=\"entry-content\"  itemprop=\"text\" ><div class=\"entry-content\">\n<p>Disserta\u00e7\u00e3o apresentada ao Colegiado do Programa de P\u00f3s-Gradua\u00e7\u00e3o da Faculdade de Odontologia da Universidade Federal de Minas Gerais, como requisito parcial para obten\u00e7\u00e3o do t\u00edtulo de Mestre em Odontologia \u2013 \u00e1rea de concentra\u00e7\u00e3o em Sa\u00fade P\u00fablica. Para visualizar o documento na \u00edntegra\u00a0<a href=\"https:\/\/www.odonto.ufmg.br\/paixao\/wp-content\/uploads\/sites\/18\/2017\/11\/dissertacao_final_mar_lia_25042017_abnt.pdf\" target=\"_blank\" rel=\"noopener\">clique aqui.<\/a><\/p>\n<\/div>\n<\/div><span class=\"post-meta-infos\"><time class=\"date-container minor-meta updated\"  itemprop=\"datePublished\" datetime=\"2017-11-14T13:24:36-02:00\" >14 de novembro de 2017<\/time><\/span><footer class=\"entry-footer\"><\/footer><div class='post_delimiter'><\/div><\/div><div class=\"post_author_timeline\"><\/div><span class='hidden'>\n\t\t\t\t<span class='av-structured-data'  itemprop=\"image\" itemscope=\"itemscope\" itemtype=\"https:\/\/schema.org\/ImageObject\" >\n\t\t\t\t\t\t<span itemprop='url'>https:\/\/www.odonto.ufmg.br\/paixao\/wp-content\/uploads\/sites\/18\/2018\/04\/MARCA-FINAL_mais-escura-300x185.png<\/span>\n\t\t\t\t\t\t<span itemprop='height'>0<\/span>\n\t\t\t\t\t\t<span itemprop='width'>0<\/span>\n\t\t\t\t<\/span>\n\t\t\t\t<span class='av-structured-data'  itemprop=\"publisher\" itemtype=\"https:\/\/schema.org\/Organization\" itemscope=\"itemscope\" >\n\t\t\t\t\t\t<span itemprop='name'>Faculdade de Odontologia UFMG<\/span>\n\t\t\t\t\t\t<span itemprop='logo' itemscope itemtype='https:\/\/schema.org\/ImageObject'>\n\t\t\t\t\t\t\t<span itemprop='url'>https:\/\/www.odonto.ufmg.br\/paixao\/wp-content\/uploads\/sites\/18\/2018\/04\/MARCA-FINAL_mais-escura-300x185.png<\/span>\n\t\t\t\t\t\t<\/span>\n\t\t\t\t<\/span><span class='av-structured-data'  itemprop=\"author\" itemscope=\"itemscope\" itemtype=\"https:\/\/schema.org\/Person\" ><span itemprop='name'>Faculdade de Odontologia UFMG<\/span><\/span><span class='av-structured-data'  itemprop=\"datePublished\" datetime=\"2017-11-14T13:24:36-02:00\" >2017-11-14 13:24:36<\/span><span class='av-structured-data'  itemprop=\"dateModified\" itemtype=\"https:\/\/schema.org\/dateModified\" >2017-11-14 13:24:36<\/span><span class='av-structured-data'  itemprop=\"mainEntityOfPage\" itemtype=\"https:\/\/schema.org\/mainEntityOfPage\" ><span itemprop='name'>PR\u00d3TESES TOTAIS MUCOSSUPORTADAS OFERTADAS NA ATEN\u00c7\u00c3O PRIM\u00c1RIA \u00c0 SA\u00daDE EM BELO HORIZONTE, MG: avalia\u00e7\u00e3o ap\u00f3s 5 anos de uso<\/span><\/span><\/span><\/article><article class=\"post-entry post-entry-type-standard post-entry-288 post-loop-3 post-parity-odd post-entry-last single-big  post-288 post type-post status-publish format-standard hentry category-dissertacoes-teses-e-monografiastcc category-noticias\"  itemscope=\"itemscope\" itemtype=\"https:\/\/schema.org\/BlogPosting\" ><div class=\"blog-meta\"><\/div><div class='entry-content-wrapper clearfix standard-content'><header class=\"entry-content-header\" aria-label=\"Post: A intersetorialidade no Programa Sa\u00fade na Escola no munic\u00edpio de Belo Horizonte, MG.\"><div class=\"av-heading-wrapper\"><span class=\"blog-categories minor-meta\"><a href=\"https:\/\/www.odonto.ufmg.br\/paixao\/category\/dissertacoes-teses-e-monografiastcc\/\" rel=\"tag\">DISSERTA\u00c7\u00d5ES, TESES E MONOGRAFIAS\/TCC<\/a>, <a href=\"https:\/\/www.odonto.ufmg.br\/paixao\/category\/noticias\/\" rel=\"tag\">NOT\u00cdCIAS<\/a><\/span><h2 class='post-title entry-title '  itemprop=\"headline\" ><a href=\"https:\/\/www.odonto.ufmg.br\/paixao\/a-intersetorialidade-no-programa-saude-na-escola-no-municipio-de-belo-horizonte-mg\/\" rel=\"bookmark\" title=\"Link permanente: A intersetorialidade no Programa Sa\u00fade na Escola no munic\u00edpio de Belo Horizonte, MG.\">A intersetorialidade no Programa Sa\u00fade na Escola no munic\u00edpio de Belo Horizonte, MG.<span class=\"post-format-icon minor-meta\"><\/span><\/a><\/h2><\/div><\/header><span class=\"av-vertical-delimiter\"><\/span><div class=\"entry-content\"  itemprop=\"text\" ><p>Disserta\u00e7\u00e3o apresentada ao Programa de P\u00f3s-Gradua\u00e7\u00e3o em Odontologia da Faculdade de Odontologia da Universidade Federal de Minas Gerais, como requisito parcial para obten\u00e7\u00e3o do t\u00edtulo de Mestre em Odontologia.\u00a0Para visualizar o documento na \u00edntegra\u00a0<a href=\"https:\/\/www.odonto.ufmg.br\/paixao\/wp-content\/uploads\/sites\/18\/2017\/11\/dissertacao_antonio_versao_final_completa.pdf\" target=\"_blank\" rel=\"noopener\">clique aqui.<\/a><\/p>\n<\/div><span class=\"post-meta-infos\"><time class=\"date-container minor-meta updated\"  itemprop=\"datePublished\" datetime=\"2017-11-14T13:22:44-02:00\" >14 de novembro de 2017<\/time><\/span><footer class=\"entry-footer\"><\/footer><div class='post_delimiter'><\/div><\/div><div class=\"post_author_timeline\"><\/div><span class='hidden'>\n\t\t\t\t<span class='av-structured-data'  itemprop=\"image\" itemscope=\"itemscope\" itemtype=\"https:\/\/schema.org\/ImageObject\" >\n\t\t\t\t\t\t<span itemprop='url'>https:\/\/www.odonto.ufmg.br\/paixao\/wp-content\/uploads\/sites\/18\/2018\/04\/MARCA-FINAL_mais-escura-300x185.png<\/span>\n\t\t\t\t\t\t<span itemprop='height'>0<\/span>\n\t\t\t\t\t\t<span itemprop='width'>0<\/span>\n\t\t\t\t<\/span>\n\t\t\t\t<span class='av-structured-data'  itemprop=\"publisher\" itemtype=\"https:\/\/schema.org\/Organization\" itemscope=\"itemscope\" >\n\t\t\t\t\t\t<span itemprop='name'>Faculdade de Odontologia UFMG<\/span>\n\t\t\t\t\t\t<span itemprop='logo' itemscope itemtype='https:\/\/schema.org\/ImageObject'>\n\t\t\t\t\t\t\t<span itemprop='url'>https:\/\/www.odonto.ufmg.br\/paixao\/wp-content\/uploads\/sites\/18\/2018\/04\/MARCA-FINAL_mais-escura-300x185.png<\/span>\n\t\t\t\t\t\t<\/span>\n\t\t\t\t<\/span><span class='av-structured-data'  itemprop=\"author\" itemscope=\"itemscope\" itemtype=\"https:\/\/schema.org\/Person\" ><span itemprop='name'>Faculdade de Odontologia UFMG<\/span><\/span><span class='av-structured-data'  itemprop=\"datePublished\" datetime=\"2017-11-14T13:22:44-02:00\" >2017-11-14 13:22:44<\/span><span class='av-structured-data'  itemprop=\"dateModified\" itemtype=\"https:\/\/schema.org\/dateModified\" >2017-11-14 13:22:44<\/span><span class='av-structured-data'  itemprop=\"mainEntityOfPage\" itemtype=\"https:\/\/schema.org\/mainEntityOfPage\" ><span itemprop='name'>A intersetorialidade no Programa Sa\u00fade na Escola no munic\u00edpio de Belo Horizonte, MG.<\/span><\/span><\/span><\/article><div class='single-big'><nav class='pagination'><span class='pagination-meta'>P\u00e1gina 1 de 2<\/span><span class='current'>1<\/span><a href='https:\/\/www.odonto.ufmg.br\/paixao\/wp-json\/wp\/v2\/pages\/269\/page\/2\/' class='inactive next_page' >2<\/a><\/nav>\n<\/div><\/div>\n","protected":false},"excerpt":{"rendered":"","protected":false},"author":1,"featured_media":0,"parent":0,"menu_order":0,"comment_status":"closed","ping_status":"closed","template":"","meta":{"inline_featured_image":false,"footnotes":""},"class_list":["post-269","page","type-page","status-publish","hentry"],"yoast_head":"<!-- This site is optimized with the Yoast SEO plugin v27.5 - https:\/\/yoast.com\/product\/yoast-seo-wordpress\/ -->\n<title>DISSERTA\u00c7\u00d5ES, TESES E MONOGRAFIAS\/TCC - N\u00facleo de Estudos em Sa\u00fade Coletiva Paix\u00e3o<\/title>\n<meta name=\"robots\" content=\"index, follow, max-snippet:-1, max-image-preview:large, max-video-preview:-1\" \/>\n<link rel=\"canonical\" href=\"https:\/\/www.odonto.ufmg.br\/paixao\/dissertacoes-teses-e-monografias-tcc\/\" \/>\n<meta property=\"og:locale\" content=\"pt_BR\" \/>\n<meta property=\"og:type\" content=\"article\" \/>\n<meta property=\"og:title\" content=\"DISSERTA\u00c7\u00d5ES, TESES E MONOGRAFIAS\/TCC - N\u00facleo de Estudos em Sa\u00fade Coletiva Paix\u00e3o\" \/>\n<meta property=\"og:url\" content=\"https:\/\/www.odonto.ufmg.br\/paixao\/dissertacoes-teses-e-monografias-tcc\/\" \/>\n<meta property=\"og:site_name\" content=\"N\u00facleo de Estudos em Sa\u00fade Coletiva Paix\u00e3o\" \/>\n<meta property=\"article:modified_time\" content=\"2018-05-23T19:53:46+00:00\" \/>\n<meta name=\"twitter:card\" content=\"summary_large_image\" \/>\n<script type=\"application\/ld+json\" class=\"yoast-schema-graph\">{\"@context\":\"https:\\\/\\\/schema.org\",\"@graph\":[{\"@type\":\"WebPage\",\"@id\":\"https:\\\/\\\/www.odonto.ufmg.br\\\/paixao\\\/dissertacoes-teses-e-monografias-tcc\\\/\",\"url\":\"https:\\\/\\\/www.odonto.ufmg.br\\\/paixao\\\/dissertacoes-teses-e-monografias-tcc\\\/\",\"name\":\"DISSERTA\u00c7\u00d5ES, TESES E MONOGRAFIAS\\\/TCC - N\u00facleo de Estudos em Sa\u00fade Coletiva Paix\u00e3o\",\"isPartOf\":{\"@id\":\"https:\\\/\\\/www.odonto.ufmg.br\\\/paixao\\\/#website\"},\"datePublished\":\"2017-11-14T13:37:13+00:00\",\"dateModified\":\"2018-05-23T19:53:46+00:00\",\"breadcrumb\":{\"@id\":\"https:\\\/\\\/www.odonto.ufmg.br\\\/paixao\\\/dissertacoes-teses-e-monografias-tcc\\\/#breadcrumb\"},\"inLanguage\":\"pt-BR\",\"potentialAction\":[{\"@type\":\"ReadAction\",\"target\":[\"https:\\\/\\\/www.odonto.ufmg.br\\\/paixao\\\/dissertacoes-teses-e-monografias-tcc\\\/\"]}]},{\"@type\":\"BreadcrumbList\",\"@id\":\"https:\\\/\\\/www.odonto.ufmg.br\\\/paixao\\\/dissertacoes-teses-e-monografias-tcc\\\/#breadcrumb\",\"itemListElement\":[{\"@type\":\"ListItem\",\"position\":1,\"name\":\"In\u00edcio\",\"item\":\"https:\\\/\\\/www.odonto.ufmg.br\\\/paixao\\\/\"},{\"@type\":\"ListItem\",\"position\":2,\"name\":\"DISSERTA\u00c7\u00d5ES, TESES E MONOGRAFIAS\\\/TCC\"}]},{\"@type\":\"WebSite\",\"@id\":\"https:\\\/\\\/www.odonto.ufmg.br\\\/paixao\\\/#website\",\"url\":\"https:\\\/\\\/www.odonto.ufmg.br\\\/paixao\\\/\",\"name\":\"N\u00facleo de Estudos em Sa\u00fade Coletiva Paix\u00e3o\",\"description\":\"Grupo de pesquisa da Faculdade de Odontologia da Universidade Federal de Minas Gerais\",\"potentialAction\":[{\"@type\":\"SearchAction\",\"target\":{\"@type\":\"EntryPoint\",\"urlTemplate\":\"https:\\\/\\\/www.odonto.ufmg.br\\\/paixao\\\/?s={search_term_string}\"},\"query-input\":{\"@type\":\"PropertyValueSpecification\",\"valueRequired\":true,\"valueName\":\"search_term_string\"}}],\"inLanguage\":\"pt-BR\"}]}<\/script>\n<!-- \/ Yoast SEO plugin. -->","yoast_head_json":{"title":"DISSERTA\u00c7\u00d5ES, TESES E MONOGRAFIAS\/TCC - N\u00facleo de Estudos em Sa\u00fade Coletiva Paix\u00e3o","robots":{"index":"index","follow":"follow","max-snippet":"max-snippet:-1","max-image-preview":"max-image-preview:large","max-video-preview":"max-video-preview:-1"},"canonical":"https:\/\/www.odonto.ufmg.br\/paixao\/dissertacoes-teses-e-monografias-tcc\/","og_locale":"pt_BR","og_type":"article","og_title":"DISSERTA\u00c7\u00d5ES, TESES E MONOGRAFIAS\/TCC - N\u00facleo de Estudos em Sa\u00fade Coletiva Paix\u00e3o","og_url":"https:\/\/www.odonto.ufmg.br\/paixao\/dissertacoes-teses-e-monografias-tcc\/","og_site_name":"N\u00facleo de Estudos em Sa\u00fade Coletiva Paix\u00e3o","article_modified_time":"2018-05-23T19:53:46+00:00","twitter_card":"summary_large_image","schema":{"@context":"https:\/\/schema.org","@graph":[{"@type":"WebPage","@id":"https:\/\/www.odonto.ufmg.br\/paixao\/dissertacoes-teses-e-monografias-tcc\/","url":"https:\/\/www.odonto.ufmg.br\/paixao\/dissertacoes-teses-e-monografias-tcc\/","name":"DISSERTA\u00c7\u00d5ES, TESES E MONOGRAFIAS\/TCC - N\u00facleo de Estudos em Sa\u00fade Coletiva Paix\u00e3o","isPartOf":{"@id":"https:\/\/www.odonto.ufmg.br\/paixao\/#website"},"datePublished":"2017-11-14T13:37:13+00:00","dateModified":"2018-05-23T19:53:46+00:00","breadcrumb":{"@id":"https:\/\/www.odonto.ufmg.br\/paixao\/dissertacoes-teses-e-monografias-tcc\/#breadcrumb"},"inLanguage":"pt-BR","potentialAction":[{"@type":"ReadAction","target":["https:\/\/www.odonto.ufmg.br\/paixao\/dissertacoes-teses-e-monografias-tcc\/"]}]},{"@type":"BreadcrumbList","@id":"https:\/\/www.odonto.ufmg.br\/paixao\/dissertacoes-teses-e-monografias-tcc\/#breadcrumb","itemListElement":[{"@type":"ListItem","position":1,"name":"In\u00edcio","item":"https:\/\/www.odonto.ufmg.br\/paixao\/"},{"@type":"ListItem","position":2,"name":"DISSERTA\u00c7\u00d5ES, TESES E MONOGRAFIAS\/TCC"}]},{"@type":"WebSite","@id":"https:\/\/www.odonto.ufmg.br\/paixao\/#website","url":"https:\/\/www.odonto.ufmg.br\/paixao\/","name":"N\u00facleo de Estudos em Sa\u00fade Coletiva Paix\u00e3o","description":"Grupo de pesquisa da Faculdade de Odontologia da Universidade Federal de Minas Gerais","potentialAction":[{"@type":"SearchAction","target":{"@type":"EntryPoint","urlTemplate":"https:\/\/www.odonto.ufmg.br\/paixao\/?s={search_term_string}"},"query-input":{"@type":"PropertyValueSpecification","valueRequired":true,"valueName":"search_term_string"}}],"inLanguage":"pt-BR"}]}},"_links":{"self":[{"href":"https:\/\/www.odonto.ufmg.br\/paixao\/wp-json\/wp\/v2\/pages\/269","targetHints":{"allow":["GET"]}}],"collection":[{"href":"https:\/\/www.odonto.ufmg.br\/paixao\/wp-json\/wp\/v2\/pages"}],"about":[{"href":"https:\/\/www.odonto.ufmg.br\/paixao\/wp-json\/wp\/v2\/types\/page"}],"author":[{"embeddable":true,"href":"https:\/\/www.odonto.ufmg.br\/paixao\/wp-json\/wp\/v2\/users\/1"}],"replies":[{"embeddable":true,"href":"https:\/\/www.odonto.ufmg.br\/paixao\/wp-json\/wp\/v2\/comments?post=269"}],"version-history":[{"count":3,"href":"https:\/\/www.odonto.ufmg.br\/paixao\/wp-json\/wp\/v2\/pages\/269\/revisions"}],"predecessor-version":[{"id":1483,"href":"https:\/\/www.odonto.ufmg.br\/paixao\/wp-json\/wp\/v2\/pages\/269\/revisions\/1483"}],"wp:attachment":[{"href":"https:\/\/www.odonto.ufmg.br\/paixao\/wp-json\/wp\/v2\/media?parent=269"}],"curies":[{"name":"wp","href":"https:\/\/api.w.org\/{rel}","templated":true}]}}