{"id":589,"date":"2019-04-24T14:17:10","date_gmt":"2019-04-24T17:17:10","guid":{"rendered":"https:\/\/www.odonto.ufmg.br\/osp\/?page_id=589"},"modified":"2019-04-24T14:54:14","modified_gmt":"2019-04-24T17:54:14","slug":"disciplinas-de-promocao-a-saude","status":"publish","type":"page","link":"https:\/\/www.odonto.ufmg.br\/osp\/disciplinas-de-promocao-a-saude\/","title":{"rendered":"Disciplinas de promo\u00e7\u00e3o \u00e0 sa\u00fade"},"content":{"rendered":"\n<style type=\"text\/css\" data-created_by=\"avia_inline_auto\" id=\"style-css-av-juvi26bl-3585e3342673d917f756786ec6f937de\">\n.av_font_icon.av-juvi26bl-3585e3342673d917f756786ec6f937de{\ncolor:#b02b2c;\nborder-color:#b02b2c;\n}\n.avia-svg-icon.av-juvi26bl-3585e3342673d917f756786ec6f937de svg:first-child{\nstroke:#b02b2c;\nfill:#b02b2c;\n}\n.av_font_icon.av-juvi26bl-3585e3342673d917f756786ec6f937de .av-icon-char{\nfont-size:30px;\nline-height:30px;\n}\n<\/style>\n<span  class='av_font_icon av-juvi26bl-3585e3342673d917f756786ec6f937de avia_animate_when_visible av-icon-style- avia-icon-pos-center avia-iconfont avia-font-entypo-fontello avia-icon-animate'><span class='av-icon-char' data-av_icon='\ue8e6' data-av_iconfont='entypo-fontello' aria-hidden=\"true\" ><\/span><\/span>\n\n<style type=\"text\/css\" data-created_by=\"avia_inline_auto\" id=\"style-css-av-juvi6or3-80d887fa239af96e4ad3bf78c04263a5\">\n#top .hr.av-juvi6or3-80d887fa239af96e4ad3bf78c04263a5{\nmargin-top:30px;\nmargin-bottom:30px;\n}\n.hr.av-juvi6or3-80d887fa239af96e4ad3bf78c04263a5 .hr-inner{\nwidth:50px;\n}\n<\/style>\n<div  class='hr av-juvi6or3-80d887fa239af96e4ad3bf78c04263a5 hr-custom  avia-builder-el-1  el_after_av_font_icon  el_before_av_textblock  hr-center hr-icon-no'><span class='hr-inner inner-border-av-border-thin'><span class=\"hr-inner-style\"><\/span><\/span><\/div>\n\n<style type=\"text\/css\" data-created_by=\"avia_inline_auto\" id=\"style-css-av-juvi464p-00adb2d9df9641114f0998ad9983333c\">\n#top .av_textblock_section.av-juvi464p-00adb2d9df9641114f0998ad9983333c .avia_textblock{\ncolor:#000000;\n}\n<\/style>\n<section  class='av_textblock_section av-juvi464p-00adb2d9df9641114f0998ad9983333c '   itemscope=\"itemscope\" itemtype=\"https:\/\/schema.org\/CreativeWork\" ><div class='avia_textblock av_inherit_color'  itemprop=\"text\" ><p style=\"text-align: center\">Produto produzido na disciplina optativa <strong>OSP032,<\/strong> Promo\u00e7\u00e3o da Sa\u00fade e Vida Saud\u00e1vel.<\/p>\n<p style=\"text-align: center\">Desenvolvido por acad\u00eamicos do curso de gradua\u00e7\u00e3o em Odontologia da FAO UFMG.<\/p>\n<\/div><\/section>\n<div  class='hr av-1cfd99-2ac51582f4be0ef725d75db519ccf2e6 hr-default  avia-builder-el-3  el_after_av_textblock  el_before_av_textblock '><span class='hr-inner '><span class=\"hr-inner-style\"><\/span><\/span><\/div>\n<section  class='av_textblock_section av-juvi053y-e0df4e00d8905c5090e32cde35f4516f '   itemscope=\"itemscope\" itemtype=\"https:\/\/schema.org\/CreativeWork\" ><div class='avia_textblock'  itemprop=\"text\" ><ul>\n<li style=\"list-style-type: none\">\n<ul>\n<li><strong>Orientadoras:<\/strong> Profa. Dra. Viviane Elis\u00e2ngela Gomes, Profa. Dra. Mara Vasconcelos e Profa. Dra. Janice Simpsom de Paula, todas do Departamento de Odontologia Social e Preventiva (OSP) FAO UFMG.<\/li>\n<li><strong>Acad\u00eamicos autores:<\/strong>\n<ul>\n<li style=\"list-style-type: none\">\n<ul>\n<li>Camila de Oliveira Freitas<\/li>\n<li>J\u00e9ssica Morais Costa<\/li>\n<li>Let\u00edcia Andrioni de Paula<\/li>\n<li>Maria Paula Quintero<\/li>\n<li>Paloma Eduarda Souza<\/li>\n<li>Pedro Augusto Pereira dos Santos<\/li>\n<\/ul>\n<\/li>\n<\/ul>\n<\/li>\n<\/ul>\n<\/li>\n<\/ul>\n<\/div><\/section>\n<div  class='avia-slideshow av-juvibudi-46d09e2e1d9a7495fc51dc41cb4fdf28 avia-slideshow-magazine av_slideshow avia-slide-slider  avia-builder-el-5  el_after_av_textblock  el_before_av_hr  av-slideshow-ui av-control-default av-slideshow-autoplay av-loop-endless av-loop-manual-endless av-default-height-applied avia-slideshow-1' data-slideshow-options=\"{&quot;animation&quot;:&quot;slide&quot;,&quot;autoplay&quot;:true,&quot;loop_autoplay&quot;:&quot;endless&quot;,&quot;interval&quot;:4,&quot;loop_manual&quot;:&quot;manual-endless&quot;,&quot;autoplay_stopper&quot;:false,&quot;noNavigation&quot;:false,&quot;bg_slider&quot;:false,&quot;keep_padding&quot;:false,&quot;hoverpause&quot;:false,&quot;show_slide_delay&quot;:0}\"  itemprop=\"image\" itemscope=\"itemscope\" itemtype=\"https:\/\/schema.org\/ImageObject\" ><ul class='avia-slideshow-inner ' style='padding-bottom: 57.251908396947%;'><li  class='avia-slideshow-slide av-juvibudi-46d09e2e1d9a7495fc51dc41cb4fdf28__0  slide-1 slide-odd'><a href=\"https:\/\/www.odonto.ufmg.br\/osp\/wp-content\/uploads\/sites\/20\/2019\/04\/1.png\"  data-rel='slideshow-1' class='avia-slide-wrap '   ><img fetchpriority=\"high\" class=\"wp-image-595 avia-img-lazy-loading-not-595\"  src='https:\/\/www.odonto.ufmg.br\/osp\/wp-content\/uploads\/sites\/20\/2019\/04\/1-655x375.png' width='655' height='375' title='1' alt=''  itemprop=\"thumbnailUrl\"   \/><\/a><\/li><li  class='avia-slideshow-slide av-juvibudi-46d09e2e1d9a7495fc51dc41cb4fdf28__1  slide-2 slide-even'><a href=\"https:\/\/www.odonto.ufmg.br\/osp\/wp-content\/uploads\/sites\/20\/2019\/04\/2.png\"  data-rel='slideshow-1' class='avia-slide-wrap '   ><img fetchpriority=\"high\" class=\"wp-image-596 avia-img-lazy-loading-not-596\"  src='https:\/\/www.odonto.ufmg.br\/osp\/wp-content\/uploads\/sites\/20\/2019\/04\/2-613x375.png' width='613' height='375' title='2' alt=''  itemprop=\"thumbnailUrl\"   \/><\/a><\/li><li  class='avia-slideshow-slide av-juvibudi-46d09e2e1d9a7495fc51dc41cb4fdf28__2  slide-3 slide-odd'><a href=\"https:\/\/www.odonto.ufmg.br\/osp\/wp-content\/uploads\/sites\/20\/2019\/04\/3.png\"  data-rel='slideshow-1' class='avia-slide-wrap '   ><img fetchpriority=\"high\" class=\"wp-image-597 avia-img-lazy-loading-not-597\"  src='https:\/\/www.odonto.ufmg.br\/osp\/wp-content\/uploads\/sites\/20\/2019\/04\/3-617x375.png' width='617' height='375' title='3' alt=''  itemprop=\"thumbnailUrl\"   \/><\/a><\/li><li  class='avia-slideshow-slide av-juvibudi-46d09e2e1d9a7495fc51dc41cb4fdf28__3  slide-4 slide-even'><a href=\"https:\/\/www.odonto.ufmg.br\/osp\/wp-content\/uploads\/sites\/20\/2019\/04\/4.png\"  data-rel='slideshow-1' class='avia-slide-wrap '   ><img fetchpriority=\"high\" class=\"wp-image-598 avia-img-lazy-loading-not-598\"  src='https:\/\/www.odonto.ufmg.br\/osp\/wp-content\/uploads\/sites\/20\/2019\/04\/4-649x375.png' width='649' height='375' title='4' alt=''  itemprop=\"thumbnailUrl\"   \/><\/a><\/li><li  class='avia-slideshow-slide av-juvibudi-46d09e2e1d9a7495fc51dc41cb4fdf28__4  slide-5 slide-odd'><a href=\"https:\/\/www.odonto.ufmg.br\/osp\/wp-content\/uploads\/sites\/20\/2019\/04\/5.png\"  data-rel='slideshow-1' class='avia-slide-wrap '   ><img fetchpriority=\"high\" class=\"wp-image-599 avia-img-lazy-loading-not-599\"  src='https:\/\/www.odonto.ufmg.br\/osp\/wp-content\/uploads\/sites\/20\/2019\/04\/5-631x375.png' width='631' height='375' title='5' alt=''  itemprop=\"thumbnailUrl\"   \/><\/a><\/li><li  class='avia-slideshow-slide av-juvibudi-46d09e2e1d9a7495fc51dc41cb4fdf28__5  slide-6 slide-even'><a href=\"https:\/\/www.odonto.ufmg.br\/osp\/wp-content\/uploads\/sites\/20\/2019\/04\/6.png\"  data-rel='slideshow-1' class='avia-slide-wrap '   ><img fetchpriority=\"high\" class=\"wp-image-600 avia-img-lazy-loading-not-600\"  src='https:\/\/www.odonto.ufmg.br\/osp\/wp-content\/uploads\/sites\/20\/2019\/04\/6-619x375.png' width='619' height='375' title='6' alt=''  itemprop=\"thumbnailUrl\"   \/><\/a><\/li><\/ul><div class='avia-slideshow-arrows avia-slideshow-controls' ><a href='#prev' class='prev-slide  avia-svg-icon avia-font-svg_entypo-fontello' data-av_svg_icon='left-open-big' data-av_iconset='svg_entypo-fontello' tabindex='-1' title=\"Anterior\"><svg version=\"1.1\" xmlns=\"http:\/\/www.w3.org\/2000\/svg\" width=\"15\" height=\"32\" viewBox=\"0 0 15 32\" preserveAspectRatio=\"xMidYMid meet\" aria-labelledby='av-svg-title-1' aria-describedby='av-svg-desc-1' role=\"graphics-symbol\" aria-hidden=\"true\">\n<title id='av-svg-title-1'>Anterior<\/title>\n<desc id='av-svg-desc-1'>Anterior<\/desc>\n<path d=\"M14.464 27.84q0.832 0.832 0 1.536-0.832 0.832-1.536 0l-12.544-12.608q-0.768-0.768 0-1.6l12.544-12.608q0.704-0.832 1.536 0 0.832 0.704 0 1.536l-11.456 11.904z\"><\/path>\n<\/svg><span class='avia_hidden_link_text'>Anterior<\/span><\/a><a href='#next' class='next-slide  avia-svg-icon avia-font-svg_entypo-fontello' data-av_svg_icon='right-open-big' data-av_iconset='svg_entypo-fontello' tabindex='-1' title=\"Pr\u00f3ximo\"><svg version=\"1.1\" xmlns=\"http:\/\/www.w3.org\/2000\/svg\" width=\"15\" height=\"32\" viewBox=\"0 0 15 32\" preserveAspectRatio=\"xMidYMid meet\" aria-labelledby='av-svg-title-2' aria-describedby='av-svg-desc-2' role=\"graphics-symbol\" aria-hidden=\"true\">\n<title id='av-svg-title-2'>Pr\u00f3ximo<\/title>\n<desc id='av-svg-desc-2'>Pr\u00f3ximo<\/desc>\n<path d=\"M0.416 27.84l11.456-11.84-11.456-11.904q-0.832-0.832 0-1.536 0.832-0.832 1.536 0l12.544 12.608q0.768 0.832 0 1.6l-12.544 12.608q-0.704 0.832-1.536 0-0.832-0.704 0-1.536z\"><\/path>\n<\/svg><span class='avia_hidden_link_text'>Pr\u00f3ximo<\/span><\/a><\/div><div class='avia-slideshow-dots avia-slideshow-controls'><a href='#1' class='goto-slide active' >1<\/a><a href='#2' class='goto-slide ' >2<\/a><a href='#3' class='goto-slide ' >3<\/a><a href='#4' class='goto-slide ' >4<\/a><a href='#5' class='goto-slide ' >5<\/a><a href='#6' class='goto-slide ' >6<\/a><\/div><\/div>\n<div  class='hr av-18pdyd-42f0c917ce7a5d348f4253bcf3cfa104 hr-default  avia-builder-el-6  el_after_av_slideshow  avia-builder-el-last '><span class='hr-inner '><span class=\"hr-inner-style\"><\/span><\/span><\/div>\n","protected":false},"excerpt":{"rendered":"","protected":false},"author":1,"featured_media":0,"parent":0,"menu_order":0,"comment_status":"closed","ping_status":"closed","template":"","meta":{"inline_featured_image":false,"footnotes":""},"class_list":["post-589","page","type-page","status-publish","hentry"],"yoast_head":"<!-- This site is optimized with the Yoast SEO plugin v27.3 - https:\/\/yoast.com\/product\/yoast-seo-wordpress\/ -->\n<title>Disciplinas de promo\u00e7\u00e3o \u00e0 sa\u00fade - Departamento de Odontologia Social e Preventiva<\/title>\n<meta name=\"robots\" content=\"index, follow, max-snippet:-1, max-image-preview:large, max-video-preview:-1\" \/>\n<link rel=\"canonical\" href=\"https:\/\/www.odonto.ufmg.br\/osp\/disciplinas-de-promocao-a-saude\/\" \/>\n<meta property=\"og:locale\" content=\"pt_BR\" \/>\n<meta property=\"og:type\" content=\"article\" \/>\n<meta property=\"og:title\" content=\"Disciplinas de promo\u00e7\u00e3o \u00e0 sa\u00fade - Departamento de Odontologia Social e Preventiva\" \/>\n<meta property=\"og:url\" content=\"https:\/\/www.odonto.ufmg.br\/osp\/disciplinas-de-promocao-a-saude\/\" \/>\n<meta property=\"og:site_name\" content=\"Departamento de Odontologia Social e Preventiva\" \/>\n<meta property=\"article:modified_time\" content=\"2019-04-24T17:54:14+00:00\" \/>\n<meta name=\"twitter:card\" content=\"summary_large_image\" \/>\n<meta name=\"twitter:label1\" content=\"Est. tempo de leitura\" \/>\n\t<meta name=\"twitter:data1\" content=\"4 minutos\" \/>\n<script type=\"application\/ld+json\" class=\"yoast-schema-graph\">{\"@context\":\"https:\\\/\\\/schema.org\",\"@graph\":[{\"@type\":\"WebPage\",\"@id\":\"https:\\\/\\\/www.odonto.ufmg.br\\\/osp\\\/disciplinas-de-promocao-a-saude\\\/\",\"url\":\"https:\\\/\\\/www.odonto.ufmg.br\\\/osp\\\/disciplinas-de-promocao-a-saude\\\/\",\"name\":\"Disciplinas de promo\u00e7\u00e3o \u00e0 sa\u00fade - Departamento de Odontologia Social e Preventiva\",\"isPartOf\":{\"@id\":\"https:\\\/\\\/www.odonto.ufmg.br\\\/osp\\\/#website\"},\"datePublished\":\"2019-04-24T17:17:10+00:00\",\"dateModified\":\"2019-04-24T17:54:14+00:00\",\"breadcrumb\":{\"@id\":\"https:\\\/\\\/www.odonto.ufmg.br\\\/osp\\\/disciplinas-de-promocao-a-saude\\\/#breadcrumb\"},\"inLanguage\":\"pt-BR\",\"potentialAction\":[{\"@type\":\"ReadAction\",\"target\":[\"https:\\\/\\\/www.odonto.ufmg.br\\\/osp\\\/disciplinas-de-promocao-a-saude\\\/\"]}]},{\"@type\":\"BreadcrumbList\",\"@id\":\"https:\\\/\\\/www.odonto.ufmg.br\\\/osp\\\/disciplinas-de-promocao-a-saude\\\/#breadcrumb\",\"itemListElement\":[{\"@type\":\"ListItem\",\"position\":1,\"name\":\"In\u00edcio\",\"item\":\"https:\\\/\\\/www.odonto.ufmg.br\\\/osp\\\/\"},{\"@type\":\"ListItem\",\"position\":2,\"name\":\"Disciplinas de promo\u00e7\u00e3o \u00e0 sa\u00fade\"}]},{\"@type\":\"WebSite\",\"@id\":\"https:\\\/\\\/www.odonto.ufmg.br\\\/osp\\\/#website\",\"url\":\"https:\\\/\\\/www.odonto.ufmg.br\\\/osp\\\/\",\"name\":\"Departamento de Odontologia Social e Preventiva\",\"description\":\"S\u00f3 mais um site Faculdade de Odontologia Universidade Federal de Minas Gerais\",\"potentialAction\":[{\"@type\":\"SearchAction\",\"target\":{\"@type\":\"EntryPoint\",\"urlTemplate\":\"https:\\\/\\\/www.odonto.ufmg.br\\\/osp\\\/?s={search_term_string}\"},\"query-input\":{\"@type\":\"PropertyValueSpecification\",\"valueRequired\":true,\"valueName\":\"search_term_string\"}}],\"inLanguage\":\"pt-BR\"}]}<\/script>\n<!-- \/ Yoast SEO plugin. -->","yoast_head_json":{"title":"Disciplinas de promo\u00e7\u00e3o \u00e0 sa\u00fade - Departamento de Odontologia Social e Preventiva","robots":{"index":"index","follow":"follow","max-snippet":"max-snippet:-1","max-image-preview":"max-image-preview:large","max-video-preview":"max-video-preview:-1"},"canonical":"https:\/\/www.odonto.ufmg.br\/osp\/disciplinas-de-promocao-a-saude\/","og_locale":"pt_BR","og_type":"article","og_title":"Disciplinas de promo\u00e7\u00e3o \u00e0 sa\u00fade - Departamento de Odontologia Social e Preventiva","og_url":"https:\/\/www.odonto.ufmg.br\/osp\/disciplinas-de-promocao-a-saude\/","og_site_name":"Departamento de Odontologia Social e Preventiva","article_modified_time":"2019-04-24T17:54:14+00:00","twitter_card":"summary_large_image","twitter_misc":{"Est. tempo de leitura":"4 minutos"},"schema":{"@context":"https:\/\/schema.org","@graph":[{"@type":"WebPage","@id":"https:\/\/www.odonto.ufmg.br\/osp\/disciplinas-de-promocao-a-saude\/","url":"https:\/\/www.odonto.ufmg.br\/osp\/disciplinas-de-promocao-a-saude\/","name":"Disciplinas de promo\u00e7\u00e3o \u00e0 sa\u00fade - Departamento de Odontologia Social e Preventiva","isPartOf":{"@id":"https:\/\/www.odonto.ufmg.br\/osp\/#website"},"datePublished":"2019-04-24T17:17:10+00:00","dateModified":"2019-04-24T17:54:14+00:00","breadcrumb":{"@id":"https:\/\/www.odonto.ufmg.br\/osp\/disciplinas-de-promocao-a-saude\/#breadcrumb"},"inLanguage":"pt-BR","potentialAction":[{"@type":"ReadAction","target":["https:\/\/www.odonto.ufmg.br\/osp\/disciplinas-de-promocao-a-saude\/"]}]},{"@type":"BreadcrumbList","@id":"https:\/\/www.odonto.ufmg.br\/osp\/disciplinas-de-promocao-a-saude\/#breadcrumb","itemListElement":[{"@type":"ListItem","position":1,"name":"In\u00edcio","item":"https:\/\/www.odonto.ufmg.br\/osp\/"},{"@type":"ListItem","position":2,"name":"Disciplinas de promo\u00e7\u00e3o \u00e0 sa\u00fade"}]},{"@type":"WebSite","@id":"https:\/\/www.odonto.ufmg.br\/osp\/#website","url":"https:\/\/www.odonto.ufmg.br\/osp\/","name":"Departamento de Odontologia Social e Preventiva","description":"S\u00f3 mais um site Faculdade de Odontologia Universidade Federal de Minas Gerais","potentialAction":[{"@type":"SearchAction","target":{"@type":"EntryPoint","urlTemplate":"https:\/\/www.odonto.ufmg.br\/osp\/?s={search_term_string}"},"query-input":{"@type":"PropertyValueSpecification","valueRequired":true,"valueName":"search_term_string"}}],"inLanguage":"pt-BR"}]}},"_links":{"self":[{"href":"https:\/\/www.odonto.ufmg.br\/osp\/wp-json\/wp\/v2\/pages\/589","targetHints":{"allow":["GET"]}}],"collection":[{"href":"https:\/\/www.odonto.ufmg.br\/osp\/wp-json\/wp\/v2\/pages"}],"about":[{"href":"https:\/\/www.odonto.ufmg.br\/osp\/wp-json\/wp\/v2\/types\/page"}],"author":[{"embeddable":true,"href":"https:\/\/www.odonto.ufmg.br\/osp\/wp-json\/wp\/v2\/users\/1"}],"replies":[{"embeddable":true,"href":"https:\/\/www.odonto.ufmg.br\/osp\/wp-json\/wp\/v2\/comments?post=589"}],"version-history":[{"count":6,"href":"https:\/\/www.odonto.ufmg.br\/osp\/wp-json\/wp\/v2\/pages\/589\/revisions"}],"predecessor-version":[{"id":591,"href":"https:\/\/www.odonto.ufmg.br\/osp\/wp-json\/wp\/v2\/pages\/589\/revisions\/591"}],"wp:attachment":[{"href":"https:\/\/www.odonto.ufmg.br\/osp\/wp-json\/wp\/v2\/media?parent=589"}],"curies":[{"name":"wp","href":"https:\/\/api.w.org\/{rel}","templated":true}]}}