{"id":285,"date":"2018-02-21T13:38:46","date_gmt":"2018-02-21T16:38:46","guid":{"rendered":"https:\/\/www.odonto.ufmg.br\/osp\/?page_id=285"},"modified":"2020-08-07T17:09:17","modified_gmt":"2020-08-07T20:09:17","slug":"pesquisa","status":"publish","type":"page","link":"https:\/\/www.odonto.ufmg.br\/osp\/pesquisa\/","title":{"rendered":"Pesquisa"},"content":{"rendered":"\n<style type=\"text\/css\" data-created_by=\"avia_inline_auto\" id=\"style-css-av-d7p7x-b3b034c487b45f696c47f1894e96fca8\">\n.flex_column.av-d7p7x-b3b034c487b45f696c47f1894e96fca8{\nborder-radius:0px 0px 0px 0px;\npadding:0px 0px 0px 0px;\n}\n<\/style>\n<div  class='flex_column av-d7p7x-b3b034c487b45f696c47f1894e96fca8 av_one_half  avia-builder-el-0  el_before_av_one_half  avia-builder-el-first  first flex_column_div av-zero-column-padding  '     ><article  class='iconbox iconbox_top av-72sad-cbded1340c3b33dc378525af69159495  avia-builder-el-1  avia-builder-el-no-sibling  main_color'  itemscope=\"itemscope\" itemtype=\"https:\/\/schema.org\/CreativeWork\" ><div class=\"iconbox_content\"><header class=\"entry-content-header\" aria-label=\"Icon: N\u00facleo de Estudos em Sa\u00fade Coletiva Paix\u00e3o\"><a href='http:\/\/www.odonto.ufmg.br\/paixao' title='N\u00facleo de Estudos em Sa\u00fade Coletiva Paix\u00e3o' aria-label='N\u00facleo de Estudos em Sa\u00fade Coletiva Paix\u00e3o'  target=\"_blank\"  rel=\"noopener noreferrer\" class='iconbox_icon heading-color avia-iconfont avia-font-entypo-fontello' data-av_icon='\ue80b' data-av_iconfont='entypo-fontello' title=\"N\u00facleo de Estudos em Sa\u00fade Coletiva Paix\u00e3o\" desc=\"N\u00facleo de Estudos em Sa\u00fade Coletiva Paix\u00e3o\" ><\/a><h3 class='iconbox_content_title '  itemprop=\"headline\" ><a href='http:\/\/www.odonto.ufmg.br\/paixao' title='N\u00facleo de Estudos em Sa\u00fade Coletiva Paix\u00e3o'  target=\"_blank\"  rel=\"noopener noreferrer\">N\u00facleo de Estudos em Sa\u00fade Coletiva Paix\u00e3o<\/a><\/h3><\/header><div class='iconbox_content_container '  itemprop=\"text\" ><p>Informa\u00e7\u00f5es sobre o\u00a0N\u00facleo de Estudos em Sa\u00fade Coletiva Paix\u00e3o.<\/p>\n<\/div><\/div><footer class=\"entry-footer\"><\/footer><\/article><\/div>\n\n<style type=\"text\/css\" data-created_by=\"avia_inline_auto\" id=\"style-css-av-d7p7x-7aaf5c98ea9971bef6bab34d4718ab8e\">\n.flex_column.av-d7p7x-7aaf5c98ea9971bef6bab34d4718ab8e{\nborder-radius:0px 0px 0px 0px;\npadding:0px 0px 0px 0px;\n}\n<\/style>\n<div  class='flex_column av-d7p7x-7aaf5c98ea9971bef6bab34d4718ab8e av_one_half  avia-builder-el-2  el_after_av_one_half  avia-builder-el-last  flex_column_div av-zero-column-padding  '     ><article  class='iconbox iconbox_top av-72sad-ab544c4c435ab2faa6a8071ef4d88f0e  avia-builder-el-3  avia-builder-el-no-sibling  main_color'  itemscope=\"itemscope\" itemtype=\"https:\/\/schema.org\/CreativeWork\" ><div class=\"iconbox_content\"><header class=\"entry-content-header\" aria-label=\"Icon: Odontologia para crian\u00e7as e adolescentes com defici\u00eancia\"><a href='https:\/\/www.odonto.ufmg.br\/osp\/geral\/diretrizes-de-atendimento-odontologico-para-pacientes-com-necessidades-especiais-em-tempos-de-covid-19\/' title='Odontologia para crian\u00e7as e adolescentes com defici\u00eancia' aria-label='Odontologia para crian\u00e7as e adolescentes com defici\u00eancia'  target=\"_blank\"  rel=\"noopener noreferrer\" class='iconbox_icon heading-color avia-iconfont avia-font-entypo-fontello' data-av_icon='\ue864' data-av_iconfont='entypo-fontello' title=\"Odontologia para crian\u00e7as e adolescentes com defici\u00eancia\" desc=\"Odontologia para crian\u00e7as e adolescentes com defici\u00eancia\" ><\/a><h3 class='iconbox_content_title '  itemprop=\"headline\" ><a href='https:\/\/www.odonto.ufmg.br\/osp\/geral\/diretrizes-de-atendimento-odontologico-para-pacientes-com-necessidades-especiais-em-tempos-de-covid-19\/' title='Odontologia para crian\u00e7as e adolescentes com defici\u00eancia'  target=\"_blank\"  rel=\"noopener noreferrer\">Odontologia para crian\u00e7as e adolescentes com defici\u00eancia<\/a><\/h3><\/header><div class='iconbox_content_container '  itemprop=\"text\" ><p>Informa\u00e7\u00f5es sobre a Odontologia para Pacientes com Necessidades Especiais (OPNE)<\/p>\n<\/div><\/div><footer class=\"entry-footer\"><\/footer><\/article><\/div>\n","protected":false},"excerpt":{"rendered":"","protected":false},"author":5,"featured_media":0,"parent":0,"menu_order":0,"comment_status":"closed","ping_status":"closed","template":"","meta":{"inline_featured_image":false,"footnotes":""},"class_list":["post-285","page","type-page","status-publish","hentry"],"yoast_head":"<!-- This site is optimized with the Yoast SEO plugin v27.3 - https:\/\/yoast.com\/product\/yoast-seo-wordpress\/ -->\n<title>Pesquisa - Departamento de Odontologia Social e Preventiva<\/title>\n<meta name=\"robots\" content=\"index, follow, max-snippet:-1, max-image-preview:large, max-video-preview:-1\" \/>\n<link rel=\"canonical\" href=\"https:\/\/www.odonto.ufmg.br\/osp\/pesquisa\/\" \/>\n<meta property=\"og:locale\" content=\"pt_BR\" \/>\n<meta property=\"og:type\" content=\"article\" \/>\n<meta property=\"og:title\" content=\"Pesquisa - Departamento de Odontologia Social e Preventiva\" \/>\n<meta property=\"og:url\" content=\"https:\/\/www.odonto.ufmg.br\/osp\/pesquisa\/\" \/>\n<meta property=\"og:site_name\" content=\"Departamento de Odontologia Social e Preventiva\" \/>\n<meta property=\"article:modified_time\" content=\"2020-08-07T20:09:17+00:00\" \/>\n<meta name=\"twitter:card\" content=\"summary_large_image\" \/>\n<meta name=\"twitter:label1\" content=\"Est. tempo de leitura\" \/>\n\t<meta name=\"twitter:data1\" content=\"1 minuto\" \/>\n<script type=\"application\/ld+json\" class=\"yoast-schema-graph\">{\"@context\":\"https:\\\/\\\/schema.org\",\"@graph\":[{\"@type\":\"WebPage\",\"@id\":\"https:\\\/\\\/www.odonto.ufmg.br\\\/osp\\\/pesquisa\\\/\",\"url\":\"https:\\\/\\\/www.odonto.ufmg.br\\\/osp\\\/pesquisa\\\/\",\"name\":\"Pesquisa - Departamento de Odontologia Social e Preventiva\",\"isPartOf\":{\"@id\":\"https:\\\/\\\/www.odonto.ufmg.br\\\/osp\\\/#website\"},\"datePublished\":\"2018-02-21T16:38:46+00:00\",\"dateModified\":\"2020-08-07T20:09:17+00:00\",\"breadcrumb\":{\"@id\":\"https:\\\/\\\/www.odonto.ufmg.br\\\/osp\\\/pesquisa\\\/#breadcrumb\"},\"inLanguage\":\"pt-BR\",\"potentialAction\":[{\"@type\":\"ReadAction\",\"target\":[\"https:\\\/\\\/www.odonto.ufmg.br\\\/osp\\\/pesquisa\\\/\"]}]},{\"@type\":\"BreadcrumbList\",\"@id\":\"https:\\\/\\\/www.odonto.ufmg.br\\\/osp\\\/pesquisa\\\/#breadcrumb\",\"itemListElement\":[{\"@type\":\"ListItem\",\"position\":1,\"name\":\"In\u00edcio\",\"item\":\"https:\\\/\\\/www.odonto.ufmg.br\\\/osp\\\/\"},{\"@type\":\"ListItem\",\"position\":2,\"name\":\"Pesquisa\"}]},{\"@type\":\"WebSite\",\"@id\":\"https:\\\/\\\/www.odonto.ufmg.br\\\/osp\\\/#website\",\"url\":\"https:\\\/\\\/www.odonto.ufmg.br\\\/osp\\\/\",\"name\":\"Departamento de Odontologia Social e Preventiva\",\"description\":\"S\u00f3 mais um site Faculdade de Odontologia Universidade Federal de Minas Gerais\",\"potentialAction\":[{\"@type\":\"SearchAction\",\"target\":{\"@type\":\"EntryPoint\",\"urlTemplate\":\"https:\\\/\\\/www.odonto.ufmg.br\\\/osp\\\/?s={search_term_string}\"},\"query-input\":{\"@type\":\"PropertyValueSpecification\",\"valueRequired\":true,\"valueName\":\"search_term_string\"}}],\"inLanguage\":\"pt-BR\"}]}<\/script>\n<!-- \/ Yoast SEO plugin. -->","yoast_head_json":{"title":"Pesquisa - Departamento de Odontologia Social e Preventiva","robots":{"index":"index","follow":"follow","max-snippet":"max-snippet:-1","max-image-preview":"max-image-preview:large","max-video-preview":"max-video-preview:-1"},"canonical":"https:\/\/www.odonto.ufmg.br\/osp\/pesquisa\/","og_locale":"pt_BR","og_type":"article","og_title":"Pesquisa - Departamento de Odontologia Social e Preventiva","og_url":"https:\/\/www.odonto.ufmg.br\/osp\/pesquisa\/","og_site_name":"Departamento de Odontologia Social e Preventiva","article_modified_time":"2020-08-07T20:09:17+00:00","twitter_card":"summary_large_image","twitter_misc":{"Est. tempo de leitura":"1 minuto"},"schema":{"@context":"https:\/\/schema.org","@graph":[{"@type":"WebPage","@id":"https:\/\/www.odonto.ufmg.br\/osp\/pesquisa\/","url":"https:\/\/www.odonto.ufmg.br\/osp\/pesquisa\/","name":"Pesquisa - Departamento de Odontologia Social e Preventiva","isPartOf":{"@id":"https:\/\/www.odonto.ufmg.br\/osp\/#website"},"datePublished":"2018-02-21T16:38:46+00:00","dateModified":"2020-08-07T20:09:17+00:00","breadcrumb":{"@id":"https:\/\/www.odonto.ufmg.br\/osp\/pesquisa\/#breadcrumb"},"inLanguage":"pt-BR","potentialAction":[{"@type":"ReadAction","target":["https:\/\/www.odonto.ufmg.br\/osp\/pesquisa\/"]}]},{"@type":"BreadcrumbList","@id":"https:\/\/www.odonto.ufmg.br\/osp\/pesquisa\/#breadcrumb","itemListElement":[{"@type":"ListItem","position":1,"name":"In\u00edcio","item":"https:\/\/www.odonto.ufmg.br\/osp\/"},{"@type":"ListItem","position":2,"name":"Pesquisa"}]},{"@type":"WebSite","@id":"https:\/\/www.odonto.ufmg.br\/osp\/#website","url":"https:\/\/www.odonto.ufmg.br\/osp\/","name":"Departamento de Odontologia Social e Preventiva","description":"S\u00f3 mais um site Faculdade de Odontologia Universidade Federal de Minas Gerais","potentialAction":[{"@type":"SearchAction","target":{"@type":"EntryPoint","urlTemplate":"https:\/\/www.odonto.ufmg.br\/osp\/?s={search_term_string}"},"query-input":{"@type":"PropertyValueSpecification","valueRequired":true,"valueName":"search_term_string"}}],"inLanguage":"pt-BR"}]}},"_links":{"self":[{"href":"https:\/\/www.odonto.ufmg.br\/osp\/wp-json\/wp\/v2\/pages\/285","targetHints":{"allow":["GET"]}}],"collection":[{"href":"https:\/\/www.odonto.ufmg.br\/osp\/wp-json\/wp\/v2\/pages"}],"about":[{"href":"https:\/\/www.odonto.ufmg.br\/osp\/wp-json\/wp\/v2\/types\/page"}],"author":[{"embeddable":true,"href":"https:\/\/www.odonto.ufmg.br\/osp\/wp-json\/wp\/v2\/users\/5"}],"replies":[{"embeddable":true,"href":"https:\/\/www.odonto.ufmg.br\/osp\/wp-json\/wp\/v2\/comments?post=285"}],"version-history":[{"count":9,"href":"https:\/\/www.odonto.ufmg.br\/osp\/wp-json\/wp\/v2\/pages\/285\/revisions"}],"predecessor-version":[{"id":873,"href":"https:\/\/www.odonto.ufmg.br\/osp\/wp-json\/wp\/v2\/pages\/285\/revisions\/873"}],"wp:attachment":[{"href":"https:\/\/www.odonto.ufmg.br\/osp\/wp-json\/wp\/v2\/media?parent=285"}],"curies":[{"name":"wp","href":"https:\/\/api.w.org\/{rel}","templated":true}]}}