{"id":14,"date":"2018-02-07T09:44:37","date_gmt":"2018-02-07T11:44:37","guid":{"rendered":"https:\/\/www.odonto.ufmg.br\/osp\/?page_id=14"},"modified":"2026-03-30T09:40:42","modified_gmt":"2026-03-30T12:40:42","slug":"sobre","status":"publish","type":"page","link":"https:\/\/www.odonto.ufmg.br\/osp\/sobre\/","title":{"rendered":"Sobre"},"content":{"rendered":"<div id='av_section_1'  class='avia-section av-6njp6-6fafe5933a53f09ee88918a095c25011 main_color avia-section-large avia-no-border-styling  avia-builder-el-0  avia-builder-el-no-sibling  avia-bg-style-scroll container_wrap fullsize'  ><div class='container av-section-cont-open' ><main  role=\"main\" itemprop=\"mainContentOfPage\"  class='template-page content  av-content-full alpha units'><div class='post-entry post-entry-type-page post-entry-14'><div class='entry-content-wrapper clearfix'>\n\n<style type=\"text\/css\" data-created_by=\"avia_inline_auto\" id=\"style-css-av-69t0u-6135873d8d783dbe7809682d25043bf5\">\n.flex_column.av-69t0u-6135873d8d783dbe7809682d25043bf5{\nborder-radius:0px 0px 0px 0px;\npadding:0px 0px 0px 0px;\n}\n<\/style>\n<div  class='flex_column av-69t0u-6135873d8d783dbe7809682d25043bf5 av_one_full  avia-builder-el-1  el_before_av_hr  avia-builder-el-first  first flex_column_div av-zero-column-padding  '     ><p>\n<style type=\"text\/css\" data-created_by=\"avia_inline_auto\" id=\"style-css-av-1z5w6-51ada2d967d36186b3404ae6f0b9f77f\">\n#top .av-special-heading.av-1z5w6-51ada2d967d36186b3404ae6f0b9f77f{\npadding-bottom:10px;\n}\nbody .av-special-heading.av-1z5w6-51ada2d967d36186b3404ae6f0b9f77f .av-special-heading-tag .heading-char{\nfont-size:25px;\n}\n.av-special-heading.av-1z5w6-51ada2d967d36186b3404ae6f0b9f77f .av-subheading{\nfont-size:15px;\n}\n<\/style>\n<div  class='av-special-heading av-1z5w6-51ada2d967d36186b3404ae6f0b9f77f av-special-heading-h3 blockquote modern-quote  avia-builder-el-2  el_before_av_textblock  avia-builder-el-first '><h3 class='av-special-heading-tag '  itemprop=\"headline\"  >Apresenta\u00e7\u00e3o<\/h3><div class=\"special-heading-border\"><div class=\"special-heading-inner-border\"><\/div><\/div><\/div><br \/>\n<section  class='av_textblock_section av-50wl6-f3f71047c999628baa1659bbee3c66ab '   itemscope=\"itemscope\" itemtype=\"https:\/\/schema.org\/CreativeWork\" ><div class='avia_textblock'  itemprop=\"text\" ><p>O Departamento de Odontologia Social e Preventiva (DOSP) \u00e9 um dos quatro departamentos da Faculdade de Odontologia. Atua nos cursos de Gradua\u00e7\u00e3o e de P\u00f3s Gradua\u00e7\u00e3o n\u00edvel Mestrado Profissional e Acad\u00eamico, Doutorado e P\u00f3s Doutorado; na extens\u00e3o com projetos, cursos de <a href=\"https:\/\/www.odonto.ufmg.br\/cenex\/cursos\/curso-verao\/\">Capacita\u00e7\u00e3o em M\u00e9todos de Pesquisa e Produ\u00e7\u00e3o do Conhecimento <\/a>\u00a0e Curso de Qualifica\u00e7\u00e3o Profissional Auxiliar em Sa\u00fade Bucal. O DOSP conta com a participa\u00e7\u00e3o de 26 docentes altamente qualificados.<\/p>\n<\/div><\/section><\/p><\/div><div  class='hr av-4gee6-714771703e1bda8e132ef44a11b08bd6 hr-default  avia-builder-el-4  el_after_av_one_full  el_before_av_one_half '><span class='hr-inner '><span class=\"hr-inner-style\"><\/span><\/span><\/div>\n\n<style type=\"text\/css\" data-created_by=\"avia_inline_auto\" id=\"style-css-av-3wu86-2319e95c75e47ee5ed33d249b4478753\">\n.flex_column.av-3wu86-2319e95c75e47ee5ed33d249b4478753{\nborder-radius:0px 0px 0px 0px;\npadding:0px 0px 0px 0px;\n}\n<\/style>\n<div  class='flex_column av-3wu86-2319e95c75e47ee5ed33d249b4478753 av_one_half  avia-builder-el-5  el_after_av_hr  el_before_av_one_half  first flex_column_div av-zero-column-padding  '     ><p>\n<style type=\"text\/css\" data-created_by=\"avia_inline_auto\" id=\"style-css-av-1axaa-250f1771c2c0361fe52b630aebdfde23\">\n#top .av-special-heading.av-1axaa-250f1771c2c0361fe52b630aebdfde23{\npadding-bottom:10px;\n}\nbody .av-special-heading.av-1axaa-250f1771c2c0361fe52b630aebdfde23 .av-special-heading-tag .heading-char{\nfont-size:25px;\n}\n.av-special-heading.av-1axaa-250f1771c2c0361fe52b630aebdfde23 .av-subheading{\nfont-size:15px;\n}\n<\/style>\n<div  class='av-special-heading av-1axaa-250f1771c2c0361fe52b630aebdfde23 av-special-heading-h3 blockquote modern-quote  avia-builder-el-6  el_before_av_textblock  avia-builder-el-first '><h3 class='av-special-heading-tag '  itemprop=\"headline\"  >Administra\u00e7\u00e3o<\/h3><div class=\"special-heading-border\"><div class=\"special-heading-inner-border\"><\/div><\/div><\/div><br \/>\n<section  class='av_textblock_section av-2j63y-78bf119c8b6ab68e030c2d8d0c3047c1 '   itemscope=\"itemscope\" itemtype=\"https:\/\/schema.org\/CreativeWork\" ><div class='avia_textblock'  itemprop=\"text\" ><p>Chefe: Prof. Fl\u00e1vio de Freitas Mattos<\/p>\n<p>Sub-Chefe: Profa. Rosa N\u00fabia Vieira de Moura<\/p>\n<p>Secret\u00e1rio Acad\u00eamico: Andr\u00e9 Benedito Moura Dalsecco<\/p>\n<\/div><\/section><\/p><\/div>\n<style type=\"text\/css\" data-created_by=\"avia_inline_auto\" id=\"style-css-av-2da5e-03d7bc3369d7c381e8a53c3be3410bee\">\n.flex_column.av-2da5e-03d7bc3369d7c381e8a53c3be3410bee{\nborder-radius:0px 0px 0px 0px;\npadding:0px 0px 0px 0px;\n}\n<\/style>\n<div  class='flex_column av-2da5e-03d7bc3369d7c381e8a53c3be3410bee av_one_half  avia-builder-el-8  el_after_av_one_half  avia-builder-el-last  flex_column_div av-zero-column-padding  '     ><p>\n<style type=\"text\/css\" data-created_by=\"avia_inline_auto\" id=\"style-css-av-yn8e-7c0f8254f7f1a50a9214e482a71583d5\">\n#top .av-special-heading.av-yn8e-7c0f8254f7f1a50a9214e482a71583d5{\npadding-bottom:10px;\n}\nbody .av-special-heading.av-yn8e-7c0f8254f7f1a50a9214e482a71583d5 .av-special-heading-tag .heading-char{\nfont-size:25px;\n}\n.av-special-heading.av-yn8e-7c0f8254f7f1a50a9214e482a71583d5 .av-subheading{\nfont-size:15px;\n}\n<\/style>\n<div  class='av-special-heading av-yn8e-7c0f8254f7f1a50a9214e482a71583d5 av-special-heading-h3 blockquote modern-quote  avia-builder-el-9  el_before_av_textblock  avia-builder-el-first '><h3 class='av-special-heading-tag '  itemprop=\"headline\"  >Assembleia e C\u00e2mara Departamentais<\/h3><div class=\"special-heading-border\"><div class=\"special-heading-inner-border\"><\/div><\/div><\/div><br \/>\n<section  class='av_textblock_section av-34l6-60a95dccfaad56df6900cb48c5fc354f '   itemscope=\"itemscope\" itemtype=\"https:\/\/schema.org\/CreativeWork\" ><div class='avia_textblock'  itemprop=\"text\" ><p>A Assembleia\/C\u00e2mara \u00e9 dirigida pelo Chefe do Departamento e dela participam todos os docentes ali lotados e os representantes dos servidores T\u00e9cnico-Administrativos em Educa\u00e7\u00e3o e do corpo discente nos termos do Estatuto da UFMG.<\/p>\n<\/div><\/section><\/p><\/div>\n","protected":false},"excerpt":{"rendered":"","protected":false},"author":1,"featured_media":0,"parent":0,"menu_order":0,"comment_status":"closed","ping_status":"closed","template":"","meta":{"inline_featured_image":false,"footnotes":""},"class_list":["post-14","page","type-page","status-publish","hentry"],"yoast_head":"<!-- This site is optimized with the Yoast SEO plugin v27.3 - https:\/\/yoast.com\/product\/yoast-seo-wordpress\/ -->\n<title>Sobre - Departamento de Odontologia Social e Preventiva<\/title>\n<meta name=\"robots\" content=\"index, follow, max-snippet:-1, max-image-preview:large, max-video-preview:-1\" \/>\n<link rel=\"canonical\" href=\"https:\/\/www.odonto.ufmg.br\/osp\/sobre\/\" \/>\n<meta property=\"og:locale\" content=\"pt_BR\" \/>\n<meta property=\"og:type\" content=\"article\" \/>\n<meta property=\"og:title\" content=\"Sobre - Departamento de Odontologia Social e Preventiva\" \/>\n<meta property=\"og:url\" content=\"https:\/\/www.odonto.ufmg.br\/osp\/sobre\/\" \/>\n<meta property=\"og:site_name\" content=\"Departamento de Odontologia Social e Preventiva\" \/>\n<meta property=\"article:modified_time\" content=\"2026-03-30T12:40:42+00:00\" \/>\n<meta name=\"twitter:card\" content=\"summary_large_image\" \/>\n<meta name=\"twitter:label1\" content=\"Est. tempo de leitura\" \/>\n\t<meta name=\"twitter:data1\" content=\"1 minuto\" \/>\n<script type=\"application\/ld+json\" class=\"yoast-schema-graph\">{\"@context\":\"https:\\\/\\\/schema.org\",\"@graph\":[{\"@type\":\"WebPage\",\"@id\":\"https:\\\/\\\/www.odonto.ufmg.br\\\/osp\\\/sobre\\\/\",\"url\":\"https:\\\/\\\/www.odonto.ufmg.br\\\/osp\\\/sobre\\\/\",\"name\":\"Sobre - Departamento de Odontologia Social e Preventiva\",\"isPartOf\":{\"@id\":\"https:\\\/\\\/www.odonto.ufmg.br\\\/osp\\\/#website\"},\"datePublished\":\"2018-02-07T11:44:37+00:00\",\"dateModified\":\"2026-03-30T12:40:42+00:00\",\"breadcrumb\":{\"@id\":\"https:\\\/\\\/www.odonto.ufmg.br\\\/osp\\\/sobre\\\/#breadcrumb\"},\"inLanguage\":\"pt-BR\",\"potentialAction\":[{\"@type\":\"ReadAction\",\"target\":[\"https:\\\/\\\/www.odonto.ufmg.br\\\/osp\\\/sobre\\\/\"]}]},{\"@type\":\"BreadcrumbList\",\"@id\":\"https:\\\/\\\/www.odonto.ufmg.br\\\/osp\\\/sobre\\\/#breadcrumb\",\"itemListElement\":[{\"@type\":\"ListItem\",\"position\":1,\"name\":\"In\u00edcio\",\"item\":\"https:\\\/\\\/www.odonto.ufmg.br\\\/osp\\\/\"},{\"@type\":\"ListItem\",\"position\":2,\"name\":\"Sobre\"}]},{\"@type\":\"WebSite\",\"@id\":\"https:\\\/\\\/www.odonto.ufmg.br\\\/osp\\\/#website\",\"url\":\"https:\\\/\\\/www.odonto.ufmg.br\\\/osp\\\/\",\"name\":\"Departamento de Odontologia Social e Preventiva\",\"description\":\"S\u00f3 mais um site Faculdade de Odontologia Universidade Federal de Minas Gerais\",\"potentialAction\":[{\"@type\":\"SearchAction\",\"target\":{\"@type\":\"EntryPoint\",\"urlTemplate\":\"https:\\\/\\\/www.odonto.ufmg.br\\\/osp\\\/?s={search_term_string}\"},\"query-input\":{\"@type\":\"PropertyValueSpecification\",\"valueRequired\":true,\"valueName\":\"search_term_string\"}}],\"inLanguage\":\"pt-BR\"}]}<\/script>\n<!-- \/ Yoast SEO plugin. -->","yoast_head_json":{"title":"Sobre - Departamento de Odontologia Social e Preventiva","robots":{"index":"index","follow":"follow","max-snippet":"max-snippet:-1","max-image-preview":"max-image-preview:large","max-video-preview":"max-video-preview:-1"},"canonical":"https:\/\/www.odonto.ufmg.br\/osp\/sobre\/","og_locale":"pt_BR","og_type":"article","og_title":"Sobre - Departamento de Odontologia Social e Preventiva","og_url":"https:\/\/www.odonto.ufmg.br\/osp\/sobre\/","og_site_name":"Departamento de Odontologia Social e Preventiva","article_modified_time":"2026-03-30T12:40:42+00:00","twitter_card":"summary_large_image","twitter_misc":{"Est. tempo de leitura":"1 minuto"},"schema":{"@context":"https:\/\/schema.org","@graph":[{"@type":"WebPage","@id":"https:\/\/www.odonto.ufmg.br\/osp\/sobre\/","url":"https:\/\/www.odonto.ufmg.br\/osp\/sobre\/","name":"Sobre - Departamento de Odontologia Social e Preventiva","isPartOf":{"@id":"https:\/\/www.odonto.ufmg.br\/osp\/#website"},"datePublished":"2018-02-07T11:44:37+00:00","dateModified":"2026-03-30T12:40:42+00:00","breadcrumb":{"@id":"https:\/\/www.odonto.ufmg.br\/osp\/sobre\/#breadcrumb"},"inLanguage":"pt-BR","potentialAction":[{"@type":"ReadAction","target":["https:\/\/www.odonto.ufmg.br\/osp\/sobre\/"]}]},{"@type":"BreadcrumbList","@id":"https:\/\/www.odonto.ufmg.br\/osp\/sobre\/#breadcrumb","itemListElement":[{"@type":"ListItem","position":1,"name":"In\u00edcio","item":"https:\/\/www.odonto.ufmg.br\/osp\/"},{"@type":"ListItem","position":2,"name":"Sobre"}]},{"@type":"WebSite","@id":"https:\/\/www.odonto.ufmg.br\/osp\/#website","url":"https:\/\/www.odonto.ufmg.br\/osp\/","name":"Departamento de Odontologia Social e Preventiva","description":"S\u00f3 mais um site Faculdade de Odontologia Universidade Federal de Minas Gerais","potentialAction":[{"@type":"SearchAction","target":{"@type":"EntryPoint","urlTemplate":"https:\/\/www.odonto.ufmg.br\/osp\/?s={search_term_string}"},"query-input":{"@type":"PropertyValueSpecification","valueRequired":true,"valueName":"search_term_string"}}],"inLanguage":"pt-BR"}]}},"_links":{"self":[{"href":"https:\/\/www.odonto.ufmg.br\/osp\/wp-json\/wp\/v2\/pages\/14","targetHints":{"allow":["GET"]}}],"collection":[{"href":"https:\/\/www.odonto.ufmg.br\/osp\/wp-json\/wp\/v2\/pages"}],"about":[{"href":"https:\/\/www.odonto.ufmg.br\/osp\/wp-json\/wp\/v2\/types\/page"}],"author":[{"embeddable":true,"href":"https:\/\/www.odonto.ufmg.br\/osp\/wp-json\/wp\/v2\/users\/1"}],"replies":[{"embeddable":true,"href":"https:\/\/www.odonto.ufmg.br\/osp\/wp-json\/wp\/v2\/comments?post=14"}],"version-history":[{"count":24,"href":"https:\/\/www.odonto.ufmg.br\/osp\/wp-json\/wp\/v2\/pages\/14\/revisions"}],"predecessor-version":[{"id":1209,"href":"https:\/\/www.odonto.ufmg.br\/osp\/wp-json\/wp\/v2\/pages\/14\/revisions\/1209"}],"wp:attachment":[{"href":"https:\/\/www.odonto.ufmg.br\/osp\/wp-json\/wp\/v2\/media?parent=14"}],"curies":[{"name":"wp","href":"https:\/\/api.w.org\/{rel}","templated":true}]}}