{"id":76,"date":"2014-08-24T17:14:26","date_gmt":"2014-08-24T17:14:26","guid":{"rendered":"http:\/\/192.168.1.104\/enfold-blog\/?page_id=2"},"modified":"2016-09-16T10:23:45","modified_gmt":"2016-09-16T13:23:45","slug":"ensino","status":"publish","type":"page","link":"https:\/\/www.odonto.ufmg.br\/odr\/ensino\/","title":{"rendered":"Ensino"},"content":{"rendered":"\n<style type=\"text\/css\" data-created_by=\"avia_inline_auto\" id=\"style-css-av-av_heading-97691eeae03c3fc8e8f4c6b9c3da7a0a\">\n#top .av-special-heading.av-av_heading-97691eeae03c3fc8e8f4c6b9c3da7a0a{\npadding-bottom:10px;\nfont-size:25px;\n}\nbody .av-special-heading.av-av_heading-97691eeae03c3fc8e8f4c6b9c3da7a0a .av-special-heading-tag .heading-char{\nfont-size:25px;\n}\n#top #wrap_all .av-special-heading.av-av_heading-97691eeae03c3fc8e8f4c6b9c3da7a0a .av-special-heading-tag{\nfont-size:25px;\n}\n.av-special-heading.av-av_heading-97691eeae03c3fc8e8f4c6b9c3da7a0a .av-subheading{\nfont-size:15px;\n}\n\n@media only screen and (min-width: 480px) and (max-width: 767px){ \n#top #wrap_all .av-special-heading.av-av_heading-97691eeae03c3fc8e8f4c6b9c3da7a0a .av-special-heading-tag{\nfont-size:0.8em;\n}\n}\n\n@media only screen and (max-width: 479px){ \n#top #wrap_all .av-special-heading.av-av_heading-97691eeae03c3fc8e8f4c6b9c3da7a0a .av-special-heading-tag{\nfont-size:0.8em;\n}\n}\n<\/style>\n<div  class='av-special-heading av-av_heading-97691eeae03c3fc8e8f4c6b9c3da7a0a av-special-heading-h3 blockquote modern-quote  avia-builder-el-0  el_before_av_one_full  avia-builder-el-first  av-inherit-size'><h3 class='av-special-heading-tag '  itemprop=\"headline\"  >Ensino<\/h3><div class=\"special-heading-border\"><div class=\"special-heading-inner-border\"><\/div><\/div><\/div>\n\n<style type=\"text\/css\" data-created_by=\"avia_inline_auto\" id=\"style-css-av-av_one_full-9497bbf8bff73ea4c6992cc17fa9ec36\">\n.flex_column.av-av_one_full-9497bbf8bff73ea4c6992cc17fa9ec36{\nborder-radius:0px 0px 0px 0px;\npadding:0px 0px 0px 0px;\n}\n<\/style>\n<div  class='flex_column av-av_one_full-9497bbf8bff73ea4c6992cc17fa9ec36 av_one_full  avia-builder-el-1  el_after_av_heading  el_before_av_one_half  first flex_column_div av-zero-column-padding  '     ><section  class='av_textblock_section av-av_textblock-0366cc7376be6c9e82a3e9cc8987b64f '   itemscope=\"itemscope\" itemtype=\"https:\/\/schema.org\/CreativeWork\" ><div class='avia_textblock'  itemprop=\"text\" ><p>O Departamento de Odontopediatria e Ortodontia oferece disciplinas de Gradua\u00e7\u00e3o e P\u00f3s Gradua\u00e7\u00e3o para os cursos de Odontologia e Fonoaudiologia, al\u00e9m de disciplinas de Mestrado, Doutorado, Especializa\u00e7\u00e3o\u00a0e Aperfei\u00e7oamento. Abaixo voc\u00ea confere um panorama geral das disciplinas ofertadas\u00a0pelo departamento, bem como as ementas, professores e arquivos relacionados as disciplinas.<\/p>\n<\/div><\/section><\/div>\n\n<style type=\"text\/css\" data-created_by=\"avia_inline_auto\" id=\"style-css-av-av_one_half-6126cab7d8fab8d08143dd2dacdf673c\">\n.flex_column.av-av_one_half-6126cab7d8fab8d08143dd2dacdf673c{\nborder-radius:0px 0px 0px 0px;\npadding:0px 0px 0px 0px;\n}\n<\/style>\n<div  class='flex_column av-av_one_half-6126cab7d8fab8d08143dd2dacdf673c av_one_half  avia-builder-el-3  el_after_av_one_full  el_before_av_one_half  first flex_column_div av-zero-column-padding  column-top-margin'     ><article  class='iconbox iconbox_top av-av_icon_box-b2319271d8678225b83c1e17fb98b164  avia-builder-el-4  avia-builder-el-no-sibling  main_color'  itemscope=\"itemscope\" itemtype=\"https:\/\/schema.org\/CreativeWork\" ><div class=\"iconbox_content\"><header class=\"entry-content-header\" aria-label=\"Icon: Gradua\u00e7\u00e3o\"><div class='iconbox_icon heading-color avia-iconfont avia-font-entypo-fontello' data-av_icon='\ue84e' data-av_iconfont='entypo-fontello' title=\"Gradua\u00e7\u00e3o\" desc=\"Gradua\u00e7\u00e3o\" ><\/div><h3 class='iconbox_content_title '  itemprop=\"headline\" ><a href='https:\/\/www.odonto.ufmg.br\/odr\/graduacao\/' title='Gradua\u00e7\u00e3o'  >Gradua\u00e7\u00e3o<\/a><\/h3><\/header><div class='iconbox_content_container '  itemprop=\"text\" ><p>Informa\u00e7\u00f5es sobre disciplinas ofertadas para a Gradua\u00e7\u00e3o.<\/p>\n<\/div><\/div><footer class=\"entry-footer\"><\/footer><\/article><\/div>\n<style type=\"text\/css\" data-created_by=\"avia_inline_auto\" id=\"style-css-av-av_one_half-0aa7055fe62c3622faec82866afbaeb2\">\n.flex_column.av-av_one_half-0aa7055fe62c3622faec82866afbaeb2{\nborder-radius:0px 0px 0px 0px;\npadding:0px 0px 0px 0px;\n}\n<\/style>\n<div  class='flex_column av-av_one_half-0aa7055fe62c3622faec82866afbaeb2 av_one_half  avia-builder-el-5  el_after_av_one_half  avia-builder-el-last  flex_column_div av-zero-column-padding  column-top-margin'     ><article  class='iconbox iconbox_top av-av_icon_box-9983f9f503a51b28e987ee5f4ce01d24  avia-builder-el-6  avia-builder-el-no-sibling  main_color'  itemscope=\"itemscope\" itemtype=\"https:\/\/schema.org\/CreativeWork\" ><div class=\"iconbox_content\"><header class=\"entry-content-header\" aria-label=\"Icon: P\u00f3s-Gradua\u00e7\u00e3o\"><div class='iconbox_icon heading-color avia-iconfont avia-font-entypo-fontello' data-av_icon='\ue84e' data-av_iconfont='entypo-fontello' title=\"P\u00f3s-Gradua\u00e7\u00e3o\" desc=\"P\u00f3s-Gradua\u00e7\u00e3o\" ><\/div><h3 class='iconbox_content_title '  itemprop=\"headline\" ><a href='https:\/\/www.odonto.ufmg.br\/odr\/ensino\/pos-graduacao\/' title='P\u00f3s-Gradua\u00e7\u00e3o'  >P\u00f3s-Gradua\u00e7\u00e3o<\/a><\/h3><\/header><div class='iconbox_content_container '  itemprop=\"text\" ><p>Informa\u00e7\u00f5es sobre disciplinas ofertadas para a P\u00f3s-Gradua\u00e7\u00e3o.<\/p>\n<\/div><\/div><footer class=\"entry-footer\"><\/footer><\/article><\/div><\/p>\n","protected":false},"excerpt":{"rendered":"","protected":false},"author":4,"featured_media":0,"parent":0,"menu_order":0,"comment_status":"closed","ping_status":"closed","template":"","meta":{"inline_featured_image":false,"footnotes":""},"class_list":["post-76","page","type-page","status-publish","hentry"],"yoast_head":"<!-- This site is optimized with the Yoast SEO plugin v27.3 - https:\/\/yoast.com\/product\/yoast-seo-wordpress\/ -->\n<title>Ensino - Departamento de Odontologia Restauradora<\/title>\n<meta name=\"robots\" content=\"index, follow, max-snippet:-1, max-image-preview:large, max-video-preview:-1\" \/>\n<link rel=\"canonical\" href=\"https:\/\/www.odonto.ufmg.br\/odr\/ensino\/\" \/>\n<meta property=\"og:locale\" content=\"pt_BR\" \/>\n<meta property=\"og:type\" content=\"article\" \/>\n<meta property=\"og:title\" content=\"Ensino - Departamento de Odontologia Restauradora\" \/>\n<meta property=\"og:url\" content=\"https:\/\/www.odonto.ufmg.br\/odr\/ensino\/\" \/>\n<meta property=\"og:site_name\" content=\"Departamento de Odontologia Restauradora\" \/>\n<meta property=\"article:modified_time\" content=\"2016-09-16T13:23:45+00:00\" \/>\n<meta name=\"twitter:card\" content=\"summary_large_image\" \/>\n<meta name=\"twitter:label1\" content=\"Est. tempo de leitura\" \/>\n\t<meta name=\"twitter:data1\" content=\"2 minutos\" \/>\n<script type=\"application\/ld+json\" class=\"yoast-schema-graph\">{\"@context\":\"https:\\\/\\\/schema.org\",\"@graph\":[{\"@type\":\"WebPage\",\"@id\":\"https:\\\/\\\/www.odonto.ufmg.br\\\/odr\\\/ensino\\\/\",\"url\":\"https:\\\/\\\/www.odonto.ufmg.br\\\/odr\\\/ensino\\\/\",\"name\":\"Ensino - Departamento de Odontologia Restauradora\",\"isPartOf\":{\"@id\":\"https:\\\/\\\/www.odonto.ufmg.br\\\/odr\\\/#website\"},\"datePublished\":\"2014-08-24T17:14:26+00:00\",\"dateModified\":\"2016-09-16T13:23:45+00:00\",\"breadcrumb\":{\"@id\":\"https:\\\/\\\/www.odonto.ufmg.br\\\/odr\\\/ensino\\\/#breadcrumb\"},\"inLanguage\":\"pt-BR\",\"potentialAction\":[{\"@type\":\"ReadAction\",\"target\":[\"https:\\\/\\\/www.odonto.ufmg.br\\\/odr\\\/ensino\\\/\"]}]},{\"@type\":\"BreadcrumbList\",\"@id\":\"https:\\\/\\\/www.odonto.ufmg.br\\\/odr\\\/ensino\\\/#breadcrumb\",\"itemListElement\":[{\"@type\":\"ListItem\",\"position\":1,\"name\":\"In\u00edcio\",\"item\":\"https:\\\/\\\/www.odonto.ufmg.br\\\/odr\\\/\"},{\"@type\":\"ListItem\",\"position\":2,\"name\":\"Ensino\"}]},{\"@type\":\"WebSite\",\"@id\":\"https:\\\/\\\/www.odonto.ufmg.br\\\/odr\\\/#website\",\"url\":\"https:\\\/\\\/www.odonto.ufmg.br\\\/odr\\\/\",\"name\":\"Departamento de Odontologia Restauradora\",\"description\":\"Faculdade de Odontologia - Universidade Federal de Minas Gerais\",\"potentialAction\":[{\"@type\":\"SearchAction\",\"target\":{\"@type\":\"EntryPoint\",\"urlTemplate\":\"https:\\\/\\\/www.odonto.ufmg.br\\\/odr\\\/?s={search_term_string}\"},\"query-input\":{\"@type\":\"PropertyValueSpecification\",\"valueRequired\":true,\"valueName\":\"search_term_string\"}}],\"inLanguage\":\"pt-BR\"}]}<\/script>\n<!-- \/ Yoast SEO plugin. -->","yoast_head_json":{"title":"Ensino - Departamento de Odontologia Restauradora","robots":{"index":"index","follow":"follow","max-snippet":"max-snippet:-1","max-image-preview":"max-image-preview:large","max-video-preview":"max-video-preview:-1"},"canonical":"https:\/\/www.odonto.ufmg.br\/odr\/ensino\/","og_locale":"pt_BR","og_type":"article","og_title":"Ensino - Departamento de Odontologia Restauradora","og_url":"https:\/\/www.odonto.ufmg.br\/odr\/ensino\/","og_site_name":"Departamento de Odontologia Restauradora","article_modified_time":"2016-09-16T13:23:45+00:00","twitter_card":"summary_large_image","twitter_misc":{"Est. tempo de leitura":"2 minutos"},"schema":{"@context":"https:\/\/schema.org","@graph":[{"@type":"WebPage","@id":"https:\/\/www.odonto.ufmg.br\/odr\/ensino\/","url":"https:\/\/www.odonto.ufmg.br\/odr\/ensino\/","name":"Ensino - Departamento de Odontologia Restauradora","isPartOf":{"@id":"https:\/\/www.odonto.ufmg.br\/odr\/#website"},"datePublished":"2014-08-24T17:14:26+00:00","dateModified":"2016-09-16T13:23:45+00:00","breadcrumb":{"@id":"https:\/\/www.odonto.ufmg.br\/odr\/ensino\/#breadcrumb"},"inLanguage":"pt-BR","potentialAction":[{"@type":"ReadAction","target":["https:\/\/www.odonto.ufmg.br\/odr\/ensino\/"]}]},{"@type":"BreadcrumbList","@id":"https:\/\/www.odonto.ufmg.br\/odr\/ensino\/#breadcrumb","itemListElement":[{"@type":"ListItem","position":1,"name":"In\u00edcio","item":"https:\/\/www.odonto.ufmg.br\/odr\/"},{"@type":"ListItem","position":2,"name":"Ensino"}]},{"@type":"WebSite","@id":"https:\/\/www.odonto.ufmg.br\/odr\/#website","url":"https:\/\/www.odonto.ufmg.br\/odr\/","name":"Departamento de Odontologia Restauradora","description":"Faculdade de Odontologia - Universidade Federal de Minas Gerais","potentialAction":[{"@type":"SearchAction","target":{"@type":"EntryPoint","urlTemplate":"https:\/\/www.odonto.ufmg.br\/odr\/?s={search_term_string}"},"query-input":{"@type":"PropertyValueSpecification","valueRequired":true,"valueName":"search_term_string"}}],"inLanguage":"pt-BR"}]}},"_links":{"self":[{"href":"https:\/\/www.odonto.ufmg.br\/odr\/wp-json\/wp\/v2\/pages\/76","targetHints":{"allow":["GET"]}}],"collection":[{"href":"https:\/\/www.odonto.ufmg.br\/odr\/wp-json\/wp\/v2\/pages"}],"about":[{"href":"https:\/\/www.odonto.ufmg.br\/odr\/wp-json\/wp\/v2\/types\/page"}],"author":[{"embeddable":true,"href":"https:\/\/www.odonto.ufmg.br\/odr\/wp-json\/wp\/v2\/users\/4"}],"replies":[{"embeddable":true,"href":"https:\/\/www.odonto.ufmg.br\/odr\/wp-json\/wp\/v2\/comments?post=76"}],"version-history":[{"count":3,"href":"https:\/\/www.odonto.ufmg.br\/odr\/wp-json\/wp\/v2\/pages\/76\/revisions"}],"predecessor-version":[{"id":3920,"href":"https:\/\/www.odonto.ufmg.br\/odr\/wp-json\/wp\/v2\/pages\/76\/revisions\/3920"}],"wp:attachment":[{"href":"https:\/\/www.odonto.ufmg.br\/odr\/wp-json\/wp\/v2\/media?parent=76"}],"curies":[{"name":"wp","href":"https:\/\/api.w.org\/{rel}","templated":true}]}}