{"id":616,"date":"2016-03-07T14:56:38","date_gmt":"2016-03-07T14:56:38","guid":{"rendered":"https:\/\/www.odonto.ufmg.br\/opo\/?page_id=616"},"modified":"2016-09-19T10:55:43","modified_gmt":"2016-09-19T13:55:43","slug":"mestrado","status":"publish","type":"page","link":"https:\/\/www.odonto.ufmg.br\/odr\/ensino\/pos-graduacao\/mestrado\/","title":{"rendered":"Mestrado"},"content":{"rendered":"\n<style type=\"text\/css\" data-created_by=\"avia_inline_auto\" id=\"style-css-av-av_one_full-9497bbf8bff73ea4c6992cc17fa9ec36\">\n.flex_column.av-av_one_full-9497bbf8bff73ea4c6992cc17fa9ec36{\nborder-radius:0px 0px 0px 0px;\npadding:0px 0px 0px 0px;\n}\n<\/style>\n<div  class='flex_column av-av_one_full-9497bbf8bff73ea4c6992cc17fa9ec36 av_one_full  avia-builder-el-0  el_before_av_hr  avia-builder-el-first  first flex_column_div av-zero-column-padding  '     ><style type=\"text\/css\" data-created_by=\"avia_inline_auto\" id=\"style-css-av-av_heading-d4ca07ce9c70e88bf9da0d8e21bccabf\">\n#top .av-special-heading.av-av_heading-d4ca07ce9c70e88bf9da0d8e21bccabf{\npadding-bottom:10px;\nfont-size:25px;\n}\nbody .av-special-heading.av-av_heading-d4ca07ce9c70e88bf9da0d8e21bccabf .av-special-heading-tag .heading-char{\nfont-size:25px;\n}\n#top #wrap_all .av-special-heading.av-av_heading-d4ca07ce9c70e88bf9da0d8e21bccabf .av-special-heading-tag{\nfont-size:25px;\n}\n.av-special-heading.av-av_heading-d4ca07ce9c70e88bf9da0d8e21bccabf .av-subheading{\nfont-size:15px;\n}\n\n@media only screen and (min-width: 480px) and (max-width: 767px){ \n#top #wrap_all .av-special-heading.av-av_heading-d4ca07ce9c70e88bf9da0d8e21bccabf .av-special-heading-tag{\nfont-size:0.8em;\n}\n}\n\n@media only screen and (max-width: 479px){ \n#top #wrap_all .av-special-heading.av-av_heading-d4ca07ce9c70e88bf9da0d8e21bccabf .av-special-heading-tag{\nfont-size:0.8em;\n}\n}\n<\/style>\n<div  class='av-special-heading av-av_heading-d4ca07ce9c70e88bf9da0d8e21bccabf av-special-heading-h3 blockquote modern-quote  avia-builder-el-1  avia-builder-el-no-sibling  av-inherit-size'><h3 class='av-special-heading-tag '  itemprop=\"headline\"  >Mestrado<\/h3><div class=\"special-heading-border\"><div class=\"special-heading-inner-border\"><\/div><\/div><\/div><\/div>\n<div  class='hr av-av_hr-dcd2069817a0e3d34ae04cad8f3443c7 hr-default  avia-builder-el-2  el_after_av_one_full  el_before_av_iconlist '><span class='hr-inner '><span class=\"hr-inner-style\"><\/span><\/span><\/div>\n<div  class='avia-icon-list-container av-av_iconlist-a98d21aa7682842f3ee59bf46c3a11b8  avia-builder-el-3  el_after_av_hr  avia-builder-el-last '><ul class='avia-icon-list avia_animate_when_almost_visible avia-icon-list-left av-iconlist-big av-av_iconlist-a98d21aa7682842f3ee59bf46c3a11b8 avia-iconlist-animate'>\n<li><div class='iconlist_icon av-av_iconlist_item-47817a9b097b9a747803e44751a0b8a5 avia-font-entypo-fontello avia-iconfont avia-font-entypo-fontello'><span class='av-icon-char' data-av_icon='\ue8c9' data-av_iconfont='entypo-fontello' aria-hidden=\"true\"><\/span><\/div><article class=\"article-icon-entry \"  itemscope=\"itemscope\" itemtype=\"https:\/\/schema.org\/CreativeWork\" ><div class=\"iconlist_content_wrap\"><header class=\"entry-content-header\" aria-label=\"Icon: &lt;a href=&#039;https:\/\/www.odonto.ufmg.br\/posgrad\/wp-content\/uploads\/sites\/13\/2016\/08\/Estudos-Av.-Cl%C3%ADnica-Odont.-I.pdf&#039; title=&#039;Estudos Avan\u00e7ados em Cl\u00ednica Odontol\u00f3gica I&#039; target=&quot;_blank&quot;  rel=&quot;noopener noreferrer&quot;&gt;Estudos Avan\u00e7ados em Cl\u00ednica Odontol\u00f3gica I&lt;\/a&gt;\"><h4 class='av_iconlist_title iconlist_title  '  itemprop=\"headline\" ><a href='https:\/\/www.odonto.ufmg.br\/posgrad\/wp-content\/uploads\/sites\/13\/2016\/08\/Estudos-Av.-Cl%C3%ADnica-Odont.-I.pdf' title='Estudos Avan\u00e7ados em Cl\u00ednica Odontol\u00f3gica I' target=\"_blank\"  rel=\"noopener noreferrer\">Estudos Avan\u00e7ados em Cl\u00ednica Odontol\u00f3gica I<\/a><\/h4><\/header><div class='iconlist_content '  itemprop=\"text\" ><p>Estudo dos aspectos conceituais e organizacionais da Cl\u00ednica Odontol\u00f3gica. Estudo dos principais problemas e das necessidades odontol\u00f3gicas do adulto e do idoso em seus aspectos f\u00edsicos, funcionais e psicossociais, objetivando a promo\u00e7\u00e3o da sa\u00fade.<\/p>\n<\/div><\/div><footer class=\"entry-footer\"><\/footer><\/article><div class=\"iconlist-timeline\"><\/div><\/li>\n<li><div class='iconlist_icon av-av_iconlist_item-578eaf8b19a3bf4ff64c1639fc71bce1 avia-font-entypo-fontello avia-iconfont avia-font-entypo-fontello'><span class='av-icon-char' data-av_icon='\ue8c9' data-av_iconfont='entypo-fontello' aria-hidden=\"true\"><\/span><\/div><article class=\"article-icon-entry \"  itemscope=\"itemscope\" itemtype=\"https:\/\/schema.org\/CreativeWork\" ><div class=\"iconlist_content_wrap\"><header class=\"entry-content-header\" aria-label=\"Icon: &lt;a href=&#039;https:\/\/www.odonto.ufmg.br\/posgrad\/wp-content\/uploads\/sites\/13\/2016\/08\/Estudos-Av.-Cl%C3%ADnica-Odont.-II.pdf&#039; title=&#039;Estudos Avan\u00e7ados em Cl\u00ednica Odontol\u00f3gica II&#039; target=&quot;_blank&quot;  rel=&quot;noopener noreferrer&quot;&gt;Estudos Avan\u00e7ados em Cl\u00ednica Odontol\u00f3gica II&lt;\/a&gt;\"><h4 class='av_iconlist_title iconlist_title  '  itemprop=\"headline\" ><a href='https:\/\/www.odonto.ufmg.br\/posgrad\/wp-content\/uploads\/sites\/13\/2016\/08\/Estudos-Av.-Cl%C3%ADnica-Odont.-II.pdf' title='Estudos Avan\u00e7ados em Cl\u00ednica Odontol\u00f3gica II' target=\"_blank\"  rel=\"noopener noreferrer\">Estudos Avan\u00e7ados em Cl\u00ednica Odontol\u00f3gica II<\/a><\/h4><\/header><div class='iconlist_content '  itemprop=\"text\" ><p>Estudo dos m\u00e9todos de diagn\u00f3stico e planejamento dos problemas e necessidades odontol\u00f3gicas, considerando a aplica\u00e7\u00e3o de estrat\u00e9gias para obten\u00e7\u00e3o e manuten\u00e7\u00e3o da sa\u00fade bucal no adulto e no idoso.<\/p>\n<\/div><\/div><footer class=\"entry-footer\"><\/footer><\/article><div class=\"iconlist-timeline\"><\/div><\/li>\n<li><div class='iconlist_icon av-av_iconlist_item-79a927c74c5f765879486aead80a64af avia-font-entypo-fontello avia-iconfont avia-font-entypo-fontello'><span class='av-icon-char' data-av_icon='\ue8c9' data-av_iconfont='entypo-fontello' aria-hidden=\"true\"><\/span><\/div><article class=\"article-icon-entry \"  itemscope=\"itemscope\" itemtype=\"https:\/\/schema.org\/CreativeWork\" ><div class=\"iconlist_content_wrap\"><header class=\"entry-content-header\" aria-label=\"Icon: &lt;a href=&#039;https:\/\/www.odonto.ufmg.br\/posgrad\/wp-content\/uploads\/sites\/13\/2016\/08\/Estudos-Av.-Cl%C3%ADnica-Odont.-III.pdf&#039; title=&#039;Estudos Avan\u00e7ados em Cl\u00ednica Odontol\u00f3gica III&#039; target=&quot;_blank&quot;  rel=&quot;noopener noreferrer&quot;&gt;Estudos Avan\u00e7ados em Cl\u00ednica Odontol\u00f3gica III&lt;\/a&gt;\"><h4 class='av_iconlist_title iconlist_title  '  itemprop=\"headline\" ><a href='https:\/\/www.odonto.ufmg.br\/posgrad\/wp-content\/uploads\/sites\/13\/2016\/08\/Estudos-Av.-Cl%C3%ADnica-Odont.-III.pdf' title='Estudos Avan\u00e7ados em Cl\u00ednica Odontol\u00f3gica III' target=\"_blank\"  rel=\"noopener noreferrer\">Estudos Avan\u00e7ados em Cl\u00ednica Odontol\u00f3gica III<\/a><\/h4><\/header><div class='iconlist_content '  itemprop=\"text\" ><p>Estudo dos m\u00e9todos de reabilita\u00e7\u00e3o bucal tendo em vista a pr\u00e1tica cl\u00ednica baseada em evid\u00eancias cient\u00edficas, abordando e integrando as diversas \u00e1reas do conhecimento: dent\u00edstica, endodontia, materiais odontol\u00f3gicos, pr\u00f3tese, periodontia e oclus\u00e3o.<\/p>\n<\/div><\/div><footer class=\"entry-footer\"><\/footer><\/article><div class=\"iconlist-timeline\"><\/div><\/li>\n<li><div class='iconlist_icon av-av_iconlist_item-e1ffb0553ac33ad4e3705860cfef2fd2 avia-font-entypo-fontello avia-iconfont avia-font-entypo-fontello'><span class='av-icon-char' data-av_icon='\ue80a' data-av_iconfont='entypo-fontello' aria-hidden=\"true\"><\/span><\/div><article class=\"article-icon-entry \"  itemscope=\"itemscope\" itemtype=\"https:\/\/schema.org\/CreativeWork\" ><div class=\"iconlist_content_wrap\"><header class=\"entry-content-header\" aria-label=\"Icon: Est\u00e1gio Docente I\"><h4 class='av_iconlist_title iconlist_title  '  itemprop=\"headline\" >Est\u00e1gio Docente I<\/h4><\/header><div class='iconlist_content '  itemprop=\"text\" ><p>Estudo da pr\u00e1tica e dos m\u00e9todos pedag\u00f3gicos aplicados \u00e0 Odontologia. A pr\u00e1tica docente supervisionada em laborat\u00f3rios e cl\u00ednicas de aten\u00e7\u00e3o odontol\u00f3gica. OBS: Trata-se de disciplina optativa, mas destacando que, para alunos bolsistas CAPES, CNPq ou FAPEMIG, esta disciplina se torna obrigat\u00f3ria.<\/p>\n<\/div><\/div><footer class=\"entry-footer\"><\/footer><\/article><div class=\"iconlist-timeline\"><\/div><\/li>\n<li><div class='iconlist_icon av-av_iconlist_item-7d68052b77a1320af760cb7ccc713a60 avia-font-entypo-fontello avia-iconfont avia-font-entypo-fontello'><span class='av-icon-char' data-av_icon='\ue80b' data-av_iconfont='entypo-fontello' aria-hidden=\"true\"><\/span><\/div><article class=\"article-icon-entry \"  itemscope=\"itemscope\" itemtype=\"https:\/\/schema.org\/CreativeWork\" ><div class=\"iconlist_content_wrap\"><header class=\"entry-content-header\" aria-label=\"Icon: Est\u00e1gio Docente II\"><h4 class='av_iconlist_title iconlist_title  '  itemprop=\"headline\" >Est\u00e1gio Docente II<\/h4><\/header><div class='iconlist_content '  itemprop=\"text\" ><p>Estudo da pr\u00e1tica e dos m\u00e9todos pedag\u00f3gicos aplicados \u00e0 Odontologia. A pr\u00e1tica docente supervisionada em laborat\u00f3rios e cl\u00ednicas de aten\u00e7\u00e3o odontol\u00f3gica. OBS: Trata-se de disciplina optativa, mas destacando que, para alunos bolsistas CAPES, CNPq ou FAPEMIG, esta disciplina se torna obrigat\u00f3ria<\/p>\n<\/div><\/div><footer class=\"entry-footer\"><\/footer><\/article><div class=\"iconlist-timeline\"><\/div><\/li>\n<li><div class='iconlist_icon av-av_iconlist_item-81c4f52308f00957d1edb667ab69db2a avia-font-entypo-fontello avia-iconfont avia-font-entypo-fontello'><span class='av-icon-char' data-av_icon='\ue8c9' data-av_iconfont='entypo-fontello' aria-hidden=\"true\"><\/span><\/div><article class=\"article-icon-entry \"  itemscope=\"itemscope\" itemtype=\"https:\/\/schema.org\/CreativeWork\" ><div class=\"iconlist_content_wrap\"><header class=\"entry-content-header\" aria-label=\"Icon: &lt;a href=&#039;https:\/\/www.odonto.ufmg.br\/posgrad\/wp-content\/uploads\/sites\/13\/2016\/08\/Estudos-Av.-Endodontia-I.pdf&#039; title=&#039;Estudos Avan\u00e7ados em Endodontia I&#039; target=&quot;_blank&quot;  rel=&quot;noopener noreferrer&quot;&gt;Estudos Avan\u00e7ados em Endodontia I&lt;\/a&gt;\"><h4 class='av_iconlist_title iconlist_title  '  itemprop=\"headline\" ><a href='https:\/\/www.odonto.ufmg.br\/posgrad\/wp-content\/uploads\/sites\/13\/2016\/08\/Estudos-Av.-Endodontia-I.pdf' title='Estudos Avan\u00e7ados em Endodontia I' target=\"_blank\"  rel=\"noopener noreferrer\">Estudos Avan\u00e7ados em Endodontia I<\/a><\/h4><\/header><div class='iconlist_content '  itemprop=\"text\" ><p>Estudo dos aspectos morfol\u00f3gicos, fisiol\u00f3gicos e patol\u00f3gicos da polpa dental e dos tecidos periradiculares, bem como da etiologia, diagn\u00f3stico e preven\u00e7\u00e3o das les\u00f5es pupilares e periradiculares.<\/p>\n<\/div><\/div><footer class=\"entry-footer\"><\/footer><\/article><div class=\"iconlist-timeline\"><\/div><\/li>\n<li><div class='iconlist_icon av-av_iconlist_item-10757a45131e390426b2362440b70526 avia-font-entypo-fontello avia-iconfont avia-font-entypo-fontello'><span class='av-icon-char' data-av_icon='\ue8c9' data-av_iconfont='entypo-fontello' aria-hidden=\"true\"><\/span><\/div><article class=\"article-icon-entry \"  itemscope=\"itemscope\" itemtype=\"https:\/\/schema.org\/CreativeWork\" ><div class=\"iconlist_content_wrap\"><header class=\"entry-content-header\" aria-label=\"Icon: &lt;a href=&#039;https:\/\/www.odonto.ufmg.br\/posgrad\/wp-content\/uploads\/sites\/13\/2016\/08\/Estudos-Av.-Endodontia-II.pdf&#039; title=&#039;Estudos Avan\u00e7ados em Endodontia II&#039; target=&quot;_blank&quot;  rel=&quot;noopener noreferrer&quot;&gt;Estudos Avan\u00e7ados em Endodontia II&lt;\/a&gt;\"><h4 class='av_iconlist_title iconlist_title  '  itemprop=\"headline\" ><a href='https:\/\/www.odonto.ufmg.br\/posgrad\/wp-content\/uploads\/sites\/13\/2016\/08\/Estudos-Av.-Endodontia-II.pdf' title='Estudos Avan\u00e7ados em Endodontia II' target=\"_blank\"  rel=\"noopener noreferrer\">Estudos Avan\u00e7ados em Endodontia II<\/a><\/h4><\/header><div class='iconlist_content '  itemprop=\"text\" ><p>Estudo e avalia\u00e7\u00e3o cr\u00edtica dos novos recursos para o preparo e obtura\u00e7\u00e3o do sistema de canais radiculares, bem como do tratamento das les\u00f5es periradiculares.<\/p>\n<\/div><\/div><footer class=\"entry-footer\"><\/footer><\/article><div class=\"iconlist-timeline\"><\/div><\/li>\n<li><div class='iconlist_icon av-av_iconlist_item-8193a94f70fbb2b3dfd560cbb3532322 avia-font-entypo-fontello avia-iconfont avia-font-entypo-fontello'><span class='av-icon-char' data-av_icon='\ue8c9' data-av_iconfont='entypo-fontello' aria-hidden=\"true\"><\/span><\/div><article class=\"article-icon-entry \"  itemscope=\"itemscope\" itemtype=\"https:\/\/schema.org\/CreativeWork\" ><div class=\"iconlist_content_wrap\"><header class=\"entry-content-header\" aria-label=\"Icon: &lt;a href=&#039;https:\/\/www.odonto.ufmg.br\/posgrad\/wp-content\/uploads\/sites\/13\/2016\/08\/Estudos-Av.-Endodontia-III.pdf&#039; title=&#039;Estudos Avan\u00e7ados em Endodontia III&#039; target=&quot;_blank&quot;  rel=&quot;noopener noreferrer&quot;&gt;Estudos Avan\u00e7ados em Endodontia III&lt;\/a&gt;\"><h4 class='av_iconlist_title iconlist_title  '  itemprop=\"headline\" ><a href='https:\/\/www.odonto.ufmg.br\/posgrad\/wp-content\/uploads\/sites\/13\/2016\/08\/Estudos-Av.-Endodontia-III.pdf' title='Estudos Avan\u00e7ados em Endodontia III' target=\"_blank\"  rel=\"noopener noreferrer\">Estudos Avan\u00e7ados em Endodontia III<\/a><\/h4><\/header><div class='iconlist_content '  itemprop=\"text\" ><p>Estudo dos aspectos relativos ao traumatismo dent\u00e1rio e da rela\u00e7\u00e3o Endodontia\/Periodontia<\/p>\n<\/div><\/div><footer class=\"entry-footer\"><\/footer><\/article><div class=\"iconlist-timeline\"><\/div><\/li>\n<\/ul><\/div>\n","protected":false},"excerpt":{"rendered":"","protected":false},"author":4,"featured_media":0,"parent":614,"menu_order":0,"comment_status":"closed","ping_status":"closed","template":"","meta":{"inline_featured_image":false,"footnotes":""},"class_list":["post-616","page","type-page","status-publish","hentry"],"yoast_head":"<!-- This site is optimized with the Yoast SEO plugin v27.3 - https:\/\/yoast.com\/product\/yoast-seo-wordpress\/ -->\n<title>Mestrado - Departamento de Odontologia Restauradora<\/title>\n<meta name=\"robots\" content=\"index, follow, max-snippet:-1, max-image-preview:large, max-video-preview:-1\" \/>\n<link rel=\"canonical\" href=\"https:\/\/www.odonto.ufmg.br\/odr\/ensino\/pos-graduacao\/mestrado\/\" \/>\n<meta property=\"og:locale\" content=\"pt_BR\" \/>\n<meta property=\"og:type\" content=\"article\" \/>\n<meta property=\"og:title\" content=\"Mestrado - Departamento de Odontologia Restauradora\" \/>\n<meta property=\"og:url\" content=\"https:\/\/www.odonto.ufmg.br\/odr\/ensino\/pos-graduacao\/mestrado\/\" \/>\n<meta property=\"og:site_name\" content=\"Departamento de Odontologia Restauradora\" \/>\n<meta property=\"article:modified_time\" content=\"2016-09-19T13:55:43+00:00\" \/>\n<meta name=\"twitter:card\" content=\"summary_large_image\" \/>\n<meta name=\"twitter:label1\" content=\"Est. tempo de leitura\" \/>\n\t<meta name=\"twitter:data1\" content=\"4 minutos\" \/>\n<script type=\"application\/ld+json\" class=\"yoast-schema-graph\">{\"@context\":\"https:\\\/\\\/schema.org\",\"@graph\":[{\"@type\":\"WebPage\",\"@id\":\"https:\\\/\\\/www.odonto.ufmg.br\\\/odr\\\/ensino\\\/pos-graduacao\\\/mestrado\\\/\",\"url\":\"https:\\\/\\\/www.odonto.ufmg.br\\\/odr\\\/ensino\\\/pos-graduacao\\\/mestrado\\\/\",\"name\":\"Mestrado - Departamento de Odontologia Restauradora\",\"isPartOf\":{\"@id\":\"https:\\\/\\\/www.odonto.ufmg.br\\\/odr\\\/#website\"},\"datePublished\":\"2016-03-07T14:56:38+00:00\",\"dateModified\":\"2016-09-19T13:55:43+00:00\",\"breadcrumb\":{\"@id\":\"https:\\\/\\\/www.odonto.ufmg.br\\\/odr\\\/ensino\\\/pos-graduacao\\\/mestrado\\\/#breadcrumb\"},\"inLanguage\":\"pt-BR\",\"potentialAction\":[{\"@type\":\"ReadAction\",\"target\":[\"https:\\\/\\\/www.odonto.ufmg.br\\\/odr\\\/ensino\\\/pos-graduacao\\\/mestrado\\\/\"]}]},{\"@type\":\"BreadcrumbList\",\"@id\":\"https:\\\/\\\/www.odonto.ufmg.br\\\/odr\\\/ensino\\\/pos-graduacao\\\/mestrado\\\/#breadcrumb\",\"itemListElement\":[{\"@type\":\"ListItem\",\"position\":1,\"name\":\"In\u00edcio\",\"item\":\"https:\\\/\\\/www.odonto.ufmg.br\\\/odr\\\/\"},{\"@type\":\"ListItem\",\"position\":2,\"name\":\"Ensino\",\"item\":\"https:\\\/\\\/www.odonto.ufmg.br\\\/odr\\\/ensino\\\/\"},{\"@type\":\"ListItem\",\"position\":3,\"name\":\"P\u00f3s-Gradua\u00e7\u00e3o\",\"item\":\"https:\\\/\\\/www.odonto.ufmg.br\\\/odr\\\/ensino\\\/pos-graduacao\\\/\"},{\"@type\":\"ListItem\",\"position\":4,\"name\":\"Mestrado\"}]},{\"@type\":\"WebSite\",\"@id\":\"https:\\\/\\\/www.odonto.ufmg.br\\\/odr\\\/#website\",\"url\":\"https:\\\/\\\/www.odonto.ufmg.br\\\/odr\\\/\",\"name\":\"Departamento de Odontologia Restauradora\",\"description\":\"Faculdade de Odontologia - Universidade Federal de Minas Gerais\",\"potentialAction\":[{\"@type\":\"SearchAction\",\"target\":{\"@type\":\"EntryPoint\",\"urlTemplate\":\"https:\\\/\\\/www.odonto.ufmg.br\\\/odr\\\/?s={search_term_string}\"},\"query-input\":{\"@type\":\"PropertyValueSpecification\",\"valueRequired\":true,\"valueName\":\"search_term_string\"}}],\"inLanguage\":\"pt-BR\"}]}<\/script>\n<!-- \/ Yoast SEO plugin. -->","yoast_head_json":{"title":"Mestrado - Departamento de Odontologia Restauradora","robots":{"index":"index","follow":"follow","max-snippet":"max-snippet:-1","max-image-preview":"max-image-preview:large","max-video-preview":"max-video-preview:-1"},"canonical":"https:\/\/www.odonto.ufmg.br\/odr\/ensino\/pos-graduacao\/mestrado\/","og_locale":"pt_BR","og_type":"article","og_title":"Mestrado - Departamento de Odontologia Restauradora","og_url":"https:\/\/www.odonto.ufmg.br\/odr\/ensino\/pos-graduacao\/mestrado\/","og_site_name":"Departamento de Odontologia Restauradora","article_modified_time":"2016-09-19T13:55:43+00:00","twitter_card":"summary_large_image","twitter_misc":{"Est. tempo de leitura":"4 minutos"},"schema":{"@context":"https:\/\/schema.org","@graph":[{"@type":"WebPage","@id":"https:\/\/www.odonto.ufmg.br\/odr\/ensino\/pos-graduacao\/mestrado\/","url":"https:\/\/www.odonto.ufmg.br\/odr\/ensino\/pos-graduacao\/mestrado\/","name":"Mestrado - Departamento de Odontologia Restauradora","isPartOf":{"@id":"https:\/\/www.odonto.ufmg.br\/odr\/#website"},"datePublished":"2016-03-07T14:56:38+00:00","dateModified":"2016-09-19T13:55:43+00:00","breadcrumb":{"@id":"https:\/\/www.odonto.ufmg.br\/odr\/ensino\/pos-graduacao\/mestrado\/#breadcrumb"},"inLanguage":"pt-BR","potentialAction":[{"@type":"ReadAction","target":["https:\/\/www.odonto.ufmg.br\/odr\/ensino\/pos-graduacao\/mestrado\/"]}]},{"@type":"BreadcrumbList","@id":"https:\/\/www.odonto.ufmg.br\/odr\/ensino\/pos-graduacao\/mestrado\/#breadcrumb","itemListElement":[{"@type":"ListItem","position":1,"name":"In\u00edcio","item":"https:\/\/www.odonto.ufmg.br\/odr\/"},{"@type":"ListItem","position":2,"name":"Ensino","item":"https:\/\/www.odonto.ufmg.br\/odr\/ensino\/"},{"@type":"ListItem","position":3,"name":"P\u00f3s-Gradua\u00e7\u00e3o","item":"https:\/\/www.odonto.ufmg.br\/odr\/ensino\/pos-graduacao\/"},{"@type":"ListItem","position":4,"name":"Mestrado"}]},{"@type":"WebSite","@id":"https:\/\/www.odonto.ufmg.br\/odr\/#website","url":"https:\/\/www.odonto.ufmg.br\/odr\/","name":"Departamento de Odontologia Restauradora","description":"Faculdade de Odontologia - Universidade Federal de Minas Gerais","potentialAction":[{"@type":"SearchAction","target":{"@type":"EntryPoint","urlTemplate":"https:\/\/www.odonto.ufmg.br\/odr\/?s={search_term_string}"},"query-input":{"@type":"PropertyValueSpecification","valueRequired":true,"valueName":"search_term_string"}}],"inLanguage":"pt-BR"}]}},"_links":{"self":[{"href":"https:\/\/www.odonto.ufmg.br\/odr\/wp-json\/wp\/v2\/pages\/616","targetHints":{"allow":["GET"]}}],"collection":[{"href":"https:\/\/www.odonto.ufmg.br\/odr\/wp-json\/wp\/v2\/pages"}],"about":[{"href":"https:\/\/www.odonto.ufmg.br\/odr\/wp-json\/wp\/v2\/types\/page"}],"author":[{"embeddable":true,"href":"https:\/\/www.odonto.ufmg.br\/odr\/wp-json\/wp\/v2\/users\/4"}],"replies":[{"embeddable":true,"href":"https:\/\/www.odonto.ufmg.br\/odr\/wp-json\/wp\/v2\/comments?post=616"}],"version-history":[{"count":8,"href":"https:\/\/www.odonto.ufmg.br\/odr\/wp-json\/wp\/v2\/pages\/616\/revisions"}],"predecessor-version":[{"id":3866,"href":"https:\/\/www.odonto.ufmg.br\/odr\/wp-json\/wp\/v2\/pages\/616\/revisions\/3866"}],"up":[{"embeddable":true,"href":"https:\/\/www.odonto.ufmg.br\/odr\/wp-json\/wp\/v2\/pages\/614"}],"wp:attachment":[{"href":"https:\/\/www.odonto.ufmg.br\/odr\/wp-json\/wp\/v2\/media?parent=616"}],"curies":[{"name":"wp","href":"https:\/\/api.w.org\/{rel}","templated":true}]}}