{"id":344,"date":"2015-07-14T14:50:10","date_gmt":"2015-07-14T14:50:10","guid":{"rendered":"http:\/\/test.kriesi.at\/minimal-portfolio\/?page_id=9"},"modified":"2021-01-24T21:46:12","modified_gmt":"2021-01-25T00:46:12","slug":"inicio","status":"publish","type":"page","link":"https:\/\/www.odonto.ufmg.br\/odr\/","title":{"rendered":"In\u00edcio"},"content":{"rendered":"<div id='av_section_1'  class='avia-section av-1vaycg-356b69ea3110dbfdb31bbc243d0ce024 main_color avia-section-default avia-no-shadow  avia-builder-el-0  el_before_av_section  avia-builder-el-first  avia-bg-style-scroll container_wrap fullsize'  ><div class='container av-section-cont-open' ><main  role=\"main\" itemprop=\"mainContentOfPage\"  class='template-page content  av-content-full alpha units'><div class='post-entry post-entry-type-page post-entry-344'><div class='entry-content-wrapper clearfix'>\n\n<style type=\"text\/css\" data-created_by=\"avia_inline_auto\" id=\"style-css-av-1skrmg-d67e245c9aa59285c410d23348bcd101\">\n.flex_column.av-1skrmg-d67e245c9aa59285c410d23348bcd101{\nborder-radius:0px 0px 0px 0px;\npadding:0px 0px 0px 0px;\n}\n<\/style>\n<div  class='flex_column av-1skrmg-d67e245c9aa59285c410d23348bcd101 av_two_third  avia-builder-el-1  el_before_av_one_third  avia-builder-el-first  first flex_column_div av-zero-column-padding  '     ><div  class='avia-slideshow av-1m6kl4-231d9a6b0c0f2e6b1a0c67ac39aa84d2 avia-slideshow-featured av_slideshow avia-slide-slider  avia-builder-el-2  avia-builder-el-no-sibling  av-slideshow-ui av-slideshow-manual av-loop-once av-loop-manual-endless av-default-height-applied avia-slideshow-1' data-slideshow-options=\"{&quot;animation&quot;:&quot;slide&quot;,&quot;autoplay&quot;:false,&quot;loop_autoplay&quot;:&quot;once&quot;,&quot;interval&quot;:5,&quot;loop_manual&quot;:&quot;manual-endless&quot;,&quot;autoplay_stopper&quot;:false,&quot;noNavigation&quot;:false,&quot;bg_slider&quot;:false,&quot;keep_padding&quot;:false,&quot;hoverpause&quot;:false,&quot;show_slide_delay&quot;:0}\"  itemprop=\"image\" itemscope=\"itemscope\" itemtype=\"https:\/\/schema.org\/ImageObject\" ><ul class='avia-slideshow-inner ' style='padding-bottom: 41.747572815534%;'><li  class='avia-slideshow-slide av-1m6kl4-231d9a6b0c0f2e6b1a0c67ac39aa84d2__0  av-single-slide slide-1 slide-odd'><a href=\"https:\/\/www.odonto.ufmg.br\/odr\/documentos\/bem-vindos-ao-novo-site-do-odr\/\"  data-rel='slideshow-1' class='avia-slide-wrap '   ><div class='av-slideshow-caption av-1m6kl4-231d9a6b0c0f2e6b1a0c67ac39aa84d2__0 avia-caption'><div class=\"avia-inner-caption\"><h2 class='avia-caption-title '  itemprop=\"name\" >Bem-vindos ao novo site do ODR<\/h2><div class='avia-caption-content '  itemprop=\"description\" ><p>Confira as novidades<\/p>\n<\/div><\/div><\/div><img fetchpriority=\"high\" class=\"wp-image-930 avia-img-lazy-loading-not-930\"  src='https:\/\/www.odonto.ufmg.br\/odr\/wp-content\/uploads\/sites\/7\/2015\/07\/Imagem-248-1030x773-1030x430.jpg' width='1030' height='430' title='Imagem-248-1030x773' alt=''  itemprop=\"thumbnailUrl\"   \/><\/a><\/li><\/ul><\/div><\/div>\n<style type=\"text\/css\" data-created_by=\"avia_inline_auto\" id=\"style-css-av-16cqp4-b6e1efc20a3775be39506e50a66b1cf5\">\n.flex_column.av-16cqp4-b6e1efc20a3775be39506e50a66b1cf5{\nborder-radius:0px 0px 0px 0px;\npadding:0px 0px 0px 0px;\n}\n<\/style>\n<div  class='flex_column av-16cqp4-b6e1efc20a3775be39506e50a66b1cf5 av_one_third  avia-builder-el-3  el_after_av_two_third  avia-builder-el-last  flex_column_div av-zero-column-padding  '     ><div  id=\"avia-magazine-1\"  class='av-magazine av-15l9i0-bdc3919faa31882020390589fdc1d102 av-magazine-top-bar-active av-magazine-tabs-active  avia-builder-el-4  avia-builder-el-no-sibling   avia-builder-el-4  avia-builder-el-no-sibling ' ><div class='av-magazine-top-bar '><a href='https:\/\/www.odonto.ufmg.br\/odr\/noticias\/' class='av-magazine-top-heading '  >\u00daltimas Not\u00edcias<\/a><\/div><div class='av-magazine-group sort_all'><article class='av-magazine-entry av-magazine-entry-id-6414 av-magazine-format-standard av-magazine-type-post av-magazine-entry-1 av-magazine-entry-small av-magazine-no-thumb'  itemscope=\"itemscope\" itemtype=\"https:\/\/schema.org\/CreativeWork\" ><div class=\"av-magazine-content-wrap\"><header class=\"entry-content-header\" aria-label=\"Post: Resultado: Edital 02\/2026 - Monitoria Volunt\u00e1ria na \u00c1rea de Cl\u00ednica - P\u00f3s-Gradua\u00e7\u00e3o\"><time class='av-magazine-time updated'  itemprop=\"datePublished\" datetime=\"2026-04-07T09:25:01-03:00\" >7 de abril de 2026<\/time><h3 class='av-magazine-title entry-title '  itemprop=\"headline\" ><a href='https:\/\/www.odonto.ufmg.br\/odr\/documentos\/resultado-edital-02-2026-monitoria-voluntaria-na-area-de-clinica-pos-graduacao\/' title='Link to: Resultado: Edital 02\/2026 &#8211; Monitoria Volunt\u00e1ria na \u00c1rea de Cl\u00ednica &#8211; P\u00f3s-Gradua\u00e7\u00e3o'>Resultado: Edital 02\/2026 &#8211; Monitoria Volunt\u00e1ria na \u00c1rea de Cl\u00ednica &#8211; P\u00f3s-Gradua\u00e7\u00e3o<\/a><\/h3><\/header><\/div><footer class=\"entry-footer\"><\/footer><\/article><article class='av-magazine-entry av-magazine-entry-id-6352 av-magazine-format-standard av-magazine-type-post av-magazine-entry-2 av-magazine-entry-small av-magazine-no-thumb'  itemscope=\"itemscope\" itemtype=\"https:\/\/schema.org\/CreativeWork\" ><div class=\"av-magazine-content-wrap\"><header class=\"entry-content-header\" aria-label=\"Post: RESULTADOS MONITORIA GRADUA\u00c7\u00c3O - Edital 01\/2026\"><time class='av-magazine-time updated'  itemprop=\"datePublished\" datetime=\"2026-03-31T09:00:00-03:00\" >31 de mar\u00e7o de 2026<\/time><h3 class='av-magazine-title entry-title '  itemprop=\"headline\" ><a href='https:\/\/www.odonto.ufmg.br\/odr\/documentos\/resultados-monitoria-graduacao-edital-01-2026\/' title='Link to: RESULTADOS MONITORIA GRADUA\u00c7\u00c3O &#8211; Edital 01\/2026'>RESULTADOS MONITORIA GRADUA\u00c7\u00c3O &#8211; Edital 01\/2026<\/a><\/h3><\/header><\/div><footer class=\"entry-footer\"><\/footer><\/article><article class='av-magazine-entry av-magazine-entry-id-6349 av-magazine-format-standard av-magazine-type-post av-magazine-entry-3 av-magazine-entry-small av-magazine-no-thumb'  itemscope=\"itemscope\" itemtype=\"https:\/\/schema.org\/CreativeWork\" ><div class=\"av-magazine-content-wrap\"><header class=\"entry-content-header\" aria-label=\"Post: Edital 02\/2026 - Monitoria Volunt\u00e1ria na \u00c1rea de Cl\u00ednica - P\u00f3s-Gradua\u00e7\u00e3o\"><time class='av-magazine-time updated'  itemprop=\"datePublished\" datetime=\"2026-03-27T13:43:38-03:00\" >27 de mar\u00e7o de 2026<\/time><h3 class='av-magazine-title entry-title '  itemprop=\"headline\" ><a href='https:\/\/www.odonto.ufmg.br\/odr\/documentos\/edital-02-2026-monitoria-voluntaria-na-area-de-clinica-pos-graduacao\/' title='Link to: Edital 02\/2026 &#8211; Monitoria Volunt\u00e1ria na \u00c1rea de Cl\u00ednica &#8211; P\u00f3s-Gradua\u00e7\u00e3o'>Edital 02\/2026 &#8211; Monitoria Volunt\u00e1ria na \u00c1rea de Cl\u00ednica &#8211; P\u00f3s-Gradua\u00e7\u00e3o<\/a><\/h3><\/header><\/div><footer class=\"entry-footer\"><\/footer><\/article><article class='av-magazine-entry av-magazine-entry-id-6346 av-magazine-format-standard av-magazine-type-post av-magazine-entry-4 av-magazine-entry-small av-magazine-no-thumb'  itemscope=\"itemscope\" itemtype=\"https:\/\/schema.org\/CreativeWork\" ><div class=\"av-magazine-content-wrap\"><header class=\"entry-content-header\" aria-label=\"Post: Resultado Edital 01\/2026 - Monitoria de P\u00f3s-Gradua\u00e7\u00e3o\"><time class='av-magazine-time updated'  itemprop=\"datePublished\" datetime=\"2026-03-19T14:52:26-03:00\" >19 de mar\u00e7o de 2026<\/time><h3 class='av-magazine-title entry-title '  itemprop=\"headline\" ><a href='https:\/\/www.odonto.ufmg.br\/odr\/documentos\/resultado-edital-01-2026-monitoria-de-pos-graduacao\/' title='Link to: Resultado Edital 01\/2026 &#8211; Monitoria de P\u00f3s-Gradua\u00e7\u00e3o'>Resultado Edital 01\/2026 &#8211; Monitoria de P\u00f3s-Gradua\u00e7\u00e3o<\/a><\/h3><\/header><\/div><footer class=\"entry-footer\"><\/footer><\/article><\/div><\/div><\/div>\n\n<\/div><\/div><\/main><!-- close content main element --><\/div><\/div>\n<style type=\"text\/css\" data-created_by=\"avia_inline_auto\" id=\"style-css-av-v43kg-b17de2848d6ce1ecd9037528796d1d95\">\n.avia-section.av-v43kg-b17de2848d6ce1ecd9037528796d1d95 .av-section-color-overlay{\nopacity:0.5;\nbackground-image:url(https:\/\/www.odonto.ufmg.br\/odr\/wp-content\/themes\/enfold\/images\/background-images\/diagonal-thin-dark.png);\nbackground-repeat:repeat;\n}\n.avia-section.av-v43kg-b17de2848d6ce1ecd9037528796d1d95 .av-extra-border-element .av-extra-border-inner{\nbackground-color:#ffffff;\n}\n<\/style>\n<div id='av_section_2'  class='avia-section av-v43kg-b17de2848d6ce1ecd9037528796d1d95 main_color avia-section-default avia-no-shadow  avia-builder-el-5  el_after_av_section  avia-builder-el-last  avia-bg-style-scroll av-section-color-overlay-active av-arrow-down-section container_wrap fullsize'  ><div class=\"av-section-color-overlay-wrap\"><div class=\"av-section-color-overlay\"><\/div><div class='container av-section-cont-open' ><div class='template-page content  av-content-full alpha units'><div class='post-entry post-entry-type-page post-entry-344'><div class='entry-content-wrapper clearfix'>\n\n<style type=\"text\/css\" data-created_by=\"avia_inline_auto\" id=\"style-css-av-qtckw-a9ccdf6854e0b0ff7f287fcbe0e8fd4a\">\n.flex_column.av-qtckw-a9ccdf6854e0b0ff7f287fcbe0e8fd4a{\nborder-radius:0px 0px 0px 0px;\npadding:0px 0px 0px 0px;\n}\n<\/style>\n<div  class='flex_column av-qtckw-a9ccdf6854e0b0ff7f287fcbe0e8fd4a av_one_third  avia-builder-el-6  el_before_av_one_third  avia-builder-el-first  first flex_column_div av-zero-column-padding  '     ><style type=\"text\/css\" data-created_by=\"avia_inline_auto\" id=\"style-css-av-2ce2o-833bdac40a00b54f76b5d62b7a010ec3\">\n.iconbox.av-2ce2o-833bdac40a00b54f76b5d62b7a010ec3 .iconbox_icon{\nbackground-color:#c8102e;\n}\n<\/style>\n<article  class='iconbox iconbox_top av-2ce2o-833bdac40a00b54f76b5d62b7a010ec3  avia-builder-el-7  avia-builder-el-no-sibling  main_color'  itemscope=\"itemscope\" itemtype=\"https:\/\/schema.org\/CreativeWork\" ><div class=\"iconbox_content\"><header class=\"entry-content-header\" aria-label=\"Icon: Extens\u00e3o\"><a href='https:\/\/www.odonto.ufmg.br\/odr\/extensao\/' title='Extens\u00e3o' aria-label='Extens\u00e3o'  class='iconbox_icon heading-color avia-iconfont avia-font-entypo-fontello' data-av_icon='\ue84e' data-av_iconfont='entypo-fontello' title=\"Extens\u00e3o\" desc=\"Extens\u00e3o\" ><\/a><h3 class='iconbox_content_title '  itemprop=\"headline\" ><a href='https:\/\/www.odonto.ufmg.br\/odr\/extensao\/' title='Extens\u00e3o' >Extens\u00e3o<\/a><\/h3><\/header><div class='iconbox_content_container '  itemprop=\"text\" ><p>A\u00e7\u00f5es de extens\u00e3o promovidas pelo Departamento.<\/p>\n<\/div><\/div><footer class=\"entry-footer\"><\/footer><\/article><\/div>\n<style type=\"text\/css\" data-created_by=\"avia_inline_auto\" id=\"style-css-av-d2fg8-a84fedb6ae49a062985093dffd713c6d\">\n.flex_column.av-d2fg8-a84fedb6ae49a062985093dffd713c6d{\nborder-radius:0px 0px 0px 0px;\npadding:0px 0px 0px 0px;\n}\n<\/style>\n<div  class='flex_column av-d2fg8-a84fedb6ae49a062985093dffd713c6d av_one_third  avia-builder-el-8  el_after_av_one_third  el_before_av_one_third  flex_column_div av-zero-column-padding  '     ><style type=\"text\/css\" data-created_by=\"avia_inline_auto\" id=\"style-css-av-7ndug-573d0292f7e8477f08ff4062ea49c9d1\">\n.iconbox.av-7ndug-573d0292f7e8477f08ff4062ea49c9d1 .iconbox_icon{\nbackground-color:#c8102e;\n}\n<\/style>\n<article  class='iconbox iconbox_top av-7ndug-573d0292f7e8477f08ff4062ea49c9d1  avia-builder-el-9  avia-builder-el-no-sibling  main_color'  itemscope=\"itemscope\" itemtype=\"https:\/\/schema.org\/CreativeWork\" ><div class=\"iconbox_content\"><header class=\"entry-content-header\" aria-label=\"Icon: Corpo Docente\"><a href='https:\/\/www.odonto.ufmg.br\/odr\/corpo-docente\/' title='Corpo Docente' aria-label='Corpo Docente'  class='iconbox_icon heading-color avia-iconfont avia-font-entypo-fontello' data-av_icon='\ue80b' data-av_iconfont='entypo-fontello' title=\"Corpo Docente\" desc=\"Corpo Docente\" ><\/a><h3 class='iconbox_content_title '  itemprop=\"headline\" ><a href='https:\/\/www.odonto.ufmg.br\/odr\/corpo-docente\/' title='Corpo Docente' >Corpo Docente<\/a><\/h3><\/header><div class='iconbox_content_container '  itemprop=\"text\" ><p>Conhe\u00e7a os professores do Departamento.<\/p>\n<\/div><\/div><footer class=\"entry-footer\"><\/footer><\/article><\/div>\n<style type=\"text\/css\" data-created_by=\"avia_inline_auto\" id=\"style-css-av-d2fg8-a84fedb6ae49a062985093dffd713c6d\">\n.flex_column.av-d2fg8-a84fedb6ae49a062985093dffd713c6d{\nborder-radius:0px 0px 0px 0px;\npadding:0px 0px 0px 0px;\n}\n<\/style>\n<div  class='flex_column av-d2fg8-a84fedb6ae49a062985093dffd713c6d av_one_third  avia-builder-el-10  el_after_av_one_third  avia-builder-el-last  flex_column_div av-zero-column-padding  '     ><style type=\"text\/css\" data-created_by=\"avia_inline_auto\" id=\"style-css-av-7ndug-d21287563d2ce63568c899155c3ee227\">\n.iconbox.av-7ndug-d21287563d2ce63568c899155c3ee227 .iconbox_icon{\nbackground-color:#c8102e;\n}\n<\/style>\n<article  class='iconbox iconbox_top av-7ndug-d21287563d2ce63568c899155c3ee227  avia-builder-el-11  avia-builder-el-no-sibling  main_color'  itemscope=\"itemscope\" itemtype=\"https:\/\/schema.org\/CreativeWork\" ><div class=\"iconbox_content\"><header class=\"entry-content-header\" aria-label=\"Icon: ECV ODR\"><a href='http:\/\/www.odonto.ufmg.br\/ecv-odr' title='ECV ODR' aria-label='ECV ODR'  target=\"_blank\"  rel=\"noopener noreferrer\" class='iconbox_icon heading-color avia-iconfont avia-font-entypo-fontello' data-av_icon='\ue803' data-av_iconfont='entypo-fontello' title=\"ECV ODR\" desc=\"ECV ODR\" ><\/a><h3 class='iconbox_content_title '  itemprop=\"headline\" ><a href='http:\/\/www.odonto.ufmg.br\/ecv-odr' title='ECV ODR'  target=\"_blank\"  rel=\"noopener noreferrer\">ECV ODR<\/a><\/h3><\/header><div class='iconbox_content_container '  itemprop=\"text\" ><p>Espa\u00e7o Cl\u00ednico Virtual<\/p>\n<\/div><\/div><footer class=\"entry-footer\"><\/footer><\/article><\/div>\n","protected":false},"excerpt":{"rendered":"","protected":false},"author":42,"featured_media":0,"parent":0,"menu_order":0,"comment_status":"closed","ping_status":"closed","template":"","meta":{"inline_featured_image":false,"footnotes":""},"class_list":["post-344","page","type-page","status-publish","hentry"],"yoast_head":"<!-- This site is optimized with the Yoast SEO plugin v27.3 - https:\/\/yoast.com\/product\/yoast-seo-wordpress\/ -->\n<title>In\u00edcio - Departamento de Odontologia Restauradora<\/title>\n<meta name=\"robots\" content=\"index, follow, max-snippet:-1, max-image-preview:large, max-video-preview:-1\" \/>\n<link rel=\"canonical\" href=\"https:\/\/www.odonto.ufmg.br\/odr\/\" \/>\n<meta property=\"og:locale\" content=\"pt_BR\" \/>\n<meta property=\"og:type\" content=\"article\" \/>\n<meta property=\"og:title\" content=\"In\u00edcio - Departamento de Odontologia Restauradora\" \/>\n<meta property=\"og:url\" content=\"https:\/\/www.odonto.ufmg.br\/odr\/\" \/>\n<meta property=\"og:site_name\" content=\"Departamento de Odontologia Restauradora\" \/>\n<meta property=\"article:modified_time\" content=\"2021-01-25T00:46:12+00:00\" \/>\n<meta name=\"twitter:card\" content=\"summary_large_image\" \/>\n<meta name=\"twitter:label1\" content=\"Est. tempo de leitura\" \/>\n\t<meta name=\"twitter:data1\" content=\"3 minutos\" \/>\n<script type=\"application\/ld+json\" class=\"yoast-schema-graph\">{\"@context\":\"https:\\\/\\\/schema.org\",\"@graph\":[{\"@type\":\"WebPage\",\"@id\":\"https:\\\/\\\/www.odonto.ufmg.br\\\/odr\\\/\",\"url\":\"https:\\\/\\\/www.odonto.ufmg.br\\\/odr\\\/\",\"name\":\"In\u00edcio - Departamento de Odontologia Restauradora\",\"isPartOf\":{\"@id\":\"https:\\\/\\\/www.odonto.ufmg.br\\\/odr\\\/#website\"},\"datePublished\":\"2015-07-14T14:50:10+00:00\",\"dateModified\":\"2021-01-25T00:46:12+00:00\",\"breadcrumb\":{\"@id\":\"https:\\\/\\\/www.odonto.ufmg.br\\\/odr\\\/#breadcrumb\"},\"inLanguage\":\"pt-BR\",\"potentialAction\":[{\"@type\":\"ReadAction\",\"target\":[\"https:\\\/\\\/www.odonto.ufmg.br\\\/odr\\\/\"]}]},{\"@type\":\"BreadcrumbList\",\"@id\":\"https:\\\/\\\/www.odonto.ufmg.br\\\/odr\\\/#breadcrumb\",\"itemListElement\":[{\"@type\":\"ListItem\",\"position\":1,\"name\":\"In\u00edcio\",\"item\":\"https:\\\/\\\/www.odonto.ufmg.br\\\/odr\\\/\"},{\"@type\":\"ListItem\",\"position\":2,\"name\":\"In\u00edcio\"}]},{\"@type\":\"WebSite\",\"@id\":\"https:\\\/\\\/www.odonto.ufmg.br\\\/odr\\\/#website\",\"url\":\"https:\\\/\\\/www.odonto.ufmg.br\\\/odr\\\/\",\"name\":\"Departamento de Odontologia Restauradora\",\"description\":\"Faculdade de Odontologia - Universidade Federal de Minas Gerais\",\"potentialAction\":[{\"@type\":\"SearchAction\",\"target\":{\"@type\":\"EntryPoint\",\"urlTemplate\":\"https:\\\/\\\/www.odonto.ufmg.br\\\/odr\\\/?s={search_term_string}\"},\"query-input\":{\"@type\":\"PropertyValueSpecification\",\"valueRequired\":true,\"valueName\":\"search_term_string\"}}],\"inLanguage\":\"pt-BR\"}]}<\/script>\n<!-- \/ Yoast SEO plugin. -->","yoast_head_json":{"title":"In\u00edcio - Departamento de Odontologia Restauradora","robots":{"index":"index","follow":"follow","max-snippet":"max-snippet:-1","max-image-preview":"max-image-preview:large","max-video-preview":"max-video-preview:-1"},"canonical":"https:\/\/www.odonto.ufmg.br\/odr\/","og_locale":"pt_BR","og_type":"article","og_title":"In\u00edcio - Departamento de Odontologia Restauradora","og_url":"https:\/\/www.odonto.ufmg.br\/odr\/","og_site_name":"Departamento de Odontologia Restauradora","article_modified_time":"2021-01-25T00:46:12+00:00","twitter_card":"summary_large_image","twitter_misc":{"Est. tempo de leitura":"3 minutos"},"schema":{"@context":"https:\/\/schema.org","@graph":[{"@type":"WebPage","@id":"https:\/\/www.odonto.ufmg.br\/odr\/","url":"https:\/\/www.odonto.ufmg.br\/odr\/","name":"In\u00edcio - Departamento de Odontologia Restauradora","isPartOf":{"@id":"https:\/\/www.odonto.ufmg.br\/odr\/#website"},"datePublished":"2015-07-14T14:50:10+00:00","dateModified":"2021-01-25T00:46:12+00:00","breadcrumb":{"@id":"https:\/\/www.odonto.ufmg.br\/odr\/#breadcrumb"},"inLanguage":"pt-BR","potentialAction":[{"@type":"ReadAction","target":["https:\/\/www.odonto.ufmg.br\/odr\/"]}]},{"@type":"BreadcrumbList","@id":"https:\/\/www.odonto.ufmg.br\/odr\/#breadcrumb","itemListElement":[{"@type":"ListItem","position":1,"name":"In\u00edcio","item":"https:\/\/www.odonto.ufmg.br\/odr\/"},{"@type":"ListItem","position":2,"name":"In\u00edcio"}]},{"@type":"WebSite","@id":"https:\/\/www.odonto.ufmg.br\/odr\/#website","url":"https:\/\/www.odonto.ufmg.br\/odr\/","name":"Departamento de Odontologia Restauradora","description":"Faculdade de Odontologia - Universidade Federal de Minas Gerais","potentialAction":[{"@type":"SearchAction","target":{"@type":"EntryPoint","urlTemplate":"https:\/\/www.odonto.ufmg.br\/odr\/?s={search_term_string}"},"query-input":{"@type":"PropertyValueSpecification","valueRequired":true,"valueName":"search_term_string"}}],"inLanguage":"pt-BR"}]}},"_links":{"self":[{"href":"https:\/\/www.odonto.ufmg.br\/odr\/wp-json\/wp\/v2\/pages\/344","targetHints":{"allow":["GET"]}}],"collection":[{"href":"https:\/\/www.odonto.ufmg.br\/odr\/wp-json\/wp\/v2\/pages"}],"about":[{"href":"https:\/\/www.odonto.ufmg.br\/odr\/wp-json\/wp\/v2\/types\/page"}],"author":[{"embeddable":true,"href":"https:\/\/www.odonto.ufmg.br\/odr\/wp-json\/wp\/v2\/users\/42"}],"replies":[{"embeddable":true,"href":"https:\/\/www.odonto.ufmg.br\/odr\/wp-json\/wp\/v2\/comments?post=344"}],"version-history":[{"count":9,"href":"https:\/\/www.odonto.ufmg.br\/odr\/wp-json\/wp\/v2\/pages\/344\/revisions"}],"predecessor-version":[{"id":6362,"href":"https:\/\/www.odonto.ufmg.br\/odr\/wp-json\/wp\/v2\/pages\/344\/revisions\/6362"}],"wp:attachment":[{"href":"https:\/\/www.odonto.ufmg.br\/odr\/wp-json\/wp\/v2\/media?parent=344"}],"curies":[{"name":"wp","href":"https:\/\/api.w.org\/{rel}","templated":true}]}}