{"id":9292,"date":"2018-03-16T16:12:04","date_gmt":"2018-03-16T19:12:04","guid":{"rendered":"https:\/\/www.odonto.ufmg.br\/novo\/?page_id=9292"},"modified":"2025-02-26T13:04:01","modified_gmt":"2025-02-26T16:04:01","slug":"cobio","status":"publish","type":"page","link":"https:\/\/www.odonto.ufmg.br\/novo\/cobio\/","title":{"rendered":"Comiss\u00e3o de biosseguran\u00e7a"},"content":{"rendered":"\n<style type=\"text\/css\" data-created_by=\"avia_inline_auto\" id=\"style-css-av-10zqddo-9c9c774a4c64eba783dbfea127a67927\">\n.avia-section.av-10zqddo-9c9c774a4c64eba783dbfea127a67927 .av-extra-border-element .av-extra-border-inner{\nbackground-color:#ffffff;\n}\n<\/style>\n<div id='av_section_1'  class='avia-section av-10zqddo-9c9c774a4c64eba783dbfea127a67927 main_color avia-section-default avia-no-shadow  avia-builder-el-0  el_before_av_section  avia-builder-el-first  avia-bg-style-scroll av-arrow-down-section container_wrap fullsize'  ><div class='container av-section-cont-open' ><main  role=\"main\" itemprop=\"mainContentOfPage\"  class='template-page content  av-content-full alpha units'><div class='post-entry post-entry-type-page post-entry-9292'><div class='entry-content-wrapper clearfix'>\n\n<style type=\"text\/css\" data-created_by=\"avia_inline_auto\" id=\"style-css-av-108aae4-120d3ca5c762f75cd39c3140a7c4ef14\">\n#top .av-special-heading.av-108aae4-120d3ca5c762f75cd39c3140a7c4ef14{\npadding-bottom:10px;\n}\nbody .av-special-heading.av-108aae4-120d3ca5c762f75cd39c3140a7c4ef14 .av-special-heading-tag .heading-char{\nfont-size:25px;\n}\n.av-special-heading.av-108aae4-120d3ca5c762f75cd39c3140a7c4ef14 .av-subheading{\nfont-size:15px;\n}\n<\/style>\n<div  class='av-special-heading av-108aae4-120d3ca5c762f75cd39c3140a7c4ef14 av-special-heading-h3 blockquote modern-quote  avia-builder-el-1  el_before_av_textblock  avia-builder-el-first '><h3 class='av-special-heading-tag '  itemprop=\"headline\"  >Apresenta\u00e7\u00e3o<\/h3><div class=\"special-heading-border\"><div class=\"special-heading-inner-border\"><\/div><\/div><\/div>\n<section  class='av_textblock_section av-xeqlgc-f5b28bb31ef97d2351bcb5eda463bddc '   itemscope=\"itemscope\" itemtype=\"https:\/\/schema.org\/CreativeWork\" ><div class='avia_textblock'  itemprop=\"text\" ><p>A comiss\u00e3o de biosseguran\u00e7a \u00e9 o \u00f3rg\u00e3o respons\u00e1vel pelo\u00a0conjunto de procedimentos, a\u00e7\u00f5es, t\u00e9cnicas, metodologias, equipamentos e dispositivos capazes de eliminar ou minimizar riscos inerentes \u00e0s atividades de pesquisa, produ\u00e7\u00e3o, ensino, desenvolvimento tecnol\u00f3gico e presta\u00e7\u00e3o de servi\u00e7os, que podem comprometer a sa\u00fade do homem, dos animais, do meio ambiente ou a qualidade dos trabalhadores desenvolvidos.<\/p>\n<p>Essa comiss\u00e3o prev\u00ea que estas normas devem ser adotadas por laborat\u00f3rios de ensino, pesquisa e de diagn\u00f3stico cl\u00ednico, assim como, nos consult\u00f3rios da unidade. Essas medidas devem ter como base os padr\u00f5es nacionais e internacionais de transporte, conserva\u00e7\u00e3o e manipula\u00e7\u00e3o de agentes biol\u00f3gicos, qu\u00edmicos, f\u00edsicos e radioativos, para garantir a seguran\u00e7a e integridade de todos.<\/p>\n<\/div><\/section>\n\n<\/div><\/div><\/main><!-- close content main element --><\/div><div class='av-extra-border-element border-extra-arrow-down'><div class='av-extra-border-outer'><div class='av-extra-border-inner'><\/div><\/div><\/div><\/div>\n<style type=\"text\/css\" data-created_by=\"avia_inline_auto\" id=\"style-css-av-vmls64-e8f77416099e53731716b5d0493f67d9\">\n.avia-section.av-vmls64-e8f77416099e53731716b5d0493f67d9{\nbackground-color:#f7f7f7;\nbackground-image:unset;\n}\n.avia-section.av-vmls64-e8f77416099e53731716b5d0493f67d9 .av-section-color-overlay{\nopacity:0.5;\n}\n.avia-section.av-vmls64-e8f77416099e53731716b5d0493f67d9 .av-extra-border-element .av-extra-border-inner{\nbackground-color:#f7f7f7;\n}\n<\/style>\n<div id='av_section_2'  class='avia-section av-vmls64-e8f77416099e53731716b5d0493f67d9 main_color avia-section-default avia-no-shadow  avia-builder-el-3  el_after_av_section  el_before_av_section  avia-bg-style-scroll av-section-color-overlay-active av-arrow-down-section container_wrap fullsize'  ><div class=\"av-section-color-overlay-wrap\"><div class=\"av-section-color-overlay\"><\/div><div class='container av-section-cont-open' ><div class='template-page content  av-content-full alpha units'><div class='post-entry post-entry-type-page post-entry-9292'><div class='entry-content-wrapper clearfix'>\n\n<style type=\"text\/css\" data-created_by=\"avia_inline_auto\" id=\"style-css-av-u1h0yk-2230a54475ec336f72012082506bd37e\">\n.flex_column.av-u1h0yk-2230a54475ec336f72012082506bd37e{\nborder-radius:0px 0px 0px 0px;\npadding:0px 0px 0px 0px;\n}\n<\/style>\n<div  class='flex_column av-u1h0yk-2230a54475ec336f72012082506bd37e av_one_half  avia-builder-el-4  el_before_av_one_half  avia-builder-el-first  first flex_column_div av-zero-column-padding  '     ><p>\n<style type=\"text\/css\" data-created_by=\"avia_inline_auto\" id=\"style-css-av-sp4ex8-b1e12cfa81f221f766f9ceb61170c2c3\">\n#top .av-special-heading.av-sp4ex8-b1e12cfa81f221f766f9ceb61170c2c3{\npadding-bottom:10px;\n}\nbody .av-special-heading.av-sp4ex8-b1e12cfa81f221f766f9ceb61170c2c3 .av-special-heading-tag .heading-char{\nfont-size:25px;\n}\n.av-special-heading.av-sp4ex8-b1e12cfa81f221f766f9ceb61170c2c3 .av-subheading{\nfont-size:15px;\n}\n<\/style>\n<div  class='av-special-heading av-sp4ex8-b1e12cfa81f221f766f9ceb61170c2c3 av-special-heading-h3 blockquote modern-quote  avia-builder-el-5  el_before_av_textblock  avia-builder-el-first '><h3 class='av-special-heading-tag '  itemprop=\"headline\"  >Setores pertencentes a comiss\u00e3o<\/h3><div class=\"special-heading-border\"><div class=\"special-heading-inner-border\"><\/div><\/div><\/div><br \/>\n<section  class='av_textblock_section av-r1la58-f88309b8b7e60383c158c92fdc4f773b '   itemscope=\"itemscope\" itemtype=\"https:\/\/schema.org\/CreativeWork\" ><div class='avia_textblock'  itemprop=\"text\" ><\/div><\/section><\/p><\/div>\n<style type=\"text\/css\" data-created_by=\"avia_inline_auto\" id=\"style-css-av-pl9pi4-e2c994669ed23b8975894933c6386fe0\">\n.flex_column.av-pl9pi4-e2c994669ed23b8975894933c6386fe0{\nborder-radius:0px 0px 0px 0px;\npadding:0px 0px 0px 0px;\n}\n<\/style>\n<div  class='flex_column av-pl9pi4-e2c994669ed23b8975894933c6386fe0 av_one_half  avia-builder-el-7  el_after_av_one_half  avia-builder-el-last  flex_column_div av-zero-column-padding  '     ><p>\n<style type=\"text\/css\" data-created_by=\"avia_inline_auto\" id=\"style-css-av-o99yfg-b0435fac0a8b0bc8eeb6d76984676b2d\">\n#top .av-special-heading.av-o99yfg-b0435fac0a8b0bc8eeb6d76984676b2d{\npadding-bottom:10px;\n}\nbody .av-special-heading.av-o99yfg-b0435fac0a8b0bc8eeb6d76984676b2d .av-special-heading-tag .heading-char{\nfont-size:25px;\n}\n.av-special-heading.av-o99yfg-b0435fac0a8b0bc8eeb6d76984676b2d .av-subheading{\nfont-size:15px;\n}\n<\/style>\n<div  class='av-special-heading av-o99yfg-b0435fac0a8b0bc8eeb6d76984676b2d av-special-heading-h3 blockquote modern-quote  avia-builder-el-8  el_before_av_textblock  avia-builder-el-first '><h3 class='av-special-heading-tag '  itemprop=\"headline\"  >Administra\u00e7\u00e3o<\/h3><div class=\"special-heading-border\"><div class=\"special-heading-inner-border\"><\/div><\/div><\/div><br \/>\n<section  class='av_textblock_section av-mbq3jg-c6eb332c8d1ebc24c88e36c8ab61bd95 '   itemscope=\"itemscope\" itemtype=\"https:\/\/schema.org\/CreativeWork\" ><div class='avia_textblock'  itemprop=\"text\" ><\/div><\/section><\/p><\/div>\n\n<\/div><\/div><\/div><!-- close content main div --><\/div><div class='av-extra-border-element border-extra-arrow-down'><div class='av-extra-border-outer'><div class='av-extra-border-inner'><\/div><\/div><\/div><\/div><\/div>\n<style type=\"text\/css\" data-created_by=\"avia_inline_auto\" id=\"style-css-av-k4gvho-4725b0a05d89d0f189d014967fc38b2d\">\n.avia-section.av-k4gvho-4725b0a05d89d0f189d014967fc38b2d .av-extra-border-element .av-extra-border-inner{\nbackground-color:#ffffff;\n}\n<\/style>\n<div id='av_section_3'  class='avia-section av-k4gvho-4725b0a05d89d0f189d014967fc38b2d main_color avia-section-default avia-no-shadow  avia-builder-el-10  el_after_av_section  avia-builder-el-last  avia-bg-style-scroll av-arrow-down-section container_wrap fullsize'  ><div class='container av-section-cont-open' ><div class='template-page content  av-content-full alpha units'><div class='post-entry post-entry-type-page post-entry-9292'><div class='entry-content-wrapper clearfix'>\n<article  class='iconbox iconbox_left av-jofvvw-751d6825764b8830b97a416e5e24bec1  avia-builder-el-11  el_before_av_hr  avia-builder-el-first '  itemscope=\"itemscope\" itemtype=\"https:\/\/schema.org\/CreativeWork\" ><div class=\"iconbox_content\"><header class=\"entry-content-header\" aria-label=\"Icon: Prepara\u00e7\u00e3o da \u00e1rea de trabalho nas cl\u00ednicas da Faculdade de Odontologia\"><div class='iconbox_icon heading-color avia-iconfont avia-font-entypo-fontello' data-av_icon='\ue82b' data-av_iconfont='entypo-fontello'  ><\/div><h3 class='iconbox_content_title '  itemprop=\"headline\" >Prepara\u00e7\u00e3o da \u00e1rea de trabalho nas cl\u00ednicas da Faculdade de Odontologia<\/h3><\/header><div class='iconbox_content_container '  itemprop=\"text\" ><\/div><\/div><footer class=\"entry-footer\"><\/footer><\/article>\n\n<style type=\"text\/css\" data-created_by=\"avia_inline_auto\" id=\"style-css-av-i5nsik-f2f1162079dbc59037bd5d944fc5cea7\">\n#top .hr.av-i5nsik-f2f1162079dbc59037bd5d944fc5cea7{\nmargin-top:0px;\nmargin-bottom:0px;\n}\n.hr.av-i5nsik-f2f1162079dbc59037bd5d944fc5cea7 .hr-inner{\nwidth:100%;\n}\n<\/style>\n<div  class='hr av-i5nsik-f2f1162079dbc59037bd5d944fc5cea7 hr-custom  avia-builder-el-12  el_after_av_icon_box  el_before_av_one_third  hr-center hr-icon-no'><span class='hr-inner inner-border-av-border-thin'><span class=\"hr-inner-style\"><\/span><\/span><\/div>\n\n<style type=\"text\/css\" data-created_by=\"avia_inline_auto\" id=\"style-css-av-1m6w4c-175a2670686773d613ba1a06b435d7b7\">\n.flex_column.av-1m6w4c-175a2670686773d613ba1a06b435d7b7{\nborder-radius:0px 0px 0px 0px;\npadding:0px 0px 0px 0px;\n}\n<\/style>\n<div  class='flex_column av-1m6w4c-175a2670686773d613ba1a06b435d7b7 av_one_third  avia-builder-el-13  el_after_av_hr  el_before_av_one_third  first flex_column_div av-zero-column-padding  '     ><div  class='avia-video av-erquz0-96a765733a4672d36a01dabd9846f4a6 avia-video-16-9 av-no-preview-image avia-video-load-always av-lazyload-immediate av-lazyload-video-embed'  itemprop=\"video\" itemtype=\"https:\/\/schema.org\/VideoObject\"  data-original_url='https:\/\/www.youtube.com\/watch?v=JS3DLnGV7L8'><script type='text\/html' class='av-video-tmpl'><div class='avia-iframe-wrap'><iframe title=\"Preparo da \u00e1rea de trabalho parte 1\" width=\"1500\" height=\"844\" src=\"https:\/\/www.youtube.com\/embed\/JS3DLnGV7L8?feature=oembed&autoplay=0&loop=0&controls=1&mute=0\" frameborder=\"0\" allow=\"accelerometer; autoplay; clipboard-write; encrypted-media; gyroscope; picture-in-picture; web-share\" referrerpolicy=\"strict-origin-when-cross-origin\" allowfullscreen><\/iframe><\/div><\/script><div class='av-click-to-play-overlay'><div class=\"avia_playpause_icon\"><\/div><\/div><\/div><\/div>\n<style type=\"text\/css\" data-created_by=\"avia_inline_auto\" id=\"style-css-av-c5a84s-3e0ff462e3e56c9da2d887846bd1a284\">\n.flex_column.av-c5a84s-3e0ff462e3e56c9da2d887846bd1a284{\nborder-radius:0px 0px 0px 0px;\npadding:0px 0px 0px 0px;\n}\n<\/style>\n<div  class='flex_column av-c5a84s-3e0ff462e3e56c9da2d887846bd1a284 av_one_third  avia-builder-el-15  el_after_av_one_third  el_before_av_one_third  flex_column_div av-zero-column-padding  '     ><div  class='avia-video av-ah4dgc-e5b3f6a8169de97e4cb5cc32cbb364cd avia-video-16-9 av-no-preview-image avia-video-load-always av-lazyload-immediate av-lazyload-video-embed'  itemprop=\"video\" itemtype=\"https:\/\/schema.org\/VideoObject\"  data-original_url='https:\/\/www.youtube.com\/watch?v=ax9QsAKFPBc'><script type='text\/html' class='av-video-tmpl'><a href=\"https:\/\/www.youtube.com\/watch?v=ax9QsAKFPBc\">https:\/\/www.youtube.com\/watch?v=ax9QsAKFPBc<\/a><\/script><div class='av-click-to-play-overlay'><div class=\"avia_playpause_icon\"><\/div><\/div><\/div><\/div>\n<style type=\"text\/css\" data-created_by=\"avia_inline_auto\" id=\"style-css-av-8yoxbw-95e6dfa718c92c6286787243971d1439\">\n.flex_column.av-8yoxbw-95e6dfa718c92c6286787243971d1439{\nborder-radius:0px 0px 0px 0px;\npadding:0px 0px 0px 0px;\n}\n<\/style>\n<div  class='flex_column av-8yoxbw-95e6dfa718c92c6286787243971d1439 av_one_third  avia-builder-el-17  el_after_av_one_third  el_before_av_hr  flex_column_div av-zero-column-padding  '     ><div  class='avia-video av-pez9o-e8d4840652a7665fc9fcbf3493c7cae8 avia-video-16-9 av-no-preview-image avia-video-load-always av-lazyload-immediate av-lazyload-video-embed'  itemprop=\"video\" itemtype=\"https:\/\/schema.org\/VideoObject\"  data-original_url='https:\/\/www.youtube.com\/watch?v=dfKoS2YOIr0'><script type='text\/html' class='av-video-tmpl'><div class='avia-iframe-wrap'><iframe title=\"Preparo da \u00e1rea de trabalho   parte 2\" width=\"1500\" height=\"844\" src=\"https:\/\/www.youtube.com\/embed\/dfKoS2YOIr0?feature=oembed&autoplay=0&loop=0&controls=1&mute=0\" frameborder=\"0\" allow=\"accelerometer; autoplay; clipboard-write; encrypted-media; gyroscope; picture-in-picture; web-share\" referrerpolicy=\"strict-origin-when-cross-origin\" allowfullscreen><\/iframe><\/div><\/script><div class='av-click-to-play-overlay'><div class=\"avia_playpause_icon\"><\/div><\/div><\/div><\/div>\n<style type=\"text\/css\" data-created_by=\"avia_inline_auto\" id=\"style-css-av-5wl0po-1c380a61899d88b0a0d25d5b731596e4\">\n#top .hr.av-5wl0po-1c380a61899d88b0a0d25d5b731596e4{\nmargin-top:0px;\nmargin-bottom:20px;\n}\n.hr.av-5wl0po-1c380a61899d88b0a0d25d5b731596e4 .hr-inner{\nwidth:100%;\n}\n<\/style>\n<div  class='hr av-5wl0po-1c380a61899d88b0a0d25d5b731596e4 hr-custom  avia-builder-el-19  el_after_av_one_third  el_before_av_icon_box  hr-center hr-icon-no'><span class='hr-inner inner-border-av-border-thin'><span class=\"hr-inner-style\"><\/span><\/span><\/div>\n<article  class='iconbox iconbox_left av-3n8zrg-6e5878b70460dcff5061ca5c320cd2da  avia-builder-el-20  el_after_av_hr  el_before_av_textblock '  itemscope=\"itemscope\" itemtype=\"https:\/\/schema.org\/CreativeWork\" ><div class=\"iconbox_content\"><header class=\"entry-content-header\" aria-label=\"Icon: Normas e procedimentos\"><div class='iconbox_icon heading-color avia-iconfont avia-font-entypo-fontello' data-av_icon='\ue83e' data-av_iconfont='entypo-fontello'  ><\/div><h3 class='iconbox_content_title '  itemprop=\"headline\" >Normas e procedimentos<\/h3><\/header><div class='iconbox_content_container '  itemprop=\"text\" ><\/div><\/div><footer class=\"entry-footer\"><\/footer><\/article>\n<section  class='av_textblock_section av-2wtzng-ac52213a8f2af7fcc4239293a755fb3b '   itemscope=\"itemscope\" itemtype=\"https:\/\/schema.org\/CreativeWork\" ><div class='avia_textblock'  itemprop=\"text\" ><p><a href=\"https:\/\/www.odonto.ufmg.br\/novo\/wp-content\/uploads\/sites\/32\/2022\/10\/Manual-Normas-CME-2022-2.pdf\" target=\"_blank\" rel=\"noopener\">MANUAL DE NORMAS E ROTINAS CME<\/a><\/p>\n<p><a href=\"https:\/\/www.odonto.ufmg.br\/novo\/wp-content\/uploads\/sites\/32\/2018\/03\/Normas-Basicas-Clinica-v2.pdf\" target=\"_blank\" rel=\"noopener\">NORMAS B\u00c1SICAS PARA ATENDIMENTO CL\u00cdNICO NA FACULDADE DE ODONTOLOGIA DA UFMG<\/a><\/p>\n<p><a href=\"https:\/\/www.odonto.ufmg.br\/novo\/wp-content\/uploads\/sites\/32\/2018\/03\/Manual-de Residuos-versao-2018.pdf\" target=\"_blank\" rel=\"noopener\" data-wplink-url-error=\"true\">GUIA DE ORIENTA\u00c7\u00d5ES PARA O DESCARTE DE RES\u00cdDUOS DE SERVI\u00c7OS ODONTOL\u00d3GICOS<\/a><\/p>\n<p><a href=\"https:\/\/www.odonto.ufmg.br\/novo\/wp-content\/uploads\/sites\/32\/2019\/09\/FLUXO-ACIDENTE-COM-MATERIAL-BIOLOGICO.pdf\" target=\"_blank\" rel=\"noopener\">CARTAZ CONDUTA P\u00d3S ACIDENTE COM MATERIAL BIOL\u00d3GICO<\/a><\/p>\n<p><a href=\"https:\/\/www.odonto.ufmg.br\/novo\/wp-content\/uploads\/sites\/32\/2021\/04\/PROTOCOLO-LIMPEZA-E-DESINFECCAO_COVID_CENEX.pdf\">PROTOCOLO LIMPEZA E DESINFEC\u00c7\u00c3O_COVID_CENEX<\/a><\/p>\n<p><a href=\"https:\/\/www.odonto.ufmg.br\/novo\/wp-content\/uploads\/sites\/32\/2021\/04\/LIMPEZA-E-DESINFECCAO-DE-MOLDES-MODELOS-E-PROTESES.pdf\">LIMPEZA E DESINFEC\u00c7\u00c3O DE MOLDES, MODELOS E PR\u00d3TESES<\/a><\/p>\n<p><a href=\"https:\/\/www.odonto.ufmg.br\/novo\/wp-content\/uploads\/sites\/32\/2021\/04\/Rotina-de-atendimento-nas-clinicas.pdf\">Rotina de atendimento nas cl\u00ednicas<\/a><\/p>\n<p><a href=\"https:\/\/www.odonto.ufmg.br\/novo\/wp-content\/uploads\/sites\/32\/2021\/04\/protocolo_residuos_covid_biosseguranca_2020.pdf\">protocolo_residuos_covid_biosseguranca_2020<\/a><\/p>\n<p><a href=\"https:\/\/www.odonto.ufmg.br\/novo\/wp-content\/uploads\/sites\/32\/2021\/04\/PROTOCOLO_EPIs.pdf\">PROTOCOLO_EPIs<\/a><\/p>\n<p><a href=\"https:\/\/www.odonto.ufmg.br\/novo\/wp-content\/uploads\/sites\/32\/2021\/04\/PROTOCOLO-BIOSSEGURANCA-CME_COVID_CENEX.pdf\">PROTOCOLO BIOSSEGURANCA CME_COVID_CENEX<\/a><\/p>\n<p><a href=\"https:\/\/www.odonto.ufmg.br\/novo\/wp-content\/uploads\/sites\/32\/2021\/04\/LIMPEZA-E-PREPARO-DA-CANETA-DE-ALTA-ROTACAO.pdf\">LIMPEZA E PREPARO DA CANETA DE ALTA ROTA\u00c7\u00c3O<\/a><\/p>\n<p><a href=\"https:\/\/www.odonto.ufmg.br\/novo\/wp-content\/uploads\/sites\/32\/2025\/02\/Normas-Basicas-Clinicas.pdf\">Normas Ba\u0301sicas Cli\u0301nicas<\/a><\/p>\n<\/div><\/section>\n\n","protected":false},"excerpt":{"rendered":"","protected":false},"author":5,"featured_media":0,"parent":0,"menu_order":0,"comment_status":"closed","ping_status":"closed","template":"","meta":{"inline_featured_image":false,"footnotes":""},"class_list":["post-9292","page","type-page","status-publish","hentry"],"yoast_head":"<!-- This site is optimized with the Yoast SEO plugin v27.6 - https:\/\/yoast.com\/product\/yoast-seo-wordpress\/ -->\n<title>Comiss\u00e3o de biosseguran\u00e7a - Novo Site<\/title>\n<meta name=\"robots\" content=\"index, follow, max-snippet:-1, max-image-preview:large, max-video-preview:-1\" \/>\n<link rel=\"canonical\" href=\"https:\/\/www.odonto.ufmg.br\/novo\/cobio\/\" \/>\n<meta property=\"og:locale\" content=\"pt_BR\" \/>\n<meta property=\"og:type\" content=\"article\" \/>\n<meta property=\"og:title\" content=\"Comiss\u00e3o de biosseguran\u00e7a - Novo Site\" \/>\n<meta property=\"og:url\" content=\"https:\/\/www.odonto.ufmg.br\/novo\/cobio\/\" \/>\n<meta property=\"og:site_name\" content=\"Novo Site\" \/>\n<meta property=\"article:publisher\" content=\"https:\/\/www.facebook.com\/faoufmg\/\" \/>\n<meta property=\"article:modified_time\" content=\"2025-02-26T16:04:01+00:00\" \/>\n<meta name=\"twitter:card\" content=\"summary_large_image\" \/>\n<meta name=\"twitter:label1\" content=\"Est. tempo de leitura\" \/>\n\t<meta name=\"twitter:data1\" content=\"2 minutos\" \/>\n<script type=\"application\/ld+json\" class=\"yoast-schema-graph\">{\"@context\":\"https:\\\/\\\/schema.org\",\"@graph\":[{\"@type\":\"WebPage\",\"@id\":\"https:\\\/\\\/www.odonto.ufmg.br\\\/novo\\\/cobio\\\/\",\"url\":\"https:\\\/\\\/www.odonto.ufmg.br\\\/novo\\\/cobio\\\/\",\"name\":\"Comiss\u00e3o de biosseguran\u00e7a - Novo Site\",\"isPartOf\":{\"@id\":\"https:\\\/\\\/www.odonto.ufmg.br\\\/novo\\\/#website\"},\"datePublished\":\"2018-03-16T19:12:04+00:00\",\"dateModified\":\"2025-02-26T16:04:01+00:00\",\"breadcrumb\":{\"@id\":\"https:\\\/\\\/www.odonto.ufmg.br\\\/novo\\\/cobio\\\/#breadcrumb\"},\"inLanguage\":\"pt-BR\",\"potentialAction\":[{\"@type\":\"ReadAction\",\"target\":[\"https:\\\/\\\/www.odonto.ufmg.br\\\/novo\\\/cobio\\\/\"]}]},{\"@type\":\"BreadcrumbList\",\"@id\":\"https:\\\/\\\/www.odonto.ufmg.br\\\/novo\\\/cobio\\\/#breadcrumb\",\"itemListElement\":[{\"@type\":\"ListItem\",\"position\":1,\"name\":\"In\u00edcio\",\"item\":\"https:\\\/\\\/www.odonto.ufmg.br\\\/novo\\\/inicio-2\\\/\"},{\"@type\":\"ListItem\",\"position\":2,\"name\":\"Comiss\u00e3o de biosseguran\u00e7a\"}]},{\"@type\":\"WebSite\",\"@id\":\"https:\\\/\\\/www.odonto.ufmg.br\\\/novo\\\/#website\",\"url\":\"https:\\\/\\\/www.odonto.ufmg.br\\\/novo\\\/\",\"name\":\"Novo Site\",\"description\":\"Portal da Faculdade de Odontologia da Universidade Federal de Minas Gerais\",\"publisher\":{\"@id\":\"https:\\\/\\\/www.odonto.ufmg.br\\\/novo\\\/#organization\"},\"potentialAction\":[{\"@type\":\"SearchAction\",\"target\":{\"@type\":\"EntryPoint\",\"urlTemplate\":\"https:\\\/\\\/www.odonto.ufmg.br\\\/novo\\\/?s={search_term_string}\"},\"query-input\":{\"@type\":\"PropertyValueSpecification\",\"valueRequired\":true,\"valueName\":\"search_term_string\"}}],\"inLanguage\":\"pt-BR\"},{\"@type\":\"Organization\",\"@id\":\"https:\\\/\\\/www.odonto.ufmg.br\\\/novo\\\/#organization\",\"name\":\"Faculdade de Odontologia da UFMG\",\"url\":\"https:\\\/\\\/www.odonto.ufmg.br\\\/novo\\\/\",\"logo\":{\"@type\":\"ImageObject\",\"inLanguage\":\"pt-BR\",\"@id\":\"https:\\\/\\\/www.odonto.ufmg.br\\\/novo\\\/#\\\/schema\\\/logo\\\/image\\\/\",\"url\":\"https:\\\/\\\/www.odonto.ufmg.br\\\/novo\\\/wp-content\\\/uploads\\\/sites\\\/32\\\/2015\\\/12\\\/logo-fao-ufmg.png\",\"contentUrl\":\"https:\\\/\\\/www.odonto.ufmg.br\\\/novo\\\/wp-content\\\/uploads\\\/sites\\\/32\\\/2015\\\/12\\\/logo-fao-ufmg.png\",\"width\":340,\"height\":156,\"caption\":\"Faculdade de Odontologia da UFMG\"},\"image\":{\"@id\":\"https:\\\/\\\/www.odonto.ufmg.br\\\/novo\\\/#\\\/schema\\\/logo\\\/image\\\/\"},\"sameAs\":[\"https:\\\/\\\/www.facebook.com\\\/faoufmg\\\/\"]}]}<\/script>\n<!-- \/ Yoast SEO plugin. -->","yoast_head_json":{"title":"Comiss\u00e3o de biosseguran\u00e7a - Novo Site","robots":{"index":"index","follow":"follow","max-snippet":"max-snippet:-1","max-image-preview":"max-image-preview:large","max-video-preview":"max-video-preview:-1"},"canonical":"https:\/\/www.odonto.ufmg.br\/novo\/cobio\/","og_locale":"pt_BR","og_type":"article","og_title":"Comiss\u00e3o de biosseguran\u00e7a - Novo Site","og_url":"https:\/\/www.odonto.ufmg.br\/novo\/cobio\/","og_site_name":"Novo Site","article_publisher":"https:\/\/www.facebook.com\/faoufmg\/","article_modified_time":"2025-02-26T16:04:01+00:00","twitter_card":"summary_large_image","twitter_misc":{"Est. tempo de leitura":"2 minutos"},"schema":{"@context":"https:\/\/schema.org","@graph":[{"@type":"WebPage","@id":"https:\/\/www.odonto.ufmg.br\/novo\/cobio\/","url":"https:\/\/www.odonto.ufmg.br\/novo\/cobio\/","name":"Comiss\u00e3o de biosseguran\u00e7a - Novo Site","isPartOf":{"@id":"https:\/\/www.odonto.ufmg.br\/novo\/#website"},"datePublished":"2018-03-16T19:12:04+00:00","dateModified":"2025-02-26T16:04:01+00:00","breadcrumb":{"@id":"https:\/\/www.odonto.ufmg.br\/novo\/cobio\/#breadcrumb"},"inLanguage":"pt-BR","potentialAction":[{"@type":"ReadAction","target":["https:\/\/www.odonto.ufmg.br\/novo\/cobio\/"]}]},{"@type":"BreadcrumbList","@id":"https:\/\/www.odonto.ufmg.br\/novo\/cobio\/#breadcrumb","itemListElement":[{"@type":"ListItem","position":1,"name":"In\u00edcio","item":"https:\/\/www.odonto.ufmg.br\/novo\/inicio-2\/"},{"@type":"ListItem","position":2,"name":"Comiss\u00e3o de biosseguran\u00e7a"}]},{"@type":"WebSite","@id":"https:\/\/www.odonto.ufmg.br\/novo\/#website","url":"https:\/\/www.odonto.ufmg.br\/novo\/","name":"Novo Site","description":"Portal da Faculdade de Odontologia da Universidade Federal de Minas Gerais","publisher":{"@id":"https:\/\/www.odonto.ufmg.br\/novo\/#organization"},"potentialAction":[{"@type":"SearchAction","target":{"@type":"EntryPoint","urlTemplate":"https:\/\/www.odonto.ufmg.br\/novo\/?s={search_term_string}"},"query-input":{"@type":"PropertyValueSpecification","valueRequired":true,"valueName":"search_term_string"}}],"inLanguage":"pt-BR"},{"@type":"Organization","@id":"https:\/\/www.odonto.ufmg.br\/novo\/#organization","name":"Faculdade de Odontologia da UFMG","url":"https:\/\/www.odonto.ufmg.br\/novo\/","logo":{"@type":"ImageObject","inLanguage":"pt-BR","@id":"https:\/\/www.odonto.ufmg.br\/novo\/#\/schema\/logo\/image\/","url":"https:\/\/www.odonto.ufmg.br\/novo\/wp-content\/uploads\/sites\/32\/2015\/12\/logo-fao-ufmg.png","contentUrl":"https:\/\/www.odonto.ufmg.br\/novo\/wp-content\/uploads\/sites\/32\/2015\/12\/logo-fao-ufmg.png","width":340,"height":156,"caption":"Faculdade de Odontologia da UFMG"},"image":{"@id":"https:\/\/www.odonto.ufmg.br\/novo\/#\/schema\/logo\/image\/"},"sameAs":["https:\/\/www.facebook.com\/faoufmg\/"]}]}},"_links":{"self":[{"href":"https:\/\/www.odonto.ufmg.br\/novo\/wp-json\/wp\/v2\/pages\/9292","targetHints":{"allow":["GET"]}}],"collection":[{"href":"https:\/\/www.odonto.ufmg.br\/novo\/wp-json\/wp\/v2\/pages"}],"about":[{"href":"https:\/\/www.odonto.ufmg.br\/novo\/wp-json\/wp\/v2\/types\/page"}],"author":[{"embeddable":true,"href":"https:\/\/www.odonto.ufmg.br\/novo\/wp-json\/wp\/v2\/users\/5"}],"replies":[{"embeddable":true,"href":"https:\/\/www.odonto.ufmg.br\/novo\/wp-json\/wp\/v2\/comments?post=9292"}],"version-history":[{"count":41,"href":"https:\/\/www.odonto.ufmg.br\/novo\/wp-json\/wp\/v2\/pages\/9292\/revisions"}],"predecessor-version":[{"id":17411,"href":"https:\/\/www.odonto.ufmg.br\/novo\/wp-json\/wp\/v2\/pages\/9292\/revisions\/17411"}],"wp:attachment":[{"href":"https:\/\/www.odonto.ufmg.br\/novo\/wp-json\/wp\/v2\/media?parent=9292"}],"curies":[{"name":"wp","href":"https:\/\/api.w.org\/{rel}","templated":true}]}}