{"id":6274,"date":"2016-04-06T13:32:01","date_gmt":"2016-04-06T16:32:01","guid":{"rendered":"https:\/\/www.odonto.ufmg.br\/novo\/?page_id=6274"},"modified":"2019-05-14T14:21:33","modified_gmt":"2019-05-14T17:21:33","slug":"atas","status":"publish","type":"page","link":"https:\/\/www.odonto.ufmg.br\/novo\/institucional\/documentos\/atas\/","title":{"rendered":"Atas Congrega\u00e7\u00e3o"},"content":{"rendered":"<div  data-slideshow-options=\"{&quot;animation&quot;:&quot;fade&quot;,&quot;autoplay&quot;:false,&quot;loop_autoplay&quot;:&quot;once&quot;,&quot;interval&quot;:5,&quot;loop_manual&quot;:&quot;manual-endless&quot;,&quot;autoplay_stopper&quot;:false,&quot;noNavigation&quot;:false,&quot;show_slide_delay&quot;:90}\" class='avia-content-slider avia-content-grid-active avia-content-slider1 avia-content-slider-odd  avia-builder-el-0  avia-builder-el-no-sibling  av-slideshow-ui av-control-default   av-no-slider-navigation av-slideshow-manual av-loop-once av-loop-manual-endless '  itemscope=\"itemscope\" itemtype=\"https:\/\/schema.org\/Blog\" ><div class=\"avia-content-slider-inner\"><div class=\"slide-entry-wrap\"><article class='slide-entry flex_column  post-entry post-entry-17816 slide-entry-overview slide-loop-1 slide-parity-odd  av_one_third first real-thumbnail posttype-post post-format-standard'  itemscope=\"itemscope\" itemtype=\"https:\/\/schema.org\/CreativeWork\" ><a href='https:\/\/www.odonto.ufmg.br\/novo\/atas\/ata-da-congregacao-09-06-2025\/' data-rel='slide-1' class='slide-image' title='Ata da Congrega\u00e7\u00e3o : 09-06-2025'><img decoding=\"async\" fetchpriority=\"high\" width=\"400\" height=\"400\" src=\"https:\/\/www.odonto.ufmg.br\/novo\/wp-content\/uploads\/sites\/32\/2025\/03\/Post-do-Instagram-Divulgacao-Curso-Tecnologia-Simples-Azul-Convite-quadrado.svg\" class=\"wp-image-17523 avia-img-lazy-loading-not-17523 attachment-portfolio size-portfolio wp-post-image\" alt=\"\" \/><\/a><div class=\"slide-content\"><header class=\"entry-content-header\" aria-label=\"Slide: Ata da Congrega\u00e7\u00e3o : 09-06-2025\"><h3 class='slide-entry-title entry-title '  itemprop=\"headline\" ><a href='https:\/\/www.odonto.ufmg.br\/novo\/atas\/ata-da-congregacao-09-06-2025\/' title='Ata da Congrega\u00e7\u00e3o : 09-06-2025'>Ata da Congrega\u00e7\u00e3o : 09-06-2025<\/a><\/h3><span class=\"av-vertical-delimiter\"><\/span><\/header><div class=\"slide-meta\"><time class='slide-meta-time updated'  itemprop=\"datePublished\" datetime=\"2025-07-11T10:50:57-03:00\" >11\/07\/2025<\/time><\/div><div class='slide-entry-excerpt entry-content'  itemprop=\"text\" >Divulgada a ata da Congrega\u00e7\u00e3o, referente a reuni\u00e3o Ordin\u00e1ria\u2026<\/div><\/div><footer class=\"entry-footer\"><\/footer><span class='hidden'>\n\t\t\t\t<span class='av-structured-data'  itemprop=\"image\" itemscope=\"itemscope\" itemtype=\"https:\/\/schema.org\/ImageObject\" >\n\t\t\t\t\t\t<span itemprop='url'>https:\/\/www.odonto.ufmg.br\/novo\/wp-content\/uploads\/sites\/32\/2025\/03\/Post-do-Instagram-Divulgacao-Curso-Tecnologia-Simples-Azul-Convite-quadrado.svg<\/span>\n\t\t\t\t\t\t<span itemprop='height'>529<\/span>\n\t\t\t\t\t\t<span itemprop='width'>529<\/span>\n\t\t\t\t<\/span>\n\t\t\t\t<span class='av-structured-data'  itemprop=\"publisher\" itemtype=\"https:\/\/schema.org\/Organization\" itemscope=\"itemscope\" >\n\t\t\t\t\t\t<span itemprop='name'>cristiano<\/span>\n\t\t\t\t\t\t<span itemprop='logo' itemscope itemtype='https:\/\/schema.org\/ImageObject'>\n\t\t\t\t\t\t\t<span itemprop='url'>https:\/\/www.odonto.ufmg.br\/novo\/wp-content\/uploads\/sites\/32\/2015\/12\/logo-fao-ufmg.svg<\/span>\n\t\t\t\t\t\t<\/span>\n\t\t\t\t<\/span><span class='av-structured-data'  itemprop=\"author\" itemscope=\"itemscope\" itemtype=\"https:\/\/schema.org\/Person\" ><span itemprop='name'>cristiano<\/span><\/span><span class='av-structured-data'  itemprop=\"datePublished\" datetime=\"2016-04-06T13:32:01-03:00\" >2025-07-11 10:50:57<\/span><span class='av-structured-data'  itemprop=\"dateModified\" itemtype=\"https:\/\/schema.org\/dateModified\" >2025-07-11 10:50:57<\/span><span class='av-structured-data'  itemprop=\"mainEntityOfPage\" itemtype=\"https:\/\/schema.org\/mainEntityOfPage\" ><span itemprop='name'>Ata da Congrega\u00e7\u00e3o : 09-06-2025<\/span><\/span><\/span><\/article><article class='slide-entry flex_column  post-entry post-entry-17757 slide-entry-overview slide-loop-2 slide-parity-even  av_one_third  real-thumbnail posttype-post post-format-standard'  itemscope=\"itemscope\" itemtype=\"https:\/\/schema.org\/CreativeWork\" ><a href='https:\/\/www.odonto.ufmg.br\/novo\/atas\/ata-da-congregacao-12-12-2024-3\/' data-rel='slide-1' class='slide-image' title='Ata da Congrega\u00e7\u00e3o : 15-05-2025'><img decoding=\"async\" fetchpriority=\"high\" width=\"400\" height=\"400\" src=\"https:\/\/www.odonto.ufmg.br\/novo\/wp-content\/uploads\/sites\/32\/2025\/03\/Post-do-Instagram-Divulgacao-Curso-Tecnologia-Simples-Azul-Convite-quadrado.svg\" class=\"wp-image-17523 avia-img-lazy-loading-not-17523 attachment-portfolio size-portfolio wp-post-image\" alt=\"\" \/><\/a><div class=\"slide-content\"><header class=\"entry-content-header\" aria-label=\"Slide: Ata da Congrega\u00e7\u00e3o : 15-05-2025\"><h3 class='slide-entry-title entry-title '  itemprop=\"headline\" ><a href='https:\/\/www.odonto.ufmg.br\/novo\/atas\/ata-da-congregacao-12-12-2024-3\/' title='Ata da Congrega\u00e7\u00e3o : 15-05-2025'>Ata da Congrega\u00e7\u00e3o : 15-05-2025<\/a><\/h3><span class=\"av-vertical-delimiter\"><\/span><\/header><\/div><footer class=\"entry-footer\"><\/footer><span class='hidden'>\n\t\t\t\t<span class='av-structured-data'  itemprop=\"image\" itemscope=\"itemscope\" itemtype=\"https:\/\/schema.org\/ImageObject\" >\n\t\t\t\t\t\t<span itemprop='url'>https:\/\/www.odonto.ufmg.br\/novo\/wp-content\/uploads\/sites\/32\/2025\/03\/Post-do-Instagram-Divulgacao-Curso-Tecnologia-Simples-Azul-Convite-quadrado.svg<\/span>\n\t\t\t\t\t\t<span itemprop='height'>529<\/span>\n\t\t\t\t\t\t<span itemprop='width'>529<\/span>\n\t\t\t\t<\/span>\n\t\t\t\t<span class='av-structured-data'  itemprop=\"publisher\" itemtype=\"https:\/\/schema.org\/Organization\" itemscope=\"itemscope\" >\n\t\t\t\t\t\t<span itemprop='name'>gabrielvitor<\/span>\n\t\t\t\t\t\t<span itemprop='logo' itemscope itemtype='https:\/\/schema.org\/ImageObject'>\n\t\t\t\t\t\t\t<span itemprop='url'>https:\/\/www.odonto.ufmg.br\/novo\/wp-content\/uploads\/sites\/32\/2015\/12\/logo-fao-ufmg.svg<\/span>\n\t\t\t\t\t\t<\/span>\n\t\t\t\t<\/span><span class='av-structured-data'  itemprop=\"author\" itemscope=\"itemscope\" itemtype=\"https:\/\/schema.org\/Person\" ><span itemprop='name'>gabrielvitor<\/span><\/span><span class='av-structured-data'  itemprop=\"datePublished\" datetime=\"2016-04-06T13:32:01-03:00\" >2025-06-11 08:30:03<\/span><span class='av-structured-data'  itemprop=\"dateModified\" itemtype=\"https:\/\/schema.org\/dateModified\" >2025-06-11 08:30:03<\/span><span class='av-structured-data'  itemprop=\"mainEntityOfPage\" itemtype=\"https:\/\/schema.org\/mainEntityOfPage\" ><span itemprop='name'>Ata da Congrega\u00e7\u00e3o : 15-05-2025<\/span><\/span><\/span><\/article><article class='slide-entry flex_column  post-entry post-entry-17600 slide-entry-overview slide-loop-3 slide-parity-odd  post-entry-last  av_one_third  real-thumbnail posttype-post post-format-standard'  itemscope=\"itemscope\" itemtype=\"https:\/\/schema.org\/CreativeWork\" ><a href='https:\/\/www.odonto.ufmg.br\/novo\/atas\/ata-da-congregacao-12-12-2024-2\/' data-rel='slide-1' class='slide-image' title='Ata da Congrega\u00e7\u00e3o : 11-03-2025'><img decoding=\"async\" fetchpriority=\"high\" width=\"400\" height=\"400\" src=\"https:\/\/www.odonto.ufmg.br\/novo\/wp-content\/uploads\/sites\/32\/2025\/03\/Post-do-Instagram-Divulgacao-Curso-Tecnologia-Simples-Azul-Convite-quadrado.svg\" class=\"wp-image-17523 avia-img-lazy-loading-not-17523 attachment-portfolio size-portfolio wp-post-image\" alt=\"\" \/><\/a><div class=\"slide-content\"><header class=\"entry-content-header\" aria-label=\"Slide: Ata da Congrega\u00e7\u00e3o : 11-03-2025\"><h3 class='slide-entry-title entry-title '  itemprop=\"headline\" ><a href='https:\/\/www.odonto.ufmg.br\/novo\/atas\/ata-da-congregacao-12-12-2024-2\/' title='Ata da Congrega\u00e7\u00e3o : 11-03-2025'>Ata da Congrega\u00e7\u00e3o : 11-03-2025<\/a><\/h3><span class=\"av-vertical-delimiter\"><\/span><\/header><div class=\"slide-meta\"><time class='slide-meta-time updated'  itemprop=\"datePublished\" datetime=\"2025-04-22T11:50:50-03:00\" >22\/04\/2025<\/time><\/div><div class='slide-entry-excerpt entry-content'  itemprop=\"text\" >\n\n<\/div><\/div><footer class=\"entry-footer\"><\/footer><span class='hidden'>\n\t\t\t\t<span class='av-structured-data'  itemprop=\"image\" itemscope=\"itemscope\" itemtype=\"https:\/\/schema.org\/ImageObject\" >\n\t\t\t\t\t\t<span itemprop='url'>https:\/\/www.odonto.ufmg.br\/novo\/wp-content\/uploads\/sites\/32\/2025\/03\/Post-do-Instagram-Divulgacao-Curso-Tecnologia-Simples-Azul-Convite-quadrado.svg<\/span>\n\t\t\t\t\t\t<span itemprop='height'>529<\/span>\n\t\t\t\t\t\t<span itemprop='width'>529<\/span>\n\t\t\t\t<\/span>\n\t\t\t\t<span class='av-structured-data'  itemprop=\"publisher\" itemtype=\"https:\/\/schema.org\/Organization\" itemscope=\"itemscope\" >\n\t\t\t\t\t\t<span itemprop='name'>gabrielvitor<\/span>\n\t\t\t\t\t\t<span itemprop='logo' itemscope itemtype='https:\/\/schema.org\/ImageObject'>\n\t\t\t\t\t\t\t<span itemprop='url'>https:\/\/www.odonto.ufmg.br\/novo\/wp-content\/uploads\/sites\/32\/2015\/12\/logo-fao-ufmg.svg<\/span>\n\t\t\t\t\t\t<\/span>\n\t\t\t\t<\/span><span class='av-structured-data'  itemprop=\"author\" itemscope=\"itemscope\" itemtype=\"https:\/\/schema.org\/Person\" ><span itemprop='name'>gabrielvitor<\/span><\/span><span class='av-structured-data'  itemprop=\"datePublished\" datetime=\"2016-04-06T13:32:01-03:00\" >2025-04-22 11:50:50<\/span><span class='av-structured-data'  itemprop=\"dateModified\" itemtype=\"https:\/\/schema.org\/dateModified\" >2025-04-22 11:50:50<\/span><span class='av-structured-data'  itemprop=\"mainEntityOfPage\" itemtype=\"https:\/\/schema.org\/mainEntityOfPage\" ><span itemprop='name'>Ata da Congrega\u00e7\u00e3o : 11-03-2025<\/span><\/span><\/span><\/article><\/div><\/div><div class='pagination-wrap pagination-slider'><nav class='pagination'><span class='pagination-meta'>P\u00e1gina 1 de 48<\/span><span class='current'>1<\/span><a href='https:\/\/www.odonto.ufmg.br\/novo\/wp-json\/wp\/v2\/pages\/6274\/?avia-element-paging=2' class='inactive next_page' >2<\/a><a href='https:\/\/www.odonto.ufmg.br\/novo\/wp-json\/wp\/v2\/pages\/6274\/?avia-element-paging=3' class='inactive' >3<\/a><a href='https:\/\/www.odonto.ufmg.br\/novo\/wp-json\/wp\/v2\/pages\/6274\/?avia-element-paging=2'>&rsaquo;<\/a><a href='https:\/\/www.odonto.ufmg.br\/novo\/wp-json\/wp\/v2\/pages\/6274\/?avia-element-paging=48'>&raquo;<\/a><\/nav>\n<\/div><\/div>\n","protected":false},"excerpt":{"rendered":"","protected":false},"author":7,"featured_media":0,"parent":5639,"menu_order":0,"comment_status":"closed","ping_status":"closed","template":"","meta":{"inline_featured_image":false,"footnotes":""},"class_list":["post-6274","page","type-page","status-publish","hentry"],"yoast_head":"<!-- This site is optimized with the Yoast SEO plugin v27.3 - https:\/\/yoast.com\/product\/yoast-seo-wordpress\/ -->\n<title>Atas Congrega\u00e7\u00e3o - Novo Site<\/title>\n<meta name=\"robots\" content=\"index, follow, max-snippet:-1, max-image-preview:large, max-video-preview:-1\" \/>\n<link rel=\"canonical\" href=\"https:\/\/www.odonto.ufmg.br\/novo\/institucional\/documentos\/atas\/\" \/>\n<meta property=\"og:locale\" content=\"pt_BR\" \/>\n<meta property=\"og:type\" content=\"article\" \/>\n<meta property=\"og:title\" content=\"Atas Congrega\u00e7\u00e3o - Novo Site\" \/>\n<meta property=\"og:url\" content=\"https:\/\/www.odonto.ufmg.br\/novo\/institucional\/documentos\/atas\/\" \/>\n<meta property=\"og:site_name\" content=\"Novo Site\" \/>\n<meta property=\"article:publisher\" content=\"https:\/\/www.facebook.com\/faoufmg\/\" \/>\n<meta property=\"article:modified_time\" content=\"2019-05-14T17:21:33+00:00\" \/>\n<meta name=\"twitter:card\" content=\"summary_large_image\" \/>\n<script type=\"application\/ld+json\" class=\"yoast-schema-graph\">{\"@context\":\"https:\\\/\\\/schema.org\",\"@graph\":[{\"@type\":\"WebPage\",\"@id\":\"https:\\\/\\\/www.odonto.ufmg.br\\\/novo\\\/institucional\\\/documentos\\\/atas\\\/\",\"url\":\"https:\\\/\\\/www.odonto.ufmg.br\\\/novo\\\/institucional\\\/documentos\\\/atas\\\/\",\"name\":\"Atas Congrega\u00e7\u00e3o - Novo Site\",\"isPartOf\":{\"@id\":\"https:\\\/\\\/www.odonto.ufmg.br\\\/novo\\\/#website\"},\"datePublished\":\"2016-04-06T16:32:01+00:00\",\"dateModified\":\"2019-05-14T17:21:33+00:00\",\"breadcrumb\":{\"@id\":\"https:\\\/\\\/www.odonto.ufmg.br\\\/novo\\\/institucional\\\/documentos\\\/atas\\\/#breadcrumb\"},\"inLanguage\":\"pt-BR\",\"potentialAction\":[{\"@type\":\"ReadAction\",\"target\":[\"https:\\\/\\\/www.odonto.ufmg.br\\\/novo\\\/institucional\\\/documentos\\\/atas\\\/\"]}]},{\"@type\":\"BreadcrumbList\",\"@id\":\"https:\\\/\\\/www.odonto.ufmg.br\\\/novo\\\/institucional\\\/documentos\\\/atas\\\/#breadcrumb\",\"itemListElement\":[{\"@type\":\"ListItem\",\"position\":1,\"name\":\"In\u00edcio\",\"item\":\"https:\\\/\\\/www.odonto.ufmg.br\\\/novo\\\/inicio-2\\\/\"},{\"@type\":\"ListItem\",\"position\":2,\"name\":\"Institucional\",\"item\":\"https:\\\/\\\/www.odonto.ufmg.br\\\/novo\\\/institucional\\\/\"},{\"@type\":\"ListItem\",\"position\":3,\"name\":\"Documentos\",\"item\":\"https:\\\/\\\/www.odonto.ufmg.br\\\/novo\\\/institucional\\\/documentos\\\/\"},{\"@type\":\"ListItem\",\"position\":4,\"name\":\"Atas Congrega\u00e7\u00e3o\"}]},{\"@type\":\"WebSite\",\"@id\":\"https:\\\/\\\/www.odonto.ufmg.br\\\/novo\\\/#website\",\"url\":\"https:\\\/\\\/www.odonto.ufmg.br\\\/novo\\\/\",\"name\":\"Novo Site\",\"description\":\"Portal da Faculdade de Odontologia da Universidade Federal de Minas Gerais\",\"publisher\":{\"@id\":\"https:\\\/\\\/www.odonto.ufmg.br\\\/novo\\\/#organization\"},\"potentialAction\":[{\"@type\":\"SearchAction\",\"target\":{\"@type\":\"EntryPoint\",\"urlTemplate\":\"https:\\\/\\\/www.odonto.ufmg.br\\\/novo\\\/?s={search_term_string}\"},\"query-input\":{\"@type\":\"PropertyValueSpecification\",\"valueRequired\":true,\"valueName\":\"search_term_string\"}}],\"inLanguage\":\"pt-BR\"},{\"@type\":\"Organization\",\"@id\":\"https:\\\/\\\/www.odonto.ufmg.br\\\/novo\\\/#organization\",\"name\":\"Faculdade de Odontologia da UFMG\",\"url\":\"https:\\\/\\\/www.odonto.ufmg.br\\\/novo\\\/\",\"logo\":{\"@type\":\"ImageObject\",\"inLanguage\":\"pt-BR\",\"@id\":\"https:\\\/\\\/www.odonto.ufmg.br\\\/novo\\\/#\\\/schema\\\/logo\\\/image\\\/\",\"url\":\"https:\\\/\\\/www.odonto.ufmg.br\\\/novo\\\/wp-content\\\/uploads\\\/sites\\\/32\\\/2015\\\/12\\\/logo-fao-ufmg.png\",\"contentUrl\":\"https:\\\/\\\/www.odonto.ufmg.br\\\/novo\\\/wp-content\\\/uploads\\\/sites\\\/32\\\/2015\\\/12\\\/logo-fao-ufmg.png\",\"width\":340,\"height\":156,\"caption\":\"Faculdade de Odontologia da UFMG\"},\"image\":{\"@id\":\"https:\\\/\\\/www.odonto.ufmg.br\\\/novo\\\/#\\\/schema\\\/logo\\\/image\\\/\"},\"sameAs\":[\"https:\\\/\\\/www.facebook.com\\\/faoufmg\\\/\"]}]}<\/script>\n<!-- \/ Yoast SEO plugin. -->","yoast_head_json":{"title":"Atas Congrega\u00e7\u00e3o - Novo Site","robots":{"index":"index","follow":"follow","max-snippet":"max-snippet:-1","max-image-preview":"max-image-preview:large","max-video-preview":"max-video-preview:-1"},"canonical":"https:\/\/www.odonto.ufmg.br\/novo\/institucional\/documentos\/atas\/","og_locale":"pt_BR","og_type":"article","og_title":"Atas Congrega\u00e7\u00e3o - Novo Site","og_url":"https:\/\/www.odonto.ufmg.br\/novo\/institucional\/documentos\/atas\/","og_site_name":"Novo Site","article_publisher":"https:\/\/www.facebook.com\/faoufmg\/","article_modified_time":"2019-05-14T17:21:33+00:00","twitter_card":"summary_large_image","schema":{"@context":"https:\/\/schema.org","@graph":[{"@type":"WebPage","@id":"https:\/\/www.odonto.ufmg.br\/novo\/institucional\/documentos\/atas\/","url":"https:\/\/www.odonto.ufmg.br\/novo\/institucional\/documentos\/atas\/","name":"Atas Congrega\u00e7\u00e3o - Novo Site","isPartOf":{"@id":"https:\/\/www.odonto.ufmg.br\/novo\/#website"},"datePublished":"2016-04-06T16:32:01+00:00","dateModified":"2019-05-14T17:21:33+00:00","breadcrumb":{"@id":"https:\/\/www.odonto.ufmg.br\/novo\/institucional\/documentos\/atas\/#breadcrumb"},"inLanguage":"pt-BR","potentialAction":[{"@type":"ReadAction","target":["https:\/\/www.odonto.ufmg.br\/novo\/institucional\/documentos\/atas\/"]}]},{"@type":"BreadcrumbList","@id":"https:\/\/www.odonto.ufmg.br\/novo\/institucional\/documentos\/atas\/#breadcrumb","itemListElement":[{"@type":"ListItem","position":1,"name":"In\u00edcio","item":"https:\/\/www.odonto.ufmg.br\/novo\/inicio-2\/"},{"@type":"ListItem","position":2,"name":"Institucional","item":"https:\/\/www.odonto.ufmg.br\/novo\/institucional\/"},{"@type":"ListItem","position":3,"name":"Documentos","item":"https:\/\/www.odonto.ufmg.br\/novo\/institucional\/documentos\/"},{"@type":"ListItem","position":4,"name":"Atas Congrega\u00e7\u00e3o"}]},{"@type":"WebSite","@id":"https:\/\/www.odonto.ufmg.br\/novo\/#website","url":"https:\/\/www.odonto.ufmg.br\/novo\/","name":"Novo Site","description":"Portal da Faculdade de Odontologia da Universidade Federal de Minas Gerais","publisher":{"@id":"https:\/\/www.odonto.ufmg.br\/novo\/#organization"},"potentialAction":[{"@type":"SearchAction","target":{"@type":"EntryPoint","urlTemplate":"https:\/\/www.odonto.ufmg.br\/novo\/?s={search_term_string}"},"query-input":{"@type":"PropertyValueSpecification","valueRequired":true,"valueName":"search_term_string"}}],"inLanguage":"pt-BR"},{"@type":"Organization","@id":"https:\/\/www.odonto.ufmg.br\/novo\/#organization","name":"Faculdade de Odontologia da UFMG","url":"https:\/\/www.odonto.ufmg.br\/novo\/","logo":{"@type":"ImageObject","inLanguage":"pt-BR","@id":"https:\/\/www.odonto.ufmg.br\/novo\/#\/schema\/logo\/image\/","url":"https:\/\/www.odonto.ufmg.br\/novo\/wp-content\/uploads\/sites\/32\/2015\/12\/logo-fao-ufmg.png","contentUrl":"https:\/\/www.odonto.ufmg.br\/novo\/wp-content\/uploads\/sites\/32\/2015\/12\/logo-fao-ufmg.png","width":340,"height":156,"caption":"Faculdade de Odontologia da UFMG"},"image":{"@id":"https:\/\/www.odonto.ufmg.br\/novo\/#\/schema\/logo\/image\/"},"sameAs":["https:\/\/www.facebook.com\/faoufmg\/"]}]}},"_links":{"self":[{"href":"https:\/\/www.odonto.ufmg.br\/novo\/wp-json\/wp\/v2\/pages\/6274","targetHints":{"allow":["GET"]}}],"collection":[{"href":"https:\/\/www.odonto.ufmg.br\/novo\/wp-json\/wp\/v2\/pages"}],"about":[{"href":"https:\/\/www.odonto.ufmg.br\/novo\/wp-json\/wp\/v2\/types\/page"}],"author":[{"embeddable":true,"href":"https:\/\/www.odonto.ufmg.br\/novo\/wp-json\/wp\/v2\/users\/7"}],"replies":[{"embeddable":true,"href":"https:\/\/www.odonto.ufmg.br\/novo\/wp-json\/wp\/v2\/comments?post=6274"}],"version-history":[{"count":8,"href":"https:\/\/www.odonto.ufmg.br\/novo\/wp-json\/wp\/v2\/pages\/6274\/revisions"}],"predecessor-version":[{"id":16126,"href":"https:\/\/www.odonto.ufmg.br\/novo\/wp-json\/wp\/v2\/pages\/6274\/revisions\/16126"}],"up":[{"embeddable":true,"href":"https:\/\/www.odonto.ufmg.br\/novo\/wp-json\/wp\/v2\/pages\/5639"}],"wp:attachment":[{"href":"https:\/\/www.odonto.ufmg.br\/novo\/wp-json\/wp\/v2\/media?parent=6274"}],"curies":[{"name":"wp","href":"https:\/\/api.w.org\/{rel}","templated":true}]}}