{"id":5171,"date":"2015-12-17T11:24:52","date_gmt":"2015-12-17T13:24:52","guid":{"rendered":"https:\/\/www.odonto.ufmg.br\/novo\/?page_id=5171"},"modified":"2019-03-27T15:42:11","modified_gmt":"2019-03-27T18:42:11","slug":"centrodeapoio","status":"publish","type":"page","link":"https:\/\/www.odonto.ufmg.br\/novo\/centrodeapoio\/","title":{"rendered":"CASEU"},"content":{"rendered":"<section  class='av_textblock_section av-jtrk0v3k-83834589de207fb7f6e187fa41ad4774 '   itemscope=\"itemscope\" itemtype=\"https:\/\/schema.org\/CreativeWork\" ><div class='avia_textblock'  itemprop=\"text\" ><ul>\n<li style=\"text-align: left\">O Centro de Apoio, Sele\u00e7\u00e3o e Encaminhamento do Usu\u00e1rio (CASEU) \u00e9 o setor respons\u00e1vel por recepcionar e registrar os pacientes previamente encaminhados pelo SUS.<\/li>\n<li style=\"text-align: left\">O paciente deve procurar um Centro de Sa\u00fade de Belo Horizonte para ser cadastrado no SISREG e aguardar o agendamento do SUS para realizar o tratamento.<\/li>\n<\/ul>\n<\/div><\/section>\n\n<style type=\"text\/css\" data-created_by=\"avia_inline_auto\" id=\"style-css-av-av_one_third-25347b0a799d5b9f7058434b2a9c3182\">\n.flex_column.av-av_one_third-25347b0a799d5b9f7058434b2a9c3182{\nborder-radius:0px 0px 0px 0px;\npadding:0px 0px 0px 0px;\n}\n<\/style>\n<div  class='flex_column av-av_one_third-25347b0a799d5b9f7058434b2a9c3182 av_one_third  avia-builder-el-1  el_after_av_textblock  el_before_av_one_fourth  first flex_column_div av-zero-column-padding  column-top-margin'     ><\/div>\n\n<style type=\"text\/css\" data-created_by=\"avia_inline_auto\" id=\"style-css-av-22efqr-b28beefcbfab8dc4a1e06dbb7f72ee79\">\n.flex_column.av-22efqr-b28beefcbfab8dc4a1e06dbb7f72ee79{\nborder-radius:0px 0px 0px 0px;\npadding:0px 0px 0px 0px;\n}\n<\/style>\n<div  class='flex_column av-22efqr-b28beefcbfab8dc4a1e06dbb7f72ee79 av_one_fourth  avia-builder-el-2  el_after_av_one_third  el_before_av_one_third  flex_column_div av-zero-column-padding  column-top-margin'     ><article  class='iconbox iconbox_left_content av-jmxzz7-4161e306353e4ba3190da9d24a8f8530  avia-builder-el-3  avia-builder-el-no-sibling '  itemscope=\"itemscope\" itemtype=\"https:\/\/schema.org\/CreativeWork\" ><div class='iconbox_icon heading-color avia-iconfont avia-font-entypo-fontello' data-av_icon='' data-av_iconfont='entypo-fontello'  ><\/div><div class=\"iconbox_content\"><header class=\"entry-content-header\" aria-label=\"Icon:  3409-2405\"><h3 class='iconbox_content_title '  itemprop=\"headline\" > 3409-2405<\/h3><\/header><div class='iconbox_content_container '  itemprop=\"text\" ><p>Atendimento CASEU<\/p>\n<\/div><\/div><footer class=\"entry-footer\"><\/footer><\/article><\/div>\n\n<style type=\"text\/css\" data-created_by=\"avia_inline_auto\" id=\"style-css-av-av_one_third-f7c1061df29de8cca6b42fcf455fe4a0\">\n.flex_column.av-av_one_third-f7c1061df29de8cca6b42fcf455fe4a0{\nborder-radius:0px 0px 0px 0px;\npadding:0px 0px 0px 0px;\n}\n<\/style>\n<div  class='flex_column av-av_one_third-f7c1061df29de8cca6b42fcf455fe4a0 av_one_third  avia-builder-el-4  el_after_av_one_fourth  el_before_av_hr  flex_column_div av-zero-column-padding  column-top-margin'     ><\/div>\n\n<style type=\"text\/css\" data-created_by=\"avia_inline_auto\" id=\"style-css-av-jtrk2591-858cdba381abd8356dae9d393facdef2\">\n#top .hr.av-jtrk2591-858cdba381abd8356dae9d393facdef2{\nmargin-top:30px;\nmargin-bottom:30px;\n}\n.hr.av-jtrk2591-858cdba381abd8356dae9d393facdef2 .hr-inner{\nwidth:50px;\n}\n<\/style>\n<div  class='hr av-jtrk2591-858cdba381abd8356dae9d393facdef2 hr-custom  avia-builder-el-5  el_after_av_one_third  el_before_av_toggle_container  hr-center hr-icon-no'><span class='hr-inner inner-border-av-border-thin'><span class=\"hr-inner-style\"><\/span><\/span><\/div>\n<div  class='togglecontainer av-p2gk3-46b81c3b7a0336f66af6b460c0426165  avia-builder-el-6  el_after_av_hr  avia-builder-el-last  toggle_close_all' >\n<section class='av_toggle_section av-5ovsoj-aaf880ade9a0b593abfd144cf584be6c'  itemscope=\"itemscope\" itemtype=\"https:\/\/schema.org\/CreativeWork\" ><div role=\"tablist\" class=\"single_toggle\" data-tags=\"{Todos} \"  ><p id='toggle-toggle-id-1' data-fake-id='#toggle-id-1' class='toggler  av-title-above '  itemprop=\"headline\"  role='tab' tabindex='0' aria-controls='toggle-id-1' data-slide-speed=\"200\" data-title=\"Principais Fun\u00e7\u00f5es\" data-title-open=\"\" data-aria_collapsed=\"Click to expand: Principais Fun\u00e7\u00f5es\" data-aria_expanded=\"Click to collapse: Principais Fun\u00e7\u00f5es\">Principais Fun\u00e7\u00f5es<span class=\"toggle_icon\"><span class=\"vert_icon\"><\/span><span class=\"hor_icon\"><\/span><\/span><\/p><div id='toggle-id-1' aria-labelledby='toggle-toggle-id-1' role='region' class='toggle_wrap  av-title-above'  ><div class='toggle_content invers-color '  itemprop=\"text\" ><ul>\n<li style=\"list-style-type: none\">\n<ul>\n<li style=\"list-style-type: none\">\n<ul>\n<li>Arquivar e disponibilizar toda documenta\u00e7\u00e3o referente ao atendimento do paciente da Faculdade de Odontologia da UFMG;<\/li>\n<\/ul>\n<\/li>\n<\/ul>\n<\/li>\n<\/ul>\n<ul>\n<li style=\"list-style-type: none\">\n<ul>\n<li style=\"list-style-type: none\">\n<ul>\n<li>Informar a comunidade externa e fornecer para o paciente os documentos para sua entrada e seu tratamento;<\/li>\n<\/ul>\n<\/li>\n<\/ul>\n<\/li>\n<\/ul>\n<ul>\n<li style=\"list-style-type: none\">\n<ul>\n<li style=\"list-style-type: none\">\n<ul>\n<li>Cria e manter agendas de pacientes em tratamento nas cl\u00ednicas;<\/li>\n<\/ul>\n<\/li>\n<\/ul>\n<\/li>\n<\/ul>\n<ul>\n<li style=\"list-style-type: none\">\n<ul>\n<li style=\"list-style-type: none\">\n<ul>\n<li>Contabilizar os procedimentos executados;<\/li>\n<\/ul>\n<\/li>\n<\/ul>\n<\/li>\n<\/ul>\n<ul>\n<li style=\"list-style-type: none\">\n<ul>\n<li style=\"list-style-type: none\">\n<ul>\n<li>Disponibiliz\u00e1-los para: Coordenadores de Disciplina, Chefes de Departamento, Prefeitura de BH e Pr\u00f3- Reitoria de Extens\u00e3o;<\/li>\n<\/ul>\n<\/li>\n<\/ul>\n<\/li>\n<\/ul>\n<ul>\n<li style=\"list-style-type: none\">\n<ul>\n<li style=\"list-style-type: none\">\n<ul>\n<li>Organizar pacientes aguardando tratamento nas disciplinas de: Pr\u00f3tese, Dent\u00edstica, Endodontia, Periodontia;<\/li>\n<\/ul>\n<\/li>\n<\/ul>\n<\/li>\n<\/ul>\n<ul>\n<li style=\"list-style-type: none\">\n<ul>\n<li style=\"list-style-type: none\">\n<ul>\n<li>Respeitar os crit\u00e9rios de encaminhamento do paciente para as cl\u00ednicas, estabelecidos pelo conv\u00eanio SUS Prefeitura de Belo Horizonte;<\/li>\n<\/ul>\n<\/li>\n<\/ul>\n<\/li>\n<\/ul>\n<ul>\n<li style=\"list-style-type: none\">\n<ul>\n<li style=\"list-style-type: none\">\n<ul>\n<li>Regularizar o paciente na disciplina a cada novo semestre;<\/li>\n<\/ul>\n<\/li>\n<\/ul>\n<\/li>\n<\/ul>\n<ul>\n<li style=\"list-style-type: none\">\n<ul>\n<li style=\"list-style-type: none\">\n<ul>\n<li>Agendar o paciente na data solicitada;<\/li>\n<\/ul>\n<\/li>\n<\/ul>\n<\/li>\n<\/ul>\n<ul>\n<li style=\"list-style-type: none\">\n<ul>\n<li style=\"list-style-type: none\">\n<ul>\n<li>Solucionar pacientes em situa\u00e7\u00e3o de emerg\u00eancia, quando interromperem e\/ou n\u00e3o s\u00e3o chamados para continuar o tratamento;<\/li>\n<\/ul>\n<\/li>\n<\/ul>\n<\/li>\n<\/ul>\n<\/div><\/div><\/div><\/section>\n<section class='av_toggle_section av-4uuh7n-eac0e8ae85ff675194d52580cba3b867'  itemscope=\"itemscope\" itemtype=\"https:\/\/schema.org\/CreativeWork\" ><div role=\"tablist\" class=\"single_toggle\" data-tags=\"{Todos} \"  ><p id='toggle-toggle-id-2' data-fake-id='#toggle-id-2' class='toggler  av-title-above '  itemprop=\"headline\"  role='tab' tabindex='0' aria-controls='toggle-id-2' data-slide-speed=\"200\" data-title=\"Especialidades agendadas via SUS\" data-title-open=\"\" data-aria_collapsed=\"Click to expand: Especialidades agendadas via SUS\" data-aria_expanded=\"Click to collapse: Especialidades agendadas via SUS\">Especialidades agendadas via SUS<span class=\"toggle_icon\"><span class=\"vert_icon\"><\/span><span class=\"hor_icon\"><\/span><\/span><\/p><div id='toggle-id-2' aria-labelledby='toggle-toggle-id-2' role='region' class='toggle_wrap  av-title-above'  ><div class='toggle_content invers-color '  itemprop=\"text\" ><ul>\n<li style=\"list-style-type: none\">\n<ul>\n<li>Procedimentos b\u00e1sicos (limpeza, remo\u00e7\u00e3o de c\u00e1ries e restaura\u00e7\u00e3o).<\/li>\n<\/ul>\n<\/li>\n<\/ul>\n<ul>\n<li style=\"list-style-type: none\">\n<ul>\n<li>Endodontia (tratamento de canal).<\/li>\n<\/ul>\n<\/li>\n<\/ul>\n<ul>\n<li style=\"list-style-type: none\">\n<ul>\n<li>Periodontia (tratamento de gengiva).<\/li>\n<\/ul>\n<\/li>\n<\/ul>\n<ul>\n<li style=\"list-style-type: none\">\n<ul>\n<li>Cirurgia (Extra\u00e7\u00e3o de dentes em geral).<\/li>\n<\/ul>\n<\/li>\n<\/ul>\n<\/div><\/div><\/div><\/section>\n<section class='av_toggle_section av-30y09f-c9da695a406365309d22bb419d64ee43'  itemscope=\"itemscope\" itemtype=\"https:\/\/schema.org\/CreativeWork\" ><div role=\"tablist\" class=\"single_toggle\" data-tags=\"{Todos} \"  ><p id='toggle-toggle-id-3' data-fake-id='#toggle-id-3' class='toggler  av-title-above '  itemprop=\"headline\"  role='tab' tabindex='0' aria-controls='toggle-id-3' data-slide-speed=\"200\" data-title=\"Especialidades particulares atendidas pela Faculdade de Odontologia-UFMG\" data-title-open=\"\" data-aria_collapsed=\"Click to expand: Especialidades particulares atendidas pela Faculdade de Odontologia-UFMG\" data-aria_expanded=\"Click to collapse: Especialidades particulares atendidas pela Faculdade de Odontologia-UFMG\">Especialidades particulares atendidas pela Faculdade de Odontologia-UFMG<span class=\"toggle_icon\"><span class=\"vert_icon\"><\/span><span class=\"hor_icon\"><\/span><\/span><\/p><div id='toggle-id-3' aria-labelledby='toggle-toggle-id-3' role='region' class='toggle_wrap  av-title-above'  ><div class='toggle_content invers-color '  itemprop=\"text\" ><ul>As\u00a0especialidades abaixo tamb\u00e9m s\u00e3o oferecidas\u00a0pela Faculdade de Odontologia. Os atendimentos\u00a0variam de acordo com a demanda e possuem uma taxa para manuten\u00e7\u00e3o dos servi\u00e7os.<\/ul>\n<ul>\n<li style=\"list-style-type: none\">\n<ul>\n<li style=\"list-style-type: none\">\n<ul>\n<li style=\"list-style-type: none\">\n<ul>\n<li style=\"list-style-type: none\">\n<ul>\n<li>Ortodontia (somente infantil): <strong>3409-2467<\/strong><\/li>\n<\/ul>\n<\/li>\n<\/ul>\n<\/li>\n<\/ul>\n<\/li>\n<\/ul>\n<\/li>\n<\/ul>\n<ul>\n<li style=\"list-style-type: none\">\n<ul>\n<li style=\"list-style-type: none\">\n<ul>\n<li style=\"list-style-type: none\">\n<ul>\n<li style=\"list-style-type: none\">\n<ul>\n<li>Ortodontia (aparelho adulto e infantil): <strong>3409-2431<\/strong><\/li>\n<\/ul>\n<\/li>\n<\/ul>\n<\/li>\n<\/ul>\n<\/li>\n<\/ul>\n<\/li>\n<\/ul>\n<ul>\n<li style=\"list-style-type: none\">\n<ul>\n<li style=\"list-style-type: none\">\n<ul>\n<li style=\"list-style-type: none\">\n<ul>\n<li style=\"list-style-type: none\">\n<ul>\n<li>Implante: <strong>3409-2462<\/strong><\/li>\n<\/ul>\n<\/li>\n<\/ul>\n<\/li>\n<\/ul>\n<\/li>\n<\/ul>\n<\/li>\n<\/ul>\n<\/div><\/div><\/div><\/section>\n<\/div>\n","protected":false},"excerpt":{"rendered":"","protected":false},"author":1,"featured_media":0,"parent":0,"menu_order":0,"comment_status":"closed","ping_status":"closed","template":"","meta":{"inline_featured_image":false,"footnotes":""},"class_list":["post-5171","page","type-page","status-publish","hentry"],"yoast_head":"<!-- This site is optimized with the Yoast SEO plugin v27.3 - https:\/\/yoast.com\/product\/yoast-seo-wordpress\/ -->\n<title>CASEU - Novo Site<\/title>\n<meta name=\"description\" content=\"O Centro de Apoio, Sele\u00e7\u00e3o e Encaminhamento do Usu\u00e1rio (CASEU) \u00e9 o setor respons\u00e1vel por recepcionar e registrar os pacientes previamente encaminhados pelo SUS . O paciente deve procurar um centro de sa\u00fade de Belo Horizonte para ser cadastrado no SISREG e aguardar o agendamento do SUS para realizar o tratamento.\" \/>\n<meta name=\"robots\" content=\"index, follow, max-snippet:-1, max-image-preview:large, max-video-preview:-1\" \/>\n<link rel=\"canonical\" href=\"https:\/\/www.odonto.ufmg.br\/novo\/centrodeapoio\/\" \/>\n<meta property=\"og:locale\" content=\"pt_BR\" \/>\n<meta property=\"og:type\" content=\"article\" \/>\n<meta property=\"og:title\" content=\"CASEU - Novo Site\" \/>\n<meta property=\"og:description\" content=\"O Centro de Apoio, Sele\u00e7\u00e3o e Encaminhamento do Usu\u00e1rio (CASEU) \u00e9 o setor respons\u00e1vel por recepcionar e registrar os pacientes previamente encaminhados pelo SUS . O paciente deve procurar um centro de sa\u00fade de Belo Horizonte para ser cadastrado no SISREG e aguardar o agendamento do SUS para realizar o tratamento.\" \/>\n<meta property=\"og:url\" content=\"https:\/\/www.odonto.ufmg.br\/novo\/centrodeapoio\/\" \/>\n<meta property=\"og:site_name\" content=\"Novo Site\" \/>\n<meta property=\"article:publisher\" content=\"https:\/\/www.facebook.com\/faoufmg\/\" \/>\n<meta property=\"article:modified_time\" content=\"2019-03-27T18:42:11+00:00\" \/>\n<meta name=\"twitter:card\" content=\"summary_large_image\" \/>\n<meta name=\"twitter:label1\" content=\"Est. tempo de leitura\" \/>\n\t<meta name=\"twitter:data1\" content=\"4 minutos\" \/>\n<script type=\"application\/ld+json\" class=\"yoast-schema-graph\">{\"@context\":\"https:\\\/\\\/schema.org\",\"@graph\":[{\"@type\":\"WebPage\",\"@id\":\"https:\\\/\\\/www.odonto.ufmg.br\\\/novo\\\/centrodeapoio\\\/\",\"url\":\"https:\\\/\\\/www.odonto.ufmg.br\\\/novo\\\/centrodeapoio\\\/\",\"name\":\"CASEU - Novo Site\",\"isPartOf\":{\"@id\":\"https:\\\/\\\/www.odonto.ufmg.br\\\/novo\\\/#website\"},\"datePublished\":\"2015-12-17T13:24:52+00:00\",\"dateModified\":\"2019-03-27T18:42:11+00:00\",\"description\":\"O Centro de Apoio, Sele\u00e7\u00e3o e Encaminhamento do Usu\u00e1rio (CASEU) \u00e9 o setor respons\u00e1vel por recepcionar e registrar os pacientes previamente encaminhados pelo SUS . O paciente deve procurar um centro de sa\u00fade de Belo Horizonte para ser cadastrado no SISREG e aguardar o agendamento do SUS para realizar o tratamento.\",\"breadcrumb\":{\"@id\":\"https:\\\/\\\/www.odonto.ufmg.br\\\/novo\\\/centrodeapoio\\\/#breadcrumb\"},\"inLanguage\":\"pt-BR\",\"potentialAction\":[{\"@type\":\"ReadAction\",\"target\":[\"https:\\\/\\\/www.odonto.ufmg.br\\\/novo\\\/centrodeapoio\\\/\"]}]},{\"@type\":\"BreadcrumbList\",\"@id\":\"https:\\\/\\\/www.odonto.ufmg.br\\\/novo\\\/centrodeapoio\\\/#breadcrumb\",\"itemListElement\":[{\"@type\":\"ListItem\",\"position\":1,\"name\":\"In\u00edcio\",\"item\":\"https:\\\/\\\/www.odonto.ufmg.br\\\/novo\\\/inicio-2\\\/\"},{\"@type\":\"ListItem\",\"position\":2,\"name\":\"CASEU\"}]},{\"@type\":\"WebSite\",\"@id\":\"https:\\\/\\\/www.odonto.ufmg.br\\\/novo\\\/#website\",\"url\":\"https:\\\/\\\/www.odonto.ufmg.br\\\/novo\\\/\",\"name\":\"Novo Site\",\"description\":\"Portal da Faculdade de Odontologia da Universidade Federal de Minas Gerais\",\"publisher\":{\"@id\":\"https:\\\/\\\/www.odonto.ufmg.br\\\/novo\\\/#organization\"},\"potentialAction\":[{\"@type\":\"SearchAction\",\"target\":{\"@type\":\"EntryPoint\",\"urlTemplate\":\"https:\\\/\\\/www.odonto.ufmg.br\\\/novo\\\/?s={search_term_string}\"},\"query-input\":{\"@type\":\"PropertyValueSpecification\",\"valueRequired\":true,\"valueName\":\"search_term_string\"}}],\"inLanguage\":\"pt-BR\"},{\"@type\":\"Organization\",\"@id\":\"https:\\\/\\\/www.odonto.ufmg.br\\\/novo\\\/#organization\",\"name\":\"Faculdade de Odontologia da UFMG\",\"url\":\"https:\\\/\\\/www.odonto.ufmg.br\\\/novo\\\/\",\"logo\":{\"@type\":\"ImageObject\",\"inLanguage\":\"pt-BR\",\"@id\":\"https:\\\/\\\/www.odonto.ufmg.br\\\/novo\\\/#\\\/schema\\\/logo\\\/image\\\/\",\"url\":\"https:\\\/\\\/www.odonto.ufmg.br\\\/novo\\\/wp-content\\\/uploads\\\/sites\\\/32\\\/2015\\\/12\\\/logo-fao-ufmg.png\",\"contentUrl\":\"https:\\\/\\\/www.odonto.ufmg.br\\\/novo\\\/wp-content\\\/uploads\\\/sites\\\/32\\\/2015\\\/12\\\/logo-fao-ufmg.png\",\"width\":340,\"height\":156,\"caption\":\"Faculdade de Odontologia da UFMG\"},\"image\":{\"@id\":\"https:\\\/\\\/www.odonto.ufmg.br\\\/novo\\\/#\\\/schema\\\/logo\\\/image\\\/\"},\"sameAs\":[\"https:\\\/\\\/www.facebook.com\\\/faoufmg\\\/\"]}]}<\/script>\n<!-- \/ Yoast SEO plugin. -->","yoast_head_json":{"title":"CASEU - Novo Site","description":"O Centro de Apoio, Sele\u00e7\u00e3o e Encaminhamento do Usu\u00e1rio (CASEU) \u00e9 o setor respons\u00e1vel por recepcionar e registrar os pacientes previamente encaminhados pelo SUS . O paciente deve procurar um centro de sa\u00fade de Belo Horizonte para ser cadastrado no SISREG e aguardar o agendamento do SUS para realizar o tratamento.","robots":{"index":"index","follow":"follow","max-snippet":"max-snippet:-1","max-image-preview":"max-image-preview:large","max-video-preview":"max-video-preview:-1"},"canonical":"https:\/\/www.odonto.ufmg.br\/novo\/centrodeapoio\/","og_locale":"pt_BR","og_type":"article","og_title":"CASEU - Novo Site","og_description":"O Centro de Apoio, Sele\u00e7\u00e3o e Encaminhamento do Usu\u00e1rio (CASEU) \u00e9 o setor respons\u00e1vel por recepcionar e registrar os pacientes previamente encaminhados pelo SUS . O paciente deve procurar um centro de sa\u00fade de Belo Horizonte para ser cadastrado no SISREG e aguardar o agendamento do SUS para realizar o tratamento.","og_url":"https:\/\/www.odonto.ufmg.br\/novo\/centrodeapoio\/","og_site_name":"Novo Site","article_publisher":"https:\/\/www.facebook.com\/faoufmg\/","article_modified_time":"2019-03-27T18:42:11+00:00","twitter_card":"summary_large_image","twitter_misc":{"Est. tempo de leitura":"4 minutos"},"schema":{"@context":"https:\/\/schema.org","@graph":[{"@type":"WebPage","@id":"https:\/\/www.odonto.ufmg.br\/novo\/centrodeapoio\/","url":"https:\/\/www.odonto.ufmg.br\/novo\/centrodeapoio\/","name":"CASEU - Novo Site","isPartOf":{"@id":"https:\/\/www.odonto.ufmg.br\/novo\/#website"},"datePublished":"2015-12-17T13:24:52+00:00","dateModified":"2019-03-27T18:42:11+00:00","description":"O Centro de Apoio, Sele\u00e7\u00e3o e Encaminhamento do Usu\u00e1rio (CASEU) \u00e9 o setor respons\u00e1vel por recepcionar e registrar os pacientes previamente encaminhados pelo SUS . O paciente deve procurar um centro de sa\u00fade de Belo Horizonte para ser cadastrado no SISREG e aguardar o agendamento do SUS para realizar o tratamento.","breadcrumb":{"@id":"https:\/\/www.odonto.ufmg.br\/novo\/centrodeapoio\/#breadcrumb"},"inLanguage":"pt-BR","potentialAction":[{"@type":"ReadAction","target":["https:\/\/www.odonto.ufmg.br\/novo\/centrodeapoio\/"]}]},{"@type":"BreadcrumbList","@id":"https:\/\/www.odonto.ufmg.br\/novo\/centrodeapoio\/#breadcrumb","itemListElement":[{"@type":"ListItem","position":1,"name":"In\u00edcio","item":"https:\/\/www.odonto.ufmg.br\/novo\/inicio-2\/"},{"@type":"ListItem","position":2,"name":"CASEU"}]},{"@type":"WebSite","@id":"https:\/\/www.odonto.ufmg.br\/novo\/#website","url":"https:\/\/www.odonto.ufmg.br\/novo\/","name":"Novo Site","description":"Portal da Faculdade de Odontologia da Universidade Federal de Minas Gerais","publisher":{"@id":"https:\/\/www.odonto.ufmg.br\/novo\/#organization"},"potentialAction":[{"@type":"SearchAction","target":{"@type":"EntryPoint","urlTemplate":"https:\/\/www.odonto.ufmg.br\/novo\/?s={search_term_string}"},"query-input":{"@type":"PropertyValueSpecification","valueRequired":true,"valueName":"search_term_string"}}],"inLanguage":"pt-BR"},{"@type":"Organization","@id":"https:\/\/www.odonto.ufmg.br\/novo\/#organization","name":"Faculdade de Odontologia da UFMG","url":"https:\/\/www.odonto.ufmg.br\/novo\/","logo":{"@type":"ImageObject","inLanguage":"pt-BR","@id":"https:\/\/www.odonto.ufmg.br\/novo\/#\/schema\/logo\/image\/","url":"https:\/\/www.odonto.ufmg.br\/novo\/wp-content\/uploads\/sites\/32\/2015\/12\/logo-fao-ufmg.png","contentUrl":"https:\/\/www.odonto.ufmg.br\/novo\/wp-content\/uploads\/sites\/32\/2015\/12\/logo-fao-ufmg.png","width":340,"height":156,"caption":"Faculdade de Odontologia da UFMG"},"image":{"@id":"https:\/\/www.odonto.ufmg.br\/novo\/#\/schema\/logo\/image\/"},"sameAs":["https:\/\/www.facebook.com\/faoufmg\/"]}]}},"_links":{"self":[{"href":"https:\/\/www.odonto.ufmg.br\/novo\/wp-json\/wp\/v2\/pages\/5171","targetHints":{"allow":["GET"]}}],"collection":[{"href":"https:\/\/www.odonto.ufmg.br\/novo\/wp-json\/wp\/v2\/pages"}],"about":[{"href":"https:\/\/www.odonto.ufmg.br\/novo\/wp-json\/wp\/v2\/types\/page"}],"author":[{"embeddable":true,"href":"https:\/\/www.odonto.ufmg.br\/novo\/wp-json\/wp\/v2\/users\/1"}],"replies":[{"embeddable":true,"href":"https:\/\/www.odonto.ufmg.br\/novo\/wp-json\/wp\/v2\/comments?post=5171"}],"version-history":[{"count":14,"href":"https:\/\/www.odonto.ufmg.br\/novo\/wp-json\/wp\/v2\/pages\/5171\/revisions"}],"predecessor-version":[{"id":11102,"href":"https:\/\/www.odonto.ufmg.br\/novo\/wp-json\/wp\/v2\/pages\/5171\/revisions\/11102"}],"wp:attachment":[{"href":"https:\/\/www.odonto.ufmg.br\/novo\/wp-json\/wp\/v2\/media?parent=5171"}],"curies":[{"name":"wp","href":"https:\/\/api.w.org\/{rel}","templated":true}]}}