{"id":4997,"date":"2015-12-07T11:00:07","date_gmt":"2015-12-07T13:00:07","guid":{"rendered":"https:\/\/www.odonto.ufmg.br\/novo\/home\/?page_id=4997"},"modified":"2019-03-27T15:45:36","modified_gmt":"2019-03-27T18:45:36","slug":"diretorio-academico-magalhaes-penido","status":"publish","type":"page","link":"https:\/\/www.odonto.ufmg.br\/novo\/diretorio-academico-magalhaes-penido\/","title":{"rendered":"Diret\u00f3rio Acad\u00eamico Manuel Teixeira Penido"},"content":{"rendered":"\n<style type=\"text\/css\" data-created_by=\"avia_inline_auto\" id=\"style-css-av-5aw3tx-b97da5566c4efe9e98dc674ed7cd16b3\">\n.avia-image-container.av-5aw3tx-b97da5566c4efe9e98dc674ed7cd16b3 img.avia_image{\nbox-shadow:none;\n}\n.avia-image-container.av-5aw3tx-b97da5566c4efe9e98dc674ed7cd16b3 .av-image-caption-overlay-center{\ncolor:#ffffff;\n}\n<\/style>\n<div  class='avia-image-container av-5aw3tx-b97da5566c4efe9e98dc674ed7cd16b3 av-styling- avia-align-center  avia-builder-el-0  el_before_av_hr  avia-builder-el-first '   itemprop=\"image\" itemscope=\"itemscope\" itemtype=\"https:\/\/schema.org\/ImageObject\" ><div class=\"avia-image-container-inner\"><div class=\"avia-image-overlay-wrap\"><img decoding=\"async\" fetchpriority=\"high\" class='wp-image-5053 avia-img-lazy-loading-not-5053 avia_image ' src=\"https:\/\/www.odonto.ufmg.br\/novo\/wp-content\/uploads\/sites\/32\/2015\/12\/IMG_9975-1210x423.jpg\" alt='' title='IMG_9975'  height=\"423\" width=\"1210\"  itemprop=\"thumbnailUrl\"  \/><\/div><\/div><\/div>\n\n<style type=\"text\/css\" data-created_by=\"avia_inline_auto\" id=\"style-css-av-3qp01h-f6567836a42275732611c5a4c02cd7a8\">\n#top .hr.av-3qp01h-f6567836a42275732611c5a4c02cd7a8{\nmargin-top:10px;\nmargin-bottom:10px;\n}\n.hr.av-3qp01h-f6567836a42275732611c5a4c02cd7a8 .hr-inner{\nwidth:100%;\n}\n<\/style>\n<div  class='hr av-3qp01h-f6567836a42275732611c5a4c02cd7a8 hr-custom  avia-builder-el-1  el_after_av_image  el_before_av_textblock  hr-center hr-icon-no'><span class='hr-inner inner-border-av-border-thin'><span class=\"hr-inner-style\"><\/span><\/span><\/div>\n<section  class='av_textblock_section av-2tevbp-e8a6c614d56e2f3375666632ef2fa509 '   itemscope=\"itemscope\" itemtype=\"https:\/\/schema.org\/CreativeWork\" ><div class='avia_textblock'  itemprop=\"text\" ><p>O Diret\u00f3rio Acad\u00eamico (popularmente DA) \u00e9 uma entidade estudantil que representa os estudantes de um curso de n\u00edvel superior, podendo representar estudantes de diversos cursos de uma mesma faculdade. Suas fun\u00e7\u00f5es s\u00e3o diversas. Algumas delas s\u00e3o: a organiza\u00e7\u00e3o de atividades acad\u00eamicas extra-curriculares como debates, discuss\u00f5es, palestras, semanas tem\u00e1ticas, recep\u00e7\u00e3o de calouros e realiza\u00e7\u00e3o de projetos de extens\u00e3o; encaminhamento, mobiliza\u00e7\u00e3o e organiza\u00e7\u00e3o de reivindica\u00e7\u00f5es e a\u00e7\u00f5es pol\u00edticas dos estudantes; media\u00e7\u00e3o de negocia\u00e7\u00f5es e conflitos individuais e coletivos entre estudantes e a faculdade; realiza\u00e7\u00e3o de atividades culturais como feiras de livros, festivais diversos, entre outros. Os Diret\u00f3rios Acad\u00eamicos s\u00e3o formados, de maneira geral, a partir da associa\u00e7\u00e3o de estudantes, o que faz com que possam ser classificados, do ponto de vista jur\u00eddico, como associa\u00e7\u00f5es civis.<\/p>\n<p><strong>Equipe:<\/strong><\/p>\n<p>Presidente: Jo\u00e3o \u00c2ngelo<\/p>\n<p>Vice- Presidente: Nath\u00e1lia Oliveira<\/p>\n<p>Diretor Geral: Yasmim Teixeira<\/p>\n<p>Diretor de Eventos: Gabriela Carvalho<\/p>\n<p>Tesoureiras: Lara Arantes<\/p>\n<p>Assuntos Sociais: Mariana de Magalh\u00e3es<\/p>\n<p>Diretoria de Marketing: Willian Ferreira<\/p>\n<p>Servi\u00e7os Gerais: Ana Luisa Perdig\u00e3o e Miguel Onofre<\/p>\n<p><strong>Sala: <\/strong>2906\u00a0 <strong>E-mail: <\/strong>dampfoufmg@gmail.com\u00a0 <strong>Telefone:<\/strong> (31) 3409-2423<\/p>\n<\/div><\/section>\n","protected":false},"excerpt":{"rendered":"","protected":false},"author":1,"featured_media":0,"parent":0,"menu_order":0,"comment_status":"closed","ping_status":"closed","template":"","meta":{"inline_featured_image":false,"footnotes":""},"class_list":["post-4997","page","type-page","status-publish","hentry"],"yoast_head":"<!-- This site is optimized with the Yoast SEO plugin v27.6 - https:\/\/yoast.com\/product\/yoast-seo-wordpress\/ -->\n<title>Diret\u00f3rio Acad\u00eamico Manuel Teixeira Penido - Novo Site<\/title>\n<meta name=\"robots\" content=\"index, follow, max-snippet:-1, max-image-preview:large, max-video-preview:-1\" \/>\n<link rel=\"canonical\" href=\"https:\/\/www.odonto.ufmg.br\/novo\/diretorio-academico-magalhaes-penido\/\" \/>\n<meta property=\"og:locale\" content=\"pt_BR\" \/>\n<meta property=\"og:type\" content=\"article\" \/>\n<meta property=\"og:title\" content=\"Diret\u00f3rio Acad\u00eamico Manuel Teixeira Penido - Novo Site\" \/>\n<meta property=\"og:url\" content=\"https:\/\/www.odonto.ufmg.br\/novo\/diretorio-academico-magalhaes-penido\/\" \/>\n<meta property=\"og:site_name\" content=\"Novo Site\" \/>\n<meta property=\"article:publisher\" content=\"https:\/\/www.facebook.com\/faoufmg\/\" \/>\n<meta property=\"article:modified_time\" content=\"2019-03-27T18:45:36+00:00\" \/>\n<meta name=\"twitter:card\" content=\"summary_large_image\" \/>\n<meta name=\"twitter:label1\" content=\"Est. tempo de leitura\" \/>\n\t<meta name=\"twitter:data1\" content=\"2 minutos\" \/>\n<script type=\"application\/ld+json\" class=\"yoast-schema-graph\">{\"@context\":\"https:\\\/\\\/schema.org\",\"@graph\":[{\"@type\":\"WebPage\",\"@id\":\"https:\\\/\\\/www.odonto.ufmg.br\\\/novo\\\/diretorio-academico-magalhaes-penido\\\/\",\"url\":\"https:\\\/\\\/www.odonto.ufmg.br\\\/novo\\\/diretorio-academico-magalhaes-penido\\\/\",\"name\":\"Diret\u00f3rio Acad\u00eamico Manuel Teixeira Penido - Novo Site\",\"isPartOf\":{\"@id\":\"https:\\\/\\\/www.odonto.ufmg.br\\\/novo\\\/#website\"},\"datePublished\":\"2015-12-07T13:00:07+00:00\",\"dateModified\":\"2019-03-27T18:45:36+00:00\",\"breadcrumb\":{\"@id\":\"https:\\\/\\\/www.odonto.ufmg.br\\\/novo\\\/diretorio-academico-magalhaes-penido\\\/#breadcrumb\"},\"inLanguage\":\"pt-BR\",\"potentialAction\":[{\"@type\":\"ReadAction\",\"target\":[\"https:\\\/\\\/www.odonto.ufmg.br\\\/novo\\\/diretorio-academico-magalhaes-penido\\\/\"]}]},{\"@type\":\"BreadcrumbList\",\"@id\":\"https:\\\/\\\/www.odonto.ufmg.br\\\/novo\\\/diretorio-academico-magalhaes-penido\\\/#breadcrumb\",\"itemListElement\":[{\"@type\":\"ListItem\",\"position\":1,\"name\":\"In\u00edcio\",\"item\":\"https:\\\/\\\/www.odonto.ufmg.br\\\/novo\\\/inicio-2\\\/\"},{\"@type\":\"ListItem\",\"position\":2,\"name\":\"Diret\u00f3rio Acad\u00eamico Manuel Teixeira Penido\"}]},{\"@type\":\"WebSite\",\"@id\":\"https:\\\/\\\/www.odonto.ufmg.br\\\/novo\\\/#website\",\"url\":\"https:\\\/\\\/www.odonto.ufmg.br\\\/novo\\\/\",\"name\":\"Novo Site\",\"description\":\"Portal da Faculdade de Odontologia da Universidade Federal de Minas Gerais\",\"publisher\":{\"@id\":\"https:\\\/\\\/www.odonto.ufmg.br\\\/novo\\\/#organization\"},\"potentialAction\":[{\"@type\":\"SearchAction\",\"target\":{\"@type\":\"EntryPoint\",\"urlTemplate\":\"https:\\\/\\\/www.odonto.ufmg.br\\\/novo\\\/?s={search_term_string}\"},\"query-input\":{\"@type\":\"PropertyValueSpecification\",\"valueRequired\":true,\"valueName\":\"search_term_string\"}}],\"inLanguage\":\"pt-BR\"},{\"@type\":\"Organization\",\"@id\":\"https:\\\/\\\/www.odonto.ufmg.br\\\/novo\\\/#organization\",\"name\":\"Faculdade de Odontologia da UFMG\",\"url\":\"https:\\\/\\\/www.odonto.ufmg.br\\\/novo\\\/\",\"logo\":{\"@type\":\"ImageObject\",\"inLanguage\":\"pt-BR\",\"@id\":\"https:\\\/\\\/www.odonto.ufmg.br\\\/novo\\\/#\\\/schema\\\/logo\\\/image\\\/\",\"url\":\"https:\\\/\\\/www.odonto.ufmg.br\\\/novo\\\/wp-content\\\/uploads\\\/sites\\\/32\\\/2015\\\/12\\\/logo-fao-ufmg.png\",\"contentUrl\":\"https:\\\/\\\/www.odonto.ufmg.br\\\/novo\\\/wp-content\\\/uploads\\\/sites\\\/32\\\/2015\\\/12\\\/logo-fao-ufmg.png\",\"width\":340,\"height\":156,\"caption\":\"Faculdade de Odontologia da UFMG\"},\"image\":{\"@id\":\"https:\\\/\\\/www.odonto.ufmg.br\\\/novo\\\/#\\\/schema\\\/logo\\\/image\\\/\"},\"sameAs\":[\"https:\\\/\\\/www.facebook.com\\\/faoufmg\\\/\"]}]}<\/script>\n<!-- \/ Yoast SEO plugin. -->","yoast_head_json":{"title":"Diret\u00f3rio Acad\u00eamico Manuel Teixeira Penido - Novo Site","robots":{"index":"index","follow":"follow","max-snippet":"max-snippet:-1","max-image-preview":"max-image-preview:large","max-video-preview":"max-video-preview:-1"},"canonical":"https:\/\/www.odonto.ufmg.br\/novo\/diretorio-academico-magalhaes-penido\/","og_locale":"pt_BR","og_type":"article","og_title":"Diret\u00f3rio Acad\u00eamico Manuel Teixeira Penido - Novo Site","og_url":"https:\/\/www.odonto.ufmg.br\/novo\/diretorio-academico-magalhaes-penido\/","og_site_name":"Novo Site","article_publisher":"https:\/\/www.facebook.com\/faoufmg\/","article_modified_time":"2019-03-27T18:45:36+00:00","twitter_card":"summary_large_image","twitter_misc":{"Est. tempo de leitura":"2 minutos"},"schema":{"@context":"https:\/\/schema.org","@graph":[{"@type":"WebPage","@id":"https:\/\/www.odonto.ufmg.br\/novo\/diretorio-academico-magalhaes-penido\/","url":"https:\/\/www.odonto.ufmg.br\/novo\/diretorio-academico-magalhaes-penido\/","name":"Diret\u00f3rio Acad\u00eamico Manuel Teixeira Penido - Novo Site","isPartOf":{"@id":"https:\/\/www.odonto.ufmg.br\/novo\/#website"},"datePublished":"2015-12-07T13:00:07+00:00","dateModified":"2019-03-27T18:45:36+00:00","breadcrumb":{"@id":"https:\/\/www.odonto.ufmg.br\/novo\/diretorio-academico-magalhaes-penido\/#breadcrumb"},"inLanguage":"pt-BR","potentialAction":[{"@type":"ReadAction","target":["https:\/\/www.odonto.ufmg.br\/novo\/diretorio-academico-magalhaes-penido\/"]}]},{"@type":"BreadcrumbList","@id":"https:\/\/www.odonto.ufmg.br\/novo\/diretorio-academico-magalhaes-penido\/#breadcrumb","itemListElement":[{"@type":"ListItem","position":1,"name":"In\u00edcio","item":"https:\/\/www.odonto.ufmg.br\/novo\/inicio-2\/"},{"@type":"ListItem","position":2,"name":"Diret\u00f3rio Acad\u00eamico Manuel Teixeira Penido"}]},{"@type":"WebSite","@id":"https:\/\/www.odonto.ufmg.br\/novo\/#website","url":"https:\/\/www.odonto.ufmg.br\/novo\/","name":"Novo Site","description":"Portal da Faculdade de Odontologia da Universidade Federal de Minas Gerais","publisher":{"@id":"https:\/\/www.odonto.ufmg.br\/novo\/#organization"},"potentialAction":[{"@type":"SearchAction","target":{"@type":"EntryPoint","urlTemplate":"https:\/\/www.odonto.ufmg.br\/novo\/?s={search_term_string}"},"query-input":{"@type":"PropertyValueSpecification","valueRequired":true,"valueName":"search_term_string"}}],"inLanguage":"pt-BR"},{"@type":"Organization","@id":"https:\/\/www.odonto.ufmg.br\/novo\/#organization","name":"Faculdade de Odontologia da UFMG","url":"https:\/\/www.odonto.ufmg.br\/novo\/","logo":{"@type":"ImageObject","inLanguage":"pt-BR","@id":"https:\/\/www.odonto.ufmg.br\/novo\/#\/schema\/logo\/image\/","url":"https:\/\/www.odonto.ufmg.br\/novo\/wp-content\/uploads\/sites\/32\/2015\/12\/logo-fao-ufmg.png","contentUrl":"https:\/\/www.odonto.ufmg.br\/novo\/wp-content\/uploads\/sites\/32\/2015\/12\/logo-fao-ufmg.png","width":340,"height":156,"caption":"Faculdade de Odontologia da UFMG"},"image":{"@id":"https:\/\/www.odonto.ufmg.br\/novo\/#\/schema\/logo\/image\/"},"sameAs":["https:\/\/www.facebook.com\/faoufmg\/"]}]}},"_links":{"self":[{"href":"https:\/\/www.odonto.ufmg.br\/novo\/wp-json\/wp\/v2\/pages\/4997","targetHints":{"allow":["GET"]}}],"collection":[{"href":"https:\/\/www.odonto.ufmg.br\/novo\/wp-json\/wp\/v2\/pages"}],"about":[{"href":"https:\/\/www.odonto.ufmg.br\/novo\/wp-json\/wp\/v2\/types\/page"}],"author":[{"embeddable":true,"href":"https:\/\/www.odonto.ufmg.br\/novo\/wp-json\/wp\/v2\/users\/1"}],"replies":[{"embeddable":true,"href":"https:\/\/www.odonto.ufmg.br\/novo\/wp-json\/wp\/v2\/comments?post=4997"}],"version-history":[{"count":5,"href":"https:\/\/www.odonto.ufmg.br\/novo\/wp-json\/wp\/v2\/pages\/4997\/revisions"}],"predecessor-version":[{"id":11109,"href":"https:\/\/www.odonto.ufmg.br\/novo\/wp-json\/wp\/v2\/pages\/4997\/revisions\/11109"}],"wp:attachment":[{"href":"https:\/\/www.odonto.ufmg.br\/novo\/wp-json\/wp\/v2\/media?parent=4997"}],"curies":[{"name":"wp","href":"https:\/\/api.w.org\/{rel}","templated":true}]}}