{"id":4309,"date":"2015-10-10T18:59:53","date_gmt":"2015-10-10T21:59:53","guid":{"rendered":"https:\/\/www.odonto.ufmg.br\/novo\/home\/?page_id=4309"},"modified":"2025-03-26T09:06:37","modified_gmt":"2025-03-26T12:06:37","slug":"institucional","status":"publish","type":"page","link":"https:\/\/www.odonto.ufmg.br\/novo\/institucional\/","title":{"rendered":"Institucional"},"content":{"rendered":"<div id='av_section_1'  class='avia-section av-m4ioqxwg-840a612c6eb0ebbe1afe1b5b8d5c8325 main_color avia-section-default avia-no-border-styling  avia-builder-el-0  avia-builder-el-no-sibling  avia-bg-style-scroll av-minimum-height av-minimum-height-75 av-height-75  container_wrap fullsize'   data-av_minimum_height_pc='75' data-av_min_height_opt='75'><div class='container av-section-cont-open' ><main  role=\"main\" itemprop=\"mainContentOfPage\"  class='template-page content  av-content-full alpha units'><div class='post-entry post-entry-type-page post-entry-4309'><div class='entry-content-wrapper clearfix'>\n\n<style type=\"text\/css\" data-created_by=\"avia_inline_auto\" id=\"style-css-av-hnsoit-92ce2ecb62e83ff6aca7051ff8215c41\">\n.flex_column.av-hnsoit-92ce2ecb62e83ff6aca7051ff8215c41{\nborder-radius:0px 0px 0px 0px;\npadding:0px 0px 0px 0px;\n}\n<\/style>\n<div  class='flex_column av-hnsoit-92ce2ecb62e83ff6aca7051ff8215c41 av_one_half  avia-builder-el-1  el_before_av_one_half  avia-builder-el-first  first flex_column_div av-zero-column-padding  '     ><div  class='avia-icon-list-container av-5ico5-1ab5ec7af3c0d58f8a88d7f5a1d1960f  avia-builder-el-2  avia-builder-el-no-sibling '><ul class='avia-icon-list avia_animate_when_almost_visible avia-icon-list-left av-iconlist-big av-5ico5-1ab5ec7af3c0d58f8a88d7f5a1d1960f avia-iconlist-animate'>\n<li><a href='https:\/\/www.odonto.ufmg.br\/novo\/administracao\/' title='Administra\u00e7\u00e3o'  class='iconlist_icon av-euhznp-cf8cf9b3db85229dd5bf168dfefad737 avia-font-entypo-fontello avia-iconfont avia-font-entypo-fontello'><span class='av-icon-char' data-av_icon='\ue850' data-av_iconfont='entypo-fontello' aria-hidden=\"true\"><\/span><\/a><article class=\"article-icon-entry av-iconlist-empty\"  itemscope=\"itemscope\" itemtype=\"https:\/\/schema.org\/CreativeWork\" ><div class=\"iconlist_content_wrap\"><header class=\"entry-content-header\" aria-label=\"Icon: &lt;a href=&#039;https:\/\/www.odonto.ufmg.br\/novo\/administracao\/&#039; title=&#039;Administra\u00e7\u00e3o&#039;&gt;Administra\u00e7\u00e3o&lt;\/a&gt;\"><h4 class='av_iconlist_title iconlist_title  '  itemprop=\"headline\" ><a href='https:\/\/www.odonto.ufmg.br\/novo\/administracao\/' title='Administra\u00e7\u00e3o'>Administra\u00e7\u00e3o<\/a><\/h4><\/header><div class='iconlist_content '  itemprop=\"text\" ><\/div><\/div><footer class=\"entry-footer\"><\/footer><\/article><div class=\"iconlist-timeline\"><\/div><\/li>\n<li><a href='https:\/\/www.odonto.ufmg.br\/novo\/historia\/' title='Hist\u00f3ria '  class='iconlist_icon av-191bit-13f758fd229ef25a4c0039eace12616d avia-font-entypo-fontello avia-iconfont avia-font-entypo-fontello'><span class='av-icon-char' data-av_icon='\ue837' data-av_iconfont='entypo-fontello' aria-hidden=\"true\"><\/span><\/a><article class=\"article-icon-entry av-iconlist-empty\"  itemscope=\"itemscope\" itemtype=\"https:\/\/schema.org\/CreativeWork\" ><div class=\"iconlist_content_wrap\"><header class=\"entry-content-header\" aria-label=\"Icon: &lt;a href=&#039;https:\/\/www.odonto.ufmg.br\/novo\/historia\/&#039; title=&#039;Hist\u00f3ria &#039;&gt;Hist\u00f3ria &lt;\/a&gt;\"><h4 class='av_iconlist_title iconlist_title  '  itemprop=\"headline\" ><a href='https:\/\/www.odonto.ufmg.br\/novo\/historia\/' title='Hist\u00f3ria '>Hist\u00f3ria <\/a><\/h4><\/header><div class='iconlist_content '  itemprop=\"text\" ><\/div><\/div><footer class=\"entry-footer\"><\/footer><\/article><div class=\"iconlist-timeline\"><\/div><\/li>\n<li><div class='iconlist_icon av-b3rt6d-3f14b154ba9cf49c896b397684cd53f1 avia-font-entypo-fontello avia-iconfont avia-font-entypo-fontello'><span class='av-icon-char' data-av_icon='\ue863' data-av_iconfont='entypo-fontello' aria-hidden=\"true\"><\/span><\/div><article class=\"article-icon-entry av-iconlist-empty\"  itemscope=\"itemscope\" itemtype=\"https:\/\/schema.org\/CreativeWork\" ><div class=\"iconlist_content_wrap\"><header class=\"entry-content-header\" aria-label=\"Icon: &lt;a href=&#039;https:\/\/www.odonto.ufmg.br\/novo\/institucional\/memoria\/&#039; title=&#039;Centro de Mem\u00f3ria&#039;&gt;Centro de Mem\u00f3ria&lt;\/a&gt;\"><h4 class='av_iconlist_title iconlist_title  '  itemprop=\"headline\" ><a href='https:\/\/www.odonto.ufmg.br\/novo\/institucional\/memoria\/' title='Centro de Mem\u00f3ria'>Centro de Mem\u00f3ria<\/a><\/h4><\/header><div class='iconlist_content '  itemprop=\"text\" ><\/div><\/div><footer class=\"entry-footer\"><\/footer><\/article><div class=\"iconlist-timeline\"><\/div><\/li>\n<\/ul><\/div><\/div>\n<style type=\"text\/css\" data-created_by=\"avia_inline_auto\" id=\"style-css-av-8zum45-9bda1dc5aec3d5822a0622db9c3a5e4f\">\n.flex_column.av-8zum45-9bda1dc5aec3d5822a0622db9c3a5e4f{\nborder-radius:0px 0px 0px 0px;\npadding:0px 0px 0px 0px;\n}\n<\/style>\n<div  class='flex_column av-8zum45-9bda1dc5aec3d5822a0622db9c3a5e4f av_one_half  avia-builder-el-3  el_after_av_one_half  avia-builder-el-last  flex_column_div av-zero-column-padding  '     ><div  class='avia-icon-list-container av-m8pvpt3i-af637ffa7f2df5894f77b500001cbf43  avia-builder-el-4  avia-builder-el-no-sibling '><ul class='avia-icon-list avia_animate_when_almost_visible avia-icon-list-left av-iconlist-big av-m8pvpt3i-af637ffa7f2df5894f77b500001cbf43 avia-iconlist-animate'>\n<li><a href='https:\/\/www.odonto.ufmg.br\/novo\/corpo-docente\/' title='Corpo Docente'  class='iconlist_icon av-av_iconlist_item-6eacc6e622480d5e080d6bb933636e79 avia-font-entypo-fontello avia-iconfont avia-font-entypo-fontello'><span class='av-icon-char' data-av_icon='\ue8c9' data-av_iconfont='entypo-fontello' aria-hidden=\"true\"><\/span><\/a><article class=\"article-icon-entry av-iconlist-empty\"  itemscope=\"itemscope\" itemtype=\"https:\/\/schema.org\/CreativeWork\" ><div class=\"iconlist_content_wrap\"><header class=\"entry-content-header\" aria-label=\"Icon: &lt;a href=&#039;https:\/\/www.odonto.ufmg.br\/novo\/corpo-docente\/&#039; title=&#039;Corpo Docente&#039;&gt;Corpo Docente&lt;\/a&gt;\"><h4 class='av_iconlist_title iconlist_title  '  itemprop=\"headline\" ><a href='https:\/\/www.odonto.ufmg.br\/novo\/corpo-docente\/' title='Corpo Docente'>Corpo Docente<\/a><\/h4><\/header><div class='iconlist_content '  itemprop=\"text\" ><\/div><\/div><footer class=\"entry-footer\"><\/footer><\/article><div class=\"iconlist-timeline\"><\/div><\/li>\n<li><a href='https:\/\/www.odonto.ufmg.br\/novo\/corpo-tecnico-administrativo\/' title='Corpo T\u00e9cnico'  class='iconlist_icon av-av_iconlist_item-67d3dbc6dfd8c8b22b499fc6683f9eef avia-font-entypo-fontello avia-iconfont avia-font-entypo-fontello'><span class='av-icon-char' data-av_icon='\ue83a' data-av_iconfont='entypo-fontello' aria-hidden=\"true\"><\/span><\/a><article class=\"article-icon-entry av-iconlist-empty\"  itemscope=\"itemscope\" itemtype=\"https:\/\/schema.org\/CreativeWork\" ><div class=\"iconlist_content_wrap\"><header class=\"entry-content-header\" aria-label=\"Icon: &lt;a href=&#039;https:\/\/www.odonto.ufmg.br\/novo\/corpo-tecnico-administrativo\/&#039; title=&#039;Corpo T\u00e9cnico&#039;&gt;Corpo T\u00e9cnico&lt;\/a&gt;\"><h4 class='av_iconlist_title iconlist_title  '  itemprop=\"headline\" ><a href='https:\/\/www.odonto.ufmg.br\/novo\/corpo-tecnico-administrativo\/' title='Corpo T\u00e9cnico'>Corpo T\u00e9cnico<\/a><\/h4><\/header><div class='iconlist_content '  itemprop=\"text\" ><\/div><\/div><footer class=\"entry-footer\"><\/footer><\/article><div class=\"iconlist-timeline\"><\/div><\/li>\n<li><a href='https:\/\/www.odonto.ufmg.br\/novo\/concursos\/' title='Concursos'  class='iconlist_icon av-m8pvpsf3-a74afb25c06c8c6b6632368332765b0b avia-font-entypo-fontello avia-iconfont avia-font-entypo-fontello'><span class='av-icon-char' data-av_icon='\ue849' data-av_iconfont='entypo-fontello' aria-hidden=\"true\"><\/span><\/a><article class=\"article-icon-entry av-iconlist-empty\"  itemscope=\"itemscope\" itemtype=\"https:\/\/schema.org\/CreativeWork\" ><div class=\"iconlist_content_wrap\"><header class=\"entry-content-header\" aria-label=\"Icon: &lt;a href=&#039;https:\/\/www.odonto.ufmg.br\/novo\/concursos\/&#039; title=&#039;Concursos&#039;&gt;Concursos&lt;\/a&gt;\"><h4 class='av_iconlist_title iconlist_title  '  itemprop=\"headline\" ><a href='https:\/\/www.odonto.ufmg.br\/novo\/concursos\/' title='Concursos'>Concursos<\/a><\/h4><\/header><div class='iconlist_content '  itemprop=\"text\" ><\/div><\/div><footer class=\"entry-footer\"><\/footer><\/article><div class=\"iconlist-timeline\"><\/div><\/li>\n<\/ul><\/div><\/div>\n","protected":false},"excerpt":{"rendered":"","protected":false},"author":1,"featured_media":0,"parent":0,"menu_order":0,"comment_status":"closed","ping_status":"closed","template":"","meta":{"inline_featured_image":false,"footnotes":""},"class_list":["post-4309","page","type-page","status-publish","hentry"],"yoast_head":"<!-- This site is optimized with the Yoast SEO plugin v27.3 - https:\/\/yoast.com\/product\/yoast-seo-wordpress\/ -->\n<title>Institucional - Novo Site<\/title>\n<meta name=\"robots\" content=\"index, follow, max-snippet:-1, max-image-preview:large, max-video-preview:-1\" \/>\n<link rel=\"canonical\" href=\"https:\/\/www.odonto.ufmg.br\/novo\/institucional\/\" \/>\n<meta property=\"og:locale\" content=\"pt_BR\" \/>\n<meta property=\"og:type\" content=\"article\" \/>\n<meta property=\"og:title\" content=\"Institucional - Novo Site\" \/>\n<meta property=\"og:url\" content=\"https:\/\/www.odonto.ufmg.br\/novo\/institucional\/\" \/>\n<meta property=\"og:site_name\" content=\"Novo Site\" \/>\n<meta property=\"article:publisher\" content=\"https:\/\/www.facebook.com\/faoufmg\/\" \/>\n<meta property=\"article:modified_time\" content=\"2025-03-26T12:06:37+00:00\" \/>\n<meta name=\"twitter:card\" content=\"summary_large_image\" \/>\n<meta name=\"twitter:label1\" content=\"Est. tempo de leitura\" \/>\n\t<meta name=\"twitter:data1\" content=\"1 minuto\" \/>\n<script type=\"application\/ld+json\" class=\"yoast-schema-graph\">{\"@context\":\"https:\\\/\\\/schema.org\",\"@graph\":[{\"@type\":\"WebPage\",\"@id\":\"https:\\\/\\\/www.odonto.ufmg.br\\\/novo\\\/institucional\\\/\",\"url\":\"https:\\\/\\\/www.odonto.ufmg.br\\\/novo\\\/institucional\\\/\",\"name\":\"Institucional - Novo Site\",\"isPartOf\":{\"@id\":\"https:\\\/\\\/www.odonto.ufmg.br\\\/novo\\\/#website\"},\"datePublished\":\"2015-10-10T21:59:53+00:00\",\"dateModified\":\"2025-03-26T12:06:37+00:00\",\"breadcrumb\":{\"@id\":\"https:\\\/\\\/www.odonto.ufmg.br\\\/novo\\\/institucional\\\/#breadcrumb\"},\"inLanguage\":\"pt-BR\",\"potentialAction\":[{\"@type\":\"ReadAction\",\"target\":[\"https:\\\/\\\/www.odonto.ufmg.br\\\/novo\\\/institucional\\\/\"]}]},{\"@type\":\"BreadcrumbList\",\"@id\":\"https:\\\/\\\/www.odonto.ufmg.br\\\/novo\\\/institucional\\\/#breadcrumb\",\"itemListElement\":[{\"@type\":\"ListItem\",\"position\":1,\"name\":\"In\u00edcio\",\"item\":\"https:\\\/\\\/www.odonto.ufmg.br\\\/novo\\\/inicio-2\\\/\"},{\"@type\":\"ListItem\",\"position\":2,\"name\":\"Institucional\"}]},{\"@type\":\"WebSite\",\"@id\":\"https:\\\/\\\/www.odonto.ufmg.br\\\/novo\\\/#website\",\"url\":\"https:\\\/\\\/www.odonto.ufmg.br\\\/novo\\\/\",\"name\":\"Novo Site\",\"description\":\"Portal da Faculdade de Odontologia da Universidade Federal de Minas Gerais\",\"publisher\":{\"@id\":\"https:\\\/\\\/www.odonto.ufmg.br\\\/novo\\\/#organization\"},\"potentialAction\":[{\"@type\":\"SearchAction\",\"target\":{\"@type\":\"EntryPoint\",\"urlTemplate\":\"https:\\\/\\\/www.odonto.ufmg.br\\\/novo\\\/?s={search_term_string}\"},\"query-input\":{\"@type\":\"PropertyValueSpecification\",\"valueRequired\":true,\"valueName\":\"search_term_string\"}}],\"inLanguage\":\"pt-BR\"},{\"@type\":\"Organization\",\"@id\":\"https:\\\/\\\/www.odonto.ufmg.br\\\/novo\\\/#organization\",\"name\":\"Faculdade de Odontologia da UFMG\",\"url\":\"https:\\\/\\\/www.odonto.ufmg.br\\\/novo\\\/\",\"logo\":{\"@type\":\"ImageObject\",\"inLanguage\":\"pt-BR\",\"@id\":\"https:\\\/\\\/www.odonto.ufmg.br\\\/novo\\\/#\\\/schema\\\/logo\\\/image\\\/\",\"url\":\"https:\\\/\\\/www.odonto.ufmg.br\\\/novo\\\/wp-content\\\/uploads\\\/sites\\\/32\\\/2015\\\/12\\\/logo-fao-ufmg.png\",\"contentUrl\":\"https:\\\/\\\/www.odonto.ufmg.br\\\/novo\\\/wp-content\\\/uploads\\\/sites\\\/32\\\/2015\\\/12\\\/logo-fao-ufmg.png\",\"width\":340,\"height\":156,\"caption\":\"Faculdade de Odontologia da UFMG\"},\"image\":{\"@id\":\"https:\\\/\\\/www.odonto.ufmg.br\\\/novo\\\/#\\\/schema\\\/logo\\\/image\\\/\"},\"sameAs\":[\"https:\\\/\\\/www.facebook.com\\\/faoufmg\\\/\"]}]}<\/script>\n<!-- \/ Yoast SEO plugin. -->","yoast_head_json":{"title":"Institucional - Novo Site","robots":{"index":"index","follow":"follow","max-snippet":"max-snippet:-1","max-image-preview":"max-image-preview:large","max-video-preview":"max-video-preview:-1"},"canonical":"https:\/\/www.odonto.ufmg.br\/novo\/institucional\/","og_locale":"pt_BR","og_type":"article","og_title":"Institucional - Novo Site","og_url":"https:\/\/www.odonto.ufmg.br\/novo\/institucional\/","og_site_name":"Novo Site","article_publisher":"https:\/\/www.facebook.com\/faoufmg\/","article_modified_time":"2025-03-26T12:06:37+00:00","twitter_card":"summary_large_image","twitter_misc":{"Est. tempo de leitura":"1 minuto"},"schema":{"@context":"https:\/\/schema.org","@graph":[{"@type":"WebPage","@id":"https:\/\/www.odonto.ufmg.br\/novo\/institucional\/","url":"https:\/\/www.odonto.ufmg.br\/novo\/institucional\/","name":"Institucional - Novo Site","isPartOf":{"@id":"https:\/\/www.odonto.ufmg.br\/novo\/#website"},"datePublished":"2015-10-10T21:59:53+00:00","dateModified":"2025-03-26T12:06:37+00:00","breadcrumb":{"@id":"https:\/\/www.odonto.ufmg.br\/novo\/institucional\/#breadcrumb"},"inLanguage":"pt-BR","potentialAction":[{"@type":"ReadAction","target":["https:\/\/www.odonto.ufmg.br\/novo\/institucional\/"]}]},{"@type":"BreadcrumbList","@id":"https:\/\/www.odonto.ufmg.br\/novo\/institucional\/#breadcrumb","itemListElement":[{"@type":"ListItem","position":1,"name":"In\u00edcio","item":"https:\/\/www.odonto.ufmg.br\/novo\/inicio-2\/"},{"@type":"ListItem","position":2,"name":"Institucional"}]},{"@type":"WebSite","@id":"https:\/\/www.odonto.ufmg.br\/novo\/#website","url":"https:\/\/www.odonto.ufmg.br\/novo\/","name":"Novo Site","description":"Portal da Faculdade de Odontologia da Universidade Federal de Minas Gerais","publisher":{"@id":"https:\/\/www.odonto.ufmg.br\/novo\/#organization"},"potentialAction":[{"@type":"SearchAction","target":{"@type":"EntryPoint","urlTemplate":"https:\/\/www.odonto.ufmg.br\/novo\/?s={search_term_string}"},"query-input":{"@type":"PropertyValueSpecification","valueRequired":true,"valueName":"search_term_string"}}],"inLanguage":"pt-BR"},{"@type":"Organization","@id":"https:\/\/www.odonto.ufmg.br\/novo\/#organization","name":"Faculdade de Odontologia da UFMG","url":"https:\/\/www.odonto.ufmg.br\/novo\/","logo":{"@type":"ImageObject","inLanguage":"pt-BR","@id":"https:\/\/www.odonto.ufmg.br\/novo\/#\/schema\/logo\/image\/","url":"https:\/\/www.odonto.ufmg.br\/novo\/wp-content\/uploads\/sites\/32\/2015\/12\/logo-fao-ufmg.png","contentUrl":"https:\/\/www.odonto.ufmg.br\/novo\/wp-content\/uploads\/sites\/32\/2015\/12\/logo-fao-ufmg.png","width":340,"height":156,"caption":"Faculdade de Odontologia da UFMG"},"image":{"@id":"https:\/\/www.odonto.ufmg.br\/novo\/#\/schema\/logo\/image\/"},"sameAs":["https:\/\/www.facebook.com\/faoufmg\/"]}]}},"_links":{"self":[{"href":"https:\/\/www.odonto.ufmg.br\/novo\/wp-json\/wp\/v2\/pages\/4309","targetHints":{"allow":["GET"]}}],"collection":[{"href":"https:\/\/www.odonto.ufmg.br\/novo\/wp-json\/wp\/v2\/pages"}],"about":[{"href":"https:\/\/www.odonto.ufmg.br\/novo\/wp-json\/wp\/v2\/types\/page"}],"author":[{"embeddable":true,"href":"https:\/\/www.odonto.ufmg.br\/novo\/wp-json\/wp\/v2\/users\/1"}],"replies":[{"embeddable":true,"href":"https:\/\/www.odonto.ufmg.br\/novo\/wp-json\/wp\/v2\/comments?post=4309"}],"version-history":[{"count":10,"href":"https:\/\/www.odonto.ufmg.br\/novo\/wp-json\/wp\/v2\/pages\/4309\/revisions"}],"predecessor-version":[{"id":17454,"href":"https:\/\/www.odonto.ufmg.br\/novo\/wp-json\/wp\/v2\/pages\/4309\/revisions\/17454"}],"wp:attachment":[{"href":"https:\/\/www.odonto.ufmg.br\/novo\/wp-json\/wp\/v2\/media?parent=4309"}],"curies":[{"name":"wp","href":"https:\/\/api.w.org\/{rel}","templated":true}]}}