{"id":3753,"date":"2015-09-17T17:27:16","date_gmt":"2015-09-17T20:27:16","guid":{"rendered":"http:\/\/184.168.147.247\/~fao\/?page_id=3753"},"modified":"2018-05-10T11:13:48","modified_gmt":"2018-05-10T14:13:48","slug":"memoria","status":"publish","type":"page","link":"https:\/\/www.odonto.ufmg.br\/novo\/institucional\/memoria\/","title":{"rendered":"Centro de Mem\u00f3ria"},"content":{"rendered":"\n<style type=\"text\/css\" data-created_by=\"avia_inline_auto\" id=\"style-css-av-av_slideshow_accordion-5028ac1b23c1638ad427e00ec5d83795\">\n.avia-accordion.av-av_slideshow_accordion-5028ac1b23c1638ad427e00ec5d83795{\nmax-height:375px;\n}\n.avia-accordion.av-av_slideshow_accordion-5028ac1b23c1638ad427e00ec5d83795 .aviaccordion-preview{\nwidth:25.1%;\n}\n.avia-accordion .aviaccordion-slide.av-av_slideshow_accordion-5028ac1b23c1638ad427e00ec5d83795__0{\nleft:0%;\n}\n.avia-accordion .aviaccordion-slide.av-av_slideshow_accordion-5028ac1b23c1638ad427e00ec5d83795__1{\nleft:25%;\n}\n.avia-accordion .aviaccordion-slide.av-av_slideshow_accordion-5028ac1b23c1638ad427e00ec5d83795__2{\nleft:50%;\n}\n.avia-accordion .aviaccordion-slide.av-av_slideshow_accordion-5028ac1b23c1638ad427e00ec5d83795__3{\nleft:75%;\n}\n<\/style>\n<div  id=\"accordion_slider_1\"  class='aviaccordion avia-accordion av-av_slideshow_accordion-5028ac1b23c1638ad427e00ec5d83795 aviaccordion-title-on-hover av-slideshow-manual av-loop-once ' data-slideshow-options=\"{&quot;interval&quot;:5,&quot;autoplay&quot;:false,&quot;loop_autoplay&quot;:&quot;once&quot;}\"  itemscope=\"itemscope\" itemtype=\"https:\/\/schema.org\/Blog\" ><ul class=\"aviaccordion-inner\"><li class='aviaccordion-slide av-av_slideshow_accordion-5028ac1b23c1638ad427e00ec5d83795__0 aviaccordion-slide-1' data-av-left='0'  itemscope=\"itemscope\" itemtype=\"https:\/\/schema.org\/CreativeWork\" ><a class='aviaccordion-slide-link noHover' href=\"https:\/\/www.odonto.ufmg.br\/novo\/wp-content\/uploads\/sites\/32\/2015\/09\/Imagem-1451-1030x773.jpg\" data-srcset=\"https:\/\/www.odonto.ufmg.br\/novo\/wp-content\/uploads\/sites\/32\/2015\/09\/Imagem-1451-1030x773.jpg 1030w, https:\/\/www.odonto.ufmg.br\/novo\/wp-content\/uploads\/sites\/32\/2015\/09\/Imagem-1451-80x60.jpg 80w, https:\/\/www.odonto.ufmg.br\/novo\/wp-content\/uploads\/sites\/32\/2015\/09\/Imagem-1451-300x225.jpg 300w, https:\/\/www.odonto.ufmg.br\/novo\/wp-content\/uploads\/sites\/32\/2015\/09\/Imagem-1451-1500x1125.jpg 1500w, https:\/\/www.odonto.ufmg.br\/novo\/wp-content\/uploads\/sites\/32\/2015\/09\/Imagem-1451-705x529.jpg 705w, https:\/\/www.odonto.ufmg.br\/novo\/wp-content\/uploads\/sites\/32\/2015\/09\/Imagem-1451-450x338.jpg 450w\" data-sizes=\"(max-width: 1030px) 100vw, 1030px\"  title=\"Imagem-145\" ><div class='aviaccordion-preview '><\/div><img decoding=\"async\" width=\"710\" height=\"375\" src=\"https:\/\/www.odonto.ufmg.br\/novo\/wp-content\/uploads\/sites\/32\/2015\/09\/Imagem-1451-710x375.jpg\" class=\"aviaccordion-image\" alt=\"\" \/><\/a><\/li><li class='aviaccordion-slide av-av_slideshow_accordion-5028ac1b23c1638ad427e00ec5d83795__1 aviaccordion-slide-2' data-av-left='25'  itemscope=\"itemscope\" itemtype=\"https:\/\/schema.org\/CreativeWork\" ><a class='aviaccordion-slide-link noHover' href=\"https:\/\/www.odonto.ufmg.br\/novo\/wp-content\/uploads\/sites\/32\/2015\/09\/Imagem-27811-1030x773.jpg\" data-srcset=\"https:\/\/www.odonto.ufmg.br\/novo\/wp-content\/uploads\/sites\/32\/2015\/09\/Imagem-27811-1030x773.jpg 1030w, https:\/\/www.odonto.ufmg.br\/novo\/wp-content\/uploads\/sites\/32\/2015\/09\/Imagem-27811-80x60.jpg 80w, https:\/\/www.odonto.ufmg.br\/novo\/wp-content\/uploads\/sites\/32\/2015\/09\/Imagem-27811-300x225.jpg 300w, https:\/\/www.odonto.ufmg.br\/novo\/wp-content\/uploads\/sites\/32\/2015\/09\/Imagem-27811-1500x1125.jpg 1500w, https:\/\/www.odonto.ufmg.br\/novo\/wp-content\/uploads\/sites\/32\/2015\/09\/Imagem-27811-705x529.jpg 705w, https:\/\/www.odonto.ufmg.br\/novo\/wp-content\/uploads\/sites\/32\/2015\/09\/Imagem-27811-450x338.jpg 450w\" data-sizes=\"(max-width: 1030px) 100vw, 1030px\"  title=\"Imagem-2781\" ><div class='aviaccordion-preview '><\/div><img decoding=\"async\" width=\"710\" height=\"375\" src=\"https:\/\/www.odonto.ufmg.br\/novo\/wp-content\/uploads\/sites\/32\/2015\/09\/Imagem-27811-710x375.jpg\" class=\"aviaccordion-image\" alt=\"\" \/><\/a><\/li><li class='aviaccordion-slide av-av_slideshow_accordion-5028ac1b23c1638ad427e00ec5d83795__2 aviaccordion-slide-3' data-av-left='50'  itemscope=\"itemscope\" itemtype=\"https:\/\/schema.org\/CreativeWork\" ><a class='aviaccordion-slide-link noHover' href=\"https:\/\/www.odonto.ufmg.br\/novo\/wp-content\/uploads\/sites\/32\/2015\/09\/Imagem-27711-1030x773.jpg\" data-srcset=\"https:\/\/www.odonto.ufmg.br\/novo\/wp-content\/uploads\/sites\/32\/2015\/09\/Imagem-27711-1030x773.jpg 1030w, https:\/\/www.odonto.ufmg.br\/novo\/wp-content\/uploads\/sites\/32\/2015\/09\/Imagem-27711-80x60.jpg 80w, https:\/\/www.odonto.ufmg.br\/novo\/wp-content\/uploads\/sites\/32\/2015\/09\/Imagem-27711-300x225.jpg 300w, https:\/\/www.odonto.ufmg.br\/novo\/wp-content\/uploads\/sites\/32\/2015\/09\/Imagem-27711-1500x1125.jpg 1500w, https:\/\/www.odonto.ufmg.br\/novo\/wp-content\/uploads\/sites\/32\/2015\/09\/Imagem-27711-705x529.jpg 705w, https:\/\/www.odonto.ufmg.br\/novo\/wp-content\/uploads\/sites\/32\/2015\/09\/Imagem-27711-450x338.jpg 450w\" data-sizes=\"(max-width: 1030px) 100vw, 1030px\"  title=\"Imagem-2771\" ><div class='aviaccordion-preview '><\/div><img decoding=\"async\" width=\"710\" height=\"375\" src=\"https:\/\/www.odonto.ufmg.br\/novo\/wp-content\/uploads\/sites\/32\/2015\/09\/Imagem-27711-710x375.jpg\" class=\"aviaccordion-image\" alt=\"\" \/><\/a><\/li><li class='aviaccordion-slide av-av_slideshow_accordion-5028ac1b23c1638ad427e00ec5d83795__3 aviaccordion-slide-4' data-av-left='75'  itemscope=\"itemscope\" itemtype=\"https:\/\/schema.org\/CreativeWork\" ><a class='aviaccordion-slide-link noHover' href=\"https:\/\/www.odonto.ufmg.br\/novo\/wp-content\/uploads\/sites\/32\/2015\/09\/Imagem-2731-1030x773.jpg\" data-srcset=\"https:\/\/www.odonto.ufmg.br\/novo\/wp-content\/uploads\/sites\/32\/2015\/09\/Imagem-2731-1030x773.jpg 1030w, https:\/\/www.odonto.ufmg.br\/novo\/wp-content\/uploads\/sites\/32\/2015\/09\/Imagem-2731-80x60.jpg 80w, https:\/\/www.odonto.ufmg.br\/novo\/wp-content\/uploads\/sites\/32\/2015\/09\/Imagem-2731-300x225.jpg 300w, https:\/\/www.odonto.ufmg.br\/novo\/wp-content\/uploads\/sites\/32\/2015\/09\/Imagem-2731-1500x1125.jpg 1500w, https:\/\/www.odonto.ufmg.br\/novo\/wp-content\/uploads\/sites\/32\/2015\/09\/Imagem-2731-705x529.jpg 705w, https:\/\/www.odonto.ufmg.br\/novo\/wp-content\/uploads\/sites\/32\/2015\/09\/Imagem-2731-450x338.jpg 450w\" data-sizes=\"(max-width: 1030px) 100vw, 1030px\"  title=\"Imagem-273\" ><div class='aviaccordion-preview '><\/div><img decoding=\"async\" width=\"710\" height=\"375\" src=\"https:\/\/www.odonto.ufmg.br\/novo\/wp-content\/uploads\/sites\/32\/2015\/09\/Imagem-2731-710x375.jpg\" class=\"aviaccordion-image\" alt=\"\" \/><\/a><\/li><\/ul><div class='aviaccordion-spacer' style='padding-bottom:52.816901408451%'><\/div><\/div>\n\n<style type=\"text\/css\" data-created_by=\"avia_inline_auto\" id=\"style-css-av-av_font_icon-2221a1c0d218d81797e11a23423e251f\">\n.av_font_icon.av-av_font_icon-2221a1c0d218d81797e11a23423e251f{\ncolor:#b02b2c;\nborder-color:#b02b2c;\n}\n.avia-svg-icon.av-av_font_icon-2221a1c0d218d81797e11a23423e251f svg:first-child{\nstroke:#b02b2c;\nfill:#b02b2c;\n}\n.av_font_icon.av-av_font_icon-2221a1c0d218d81797e11a23423e251f .av-icon-char{\nfont-size:70px;\nline-height:70px;\n}\n<\/style>\n<span  class='av_font_icon av-av_font_icon-2221a1c0d218d81797e11a23423e251f avia_animate_when_visible av-icon-style- avia-icon-pos-center avia-iconfont avia-font-entypo-fontello avia-icon-animate'><span class='av-icon-char' data-av_icon='\ue8bf' data-av_iconfont='entypo-fontello' aria-hidden=\"true\" ><\/span><\/span>\n\n<style type=\"text\/css\" data-created_by=\"avia_inline_auto\" id=\"style-css-av-av_one_full-6126cab7d8fab8d08143dd2dacdf673c\">\n.flex_column.av-av_one_full-6126cab7d8fab8d08143dd2dacdf673c{\nborder-radius:0px 0px 0px 0px;\npadding:0px 0px 0px 0px;\n}\n<\/style>\n<div  class='flex_column av-av_one_full-6126cab7d8fab8d08143dd2dacdf673c av_one_full  avia-builder-el-2  el_after_av_font_icon  el_before_av_heading  first flex_column_div av-zero-column-padding  '     ><section  class='av_textblock_section av-av_textblock-0366cc7376be6c9e82a3e9cc8987b64f '   itemscope=\"itemscope\" itemtype=\"https:\/\/schema.org\/CreativeWork\" ><div class='avia_textblock'  itemprop=\"text\" ><p>O Centro de Mem\u00f3ria (CMO) \u00e9 um dos \u00f3rg\u00e3os acad\u00eamicos e administrativos complementares da Faculdade de Odontologia, de acordo com a Resolu\u00e7\u00e3o n\u00ba 02\/2013, de 30\/09\/2013 (cap\u00edtulo II, art. 4\u00ba).<\/p>\n<p>Foi criado, em 2008, no bojo das comemora\u00e7\u00f5es do centen\u00e1rio da Faculdade de Odontologia e tinha como proposta de <em>atuar como laborat\u00f3rio de pesquisa hist\u00f3rica e social, espa\u00e7o de organiza\u00e7\u00e3o arquiv\u00edstica de acervos documentais e memorial\u00edsticos e, principalmente, como espa\u00e7o museol\u00f3gico destinado \u00e0 preserva\u00e7\u00e3o dessa mem\u00f3ria no \u00e2mbito das atividades de ensino de gradua\u00e7\u00e3o e p\u00f3s-gradua\u00e7\u00e3o, pesquisa e extens\u00e3o.<\/em><\/p>\n<p>Faz parte da Rede de Museus e Espa\u00e7os de Ci\u00eancia e Cultura da UFMG.<\/p>\n<\/div><\/section><\/div>\n<style type=\"text\/css\" data-created_by=\"avia_inline_auto\" id=\"style-css-av-av_heading-138b95d89e81721b60da0a88899c7150\">\n#top .av-special-heading.av-av_heading-138b95d89e81721b60da0a88899c7150{\npadding-bottom:10px;\n}\nbody .av-special-heading.av-av_heading-138b95d89e81721b60da0a88899c7150 .av-special-heading-tag .heading-char{\nfont-size:25px;\n}\n.av-special-heading.av-av_heading-138b95d89e81721b60da0a88899c7150 .av-subheading{\nfont-size:15px;\n}\n<\/style>\n<div  class='av-special-heading av-av_heading-138b95d89e81721b60da0a88899c7150 av-special-heading-h3 blockquote modern-quote  avia-builder-el-4  el_after_av_one_full  el_before_av_one_full '><h3 class='av-special-heading-tag '  itemprop=\"headline\"  >Sala de Exposi\u00e7\u00e3o Permanente do Centro de Mem\u00f3ria<\/h3><div class=\"special-heading-border\"><div class=\"special-heading-inner-border\"><\/div><\/div><\/div><\/p>\n\n<style type=\"text\/css\" data-created_by=\"avia_inline_auto\" id=\"style-css-av-av_one_full-6126cab7d8fab8d08143dd2dacdf673c\">\n.flex_column.av-av_one_full-6126cab7d8fab8d08143dd2dacdf673c{\nborder-radius:0px 0px 0px 0px;\npadding:0px 0px 0px 0px;\n}\n<\/style>\n<div  class='flex_column av-av_one_full-6126cab7d8fab8d08143dd2dacdf673c av_one_full  avia-builder-el-5  el_after_av_heading  el_before_av_font_icon  first flex_column_div av-zero-column-padding  '     ><section  class='av_textblock_section av-av_textblock-0366cc7376be6c9e82a3e9cc8987b64f '   itemscope=\"itemscope\" itemtype=\"https:\/\/schema.org\/CreativeWork\" ><div class='avia_textblock'  itemprop=\"text\" ><p>Est\u00e1 localizada no hall principal da Faculdade de Odontologia e se constitui em um espa\u00e7o destinado a uma exposi\u00e7\u00e3o permanente inaugurada em 2012.<\/p>\n<p>A exposi\u00e7\u00e3o apresenta, al\u00e9m de acervo proveniente da pr\u00f3pria Faculdade, uma s\u00e9rie de instrumentos de trabalho de Affonsino Altivo Diniz<em>,<\/em> um dentista-pr\u00e1tico que atuou na cidade de Santa Luzia, na regi\u00e3o metropolitana de Belo Horizonte, entre o final do s\u00e9culo XIX e meados do s\u00e9culo XX.<\/p>\n<p>O acervo foi doado pela fam\u00edlia do falecido dentista-pr\u00e1tico em 2008 e \u00e9 constitu\u00eddo por materiais diversos, confeccionados em metal, tecido, madeira, porcelana, vidro, papel, couro, borrachas, cer\u00e2mica e m\u00e1rmore.<\/p>\n<\/div><\/section><\/div>\n<style type=\"text\/css\" data-created_by=\"avia_inline_auto\" id=\"style-css-av-av_font_icon-2221a1c0d218d81797e11a23423e251f\">\n.av_font_icon.av-av_font_icon-2221a1c0d218d81797e11a23423e251f{\ncolor:#b02b2c;\nborder-color:#b02b2c;\n}\n.avia-svg-icon.av-av_font_icon-2221a1c0d218d81797e11a23423e251f svg:first-child{\nstroke:#b02b2c;\nfill:#b02b2c;\n}\n.av_font_icon.av-av_font_icon-2221a1c0d218d81797e11a23423e251f .av-icon-char{\nfont-size:70px;\nline-height:70px;\n}\n<\/style>\n<span  class='av_font_icon av-av_font_icon-2221a1c0d218d81797e11a23423e251f avia_animate_when_visible av-icon-style- avia-icon-pos-center avia-iconfont avia-font-entypo-fontello avia-icon-animate'><span class='av-icon-char' data-av_icon='\ue8bf' data-av_iconfont='entypo-fontello' aria-hidden=\"true\" ><\/span><\/span><\/p>\n","protected":false},"excerpt":{"rendered":"","protected":false},"author":1,"featured_media":0,"parent":4309,"menu_order":0,"comment_status":"closed","ping_status":"closed","template":"","meta":{"inline_featured_image":false,"footnotes":""},"class_list":["post-3753","page","type-page","status-publish","hentry"],"yoast_head":"<!-- This site is optimized with the Yoast SEO plugin v27.3 - https:\/\/yoast.com\/product\/yoast-seo-wordpress\/ -->\n<title>Centro de Mem\u00f3ria - Novo Site<\/title>\n<meta name=\"description\" content=\"Ao completar cem anos de hist\u00f3ria, a Faculdade de Odontologia da UFMG monumentalizou essa passagem temporal criando o seu Centro de Mem\u00f3ria. Como espa\u00e7o museol\u00f3gico, esse Centro de Mem\u00f3ria norteia-se pela defini\u00e7\u00e3o de museu do IPHAN &quot;os museus s\u00e3o casas que guardam e apresentam sonhos, sentimentos, pensamentos e institui\u00e7\u00f5es que ganham corpo atrav\u00e9s de imagens, cores, sons e formas&quot;, ciente de que isso se d\u00e1 pela produ\u00e7\u00e3o cont\u00ednua do conhecimento.\" \/>\n<meta name=\"robots\" content=\"index, follow, max-snippet:-1, max-image-preview:large, max-video-preview:-1\" \/>\n<link rel=\"canonical\" href=\"https:\/\/www.odonto.ufmg.br\/novo\/institucional\/memoria\/\" \/>\n<meta property=\"og:locale\" content=\"pt_BR\" \/>\n<meta property=\"og:type\" content=\"article\" \/>\n<meta property=\"og:title\" content=\"Centro de Mem\u00f3ria - Novo Site\" \/>\n<meta property=\"og:description\" content=\"Ao completar cem anos de hist\u00f3ria, a Faculdade de Odontologia da UFMG monumentalizou essa passagem temporal criando o seu Centro de Mem\u00f3ria. Como espa\u00e7o museol\u00f3gico, esse Centro de Mem\u00f3ria norteia-se pela defini\u00e7\u00e3o de museu do IPHAN &quot;os museus s\u00e3o casas que guardam e apresentam sonhos, sentimentos, pensamentos e institui\u00e7\u00f5es que ganham corpo atrav\u00e9s de imagens, cores, sons e formas&quot;, ciente de que isso se d\u00e1 pela produ\u00e7\u00e3o cont\u00ednua do conhecimento.\" \/>\n<meta property=\"og:url\" content=\"https:\/\/www.odonto.ufmg.br\/novo\/institucional\/memoria\/\" \/>\n<meta property=\"og:site_name\" content=\"Novo Site\" \/>\n<meta property=\"article:publisher\" content=\"https:\/\/www.facebook.com\/faoufmg\/\" \/>\n<meta property=\"article:modified_time\" content=\"2018-05-10T14:13:48+00:00\" \/>\n<meta name=\"twitter:card\" content=\"summary_large_image\" \/>\n<meta name=\"twitter:label1\" content=\"Est. tempo de leitura\" \/>\n\t<meta name=\"twitter:data1\" content=\"3 minutos\" \/>\n<script type=\"application\/ld+json\" class=\"yoast-schema-graph\">{\"@context\":\"https:\\\/\\\/schema.org\",\"@graph\":[{\"@type\":\"WebPage\",\"@id\":\"https:\\\/\\\/www.odonto.ufmg.br\\\/novo\\\/institucional\\\/memoria\\\/\",\"url\":\"https:\\\/\\\/www.odonto.ufmg.br\\\/novo\\\/institucional\\\/memoria\\\/\",\"name\":\"Centro de Mem\u00f3ria - Novo Site\",\"isPartOf\":{\"@id\":\"https:\\\/\\\/www.odonto.ufmg.br\\\/novo\\\/#website\"},\"datePublished\":\"2015-09-17T20:27:16+00:00\",\"dateModified\":\"2018-05-10T14:13:48+00:00\",\"description\":\"Ao completar cem anos de hist\u00f3ria, a Faculdade de Odontologia da UFMG monumentalizou essa passagem temporal criando o seu Centro de Mem\u00f3ria. Como espa\u00e7o museol\u00f3gico, esse Centro de Mem\u00f3ria norteia-se pela defini\u00e7\u00e3o de museu do IPHAN \\\"os museus s\u00e3o casas que guardam e apresentam sonhos, sentimentos, pensamentos e institui\u00e7\u00f5es que ganham corpo atrav\u00e9s de imagens, cores, sons e formas\\\", ciente de que isso se d\u00e1 pela produ\u00e7\u00e3o cont\u00ednua do conhecimento.\",\"breadcrumb\":{\"@id\":\"https:\\\/\\\/www.odonto.ufmg.br\\\/novo\\\/institucional\\\/memoria\\\/#breadcrumb\"},\"inLanguage\":\"pt-BR\",\"potentialAction\":[{\"@type\":\"ReadAction\",\"target\":[\"https:\\\/\\\/www.odonto.ufmg.br\\\/novo\\\/institucional\\\/memoria\\\/\"]}]},{\"@type\":\"BreadcrumbList\",\"@id\":\"https:\\\/\\\/www.odonto.ufmg.br\\\/novo\\\/institucional\\\/memoria\\\/#breadcrumb\",\"itemListElement\":[{\"@type\":\"ListItem\",\"position\":1,\"name\":\"In\u00edcio\",\"item\":\"https:\\\/\\\/www.odonto.ufmg.br\\\/novo\\\/inicio-2\\\/\"},{\"@type\":\"ListItem\",\"position\":2,\"name\":\"Institucional\",\"item\":\"https:\\\/\\\/www.odonto.ufmg.br\\\/novo\\\/institucional\\\/\"},{\"@type\":\"ListItem\",\"position\":3,\"name\":\"Centro de Mem\u00f3ria\"}]},{\"@type\":\"WebSite\",\"@id\":\"https:\\\/\\\/www.odonto.ufmg.br\\\/novo\\\/#website\",\"url\":\"https:\\\/\\\/www.odonto.ufmg.br\\\/novo\\\/\",\"name\":\"Novo Site\",\"description\":\"Portal da Faculdade de Odontologia da Universidade Federal de Minas Gerais\",\"publisher\":{\"@id\":\"https:\\\/\\\/www.odonto.ufmg.br\\\/novo\\\/#organization\"},\"potentialAction\":[{\"@type\":\"SearchAction\",\"target\":{\"@type\":\"EntryPoint\",\"urlTemplate\":\"https:\\\/\\\/www.odonto.ufmg.br\\\/novo\\\/?s={search_term_string}\"},\"query-input\":{\"@type\":\"PropertyValueSpecification\",\"valueRequired\":true,\"valueName\":\"search_term_string\"}}],\"inLanguage\":\"pt-BR\"},{\"@type\":\"Organization\",\"@id\":\"https:\\\/\\\/www.odonto.ufmg.br\\\/novo\\\/#organization\",\"name\":\"Faculdade de Odontologia da UFMG\",\"url\":\"https:\\\/\\\/www.odonto.ufmg.br\\\/novo\\\/\",\"logo\":{\"@type\":\"ImageObject\",\"inLanguage\":\"pt-BR\",\"@id\":\"https:\\\/\\\/www.odonto.ufmg.br\\\/novo\\\/#\\\/schema\\\/logo\\\/image\\\/\",\"url\":\"https:\\\/\\\/www.odonto.ufmg.br\\\/novo\\\/wp-content\\\/uploads\\\/sites\\\/32\\\/2015\\\/12\\\/logo-fao-ufmg.png\",\"contentUrl\":\"https:\\\/\\\/www.odonto.ufmg.br\\\/novo\\\/wp-content\\\/uploads\\\/sites\\\/32\\\/2015\\\/12\\\/logo-fao-ufmg.png\",\"width\":340,\"height\":156,\"caption\":\"Faculdade de Odontologia da UFMG\"},\"image\":{\"@id\":\"https:\\\/\\\/www.odonto.ufmg.br\\\/novo\\\/#\\\/schema\\\/logo\\\/image\\\/\"},\"sameAs\":[\"https:\\\/\\\/www.facebook.com\\\/faoufmg\\\/\"]}]}<\/script>\n<!-- \/ Yoast SEO plugin. -->","yoast_head_json":{"title":"Centro de Mem\u00f3ria - Novo Site","description":"Ao completar cem anos de hist\u00f3ria, a Faculdade de Odontologia da UFMG monumentalizou essa passagem temporal criando o seu Centro de Mem\u00f3ria. Como espa\u00e7o museol\u00f3gico, esse Centro de Mem\u00f3ria norteia-se pela defini\u00e7\u00e3o de museu do IPHAN \"os museus s\u00e3o casas que guardam e apresentam sonhos, sentimentos, pensamentos e institui\u00e7\u00f5es que ganham corpo atrav\u00e9s de imagens, cores, sons e formas\", ciente de que isso se d\u00e1 pela produ\u00e7\u00e3o cont\u00ednua do conhecimento.","robots":{"index":"index","follow":"follow","max-snippet":"max-snippet:-1","max-image-preview":"max-image-preview:large","max-video-preview":"max-video-preview:-1"},"canonical":"https:\/\/www.odonto.ufmg.br\/novo\/institucional\/memoria\/","og_locale":"pt_BR","og_type":"article","og_title":"Centro de Mem\u00f3ria - Novo Site","og_description":"Ao completar cem anos de hist\u00f3ria, a Faculdade de Odontologia da UFMG monumentalizou essa passagem temporal criando o seu Centro de Mem\u00f3ria. Como espa\u00e7o museol\u00f3gico, esse Centro de Mem\u00f3ria norteia-se pela defini\u00e7\u00e3o de museu do IPHAN \"os museus s\u00e3o casas que guardam e apresentam sonhos, sentimentos, pensamentos e institui\u00e7\u00f5es que ganham corpo atrav\u00e9s de imagens, cores, sons e formas\", ciente de que isso se d\u00e1 pela produ\u00e7\u00e3o cont\u00ednua do conhecimento.","og_url":"https:\/\/www.odonto.ufmg.br\/novo\/institucional\/memoria\/","og_site_name":"Novo Site","article_publisher":"https:\/\/www.facebook.com\/faoufmg\/","article_modified_time":"2018-05-10T14:13:48+00:00","twitter_card":"summary_large_image","twitter_misc":{"Est. tempo de leitura":"3 minutos"},"schema":{"@context":"https:\/\/schema.org","@graph":[{"@type":"WebPage","@id":"https:\/\/www.odonto.ufmg.br\/novo\/institucional\/memoria\/","url":"https:\/\/www.odonto.ufmg.br\/novo\/institucional\/memoria\/","name":"Centro de Mem\u00f3ria - Novo Site","isPartOf":{"@id":"https:\/\/www.odonto.ufmg.br\/novo\/#website"},"datePublished":"2015-09-17T20:27:16+00:00","dateModified":"2018-05-10T14:13:48+00:00","description":"Ao completar cem anos de hist\u00f3ria, a Faculdade de Odontologia da UFMG monumentalizou essa passagem temporal criando o seu Centro de Mem\u00f3ria. Como espa\u00e7o museol\u00f3gico, esse Centro de Mem\u00f3ria norteia-se pela defini\u00e7\u00e3o de museu do IPHAN \"os museus s\u00e3o casas que guardam e apresentam sonhos, sentimentos, pensamentos e institui\u00e7\u00f5es que ganham corpo atrav\u00e9s de imagens, cores, sons e formas\", ciente de que isso se d\u00e1 pela produ\u00e7\u00e3o cont\u00ednua do conhecimento.","breadcrumb":{"@id":"https:\/\/www.odonto.ufmg.br\/novo\/institucional\/memoria\/#breadcrumb"},"inLanguage":"pt-BR","potentialAction":[{"@type":"ReadAction","target":["https:\/\/www.odonto.ufmg.br\/novo\/institucional\/memoria\/"]}]},{"@type":"BreadcrumbList","@id":"https:\/\/www.odonto.ufmg.br\/novo\/institucional\/memoria\/#breadcrumb","itemListElement":[{"@type":"ListItem","position":1,"name":"In\u00edcio","item":"https:\/\/www.odonto.ufmg.br\/novo\/inicio-2\/"},{"@type":"ListItem","position":2,"name":"Institucional","item":"https:\/\/www.odonto.ufmg.br\/novo\/institucional\/"},{"@type":"ListItem","position":3,"name":"Centro de Mem\u00f3ria"}]},{"@type":"WebSite","@id":"https:\/\/www.odonto.ufmg.br\/novo\/#website","url":"https:\/\/www.odonto.ufmg.br\/novo\/","name":"Novo Site","description":"Portal da Faculdade de Odontologia da Universidade Federal de Minas Gerais","publisher":{"@id":"https:\/\/www.odonto.ufmg.br\/novo\/#organization"},"potentialAction":[{"@type":"SearchAction","target":{"@type":"EntryPoint","urlTemplate":"https:\/\/www.odonto.ufmg.br\/novo\/?s={search_term_string}"},"query-input":{"@type":"PropertyValueSpecification","valueRequired":true,"valueName":"search_term_string"}}],"inLanguage":"pt-BR"},{"@type":"Organization","@id":"https:\/\/www.odonto.ufmg.br\/novo\/#organization","name":"Faculdade de Odontologia da UFMG","url":"https:\/\/www.odonto.ufmg.br\/novo\/","logo":{"@type":"ImageObject","inLanguage":"pt-BR","@id":"https:\/\/www.odonto.ufmg.br\/novo\/#\/schema\/logo\/image\/","url":"https:\/\/www.odonto.ufmg.br\/novo\/wp-content\/uploads\/sites\/32\/2015\/12\/logo-fao-ufmg.png","contentUrl":"https:\/\/www.odonto.ufmg.br\/novo\/wp-content\/uploads\/sites\/32\/2015\/12\/logo-fao-ufmg.png","width":340,"height":156,"caption":"Faculdade de Odontologia da UFMG"},"image":{"@id":"https:\/\/www.odonto.ufmg.br\/novo\/#\/schema\/logo\/image\/"},"sameAs":["https:\/\/www.facebook.com\/faoufmg\/"]}]}},"_links":{"self":[{"href":"https:\/\/www.odonto.ufmg.br\/novo\/wp-json\/wp\/v2\/pages\/3753","targetHints":{"allow":["GET"]}}],"collection":[{"href":"https:\/\/www.odonto.ufmg.br\/novo\/wp-json\/wp\/v2\/pages"}],"about":[{"href":"https:\/\/www.odonto.ufmg.br\/novo\/wp-json\/wp\/v2\/types\/page"}],"author":[{"embeddable":true,"href":"https:\/\/www.odonto.ufmg.br\/novo\/wp-json\/wp\/v2\/users\/1"}],"replies":[{"embeddable":true,"href":"https:\/\/www.odonto.ufmg.br\/novo\/wp-json\/wp\/v2\/comments?post=3753"}],"version-history":[{"count":5,"href":"https:\/\/www.odonto.ufmg.br\/novo\/wp-json\/wp\/v2\/pages\/3753\/revisions"}],"predecessor-version":[{"id":12314,"href":"https:\/\/www.odonto.ufmg.br\/novo\/wp-json\/wp\/v2\/pages\/3753\/revisions\/12314"}],"up":[{"embeddable":true,"href":"https:\/\/www.odonto.ufmg.br\/novo\/wp-json\/wp\/v2\/pages\/4309"}],"wp:attachment":[{"href":"https:\/\/www.odonto.ufmg.br\/novo\/wp-json\/wp\/v2\/media?parent=3753"}],"curies":[{"name":"wp","href":"https:\/\/api.w.org\/{rel}","templated":true}]}}