{"id":17232,"date":"2025-01-24T11:06:51","date_gmt":"2025-01-24T14:06:51","guid":{"rendered":"https:\/\/www.odonto.ufmg.br\/novo\/?page_id=17232"},"modified":"2025-01-24T11:10:39","modified_gmt":"2025-01-24T14:10:39","slug":"laboratorios","status":"publish","type":"page","link":"https:\/\/www.odonto.ufmg.br\/novo\/laboratorios\/","title":{"rendered":"Laborat\u00f3rios"},"content":{"rendered":"\n<style type=\"text\/css\" data-created_by=\"avia_inline_auto\" id=\"style-css-av-m6atn6h2-752380cf02c25860600f373888b3b554\">\n#top .av-special-heading.av-m6atn6h2-752380cf02c25860600f373888b3b554{\npadding-bottom:10px;\ncolor:#831d1c;\n}\nbody .av-special-heading.av-m6atn6h2-752380cf02c25860600f373888b3b554 .av-special-heading-tag .heading-char{\nfont-size:25px;\n}\n.av-special-heading.av-m6atn6h2-752380cf02c25860600f373888b3b554 .special-heading-inner-border{\nborder-color:#831d1c;\n}\n.av-special-heading.av-m6atn6h2-752380cf02c25860600f373888b3b554 .av-subheading{\nfont-size:15px;\n}\n<\/style>\n<div  class='av-special-heading av-m6atn6h2-752380cf02c25860600f373888b3b554 av-special-heading-h1 custom-color-heading blockquote elegant-quote elegant-centered  avia-builder-el-0  el_before_av_section  avia-builder-el-no-sibling '><h1 class='av-special-heading-tag '  itemprop=\"headline\"  ><span class=\"heading-wrap\">LABORAT\u00d3RIOS<\/span><\/h1><div class=\"special-heading-border\"><div class=\"special-heading-inner-border\"><\/div><\/div><\/div>\n<\/div><\/div><\/div><!-- close content main div --><\/div><\/div><div id='av_section_1'  class='avia-section av-2eayxo0-bb21c8edeeaa619ec89244f52b03c395 main_color avia-section-default avia-no-border-styling  avia-builder-el-1  el_after_av_heading  el_before_av_slideshow_full  avia-bg-style-scroll container_wrap fullsize'  ><div class='container av-section-cont-open' ><div class='template-page content  av-content-full alpha units'><div class='post-entry post-entry-type-page post-entry-17232'><div class='entry-content-wrapper clearfix'>\n\n<style type=\"text\/css\" data-created_by=\"avia_inline_auto\" id=\"style-css-av-m6atodcp-01acb58b21f3eea6a978891d5e4cbd2c\">\n#top .av_textblock_section.av-m6atodcp-01acb58b21f3eea6a978891d5e4cbd2c .avia_textblock{\ncolor:#000000;\n}\n<\/style>\n<section  class='av_textblock_section av-m6atodcp-01acb58b21f3eea6a978891d5e4cbd2c '   itemscope=\"itemscope\" itemtype=\"https:\/\/schema.org\/CreativeWork\" ><div class='avia_textblock av_inherit_color'  itemprop=\"text\" ><h3 style=\"text-align: center;\"><strong>O STI mant\u00e9m os laborat\u00f3rios do pr\u00e9dio da Faculdade de Odontologia para realiza\u00e7\u00e3o de aulas que necessitem apoio de Tecnologia da Informa\u00e7\u00e3o, e na realiza\u00e7\u00e3o de pesquisas, acesso \u00e0 internet e a publica\u00e7\u00f5es espec\u00edficas e edi\u00e7\u00e3o de documentos.<\/strong><\/h3>\n<\/div><\/section>\n<\/div><\/div><\/div><!-- close content main div --><\/div><\/div><div id='full_slider_1'  class='avia-fullwidth-slider main_color avia-shadow   avia-builder-el-3  el_after_av_section  el_before_av_hr   slider-not-first container_wrap fullsize'  ><div  class='avia-slideshow av-m6au7f70-116edac865e2090ff273b3491b58b9d5 avia-slideshow-no scaling av_slideshow_full avia-slide-slider av-slideshow-ui av-control-default av-slideshow-manual av-loop-once av-loop-manual-endless av-default-height-applied  image_no_stretch avia-slideshow-1' data-slideshow-options=\"{&quot;animation&quot;:&quot;slide&quot;,&quot;autoplay&quot;:false,&quot;loop_autoplay&quot;:&quot;once&quot;,&quot;interval&quot;:5,&quot;loop_manual&quot;:&quot;manual-endless&quot;,&quot;autoplay_stopper&quot;:false,&quot;noNavigation&quot;:false,&quot;bg_slider&quot;:false,&quot;keep_padding&quot;:false,&quot;hoverpause&quot;:false,&quot;show_slide_delay&quot;:0}\"  itemprop=\"image\" itemscope=\"itemscope\" itemtype=\"https:\/\/schema.org\/ImageObject\" ><ul class='avia-slideshow-inner ' style='padding-bottom: 43.84765625%;'><li  class='avia-slideshow-slide av-m6au7f70-116edac865e2090ff273b3491b58b9d5__0  av-single-slide slide-1 slide-odd'><div data-rel='slideshow-1' class='avia-slide-wrap '   ><img decoding=\"async\" fetchpriority=\"high\" class=\"wp-image-17233 avia-img-lazy-loading-not-17233\"  src=\"https:\/\/www.odonto.ufmg.br\/novo\/wp-content\/uploads\/sites\/32\/2025\/01\/Inserir-um-titulo.png\" width=\"1024\" height=\"449\" title='Inserir um t\u00edtulo' alt=''  itemprop=\"thumbnailUrl\" srcset=\"https:\/\/www.odonto.ufmg.br\/novo\/wp-content\/uploads\/sites\/32\/2025\/01\/Inserir-um-titulo.png 1024w, https:\/\/www.odonto.ufmg.br\/novo\/wp-content\/uploads\/sites\/32\/2025\/01\/Inserir-um-titulo-300x132.png 300w, https:\/\/www.odonto.ufmg.br\/novo\/wp-content\/uploads\/sites\/32\/2025\/01\/Inserir-um-titulo-80x35.png 80w, https:\/\/www.odonto.ufmg.br\/novo\/wp-content\/uploads\/sites\/32\/2025\/01\/Inserir-um-titulo-768x337.png 768w, https:\/\/www.odonto.ufmg.br\/novo\/wp-content\/uploads\/sites\/32\/2025\/01\/Inserir-um-titulo-705x309.png 705w\" sizes=\"(max-width: 1024px) 100vw, 1024px\" \/><\/div><\/li><\/ul><\/div><\/div><div id='after_full_slider_1'  class='main_color av_default_container_wrap container_wrap fullsize'  ><div class='container av-section-cont-open' ><div class='template-page content  av-content-full alpha units'><div class='post-entry post-entry-type-page post-entry-17232'><div class='entry-content-wrapper clearfix'><\/p>\n<div  class='hr av-av_hr-f04ef840c2b66cff6c43fead44ee8d66 hr-default  avia-builder-el-4  el_after_av_slideshow_full  el_before_av_section  avia-builder-el-no-sibling '><span class='hr-inner '><span class=\"hr-inner-style\"><\/span><\/span><\/div>\n<\/div><\/div><\/div><!-- close content main div --><\/div><\/div>\n<style type=\"text\/css\" data-created_by=\"avia_inline_auto\" id=\"style-css-av-5o81sg-86bbbc058094462cec07eabd62bcbecf\">\n.avia-section.av-5o81sg-86bbbc058094462cec07eabd62bcbecf{\nbackground-color:#dbdbdb;\nbackground-image:unset;\n}\n<\/style>\n<div id='av_section_2'  class='avia-section av-5o81sg-86bbbc058094462cec07eabd62bcbecf main_color avia-section-default avia-no-border-styling  avia-builder-el-5  el_after_av_hr  el_before_av_heading  avia-bg-style-scroll container_wrap fullsize'  ><div class='container av-section-cont-open' ><div class='template-page content  av-content-full alpha units'><div class='post-entry post-entry-type-page post-entry-17232'><div class='entry-content-wrapper clearfix'>\n<div  class='flex_column av-17vpsog-6e5264a9f7aa1c96234ad9edab87be82 av_one_half  avia-builder-el-6  el_before_av_one_half  avia-builder-el-first  first flex_column_div  '     ><p>\n<style type=\"text\/css\" data-created_by=\"avia_inline_auto\" id=\"style-css-av-m6au1ed8-811892ae8ac6a1e8517fcf273f4918a2\">\n#top .av-special-heading.av-m6au1ed8-811892ae8ac6a1e8517fcf273f4918a2{\npadding-bottom:10px;\ncolor:#831d1c;\n}\nbody .av-special-heading.av-m6au1ed8-811892ae8ac6a1e8517fcf273f4918a2 .av-special-heading-tag .heading-char{\nfont-size:25px;\ncolor:#000000;\npadding-bottom:10px;\n}\nbody .av-special-heading.av-m6au1ed8-811892ae8ac6a1e8517fcf273f4918a2 .av-special-heading-tag .heading-char.avia-svg-icon svg:first-child{\nfill:#000000;\nstroke:#000000;\n}\n.av-special-heading.av-m6au1ed8-811892ae8ac6a1e8517fcf273f4918a2 .special-heading-inner-border{\nborder-color:#831d1c;\n}\n.av-special-heading.av-m6au1ed8-811892ae8ac6a1e8517fcf273f4918a2 .av-subheading{\nfont-size:15px;\n}\n<\/style>\n<div  class='av-special-heading av-m6au1ed8-811892ae8ac6a1e8517fcf273f4918a2 av-special-heading-h3 custom-color-heading blockquote elegant-quote elegant-centered  avia-builder-el-7  el_before_av_textblock  avia-builder-el-first  av-icon'><h3 class='av-special-heading-tag '  itemprop=\"headline\"  ><span class='heading-char avia-iconfont avia-font-entypo-fontello' data-av_icon='\ue8ab' data-av_iconfont='entypo-fontello' ><\/span><span class=\"heading-wrap\">Configura\u00e7\u00f5es B\u00e1sicas dos Equipamentos<\/span><\/h3><div class=\"special-heading-border\"><div class=\"special-heading-inner-border\"><\/div><\/div><\/div><br \/>\n<section  class='av_textblock_section av-m6au2pkb-1bae61ab3feecdf18c3c41f55d31b07c '   itemscope=\"itemscope\" itemtype=\"https:\/\/schema.org\/CreativeWork\" ><div class='avia_textblock'  itemprop=\"text\" ><h4 style=\"text-align: center;\"><strong>\u2022 Windows 10 Pro<\/strong><\/h4>\n<h4 style=\"text-align: center;\">\n<strong>\u2022 Libre Office<\/strong><\/h4>\n<h4 style=\"text-align: center;\">\n<strong>\u2022 Mozilla Firefox<\/strong><\/h4>\n<h4 style=\"text-align: center;\">\n<strong>\u2022 Google Chrome<\/strong><\/h4>\n<h4 style=\"text-align: center;\">\n<strong>\u2022 Adobe Acrobat<\/strong><\/h4>\n<\/div><\/section><\/p><\/div><div  class='flex_column av-mt7jzk-fee9c07d825fa562eebfdce7f417c3c7 av_one_half  avia-builder-el-9  el_after_av_one_half  avia-builder-el-last  flex_column_div  '     ><p>\n<style type=\"text\/css\" data-created_by=\"avia_inline_auto\" id=\"style-css-av-m6au3nmc-34197b50d58c2bc83c707598216626de\">\n#top .av-special-heading.av-m6au3nmc-34197b50d58c2bc83c707598216626de{\npadding-bottom:10px;\ncolor:#831d1c;\n}\nbody .av-special-heading.av-m6au3nmc-34197b50d58c2bc83c707598216626de .av-special-heading-tag .heading-char{\nfont-size:25px;\ncolor:#000000;\npadding-bottom:10px;\n}\nbody .av-special-heading.av-m6au3nmc-34197b50d58c2bc83c707598216626de .av-special-heading-tag .heading-char.avia-svg-icon svg:first-child{\nfill:#000000;\nstroke:#000000;\n}\n.av-special-heading.av-m6au3nmc-34197b50d58c2bc83c707598216626de .special-heading-inner-border{\nborder-color:#831d1c;\n}\n.av-special-heading.av-m6au3nmc-34197b50d58c2bc83c707598216626de .av-subheading{\nfont-size:15px;\n}\n<\/style>\n<div  class='av-special-heading av-m6au3nmc-34197b50d58c2bc83c707598216626de av-special-heading-h3 custom-color-heading blockquote elegant-quote elegant-centered  avia-builder-el-10  el_before_av_textblock  avia-builder-el-first  av-icon'><h3 class='av-special-heading-tag '  itemprop=\"headline\"  ><span class='heading-char avia-iconfont avia-font-entypo-fontello' data-av_icon='\ue85b' data-av_iconfont='entypo-fontello' ><\/span><span class=\"heading-wrap\">Reserva de Laborat\u00f3rio<\/span><\/h3><div class=\"special-heading-border\"><div class=\"special-heading-inner-border\"><\/div><\/div><\/div><br \/>\n<section  class='av_textblock_section av-m6au3y50-353c0cadff275dff1bc102e635a13dff '   itemscope=\"itemscope\" itemtype=\"https:\/\/schema.org\/CreativeWork\" ><div class='avia_textblock'  itemprop=\"text\" ><h4 style=\"text-align: center;\">\u2028Acesse o sistema de Reserva de Salas na Intranet para agendar aulas no laborat\u00f3rio desejado. A\u00a0reserva de salas ou laborat\u00f3rios est\u00e1 dispon\u00edvel apenas para professores e funcion\u00e1rios.<\/h4>\n<\/div><\/section><\/p><\/div><\/div><\/div><\/div><!-- close content main div --><\/div><\/div><div id='after_section_2'  class='main_color av_default_container_wrap container_wrap fullsize'  ><div class='container av-section-cont-open' ><div class='template-page content  av-content-full alpha units'><div class='post-entry post-entry-type-page post-entry-17232'><div class='entry-content-wrapper clearfix'>\n<style type=\"text\/css\" data-created_by=\"avia_inline_auto\" id=\"style-css-av-m6au4oec-e159de35b09237078cd29056e45f08c7\">\n#top .av-special-heading.av-m6au4oec-e159de35b09237078cd29056e45f08c7{\npadding-bottom:10px;\ncolor:#831d1c;\n}\nbody .av-special-heading.av-m6au4oec-e159de35b09237078cd29056e45f08c7 .av-special-heading-tag .heading-char{\nfont-size:25px;\n}\n.av-special-heading.av-m6au4oec-e159de35b09237078cd29056e45f08c7 .special-heading-inner-border{\nborder-color:#831d1c;\n}\n.av-special-heading.av-m6au4oec-e159de35b09237078cd29056e45f08c7 .av-subheading{\nfont-size:15px;\n}\n<\/style>\n<div  class='av-special-heading av-m6au4oec-e159de35b09237078cd29056e45f08c7 av-special-heading-h2 custom-color-heading blockquote elegant-quote elegant-centered  avia-builder-el-12  el_after_av_section  el_before_av_textblock  avia-builder-el-first '><h2 class='av-special-heading-tag '  itemprop=\"headline\"  ><span class=\"heading-wrap\">ATEN\u00c7\u00c3O<\/span><\/h2><div class=\"special-heading-border\"><div class=\"special-heading-inner-border\"><\/div><\/div><\/div><\/p>\n<section  class='av_textblock_section av-m6au5fh6-46f88a6763b405ac5496802e0ddf171d '   itemscope=\"itemscope\" itemtype=\"https:\/\/schema.org\/CreativeWork\" ><div class='avia_textblock'  itemprop=\"text\" ><h4 style=\"text-align: center;\">\nVisando preservar a propriedade intelectual dos usu\u00e1rios, informamos que para sua seguran\u00e7a\u00a0todos os arquivos armazenados nas m\u00e1quinas dos laborat\u00f3rios ser\u00e3o apagados no momento do desligamento.\u00a0Solicitamos que os arquivos sejam criados e salvos em m\u00eddia remov\u00edvel (ex: pendrive) ou remotamente via e-mail ou servi\u00e7o de armazenamento em nuvem (ex: Google Drive, SkyDrive, Dropbox).\u00a0A pasta do professor tamb\u00e9m ser\u00e1 limpa no fim do dia. Esta medida faz parte do programa de manuten\u00e7\u00e3o preventiva para garantia do bom funcionamento do laborat\u00f3rio.<\/h4>\n<h4 style=\"text-align: center;\">\nO STI n\u00e3o se se responsabiliza pelos arquivos dos usu\u00e1rios.<\/h4>\n<\/div><\/section>\n","protected":false},"excerpt":{"rendered":"","protected":false},"author":68,"featured_media":0,"parent":0,"menu_order":0,"comment_status":"closed","ping_status":"closed","template":"","meta":{"inline_featured_image":false,"footnotes":""},"class_list":["post-17232","page","type-page","status-publish","hentry"],"yoast_head":"<!-- This site is optimized with the Yoast SEO plugin v27.3 - https:\/\/yoast.com\/product\/yoast-seo-wordpress\/ -->\n<title>Laborat\u00f3rios - Novo Site<\/title>\n<meta name=\"robots\" content=\"index, follow, max-snippet:-1, max-image-preview:large, max-video-preview:-1\" \/>\n<link rel=\"canonical\" href=\"https:\/\/www.odonto.ufmg.br\/novo\/laboratorios\/\" \/>\n<meta property=\"og:locale\" content=\"pt_BR\" \/>\n<meta property=\"og:type\" content=\"article\" \/>\n<meta property=\"og:title\" content=\"Laborat\u00f3rios - Novo Site\" \/>\n<meta property=\"og:url\" content=\"https:\/\/www.odonto.ufmg.br\/novo\/laboratorios\/\" \/>\n<meta property=\"og:site_name\" content=\"Novo Site\" \/>\n<meta property=\"article:publisher\" content=\"https:\/\/www.facebook.com\/faoufmg\/\" \/>\n<meta property=\"article:modified_time\" content=\"2025-01-24T14:10:39+00:00\" \/>\n<meta name=\"twitter:card\" content=\"summary_large_image\" \/>\n<meta name=\"twitter:label1\" content=\"Est. tempo de leitura\" \/>\n\t<meta name=\"twitter:data1\" content=\"2 minutos\" \/>\n<script type=\"application\/ld+json\" class=\"yoast-schema-graph\">{\"@context\":\"https:\\\/\\\/schema.org\",\"@graph\":[{\"@type\":\"WebPage\",\"@id\":\"https:\\\/\\\/www.odonto.ufmg.br\\\/novo\\\/laboratorios\\\/\",\"url\":\"https:\\\/\\\/www.odonto.ufmg.br\\\/novo\\\/laboratorios\\\/\",\"name\":\"Laborat\u00f3rios - Novo Site\",\"isPartOf\":{\"@id\":\"https:\\\/\\\/www.odonto.ufmg.br\\\/novo\\\/#website\"},\"datePublished\":\"2025-01-24T14:06:51+00:00\",\"dateModified\":\"2025-01-24T14:10:39+00:00\",\"breadcrumb\":{\"@id\":\"https:\\\/\\\/www.odonto.ufmg.br\\\/novo\\\/laboratorios\\\/#breadcrumb\"},\"inLanguage\":\"pt-BR\",\"potentialAction\":[{\"@type\":\"ReadAction\",\"target\":[\"https:\\\/\\\/www.odonto.ufmg.br\\\/novo\\\/laboratorios\\\/\"]}]},{\"@type\":\"BreadcrumbList\",\"@id\":\"https:\\\/\\\/www.odonto.ufmg.br\\\/novo\\\/laboratorios\\\/#breadcrumb\",\"itemListElement\":[{\"@type\":\"ListItem\",\"position\":1,\"name\":\"In\u00edcio\",\"item\":\"https:\\\/\\\/www.odonto.ufmg.br\\\/novo\\\/inicio-2\\\/\"},{\"@type\":\"ListItem\",\"position\":2,\"name\":\"Laborat\u00f3rios\"}]},{\"@type\":\"WebSite\",\"@id\":\"https:\\\/\\\/www.odonto.ufmg.br\\\/novo\\\/#website\",\"url\":\"https:\\\/\\\/www.odonto.ufmg.br\\\/novo\\\/\",\"name\":\"Novo Site\",\"description\":\"Portal da Faculdade de Odontologia da Universidade Federal de Minas Gerais\",\"publisher\":{\"@id\":\"https:\\\/\\\/www.odonto.ufmg.br\\\/novo\\\/#organization\"},\"potentialAction\":[{\"@type\":\"SearchAction\",\"target\":{\"@type\":\"EntryPoint\",\"urlTemplate\":\"https:\\\/\\\/www.odonto.ufmg.br\\\/novo\\\/?s={search_term_string}\"},\"query-input\":{\"@type\":\"PropertyValueSpecification\",\"valueRequired\":true,\"valueName\":\"search_term_string\"}}],\"inLanguage\":\"pt-BR\"},{\"@type\":\"Organization\",\"@id\":\"https:\\\/\\\/www.odonto.ufmg.br\\\/novo\\\/#organization\",\"name\":\"Faculdade de Odontologia da UFMG\",\"url\":\"https:\\\/\\\/www.odonto.ufmg.br\\\/novo\\\/\",\"logo\":{\"@type\":\"ImageObject\",\"inLanguage\":\"pt-BR\",\"@id\":\"https:\\\/\\\/www.odonto.ufmg.br\\\/novo\\\/#\\\/schema\\\/logo\\\/image\\\/\",\"url\":\"https:\\\/\\\/www.odonto.ufmg.br\\\/novo\\\/wp-content\\\/uploads\\\/sites\\\/32\\\/2015\\\/12\\\/logo-fao-ufmg.png\",\"contentUrl\":\"https:\\\/\\\/www.odonto.ufmg.br\\\/novo\\\/wp-content\\\/uploads\\\/sites\\\/32\\\/2015\\\/12\\\/logo-fao-ufmg.png\",\"width\":340,\"height\":156,\"caption\":\"Faculdade de Odontologia da UFMG\"},\"image\":{\"@id\":\"https:\\\/\\\/www.odonto.ufmg.br\\\/novo\\\/#\\\/schema\\\/logo\\\/image\\\/\"},\"sameAs\":[\"https:\\\/\\\/www.facebook.com\\\/faoufmg\\\/\"]}]}<\/script>\n<!-- \/ Yoast SEO plugin. -->","yoast_head_json":{"title":"Laborat\u00f3rios - Novo Site","robots":{"index":"index","follow":"follow","max-snippet":"max-snippet:-1","max-image-preview":"max-image-preview:large","max-video-preview":"max-video-preview:-1"},"canonical":"https:\/\/www.odonto.ufmg.br\/novo\/laboratorios\/","og_locale":"pt_BR","og_type":"article","og_title":"Laborat\u00f3rios - Novo Site","og_url":"https:\/\/www.odonto.ufmg.br\/novo\/laboratorios\/","og_site_name":"Novo Site","article_publisher":"https:\/\/www.facebook.com\/faoufmg\/","article_modified_time":"2025-01-24T14:10:39+00:00","twitter_card":"summary_large_image","twitter_misc":{"Est. tempo de leitura":"2 minutos"},"schema":{"@context":"https:\/\/schema.org","@graph":[{"@type":"WebPage","@id":"https:\/\/www.odonto.ufmg.br\/novo\/laboratorios\/","url":"https:\/\/www.odonto.ufmg.br\/novo\/laboratorios\/","name":"Laborat\u00f3rios - Novo Site","isPartOf":{"@id":"https:\/\/www.odonto.ufmg.br\/novo\/#website"},"datePublished":"2025-01-24T14:06:51+00:00","dateModified":"2025-01-24T14:10:39+00:00","breadcrumb":{"@id":"https:\/\/www.odonto.ufmg.br\/novo\/laboratorios\/#breadcrumb"},"inLanguage":"pt-BR","potentialAction":[{"@type":"ReadAction","target":["https:\/\/www.odonto.ufmg.br\/novo\/laboratorios\/"]}]},{"@type":"BreadcrumbList","@id":"https:\/\/www.odonto.ufmg.br\/novo\/laboratorios\/#breadcrumb","itemListElement":[{"@type":"ListItem","position":1,"name":"In\u00edcio","item":"https:\/\/www.odonto.ufmg.br\/novo\/inicio-2\/"},{"@type":"ListItem","position":2,"name":"Laborat\u00f3rios"}]},{"@type":"WebSite","@id":"https:\/\/www.odonto.ufmg.br\/novo\/#website","url":"https:\/\/www.odonto.ufmg.br\/novo\/","name":"Novo Site","description":"Portal da Faculdade de Odontologia da Universidade Federal de Minas Gerais","publisher":{"@id":"https:\/\/www.odonto.ufmg.br\/novo\/#organization"},"potentialAction":[{"@type":"SearchAction","target":{"@type":"EntryPoint","urlTemplate":"https:\/\/www.odonto.ufmg.br\/novo\/?s={search_term_string}"},"query-input":{"@type":"PropertyValueSpecification","valueRequired":true,"valueName":"search_term_string"}}],"inLanguage":"pt-BR"},{"@type":"Organization","@id":"https:\/\/www.odonto.ufmg.br\/novo\/#organization","name":"Faculdade de Odontologia da UFMG","url":"https:\/\/www.odonto.ufmg.br\/novo\/","logo":{"@type":"ImageObject","inLanguage":"pt-BR","@id":"https:\/\/www.odonto.ufmg.br\/novo\/#\/schema\/logo\/image\/","url":"https:\/\/www.odonto.ufmg.br\/novo\/wp-content\/uploads\/sites\/32\/2015\/12\/logo-fao-ufmg.png","contentUrl":"https:\/\/www.odonto.ufmg.br\/novo\/wp-content\/uploads\/sites\/32\/2015\/12\/logo-fao-ufmg.png","width":340,"height":156,"caption":"Faculdade de Odontologia da UFMG"},"image":{"@id":"https:\/\/www.odonto.ufmg.br\/novo\/#\/schema\/logo\/image\/"},"sameAs":["https:\/\/www.facebook.com\/faoufmg\/"]}]}},"_links":{"self":[{"href":"https:\/\/www.odonto.ufmg.br\/novo\/wp-json\/wp\/v2\/pages\/17232","targetHints":{"allow":["GET"]}}],"collection":[{"href":"https:\/\/www.odonto.ufmg.br\/novo\/wp-json\/wp\/v2\/pages"}],"about":[{"href":"https:\/\/www.odonto.ufmg.br\/novo\/wp-json\/wp\/v2\/types\/page"}],"author":[{"embeddable":true,"href":"https:\/\/www.odonto.ufmg.br\/novo\/wp-json\/wp\/v2\/users\/68"}],"replies":[{"embeddable":true,"href":"https:\/\/www.odonto.ufmg.br\/novo\/wp-json\/wp\/v2\/comments?post=17232"}],"version-history":[{"count":8,"href":"https:\/\/www.odonto.ufmg.br\/novo\/wp-json\/wp\/v2\/pages\/17232\/revisions"}],"predecessor-version":[{"id":17242,"href":"https:\/\/www.odonto.ufmg.br\/novo\/wp-json\/wp\/v2\/pages\/17232\/revisions\/17242"}],"wp:attachment":[{"href":"https:\/\/www.odonto.ufmg.br\/novo\/wp-json\/wp\/v2\/media?parent=17232"}],"curies":[{"name":"wp","href":"https:\/\/api.w.org\/{rel}","templated":true}]}}