{"id":17227,"date":"2025-01-24T10:46:03","date_gmt":"2025-01-24T13:46:03","guid":{"rendered":"https:\/\/www.odonto.ufmg.br\/novo\/?page_id=17227"},"modified":"2025-01-24T10:47:18","modified_gmt":"2025-01-24T13:47:18","slug":"manutencao-e-consultoria","status":"publish","type":"page","link":"https:\/\/www.odonto.ufmg.br\/novo\/manutencao-e-consultoria\/","title":{"rendered":"Manuten\u00e7\u00e3o e Consultoria"},"content":{"rendered":"\n<style type=\"text\/css\" data-created_by=\"avia_inline_auto\" id=\"style-css-av-m6at0wga-c4b66c3ed898908f314ec3e767ec2885\">\n#top .av-special-heading.av-m6at0wga-c4b66c3ed898908f314ec3e767ec2885{\npadding-bottom:10px;\ncolor:#831d1c;\n}\nbody .av-special-heading.av-m6at0wga-c4b66c3ed898908f314ec3e767ec2885 .av-special-heading-tag .heading-char{\nfont-size:25px;\n}\n.av-special-heading.av-m6at0wga-c4b66c3ed898908f314ec3e767ec2885 .special-heading-inner-border{\nborder-color:#831d1c;\n}\n.av-special-heading.av-m6at0wga-c4b66c3ed898908f314ec3e767ec2885 .av-subheading{\nfont-size:15px;\n}\n<\/style>\n<div  class='av-special-heading av-m6at0wga-c4b66c3ed898908f314ec3e767ec2885 av-special-heading-h1 custom-color-heading blockquote elegant-quote elegant-centered  avia-builder-el-0  el_before_av_section  avia-builder-el-no-sibling '><h1 class='av-special-heading-tag '  itemprop=\"headline\"  ><span class=\"heading-wrap\">MANUTEN\u00c7\u00c3O E CONSULTORIA<\/span><\/h1><div class=\"special-heading-border\"><div class=\"special-heading-inner-border\"><\/div><\/div><\/div>\n<\/div><\/div><\/div><!-- close content main div --><\/div><\/div>\n<style type=\"text\/css\" data-created_by=\"avia_inline_auto\" id=\"style-css-av-1mv8t2j-cb1f98108a5d75188a78944ae0989ace\">\n.avia-section.av-1mv8t2j-cb1f98108a5d75188a78944ae0989ace{\nbackground-color:#dbdbdb;\nbackground-image:unset;\n}\n<\/style>\n<div id='av_section_1'  class='avia-section av-1mv8t2j-cb1f98108a5d75188a78944ae0989ace main_color avia-section-default avia-no-border-styling  avia-builder-el-1  el_after_av_heading  el_before_av_section  avia-bg-style-scroll container_wrap fullsize'  ><div class='container av-section-cont-open' ><div class='template-page content  av-content-full alpha units'><div class='post-entry post-entry-type-page post-entry-17227'><div class='entry-content-wrapper clearfix'>\n\n<style type=\"text\/css\" data-created_by=\"avia_inline_auto\" id=\"style-css-av-m6at2v41-c6435dcc5808e85f98f4e529897b8a27\">\n#top .av-special-heading.av-m6at2v41-c6435dcc5808e85f98f4e529897b8a27{\npadding-bottom:10px;\ncolor:#831d1c;\n}\nbody .av-special-heading.av-m6at2v41-c6435dcc5808e85f98f4e529897b8a27 .av-special-heading-tag .heading-char{\nfont-size:25px;\n}\n.av-special-heading.av-m6at2v41-c6435dcc5808e85f98f4e529897b8a27 .special-heading-inner-border{\nborder-color:#831d1c;\n}\n.av-special-heading.av-m6at2v41-c6435dcc5808e85f98f4e529897b8a27 .av-subheading{\nfont-size:15px;\n}\n<\/style>\n<div  class='av-special-heading av-m6at2v41-c6435dcc5808e85f98f4e529897b8a27 av-special-heading-h2 custom-color-heading blockquote elegant-quote elegant-centered  avia-builder-el-2  el_before_av_textblock  avia-builder-el-first '><h2 class='av-special-heading-tag '  itemprop=\"headline\"  ><span class=\"heading-wrap\">MANUTEN\u00c7\u00c3O<\/span><\/h2><div class=\"special-heading-border\"><div class=\"special-heading-inner-border\"><\/div><\/div><\/div>\n\n<style type=\"text\/css\" data-created_by=\"avia_inline_auto\" id=\"style-css-av-m6at3ara-50e5bfe7e007f6697092ebf366452a64\">\n#top .av_textblock_section.av-m6at3ara-50e5bfe7e007f6697092ebf366452a64 .avia_textblock{\ncolor:#000000;\n}\n<\/style>\n<section  class='av_textblock_section av-m6at3ara-50e5bfe7e007f6697092ebf366452a64 '   itemscope=\"itemscope\" itemtype=\"https:\/\/schema.org\/CreativeWork\" ><div class='avia_textblock av_inherit_color'  itemprop=\"text\" ><p style=\"text-align: center;\"><strong>O STI realiza manuten\u00e7\u00e3o de equipamentos de inform\u00e1tica patrimoniados na Faculdade de Odontologia a partir da abertura de chamados pelo Sistema de Suporte da Inform\u00e1tica dispon\u00edvel na\u00a0Intranet.\u00a0<\/strong><\/p>\n<p style=\"text-align: center;\"><strong>ESTE SERVI\u00c7O N\u00c3O EST\u00c1 DISPON\u00cdVEL PARA EQUIPAMENTOS PARTICULARES.<\/strong><\/p>\n<\/div><\/section>\n<\/div><\/div><\/div><!-- close content main div --><\/div><\/div><div id='av_section_2'  class='avia-section av-1dho12j-9c3f1b50b05719e6487898fd71fa7248 main_color avia-section-default avia-no-border-styling  avia-builder-el-4  el_after_av_section  el_before_av_section  avia-bg-style-scroll container_wrap fullsize'  ><div class='container av-section-cont-open' ><div class='template-page content  av-content-full alpha units'><div class='post-entry post-entry-type-page post-entry-17227'><div class='entry-content-wrapper clearfix'>\n\n<style type=\"text\/css\" data-created_by=\"avia_inline_auto\" id=\"style-css-av-m6at41s0-2ed4cc7c82e9699daf58166e86df35bc\">\n#top .av-special-heading.av-m6at41s0-2ed4cc7c82e9699daf58166e86df35bc{\npadding-bottom:10px;\ncolor:#831d1c;\n}\nbody .av-special-heading.av-m6at41s0-2ed4cc7c82e9699daf58166e86df35bc .av-special-heading-tag .heading-char{\nfont-size:25px;\n}\n.av-special-heading.av-m6at41s0-2ed4cc7c82e9699daf58166e86df35bc .special-heading-inner-border{\nborder-color:#831d1c;\n}\n.av-special-heading.av-m6at41s0-2ed4cc7c82e9699daf58166e86df35bc .av-subheading{\nfont-size:15px;\n}\n<\/style>\n<div  class='av-special-heading av-m6at41s0-2ed4cc7c82e9699daf58166e86df35bc av-special-heading-h2 custom-color-heading blockquote elegant-quote elegant-centered  avia-builder-el-5  el_before_av_textblock  avia-builder-el-first '><h2 class='av-special-heading-tag '  itemprop=\"headline\"  ><span class=\"heading-wrap\">TUTORIAIS<\/span><\/h2><div class=\"special-heading-border\"><div class=\"special-heading-inner-border\"><\/div><\/div><\/div>\n\n<style type=\"text\/css\" data-created_by=\"avia_inline_auto\" id=\"style-css-av-m6atbarl-789f763cb45b56f77e0466f77a6e3807\">\n#top .av_textblock_section.av-m6atbarl-789f763cb45b56f77e0466f77a6e3807 .avia_textblock{\ncolor:#000000;\n}\n<\/style>\n<section  class='av_textblock_section av-m6atbarl-789f763cb45b56f77e0466f77a6e3807 '   itemscope=\"itemscope\" itemtype=\"https:\/\/schema.org\/CreativeWork\" ><div class='avia_textblock av_inherit_color'  itemprop=\"text\" ><p style=\"text-align: center;\"><strong>Antes de entrar em contato ou procurar assist\u00eancia, verifique se o que procura consta nos tutoriais:<\/strong><\/p>\n<p style=\"text-align: center;\">\n<a href=\"https:\/\/helpx.adobe.com\/br\/acrobat\/user-guide.html\"><strong>\u2022 Acesso a Arquivos PDF<\/strong><\/a><\/p>\n<p style=\"text-align: center;\"><a href=\"https:\/\/www.redesemfio.ufmg.br\/\"><strong>\u2022\u00a0 Acesso \u00e0 rede wi-fi (sem fio)<\/strong><br \/>\n<\/a><\/p>\n<\/div><\/section>\n<\/p>\n<\/div><\/div><\/div><!-- close content main div --><\/div><\/div>\n<style type=\"text\/css\" data-created_by=\"avia_inline_auto\" id=\"style-css-av-p5xjd7-b0239a863c557e12d01f6e98ada3e18c\">\n.avia-section.av-p5xjd7-b0239a863c557e12d01f6e98ada3e18c{\nbackground-color:#dbdbdb;\nbackground-image:unset;\n}\n<\/style>\n<div id='av_section_3'  class='avia-section av-p5xjd7-b0239a863c557e12d01f6e98ada3e18c main_color avia-section-default avia-no-border-styling  avia-builder-el-7  el_after_av_section  el_before_av_heading  avia-bg-style-scroll container_wrap fullsize'  ><div class='container av-section-cont-open' ><div class='template-page content  av-content-full alpha units'><div class='post-entry post-entry-type-page post-entry-17227'><div class='entry-content-wrapper clearfix'>\n\n<style type=\"text\/css\" data-created_by=\"avia_inline_auto\" id=\"style-css-av-m6atc0u7-42573d93e3ca3315cf2fa4482f4427c7\">\n#top .av-special-heading.av-m6atc0u7-42573d93e3ca3315cf2fa4482f4427c7{\npadding-bottom:10px;\ncolor:#831d1c;\n}\nbody .av-special-heading.av-m6atc0u7-42573d93e3ca3315cf2fa4482f4427c7 .av-special-heading-tag .heading-char{\nfont-size:25px;\n}\n.av-special-heading.av-m6atc0u7-42573d93e3ca3315cf2fa4482f4427c7 .special-heading-inner-border{\nborder-color:#831d1c;\n}\n.av-special-heading.av-m6atc0u7-42573d93e3ca3315cf2fa4482f4427c7 .av-subheading{\nfont-size:15px;\n}\n<\/style>\n<div  class='av-special-heading av-m6atc0u7-42573d93e3ca3315cf2fa4482f4427c7 av-special-heading-h2 custom-color-heading blockquote elegant-quote elegant-centered  avia-builder-el-8  el_before_av_textblock  avia-builder-el-first '><h2 class='av-special-heading-tag '  itemprop=\"headline\"  ><span class=\"heading-wrap\">CONSULTORIA T\u00c9CNICA<\/span><\/h2><div class=\"special-heading-border\"><div class=\"special-heading-inner-border\"><\/div><\/div><\/div>\n\n<style type=\"text\/css\" data-created_by=\"avia_inline_auto\" id=\"style-css-av-m6atd620-be5ce23418d06171df83c7cb387a8879\">\n#top .av_textblock_section.av-m6atd620-be5ce23418d06171df83c7cb387a8879 .avia_textblock{\ncolor:#000000;\n}\n<\/style>\n<section  class='av_textblock_section av-m6atd620-be5ce23418d06171df83c7cb387a8879 '   itemscope=\"itemscope\" itemtype=\"https:\/\/schema.org\/CreativeWork\" ><div class='avia_textblock av_inherit_color'  itemprop=\"text\" ><p style=\"text-align: center;\"><strong>A equipe do STI presta ainda aux\u00edlio \u00e0 diretoria e aos departamentos para:<\/strong><\/p>\n<p style=\"text-align: center;\">\n<strong>\u2022 Recep\u00e7\u00e3o t\u00e9cnica de equipamentos adquiridos<\/strong><\/p>\n<p style=\"text-align: center;\">\n<strong> \u2022 Especifica\u00e7\u00e3o de equipamentos para aquisi\u00e7\u00e3o pelo Setor de Compras<\/strong><\/p>\n<p style=\"text-align: center;\">\n<strong> \u2022 Defini\u00e7\u00e3o de requisitos para sele\u00e7\u00e3o de profissionais de inform\u00e1tica e afins<\/strong><\/p>\n<p style=\"text-align: center;\"><strong>\u2022\u00a0 Emiss\u00e3o de laudo para substitui\u00e7\u00e3o ou manuten\u00e7\u00e3o externa de equipamentos<\/strong><\/p>\n<\/div><\/section>\n<\/div><\/div><\/div><!-- close content main div --><\/div><\/div><div id='after_section_3'  class='main_color av_default_container_wrap container_wrap fullsize'  ><div class='container av-section-cont-open' ><div class='template-page content  av-content-full alpha units'><div class='post-entry post-entry-type-page post-entry-17227'><div class='entry-content-wrapper clearfix'>\n\n<style type=\"text\/css\" data-created_by=\"avia_inline_auto\" id=\"style-css-av-m6atdyk0-732e7ea07e9a0684efdf92e670e2df6a\">\n#top .av-special-heading.av-m6atdyk0-732e7ea07e9a0684efdf92e670e2df6a{\npadding-bottom:10px;\ncolor:#831d1c;\n}\nbody .av-special-heading.av-m6atdyk0-732e7ea07e9a0684efdf92e670e2df6a .av-special-heading-tag .heading-char{\nfont-size:25px;\n}\n.av-special-heading.av-m6atdyk0-732e7ea07e9a0684efdf92e670e2df6a .special-heading-inner-border{\nborder-color:#831d1c;\n}\n.av-special-heading.av-m6atdyk0-732e7ea07e9a0684efdf92e670e2df6a .av-subheading{\nfont-size:15px;\n}\n<\/style>\n<div  class='av-special-heading av-m6atdyk0-732e7ea07e9a0684efdf92e670e2df6a av-special-heading-h2 custom-color-heading blockquote elegant-quote elegant-centered  avia-builder-el-10  el_after_av_section  el_before_av_textblock  avia-builder-el-first '><h2 class='av-special-heading-tag '  itemprop=\"headline\"  ><span class=\"heading-wrap\">HOR\u00c1RIO DE FUNCIONAMENTO<\/span><\/h2><div class=\"special-heading-border\"><div class=\"special-heading-inner-border\"><\/div><\/div><\/div>\n\n<style type=\"text\/css\" data-created_by=\"avia_inline_auto\" id=\"style-css-av-m6ateoo9-8fdfd5504d49eab3f385f6f4da3a9a31\">\n#top .av_textblock_section.av-m6ateoo9-8fdfd5504d49eab3f385f6f4da3a9a31 .avia_textblock{\ncolor:#000000;\n}\n<\/style>\n<section  class='av_textblock_section av-m6ateoo9-8fdfd5504d49eab3f385f6f4da3a9a31 '   itemscope=\"itemscope\" itemtype=\"https:\/\/schema.org\/CreativeWork\" ><div class='avia_textblock av_inherit_color'  itemprop=\"text\" ><h2 style=\"text-align: center;\"><strong>De segunda a sexta-feira,\u2028das 8h \u00e0s 17h.<\/strong><\/h2>\n<\/div><\/section>\n","protected":false},"excerpt":{"rendered":"","protected":false},"author":68,"featured_media":0,"parent":0,"menu_order":0,"comment_status":"closed","ping_status":"closed","template":"","meta":{"inline_featured_image":false,"footnotes":""},"class_list":["post-17227","page","type-page","status-publish","hentry"],"yoast_head":"<!-- This site is optimized with the Yoast SEO plugin v27.5 - https:\/\/yoast.com\/product\/yoast-seo-wordpress\/ -->\n<title>Manuten\u00e7\u00e3o e Consultoria - Novo Site<\/title>\n<meta name=\"robots\" content=\"index, follow, max-snippet:-1, max-image-preview:large, max-video-preview:-1\" \/>\n<link rel=\"canonical\" href=\"https:\/\/www.odonto.ufmg.br\/novo\/manutencao-e-consultoria\/\" \/>\n<meta property=\"og:locale\" content=\"pt_BR\" \/>\n<meta property=\"og:type\" content=\"article\" \/>\n<meta property=\"og:title\" content=\"Manuten\u00e7\u00e3o e Consultoria - Novo Site\" \/>\n<meta property=\"og:url\" content=\"https:\/\/www.odonto.ufmg.br\/novo\/manutencao-e-consultoria\/\" \/>\n<meta property=\"og:site_name\" content=\"Novo Site\" \/>\n<meta property=\"article:publisher\" content=\"https:\/\/www.facebook.com\/faoufmg\/\" \/>\n<meta property=\"article:modified_time\" content=\"2025-01-24T13:47:18+00:00\" \/>\n<meta name=\"twitter:card\" content=\"summary_large_image\" \/>\n<meta name=\"twitter:label1\" content=\"Est. tempo de leitura\" \/>\n\t<meta name=\"twitter:data1\" content=\"1 minuto\" \/>\n<script type=\"application\/ld+json\" class=\"yoast-schema-graph\">{\"@context\":\"https:\\\/\\\/schema.org\",\"@graph\":[{\"@type\":\"WebPage\",\"@id\":\"https:\\\/\\\/www.odonto.ufmg.br\\\/novo\\\/manutencao-e-consultoria\\\/\",\"url\":\"https:\\\/\\\/www.odonto.ufmg.br\\\/novo\\\/manutencao-e-consultoria\\\/\",\"name\":\"Manuten\u00e7\u00e3o e Consultoria - Novo Site\",\"isPartOf\":{\"@id\":\"https:\\\/\\\/www.odonto.ufmg.br\\\/novo\\\/#website\"},\"datePublished\":\"2025-01-24T13:46:03+00:00\",\"dateModified\":\"2025-01-24T13:47:18+00:00\",\"breadcrumb\":{\"@id\":\"https:\\\/\\\/www.odonto.ufmg.br\\\/novo\\\/manutencao-e-consultoria\\\/#breadcrumb\"},\"inLanguage\":\"pt-BR\",\"potentialAction\":[{\"@type\":\"ReadAction\",\"target\":[\"https:\\\/\\\/www.odonto.ufmg.br\\\/novo\\\/manutencao-e-consultoria\\\/\"]}]},{\"@type\":\"BreadcrumbList\",\"@id\":\"https:\\\/\\\/www.odonto.ufmg.br\\\/novo\\\/manutencao-e-consultoria\\\/#breadcrumb\",\"itemListElement\":[{\"@type\":\"ListItem\",\"position\":1,\"name\":\"In\u00edcio\",\"item\":\"https:\\\/\\\/www.odonto.ufmg.br\\\/novo\\\/inicio-2\\\/\"},{\"@type\":\"ListItem\",\"position\":2,\"name\":\"Manuten\u00e7\u00e3o e Consultoria\"}]},{\"@type\":\"WebSite\",\"@id\":\"https:\\\/\\\/www.odonto.ufmg.br\\\/novo\\\/#website\",\"url\":\"https:\\\/\\\/www.odonto.ufmg.br\\\/novo\\\/\",\"name\":\"Novo Site\",\"description\":\"Portal da Faculdade de Odontologia da Universidade Federal de Minas Gerais\",\"publisher\":{\"@id\":\"https:\\\/\\\/www.odonto.ufmg.br\\\/novo\\\/#organization\"},\"potentialAction\":[{\"@type\":\"SearchAction\",\"target\":{\"@type\":\"EntryPoint\",\"urlTemplate\":\"https:\\\/\\\/www.odonto.ufmg.br\\\/novo\\\/?s={search_term_string}\"},\"query-input\":{\"@type\":\"PropertyValueSpecification\",\"valueRequired\":true,\"valueName\":\"search_term_string\"}}],\"inLanguage\":\"pt-BR\"},{\"@type\":\"Organization\",\"@id\":\"https:\\\/\\\/www.odonto.ufmg.br\\\/novo\\\/#organization\",\"name\":\"Faculdade de Odontologia da UFMG\",\"url\":\"https:\\\/\\\/www.odonto.ufmg.br\\\/novo\\\/\",\"logo\":{\"@type\":\"ImageObject\",\"inLanguage\":\"pt-BR\",\"@id\":\"https:\\\/\\\/www.odonto.ufmg.br\\\/novo\\\/#\\\/schema\\\/logo\\\/image\\\/\",\"url\":\"https:\\\/\\\/www.odonto.ufmg.br\\\/novo\\\/wp-content\\\/uploads\\\/sites\\\/32\\\/2015\\\/12\\\/logo-fao-ufmg.png\",\"contentUrl\":\"https:\\\/\\\/www.odonto.ufmg.br\\\/novo\\\/wp-content\\\/uploads\\\/sites\\\/32\\\/2015\\\/12\\\/logo-fao-ufmg.png\",\"width\":340,\"height\":156,\"caption\":\"Faculdade de Odontologia da UFMG\"},\"image\":{\"@id\":\"https:\\\/\\\/www.odonto.ufmg.br\\\/novo\\\/#\\\/schema\\\/logo\\\/image\\\/\"},\"sameAs\":[\"https:\\\/\\\/www.facebook.com\\\/faoufmg\\\/\"]}]}<\/script>\n<!-- \/ Yoast SEO plugin. -->","yoast_head_json":{"title":"Manuten\u00e7\u00e3o e Consultoria - Novo Site","robots":{"index":"index","follow":"follow","max-snippet":"max-snippet:-1","max-image-preview":"max-image-preview:large","max-video-preview":"max-video-preview:-1"},"canonical":"https:\/\/www.odonto.ufmg.br\/novo\/manutencao-e-consultoria\/","og_locale":"pt_BR","og_type":"article","og_title":"Manuten\u00e7\u00e3o e Consultoria - Novo Site","og_url":"https:\/\/www.odonto.ufmg.br\/novo\/manutencao-e-consultoria\/","og_site_name":"Novo Site","article_publisher":"https:\/\/www.facebook.com\/faoufmg\/","article_modified_time":"2025-01-24T13:47:18+00:00","twitter_card":"summary_large_image","twitter_misc":{"Est. tempo de leitura":"1 minuto"},"schema":{"@context":"https:\/\/schema.org","@graph":[{"@type":"WebPage","@id":"https:\/\/www.odonto.ufmg.br\/novo\/manutencao-e-consultoria\/","url":"https:\/\/www.odonto.ufmg.br\/novo\/manutencao-e-consultoria\/","name":"Manuten\u00e7\u00e3o e Consultoria - Novo Site","isPartOf":{"@id":"https:\/\/www.odonto.ufmg.br\/novo\/#website"},"datePublished":"2025-01-24T13:46:03+00:00","dateModified":"2025-01-24T13:47:18+00:00","breadcrumb":{"@id":"https:\/\/www.odonto.ufmg.br\/novo\/manutencao-e-consultoria\/#breadcrumb"},"inLanguage":"pt-BR","potentialAction":[{"@type":"ReadAction","target":["https:\/\/www.odonto.ufmg.br\/novo\/manutencao-e-consultoria\/"]}]},{"@type":"BreadcrumbList","@id":"https:\/\/www.odonto.ufmg.br\/novo\/manutencao-e-consultoria\/#breadcrumb","itemListElement":[{"@type":"ListItem","position":1,"name":"In\u00edcio","item":"https:\/\/www.odonto.ufmg.br\/novo\/inicio-2\/"},{"@type":"ListItem","position":2,"name":"Manuten\u00e7\u00e3o e Consultoria"}]},{"@type":"WebSite","@id":"https:\/\/www.odonto.ufmg.br\/novo\/#website","url":"https:\/\/www.odonto.ufmg.br\/novo\/","name":"Novo Site","description":"Portal da Faculdade de Odontologia da Universidade Federal de Minas Gerais","publisher":{"@id":"https:\/\/www.odonto.ufmg.br\/novo\/#organization"},"potentialAction":[{"@type":"SearchAction","target":{"@type":"EntryPoint","urlTemplate":"https:\/\/www.odonto.ufmg.br\/novo\/?s={search_term_string}"},"query-input":{"@type":"PropertyValueSpecification","valueRequired":true,"valueName":"search_term_string"}}],"inLanguage":"pt-BR"},{"@type":"Organization","@id":"https:\/\/www.odonto.ufmg.br\/novo\/#organization","name":"Faculdade de Odontologia da UFMG","url":"https:\/\/www.odonto.ufmg.br\/novo\/","logo":{"@type":"ImageObject","inLanguage":"pt-BR","@id":"https:\/\/www.odonto.ufmg.br\/novo\/#\/schema\/logo\/image\/","url":"https:\/\/www.odonto.ufmg.br\/novo\/wp-content\/uploads\/sites\/32\/2015\/12\/logo-fao-ufmg.png","contentUrl":"https:\/\/www.odonto.ufmg.br\/novo\/wp-content\/uploads\/sites\/32\/2015\/12\/logo-fao-ufmg.png","width":340,"height":156,"caption":"Faculdade de Odontologia da UFMG"},"image":{"@id":"https:\/\/www.odonto.ufmg.br\/novo\/#\/schema\/logo\/image\/"},"sameAs":["https:\/\/www.facebook.com\/faoufmg\/"]}]}},"_links":{"self":[{"href":"https:\/\/www.odonto.ufmg.br\/novo\/wp-json\/wp\/v2\/pages\/17227","targetHints":{"allow":["GET"]}}],"collection":[{"href":"https:\/\/www.odonto.ufmg.br\/novo\/wp-json\/wp\/v2\/pages"}],"about":[{"href":"https:\/\/www.odonto.ufmg.br\/novo\/wp-json\/wp\/v2\/types\/page"}],"author":[{"embeddable":true,"href":"https:\/\/www.odonto.ufmg.br\/novo\/wp-json\/wp\/v2\/users\/68"}],"replies":[{"embeddable":true,"href":"https:\/\/www.odonto.ufmg.br\/novo\/wp-json\/wp\/v2\/comments?post=17227"}],"version-history":[{"count":2,"href":"https:\/\/www.odonto.ufmg.br\/novo\/wp-json\/wp\/v2\/pages\/17227\/revisions"}],"predecessor-version":[{"id":17230,"href":"https:\/\/www.odonto.ufmg.br\/novo\/wp-json\/wp\/v2\/pages\/17227\/revisions\/17230"}],"wp:attachment":[{"href":"https:\/\/www.odonto.ufmg.br\/novo\/wp-json\/wp\/v2\/media?parent=17227"}],"curies":[{"name":"wp","href":"https:\/\/api.w.org\/{rel}","templated":true}]}}