{"id":17209,"date":"2025-01-24T08:23:37","date_gmt":"2025-01-24T11:23:37","guid":{"rendered":"https:\/\/www.odonto.ufmg.br\/novo\/?page_id=17209"},"modified":"2025-01-24T08:40:30","modified_gmt":"2025-01-24T11:40:30","slug":"apoio-administrativo","status":"publish","type":"page","link":"https:\/\/www.odonto.ufmg.br\/novo\/apoio-administrativo\/","title":{"rendered":"Apoio Administrativo"},"content":{"rendered":"\n<style type=\"text\/css\" data-created_by=\"avia_inline_auto\" id=\"style-css-av-m6ao70jl-efc44051859997b015f693775e9d84c8\">\n#top .av-special-heading.av-m6ao70jl-efc44051859997b015f693775e9d84c8{\npadding-bottom:10px;\ncolor:#831d1c;\n}\nbody .av-special-heading.av-m6ao70jl-efc44051859997b015f693775e9d84c8 .av-special-heading-tag .heading-char{\nfont-size:25px;\n}\n.av-special-heading.av-m6ao70jl-efc44051859997b015f693775e9d84c8 .special-heading-inner-border{\nborder-color:#831d1c;\n}\n.av-special-heading.av-m6ao70jl-efc44051859997b015f693775e9d84c8 .av-subheading{\nfont-size:15px;\n}\n<\/style>\n<div  class='av-special-heading av-m6ao70jl-efc44051859997b015f693775e9d84c8 av-special-heading-h1 custom-color-heading blockquote elegant-quote elegant-centered  avia-builder-el-0  el_before_av_section  avia-builder-el-no-sibling '><h1 class='av-special-heading-tag '  itemprop=\"headline\"  ><span class=\"heading-wrap\">APOIO ADMINISTRATIVO<\/span><\/h1><div class=\"special-heading-border\"><div class=\"special-heading-inner-border\"><\/div><\/div><\/div>\n<\/div><\/div><\/div><!-- close content main div --><\/div><\/div><div id='av_section_1'  class='avia-section av-ndc07t-9d45921c670e8e0bd36a5f243f280458 main_color avia-section-default avia-no-border-styling  avia-builder-el-1  el_after_av_heading  el_before_av_section  avia-bg-style-scroll container_wrap fullsize'  ><div class='container av-section-cont-open' ><div class='template-page content  av-content-full alpha units'><div class='post-entry post-entry-type-page post-entry-17209'><div class='entry-content-wrapper clearfix'>\n\n<style type=\"text\/css\" data-created_by=\"avia_inline_auto\" id=\"style-css-av-m6aod0t4-8c9b740f4ed499af5eb4912b98f84500\">\n.av_font_icon.av-m6aod0t4-8c9b740f4ed499af5eb4912b98f84500{\ncolor:#000000;\nborder-color:#000000;\n}\n.avia-svg-icon.av-m6aod0t4-8c9b740f4ed499af5eb4912b98f84500 svg:first-child{\nstroke:#000000;\nfill:#000000;\n}\n.av_font_icon.av-m6aod0t4-8c9b740f4ed499af5eb4912b98f84500 .av-icon-char{\nfont-size:55PX;\nline-height:55PX;\nwidth:55PX;\n}\n<\/style>\n<span  class='av_font_icon av-m6aod0t4-8c9b740f4ed499af5eb4912b98f84500 avia_animate_when_visible av-icon-style-border avia-icon-pos-center avia-iconfont avia-font-entypo-fontello avia-icon-animate'><span class='av-icon-char' data-av_icon='\ue855' data-av_iconfont='entypo-fontello' aria-hidden=\"true\" ><\/span><\/span>\n\n<style type=\"text\/css\" data-created_by=\"avia_inline_auto\" id=\"style-css-av-m6aof5z8-d9e7f3dede517e2b6c1c0005fee23661\">\n#top .av-special-heading.av-m6aof5z8-d9e7f3dede517e2b6c1c0005fee23661{\npadding-bottom:10px;\ncolor:#831d1c;\n}\nbody .av-special-heading.av-m6aof5z8-d9e7f3dede517e2b6c1c0005fee23661 .av-special-heading-tag .heading-char{\nfont-size:25px;\n}\n.av-special-heading.av-m6aof5z8-d9e7f3dede517e2b6c1c0005fee23661 .special-heading-inner-border{\nborder-color:#831d1c;\n}\n.av-special-heading.av-m6aof5z8-d9e7f3dede517e2b6c1c0005fee23661 .av-subheading{\nfont-size:15px;\n}\n<\/style>\n<div  class='av-special-heading av-m6aof5z8-d9e7f3dede517e2b6c1c0005fee23661 av-special-heading-h2 custom-color-heading blockquote elegant-quote elegant-centered  avia-builder-el-3  el_after_av_font_icon  el_before_av_textblock '><h2 class='av-special-heading-tag '  itemprop=\"headline\"  ><span class=\"heading-wrap\">INTRANET<\/span><\/h2><div class=\"special-heading-border\"><div class=\"special-heading-inner-border\"><\/div><\/div><\/div>\n<section  class='av_textblock_section av-m6aobidn-e7e29df93a39959d867f983b7691dc06 '   itemscope=\"itemscope\" itemtype=\"https:\/\/schema.org\/CreativeWork\" ><div class='avia_textblock'  itemprop=\"text\" ><h3 style=\"text-align: center;\"><strong>A intranet da Faculdade de Odontologia da UFMG presta servi\u00e7os internos online para servidores, professores e alunos. Concentra e organiza os sistemas de servi\u00e7os, simplificando o acesso. Os principais sistemas oferecidos s\u00e3o:<\/strong><\/h3>\n<\/div><\/section>\n<\/div><\/div><\/div><!-- close content main div --><\/div><\/div>\n<style type=\"text\/css\" data-created_by=\"avia_inline_auto\" id=\"style-css-av-m6aowgq1-c52d63a1f56d84a763ca129342befe04\">\n.avia-section.av-m6aowgq1-c52d63a1f56d84a763ca129342befe04{\nbackground-color:#dbdbdb;\nbackground-image:unset;\n}\n<\/style>\n<div id='av_section_2'  class='avia-section av-m6aowgq1-c52d63a1f56d84a763ca129342befe04 main_color avia-section-default avia-no-border-styling  avia-builder-el-5  el_after_av_section  el_before_av_hr  avia-bg-style-scroll container_wrap fullsize'  ><div class='container av-section-cont-open' ><div class='template-page content  av-content-full alpha units'><div class='post-entry post-entry-type-page post-entry-17209'><div class='entry-content-wrapper clearfix'>\n<div  class='flex_column av-av_one_half-498266b45eab85cee51c9cbce45a0110 av_one_half  avia-builder-el-6  el_before_av_one_half  avia-builder-el-first  first flex_column_div  '     ><p>\n<style type=\"text\/css\" data-created_by=\"avia_inline_auto\" id=\"style-css-av-m6aop1zs-ed1835cea2d32ba28c26ab0fdaa55c07\">\n.av_font_icon.av-m6aop1zs-ed1835cea2d32ba28c26ab0fdaa55c07{\ncolor:#000000;\nborder-color:#000000;\n}\n.avia-svg-icon.av-m6aop1zs-ed1835cea2d32ba28c26ab0fdaa55c07 svg:first-child{\nstroke:#000000;\nfill:#000000;\n}\n.av_font_icon.av-m6aop1zs-ed1835cea2d32ba28c26ab0fdaa55c07 .av-icon-char{\nfont-size:50px;\nline-height:50px;\nwidth:50px;\n}\n<\/style>\n<span  class='av_font_icon av-m6aop1zs-ed1835cea2d32ba28c26ab0fdaa55c07 avia_animate_when_visible av-icon-style-border avia-icon-pos-center avia-iconfont avia-font-entypo-fontello avia-icon-animate'><span class='av-icon-char' data-av_icon='\ue85b' data-av_iconfont='entypo-fontello' aria-hidden=\"true\" ><\/span><\/span><br \/>\n\n<style type=\"text\/css\" data-created_by=\"avia_inline_auto\" id=\"style-css-av-m6aoprm7-0223f9a1cc65d655e7e5139ec498d7b2\">\n#top .av-special-heading.av-m6aoprm7-0223f9a1cc65d655e7e5139ec498d7b2{\npadding-bottom:10px;\ncolor:#831d1c;\n}\nbody .av-special-heading.av-m6aoprm7-0223f9a1cc65d655e7e5139ec498d7b2 .av-special-heading-tag .heading-char{\nfont-size:25px;\n}\n.av-special-heading.av-m6aoprm7-0223f9a1cc65d655e7e5139ec498d7b2 .special-heading-inner-border{\nborder-color:#831d1c;\n}\n.av-special-heading.av-m6aoprm7-0223f9a1cc65d655e7e5139ec498d7b2 .av-subheading{\nfont-size:15px;\n}\n<\/style>\n<div  class='av-special-heading av-m6aoprm7-0223f9a1cc65d655e7e5139ec498d7b2 av-special-heading-h3 custom-color-heading blockquote elegant-quote elegant-centered  avia-builder-el-8  el_after_av_font_icon  el_before_av_textblock '><h3 class='av-special-heading-tag '  itemprop=\"headline\"  ><span class=\"heading-wrap\">RESERVAS DE SALA<\/span><\/h3><div class=\"special-heading-border\"><div class=\"special-heading-inner-border\"><\/div><\/div><\/div><br \/>\n\n<style type=\"text\/css\" data-created_by=\"avia_inline_auto\" id=\"style-css-av-m6aoqigy-4409dad1d4ac95797aa4ca08bc06dfe7\">\n#top .av_textblock_section.av-m6aoqigy-4409dad1d4ac95797aa4ca08bc06dfe7 .avia_textblock{\ncolor:#000000;\n}\n<\/style>\n<section  class='av_textblock_section av-m6aoqigy-4409dad1d4ac95797aa4ca08bc06dfe7 '   itemscope=\"itemscope\" itemtype=\"https:\/\/schema.org\/CreativeWork\" ><div class='avia_textblock av_inherit_color'  itemprop=\"text\" ><p style=\"text-align: center;\"><strong>Organiza a aloca\u00e7\u00e3o de salas e equipamentos dispon\u00edveis. O novo sistema atende aos professores e funcion\u00e1rios, otimizando o uso do espa\u00e7o f\u00edsico.<\/strong><\/p>\n<\/div><\/section><\/p><\/div><div  class='flex_column av-av_one_half-ff261a3717d328fac57b42b7bcdd7fe3 av_one_half  avia-builder-el-10  el_after_av_one_half  el_before_av_one_half  flex_column_div  '     ><p>\n<style type=\"text\/css\" data-created_by=\"avia_inline_auto\" id=\"style-css-av-m6aorgru-58a7e0199333ff2aecb43d71dff9e5dc\">\n.av_font_icon.av-m6aorgru-58a7e0199333ff2aecb43d71dff9e5dc{\ncolor:#000000;\nborder-color:#000000;\n}\n.avia-svg-icon.av-m6aorgru-58a7e0199333ff2aecb43d71dff9e5dc svg:first-child{\nstroke:#000000;\nfill:#000000;\n}\n.av_font_icon.av-m6aorgru-58a7e0199333ff2aecb43d71dff9e5dc .av-icon-char{\nfont-size:50px;\nline-height:50px;\nwidth:50px;\n}\n<\/style>\n<span  class='av_font_icon av-m6aorgru-58a7e0199333ff2aecb43d71dff9e5dc avia_animate_when_visible av-icon-style-border avia-icon-pos-center avia-iconfont avia-font-entypo-fontello avia-icon-animate'><span class='av-icon-char' data-av_icon='\ue8ab' data-av_iconfont='entypo-fontello' aria-hidden=\"true\" ><\/span><\/span><br \/>\n\n<style type=\"text\/css\" data-created_by=\"avia_inline_auto\" id=\"style-css-av-m6aorp0m-701763f20abc97492e0599700c6e6d16\">\n#top .av-special-heading.av-m6aorp0m-701763f20abc97492e0599700c6e6d16{\npadding-bottom:10px;\ncolor:#831d1c;\n}\nbody .av-special-heading.av-m6aorp0m-701763f20abc97492e0599700c6e6d16 .av-special-heading-tag .heading-char{\nfont-size:25px;\n}\n.av-special-heading.av-m6aorp0m-701763f20abc97492e0599700c6e6d16 .special-heading-inner-border{\nborder-color:#831d1c;\n}\n.av-special-heading.av-m6aorp0m-701763f20abc97492e0599700c6e6d16 .av-subheading{\nfont-size:15px;\n}\n<\/style>\n<div  class='av-special-heading av-m6aorp0m-701763f20abc97492e0599700c6e6d16 av-special-heading-h3 custom-color-heading blockquote elegant-quote elegant-centered  avia-builder-el-12  el_after_av_font_icon  el_before_av_textblock '><h3 class='av-special-heading-tag '  itemprop=\"headline\"  ><span class=\"heading-wrap\">SUPORTE INFORM\u00c1TICA<\/span><\/h3><div class=\"special-heading-border\"><div class=\"special-heading-inner-border\"><\/div><\/div><\/div><br \/>\n\n<style type=\"text\/css\" data-created_by=\"avia_inline_auto\" id=\"style-css-av-m6aostse-20054b5b1356ee95f75605546ea0080d\">\n#top .av_textblock_section.av-m6aostse-20054b5b1356ee95f75605546ea0080d .avia_textblock{\ncolor:#000000;\n}\n<\/style>\n<section  class='av_textblock_section av-m6aostse-20054b5b1356ee95f75605546ea0080d '   itemscope=\"itemscope\" itemtype=\"https:\/\/schema.org\/CreativeWork\" ><div class='avia_textblock av_inherit_color'  itemprop=\"text\" ><p style=\"text-align: center;\"><strong>O sistema de suporte da inform\u00e1tica oferece assist\u00eancia t\u00e9cnica e orienta\u00e7\u00e3o para resolver problemas relacionados a hardware, software e redes. Ele garante que computadores e sistemas funcionem corretamente, fornecendo suporte a usu\u00e1rios, resolvendo falhas t\u00e9cnicas e implementando solu\u00e7\u00f5es para melhorar a efici\u00eancia tecnol\u00f3gica em organiza\u00e7\u00f5es.<\/strong><\/p>\n<\/div><\/section><\/p><\/div><div  class='flex_column av-av_one_half-498266b45eab85cee51c9cbce45a0110 av_one_half  avia-builder-el-14  el_after_av_one_half  el_before_av_one_half  first flex_column_div  column-top-margin'     ><p>\n<style type=\"text\/css\" data-created_by=\"avia_inline_auto\" id=\"style-css-av-m6aou14x-5d427e19b4c0aa76e6a7cb5d74d7940e\">\n.av_font_icon.av-m6aou14x-5d427e19b4c0aa76e6a7cb5d74d7940e{\ncolor:#000000;\nborder-color:#000000;\n}\n.avia-svg-icon.av-m6aou14x-5d427e19b4c0aa76e6a7cb5d74d7940e svg:first-child{\nstroke:#000000;\nfill:#000000;\n}\n.av_font_icon.av-m6aou14x-5d427e19b4c0aa76e6a7cb5d74d7940e .av-icon-char{\nfont-size:50px;\nline-height:50px;\nwidth:50px;\n}\n<\/style>\n<span  class='av_font_icon av-m6aou14x-5d427e19b4c0aa76e6a7cb5d74d7940e avia_animate_when_visible av-icon-style-border avia-icon-pos-center avia-iconfont avia-font-entypo-fontello avia-icon-animate'><span class='av-icon-char' data-av_icon='\ue856' data-av_iconfont='entypo-fontello' aria-hidden=\"true\" ><\/span><\/span><br \/>\n\n<style type=\"text\/css\" data-created_by=\"avia_inline_auto\" id=\"style-css-av-m6aou93x-e5be81d5c6968419b344cabd52e4b9c4\">\n#top .av-special-heading.av-m6aou93x-e5be81d5c6968419b344cabd52e4b9c4{\npadding-bottom:10px;\ncolor:#831d1c;\n}\nbody .av-special-heading.av-m6aou93x-e5be81d5c6968419b344cabd52e4b9c4 .av-special-heading-tag .heading-char{\nfont-size:25px;\n}\n.av-special-heading.av-m6aou93x-e5be81d5c6968419b344cabd52e4b9c4 .special-heading-inner-border{\nborder-color:#831d1c;\n}\n.av-special-heading.av-m6aou93x-e5be81d5c6968419b344cabd52e4b9c4 .av-subheading{\nfont-size:15px;\n}\n<\/style>\n<div  class='av-special-heading av-m6aou93x-e5be81d5c6968419b344cabd52e4b9c4 av-special-heading-h3 custom-color-heading blockquote elegant-quote elegant-centered  avia-builder-el-16  el_after_av_font_icon  el_before_av_textblock '><h3 class='av-special-heading-tag '  itemprop=\"headline\"  ><span class=\"heading-wrap\">SERVI\u00c7OS GERAIS<\/span><\/h3><div class=\"special-heading-border\"><div class=\"special-heading-inner-border\"><\/div><\/div><\/div><br \/>\n\n<style type=\"text\/css\" data-created_by=\"avia_inline_auto\" id=\"style-css-av-m6aouoe4-1187dbe40bfba982f4bebcc20226e573\">\n#top .av_textblock_section.av-m6aouoe4-1187dbe40bfba982f4bebcc20226e573 .avia_textblock{\ncolor:#000000;\n}\n<\/style>\n<section  class='av_textblock_section av-m6aouoe4-1187dbe40bfba982f4bebcc20226e573 '   itemscope=\"itemscope\" itemtype=\"https:\/\/schema.org\/CreativeWork\" ><div class='avia_textblock av_inherit_color'  itemprop=\"text\" ><p style=\"text-align: center;\"><strong>Abre chamados de servi\u00e7os de determinado setor. O chamado \u00e9 atendido conforme a disponibilidade.<\/strong><\/p>\n<\/div><\/section><\/p><\/div><div  class='flex_column av-av_one_half-ff261a3717d328fac57b42b7bcdd7fe3 av_one_half  avia-builder-el-18  el_after_av_one_half  avia-builder-el-last  flex_column_div  column-top-margin'     ><p>\n<style type=\"text\/css\" data-created_by=\"avia_inline_auto\" id=\"style-css-av-m6aow347-ae25bac1a3a815b5ee971696f9fb7090\">\n.av_font_icon.av-m6aow347-ae25bac1a3a815b5ee971696f9fb7090{\ncolor:#000000;\nborder-color:#000000;\n}\n.avia-svg-icon.av-m6aow347-ae25bac1a3a815b5ee971696f9fb7090 svg:first-child{\nstroke:#000000;\nfill:#000000;\n}\n.av_font_icon.av-m6aow347-ae25bac1a3a815b5ee971696f9fb7090 .av-icon-char{\nfont-size:50px;\nline-height:50px;\nwidth:50px;\n}\n<\/style>\n<span  class='av_font_icon av-m6aow347-ae25bac1a3a815b5ee971696f9fb7090 avia_animate_when_visible av-icon-style-border avia-icon-pos-center avia-iconfont avia-font-entypo-fontello avia-icon-animate'><span class='av-icon-char' data-av_icon='\ue855' data-av_iconfont='entypo-fontello' aria-hidden=\"true\" ><\/span><\/span><br \/>\n\n<style type=\"text\/css\" data-created_by=\"avia_inline_auto\" id=\"style-css-av-m6aovz68-59c5f66cb4912582320948fc71958737\">\n#top .av-special-heading.av-m6aovz68-59c5f66cb4912582320948fc71958737{\npadding-bottom:10px;\ncolor:#831d1c;\n}\nbody .av-special-heading.av-m6aovz68-59c5f66cb4912582320948fc71958737 .av-special-heading-tag .heading-char{\nfont-size:25px;\n}\n.av-special-heading.av-m6aovz68-59c5f66cb4912582320948fc71958737 .special-heading-inner-border{\nborder-color:#831d1c;\n}\n.av-special-heading.av-m6aovz68-59c5f66cb4912582320948fc71958737 .av-subheading{\nfont-size:15px;\n}\n<\/style>\n<div  class='av-special-heading av-m6aovz68-59c5f66cb4912582320948fc71958737 av-special-heading-h3 custom-color-heading blockquote elegant-quote elegant-centered  avia-builder-el-20  el_after_av_font_icon  el_before_av_textblock '><h3 class='av-special-heading-tag '  itemprop=\"headline\"  ><span class=\"heading-wrap\">OFICINA DE MANUTEN\u00c7\u00c3O<\/span><\/h3><div class=\"special-heading-border\"><div class=\"special-heading-inner-border\"><\/div><\/div><\/div><br \/>\n\n<style type=\"text\/css\" data-created_by=\"avia_inline_auto\" id=\"style-css-av-m6aovncg-b45d47f826437a73e443cdd880453647\">\n#top .av_textblock_section.av-m6aovncg-b45d47f826437a73e443cdd880453647 .avia_textblock{\ncolor:#000000;\n}\n<\/style>\n<section  class='av_textblock_section av-m6aovncg-b45d47f826437a73e443cdd880453647 '   itemscope=\"itemscope\" itemtype=\"https:\/\/schema.org\/CreativeWork\" ><div class='avia_textblock av_inherit_color'  itemprop=\"text\" ><p style=\"text-align: center;\"><strong>Manuten\u00e7\u00e3o em equipamentos da unidade.<\/strong><\/p>\n<\/div><\/section><\/p><\/div><\/div><\/div><\/div><!-- close content main div --><\/div><\/div><div id='after_section_2'  class='main_color av_default_container_wrap container_wrap fullsize'  ><div class='container av-section-cont-open' ><div class='template-page content  av-content-full alpha units'><div class='post-entry post-entry-type-page post-entry-17209'><div class='entry-content-wrapper clearfix'><div  class='hr av-av_hr-f04ef840c2b66cff6c43fead44ee8d66 hr-default  avia-builder-el-22  el_after_av_section  avia-builder-el-no-sibling '><span class='hr-inner '><span class=\"hr-inner-style\"><\/span><\/span><\/div><\/p>\n","protected":false},"excerpt":{"rendered":"","protected":false},"author":68,"featured_media":0,"parent":0,"menu_order":0,"comment_status":"closed","ping_status":"closed","template":"","meta":{"inline_featured_image":false,"footnotes":""},"class_list":["post-17209","page","type-page","status-publish","hentry"],"yoast_head":"<!-- This site is optimized with the Yoast SEO plugin v27.5 - https:\/\/yoast.com\/product\/yoast-seo-wordpress\/ -->\n<title>Apoio Administrativo - Novo Site<\/title>\n<meta name=\"robots\" content=\"index, follow, max-snippet:-1, max-image-preview:large, max-video-preview:-1\" \/>\n<link rel=\"canonical\" href=\"https:\/\/www.odonto.ufmg.br\/novo\/apoio-administrativo\/\" \/>\n<meta property=\"og:locale\" content=\"pt_BR\" \/>\n<meta property=\"og:type\" content=\"article\" \/>\n<meta property=\"og:title\" content=\"Apoio Administrativo - Novo Site\" \/>\n<meta property=\"og:url\" content=\"https:\/\/www.odonto.ufmg.br\/novo\/apoio-administrativo\/\" \/>\n<meta property=\"og:site_name\" content=\"Novo Site\" \/>\n<meta property=\"article:publisher\" content=\"https:\/\/www.facebook.com\/faoufmg\/\" \/>\n<meta property=\"article:modified_time\" content=\"2025-01-24T11:40:30+00:00\" \/>\n<meta name=\"twitter:card\" content=\"summary_large_image\" \/>\n<meta name=\"twitter:label1\" content=\"Est. tempo de leitura\" \/>\n\t<meta name=\"twitter:data1\" content=\"1 minuto\" \/>\n<script type=\"application\/ld+json\" class=\"yoast-schema-graph\">{\"@context\":\"https:\\\/\\\/schema.org\",\"@graph\":[{\"@type\":\"WebPage\",\"@id\":\"https:\\\/\\\/www.odonto.ufmg.br\\\/novo\\\/apoio-administrativo\\\/\",\"url\":\"https:\\\/\\\/www.odonto.ufmg.br\\\/novo\\\/apoio-administrativo\\\/\",\"name\":\"Apoio Administrativo - Novo Site\",\"isPartOf\":{\"@id\":\"https:\\\/\\\/www.odonto.ufmg.br\\\/novo\\\/#website\"},\"datePublished\":\"2025-01-24T11:23:37+00:00\",\"dateModified\":\"2025-01-24T11:40:30+00:00\",\"breadcrumb\":{\"@id\":\"https:\\\/\\\/www.odonto.ufmg.br\\\/novo\\\/apoio-administrativo\\\/#breadcrumb\"},\"inLanguage\":\"pt-BR\",\"potentialAction\":[{\"@type\":\"ReadAction\",\"target\":[\"https:\\\/\\\/www.odonto.ufmg.br\\\/novo\\\/apoio-administrativo\\\/\"]}]},{\"@type\":\"BreadcrumbList\",\"@id\":\"https:\\\/\\\/www.odonto.ufmg.br\\\/novo\\\/apoio-administrativo\\\/#breadcrumb\",\"itemListElement\":[{\"@type\":\"ListItem\",\"position\":1,\"name\":\"In\u00edcio\",\"item\":\"https:\\\/\\\/www.odonto.ufmg.br\\\/novo\\\/inicio-2\\\/\"},{\"@type\":\"ListItem\",\"position\":2,\"name\":\"Apoio Administrativo\"}]},{\"@type\":\"WebSite\",\"@id\":\"https:\\\/\\\/www.odonto.ufmg.br\\\/novo\\\/#website\",\"url\":\"https:\\\/\\\/www.odonto.ufmg.br\\\/novo\\\/\",\"name\":\"Novo Site\",\"description\":\"Portal da Faculdade de Odontologia da Universidade Federal de Minas Gerais\",\"publisher\":{\"@id\":\"https:\\\/\\\/www.odonto.ufmg.br\\\/novo\\\/#organization\"},\"potentialAction\":[{\"@type\":\"SearchAction\",\"target\":{\"@type\":\"EntryPoint\",\"urlTemplate\":\"https:\\\/\\\/www.odonto.ufmg.br\\\/novo\\\/?s={search_term_string}\"},\"query-input\":{\"@type\":\"PropertyValueSpecification\",\"valueRequired\":true,\"valueName\":\"search_term_string\"}}],\"inLanguage\":\"pt-BR\"},{\"@type\":\"Organization\",\"@id\":\"https:\\\/\\\/www.odonto.ufmg.br\\\/novo\\\/#organization\",\"name\":\"Faculdade de Odontologia da UFMG\",\"url\":\"https:\\\/\\\/www.odonto.ufmg.br\\\/novo\\\/\",\"logo\":{\"@type\":\"ImageObject\",\"inLanguage\":\"pt-BR\",\"@id\":\"https:\\\/\\\/www.odonto.ufmg.br\\\/novo\\\/#\\\/schema\\\/logo\\\/image\\\/\",\"url\":\"https:\\\/\\\/www.odonto.ufmg.br\\\/novo\\\/wp-content\\\/uploads\\\/sites\\\/32\\\/2015\\\/12\\\/logo-fao-ufmg.png\",\"contentUrl\":\"https:\\\/\\\/www.odonto.ufmg.br\\\/novo\\\/wp-content\\\/uploads\\\/sites\\\/32\\\/2015\\\/12\\\/logo-fao-ufmg.png\",\"width\":340,\"height\":156,\"caption\":\"Faculdade de Odontologia da UFMG\"},\"image\":{\"@id\":\"https:\\\/\\\/www.odonto.ufmg.br\\\/novo\\\/#\\\/schema\\\/logo\\\/image\\\/\"},\"sameAs\":[\"https:\\\/\\\/www.facebook.com\\\/faoufmg\\\/\"]}]}<\/script>\n<!-- \/ Yoast SEO plugin. -->","yoast_head_json":{"title":"Apoio Administrativo - Novo Site","robots":{"index":"index","follow":"follow","max-snippet":"max-snippet:-1","max-image-preview":"max-image-preview:large","max-video-preview":"max-video-preview:-1"},"canonical":"https:\/\/www.odonto.ufmg.br\/novo\/apoio-administrativo\/","og_locale":"pt_BR","og_type":"article","og_title":"Apoio Administrativo - Novo Site","og_url":"https:\/\/www.odonto.ufmg.br\/novo\/apoio-administrativo\/","og_site_name":"Novo Site","article_publisher":"https:\/\/www.facebook.com\/faoufmg\/","article_modified_time":"2025-01-24T11:40:30+00:00","twitter_card":"summary_large_image","twitter_misc":{"Est. tempo de leitura":"1 minuto"},"schema":{"@context":"https:\/\/schema.org","@graph":[{"@type":"WebPage","@id":"https:\/\/www.odonto.ufmg.br\/novo\/apoio-administrativo\/","url":"https:\/\/www.odonto.ufmg.br\/novo\/apoio-administrativo\/","name":"Apoio Administrativo - Novo Site","isPartOf":{"@id":"https:\/\/www.odonto.ufmg.br\/novo\/#website"},"datePublished":"2025-01-24T11:23:37+00:00","dateModified":"2025-01-24T11:40:30+00:00","breadcrumb":{"@id":"https:\/\/www.odonto.ufmg.br\/novo\/apoio-administrativo\/#breadcrumb"},"inLanguage":"pt-BR","potentialAction":[{"@type":"ReadAction","target":["https:\/\/www.odonto.ufmg.br\/novo\/apoio-administrativo\/"]}]},{"@type":"BreadcrumbList","@id":"https:\/\/www.odonto.ufmg.br\/novo\/apoio-administrativo\/#breadcrumb","itemListElement":[{"@type":"ListItem","position":1,"name":"In\u00edcio","item":"https:\/\/www.odonto.ufmg.br\/novo\/inicio-2\/"},{"@type":"ListItem","position":2,"name":"Apoio Administrativo"}]},{"@type":"WebSite","@id":"https:\/\/www.odonto.ufmg.br\/novo\/#website","url":"https:\/\/www.odonto.ufmg.br\/novo\/","name":"Novo Site","description":"Portal da Faculdade de Odontologia da Universidade Federal de Minas Gerais","publisher":{"@id":"https:\/\/www.odonto.ufmg.br\/novo\/#organization"},"potentialAction":[{"@type":"SearchAction","target":{"@type":"EntryPoint","urlTemplate":"https:\/\/www.odonto.ufmg.br\/novo\/?s={search_term_string}"},"query-input":{"@type":"PropertyValueSpecification","valueRequired":true,"valueName":"search_term_string"}}],"inLanguage":"pt-BR"},{"@type":"Organization","@id":"https:\/\/www.odonto.ufmg.br\/novo\/#organization","name":"Faculdade de Odontologia da UFMG","url":"https:\/\/www.odonto.ufmg.br\/novo\/","logo":{"@type":"ImageObject","inLanguage":"pt-BR","@id":"https:\/\/www.odonto.ufmg.br\/novo\/#\/schema\/logo\/image\/","url":"https:\/\/www.odonto.ufmg.br\/novo\/wp-content\/uploads\/sites\/32\/2015\/12\/logo-fao-ufmg.png","contentUrl":"https:\/\/www.odonto.ufmg.br\/novo\/wp-content\/uploads\/sites\/32\/2015\/12\/logo-fao-ufmg.png","width":340,"height":156,"caption":"Faculdade de Odontologia da UFMG"},"image":{"@id":"https:\/\/www.odonto.ufmg.br\/novo\/#\/schema\/logo\/image\/"},"sameAs":["https:\/\/www.facebook.com\/faoufmg\/"]}]}},"_links":{"self":[{"href":"https:\/\/www.odonto.ufmg.br\/novo\/wp-json\/wp\/v2\/pages\/17209","targetHints":{"allow":["GET"]}}],"collection":[{"href":"https:\/\/www.odonto.ufmg.br\/novo\/wp-json\/wp\/v2\/pages"}],"about":[{"href":"https:\/\/www.odonto.ufmg.br\/novo\/wp-json\/wp\/v2\/types\/page"}],"author":[{"embeddable":true,"href":"https:\/\/www.odonto.ufmg.br\/novo\/wp-json\/wp\/v2\/users\/68"}],"replies":[{"embeddable":true,"href":"https:\/\/www.odonto.ufmg.br\/novo\/wp-json\/wp\/v2\/comments?post=17209"}],"version-history":[{"count":11,"href":"https:\/\/www.odonto.ufmg.br\/novo\/wp-json\/wp\/v2\/pages\/17209\/revisions"}],"predecessor-version":[{"id":17225,"href":"https:\/\/www.odonto.ufmg.br\/novo\/wp-json\/wp\/v2\/pages\/17209\/revisions\/17225"}],"wp:attachment":[{"href":"https:\/\/www.odonto.ufmg.br\/novo\/wp-json\/wp\/v2\/media?parent=17209"}],"curies":[{"name":"wp","href":"https:\/\/api.w.org\/{rel}","templated":true}]}}