{"id":17168,"date":"2025-01-17T10:44:13","date_gmt":"2025-01-17T13:44:13","guid":{"rendered":"https:\/\/www.odonto.ufmg.br\/novo\/?page_id=17168"},"modified":"2025-01-28T08:02:21","modified_gmt":"2025-01-28T11:02:21","slug":"rede","status":"publish","type":"page","link":"https:\/\/www.odonto.ufmg.br\/novo\/rede\/","title":{"rendered":"Rede"},"content":{"rendered":"\n<style type=\"text\/css\" data-created_by=\"avia_inline_auto\" id=\"style-css-av-m60tc7li-6d8d7944f13b443c045692a9ce628218\">\n#top .av-special-heading.av-m60tc7li-6d8d7944f13b443c045692a9ce628218{\npadding-bottom:10px;\ncolor:#831d1c;\n}\nbody .av-special-heading.av-m60tc7li-6d8d7944f13b443c045692a9ce628218 .av-special-heading-tag .heading-char{\nfont-size:25px;\n}\n.av-special-heading.av-m60tc7li-6d8d7944f13b443c045692a9ce628218 .special-heading-inner-border{\nborder-color:#831d1c;\n}\n.av-special-heading.av-m60tc7li-6d8d7944f13b443c045692a9ce628218 .av-subheading{\nfont-size:15px;\n}\n<\/style>\n<div  class='av-special-heading av-m60tc7li-6d8d7944f13b443c045692a9ce628218 av-special-heading-h1 custom-color-heading blockquote elegant-quote elegant-centered  avia-builder-el-0  el_before_av_section  avia-builder-el-no-sibling '><h1 class='av-special-heading-tag '  itemprop=\"headline\"  ><span class=\"heading-wrap\">REDE<\/span><\/h1><div class=\"special-heading-border\"><div class=\"special-heading-inner-border\"><\/div><\/div><\/div>\n<\/div><\/div><\/div><!-- close content main div --><\/div><\/div>\n<style type=\"text\/css\" data-created_by=\"avia_inline_auto\" id=\"style-css-av-m60tz0ti-f87365b3b8ac26a9a7f7bba81decdde1\">\n.avia-section.av-m60tz0ti-f87365b3b8ac26a9a7f7bba81decdde1{\nbackground-color:#dbdbdb;\nbackground-image:unset;\n}\n<\/style>\n<div id='av_section_1'  class='avia-section av-m60tz0ti-f87365b3b8ac26a9a7f7bba81decdde1 main_color avia-section-default avia-no-border-styling  avia-builder-el-1  el_after_av_heading  el_before_av_section  avia-bg-style-scroll container_wrap fullsize'  ><div class='container av-section-cont-open' ><div class='template-page content  av-content-full alpha units'><div class='post-entry post-entry-type-page post-entry-17168'><div class='entry-content-wrapper clearfix'>\n\n<style type=\"text\/css\" data-created_by=\"avia_inline_auto\" id=\"style-css-av-m60tcvta-8194a73d1cf78622c074a94f5837c21b\">\n#top .av-special-heading.av-m60tcvta-8194a73d1cf78622c074a94f5837c21b{\npadding-bottom:10px;\ncolor:#831d1c;\n}\nbody .av-special-heading.av-m60tcvta-8194a73d1cf78622c074a94f5837c21b .av-special-heading-tag .heading-char{\nfont-size:25px;\n}\n.av-special-heading.av-m60tcvta-8194a73d1cf78622c074a94f5837c21b .special-heading-inner-border{\nborder-color:#831d1c;\n}\n.av-special-heading.av-m60tcvta-8194a73d1cf78622c074a94f5837c21b .av-subheading{\nfont-size:15px;\n}\n<\/style>\n<div  class='av-special-heading av-m60tcvta-8194a73d1cf78622c074a94f5837c21b av-special-heading-h2 custom-color-heading blockquote elegant-quote elegant-centered  avia-builder-el-2  el_before_av_textblock  avia-builder-el-first '><h2 class='av-special-heading-tag '  itemprop=\"headline\"  ><span class=\"heading-wrap\">SERVIDORES<\/span><\/h2><div class=\"special-heading-border\"><div class=\"special-heading-inner-border\"><\/div><\/div><\/div>\n\n<style type=\"text\/css\" data-created_by=\"avia_inline_auto\" id=\"style-css-av-m60tevo7-849df5498d5b858fe8a923fe789b660a\">\n#top .av_textblock_section.av-m60tevo7-849df5498d5b858fe8a923fe789b660a .avia_textblock{\ncolor:#000000;\n}\n<\/style>\n<section  class='av_textblock_section av-m60tevo7-849df5498d5b858fe8a923fe789b660a '   itemscope=\"itemscope\" itemtype=\"https:\/\/schema.org\/CreativeWork\" ><div class='avia_textblock av_inherit_color'  itemprop=\"text\" ><p style=\"text-align: center;\"><strong>O setor de tecnologia da informa\u00e7\u00e3o administra os servidores da unidade. Os servidores administrados pelo STI atualmente hospedam:<\/strong><\/p>\n<p style=\"text-align: center;\"><strong>\u2022 Dom\u00ednio de e-mail @odonto.ufmg.br<\/strong><\/p>\n<p style=\"text-align: center;\"><strong>\u2022 P\u00e1ginas da Faculdade de Odontologia<\/strong><\/p>\n<p style=\"text-align: center;\"><strong>\u2022 Arquivos administrativos dos departamentos<\/strong><\/p>\n<p style=\"text-align: center;\">\n<\/div><\/section>\n\n<\/div><\/div><\/div><!-- close content main div --><\/div><\/div><div id='av_section_2'  class='avia-section av-14ktj4g-2482f46ecd437ead4ff159cb6e8cdc83 main_color avia-section-default avia-no-border-styling  avia-builder-el-4  el_after_av_section  el_before_av_section  avia-bg-style-scroll container_wrap fullsize'  ><div class='container av-section-cont-open' ><div class='template-page content  av-content-full alpha units'><div class='post-entry post-entry-type-page post-entry-17168'><div class='entry-content-wrapper clearfix'>\n\n<style type=\"text\/css\" data-created_by=\"avia_inline_auto\" id=\"style-css-av-m60tjnji-4cf08d64d73b04867ac562649e63860e\">\n#top .av-special-heading.av-m60tjnji-4cf08d64d73b04867ac562649e63860e{\npadding-bottom:10px;\ncolor:#831d1c;\n}\nbody .av-special-heading.av-m60tjnji-4cf08d64d73b04867ac562649e63860e .av-special-heading-tag .heading-char{\nfont-size:25px;\n}\n.av-special-heading.av-m60tjnji-4cf08d64d73b04867ac562649e63860e .special-heading-inner-border{\nborder-color:#831d1c;\n}\n.av-special-heading.av-m60tjnji-4cf08d64d73b04867ac562649e63860e .av-subheading{\nfont-size:15px;\n}\n<\/style>\n<div  class='av-special-heading av-m60tjnji-4cf08d64d73b04867ac562649e63860e av-special-heading-h2 custom-color-heading blockquote elegant-quote elegant-centered  avia-builder-el-5  el_before_av_textblock  avia-builder-el-first '><h2 class='av-special-heading-tag '  itemprop=\"headline\"  ><span class=\"heading-wrap\">REDE<\/span><\/h2><div class=\"special-heading-border\"><div class=\"special-heading-inner-border\"><\/div><\/div><\/div>\n\n<style type=\"text\/css\" data-created_by=\"avia_inline_auto\" id=\"style-css-av-m60tk3x1-4b5c36f008e9d8867783a1636ef88a47\">\n#top .av_textblock_section.av-m60tk3x1-4b5c36f008e9d8867783a1636ef88a47 .avia_textblock{\ncolor:#000000;\n}\n<\/style>\n<section  class='av_textblock_section av-m60tk3x1-4b5c36f008e9d8867783a1636ef88a47 '   itemscope=\"itemscope\" itemtype=\"https:\/\/schema.org\/CreativeWork\" ><div class='avia_textblock av_inherit_color'  itemprop=\"text\" ><p><strong>O Setor de Tecnologia da Informa\u00e7\u00e3o \u00e9 respons\u00e1vel por todo o cabeamento de rede da Faculdade de Odontologia, incluindo laborat\u00f3rios e terminais administrativos. O STI tamb\u00e9m administra os IPs necess\u00e1rios para as mais diversas finalidades.<\/strong><\/p>\n<p>Rede sem fio (<em>wireless network<\/em> ou rede <em>wireless<\/em>)\u00e9 uma infraestrutura de comunica\u00e7\u00f5es que permite a transmiss\u00e3o de informa\u00e7\u00f5es entre sistemas sem a necessidade de uso de meios f\u00edsicos. No caso de computadores, esta frase pode ser reescrita como sendo uma infraestrutura de comunica\u00e7\u00f5es que permite a troca de informa\u00e7\u00f5es entre sistemas sem a necessidade de cabos.<\/p>\n<h3 class=\"style1\" align=\"justify\"><span class=\"style1 titulo_pagina style2\">Requisitos\u00a0para utiliza\u00e7\u00e3o<\/span><\/h3>\n<ul>\n<li style=\"list-style-type: none;\">\n<ul>\n<li style=\"list-style-type: none;\">\n<ul>\n<li>O acesso dever\u00e1 ser feito com login e senha minhaUFMG;<\/li>\n<\/ul>\n<\/li>\n<\/ul>\n<\/li>\n<\/ul>\n<ul>\n<li style=\"list-style-type: none;\">\n<ul>\n<li style=\"list-style-type: none;\">\n<ul>\n<li>\u00a0\u00c9 poss\u00edvel acessar em qualquer ponto da UFMG sem a necessidade de mudan\u00e7as de senhas ou configura\u00e7\u00f5es;<\/li>\n<\/ul>\n<\/li>\n<\/ul>\n<\/li>\n<\/ul>\n<h3 class=\"style1\" align=\"justify\"><span class=\"style1 titulo_pagina style2\">Caso voc\u00ea:<\/span><\/h3>\n<ul>\n<li>N\u00e3o seja da UFMG<\/li>\n<li>N\u00e3o possua acesso \u00e0 eduroam<\/li>\n<li>N\u00e3o esteja participando de eventos<\/li>\n<\/ul>\n<p>Voc\u00ea n\u00e3o ter\u00e1 acesso \u00e0 rede sem fio pois n\u00e3o existe acesso para visitantes. A UFMG tem um conv\u00eanio ativo com a Prefeitura de Belo Horizonte para que os equipamentos da UFMG se transformem em <em>hotspots<\/em> do Programa BH Digital, que poderiam ser utilizados por estas pessoas, mas a Prefeitura e a Prodabel n\u00e3o tomaram nenhuma provid\u00eancia para viabilizar esta facilidade.<\/p>\n<\/div><\/section>\n\n<\/div><\/div><\/div><!-- close content main div --><\/div><\/div>\n<style type=\"text\/css\" data-created_by=\"avia_inline_auto\" id=\"style-css-av-m60tz6wm-b63acea42be29423de26cd46c86083d0\">\n.avia-section.av-m60tz6wm-b63acea42be29423de26cd46c86083d0{\nbackground-color:#dbdbdb;\nbackground-image:unset;\n}\n<\/style>\n<div id='av_section_3'  class='avia-section av-m60tz6wm-b63acea42be29423de26cd46c86083d0 main_color avia-section-default avia-no-border-styling  avia-builder-el-7  el_after_av_section  el_before_av_hr  avia-bg-style-scroll container_wrap fullsize'  ><div class='container av-section-cont-open' ><div class='template-page content  av-content-full alpha units'><div class='post-entry post-entry-type-page post-entry-17168'><div class='entry-content-wrapper clearfix'>\n\n<style type=\"text\/css\" data-created_by=\"avia_inline_auto\" id=\"style-css-av-m60tl9au-cc52e1a5b001172cf980ef1dfaddd78d\">\n#top .av-special-heading.av-m60tl9au-cc52e1a5b001172cf980ef1dfaddd78d{\npadding-bottom:10px;\ncolor:#831d1c;\n}\nbody .av-special-heading.av-m60tl9au-cc52e1a5b001172cf980ef1dfaddd78d .av-special-heading-tag .heading-char{\nfont-size:25px;\n}\n.av-special-heading.av-m60tl9au-cc52e1a5b001172cf980ef1dfaddd78d .special-heading-inner-border{\nborder-color:#831d1c;\n}\n.av-special-heading.av-m60tl9au-cc52e1a5b001172cf980ef1dfaddd78d .av-subheading{\nfont-size:15px;\n}\n<\/style>\n<div  class='av-special-heading av-m60tl9au-cc52e1a5b001172cf980ef1dfaddd78d av-special-heading-h2 custom-color-heading blockquote elegant-quote elegant-centered  avia-builder-el-8  el_before_av_textblock  avia-builder-el-first '><h2 class='av-special-heading-tag '  itemprop=\"headline\"  ><span class=\"heading-wrap\">ACESSO A REDE<\/span><\/h2><div class=\"special-heading-border\"><div class=\"special-heading-inner-border\"><\/div><\/div><\/div>\n\n<style type=\"text\/css\" data-created_by=\"avia_inline_auto\" id=\"style-css-av-m60tmjf2-b444abc1b7dd7e0d31a1fe57be8566c3\">\n#top .av_textblock_section.av-m60tmjf2-b444abc1b7dd7e0d31a1fe57be8566c3 .avia_textblock{\ncolor:#000000;\n}\n<\/style>\n<section  class='av_textblock_section av-m60tmjf2-b444abc1b7dd7e0d31a1fe57be8566c3 '   itemscope=\"itemscope\" itemtype=\"https:\/\/schema.org\/CreativeWork\" ><div class='avia_textblock av_inherit_color'  itemprop=\"text\" ><p style=\"text-align: center;\"><strong>A rede sem fio t\u00eam acesso exclusivamente identificado, atrav\u00e9s de login e senha do Portal Minha UFMG.<\/strong><\/p>\n<p style=\"text-align: center;\"><strong>Links \u00dateis:<\/strong><\/p>\n<\/div><\/section>\n<div  class='flex_column av-m60uoq33-7679109b813ac83dbc4e2d6f6cad3987 av_one_third  avia-builder-el-10  el_after_av_textblock  el_before_av_one_third  first flex_column_div  column-top-margin'     ><style type=\"text\/css\" data-created_by=\"avia_inline_auto\" id=\"style-css-av-m60u9rea-b70395e25aa561676d7520ff61c5d043\">\n#top #wrap_all .iconbox.av-m60u9rea-b70395e25aa561676d7520ff61c5d043 .iconbox_content_title{\ncolor:#000000;\n}\n.iconbox.av-m60u9rea-b70395e25aa561676d7520ff61c5d043 .iconbox_content_container{\ncolor:#000000;\n}\n<\/style>\n<article  class='iconbox iconbox_left av-m60u9rea-b70395e25aa561676d7520ff61c5d043  avia-builder-el-11  avia-builder-el-no-sibling '  itemscope=\"itemscope\" itemtype=\"https:\/\/schema.org\/CreativeWork\" ><div class=\"iconbox_content\"><header class=\"entry-content-header\" aria-label=\"Icon: Configura\u00e7\u00e3o Android\"><a href='https:\/\/www.redesemfio.ufmg.br\/configuracoes\/configuracao-android-novo\/' title='Configura\u00e7\u00e3o Android' aria-label='Configura\u00e7\u00e3o Android'  target=\"_blank\"  rel=\"noopener noreferrer\" class='iconbox_icon heading-color avia-iconfont avia-font-entypo-fontello' data-av_icon='\ue91c' data-av_iconfont='entypo-fontello' title=\"Configura\u00e7\u00e3o Android\" desc=\"Configura\u00e7\u00e3o Android\" ><\/a><h3 class='iconbox_content_title '  itemprop=\"headline\" ><a href='https:\/\/www.redesemfio.ufmg.br\/configuracoes\/configuracao-android-novo\/' title='Configura\u00e7\u00e3o Android'  target=\"_blank\"  rel=\"noopener noreferrer\">Configura\u00e7\u00e3o Android<\/a><\/h3><\/header><div class='iconbox_content_container av_inherit_color'  itemprop=\"text\" ><p style=\"text-align: left;\">Dispon\u00edvel para todos os dispositivos android.<\/p>\n<\/div><\/div><footer class=\"entry-footer\"><\/footer><\/article><\/div><div  class='flex_column av-m60uoz6n-215181e66283718926e6f58e9d372697 av_one_third  avia-builder-el-12  el_after_av_one_third  el_before_av_one_third  flex_column_div  column-top-margin'     ><article  class='iconbox iconbox_left av-m60uaimy-4270430656e2cc2cba7302371061ff9e  avia-builder-el-13  avia-builder-el-no-sibling '  itemscope=\"itemscope\" itemtype=\"https:\/\/schema.org\/CreativeWork\" ><div class=\"iconbox_content\"><header class=\"entry-content-header\" aria-label=\"Icon: Configura\u00e7\u00e3o IOS\"><div class='iconbox_icon heading-color avia-iconfont avia-font-entypo-fontello' data-av_icon='\ue920' data-av_iconfont='entypo-fontello'  ><\/div><h3 class='iconbox_content_title '  itemprop=\"headline\" >Configura\u00e7\u00e3o IOS<\/h3><\/header><div class='iconbox_content_container '  itemprop=\"text\" ><p>Dispon\u00edvel para todos os dispositivos apple.<\/p>\n<\/div><\/div><footer class=\"entry-footer\"><\/footer><\/article><\/div><div  class='flex_column av-ivqyls-3f620a14c8f8889b2d02affa9c48ea1b av_one_third  avia-builder-el-14  el_after_av_one_third  el_before_av_one_third  flex_column_div  column-top-margin'     ><article  class='iconbox iconbox_left av-m60uliwg-a3767874e803388c988f37209b6c3731  avia-builder-el-15  avia-builder-el-no-sibling '  itemscope=\"itemscope\" itemtype=\"https:\/\/schema.org\/CreativeWork\" ><div class=\"iconbox_content\"><header class=\"entry-content-header\" aria-label=\"Icon: Configura\u00e7\u00e3o Windows 10\"><a href='https:\/\/www.redesemfio.ufmg.br\/configuracoes\/windows-10\/' title='Configura\u00e7\u00e3o Windows 10' aria-label='Configura\u00e7\u00e3o Windows 10'  target=\"_blank\"  rel=\"noopener noreferrer\" class='iconbox_icon heading-color avia-iconfont avia-font-entypo-fontello' data-av_icon='\ue922' data-av_iconfont='entypo-fontello' title=\"Configura\u00e7\u00e3o Windows 10\" desc=\"Configura\u00e7\u00e3o Windows 10\" ><\/a><h3 class='iconbox_content_title '  itemprop=\"headline\" ><a href='https:\/\/www.redesemfio.ufmg.br\/configuracoes\/windows-10\/' title='Configura\u00e7\u00e3o Windows 10'  target=\"_blank\"  rel=\"noopener noreferrer\">Configura\u00e7\u00e3o Windows 10<\/a><\/h3><\/header><div class='iconbox_content_container '  itemprop=\"text\" ><p>Dispon\u00edvel para todos os dispositivos com Windows 10.<\/p>\n<\/div><\/div><footer class=\"entry-footer\"><\/footer><\/article><\/div><div  class='flex_column av-17hd8y8-6c47729819e33d0a089e515fb131ca98 av_one_third  avia-builder-el-16  el_after_av_one_third  el_before_av_one_third  first flex_column_div  column-top-margin'     ><article  class='iconbox iconbox_left av-m66dqzd2-06dfb9b9c04fadd00d06e1cd0feaf971  avia-builder-el-17  avia-builder-el-no-sibling '  itemscope=\"itemscope\" itemtype=\"https:\/\/schema.org\/CreativeWork\" ><div class=\"iconbox_content\"><header class=\"entry-content-header\" aria-label=\"Icon: Configura\u00e7\u00e3o Windows 11\"><a href='https:\/\/www.redesemfio.ufmg.br\/configuracoes\/configuracao-windows-11\/' title='Configura\u00e7\u00e3o Windows 11' aria-label='Configura\u00e7\u00e3o Windows 11'  target=\"_blank\"  rel=\"noopener noreferrer\" class='iconbox_icon heading-color avia-iconfont avia-font-entypo-fontello' data-av_icon='\ue922' data-av_iconfont='entypo-fontello' title=\"Configura\u00e7\u00e3o Windows 11\" desc=\"Configura\u00e7\u00e3o Windows 11\" ><\/a><h3 class='iconbox_content_title '  itemprop=\"headline\" ><a href='https:\/\/www.redesemfio.ufmg.br\/configuracoes\/configuracao-windows-11\/' title='Configura\u00e7\u00e3o Windows 11'  target=\"_blank\"  rel=\"noopener noreferrer\">Configura\u00e7\u00e3o Windows 11<\/a><\/h3><\/header><div class='iconbox_content_container '  itemprop=\"text\" ><p>Dispon\u00edvel para todos os dispositivos com Windows 11.<\/p>\n<\/div><\/div><footer class=\"entry-footer\"><\/footer><\/article><\/div><div  class='flex_column av-n8bypc-018866058cb0c14563c8a4ebf09bea4f av_one_third  avia-builder-el-18  el_after_av_one_third  avia-builder-el-last  flex_column_div  column-top-margin'     ><article  class='iconbox iconbox_left av-m66du14h-47d7e3cf6c8ed89384b18e28c1868652  avia-builder-el-19  avia-builder-el-no-sibling '  itemscope=\"itemscope\" itemtype=\"https:\/\/schema.org\/CreativeWork\" ><div class=\"iconbox_content\"><header class=\"entry-content-header\" aria-label=\"Icon: Configura\u00e7\u00e3o Linux\"><a href='https:\/\/www.redesemfio.ufmg.br\/configuracoes\/linux\/' title='Configura\u00e7\u00e3o Linux' aria-label='Configura\u00e7\u00e3o Linux'  target=\"_blank\"  rel=\"noopener noreferrer\" class='iconbox_icon heading-color avia-iconfont avia-font-entypo-fontello' data-av_icon='\ue8ab' data-av_iconfont='entypo-fontello' title=\"Configura\u00e7\u00e3o Linux\" desc=\"Configura\u00e7\u00e3o Linux\" ><\/a><h3 class='iconbox_content_title '  itemprop=\"headline\" ><a href='https:\/\/www.redesemfio.ufmg.br\/configuracoes\/linux\/' title='Configura\u00e7\u00e3o Linux'  target=\"_blank\"  rel=\"noopener noreferrer\">Configura\u00e7\u00e3o Linux<\/a><\/h3><\/header><div class='iconbox_content_container '  itemprop=\"text\" ><p>Dispon\u00edvel para todos os dispositivos com Linux.<\/p>\n<\/div><\/div><footer class=\"entry-footer\"><\/footer><\/article><\/div>\n<\/div><\/div><\/div><!-- close content main div --><\/div><\/div><div id='after_section_3'  class='main_color av_default_container_wrap container_wrap fullsize'  ><div class='container av-section-cont-open' ><div class='template-page content  av-content-full alpha units'><div class='post-entry post-entry-type-page post-entry-17168'><div class='entry-content-wrapper clearfix'>\n\n<style type=\"text\/css\" data-created_by=\"avia_inline_auto\" id=\"style-css-av-ia4xcg-1ff1caede46774f2a2e9ee99702e327f\">\n#top .hr.av-ia4xcg-1ff1caede46774f2a2e9ee99702e327f{\nmargin-top:30px;\nmargin-bottom:30px;\n}\n.hr.av-ia4xcg-1ff1caede46774f2a2e9ee99702e327f .hr-inner{\nwidth:1px;\n}\n<\/style>\n<div  class='hr av-ia4xcg-1ff1caede46774f2a2e9ee99702e327f hr-custom  avia-builder-el-20  el_after_av_section  avia-builder-el-no-sibling  hr-center hr-icon-no'><span class='hr-inner inner-border-av-border-thin'><span class=\"hr-inner-style\"><\/span><\/span><\/div>\n","protected":false},"excerpt":{"rendered":"","protected":false},"author":68,"featured_media":0,"parent":0,"menu_order":0,"comment_status":"closed","ping_status":"closed","template":"","meta":{"inline_featured_image":false,"footnotes":""},"class_list":["post-17168","page","type-page","status-publish","hentry"],"yoast_head":"<!-- This site is optimized with the Yoast SEO plugin v27.3 - https:\/\/yoast.com\/product\/yoast-seo-wordpress\/ -->\n<title>Rede - Novo Site<\/title>\n<meta name=\"robots\" content=\"index, follow, max-snippet:-1, max-image-preview:large, max-video-preview:-1\" \/>\n<link rel=\"canonical\" href=\"https:\/\/www.odonto.ufmg.br\/novo\/rede\/\" \/>\n<meta property=\"og:locale\" content=\"pt_BR\" \/>\n<meta property=\"og:type\" content=\"article\" \/>\n<meta property=\"og:title\" content=\"Rede - Novo Site\" \/>\n<meta property=\"og:url\" content=\"https:\/\/www.odonto.ufmg.br\/novo\/rede\/\" \/>\n<meta property=\"og:site_name\" content=\"Novo Site\" \/>\n<meta property=\"article:publisher\" content=\"https:\/\/www.facebook.com\/faoufmg\/\" \/>\n<meta property=\"article:modified_time\" content=\"2025-01-28T11:02:21+00:00\" \/>\n<meta name=\"twitter:card\" content=\"summary_large_image\" \/>\n<meta name=\"twitter:label1\" content=\"Est. tempo de leitura\" \/>\n\t<meta name=\"twitter:data1\" content=\"2 minutos\" \/>\n<script type=\"application\/ld+json\" class=\"yoast-schema-graph\">{\"@context\":\"https:\\\/\\\/schema.org\",\"@graph\":[{\"@type\":\"WebPage\",\"@id\":\"https:\\\/\\\/www.odonto.ufmg.br\\\/novo\\\/rede\\\/\",\"url\":\"https:\\\/\\\/www.odonto.ufmg.br\\\/novo\\\/rede\\\/\",\"name\":\"Rede - Novo Site\",\"isPartOf\":{\"@id\":\"https:\\\/\\\/www.odonto.ufmg.br\\\/novo\\\/#website\"},\"datePublished\":\"2025-01-17T13:44:13+00:00\",\"dateModified\":\"2025-01-28T11:02:21+00:00\",\"breadcrumb\":{\"@id\":\"https:\\\/\\\/www.odonto.ufmg.br\\\/novo\\\/rede\\\/#breadcrumb\"},\"inLanguage\":\"pt-BR\",\"potentialAction\":[{\"@type\":\"ReadAction\",\"target\":[\"https:\\\/\\\/www.odonto.ufmg.br\\\/novo\\\/rede\\\/\"]}]},{\"@type\":\"BreadcrumbList\",\"@id\":\"https:\\\/\\\/www.odonto.ufmg.br\\\/novo\\\/rede\\\/#breadcrumb\",\"itemListElement\":[{\"@type\":\"ListItem\",\"position\":1,\"name\":\"In\u00edcio\",\"item\":\"https:\\\/\\\/www.odonto.ufmg.br\\\/novo\\\/inicio-2\\\/\"},{\"@type\":\"ListItem\",\"position\":2,\"name\":\"Rede\"}]},{\"@type\":\"WebSite\",\"@id\":\"https:\\\/\\\/www.odonto.ufmg.br\\\/novo\\\/#website\",\"url\":\"https:\\\/\\\/www.odonto.ufmg.br\\\/novo\\\/\",\"name\":\"Novo Site\",\"description\":\"Portal da Faculdade de Odontologia da Universidade Federal de Minas Gerais\",\"publisher\":{\"@id\":\"https:\\\/\\\/www.odonto.ufmg.br\\\/novo\\\/#organization\"},\"potentialAction\":[{\"@type\":\"SearchAction\",\"target\":{\"@type\":\"EntryPoint\",\"urlTemplate\":\"https:\\\/\\\/www.odonto.ufmg.br\\\/novo\\\/?s={search_term_string}\"},\"query-input\":{\"@type\":\"PropertyValueSpecification\",\"valueRequired\":true,\"valueName\":\"search_term_string\"}}],\"inLanguage\":\"pt-BR\"},{\"@type\":\"Organization\",\"@id\":\"https:\\\/\\\/www.odonto.ufmg.br\\\/novo\\\/#organization\",\"name\":\"Faculdade de Odontologia da UFMG\",\"url\":\"https:\\\/\\\/www.odonto.ufmg.br\\\/novo\\\/\",\"logo\":{\"@type\":\"ImageObject\",\"inLanguage\":\"pt-BR\",\"@id\":\"https:\\\/\\\/www.odonto.ufmg.br\\\/novo\\\/#\\\/schema\\\/logo\\\/image\\\/\",\"url\":\"https:\\\/\\\/www.odonto.ufmg.br\\\/novo\\\/wp-content\\\/uploads\\\/sites\\\/32\\\/2015\\\/12\\\/logo-fao-ufmg.png\",\"contentUrl\":\"https:\\\/\\\/www.odonto.ufmg.br\\\/novo\\\/wp-content\\\/uploads\\\/sites\\\/32\\\/2015\\\/12\\\/logo-fao-ufmg.png\",\"width\":340,\"height\":156,\"caption\":\"Faculdade de Odontologia da UFMG\"},\"image\":{\"@id\":\"https:\\\/\\\/www.odonto.ufmg.br\\\/novo\\\/#\\\/schema\\\/logo\\\/image\\\/\"},\"sameAs\":[\"https:\\\/\\\/www.facebook.com\\\/faoufmg\\\/\"]}]}<\/script>\n<!-- \/ Yoast SEO plugin. -->","yoast_head_json":{"title":"Rede - Novo Site","robots":{"index":"index","follow":"follow","max-snippet":"max-snippet:-1","max-image-preview":"max-image-preview:large","max-video-preview":"max-video-preview:-1"},"canonical":"https:\/\/www.odonto.ufmg.br\/novo\/rede\/","og_locale":"pt_BR","og_type":"article","og_title":"Rede - Novo Site","og_url":"https:\/\/www.odonto.ufmg.br\/novo\/rede\/","og_site_name":"Novo Site","article_publisher":"https:\/\/www.facebook.com\/faoufmg\/","article_modified_time":"2025-01-28T11:02:21+00:00","twitter_card":"summary_large_image","twitter_misc":{"Est. tempo de leitura":"2 minutos"},"schema":{"@context":"https:\/\/schema.org","@graph":[{"@type":"WebPage","@id":"https:\/\/www.odonto.ufmg.br\/novo\/rede\/","url":"https:\/\/www.odonto.ufmg.br\/novo\/rede\/","name":"Rede - Novo Site","isPartOf":{"@id":"https:\/\/www.odonto.ufmg.br\/novo\/#website"},"datePublished":"2025-01-17T13:44:13+00:00","dateModified":"2025-01-28T11:02:21+00:00","breadcrumb":{"@id":"https:\/\/www.odonto.ufmg.br\/novo\/rede\/#breadcrumb"},"inLanguage":"pt-BR","potentialAction":[{"@type":"ReadAction","target":["https:\/\/www.odonto.ufmg.br\/novo\/rede\/"]}]},{"@type":"BreadcrumbList","@id":"https:\/\/www.odonto.ufmg.br\/novo\/rede\/#breadcrumb","itemListElement":[{"@type":"ListItem","position":1,"name":"In\u00edcio","item":"https:\/\/www.odonto.ufmg.br\/novo\/inicio-2\/"},{"@type":"ListItem","position":2,"name":"Rede"}]},{"@type":"WebSite","@id":"https:\/\/www.odonto.ufmg.br\/novo\/#website","url":"https:\/\/www.odonto.ufmg.br\/novo\/","name":"Novo Site","description":"Portal da Faculdade de Odontologia da Universidade Federal de Minas Gerais","publisher":{"@id":"https:\/\/www.odonto.ufmg.br\/novo\/#organization"},"potentialAction":[{"@type":"SearchAction","target":{"@type":"EntryPoint","urlTemplate":"https:\/\/www.odonto.ufmg.br\/novo\/?s={search_term_string}"},"query-input":{"@type":"PropertyValueSpecification","valueRequired":true,"valueName":"search_term_string"}}],"inLanguage":"pt-BR"},{"@type":"Organization","@id":"https:\/\/www.odonto.ufmg.br\/novo\/#organization","name":"Faculdade de Odontologia da UFMG","url":"https:\/\/www.odonto.ufmg.br\/novo\/","logo":{"@type":"ImageObject","inLanguage":"pt-BR","@id":"https:\/\/www.odonto.ufmg.br\/novo\/#\/schema\/logo\/image\/","url":"https:\/\/www.odonto.ufmg.br\/novo\/wp-content\/uploads\/sites\/32\/2015\/12\/logo-fao-ufmg.png","contentUrl":"https:\/\/www.odonto.ufmg.br\/novo\/wp-content\/uploads\/sites\/32\/2015\/12\/logo-fao-ufmg.png","width":340,"height":156,"caption":"Faculdade de Odontologia da UFMG"},"image":{"@id":"https:\/\/www.odonto.ufmg.br\/novo\/#\/schema\/logo\/image\/"},"sameAs":["https:\/\/www.facebook.com\/faoufmg\/"]}]}},"_links":{"self":[{"href":"https:\/\/www.odonto.ufmg.br\/novo\/wp-json\/wp\/v2\/pages\/17168","targetHints":{"allow":["GET"]}}],"collection":[{"href":"https:\/\/www.odonto.ufmg.br\/novo\/wp-json\/wp\/v2\/pages"}],"about":[{"href":"https:\/\/www.odonto.ufmg.br\/novo\/wp-json\/wp\/v2\/types\/page"}],"author":[{"embeddable":true,"href":"https:\/\/www.odonto.ufmg.br\/novo\/wp-json\/wp\/v2\/users\/68"}],"replies":[{"embeddable":true,"href":"https:\/\/www.odonto.ufmg.br\/novo\/wp-json\/wp\/v2\/comments?post=17168"}],"version-history":[{"count":25,"href":"https:\/\/www.odonto.ufmg.br\/novo\/wp-json\/wp\/v2\/pages\/17168\/revisions"}],"predecessor-version":[{"id":17258,"href":"https:\/\/www.odonto.ufmg.br\/novo\/wp-json\/wp\/v2\/pages\/17168\/revisions\/17258"}],"wp:attachment":[{"href":"https:\/\/www.odonto.ufmg.br\/novo\/wp-json\/wp\/v2\/media?parent=17168"}],"curies":[{"name":"wp","href":"https:\/\/api.w.org\/{rel}","templated":true}]}}