{"id":12199,"date":"2020-01-10T10:44:08","date_gmt":"2020-01-10T13:44:08","guid":{"rendered":"https:\/\/www.odonto.ufmg.br\/novo\/?page_id=12199"},"modified":"2023-05-16T08:54:50","modified_gmt":"2023-05-16T11:54:50","slug":"catalogo-telefonico-setores-administrativos","status":"publish","type":"page","link":"https:\/\/www.odonto.ufmg.br\/novo\/catalogo-telefonico-setores-administrativos\/","title":{"rendered":"Cat\u00e1logo telef\u00f4nico &#8211; Setores Administrativos"},"content":{"rendered":"\n<style type=\"text\/css\" data-created_by=\"avia_inline_auto\" id=\"style-css-av-a7xtyx3-b5de0e4e003a103b0899941a8d29aaaa\">\n.flex_column.av-a7xtyx3-b5de0e4e003a103b0899941a8d29aaaa{\nborder-radius:0px 0px 0px 0px;\npadding:0px 0px 0px 0px;\n}\n<\/style>\n<div  class='flex_column av-a7xtyx3-b5de0e4e003a103b0899941a8d29aaaa av_one_fifth  avia-builder-el-0  el_before_av_two_fifth  avia-builder-el-first  first flex_column_div av-zero-column-padding  '     ><\/div>\n\n<style type=\"text\/css\" data-created_by=\"avia_inline_auto\" id=\"style-css-av-zflgzr-6b7bbca235ae6f8d53f5a3a46f331df7\">\n.flex_column.av-zflgzr-6b7bbca235ae6f8d53f5a3a46f331df7{\nborder-radius:0px 0px 0px 0px;\npadding:0px 0px 0px 0px;\n}\n<\/style>\n<div  class='flex_column av-zflgzr-6b7bbca235ae6f8d53f5a3a46f331df7 av_two_fifth  avia-builder-el-1  el_after_av_one_fifth  el_before_av_two_fifth  flex_column_div av-zero-column-padding  '     ><style type=\"text\/css\" data-created_by=\"avia_inline_auto\" id=\"style-css-av-k5dwbd8h-dea9ca686edcc3c8d63321fa55782dd2\">\n#top .avia-icon-list-container.av-k5dwbd8h-dea9ca686edcc3c8d63321fa55782dd2 .iconlist_icon{\nbackground-color:#b02b2c;\n}\n#top #wrap_all .avia-icon-list-container.av-k5dwbd8h-dea9ca686edcc3c8d63321fa55782dd2 .av_iconlist_title{\nfont-size:12px;\n}\n<\/style>\n<div  class='avia-icon-list-container av-k5dwbd8h-dea9ca686edcc3c8d63321fa55782dd2  avia-builder-el-2  avia-builder-el-no-sibling '><ul class='avia-icon-list avia_animate_when_almost_visible avia-icon-list-left av-iconlist-big av-k5dwbd8h-dea9ca686edcc3c8d63321fa55782dd2 avia-iconlist-animate'>\n<li><div class='iconlist_icon av-t0j547-a599a6873610d0560daf7b1c87b054e4 avia-font-entypo-fontello avia-iconfont avia-font-entypo-fontello'><span class='av-icon-char' data-av_icon='\ue854' data-av_iconfont='entypo-fontello' aria-hidden=\"true\"><\/span><\/div><article class=\"article-icon-entry \"  itemscope=\"itemscope\" itemtype=\"https:\/\/schema.org\/CreativeWork\" ><div class=\"iconlist_content_wrap\"><header class=\"entry-content-header\" aria-label=\"Icon: Almoxarifado \"><h4 class='av_iconlist_title iconlist_title  '  itemprop=\"headline\" >Almoxarifado <\/h4><\/header><div class='iconlist_content '  itemprop=\"text\" ><p>3409-2459<\/p>\n<p>odonto-smalmox@ufmg.br<\/p>\n<\/div><\/div><footer class=\"entry-footer\"><\/footer><\/article><div class=\"iconlist-timeline\"><\/div><\/li>\n<li><div class='iconlist_icon av-1ukiuf-b539f9b7d2d973de61b6ef1a0eb262c6 avia-font-entypo-fontello avia-iconfont avia-font-entypo-fontello'><span class='av-icon-char' data-av_icon='\ue854' data-av_iconfont='entypo-fontello' aria-hidden=\"true\"><\/span><\/div><article class=\"article-icon-entry \"  itemscope=\"itemscope\" itemtype=\"https:\/\/schema.org\/CreativeWork\" ><div class=\"iconlist_content_wrap\"><header class=\"entry-content-header\" aria-label=\"Icon: Arquivo Inativo\"><h4 class='av_iconlist_title iconlist_title  '  itemprop=\"headline\" >Arquivo Inativo<\/h4><\/header><div class='iconlist_content '  itemprop=\"text\" ><p>3409-2466<\/p>\n<p>arquivoinativo@odonto.ufmg.br<br \/>\narquivoinativofao@gmail.com<\/p>\n<\/div><\/div><footer class=\"entry-footer\"><\/footer><\/article><div class=\"iconlist-timeline\"><\/div><\/li>\n<li><div class='iconlist_icon av-1k3tb5z-8477016261ada588c172e6faf5a4f18d avia-font-entypo-fontello avia-iconfont avia-font-entypo-fontello'><span class='av-icon-char' data-av_icon='\ue854' data-av_iconfont='entypo-fontello' aria-hidden=\"true\"><\/span><\/div><article class=\"article-icon-entry \"  itemscope=\"itemscope\" itemtype=\"https:\/\/schema.org\/CreativeWork\" ><div class=\"iconlist_content_wrap\"><header class=\"entry-content-header\" aria-label=\"Icon: Audiovisual\"><h4 class='av_iconlist_title iconlist_title  '  itemprop=\"headline\" >Audiovisual<\/h4><\/header><div class='iconlist_content '  itemprop=\"text\" ><p>3409-2399<\/p>\n<p>multimidia@odonto.ufmg.br<\/p>\n<\/div><\/div><footer class=\"entry-footer\"><\/footer><\/article><div class=\"iconlist-timeline\"><\/div><\/li>\n<li><div class='iconlist_icon av-z68ysn-5db07d81bd9aabe7a05b87a148081fa1 avia-font-entypo-fontello avia-iconfont avia-font-entypo-fontello'><span class='av-icon-char' data-av_icon='\ue854' data-av_iconfont='entypo-fontello' aria-hidden=\"true\"><\/span><\/div><article class=\"article-icon-entry \"  itemscope=\"itemscope\" itemtype=\"https:\/\/schema.org\/CreativeWork\" ><div class=\"iconlist_content_wrap\"><header class=\"entry-content-header\" aria-label=\"Icon: Biblioteca\"><h4 class='av_iconlist_title iconlist_title  '  itemprop=\"headline\" >Biblioteca<\/h4><\/header><div class='iconlist_content '  itemprop=\"text\" ><p>3409-2483<\/p>\n<p>bib@odonto.ufmg.br<\/p>\n<\/div><\/div><footer class=\"entry-footer\"><\/footer><\/article><div class=\"iconlist-timeline\"><\/div><\/li>\n<li><div class='iconlist_icon av-vz80pz-371c5d7d733d173cf1b52f113880d47c avia-font-entypo-fontello avia-iconfont avia-font-entypo-fontello'><span class='av-icon-char' data-av_icon='\ue854' data-av_iconfont='entypo-fontello' aria-hidden=\"true\"><\/span><\/div><article class=\"article-icon-entry \"  itemscope=\"itemscope\" itemtype=\"https:\/\/schema.org\/CreativeWork\" ><div class=\"iconlist_content_wrap\"><header class=\"entry-content-header\" aria-label=\"Icon: CASEU\"><h4 class='av_iconlist_title iconlist_title  '  itemprop=\"headline\" >CASEU<\/h4><\/header><div class='iconlist_content '  itemprop=\"text\" ><p>3409-2405\/2401<\/p>\n<p>odonto-caseu@ufmg.br<\/p>\n<\/div><\/div><footer class=\"entry-footer\"><\/footer><\/article><div class=\"iconlist-timeline\"><\/div><\/li>\n<li><div class='iconlist_icon av-175ebuv-9338c5fd1ee4362ecd47270b624fb5b6 avia-font-entypo-fontello avia-iconfont avia-font-entypo-fontello'><span class='av-icon-char' data-av_icon='\ue854' data-av_iconfont='entypo-fontello' aria-hidden=\"true\"><\/span><\/div><article class=\"article-icon-entry \"  itemscope=\"itemscope\" itemtype=\"https:\/\/schema.org\/CreativeWork\" ><div class=\"iconlist_content_wrap\"><header class=\"entry-content-header\" aria-label=\"Icon: CENEX\"><h4 class='av_iconlist_title iconlist_title  '  itemprop=\"headline\" >CENEX<\/h4><\/header><div class='iconlist_content '  itemprop=\"text\" ><p>3409-2451<\/p>\n<p>odonto-cenex@ufmg.br<\/p>\n<\/div><\/div><footer class=\"entry-footer\"><\/footer><\/article><div class=\"iconlist-timeline\"><\/div><\/li>\n<li><div class='iconlist_icon av-193twpz-2bb084cce9c0d5f08d66a4cdce4ce5e3 avia-font-entypo-fontello avia-iconfont avia-font-entypo-fontello'><span class='av-icon-char' data-av_icon='\ue854' data-av_iconfont='entypo-fontello' aria-hidden=\"true\"><\/span><\/div><article class=\"article-icon-entry \"  itemscope=\"itemscope\" itemtype=\"https:\/\/schema.org\/CreativeWork\" ><div class=\"iconlist_content_wrap\"><header class=\"entry-content-header\" aria-label=\"Icon: Colegiado de Gradua\u00e7\u00e3o \"><h4 class='av_iconlist_title iconlist_title  '  itemprop=\"headline\" >Colegiado de Gradua\u00e7\u00e3o <\/h4><\/header><div class='iconlist_content '  itemprop=\"text\" ><p>3409-2472<br \/>\nodonto-grad@ufmg.br<\/p>\n<\/div><\/div><footer class=\"entry-footer\"><\/footer><\/article><div class=\"iconlist-timeline\"><\/div><\/li>\n<li><div class='iconlist_icon av-wp037r-76b9041bb43c351a2e6310023a744217 avia-font-entypo-fontello avia-iconfont avia-font-entypo-fontello'><span class='av-icon-char' data-av_icon='\ue854' data-av_iconfont='entypo-fontello' aria-hidden=\"true\"><\/span><\/div><article class=\"article-icon-entry \"  itemscope=\"itemscope\" itemtype=\"https:\/\/schema.org\/CreativeWork\" ><div class=\"iconlist_content_wrap\"><header class=\"entry-content-header\" aria-label=\"Icon: Colegiado de P\u00f3s Gradua\u00e7\u00e3o \"><h4 class='av_iconlist_title iconlist_title  '  itemprop=\"headline\" >Colegiado de P\u00f3s Gradua\u00e7\u00e3o <\/h4><\/header><div class='iconlist_content '  itemprop=\"text\" ><p>3409-2470<\/p>\n<p>odonto-posgrad@ufmg.br<\/p>\n<\/div><\/div><footer class=\"entry-footer\"><\/footer><\/article><div class=\"iconlist-timeline\"><\/div><\/li>\n<li><div class='iconlist_icon av-11zrdfr-06305496d02654cd19345e456106a1a4 avia-font-entypo-fontello avia-iconfont avia-font-entypo-fontello'><span class='av-icon-char' data-av_icon='\ue854' data-av_iconfont='entypo-fontello' aria-hidden=\"true\"><\/span><\/div><article class=\"article-icon-entry \"  itemscope=\"itemscope\" itemtype=\"https:\/\/schema.org\/CreativeWork\" ><div class=\"iconlist_content_wrap\"><header class=\"entry-content-header\" aria-label=\"Icon: Diretoria\"><h4 class='av_iconlist_title iconlist_title  '  itemprop=\"headline\" >Diretoria<\/h4><\/header><div class='iconlist_content '  itemprop=\"text\" ><p>3409-2402\/03\/04<\/p>\n<p>odonto-dir@ufmg.br<\/p>\n<\/div><\/div><footer class=\"entry-footer\"><\/footer><\/article><div class=\"iconlist-timeline\"><\/div><\/li>\n<li><div class='iconlist_icon av-1ukiuf-feef53ad849fdbdf1f40bbd87c18b4da avia-font-entypo-fontello avia-iconfont avia-font-entypo-fontello'><span class='av-icon-char' data-av_icon='\ue854' data-av_iconfont='entypo-fontello' aria-hidden=\"true\"><\/span><\/div><article class=\"article-icon-entry \"  itemscope=\"itemscope\" itemtype=\"https:\/\/schema.org\/CreativeWork\" ><div class=\"iconlist_content_wrap\"><header class=\"entry-content-header\" aria-label=\"Icon: Inform\u00e1tica\"><h4 class='av_iconlist_title iconlist_title  '  itemprop=\"headline\" >Inform\u00e1tica<\/h4><\/header><div class='iconlist_content '  itemprop=\"text\" ><p>3409-2493<\/p>\n<p>suporte@odonto.ufmg.br<\/p>\n<\/div><\/div><footer class=\"entry-footer\"><\/footer><\/article><div class=\"iconlist-timeline\"><\/div><\/li>\n<\/ul><\/div><\/div>\n<style type=\"text\/css\" data-created_by=\"avia_inline_auto\" id=\"style-css-av-5erytev-c2a17aa92b1fd70ca5c91a38b1a52135\">\n.flex_column.av-5erytev-c2a17aa92b1fd70ca5c91a38b1a52135{\nborder-radius:0px 0px 0px 0px;\npadding:0px 0px 0px 0px;\n}\n<\/style>\n<div  class='flex_column av-5erytev-c2a17aa92b1fd70ca5c91a38b1a52135 av_two_fifth  avia-builder-el-3  el_after_av_two_fifth  el_before_av_one_fifth  flex_column_div av-zero-column-padding  '     ><style type=\"text\/css\" data-created_by=\"avia_inline_auto\" id=\"style-css-av-k5dwbd8h-1-b68c9707e99fe40491623a83bef35cf8\">\n#top .avia-icon-list-container.av-k5dwbd8h-1-b68c9707e99fe40491623a83bef35cf8 .iconlist_icon{\nbackground-color:#b02b2c;\n}\n#top #wrap_all .avia-icon-list-container.av-k5dwbd8h-1-b68c9707e99fe40491623a83bef35cf8 .av_iconlist_title{\nfont-size:12px;\n}\n<\/style>\n<div  class='avia-icon-list-container av-k5dwbd8h-1-b68c9707e99fe40491623a83bef35cf8  avia-builder-el-4  avia-builder-el-no-sibling '><ul class='avia-icon-list avia_animate_when_almost_visible avia-icon-list-left av-iconlist-big av-k5dwbd8h-1-b68c9707e99fe40491623a83bef35cf8 avia-iconlist-animate'>\n<li><div class='iconlist_icon av-11mu9lz-4a12884013cbec6b2aea930a588c3f3c avia-font-entypo-fontello avia-iconfont avia-font-entypo-fontello'><span class='av-icon-char' data-av_icon='\ue854' data-av_iconfont='entypo-fontello' aria-hidden=\"true\"><\/span><\/div><article class=\"article-icon-entry \"  itemscope=\"itemscope\" itemtype=\"https:\/\/schema.org\/CreativeWork\" ><div class=\"iconlist_content_wrap\"><header class=\"entry-content-header\" aria-label=\"Icon: NAPQ - N\u00facleo de Assist. \u00c0 Pesquisa \"><h4 class='av_iconlist_title iconlist_title  '  itemprop=\"headline\" >NAPQ - N\u00facleo de Assist. \u00c0 Pesquisa <\/h4><\/header><div class='iconlist_content '  itemprop=\"text\" ><p>3409-2420<\/p>\n<p>odonto-napq@ufmg.br<\/p>\n<\/div><\/div><footer class=\"entry-footer\"><\/footer><\/article><div class=\"iconlist-timeline\"><\/div><\/li>\n<li><div class='iconlist_icon av-pg8893-c4e9b580856ffcf3dc812f2ac3280a6f avia-font-entypo-fontello avia-iconfont avia-font-entypo-fontello'><span class='av-icon-char' data-av_icon='\ue854' data-av_iconfont='entypo-fontello' aria-hidden=\"true\"><\/span><\/div><article class=\"article-icon-entry \"  itemscope=\"itemscope\" itemtype=\"https:\/\/schema.org\/CreativeWork\" ><div class=\"iconlist_content_wrap\"><header class=\"entry-content-header\" aria-label=\"Icon: PROGrad - Gabinete \"><h4 class='av_iconlist_title iconlist_title  '  itemprop=\"headline\" >PROGrad - Gabinete <\/h4><\/header><div class='iconlist_content '  itemprop=\"text\" ><p>3409-4052\/4060<\/p>\n<p>gab@prograd.ufmg.br<\/p>\n<\/div><\/div><footer class=\"entry-footer\"><\/footer><\/article><div class=\"iconlist-timeline\"><\/div><\/li>\n<li><div class='iconlist_icon av-1tl9elj-2422493dfbe9e319ddbf7d34338c6578 avia-font-entypo-fontello avia-iconfont avia-font-entypo-fontello'><span class='av-icon-char' data-av_icon='\ue854' data-av_iconfont='entypo-fontello' aria-hidden=\"true\"><\/span><\/div><article class=\"article-icon-entry \"  itemscope=\"itemscope\" itemtype=\"https:\/\/schema.org\/CreativeWork\" ><div class=\"iconlist_content_wrap\"><header class=\"entry-content-header\" aria-label=\"Icon: Se\u00e7\u00e3o Compras \"><h4 class='av_iconlist_title iconlist_title  '  itemprop=\"headline\" >Se\u00e7\u00e3o Compras <\/h4><\/header><div class='iconlist_content '  itemprop=\"text\" ><p>3409-2490<\/p>\n<p>odonto-scompras@ufmg.br<\/p>\n<\/div><\/div><footer class=\"entry-footer\"><\/footer><\/article><div class=\"iconlist-timeline\"><\/div><\/li>\n<li><div class='iconlist_icon av-1d8bezr-0658970ae60e484a14bfcca3542c6a64 avia-font-entypo-fontello avia-iconfont avia-font-entypo-fontello'><span class='av-icon-char' data-av_icon='\ue854' data-av_iconfont='entypo-fontello' aria-hidden=\"true\"><\/span><\/div><article class=\"article-icon-entry \"  itemscope=\"itemscope\" itemtype=\"https:\/\/schema.org\/CreativeWork\" ><div class=\"iconlist_content_wrap\"><header class=\"entry-content-header\" aria-label=\"Icon: Se\u00e7\u00e3o Contabilidade\"><h4 class='av_iconlist_title iconlist_title  '  itemprop=\"headline\" >Se\u00e7\u00e3o Contabilidade<\/h4><\/header><div class='iconlist_content '  itemprop=\"text\" ><p>3409-2491<\/p>\n<p>odonto-scontab@ufmg.br<\/p>\n<\/div><\/div><footer class=\"entry-footer\"><\/footer><\/article><div class=\"iconlist-timeline\"><\/div><\/li>\n<li><div class='iconlist_icon av-iubex3-0692ad4709d582ac1017934ac14d60db avia-font-entypo-fontello avia-iconfont avia-font-entypo-fontello'><span class='av-icon-char' data-av_icon='\ue854' data-av_iconfont='entypo-fontello' aria-hidden=\"true\"><\/span><\/div><article class=\"article-icon-entry \"  itemscope=\"itemscope\" itemtype=\"https:\/\/schema.org\/CreativeWork\" ><div class=\"iconlist_content_wrap\"><header class=\"entry-content-header\" aria-label=\"Icon: Se\u00e7\u00e3o Contratos\"><h4 class='av_iconlist_title iconlist_title  '  itemprop=\"headline\" >Se\u00e7\u00e3o Contratos<\/h4><\/header><div class='iconlist_content '  itemprop=\"text\" ><p>3409-7446<\/p>\n<p>contratos@odonto.ufmg.br<\/p>\n<\/div><\/div><footer class=\"entry-footer\"><\/footer><\/article><div class=\"iconlist-timeline\"><\/div><\/li>\n<li><div class='iconlist_icon av-ksafb-d06432ba54b6a6812732c85ef925c93d avia-font-entypo-fontello avia-iconfont avia-font-entypo-fontello'><span class='av-icon-char' data-av_icon='\ue854' data-av_iconfont='entypo-fontello' aria-hidden=\"true\"><\/span><\/div><article class=\"article-icon-entry \"  itemscope=\"itemscope\" itemtype=\"https:\/\/schema.org\/CreativeWork\" ><div class=\"iconlist_content_wrap\"><header class=\"entry-content-header\" aria-label=\"Icon: Se\u00e7\u00e3o Patrim\u00f4nio \"><h4 class='av_iconlist_title iconlist_title  '  itemprop=\"headline\" >Se\u00e7\u00e3o Patrim\u00f4nio <\/h4><\/header><div class='iconlist_content '  itemprop=\"text\" ><p>3409-2458<\/p>\n<p>odonto-spatr@ufmg.br<\/p>\n<\/div><\/div><footer class=\"entry-footer\"><\/footer><\/article><div class=\"iconlist-timeline\"><\/div><\/li>\n<li><div class='iconlist_icon av-15bb7pj-5fb39a97fe90e6a7d6ceb0e0379a22f0 avia-font-entypo-fontello avia-iconfont avia-font-entypo-fontello'><span class='av-icon-char' data-av_icon='\ue854' data-av_iconfont='entypo-fontello' aria-hidden=\"true\"><\/span><\/div><article class=\"article-icon-entry \"  itemscope=\"itemscope\" itemtype=\"https:\/\/schema.org\/CreativeWork\" ><div class=\"iconlist_content_wrap\"><header class=\"entry-content-header\" aria-label=\"Icon: Se\u00e7\u00e3o Pessoal\"><h4 class='av_iconlist_title iconlist_title  '  itemprop=\"headline\" >Se\u00e7\u00e3o Pessoal<\/h4><\/header><div class='iconlist_content '  itemprop=\"text\" ><p>3409-2494<\/p>\n<p>odonto-spessoal@ufmg.br<\/p>\n<\/div><\/div><footer class=\"entry-footer\"><\/footer><\/article><div class=\"iconlist-timeline\"><\/div><\/li>\n<li><div class='iconlist_icon av-ni3d6v-f8cde9b4c3c3ddb0d40b4081702e232f avia-font-entypo-fontello avia-iconfont avia-font-entypo-fontello'><span class='av-icon-char' data-av_icon='\ue854' data-av_iconfont='entypo-fontello' aria-hidden=\"true\"><\/span><\/div><article class=\"article-icon-entry \"  itemscope=\"itemscope\" itemtype=\"https:\/\/schema.org\/CreativeWork\" ><div class=\"iconlist_content_wrap\"><header class=\"entry-content-header\" aria-label=\"Icon: Servi\u00e7os Gerais\"><h4 class='av_iconlist_title iconlist_title  '  itemprop=\"headline\" >Servi\u00e7os Gerais<\/h4><\/header><div class='iconlist_content '  itemprop=\"text\" ><p>3409-2460<\/p>\n<p>odonto-sgerais@ufmg.br<\/p>\n<\/div><\/div><footer class=\"entry-footer\"><\/footer><\/article><div class=\"iconlist-timeline\"><\/div><\/li>\n<li><div class='iconlist_icon av-qyvtl3-411f3f02a9e6b9f3f8e35f82ca634605 avia-font-entypo-fontello avia-iconfont avia-font-entypo-fontello'><span class='av-icon-char' data-av_icon='\ue854' data-av_iconfont='entypo-fontello' aria-hidden=\"true\"><\/span><\/div><article class=\"article-icon-entry \"  itemscope=\"itemscope\" itemtype=\"https:\/\/schema.org\/CreativeWork\" ><div class=\"iconlist_content_wrap\"><header class=\"entry-content-header\" aria-label=\"Icon: Superintend\u00eancia \"><h4 class='av_iconlist_title iconlist_title  '  itemprop=\"headline\" >Superintend\u00eancia <\/h4><\/header><div class='iconlist_content '  itemprop=\"text\" ><p>3409-2425<\/p>\n<p>superintendencia@odonto.ufmg.br<\/p>\n<\/div><\/div><footer class=\"entry-footer\"><\/footer><\/article><div class=\"iconlist-timeline\"><\/div><\/li>\n<\/ul><\/div><\/div><\/p>\n\n<style type=\"text\/css\" data-created_by=\"avia_inline_auto\" id=\"style-css-av-o09353-c96aeea95d75102d937bd130cb20c02b\">\n.flex_column.av-o09353-c96aeea95d75102d937bd130cb20c02b{\nborder-radius:0px 0px 0px 0px;\npadding:0px 0px 0px 0px;\n}\n<\/style>\n<div  class='flex_column av-o09353-c96aeea95d75102d937bd130cb20c02b av_one_fifth  avia-builder-el-5  el_after_av_two_fifth  avia-builder-el-last  first flex_column_div av-zero-column-padding  '     ><\/div>\n","protected":false},"excerpt":{"rendered":"","protected":false},"author":1,"featured_media":0,"parent":0,"menu_order":0,"comment_status":"closed","ping_status":"closed","template":"","meta":{"inline_featured_image":false,"footnotes":""},"class_list":["post-12199","page","type-page","status-publish","hentry"],"yoast_head":"<!-- This site is optimized with the Yoast SEO plugin v27.6 - https:\/\/yoast.com\/product\/yoast-seo-wordpress\/ -->\n<title>Cat\u00e1logo telef\u00f4nico - Setores Administrativos - Novo Site<\/title>\n<meta name=\"robots\" content=\"index, follow, max-snippet:-1, max-image-preview:large, max-video-preview:-1\" \/>\n<link rel=\"canonical\" href=\"https:\/\/www.odonto.ufmg.br\/novo\/catalogo-telefonico-setores-administrativos\/\" \/>\n<meta property=\"og:locale\" content=\"pt_BR\" \/>\n<meta property=\"og:type\" content=\"article\" \/>\n<meta property=\"og:title\" content=\"Cat\u00e1logo telef\u00f4nico - Setores Administrativos - Novo Site\" \/>\n<meta property=\"og:url\" content=\"https:\/\/www.odonto.ufmg.br\/novo\/catalogo-telefonico-setores-administrativos\/\" \/>\n<meta property=\"og:site_name\" content=\"Novo Site\" \/>\n<meta property=\"article:publisher\" content=\"https:\/\/www.facebook.com\/faoufmg\/\" \/>\n<meta property=\"article:modified_time\" content=\"2023-05-16T11:54:50+00:00\" \/>\n<meta name=\"twitter:card\" content=\"summary_large_image\" \/>\n<meta name=\"twitter:label1\" content=\"Est. tempo de leitura\" \/>\n\t<meta name=\"twitter:data1\" content=\"3 minutos\" \/>\n<script type=\"application\/ld+json\" class=\"yoast-schema-graph\">{\"@context\":\"https:\\\/\\\/schema.org\",\"@graph\":[{\"@type\":\"WebPage\",\"@id\":\"https:\\\/\\\/www.odonto.ufmg.br\\\/novo\\\/catalogo-telefonico-setores-administrativos\\\/\",\"url\":\"https:\\\/\\\/www.odonto.ufmg.br\\\/novo\\\/catalogo-telefonico-setores-administrativos\\\/\",\"name\":\"Cat\u00e1logo telef\u00f4nico - Setores Administrativos - Novo Site\",\"isPartOf\":{\"@id\":\"https:\\\/\\\/www.odonto.ufmg.br\\\/novo\\\/#website\"},\"datePublished\":\"2020-01-10T13:44:08+00:00\",\"dateModified\":\"2023-05-16T11:54:50+00:00\",\"breadcrumb\":{\"@id\":\"https:\\\/\\\/www.odonto.ufmg.br\\\/novo\\\/catalogo-telefonico-setores-administrativos\\\/#breadcrumb\"},\"inLanguage\":\"pt-BR\",\"potentialAction\":[{\"@type\":\"ReadAction\",\"target\":[\"https:\\\/\\\/www.odonto.ufmg.br\\\/novo\\\/catalogo-telefonico-setores-administrativos\\\/\"]}]},{\"@type\":\"BreadcrumbList\",\"@id\":\"https:\\\/\\\/www.odonto.ufmg.br\\\/novo\\\/catalogo-telefonico-setores-administrativos\\\/#breadcrumb\",\"itemListElement\":[{\"@type\":\"ListItem\",\"position\":1,\"name\":\"In\u00edcio\",\"item\":\"https:\\\/\\\/www.odonto.ufmg.br\\\/novo\\\/inicio-2\\\/\"},{\"@type\":\"ListItem\",\"position\":2,\"name\":\"Cat\u00e1logo telef\u00f4nico &#8211; Setores Administrativos\"}]},{\"@type\":\"WebSite\",\"@id\":\"https:\\\/\\\/www.odonto.ufmg.br\\\/novo\\\/#website\",\"url\":\"https:\\\/\\\/www.odonto.ufmg.br\\\/novo\\\/\",\"name\":\"Novo Site\",\"description\":\"Portal da Faculdade de Odontologia da Universidade Federal de Minas Gerais\",\"publisher\":{\"@id\":\"https:\\\/\\\/www.odonto.ufmg.br\\\/novo\\\/#organization\"},\"potentialAction\":[{\"@type\":\"SearchAction\",\"target\":{\"@type\":\"EntryPoint\",\"urlTemplate\":\"https:\\\/\\\/www.odonto.ufmg.br\\\/novo\\\/?s={search_term_string}\"},\"query-input\":{\"@type\":\"PropertyValueSpecification\",\"valueRequired\":true,\"valueName\":\"search_term_string\"}}],\"inLanguage\":\"pt-BR\"},{\"@type\":\"Organization\",\"@id\":\"https:\\\/\\\/www.odonto.ufmg.br\\\/novo\\\/#organization\",\"name\":\"Faculdade de Odontologia da UFMG\",\"url\":\"https:\\\/\\\/www.odonto.ufmg.br\\\/novo\\\/\",\"logo\":{\"@type\":\"ImageObject\",\"inLanguage\":\"pt-BR\",\"@id\":\"https:\\\/\\\/www.odonto.ufmg.br\\\/novo\\\/#\\\/schema\\\/logo\\\/image\\\/\",\"url\":\"https:\\\/\\\/www.odonto.ufmg.br\\\/novo\\\/wp-content\\\/uploads\\\/sites\\\/32\\\/2015\\\/12\\\/logo-fao-ufmg.png\",\"contentUrl\":\"https:\\\/\\\/www.odonto.ufmg.br\\\/novo\\\/wp-content\\\/uploads\\\/sites\\\/32\\\/2015\\\/12\\\/logo-fao-ufmg.png\",\"width\":340,\"height\":156,\"caption\":\"Faculdade de Odontologia da UFMG\"},\"image\":{\"@id\":\"https:\\\/\\\/www.odonto.ufmg.br\\\/novo\\\/#\\\/schema\\\/logo\\\/image\\\/\"},\"sameAs\":[\"https:\\\/\\\/www.facebook.com\\\/faoufmg\\\/\"]}]}<\/script>\n<!-- \/ Yoast SEO plugin. -->","yoast_head_json":{"title":"Cat\u00e1logo telef\u00f4nico - Setores Administrativos - Novo Site","robots":{"index":"index","follow":"follow","max-snippet":"max-snippet:-1","max-image-preview":"max-image-preview:large","max-video-preview":"max-video-preview:-1"},"canonical":"https:\/\/www.odonto.ufmg.br\/novo\/catalogo-telefonico-setores-administrativos\/","og_locale":"pt_BR","og_type":"article","og_title":"Cat\u00e1logo telef\u00f4nico - Setores Administrativos - Novo Site","og_url":"https:\/\/www.odonto.ufmg.br\/novo\/catalogo-telefonico-setores-administrativos\/","og_site_name":"Novo Site","article_publisher":"https:\/\/www.facebook.com\/faoufmg\/","article_modified_time":"2023-05-16T11:54:50+00:00","twitter_card":"summary_large_image","twitter_misc":{"Est. tempo de leitura":"3 minutos"},"schema":{"@context":"https:\/\/schema.org","@graph":[{"@type":"WebPage","@id":"https:\/\/www.odonto.ufmg.br\/novo\/catalogo-telefonico-setores-administrativos\/","url":"https:\/\/www.odonto.ufmg.br\/novo\/catalogo-telefonico-setores-administrativos\/","name":"Cat\u00e1logo telef\u00f4nico - Setores Administrativos - Novo Site","isPartOf":{"@id":"https:\/\/www.odonto.ufmg.br\/novo\/#website"},"datePublished":"2020-01-10T13:44:08+00:00","dateModified":"2023-05-16T11:54:50+00:00","breadcrumb":{"@id":"https:\/\/www.odonto.ufmg.br\/novo\/catalogo-telefonico-setores-administrativos\/#breadcrumb"},"inLanguage":"pt-BR","potentialAction":[{"@type":"ReadAction","target":["https:\/\/www.odonto.ufmg.br\/novo\/catalogo-telefonico-setores-administrativos\/"]}]},{"@type":"BreadcrumbList","@id":"https:\/\/www.odonto.ufmg.br\/novo\/catalogo-telefonico-setores-administrativos\/#breadcrumb","itemListElement":[{"@type":"ListItem","position":1,"name":"In\u00edcio","item":"https:\/\/www.odonto.ufmg.br\/novo\/inicio-2\/"},{"@type":"ListItem","position":2,"name":"Cat\u00e1logo telef\u00f4nico &#8211; Setores Administrativos"}]},{"@type":"WebSite","@id":"https:\/\/www.odonto.ufmg.br\/novo\/#website","url":"https:\/\/www.odonto.ufmg.br\/novo\/","name":"Novo Site","description":"Portal da Faculdade de Odontologia da Universidade Federal de Minas Gerais","publisher":{"@id":"https:\/\/www.odonto.ufmg.br\/novo\/#organization"},"potentialAction":[{"@type":"SearchAction","target":{"@type":"EntryPoint","urlTemplate":"https:\/\/www.odonto.ufmg.br\/novo\/?s={search_term_string}"},"query-input":{"@type":"PropertyValueSpecification","valueRequired":true,"valueName":"search_term_string"}}],"inLanguage":"pt-BR"},{"@type":"Organization","@id":"https:\/\/www.odonto.ufmg.br\/novo\/#organization","name":"Faculdade de Odontologia da UFMG","url":"https:\/\/www.odonto.ufmg.br\/novo\/","logo":{"@type":"ImageObject","inLanguage":"pt-BR","@id":"https:\/\/www.odonto.ufmg.br\/novo\/#\/schema\/logo\/image\/","url":"https:\/\/www.odonto.ufmg.br\/novo\/wp-content\/uploads\/sites\/32\/2015\/12\/logo-fao-ufmg.png","contentUrl":"https:\/\/www.odonto.ufmg.br\/novo\/wp-content\/uploads\/sites\/32\/2015\/12\/logo-fao-ufmg.png","width":340,"height":156,"caption":"Faculdade de Odontologia da UFMG"},"image":{"@id":"https:\/\/www.odonto.ufmg.br\/novo\/#\/schema\/logo\/image\/"},"sameAs":["https:\/\/www.facebook.com\/faoufmg\/"]}]}},"_links":{"self":[{"href":"https:\/\/www.odonto.ufmg.br\/novo\/wp-json\/wp\/v2\/pages\/12199","targetHints":{"allow":["GET"]}}],"collection":[{"href":"https:\/\/www.odonto.ufmg.br\/novo\/wp-json\/wp\/v2\/pages"}],"about":[{"href":"https:\/\/www.odonto.ufmg.br\/novo\/wp-json\/wp\/v2\/types\/page"}],"author":[{"embeddable":true,"href":"https:\/\/www.odonto.ufmg.br\/novo\/wp-json\/wp\/v2\/users\/1"}],"replies":[{"embeddable":true,"href":"https:\/\/www.odonto.ufmg.br\/novo\/wp-json\/wp\/v2\/comments?post=12199"}],"version-history":[{"count":19,"href":"https:\/\/www.odonto.ufmg.br\/novo\/wp-json\/wp\/v2\/pages\/12199\/revisions"}],"predecessor-version":[{"id":15133,"href":"https:\/\/www.odonto.ufmg.br\/novo\/wp-json\/wp\/v2\/pages\/12199\/revisions\/15133"}],"wp:attachment":[{"href":"https:\/\/www.odonto.ufmg.br\/novo\/wp-json\/wp\/v2\/media?parent=12199"}],"curies":[{"name":"wp","href":"https:\/\/api.w.org\/{rel}","templated":true}]}}