{"id":10172,"date":"2018-09-28T10:55:08","date_gmt":"2018-09-28T13:55:08","guid":{"rendered":"https:\/\/www.odonto.ufmg.br\/novo\/?page_id=10172"},"modified":"2018-10-01T10:13:01","modified_gmt":"2018-10-01T13:13:01","slug":"externos","status":"publish","type":"page","link":"https:\/\/www.odonto.ufmg.br\/novo\/externos\/","title":{"rendered":"Externos"},"content":{"rendered":"<div  data-slideshow-options=\"{&quot;animation&quot;:&quot;fade&quot;,&quot;autoplay&quot;:false,&quot;loop_autoplay&quot;:&quot;once&quot;,&quot;interval&quot;:5,&quot;loop_manual&quot;:&quot;manual-endless&quot;,&quot;autoplay_stopper&quot;:false,&quot;noNavigation&quot;:false,&quot;show_slide_delay&quot;:90}\" class='avia-content-slider avia-content-grid-active avia-content-slider1 avia-content-slider-odd  avia-builder-el-0  avia-builder-el-no-sibling  av-slideshow-ui av-control-default   av-no-slider-navigation av-slideshow-manual av-loop-once av-loop-manual-endless '  itemscope=\"itemscope\" itemtype=\"https:\/\/schema.org\/Blog\" ><div class=\"avia-content-slider-inner\"><div class=\"slide-entry-wrap\"><article class='slide-entry flex_column  post-entry post-entry-11141 slide-entry-overview slide-loop-1 slide-parity-odd  av_one_third first real-thumbnail posttype-post post-format-standard'  itemscope=\"itemscope\" itemtype=\"https:\/\/schema.org\/CreativeWork\" ><a href='https:\/\/www.odonto.ufmg.br\/novo\/editais\/concurso-edital-no226-professor-substituto-odontologia-restauradora\/' data-rel='slide-1' class='slide-image' title='CONCURSO EDITAL N\u00ba226: PROFESSOR SUBSTITUTO &#8211; Odontologia Restauradora'><img decoding=\"async\" fetchpriority=\"high\" width=\"495\" height=\"400\" src=\"https:\/\/www.odonto.ufmg.br\/novo\/wp-content\/uploads\/sites\/32\/2019\/02\/ilustracao-de-prateleira-vazia_1284-9525-495x400.jpg\" class=\"wp-image-10761 avia-img-lazy-loading-not-10761 attachment-portfolio size-portfolio wp-post-image\" alt=\"\" srcset=\"https:\/\/www.odonto.ufmg.br\/novo\/wp-content\/uploads\/sites\/32\/2019\/02\/ilustracao-de-prateleira-vazia_1284-9525-495x400.jpg 495w, https:\/\/www.odonto.ufmg.br\/novo\/wp-content\/uploads\/sites\/32\/2019\/02\/ilustracao-de-prateleira-vazia_1284-9525-80x65.jpg 80w\" sizes=\"(max-width: 495px) 100vw, 495px\" \/><\/a><div class=\"slide-content\"><header class=\"entry-content-header\" aria-label=\"Slide: CONCURSO EDITAL N\u00ba226: PROFESSOR SUBSTITUTO - Odontologia Restauradora\"><h3 class='slide-entry-title entry-title '  itemprop=\"headline\" ><a href='https:\/\/www.odonto.ufmg.br\/novo\/editais\/concurso-edital-no226-professor-substituto-odontologia-restauradora\/' title='CONCURSO EDITAL N\u00ba226: PROFESSOR SUBSTITUTO &#8211; Odontologia Restauradora'>CONCURSO EDITAL N\u00ba226: PROFESSOR SUBSTITUTO &#8211; Odontologia Restauradora<\/a><\/h3><span class=\"av-vertical-delimiter\"><\/span><\/header><div class=\"slide-meta\"><time class='slide-meta-time updated'  itemprop=\"datePublished\" datetime=\"2019-04-03T15:42:53-03:00\" >03\/04\/2019<\/time><\/div><div class='slide-entry-excerpt entry-content'  itemprop=\"text\" >\ufeff\r\nA Reitora da Universidade Federal de Minas Gerais torna\u2026<\/div><\/div><footer class=\"entry-footer\"><\/footer><span class='hidden'>\n\t\t\t\t<span class='av-structured-data'  itemprop=\"image\" itemscope=\"itemscope\" itemtype=\"https:\/\/schema.org\/ImageObject\" >\n\t\t\t\t\t\t<span itemprop='url'>https:\/\/www.odonto.ufmg.br\/novo\/wp-content\/uploads\/sites\/32\/2019\/02\/ilustracao-de-prateleira-vazia_1284-9525.jpg<\/span>\n\t\t\t\t\t\t<span itemprop='height'>512<\/span>\n\t\t\t\t\t\t<span itemprop='width'>626<\/span>\n\t\t\t\t<\/span>\n\t\t\t\t<span class='av-structured-data'  itemprop=\"publisher\" itemtype=\"https:\/\/schema.org\/Organization\" itemscope=\"itemscope\" >\n\t\t\t\t\t\t<span itemprop='name'>Faculdade de Odontologia UFMG<\/span>\n\t\t\t\t\t\t<span itemprop='logo' itemscope itemtype='https:\/\/schema.org\/ImageObject'>\n\t\t\t\t\t\t\t<span itemprop='url'>https:\/\/www.odonto.ufmg.br\/novo\/wp-content\/uploads\/sites\/32\/2015\/12\/logo-fao-ufmg.svg<\/span>\n\t\t\t\t\t\t<\/span>\n\t\t\t\t<\/span><span class='av-structured-data'  itemprop=\"author\" itemscope=\"itemscope\" itemtype=\"https:\/\/schema.org\/Person\" ><span itemprop='name'>Faculdade de Odontologia UFMG<\/span><\/span><span class='av-structured-data'  itemprop=\"datePublished\" datetime=\"2018-09-28T10:55:08-03:00\" >2019-04-03 15:42:53<\/span><span class='av-structured-data'  itemprop=\"dateModified\" itemtype=\"https:\/\/schema.org\/dateModified\" >2019-04-03 15:45:40<\/span><span class='av-structured-data'  itemprop=\"mainEntityOfPage\" itemtype=\"https:\/\/schema.org\/mainEntityOfPage\" ><span itemprop='name'>CONCURSO EDITAL N\u00ba226: PROFESSOR SUBSTITUTO &#8211; Odontologia Restauradora<\/span><\/span><\/span><\/article><article class='slide-entry flex_column  post-entry post-entry-654 slide-entry-overview slide-loop-2 slide-parity-even  av_one_third  real-thumbnail posttype-post post-format-standard'  itemscope=\"itemscope\" itemtype=\"https:\/\/schema.org\/CreativeWork\" ><a href='https:\/\/www.odonto.ufmg.br\/novo\/noticias\/licitacao-pregao-eletronico-srp-no-001-aquisicao-parcelada-de-materiais-hospitalares-laboratoriais-de-protecao-e-seguranca-e-de-higiene-e-limpeza\/' data-rel='slide-1' class='slide-image' title='Licita\u00e7\u00e3o &#8211; Preg\u00e3o Eletr\u00f4nico \u2013 SRP &#8211; n\u00ba 001 &#8211; Aquisi\u00e7\u00e3o Parcelada de Materiais Hospitalares, Laboratoriais, de Prote\u00e7\u00e3o e Seguran\u00e7a e de Higiene e Limpeza'><img decoding=\"async\" fetchpriority=\"high\" width=\"495\" height=\"400\" src=\"https:\/\/www.odonto.ufmg.br\/novo\/wp-content\/uploads\/sites\/32\/2014\/09\/licitacao-495x400.jpg\" class=\"wp-image-5432 avia-img-lazy-loading-not-5432 attachment-portfolio size-portfolio wp-post-image\" alt=\"\" \/><\/a><div class=\"slide-content\"><header class=\"entry-content-header\" aria-label=\"Slide: Licita\u00e7\u00e3o - Preg\u00e3o Eletr\u00f4nico \u2013 SRP - n\u00ba 001 - Aquisi\u00e7\u00e3o Parcelada de Materiais Hospitalares, Laboratoriais, de Prote\u00e7\u00e3o e Seguran\u00e7a e de Higiene e Limpeza\"><h3 class='slide-entry-title entry-title '  itemprop=\"headline\" ><a href='https:\/\/www.odonto.ufmg.br\/novo\/noticias\/licitacao-pregao-eletronico-srp-no-001-aquisicao-parcelada-de-materiais-hospitalares-laboratoriais-de-protecao-e-seguranca-e-de-higiene-e-limpeza\/' title='Licita\u00e7\u00e3o &#8211; Preg\u00e3o Eletr\u00f4nico \u2013 SRP &#8211; n\u00ba 001 &#8211; Aquisi\u00e7\u00e3o Parcelada de Materiais Hospitalares, Laboratoriais, de Prote\u00e7\u00e3o e Seguran\u00e7a e de Higiene e Limpeza'>Licita\u00e7\u00e3o &#8211; Preg\u00e3o Eletr\u00f4nico \u2013 SRP &#8211; n\u00ba 001 &#8211; Aquisi\u00e7\u00e3o Parcelada de Materiais Hospitalares, Laboratoriais, de Prote\u00e7\u00e3o e Seguran\u00e7a e de Higiene e Limpeza<\/a><\/h3><span class=\"av-vertical-delimiter\"><\/span><\/header><div class=\"slide-meta\"><time class='slide-meta-time updated'  itemprop=\"datePublished\" datetime=\"2014-09-17T15:20:32-03:00\" >17\/09\/2014<\/time><\/div><div class='slide-entry-excerpt entry-content'  itemprop=\"text\" >Encontra-se dispon\u00edvel no portal\u00a0ComprasNet\u00a0o Edital e seus\u2026<\/div><\/div><footer class=\"entry-footer\"><\/footer><span class='hidden'>\n\t\t\t\t<span class='av-structured-data'  itemprop=\"image\" itemscope=\"itemscope\" itemtype=\"https:\/\/schema.org\/ImageObject\" >\n\t\t\t\t\t\t<span itemprop='url'>https:\/\/www.odonto.ufmg.br\/novo\/wp-content\/uploads\/sites\/32\/2014\/09\/licitacao.jpg<\/span>\n\t\t\t\t\t\t<span itemprop='height'>600<\/span>\n\t\t\t\t\t\t<span itemprop='width'>1200<\/span>\n\t\t\t\t<\/span>\n\t\t\t\t<span class='av-structured-data'  itemprop=\"publisher\" itemtype=\"https:\/\/schema.org\/Organization\" itemscope=\"itemscope\" >\n\t\t\t\t\t\t<span itemprop='name'>Faculdade de Odontologia UFMG<\/span>\n\t\t\t\t\t\t<span itemprop='logo' itemscope itemtype='https:\/\/schema.org\/ImageObject'>\n\t\t\t\t\t\t\t<span itemprop='url'>https:\/\/www.odonto.ufmg.br\/novo\/wp-content\/uploads\/sites\/32\/2015\/12\/logo-fao-ufmg.svg<\/span>\n\t\t\t\t\t\t<\/span>\n\t\t\t\t<\/span><span class='av-structured-data'  itemprop=\"author\" itemscope=\"itemscope\" itemtype=\"https:\/\/schema.org\/Person\" ><span itemprop='name'>Faculdade de Odontologia UFMG<\/span><\/span><span class='av-structured-data'  itemprop=\"datePublished\" datetime=\"2018-09-28T10:55:08-03:00\" >2014-09-17 15:20:32<\/span><span class='av-structured-data'  itemprop=\"dateModified\" itemtype=\"https:\/\/schema.org\/dateModified\" >2016-04-05 15:44:03<\/span><span class='av-structured-data'  itemprop=\"mainEntityOfPage\" itemtype=\"https:\/\/schema.org\/mainEntityOfPage\" ><span itemprop='name'>Licita\u00e7\u00e3o &#8211; Preg\u00e3o Eletr\u00f4nico \u2013 SRP &#8211; n\u00ba 001 &#8211; Aquisi\u00e7\u00e3o Parcelada de Materiais Hospitalares, Laboratoriais, de Prote\u00e7\u00e3o e Seguran\u00e7a e de Higiene e Limpeza<\/span><\/span><\/span><\/article><article class='slide-entry flex_column  post-entry post-entry-681 slide-entry-overview slide-loop-3 slide-parity-odd  post-entry-last  av_one_third  real-thumbnail posttype-post post-format-standard'  itemscope=\"itemscope\" itemtype=\"https:\/\/schema.org\/CreativeWork\" ><a href='https:\/\/www.odonto.ufmg.br\/novo\/noticias\/edital-para-revalidacao-de-diploma-de-graduacao\/' data-rel='slide-1' class='slide-image' title='Publicado Edital para Revalida\u00e7\u00e3o de Diploma de Gradua\u00e7\u00e3o'><img decoding=\"async\" fetchpriority=\"high\" width=\"495\" height=\"400\" src=\"https:\/\/www.odonto.ufmg.br\/novo\/wp-content\/uploads\/sites\/32\/2014\/03\/graduacao-495x400.jpg\" class=\"wp-image-5438 avia-img-lazy-loading-not-5438 attachment-portfolio size-portfolio wp-post-image\" alt=\"\" srcset=\"https:\/\/www.odonto.ufmg.br\/novo\/wp-content\/uploads\/sites\/32\/2014\/03\/graduacao-495x400.jpg 495w, https:\/\/www.odonto.ufmg.br\/novo\/wp-content\/uploads\/sites\/32\/2014\/03\/graduacao-845x684.jpg 845w\" sizes=\"(max-width: 495px) 100vw, 495px\" \/><\/a><div class=\"slide-content\"><header class=\"entry-content-header\" aria-label=\"Slide: Publicado Edital para Revalida\u00e7\u00e3o de Diploma de Gradua\u00e7\u00e3o\"><h3 class='slide-entry-title entry-title '  itemprop=\"headline\" ><a href='https:\/\/www.odonto.ufmg.br\/novo\/noticias\/edital-para-revalidacao-de-diploma-de-graduacao\/' title='Publicado Edital para Revalida\u00e7\u00e3o de Diploma de Gradua\u00e7\u00e3o'>Publicado Edital para Revalida\u00e7\u00e3o de Diploma de Gradua\u00e7\u00e3o<\/a><\/h3><span class=\"av-vertical-delimiter\"><\/span><\/header><div class=\"slide-meta\"><time class='slide-meta-time updated'  itemprop=\"datePublished\" datetime=\"2014-03-17T16:17:59-03:00\" >17\/03\/2014<\/time><\/div><div class='slide-entry-excerpt entry-content'  itemprop=\"text\" >A Pr\u00f3-Reitora de Gradua\u00e7\u00e3o da Universidade Federal de Minas\u2026<\/div><\/div><footer class=\"entry-footer\"><\/footer><span class='hidden'>\n\t\t\t\t<span class='av-structured-data'  itemprop=\"image\" itemscope=\"itemscope\" itemtype=\"https:\/\/schema.org\/ImageObject\" >\n\t\t\t\t\t\t<span itemprop='url'>https:\/\/www.odonto.ufmg.br\/novo\/wp-content\/uploads\/sites\/32\/2014\/03\/graduacao.jpg<\/span>\n\t\t\t\t\t\t<span itemprop='height'>1089<\/span>\n\t\t\t\t\t\t<span itemprop='width'>1763<\/span>\n\t\t\t\t<\/span>\n\t\t\t\t<span class='av-structured-data'  itemprop=\"publisher\" itemtype=\"https:\/\/schema.org\/Organization\" itemscope=\"itemscope\" >\n\t\t\t\t\t\t<span itemprop='name'>Faculdade de Odontologia UFMG<\/span>\n\t\t\t\t\t\t<span itemprop='logo' itemscope itemtype='https:\/\/schema.org\/ImageObject'>\n\t\t\t\t\t\t\t<span itemprop='url'>https:\/\/www.odonto.ufmg.br\/novo\/wp-content\/uploads\/sites\/32\/2015\/12\/logo-fao-ufmg.svg<\/span>\n\t\t\t\t\t\t<\/span>\n\t\t\t\t<\/span><span class='av-structured-data'  itemprop=\"author\" itemscope=\"itemscope\" itemtype=\"https:\/\/schema.org\/Person\" ><span itemprop='name'>Faculdade de Odontologia UFMG<\/span><\/span><span class='av-structured-data'  itemprop=\"datePublished\" datetime=\"2018-09-28T10:55:08-03:00\" >2014-03-17 16:17:59<\/span><span class='av-structured-data'  itemprop=\"dateModified\" itemtype=\"https:\/\/schema.org\/dateModified\" >2016-04-05 15:42:46<\/span><span class='av-structured-data'  itemprop=\"mainEntityOfPage\" itemtype=\"https:\/\/schema.org\/mainEntityOfPage\" ><span itemprop='name'>Publicado Edital para Revalida\u00e7\u00e3o de Diploma de Gradua\u00e7\u00e3o<\/span><\/span><\/span><\/article><\/div><\/div><div class='pagination-wrap pagination-slider'><nav class='pagination'><span class='pagination-meta'>P\u00e1gina 1 de 2<\/span><span class='current'>1<\/span><a href='https:\/\/www.odonto.ufmg.br\/novo\/wp-json\/wp\/v2\/pages\/10172\/?avia-element-paging=2' class='inactive next_page' >2<\/a><\/nav>\n<\/div><\/div>\n","protected":false},"excerpt":{"rendered":"","protected":false},"author":1,"featured_media":0,"parent":0,"menu_order":0,"comment_status":"closed","ping_status":"closed","template":"","meta":{"inline_featured_image":false,"footnotes":""},"class_list":["post-10172","page","type-page","status-publish","hentry"],"yoast_head":"<!-- This site is optimized with the Yoast SEO plugin v27.3 - https:\/\/yoast.com\/product\/yoast-seo-wordpress\/ -->\n<title>Externos - Novo Site<\/title>\n<meta name=\"robots\" content=\"index, follow, max-snippet:-1, max-image-preview:large, max-video-preview:-1\" \/>\n<link rel=\"canonical\" href=\"https:\/\/www.odonto.ufmg.br\/novo\/externos\/\" \/>\n<meta property=\"og:locale\" content=\"pt_BR\" \/>\n<meta property=\"og:type\" content=\"article\" \/>\n<meta property=\"og:title\" content=\"Externos - Novo Site\" \/>\n<meta property=\"og:url\" content=\"https:\/\/www.odonto.ufmg.br\/novo\/externos\/\" \/>\n<meta property=\"og:site_name\" content=\"Novo Site\" \/>\n<meta property=\"article:publisher\" content=\"https:\/\/www.facebook.com\/faoufmg\/\" \/>\n<meta property=\"article:modified_time\" content=\"2018-10-01T13:13:01+00:00\" \/>\n<meta name=\"twitter:card\" content=\"summary_large_image\" \/>\n<script type=\"application\/ld+json\" class=\"yoast-schema-graph\">{\"@context\":\"https:\\\/\\\/schema.org\",\"@graph\":[{\"@type\":\"WebPage\",\"@id\":\"https:\\\/\\\/www.odonto.ufmg.br\\\/novo\\\/externos\\\/\",\"url\":\"https:\\\/\\\/www.odonto.ufmg.br\\\/novo\\\/externos\\\/\",\"name\":\"Externos - Novo Site\",\"isPartOf\":{\"@id\":\"https:\\\/\\\/www.odonto.ufmg.br\\\/novo\\\/#website\"},\"datePublished\":\"2018-09-28T13:55:08+00:00\",\"dateModified\":\"2018-10-01T13:13:01+00:00\",\"breadcrumb\":{\"@id\":\"https:\\\/\\\/www.odonto.ufmg.br\\\/novo\\\/externos\\\/#breadcrumb\"},\"inLanguage\":\"pt-BR\",\"potentialAction\":[{\"@type\":\"ReadAction\",\"target\":[\"https:\\\/\\\/www.odonto.ufmg.br\\\/novo\\\/externos\\\/\"]}]},{\"@type\":\"BreadcrumbList\",\"@id\":\"https:\\\/\\\/www.odonto.ufmg.br\\\/novo\\\/externos\\\/#breadcrumb\",\"itemListElement\":[{\"@type\":\"ListItem\",\"position\":1,\"name\":\"In\u00edcio\",\"item\":\"https:\\\/\\\/www.odonto.ufmg.br\\\/novo\\\/inicio-2\\\/\"},{\"@type\":\"ListItem\",\"position\":2,\"name\":\"Externos\"}]},{\"@type\":\"WebSite\",\"@id\":\"https:\\\/\\\/www.odonto.ufmg.br\\\/novo\\\/#website\",\"url\":\"https:\\\/\\\/www.odonto.ufmg.br\\\/novo\\\/\",\"name\":\"Novo Site\",\"description\":\"Portal da Faculdade de Odontologia da Universidade Federal de Minas Gerais\",\"publisher\":{\"@id\":\"https:\\\/\\\/www.odonto.ufmg.br\\\/novo\\\/#organization\"},\"potentialAction\":[{\"@type\":\"SearchAction\",\"target\":{\"@type\":\"EntryPoint\",\"urlTemplate\":\"https:\\\/\\\/www.odonto.ufmg.br\\\/novo\\\/?s={search_term_string}\"},\"query-input\":{\"@type\":\"PropertyValueSpecification\",\"valueRequired\":true,\"valueName\":\"search_term_string\"}}],\"inLanguage\":\"pt-BR\"},{\"@type\":\"Organization\",\"@id\":\"https:\\\/\\\/www.odonto.ufmg.br\\\/novo\\\/#organization\",\"name\":\"Faculdade de Odontologia da UFMG\",\"url\":\"https:\\\/\\\/www.odonto.ufmg.br\\\/novo\\\/\",\"logo\":{\"@type\":\"ImageObject\",\"inLanguage\":\"pt-BR\",\"@id\":\"https:\\\/\\\/www.odonto.ufmg.br\\\/novo\\\/#\\\/schema\\\/logo\\\/image\\\/\",\"url\":\"https:\\\/\\\/www.odonto.ufmg.br\\\/novo\\\/wp-content\\\/uploads\\\/sites\\\/32\\\/2015\\\/12\\\/logo-fao-ufmg.png\",\"contentUrl\":\"https:\\\/\\\/www.odonto.ufmg.br\\\/novo\\\/wp-content\\\/uploads\\\/sites\\\/32\\\/2015\\\/12\\\/logo-fao-ufmg.png\",\"width\":340,\"height\":156,\"caption\":\"Faculdade de Odontologia da UFMG\"},\"image\":{\"@id\":\"https:\\\/\\\/www.odonto.ufmg.br\\\/novo\\\/#\\\/schema\\\/logo\\\/image\\\/\"},\"sameAs\":[\"https:\\\/\\\/www.facebook.com\\\/faoufmg\\\/\"]}]}<\/script>\n<!-- \/ Yoast SEO plugin. -->","yoast_head_json":{"title":"Externos - Novo Site","robots":{"index":"index","follow":"follow","max-snippet":"max-snippet:-1","max-image-preview":"max-image-preview:large","max-video-preview":"max-video-preview:-1"},"canonical":"https:\/\/www.odonto.ufmg.br\/novo\/externos\/","og_locale":"pt_BR","og_type":"article","og_title":"Externos - Novo Site","og_url":"https:\/\/www.odonto.ufmg.br\/novo\/externos\/","og_site_name":"Novo Site","article_publisher":"https:\/\/www.facebook.com\/faoufmg\/","article_modified_time":"2018-10-01T13:13:01+00:00","twitter_card":"summary_large_image","schema":{"@context":"https:\/\/schema.org","@graph":[{"@type":"WebPage","@id":"https:\/\/www.odonto.ufmg.br\/novo\/externos\/","url":"https:\/\/www.odonto.ufmg.br\/novo\/externos\/","name":"Externos - Novo Site","isPartOf":{"@id":"https:\/\/www.odonto.ufmg.br\/novo\/#website"},"datePublished":"2018-09-28T13:55:08+00:00","dateModified":"2018-10-01T13:13:01+00:00","breadcrumb":{"@id":"https:\/\/www.odonto.ufmg.br\/novo\/externos\/#breadcrumb"},"inLanguage":"pt-BR","potentialAction":[{"@type":"ReadAction","target":["https:\/\/www.odonto.ufmg.br\/novo\/externos\/"]}]},{"@type":"BreadcrumbList","@id":"https:\/\/www.odonto.ufmg.br\/novo\/externos\/#breadcrumb","itemListElement":[{"@type":"ListItem","position":1,"name":"In\u00edcio","item":"https:\/\/www.odonto.ufmg.br\/novo\/inicio-2\/"},{"@type":"ListItem","position":2,"name":"Externos"}]},{"@type":"WebSite","@id":"https:\/\/www.odonto.ufmg.br\/novo\/#website","url":"https:\/\/www.odonto.ufmg.br\/novo\/","name":"Novo Site","description":"Portal da Faculdade de Odontologia da Universidade Federal de Minas Gerais","publisher":{"@id":"https:\/\/www.odonto.ufmg.br\/novo\/#organization"},"potentialAction":[{"@type":"SearchAction","target":{"@type":"EntryPoint","urlTemplate":"https:\/\/www.odonto.ufmg.br\/novo\/?s={search_term_string}"},"query-input":{"@type":"PropertyValueSpecification","valueRequired":true,"valueName":"search_term_string"}}],"inLanguage":"pt-BR"},{"@type":"Organization","@id":"https:\/\/www.odonto.ufmg.br\/novo\/#organization","name":"Faculdade de Odontologia da UFMG","url":"https:\/\/www.odonto.ufmg.br\/novo\/","logo":{"@type":"ImageObject","inLanguage":"pt-BR","@id":"https:\/\/www.odonto.ufmg.br\/novo\/#\/schema\/logo\/image\/","url":"https:\/\/www.odonto.ufmg.br\/novo\/wp-content\/uploads\/sites\/32\/2015\/12\/logo-fao-ufmg.png","contentUrl":"https:\/\/www.odonto.ufmg.br\/novo\/wp-content\/uploads\/sites\/32\/2015\/12\/logo-fao-ufmg.png","width":340,"height":156,"caption":"Faculdade de Odontologia da UFMG"},"image":{"@id":"https:\/\/www.odonto.ufmg.br\/novo\/#\/schema\/logo\/image\/"},"sameAs":["https:\/\/www.facebook.com\/faoufmg\/"]}]}},"_links":{"self":[{"href":"https:\/\/www.odonto.ufmg.br\/novo\/wp-json\/wp\/v2\/pages\/10172","targetHints":{"allow":["GET"]}}],"collection":[{"href":"https:\/\/www.odonto.ufmg.br\/novo\/wp-json\/wp\/v2\/pages"}],"about":[{"href":"https:\/\/www.odonto.ufmg.br\/novo\/wp-json\/wp\/v2\/types\/page"}],"author":[{"embeddable":true,"href":"https:\/\/www.odonto.ufmg.br\/novo\/wp-json\/wp\/v2\/users\/1"}],"replies":[{"embeddable":true,"href":"https:\/\/www.odonto.ufmg.br\/novo\/wp-json\/wp\/v2\/comments?post=10172"}],"version-history":[{"count":3,"href":"https:\/\/www.odonto.ufmg.br\/novo\/wp-json\/wp\/v2\/pages\/10172\/revisions"}],"predecessor-version":[{"id":10202,"href":"https:\/\/www.odonto.ufmg.br\/novo\/wp-json\/wp\/v2\/pages\/10172\/revisions\/10202"}],"wp:attachment":[{"href":"https:\/\/www.odonto.ufmg.br\/novo\/wp-json\/wp\/v2\/media?parent=10172"}],"curies":[{"name":"wp","href":"https:\/\/api.w.org\/{rel}","templated":true}]}}