{"id":199,"date":"2021-01-25T17:39:48","date_gmt":"2021-01-25T20:39:48","guid":{"rendered":"https:\/\/www.odonto.ufmg.br\/multimidia\/?page_id=199"},"modified":"2021-01-29T10:28:36","modified_gmt":"2021-01-29T13:28:36","slug":"declaracoes","status":"publish","type":"page","link":"https:\/\/www.odonto.ufmg.br\/multimidia\/declaracoes\/","title":{"rendered":"Declara\u00e7\u00f5es"},"content":{"rendered":"\n","protected":false},"excerpt":{"rendered":"","protected":false},"author":37,"featured_media":0,"parent":0,"menu_order":0,"comment_status":"closed","ping_status":"closed","template":"template-blank.php","meta":{"inline_featured_image":false,"footnotes":""},"class_list":["post-199","page","type-page","status-publish","hentry"],"yoast_head":"<!-- This site is optimized with the Yoast SEO plugin v27.3 - https:\/\/yoast.com\/product\/yoast-seo-wordpress\/ -->\n<title>Declara\u00e7\u00f5es - Multim\u00eddia FAO\/UFMG<\/title>\n<meta name=\"robots\" content=\"index, follow, max-snippet:-1, max-image-preview:large, max-video-preview:-1\" \/>\n<link rel=\"canonical\" href=\"https:\/\/www.odonto.ufmg.br\/multimidia\/declaracoes\/\" \/>\n<meta property=\"og:locale\" content=\"pt_BR\" \/>\n<meta property=\"og:type\" content=\"article\" \/>\n<meta property=\"og:title\" content=\"Declara\u00e7\u00f5es - Multim\u00eddia FAO\/UFMG\" \/>\n<meta property=\"og:url\" content=\"https:\/\/www.odonto.ufmg.br\/multimidia\/declaracoes\/\" \/>\n<meta property=\"og:site_name\" content=\"Multim\u00eddia FAO\/UFMG\" \/>\n<meta property=\"article:modified_time\" content=\"2021-01-29T13:28:36+00:00\" \/>\n<meta name=\"twitter:card\" content=\"summary_large_image\" \/>\n<script type=\"application\/ld+json\" class=\"yoast-schema-graph\">{\"@context\":\"https:\\\/\\\/schema.org\",\"@graph\":[{\"@type\":\"WebPage\",\"@id\":\"https:\\\/\\\/www.odonto.ufmg.br\\\/multimidia\\\/declaracoes\\\/\",\"url\":\"https:\\\/\\\/www.odonto.ufmg.br\\\/multimidia\\\/declaracoes\\\/\",\"name\":\"Declara\u00e7\u00f5es - Multim\u00eddia FAO\\\/UFMG\",\"isPartOf\":{\"@id\":\"https:\\\/\\\/www.odonto.ufmg.br\\\/multimidia\\\/#website\"},\"datePublished\":\"2021-01-25T20:39:48+00:00\",\"dateModified\":\"2021-01-29T13:28:36+00:00\",\"breadcrumb\":{\"@id\":\"https:\\\/\\\/www.odonto.ufmg.br\\\/multimidia\\\/declaracoes\\\/#breadcrumb\"},\"inLanguage\":\"pt-BR\",\"potentialAction\":[{\"@type\":\"ReadAction\",\"target\":[\"https:\\\/\\\/www.odonto.ufmg.br\\\/multimidia\\\/declaracoes\\\/\"]}]},{\"@type\":\"BreadcrumbList\",\"@id\":\"https:\\\/\\\/www.odonto.ufmg.br\\\/multimidia\\\/declaracoes\\\/#breadcrumb\",\"itemListElement\":[{\"@type\":\"ListItem\",\"position\":1,\"name\":\"In\u00edcio\",\"item\":\"https:\\\/\\\/www.odonto.ufmg.br\\\/multimidia\\\/\"},{\"@type\":\"ListItem\",\"position\":2,\"name\":\"Declara\u00e7\u00f5es\"}]},{\"@type\":\"WebSite\",\"@id\":\"https:\\\/\\\/www.odonto.ufmg.br\\\/multimidia\\\/#website\",\"url\":\"https:\\\/\\\/www.odonto.ufmg.br\\\/multimidia\\\/\",\"name\":\"Multim\u00eddia FAO\\\/UFMG\",\"description\":\"Multimidia da Faculdade de Odontologia Universidade Federal de Minas Gerais\",\"potentialAction\":[{\"@type\":\"SearchAction\",\"target\":{\"@type\":\"EntryPoint\",\"urlTemplate\":\"https:\\\/\\\/www.odonto.ufmg.br\\\/multimidia\\\/?s={search_term_string}\"},\"query-input\":{\"@type\":\"PropertyValueSpecification\",\"valueRequired\":true,\"valueName\":\"search_term_string\"}}],\"inLanguage\":\"pt-BR\"}]}<\/script>\n<!-- \/ Yoast SEO plugin. -->","yoast_head_json":{"title":"Declara\u00e7\u00f5es - Multim\u00eddia FAO\/UFMG","robots":{"index":"index","follow":"follow","max-snippet":"max-snippet:-1","max-image-preview":"max-image-preview:large","max-video-preview":"max-video-preview:-1"},"canonical":"https:\/\/www.odonto.ufmg.br\/multimidia\/declaracoes\/","og_locale":"pt_BR","og_type":"article","og_title":"Declara\u00e7\u00f5es - Multim\u00eddia FAO\/UFMG","og_url":"https:\/\/www.odonto.ufmg.br\/multimidia\/declaracoes\/","og_site_name":"Multim\u00eddia FAO\/UFMG","article_modified_time":"2021-01-29T13:28:36+00:00","twitter_card":"summary_large_image","schema":{"@context":"https:\/\/schema.org","@graph":[{"@type":"WebPage","@id":"https:\/\/www.odonto.ufmg.br\/multimidia\/declaracoes\/","url":"https:\/\/www.odonto.ufmg.br\/multimidia\/declaracoes\/","name":"Declara\u00e7\u00f5es - Multim\u00eddia FAO\/UFMG","isPartOf":{"@id":"https:\/\/www.odonto.ufmg.br\/multimidia\/#website"},"datePublished":"2021-01-25T20:39:48+00:00","dateModified":"2021-01-29T13:28:36+00:00","breadcrumb":{"@id":"https:\/\/www.odonto.ufmg.br\/multimidia\/declaracoes\/#breadcrumb"},"inLanguage":"pt-BR","potentialAction":[{"@type":"ReadAction","target":["https:\/\/www.odonto.ufmg.br\/multimidia\/declaracoes\/"]}]},{"@type":"BreadcrumbList","@id":"https:\/\/www.odonto.ufmg.br\/multimidia\/declaracoes\/#breadcrumb","itemListElement":[{"@type":"ListItem","position":1,"name":"In\u00edcio","item":"https:\/\/www.odonto.ufmg.br\/multimidia\/"},{"@type":"ListItem","position":2,"name":"Declara\u00e7\u00f5es"}]},{"@type":"WebSite","@id":"https:\/\/www.odonto.ufmg.br\/multimidia\/#website","url":"https:\/\/www.odonto.ufmg.br\/multimidia\/","name":"Multim\u00eddia FAO\/UFMG","description":"Multimidia da Faculdade de Odontologia Universidade Federal de Minas Gerais","potentialAction":[{"@type":"SearchAction","target":{"@type":"EntryPoint","urlTemplate":"https:\/\/www.odonto.ufmg.br\/multimidia\/?s={search_term_string}"},"query-input":{"@type":"PropertyValueSpecification","valueRequired":true,"valueName":"search_term_string"}}],"inLanguage":"pt-BR"}]}},"_links":{"self":[{"href":"https:\/\/www.odonto.ufmg.br\/multimidia\/wp-json\/wp\/v2\/pages\/199","targetHints":{"allow":["GET"]}}],"collection":[{"href":"https:\/\/www.odonto.ufmg.br\/multimidia\/wp-json\/wp\/v2\/pages"}],"about":[{"href":"https:\/\/www.odonto.ufmg.br\/multimidia\/wp-json\/wp\/v2\/types\/page"}],"author":[{"embeddable":true,"href":"https:\/\/www.odonto.ufmg.br\/multimidia\/wp-json\/wp\/v2\/users\/37"}],"replies":[{"embeddable":true,"href":"https:\/\/www.odonto.ufmg.br\/multimidia\/wp-json\/wp\/v2\/comments?post=199"}],"version-history":[{"count":26,"href":"https:\/\/www.odonto.ufmg.br\/multimidia\/wp-json\/wp\/v2\/pages\/199\/revisions"}],"predecessor-version":[{"id":291,"href":"https:\/\/www.odonto.ufmg.br\/multimidia\/wp-json\/wp\/v2\/pages\/199\/revisions\/291"}],"wp:attachment":[{"href":"https:\/\/www.odonto.ufmg.br\/multimidia\/wp-json\/wp\/v2\/media?parent=199"}],"curies":[{"name":"wp","href":"https:\/\/api.w.org\/{rel}","templated":true}]}}