{"id":456,"date":"2021-03-16T18:56:21","date_gmt":"2021-03-16T21:56:21","guid":{"rendered":"https:\/\/www.odonto.ufmg.br\/ecv-odr\/?page_id=456"},"modified":"2021-03-21T19:42:26","modified_gmt":"2021-03-21T22:42:26","slug":"protese-descricao-de-tecnicas-e-protocolos","status":"publish","type":"page","link":"https:\/\/www.odonto.ufmg.br\/ecv-odr\/protese-descricao-de-tecnicas-e-protocolos\/","title":{"rendered":"Pr\u00f3tese &#8211; Descri\u00e7\u00e3o de T\u00e9cnicas e Protocolos"},"content":{"rendered":"<div id='full_slider_1'  class='avia-fullwidth-slider main_color avia-shadow   avia-builder-el-0  el_before_av_submenu  avia-builder-el-first   container_wrap sidebar_right'  ><div  class='avia-slideshow av-kiqgg3ce-b109decd00de771da09c1af0244c6dbe avia-slideshow-featured av_slideshow_full avia-slide-slider av-slideshow-ui av-control-default av-slideshow-manual av-loop-once av-loop-manual-endless av-default-height-applied   avia-slideshow-1' data-slideshow-options=\"{&quot;animation&quot;:&quot;slide&quot;,&quot;autoplay&quot;:false,&quot;loop_autoplay&quot;:&quot;once&quot;,&quot;interval&quot;:5,&quot;loop_manual&quot;:&quot;manual-endless&quot;,&quot;autoplay_stopper&quot;:false,&quot;noNavigation&quot;:false,&quot;bg_slider&quot;:false,&quot;keep_padding&quot;:false,&quot;hoverpause&quot;:false,&quot;show_slide_delay&quot;:0}\"  itemprop=\"image\" itemscope=\"itemscope\" itemtype=\"https:\/\/schema.org\/ImageObject\" ><ul class='avia-slideshow-inner ' style='padding-bottom: 28.666666666667%;'><li  class='avia-slideshow-slide av-kiqgg3ce-b109decd00de771da09c1af0244c6dbe__0  av-single-slide slide-1 slide-odd'><div data-rel='slideshow-1' class='avia-slide-wrap '   ><img decoding=\"async\" fetchpriority=\"high\" class=\"wp-image-323 avia-img-lazy-loading-not-323\"  src=\"https:\/\/www.odonto.ufmg.br\/ecv-odr\/wp-content\/uploads\/sites\/23\/2021\/03\/CAPA-ECV-ATUAL-1500x430.png\" width=\"1500\" height=\"430\" title='CAPA ECV ATUAL' alt=''  itemprop=\"thumbnailUrl\"   \/><\/div><\/li><\/ul><\/div><\/div>\n<div class='clear'><\/div><div id='sub_menu1'  class='av-submenu-container av-kiqhffwf-6857852ddd0b393756930f7197c7063e main_color av-switch-768  avia-builder-el-1  el_after_av_slideshow_full  el_before_av_heading  av-sticky-submenu submenu-not-first container_wrap sidebar_right' style='z-index:301' ><div class='container av-menu-mobile-active av-submenu-pos-center'><a href=\"#\" class=\"mobile_menu_toggle\"><span class='avia-svg-icon avia-font-svg_entypo-fontello' data-av_svg_icon='list' data-av_iconset='svg_entypo-fontello'><svg version=\"1.1\" xmlns=\"http:\/\/www.w3.org\/2000\/svg\" width=\"22\" height=\"32\" viewBox=\"0 0 22 32\" preserveAspectRatio=\"xMidYMid meet\" aria-labelledby='av-svg-title-1' aria-describedby='av-svg-desc-1' role=\"graphics-symbol\" aria-hidden=\"true\">\n<title id='av-svg-title-1'>List<\/title>\n<desc id='av-svg-desc-1'>List<\/desc>\n<path d=\"M3.2 20.8q0.64 0 1.12 0.48t0.48 1.12-0.48 1.12-1.12 0.48h-1.6q-0.64 0-1.12-0.48t-0.48-1.12 0.448-1.12 1.152-0.48h1.6zM3.2 14.4q0.64 0 1.12 0.48t0.48 1.12-0.48 1.12-1.12 0.48h-1.6q-0.64 0-1.12-0.48t-0.48-1.12 0.448-1.12 1.152-0.48h1.6zM3.2 8q0.64 0 1.12 0.48t0.48 1.12-0.48 1.12-1.12 0.48h-1.6q-0.64 0-1.12-0.48t-0.48-1.12 0.448-1.12 1.152-0.48h1.6zM9.6 11.2q-0.64 0-1.12-0.48t-0.48-1.12 0.48-1.12 1.12-0.48h11.2q0.704 0 1.152 0.48t0.448 1.12-0.48 1.12-1.12 0.48h-11.2zM20.8 14.4q0.704 0 1.152 0.48t0.448 1.12-0.48 1.12-1.12 0.48h-11.2q-0.64 0-1.12-0.48t-0.48-1.12 0.48-1.12 1.12-0.48h11.2zM20.8 20.8q0.704 0 1.152 0.48t0.448 1.12-0.48 1.12-1.12 0.48h-11.2q-0.64 0-1.12-0.48t-0.48-1.12 0.48-1.12 1.12-0.48h11.2z\"><\/path>\n<\/svg><\/span><span class=\"av-current-placeholder\">Menu<\/span><\/a><ul id=\"menu-principal\" class=\"av-subnav-menu\" role=\"menu\"><li role=\"menuitem\" id=\"menu-item-24\" class=\"menu-item menu-item-type-post_type menu-item-object-page menu-item-home menu-item-top-level menu-item-top-level-1\"><a href=\"https:\/\/www.odonto.ufmg.br\/ecv-odr\/\" itemprop=\"url\" tabindex=\"0\"><span class=\"avia-bullet\"><\/span><span class=\"avia-menu-text\">P\u00e1gina Inicial<\/span><span class=\"avia-menu-fx\"><span class=\"avia-arrow-wrap\"><span class=\"avia-arrow\"><\/span><\/span><\/span><\/a><\/li>\n<li role=\"menuitem\" id=\"menu-item-23\" class=\"menu-item menu-item-type-post_type menu-item-object-page menu-item-top-level menu-item-top-level-2\"><a href=\"https:\/\/www.odonto.ufmg.br\/ecv-odr\/sobre\/\" itemprop=\"url\" tabindex=\"0\"><span class=\"avia-bullet\"><\/span><span class=\"avia-menu-text\">Quem Somos<\/span><span class=\"avia-menu-fx\"><span class=\"avia-arrow-wrap\"><span class=\"avia-arrow\"><\/span><\/span><\/span><\/a><\/li>\n<li role=\"menuitem\" id=\"menu-item-38\" class=\"menu-item menu-item-type-post_type menu-item-object-page menu-item-top-level menu-item-top-level-3\"><a href=\"https:\/\/www.odonto.ufmg.br\/ecv-odr\/envio-de-trabalhos\/\" itemprop=\"url\" tabindex=\"0\"><span class=\"avia-bullet\"><\/span><span class=\"avia-menu-text\">Envio de trabalhos<\/span><span class=\"avia-menu-fx\"><span class=\"avia-arrow-wrap\"><span class=\"avia-arrow\"><\/span><\/span><\/span><\/a><\/li>\n<li role=\"menuitem\" id=\"menu-item-900\" class=\"menu-item menu-item-type-post_type menu-item-object-page menu-item-top-level menu-item-top-level-4\"><a href=\"https:\/\/www.odonto.ufmg.br\/ecv-odr\/contato\/\" itemprop=\"url\" tabindex=\"0\"><span class=\"avia-bullet\"><\/span><span class=\"avia-menu-text\">Contato<\/span><span class=\"avia-menu-fx\"><span class=\"avia-arrow-wrap\"><span class=\"avia-arrow\"><\/span><\/span><\/span><\/a><\/li>\n<\/ul><\/div><\/div><div class='sticky_placeholder'><\/div><div id='after_submenu_1'  class='main_color av_default_container_wrap container_wrap sidebar_right'  ><div class='container av-section-cont-open' ><div class='template-page content  av-content-small alpha units'><div class='post-entry post-entry-type-page post-entry-456'><div class='entry-content-wrapper clearfix'>\n\n<style type=\"text\/css\" data-created_by=\"avia_inline_auto\" id=\"style-css-av-kmck2f2m-31d56de4bf490bdbecf1a33d1d5e3162\">\n#top .av-special-heading.av-kmck2f2m-31d56de4bf490bdbecf1a33d1d5e3162{\npadding-bottom:10px;\ncolor:#1c1640;\nfont-size:35px;\n}\nbody .av-special-heading.av-kmck2f2m-31d56de4bf490bdbecf1a33d1d5e3162 .av-special-heading-tag .heading-char{\nfont-size:25px;\n}\n#top #wrap_all .av-special-heading.av-kmck2f2m-31d56de4bf490bdbecf1a33d1d5e3162 .av-special-heading-tag{\nfont-size:35px;\n}\n.av-special-heading.av-kmck2f2m-31d56de4bf490bdbecf1a33d1d5e3162 .special-heading-inner-border{\nborder-color:#1c1640;\n}\n.av-special-heading.av-kmck2f2m-31d56de4bf490bdbecf1a33d1d5e3162 .av-subheading{\nfont-size:15px;\n}\n\n@media only screen and (min-width: 480px) and (max-width: 767px){ \n#top #wrap_all .av-special-heading.av-kmck2f2m-31d56de4bf490bdbecf1a33d1d5e3162 .av-special-heading-tag{\nfont-size:0.8em;\n}\n}\n\n@media only screen and (max-width: 479px){ \n#top #wrap_all .av-special-heading.av-kmck2f2m-31d56de4bf490bdbecf1a33d1d5e3162 .av-special-heading-tag{\nfont-size:0.8em;\n}\n}\n<\/style>\n<div  class='av-special-heading av-kmck2f2m-31d56de4bf490bdbecf1a33d1d5e3162 av-special-heading-h3 custom-color-heading blockquote modern-quote modern-centered  avia-builder-el-2  el_after_av_submenu  el_before_av_section  avia-builder-el-no-sibling  av-inherit-size av-linked-heading'><h3 class='av-special-heading-tag '  itemprop=\"headline\"  >Pr\u00f3tese<\/h3><div class=\"special-heading-border\"><div class=\"special-heading-inner-border\"><\/div><\/div><\/div>\n<\/div><\/div><\/div><!-- close content main div --><\/div><\/div>\n<style type=\"text\/css\" data-created_by=\"avia_inline_auto\" id=\"style-css-av-aqpnc-ec9dbf80631b7b3e93df84907ed83a69\">\n.avia-section.av-aqpnc-ec9dbf80631b7b3e93df84907ed83a69{\nbackground-color:#ffffff;\nbackground-image:unset;\n}\n<\/style>\n<div id='av_section_1'  class='avia-section av-aqpnc-ec9dbf80631b7b3e93df84907ed83a69 main_color avia-section-default avia-no-border-styling  avia-builder-el-3  el_after_av_heading  avia-builder-el-last  avia-bg-style-scroll container_wrap sidebar_right'  ><div class='container av-section-cont-open' ><div class='template-page content  av-content-small alpha units'><div class='post-entry post-entry-type-page post-entry-456'><div class='entry-content-wrapper clearfix'>\n<div  data-slideshow-options=\"{&quot;animation&quot;:&quot;fade&quot;,&quot;autoplay&quot;:false,&quot;loop_autoplay&quot;:&quot;once&quot;,&quot;interval&quot;:5,&quot;loop_manual&quot;:&quot;manual-endless&quot;,&quot;autoplay_stopper&quot;:false,&quot;noNavigation&quot;:false,&quot;show_slide_delay&quot;:90}\" class='avia-content-slider avia-content-grid-active avia-content-slider1 avia-content-slider-odd  avia-builder-el-4  avia-builder-el-no-sibling  av-slideshow-ui av-control-default   av-no-slider-navigation av-slideshow-manual av-loop-once av-loop-manual-endless '  itemscope=\"itemscope\" itemtype=\"https:\/\/schema.org\/Blog\" ><div class=\"avia-content-slider-inner\"><div class=\"slide-entry-wrap\"><article class='slide-entry flex_column  post-entry post-entry-1120 slide-entry-overview slide-loop-1 slide-parity-odd  av_one_third first real-thumbnail posttype-portfolio post-format-standard'  itemscope=\"itemscope\" itemtype=\"https:\/\/schema.org\/CreativeWork\" ><a href='https:\/\/www.odonto.ufmg.br\/ecv-odr\/portfolio-item\/uma-tecnica-alternativa-de-temporizacao-imediata-indireta-sobre-implantes-unitarios\/' data-rel='slide-1' class='slide-image' title='Uma t\u00e9cnica alternativa de Temporiza\u00e7\u00e3o Imediata Indireta sobre implantes unit\u00e1rios'><img decoding=\"async\" fetchpriority=\"high\" width=\"495\" height=\"400\" src=\"https:\/\/www.odonto.ufmg.br\/ecv-odr\/wp-content\/uploads\/sites\/23\/2021\/06\/CAPA-CARGA-IMEDIATA-495x400.png\" class=\"wp-image-1124 avia-img-lazy-loading-not-1124 attachment-portfolio size-portfolio wp-post-image\" alt=\"\" \/><\/a><div class=\"slide-content\"><header class=\"entry-content-header\" aria-label=\"Slide: Uma t\u00e9cnica alternativa de Temporiza\u00e7\u00e3o Imediata Indireta sobre implantes unit\u00e1rios\"><h3 class='slide-entry-title entry-title '  itemprop=\"headline\" ><a href='https:\/\/www.odonto.ufmg.br\/ecv-odr\/portfolio-item\/uma-tecnica-alternativa-de-temporizacao-imediata-indireta-sobre-implantes-unitarios\/' title='Uma t\u00e9cnica alternativa de Temporiza\u00e7\u00e3o Imediata Indireta sobre implantes unit\u00e1rios'>Uma t\u00e9cnica alternativa de Temporiza\u00e7\u00e3o Imediata Indireta sobre implantes unit\u00e1rios<\/a><\/h3><span class=\"av-vertical-delimiter\"><\/span><\/header><div class=\"slide-meta\"><time class='slide-meta-time updated'  itemprop=\"datePublished\" datetime=\"2021-06-18T18:58:10-03:00\" >18 de junho de 2021<\/time><\/div><div class='slide-entry-excerpt entry-content'  itemprop=\"text\" >\r\n\r\n\r\n\r\n\r\n\r\n\r\n\r\n\r\n\r\n<div class=\"read-more-link\"><a href=\"https:\/\/www.odonto.ufmg.br\/ecv-odr\/portfolio-item\/uma-tecnica-alternativa-de-temporizacao-imediata-indireta-sobre-implantes-unitarios\/\" class=\"more-link\">Leia mais<span class='more-link-arrow avia-svg-icon avia-font-svg_entypo-fontello' data-av_svg_icon='right-open-big' data-av_iconset='svg_entypo-fontello'><svg version=\"1.1\" xmlns=\"http:\/\/www.w3.org\/2000\/svg\" width=\"15\" height=\"32\" viewBox=\"0 0 15 32\" preserveAspectRatio=\"xMidYMid meet\" role=\"graphics-symbol\" aria-hidden=\"true\">\n<path d=\"M0.416 27.84l11.456-11.84-11.456-11.904q-0.832-0.832 0-1.536 0.832-0.832 1.536 0l12.544 12.608q0.768 0.832 0 1.6l-12.544 12.608q-0.704 0.832-1.536 0-0.832-0.704 0-1.536z\"><\/path>\n<\/svg><\/span><\/a><\/div><\/div><\/div><footer class=\"entry-footer\"><\/footer><span class='hidden'>\n\t\t\t\t<span class='av-structured-data'  itemprop=\"image\" itemscope=\"itemscope\" itemtype=\"https:\/\/schema.org\/ImageObject\" >\n\t\t\t\t\t\t<span itemprop='url'>https:\/\/www.odonto.ufmg.br\/ecv-odr\/wp-content\/uploads\/sites\/23\/2021\/06\/CAPA-CARGA-IMEDIATA.png<\/span>\n\t\t\t\t\t\t<span itemprop='height'>586<\/span>\n\t\t\t\t\t\t<span itemprop='width'>1037<\/span>\n\t\t\t\t<\/span>\n\t\t\t\t<span class='av-structured-data'  itemprop=\"publisher\" itemtype=\"https:\/\/schema.org\/Organization\" itemscope=\"itemscope\" >\n\t\t\t\t\t\t<span itemprop='name'>renan<\/span>\n\t\t\t\t\t\t<span itemprop='logo' itemscope itemtype='https:\/\/schema.org\/ImageObject'>\n\t\t\t\t\t\t\t<span itemprop='url'><\/span>\n\t\t\t\t\t\t<\/span>\n\t\t\t\t<\/span><span class='av-structured-data'  itemprop=\"author\" itemscope=\"itemscope\" itemtype=\"https:\/\/schema.org\/Person\" ><span itemprop='name'>renan<\/span><\/span><span class='av-structured-data'  itemprop=\"datePublished\" datetime=\"2021-03-16T18:56:21-03:00\" >2021-06-18 18:58:10<\/span><span class='av-structured-data'  itemprop=\"dateModified\" itemtype=\"https:\/\/schema.org\/dateModified\" >2021-06-18 18:59:58<\/span><span class='av-structured-data'  itemprop=\"mainEntityOfPage\" itemtype=\"https:\/\/schema.org\/mainEntityOfPage\" ><span itemprop='name'>Uma t\u00e9cnica alternativa de Temporiza\u00e7\u00e3o Imediata Indireta sobre implantes unit\u00e1rios<\/span><\/span><\/span><\/article><article class='slide-entry flex_column  post-entry post-entry-800 slide-entry-overview slide-loop-2 slide-parity-even  post-entry-last  av_one_third  real-thumbnail posttype-portfolio post-format-standard'  itemscope=\"itemscope\" itemtype=\"https:\/\/schema.org\/CreativeWork\" ><a href='https:\/\/www.odonto.ufmg.br\/ecv-odr\/portfolio-item\/remocao-de-parafusos-fraturados-no-interior-de-implantes-dentarios-descricao-da-tecnica-com-sonda-exploradora\/' data-rel='slide-1' class='slide-image' title='Remo\u00e7\u00e3o de parafusos fraturados no interior de implantes dent\u00e1rios: descri\u00e7\u00e3o da t\u00e9cnica com sonda exploradora'><img decoding=\"async\" fetchpriority=\"high\" width=\"495\" height=\"400\" src=\"https:\/\/www.odonto.ufmg.br\/ecv-odr\/wp-content\/uploads\/sites\/23\/2021\/03\/CAPA-ARTIGO-tecnica-1-495x400.png\" class=\"wp-image-798 avia-img-lazy-loading-not-798 attachment-portfolio size-portfolio wp-post-image\" alt=\"\" srcset=\"https:\/\/www.odonto.ufmg.br\/ecv-odr\/wp-content\/uploads\/sites\/23\/2021\/03\/CAPA-ARTIGO-tecnica-1-495x400.png 495w, https:\/\/www.odonto.ufmg.br\/ecv-odr\/wp-content\/uploads\/sites\/23\/2021\/03\/CAPA-ARTIGO-tecnica-1-845x684.png 845w\" sizes=\"(max-width: 495px) 100vw, 495px\" \/><\/a><div class=\"slide-content\"><header class=\"entry-content-header\" aria-label=\"Slide: Remo\u00e7\u00e3o de parafusos fraturados no interior de implantes dent\u00e1rios: descri\u00e7\u00e3o da t\u00e9cnica com sonda exploradora\"><h3 class='slide-entry-title entry-title '  itemprop=\"headline\" ><a href='https:\/\/www.odonto.ufmg.br\/ecv-odr\/portfolio-item\/remocao-de-parafusos-fraturados-no-interior-de-implantes-dentarios-descricao-da-tecnica-com-sonda-exploradora\/' title='Remo\u00e7\u00e3o de parafusos fraturados no interior de implantes dent\u00e1rios: descri\u00e7\u00e3o da t\u00e9cnica com sonda exploradora'>Remo\u00e7\u00e3o de parafusos fraturados no interior de implantes dent\u00e1rios: descri\u00e7\u00e3o da t\u00e9cnica com sonda exploradora<\/a><\/h3><span class=\"av-vertical-delimiter\"><\/span><\/header><div class=\"slide-meta\"><time class='slide-meta-time updated'  itemprop=\"datePublished\" datetime=\"2021-03-21T16:45:20-03:00\" >21 de mar\u00e7o de 2021<\/time><\/div><div class='slide-entry-excerpt entry-content'  itemprop=\"text\" >\r\n\r\n\r\n\r\n\r\n\r\n\r\n\r\n\r\n\r\n\r\n\r\n<div class=\"read-more-link\"><a href=\"https:\/\/www.odonto.ufmg.br\/ecv-odr\/portfolio-item\/remocao-de-parafusos-fraturados-no-interior-de-implantes-dentarios-descricao-da-tecnica-com-sonda-exploradora\/\" class=\"more-link\">Leia mais<span class='more-link-arrow avia-svg-icon avia-font-svg_entypo-fontello' data-av_svg_icon='right-open-big' data-av_iconset='svg_entypo-fontello'><svg version=\"1.1\" xmlns=\"http:\/\/www.w3.org\/2000\/svg\" width=\"15\" height=\"32\" viewBox=\"0 0 15 32\" preserveAspectRatio=\"xMidYMid meet\" role=\"graphics-symbol\" aria-hidden=\"true\">\n<path d=\"M0.416 27.84l11.456-11.84-11.456-11.904q-0.832-0.832 0-1.536 0.832-0.832 1.536 0l12.544 12.608q0.768 0.832 0 1.6l-12.544 12.608q-0.704 0.832-1.536 0-0.832-0.704 0-1.536z\"><\/path>\n<\/svg><\/span><\/a><\/div><\/div><\/div><footer class=\"entry-footer\"><\/footer><span class='hidden'>\n\t\t\t\t<span class='av-structured-data'  itemprop=\"image\" itemscope=\"itemscope\" itemtype=\"https:\/\/schema.org\/ImageObject\" >\n\t\t\t\t\t\t<span itemprop='url'>https:\/\/www.odonto.ufmg.br\/ecv-odr\/wp-content\/uploads\/sites\/23\/2021\/03\/CAPA-ARTIGO-tecnica-1.png<\/span>\n\t\t\t\t\t\t<span itemprop='height'>1080<\/span>\n\t\t\t\t\t\t<span itemprop='width'>1920<\/span>\n\t\t\t\t<\/span>\n\t\t\t\t<span class='av-structured-data'  itemprop=\"publisher\" itemtype=\"https:\/\/schema.org\/Organization\" itemscope=\"itemscope\" >\n\t\t\t\t\t\t<span itemprop='name'>projetoecv<\/span>\n\t\t\t\t\t\t<span itemprop='logo' itemscope itemtype='https:\/\/schema.org\/ImageObject'>\n\t\t\t\t\t\t\t<span itemprop='url'><\/span>\n\t\t\t\t\t\t<\/span>\n\t\t\t\t<\/span><span class='av-structured-data'  itemprop=\"author\" itemscope=\"itemscope\" itemtype=\"https:\/\/schema.org\/Person\" ><span itemprop='name'>projetoecv<\/span><\/span><span class='av-structured-data'  itemprop=\"datePublished\" datetime=\"2021-03-16T18:56:21-03:00\" >2021-03-21 16:45:20<\/span><span class='av-structured-data'  itemprop=\"dateModified\" itemtype=\"https:\/\/schema.org\/dateModified\" >2021-03-25 16:54:43<\/span><span class='av-structured-data'  itemprop=\"mainEntityOfPage\" itemtype=\"https:\/\/schema.org\/mainEntityOfPage\" ><span itemprop='name'>Remo\u00e7\u00e3o de parafusos fraturados no interior de implantes dent\u00e1rios: descri\u00e7\u00e3o da t\u00e9cnica com sonda exploradora<\/span><\/span><\/span><\/article><\/div><\/div><\/div>\n<\/div><\/div><\/div><!-- close content main div --><\/div><\/div><div id='after_section_1'  class='main_color av_default_container_wrap container_wrap sidebar_right'  ><div class='container av-section-cont-open' ><div class='template-page content  av-content-small alpha units'><div class='post-entry post-entry-type-page post-entry-456'><div class='entry-content-wrapper clearfix'>\n","protected":false},"excerpt":{"rendered":"","protected":false},"author":39,"featured_media":0,"parent":0,"menu_order":0,"comment_status":"closed","ping_status":"closed","template":"","meta":{"inline_featured_image":false,"footnotes":""},"class_list":["post-456","page","type-page","status-publish","hentry"],"yoast_head":"<!-- This site is optimized with the Yoast SEO plugin v27.6 - https:\/\/yoast.com\/product\/yoast-seo-wordpress\/ -->\n<title>Pr\u00f3tese - Descri\u00e7\u00e3o de T\u00e9cnicas e Protocolos - Espa\u00e7o Cl\u00ednico Virtual<\/title>\n<meta name=\"robots\" content=\"index, follow, max-snippet:-1, max-image-preview:large, max-video-preview:-1\" \/>\n<link rel=\"canonical\" href=\"https:\/\/www.odonto.ufmg.br\/ecv-odr\/protese-descricao-de-tecnicas-e-protocolos\/\" \/>\n<meta property=\"og:locale\" content=\"pt_BR\" \/>\n<meta property=\"og:type\" content=\"article\" \/>\n<meta property=\"og:title\" content=\"Pr\u00f3tese - Descri\u00e7\u00e3o de T\u00e9cnicas e Protocolos - Espa\u00e7o Cl\u00ednico Virtual\" \/>\n<meta property=\"og:url\" content=\"https:\/\/www.odonto.ufmg.br\/ecv-odr\/protese-descricao-de-tecnicas-e-protocolos\/\" \/>\n<meta property=\"og:site_name\" content=\"Espa\u00e7o Cl\u00ednico Virtual\" \/>\n<meta property=\"article:modified_time\" content=\"2021-03-21T22:42:26+00:00\" \/>\n<meta name=\"twitter:card\" content=\"summary_large_image\" \/>\n<meta name=\"twitter:label1\" content=\"Est. tempo de leitura\" \/>\n\t<meta name=\"twitter:data1\" content=\"3 minutos\" \/>\n<script type=\"application\/ld+json\" class=\"yoast-schema-graph\">{\"@context\":\"https:\\\/\\\/schema.org\",\"@graph\":[{\"@type\":\"WebPage\",\"@id\":\"https:\\\/\\\/www.odonto.ufmg.br\\\/ecv-odr\\\/protese-descricao-de-tecnicas-e-protocolos\\\/\",\"url\":\"https:\\\/\\\/www.odonto.ufmg.br\\\/ecv-odr\\\/protese-descricao-de-tecnicas-e-protocolos\\\/\",\"name\":\"Pr\u00f3tese - Descri\u00e7\u00e3o de T\u00e9cnicas e Protocolos - Espa\u00e7o Cl\u00ednico Virtual\",\"isPartOf\":{\"@id\":\"https:\\\/\\\/www.odonto.ufmg.br\\\/ecv-odr\\\/#website\"},\"datePublished\":\"2021-03-16T21:56:21+00:00\",\"dateModified\":\"2021-03-21T22:42:26+00:00\",\"breadcrumb\":{\"@id\":\"https:\\\/\\\/www.odonto.ufmg.br\\\/ecv-odr\\\/protese-descricao-de-tecnicas-e-protocolos\\\/#breadcrumb\"},\"inLanguage\":\"pt-BR\",\"potentialAction\":[{\"@type\":\"ReadAction\",\"target\":[\"https:\\\/\\\/www.odonto.ufmg.br\\\/ecv-odr\\\/protese-descricao-de-tecnicas-e-protocolos\\\/\"]}]},{\"@type\":\"BreadcrumbList\",\"@id\":\"https:\\\/\\\/www.odonto.ufmg.br\\\/ecv-odr\\\/protese-descricao-de-tecnicas-e-protocolos\\\/#breadcrumb\",\"itemListElement\":[{\"@type\":\"ListItem\",\"position\":1,\"name\":\"In\u00edcio\",\"item\":\"https:\\\/\\\/www.odonto.ufmg.br\\\/ecv-odr\\\/\"},{\"@type\":\"ListItem\",\"position\":2,\"name\":\"Pr\u00f3tese &#8211; Descri\u00e7\u00e3o de T\u00e9cnicas e Protocolos\"}]},{\"@type\":\"WebSite\",\"@id\":\"https:\\\/\\\/www.odonto.ufmg.br\\\/ecv-odr\\\/#website\",\"url\":\"https:\\\/\\\/www.odonto.ufmg.br\\\/ecv-odr\\\/\",\"name\":\"Espa\u00e7o Cl\u00ednico Virtual\",\"description\":\"Departamento de Odontologia Restauradora (ODR)\",\"potentialAction\":[{\"@type\":\"SearchAction\",\"target\":{\"@type\":\"EntryPoint\",\"urlTemplate\":\"https:\\\/\\\/www.odonto.ufmg.br\\\/ecv-odr\\\/?s={search_term_string}\"},\"query-input\":{\"@type\":\"PropertyValueSpecification\",\"valueRequired\":true,\"valueName\":\"search_term_string\"}}],\"inLanguage\":\"pt-BR\"}]}<\/script>\n<!-- \/ Yoast SEO plugin. -->","yoast_head_json":{"title":"Pr\u00f3tese - Descri\u00e7\u00e3o de T\u00e9cnicas e Protocolos - Espa\u00e7o Cl\u00ednico Virtual","robots":{"index":"index","follow":"follow","max-snippet":"max-snippet:-1","max-image-preview":"max-image-preview:large","max-video-preview":"max-video-preview:-1"},"canonical":"https:\/\/www.odonto.ufmg.br\/ecv-odr\/protese-descricao-de-tecnicas-e-protocolos\/","og_locale":"pt_BR","og_type":"article","og_title":"Pr\u00f3tese - Descri\u00e7\u00e3o de T\u00e9cnicas e Protocolos - Espa\u00e7o Cl\u00ednico Virtual","og_url":"https:\/\/www.odonto.ufmg.br\/ecv-odr\/protese-descricao-de-tecnicas-e-protocolos\/","og_site_name":"Espa\u00e7o Cl\u00ednico Virtual","article_modified_time":"2021-03-21T22:42:26+00:00","twitter_card":"summary_large_image","twitter_misc":{"Est. tempo de leitura":"3 minutos"},"schema":{"@context":"https:\/\/schema.org","@graph":[{"@type":"WebPage","@id":"https:\/\/www.odonto.ufmg.br\/ecv-odr\/protese-descricao-de-tecnicas-e-protocolos\/","url":"https:\/\/www.odonto.ufmg.br\/ecv-odr\/protese-descricao-de-tecnicas-e-protocolos\/","name":"Pr\u00f3tese - Descri\u00e7\u00e3o de T\u00e9cnicas e Protocolos - Espa\u00e7o Cl\u00ednico Virtual","isPartOf":{"@id":"https:\/\/www.odonto.ufmg.br\/ecv-odr\/#website"},"datePublished":"2021-03-16T21:56:21+00:00","dateModified":"2021-03-21T22:42:26+00:00","breadcrumb":{"@id":"https:\/\/www.odonto.ufmg.br\/ecv-odr\/protese-descricao-de-tecnicas-e-protocolos\/#breadcrumb"},"inLanguage":"pt-BR","potentialAction":[{"@type":"ReadAction","target":["https:\/\/www.odonto.ufmg.br\/ecv-odr\/protese-descricao-de-tecnicas-e-protocolos\/"]}]},{"@type":"BreadcrumbList","@id":"https:\/\/www.odonto.ufmg.br\/ecv-odr\/protese-descricao-de-tecnicas-e-protocolos\/#breadcrumb","itemListElement":[{"@type":"ListItem","position":1,"name":"In\u00edcio","item":"https:\/\/www.odonto.ufmg.br\/ecv-odr\/"},{"@type":"ListItem","position":2,"name":"Pr\u00f3tese &#8211; Descri\u00e7\u00e3o de T\u00e9cnicas e Protocolos"}]},{"@type":"WebSite","@id":"https:\/\/www.odonto.ufmg.br\/ecv-odr\/#website","url":"https:\/\/www.odonto.ufmg.br\/ecv-odr\/","name":"Espa\u00e7o Cl\u00ednico Virtual","description":"Departamento de Odontologia Restauradora (ODR)","potentialAction":[{"@type":"SearchAction","target":{"@type":"EntryPoint","urlTemplate":"https:\/\/www.odonto.ufmg.br\/ecv-odr\/?s={search_term_string}"},"query-input":{"@type":"PropertyValueSpecification","valueRequired":true,"valueName":"search_term_string"}}],"inLanguage":"pt-BR"}]}},"_links":{"self":[{"href":"https:\/\/www.odonto.ufmg.br\/ecv-odr\/wp-json\/wp\/v2\/pages\/456","targetHints":{"allow":["GET"]}}],"collection":[{"href":"https:\/\/www.odonto.ufmg.br\/ecv-odr\/wp-json\/wp\/v2\/pages"}],"about":[{"href":"https:\/\/www.odonto.ufmg.br\/ecv-odr\/wp-json\/wp\/v2\/types\/page"}],"author":[{"embeddable":true,"href":"https:\/\/www.odonto.ufmg.br\/ecv-odr\/wp-json\/wp\/v2\/users\/39"}],"replies":[{"embeddable":true,"href":"https:\/\/www.odonto.ufmg.br\/ecv-odr\/wp-json\/wp\/v2\/comments?post=456"}],"version-history":[{"count":6,"href":"https:\/\/www.odonto.ufmg.br\/ecv-odr\/wp-json\/wp\/v2\/pages\/456\/revisions"}],"predecessor-version":[{"id":846,"href":"https:\/\/www.odonto.ufmg.br\/ecv-odr\/wp-json\/wp\/v2\/pages\/456\/revisions\/846"}],"wp:attachment":[{"href":"https:\/\/www.odonto.ufmg.br\/ecv-odr\/wp-json\/wp\/v2\/media?parent=456"}],"curies":[{"name":"wp","href":"https:\/\/api.w.org\/{rel}","templated":true}]}}