{"id":37,"date":"2018-01-26T16:42:10","date_gmt":"2018-01-26T18:42:10","guid":{"rendered":"https:\/\/www.odonto.ufmg.br\/cpc\/?page_id=37"},"modified":"2019-05-10T10:15:13","modified_gmt":"2019-05-10T13:15:13","slug":"documentos","status":"publish","type":"page","link":"https:\/\/www.odonto.ufmg.br\/cpc\/documentos\/","title":{"rendered":"Documentos"},"content":{"rendered":"\n<style type=\"text\/css\" data-created_by=\"avia_inline_auto\" id=\"style-css-av-av_heading-a7ec60c433cfaa5fa6f03129b929c8eb\">\n#top .av-special-heading.av-av_heading-a7ec60c433cfaa5fa6f03129b929c8eb{\npadding-bottom:30px;\nfont-size:25px;\n}\nbody .av-special-heading.av-av_heading-a7ec60c433cfaa5fa6f03129b929c8eb .av-special-heading-tag .heading-char{\nfont-size:25px;\n}\n#top #wrap_all .av-special-heading.av-av_heading-a7ec60c433cfaa5fa6f03129b929c8eb .av-special-heading-tag{\nfont-size:25px;\n}\n.av-special-heading.av-av_heading-a7ec60c433cfaa5fa6f03129b929c8eb .av-subheading{\nfont-size:15px;\n}\n\n@media only screen and (min-width: 480px) and (max-width: 767px){ \n#top #wrap_all .av-special-heading.av-av_heading-a7ec60c433cfaa5fa6f03129b929c8eb .av-special-heading-tag{\nfont-size:0.8em;\n}\n}\n\n@media only screen and (max-width: 479px){ \n#top #wrap_all .av-special-heading.av-av_heading-a7ec60c433cfaa5fa6f03129b929c8eb .av-special-heading-tag{\nfont-size:0.8em;\n}\n}\n<\/style>\n<div  class='av-special-heading av-av_heading-a7ec60c433cfaa5fa6f03129b929c8eb av-special-heading-h3 blockquote modern-quote  avia-builder-el-0  el_before_av_one_fourth  avia-builder-el-first  av-inherit-size'><h3 class='av-special-heading-tag '  itemprop=\"headline\"  >Documentos<\/h3><div class=\"special-heading-border\"><div class=\"special-heading-inner-border\"><\/div><\/div><\/div>\n\n<style type=\"text\/css\" data-created_by=\"avia_inline_auto\" id=\"style-css-av-qd3p-6e2dcbf504c52feded5d5075a364dd64\">\n.flex_column.av-qd3p-6e2dcbf504c52feded5d5075a364dd64{\nborder-radius:0px 0px 0px 0px;\npadding:0px 0px 0px 0px;\n}\n<\/style>\n<div  class='flex_column av-qd3p-6e2dcbf504c52feded5d5075a364dd64 av_one_fourth  avia-builder-el-1  el_after_av_heading  el_before_av_one_fourth  first flex_column_div av-zero-column-padding  '     ><article  class='iconbox iconbox_top av-jvi37vod-14f34dc075b282ec7a645a439597de62  avia-builder-el-2  avia-builder-el-no-sibling  main_color'  itemscope=\"itemscope\" itemtype=\"https:\/\/schema.org\/CreativeWork\" ><div class=\"iconbox_content\"><header class=\"entry-content-header\" aria-label=\"Icon: Outros documentos\"><a href='https:\/\/www.odonto.ufmg.br\/cpc\/outros-documentos\/' title='Outros documentos' aria-label='Outros documentos'  class='iconbox_icon heading-color avia-iconfont avia-font-entypo-fontello' data-av_icon='\ue84b' data-av_iconfont='entypo-fontello' title=\"Outros documentos\" desc=\"Outros documentos\" ><\/a><h3 class='iconbox_content_title '  itemprop=\"headline\" ><a href='https:\/\/www.odonto.ufmg.br\/cpc\/outros-documentos\/' title='Outros documentos' >Outros documentos<\/a><\/h3><\/header><div class='iconbox_content_container '  itemprop=\"text\" ><p>Outros documentos do departamento.<\/p>\n<\/div><\/div><footer class=\"entry-footer\"><\/footer><\/article><\/div>\n<style type=\"text\/css\" data-created_by=\"avia_inline_auto\" id=\"style-css-av-qd3p-687e134f929497b17571346496016987\">\n.flex_column.av-qd3p-687e134f929497b17571346496016987{\nborder-radius:0px 0px 0px 0px;\npadding:0px 0px 0px 0px;\n}\n<\/style>\n<div  class='flex_column av-qd3p-687e134f929497b17571346496016987 av_one_fourth  avia-builder-el-3  el_after_av_one_fourth  el_before_av_one_fourth  flex_column_div av-zero-column-padding  '     ><article  class='iconbox iconbox_top av-jvi37vod-956e990f218c0167e1f7260f11212d17  avia-builder-el-4  avia-builder-el-no-sibling  main_color'  itemscope=\"itemscope\" itemtype=\"https:\/\/schema.org\/CreativeWork\" ><div class=\"iconbox_content\"><header class=\"entry-content-header\" aria-label=\"Icon: Editais\"><a href='https:\/\/www.odonto.ufmg.br\/cpc\/documentos\/editais\/' title='Editais' aria-label='Editais'  class='iconbox_icon heading-color avia-iconfont avia-font-entypo-fontello' data-av_icon='\ue84b' data-av_iconfont='entypo-fontello' title=\"Editais\" desc=\"Editais\" ><\/a><h3 class='iconbox_content_title '  itemprop=\"headline\" ><a href='https:\/\/www.odonto.ufmg.br\/cpc\/documentos\/editais\/' title='Editais' >Editais<\/a><\/h3><\/header><div class='iconbox_content_container '  itemprop=\"text\" ><p>Visualizar Editais do departamento.<\/p>\n<\/div><\/div><footer class=\"entry-footer\"><\/footer><\/article><\/div>\n<style type=\"text\/css\" data-created_by=\"avia_inline_auto\" id=\"style-css-av-qd3p-687e134f929497b17571346496016987\">\n.flex_column.av-qd3p-687e134f929497b17571346496016987{\nborder-radius:0px 0px 0px 0px;\npadding:0px 0px 0px 0px;\n}\n<\/style>\n<div  class='flex_column av-qd3p-687e134f929497b17571346496016987 av_one_fourth  avia-builder-el-5  el_after_av_one_fourth  el_before_av_one_fourth  flex_column_div av-zero-column-padding  '     ><article  class='iconbox iconbox_top av-jvi37vod-cf555c530e84aea50a456ba6954bb543  avia-builder-el-6  avia-builder-el-no-sibling  main_color'  itemscope=\"itemscope\" itemtype=\"https:\/\/schema.org\/CreativeWork\" ><div class=\"iconbox_content\"><header class=\"entry-content-header\" aria-label=\"Icon: Resolu\u00e7\u00f5es\"><a href='https:\/\/www.odonto.ufmg.br\/cpc\/documentos\/resolucoes\/' title='Resolu\u00e7\u00f5es' aria-label='Resolu\u00e7\u00f5es'  class='iconbox_icon heading-color avia-iconfont avia-font-entypo-fontello' data-av_icon='\ue81f' data-av_iconfont='entypo-fontello' title=\"Resolu\u00e7\u00f5es\" desc=\"Resolu\u00e7\u00f5es\" ><\/a><h3 class='iconbox_content_title '  itemprop=\"headline\" ><a href='https:\/\/www.odonto.ufmg.br\/cpc\/documentos\/resolucoes\/' title='Resolu\u00e7\u00f5es' >Resolu\u00e7\u00f5es<\/a><\/h3><\/header><div class='iconbox_content_container '  itemprop=\"text\" ><p>Visualizar resolu\u00e7\u00f5es.<\/p>\n<\/div><\/div><footer class=\"entry-footer\"><\/footer><\/article><\/div>\n<style type=\"text\/css\" data-created_by=\"avia_inline_auto\" id=\"style-css-av-qd3p-687e134f929497b17571346496016987\">\n.flex_column.av-qd3p-687e134f929497b17571346496016987{\nborder-radius:0px 0px 0px 0px;\npadding:0px 0px 0px 0px;\n}\n<\/style>\n<div  class='flex_column av-qd3p-687e134f929497b17571346496016987 av_one_fourth  avia-builder-el-7  el_after_av_one_fourth  avia-builder-el-last  flex_column_div av-zero-column-padding  '     ><article  class='iconbox iconbox_top av-jvi37vod-fc245c1245bb78ebc1d0a174209f7ac0  avia-builder-el-8  avia-builder-el-no-sibling  main_color'  itemscope=\"itemscope\" itemtype=\"https:\/\/schema.org\/CreativeWork\" ><div class=\"iconbox_content\"><header class=\"entry-content-header\" aria-label=\"Icon: Atas\"><a href='https:\/\/www.odonto.ufmg.br\/cpc\/documentos\/atas\/' title='Atas' aria-label='Atas'  class='iconbox_icon heading-color avia-iconfont avia-font-entypo-fontello' data-av_icon='\ue84b' data-av_iconfont='entypo-fontello' title=\"Atas\" desc=\"Atas\" ><\/a><h3 class='iconbox_content_title '  itemprop=\"headline\" ><a href='https:\/\/www.odonto.ufmg.br\/cpc\/documentos\/atas\/' title='Atas' >Atas<\/a><\/h3><\/header><div class='iconbox_content_container '  itemprop=\"text\" ><p>Visualizar ATAS das reuni\u00f5es do departamento.<\/p>\n<\/div><\/div><footer class=\"entry-footer\"><\/footer><\/article><\/div><\/p>\n","protected":false},"excerpt":{"rendered":"","protected":false},"author":5,"featured_media":0,"parent":0,"menu_order":0,"comment_status":"closed","ping_status":"closed","template":"","meta":{"inline_featured_image":false,"footnotes":""},"class_list":["post-37","page","type-page","status-publish","hentry"],"yoast_head":"<!-- This site is optimized with the Yoast SEO plugin v27.3 - https:\/\/yoast.com\/product\/yoast-seo-wordpress\/ -->\n<title>Documentos - Departamento de Cl\u00ednica, Patologia e Cirurgia Odontol\u00f3gicas<\/title>\n<meta name=\"robots\" content=\"index, follow, max-snippet:-1, max-image-preview:large, max-video-preview:-1\" \/>\n<link rel=\"canonical\" href=\"https:\/\/www.odonto.ufmg.br\/cpc\/documentos\/\" \/>\n<meta property=\"og:locale\" content=\"pt_BR\" \/>\n<meta property=\"og:type\" content=\"article\" \/>\n<meta property=\"og:title\" content=\"Documentos - Departamento de Cl\u00ednica, Patologia e Cirurgia Odontol\u00f3gicas\" \/>\n<meta property=\"og:url\" content=\"https:\/\/www.odonto.ufmg.br\/cpc\/documentos\/\" \/>\n<meta property=\"og:site_name\" content=\"Departamento de Cl\u00ednica, Patologia e Cirurgia Odontol\u00f3gicas\" \/>\n<meta property=\"article:modified_time\" content=\"2019-05-10T13:15:13+00:00\" \/>\n<meta name=\"twitter:card\" content=\"summary_large_image\" \/>\n<meta name=\"twitter:label1\" content=\"Est. tempo de leitura\" \/>\n\t<meta name=\"twitter:data1\" content=\"4 minutos\" \/>\n<script type=\"application\/ld+json\" class=\"yoast-schema-graph\">{\"@context\":\"https:\\\/\\\/schema.org\",\"@graph\":[{\"@type\":\"WebPage\",\"@id\":\"https:\\\/\\\/www.odonto.ufmg.br\\\/cpc\\\/documentos\\\/\",\"url\":\"https:\\\/\\\/www.odonto.ufmg.br\\\/cpc\\\/documentos\\\/\",\"name\":\"Documentos - Departamento de Cl\u00ednica, Patologia e Cirurgia Odontol\u00f3gicas\",\"isPartOf\":{\"@id\":\"https:\\\/\\\/www.odonto.ufmg.br\\\/cpc\\\/#website\"},\"datePublished\":\"2018-01-26T18:42:10+00:00\",\"dateModified\":\"2019-05-10T13:15:13+00:00\",\"breadcrumb\":{\"@id\":\"https:\\\/\\\/www.odonto.ufmg.br\\\/cpc\\\/documentos\\\/#breadcrumb\"},\"inLanguage\":\"pt-BR\",\"potentialAction\":[{\"@type\":\"ReadAction\",\"target\":[\"https:\\\/\\\/www.odonto.ufmg.br\\\/cpc\\\/documentos\\\/\"]}]},{\"@type\":\"BreadcrumbList\",\"@id\":\"https:\\\/\\\/www.odonto.ufmg.br\\\/cpc\\\/documentos\\\/#breadcrumb\",\"itemListElement\":[{\"@type\":\"ListItem\",\"position\":1,\"name\":\"In\u00edcio\",\"item\":\"https:\\\/\\\/www.odonto.ufmg.br\\\/cpc\\\/\"},{\"@type\":\"ListItem\",\"position\":2,\"name\":\"Documentos\"}]},{\"@type\":\"WebSite\",\"@id\":\"https:\\\/\\\/www.odonto.ufmg.br\\\/cpc\\\/#website\",\"url\":\"https:\\\/\\\/www.odonto.ufmg.br\\\/cpc\\\/\",\"name\":\"Departamento de Cl\u00ednica, Patologia e Cirurgia Odontol\u00f3gicas\",\"description\":\"Faculdade de Odontologia - Universidade Federal de Minas Gerais\",\"potentialAction\":[{\"@type\":\"SearchAction\",\"target\":{\"@type\":\"EntryPoint\",\"urlTemplate\":\"https:\\\/\\\/www.odonto.ufmg.br\\\/cpc\\\/?s={search_term_string}\"},\"query-input\":{\"@type\":\"PropertyValueSpecification\",\"valueRequired\":true,\"valueName\":\"search_term_string\"}}],\"inLanguage\":\"pt-BR\"}]}<\/script>\n<!-- \/ Yoast SEO plugin. -->","yoast_head_json":{"title":"Documentos - Departamento de Cl\u00ednica, Patologia e Cirurgia Odontol\u00f3gicas","robots":{"index":"index","follow":"follow","max-snippet":"max-snippet:-1","max-image-preview":"max-image-preview:large","max-video-preview":"max-video-preview:-1"},"canonical":"https:\/\/www.odonto.ufmg.br\/cpc\/documentos\/","og_locale":"pt_BR","og_type":"article","og_title":"Documentos - Departamento de Cl\u00ednica, Patologia e Cirurgia Odontol\u00f3gicas","og_url":"https:\/\/www.odonto.ufmg.br\/cpc\/documentos\/","og_site_name":"Departamento de Cl\u00ednica, Patologia e Cirurgia Odontol\u00f3gicas","article_modified_time":"2019-05-10T13:15:13+00:00","twitter_card":"summary_large_image","twitter_misc":{"Est. tempo de leitura":"4 minutos"},"schema":{"@context":"https:\/\/schema.org","@graph":[{"@type":"WebPage","@id":"https:\/\/www.odonto.ufmg.br\/cpc\/documentos\/","url":"https:\/\/www.odonto.ufmg.br\/cpc\/documentos\/","name":"Documentos - Departamento de Cl\u00ednica, Patologia e Cirurgia Odontol\u00f3gicas","isPartOf":{"@id":"https:\/\/www.odonto.ufmg.br\/cpc\/#website"},"datePublished":"2018-01-26T18:42:10+00:00","dateModified":"2019-05-10T13:15:13+00:00","breadcrumb":{"@id":"https:\/\/www.odonto.ufmg.br\/cpc\/documentos\/#breadcrumb"},"inLanguage":"pt-BR","potentialAction":[{"@type":"ReadAction","target":["https:\/\/www.odonto.ufmg.br\/cpc\/documentos\/"]}]},{"@type":"BreadcrumbList","@id":"https:\/\/www.odonto.ufmg.br\/cpc\/documentos\/#breadcrumb","itemListElement":[{"@type":"ListItem","position":1,"name":"In\u00edcio","item":"https:\/\/www.odonto.ufmg.br\/cpc\/"},{"@type":"ListItem","position":2,"name":"Documentos"}]},{"@type":"WebSite","@id":"https:\/\/www.odonto.ufmg.br\/cpc\/#website","url":"https:\/\/www.odonto.ufmg.br\/cpc\/","name":"Departamento de Cl\u00ednica, Patologia e Cirurgia Odontol\u00f3gicas","description":"Faculdade de Odontologia - Universidade Federal de Minas Gerais","potentialAction":[{"@type":"SearchAction","target":{"@type":"EntryPoint","urlTemplate":"https:\/\/www.odonto.ufmg.br\/cpc\/?s={search_term_string}"},"query-input":{"@type":"PropertyValueSpecification","valueRequired":true,"valueName":"search_term_string"}}],"inLanguage":"pt-BR"}]}},"_links":{"self":[{"href":"https:\/\/www.odonto.ufmg.br\/cpc\/wp-json\/wp\/v2\/pages\/37","targetHints":{"allow":["GET"]}}],"collection":[{"href":"https:\/\/www.odonto.ufmg.br\/cpc\/wp-json\/wp\/v2\/pages"}],"about":[{"href":"https:\/\/www.odonto.ufmg.br\/cpc\/wp-json\/wp\/v2\/types\/page"}],"author":[{"embeddable":true,"href":"https:\/\/www.odonto.ufmg.br\/cpc\/wp-json\/wp\/v2\/users\/5"}],"replies":[{"embeddable":true,"href":"https:\/\/www.odonto.ufmg.br\/cpc\/wp-json\/wp\/v2\/comments?post=37"}],"version-history":[{"count":8,"href":"https:\/\/www.odonto.ufmg.br\/cpc\/wp-json\/wp\/v2\/pages\/37\/revisions"}],"predecessor-version":[{"id":323,"href":"https:\/\/www.odonto.ufmg.br\/cpc\/wp-json\/wp\/v2\/pages\/37\/revisions\/323"}],"wp:attachment":[{"href":"https:\/\/www.odonto.ufmg.br\/cpc\/wp-json\/wp\/v2\/media?parent=37"}],"curies":[{"name":"wp","href":"https:\/\/api.w.org\/{rel}","templated":true}]}}